{"id":29460,"date":"2025-09-07T11:03:44","date_gmt":"2025-09-07T03:03:44","guid":{"rendered":"https:\/\/www.eco-leather.com\/product\/1-2-mm-cream-white-thin-and-elastic-pu-microfiber-leather-for-football\/"},"modified":"2025-09-07T11:03:46","modified_gmt":"2025-09-07T03:03:46","slug":"1-2-mm-cream-white-thin-and-elastic-pu-microfiber-leather-for-football","status":"publish","type":"product","link":"https:\/\/www.eco-leather.com\/pl\/1-2-mm-cream-white-thin-and-elastic-pu-microfiber-leather-for-football\/","title":{"rendered":"1,2 mm kremowo-bia\u0142a, cienka i elastyczna sk\u00f3ra PU z mikrofibry do pi\u0142ki no\u017cnej"},"content":{"rendered":"<h2>Quality material application &#8211; Eco Car Leather Jacket, Automotive LeatherSeats Service Dog<\/h2>\n<p><main><\/p>\n<section id=\"product-overview\">\n<h2>Opis produktu<\/h2>\n<p>Szybki <strong>Italian Pu Microfiber Manufacturer<\/strong> Szczeg\u00f3\u0142y: Opis:<\/p>\n<p>Z <strong>Pude\u0142ka ze sztucznej sk\u00f3ry Chiny<\/strong> Dzi\u0119ki wielu zaletom, nic dziwnego, \u017ce nie\u0142atwy do odkszta\u0142cenia materia\u0142 PU z mikrofibry jest popularnym wyborem w\u015br\u00f3d producent\u00f3w sprz\u0119tu pi\u0142karskiego. Niezale\u017cnie od tego, czy jeste\u015b profesjonalnym sportowcem, czy po prostu lubisz gr\u0119 jako hobby, warto rozwa\u017cy\u0107 ten materia\u0142 przy nast\u0119pnym zakupie zwi\u0105zanym z pi\u0142k\u0105 no\u017cn\u0105.<\/p>\n<p>Wi\u0119c po co czeka\u0107 Wypr\u00f3buj nie\u0142atw\u0105 do odkszta\u0142cenia sk\u00f3r\u0119 z mikrofibry ju\u017c dzi\u015b i przekonaj si\u0119 o wszystkich jej zaletach!<\/p>\n<p>Wykonane z wysokiej jako\u015bci materia\u0142\u00f3w z mikrofibry, nasze r\u0119kawiczki Ultrasuede Microfiber Faux Leather 0,7 mm to idealny wyb\u00f3r na r\u0119kawiczki rowerowe. R\u00f3wnowa\u017cy elastyczno\u015b\u0107 i wytrzyma\u0142o\u015b\u0107, oferuj\u0105c wyj\u0105tkow\u0105 oddychalno\u015b\u0107 i w\u0142a\u015bciwo\u015bci odprowadzania wilgoci, aby d\u0142onie by\u0142y ch\u0142odne i suche podczas intensywnych przeja\u017cd\u017cek.<\/p>\n<p>Niezale\u017cnie od tego, czy jeste\u015b profesjonalnym rowerzyst\u0105, czy je\u017adzisz rekreacyjnie, materia\u0142 Microfiber Leather zapewnia niezr\u00f3wnany komfort i ochron\u0119. Jego wysoka odporno\u015b\u0107 na \u015bcieranie i rozdarcia zapewnia d\u0142ugotrwa\u0142\u0105 wydajno\u015b\u0107, a elegancki wygl\u0105d dodaje wyrafinowanego akcentu ka\u017cdemu zestawowi rowerowemu.<\/p>\n<\/section>\n<section id=\"specifications\">\n<h2>Parametry techniczne<\/h2>\n<ul class_=\"parameters-list\">\n<li><span class=\"param-name\">Specyfikacja:<\/span> <\/li>\n<\/ul>\n<p><img decoding=\"async\" alt=\"R\u0119kawiczki kolarskie z mikrofibry 0,7 mm Ultrasuede - specyfikacja materia\u0142owa\" class=\"product-image\" src=\"\/wp-content\/uploads\/2025\/08\/07mm-ultrasuede-microfiber-faux-leather-for-cycling-gloves--37881.jpg\"\/><\/p>\n<h3>Parametry produktu<\/h3>\n<ul class=\"parameters-list\">\n<li><span class=\"param-name\">Materia\u0142:<\/span> Mikrofibra + PU<\/li>\n<li><span class=\"param-name\">Kolor:<\/span> Czarny, szary, be\u017cowy (dost\u0119pne kolory niestandardowe)<\/li>\n<li><span class=\"param-name\">Grubo\u015b\u0107:<\/span> 0,6 mm, 0,7 mm, 0,8 mm, 1 mm<\/li>\n<li><span class=\"param-name\">Minimalna ilo\u015b\u0107 zam\u00f3wienia:<\/span> 300 metr\u00f3w bie\u017c\u0105cych<\/li>\n<li><span class=\"param-name\">D\u0142ugo\u015b\u0107 rolki:<\/span> 20-30 m\/rolka<\/li>\n<li><span class=\"param-name\">Czas dostawy:<\/span> 15-20 dni<\/li>\n<li><span class=\"param-name\">Szeroko\u015b\u0107:<\/span> 54\u2033, 137 cm<\/li>\n<li><span class=\"param-name\">Zdolno\u015b\u0107 produkcyjna:<\/span> 1 000 000 metr\u00f3w miesi\u0119cznie<\/li>\n<\/ul>\n<\/section>\n<section id=\"features\">\n<h2>Cechy produktu<\/h2>\n<div class=\"feature-item\">\n<img decoding=\"async\" alt=\"NotWaterproof Leather Material ServiceEasy To Deform PU Material Microfiber Leather is an excellent choice for football applications\" class=\"feature-image left\" src=\"\/wp-content\/uploads\/2025\/08\/12-mm-cream-white-thin-and-elastic-pu-microfiber-leather-for-football-34925.png\"\/><\/p>\n<h3>Nie <strong>Obs\u0142uga wodoodpornych materia\u0142\u00f3w sk\u00f3rzanych<\/strong> \u0141atwy do odkszta\u0142cenia materia\u0142 PU - sk\u00f3ra z mikrofibry - to doskona\u0142y wyb\u00f3r do zastosowa\u0144 pi\u0142karskich.<\/h3>\n<p>Nie <strong>Obs\u0142uga wodoodpornych materia\u0142\u00f3w sk\u00f3rzanych<\/strong> \u0141atwy do odkszta\u0142cenia materia\u0142 PU Sk\u00f3ra z mikrofibry to doskona\u0142y wyb\u00f3r do zastosowa\u0144 pi\u0142karskich. Materia\u0142 ten zapewnia po\u0142\u0105czenie trwa\u0142o\u015bci, wygody i stylu, kt\u00f3re trudno znale\u017a\u0107 w innych materia\u0142ach.<\/p>\n<div class=\"clear\"><\/div>\n<\/div>\n<div class=\"feature-item\">\n<img decoding=\"async\" alt=\"Jest wysoce odporny na zu\u017cycie, dzi\u0119ki czemu idealnie nadaje si\u0119 do u\u017cytku w sytuacjach wysokiego stresu, takich jak te wyst\u0119puj\u0105ce podczas mecz\u00f3w pi\u0142ki no\u017cnej\" class=\"feature-image left\" src=\"\/wp-content\/uploads\/2025\/08\/12-mm-cream-white-thin-and-elastic-pu-microfiber-leather-for-football-34926.png\"\/><\/p>\n<h3>Jest wysoce odporny na zu\u017cycie, dzi\u0119ki czemu idealnie nadaje si\u0119 do u\u017cytku w sytuacjach wysokiego stresu, takich jak te wyst\u0119puj\u0105ce podczas mecz\u00f3w pi\u0142ki no\u017cnej<\/h3>\n<p>Jest wysoce odporny na zu\u017cycie, dzi\u0119ki czemu idealnie nadaje si\u0119 do u\u017cytku w sytuacjach wysokiego stresu, takich jak te wyst\u0119puj\u0105ce podczas mecz\u00f3w pi\u0142ki no\u017cnej. Dodatkowo, <strong>Wodoodporny spray do sk\u00f3ry zamszowej<\/strong> Zosta\u0142 zaprojektowany tak, aby by\u0142 oddychaj\u0105cy i odprowadza\u0142 wilgo\u0107, co pomaga utrzyma\u0107 ch\u0142\u00f3d i sucho\u015b\u0107 podczas intensywnej aktywno\u015bci fizycznej.<\/p>\n<div class=\"clear\"><\/div>\n<\/div>\n<div class=\"feature-item\">\n<h3>Nie\u0142atwy do odkszta\u0142cenia Odnosi si\u0119 do jego zdolno\u015bci do zachowania oryginalnego kszta\u0142tu i struktury podczas u\u017cytkowania<\/h3>\n<p>Nie\u0142atwa do odkszta\u0142cenia Odnosi si\u0119 do jej zdolno\u015bci do zachowania oryginalnego kszta\u0142tu i struktury podczas u\u017cytkowania. Sk\u00f3ra mo\u017ce by\u0107 poddana specjalnej obr\u00f3bce, aby nada\u0107 jej pewien stopie\u0144 elastyczno\u015bci i stabilno\u015bci, dzi\u0119ki czemu nie jest \u0142atwo odkszta\u0142ca\u0107 si\u0119 lub zapada\u0107 pod wp\u0142ywem zewn\u0119trznego nacisku lub rozci\u0105gania.<\/p>\n<div class=\"clear\"><\/div>\n<\/div>\n<div class=\"feature-item\">\n<h3>To <strong>Wodoodporna sztuczna sk\u00f3ra na zam\u00f3wienie<\/strong> w\u0142a\u015bciwo\u015b\u0107 ta sprawia, \u017ce wykonane z niego produkty pozostaj\u0105 nienaruszone i pi\u0119kne przez d\u0142ugi czas<\/h3>\n<p>To <strong>Wodoodporna sztuczna sk\u00f3ra na zam\u00f3wienie<\/strong> W\u0142a\u015bciwo\u015b\u0107 ta sprawia, \u017ce wykonane z niej produkty pozostaj\u0105 nienaruszone i pi\u0119kne przez d\u0142ugi czas. Wytrzyma\u0142o\u015b\u0107 Dzi\u0119ki niej produkty sk\u00f3rzane mog\u0105 wytrzyma\u0107 d\u0142ugie okresy u\u017cytkowania i codzienne zu\u017cycie bez nadmiernych uszkodze\u0144 lub zu\u017cycia.<\/p>\n<div class=\"clear\"><\/div>\n<\/div>\n<div class=\"feature-item\">\n<h3>Ta w\u0142a\u015bciwo\u015b\u0107 sprawia, \u017ce produkty sk\u00f3rzane s\u0105 wysokiej jako\u015bci, trwa\u0142e i warte inwestycji, szczeg\u00f3lnie w obszarach takich jak buty, torby i meble<\/h3>\n<p>Ta w\u0142a\u015bciwo\u015b\u0107 sprawia, \u017ce produkty sk\u00f3rzane s\u0105 wysokiej jako\u015bci, trwa\u0142e i warte inwestycji, szczeg\u00f3lnie w obszarach takich jak buty, torby i meble. Odporno\u015b\u0107 na starzenie Oznacza to, \u017ce sk\u00f3ra jest w stanie zachowa\u0107 swoj\u0105 tekstur\u0119 i wygl\u0105d podczas d\u0142ugotrwa\u0142ego u\u017cytkowania i przechowywania oraz nie jest podatna na twardnienie, p\u0119kanie, blakni\u0119cie kolor\u00f3w i inne zjawiska.<\/p>\n<div class=\"clear\"><\/div>\n<\/div>\n<div class=\"feature-item\">\n<h3>Ta cecha sprawia, \u017ce produkty sk\u00f3rzane s\u0105 trwa\u0142e, cz\u0119sto wykorzystywane w produkcji wysokiej klasy wyrob\u00f3w sk\u00f3rzanych, mebli i innych produkt\u00f3w, a tak\u017ce mog\u0105 zachowa\u0107 dobry wygl\u0105d i jako\u015b\u0107<\/h3>\n<p>Ta cecha sprawia, \u017ce produkty sk\u00f3rzane s\u0105 trwa\u0142e, cz\u0119sto wykorzystywane w produkcji wysokiej klasy wyrob\u00f3w sk\u00f3rzanych, mebli i innych produkt\u00f3w oraz mog\u0105 zachowa\u0107 dobry wygl\u0105d i jako\u015b\u0107.<\/p>\n<div class=\"clear\"><\/div>\n<\/div>\n<div class=\"feature-item\">\n<img decoding=\"async\" alt=\"Wysoka wytrzyma\u0142o\u015b\u0107 na rozdarcie - sztuczna sk\u00f3ra Ultrasuede z mikrofibry do r\u0119kawiczek rowerowych\" class=\"feature-image left\" src=\"\/wp-content\/uploads\/2025\/08\/07mm-ultrasuede-microfiber-faux-leather-for-cycling-gloves--37882.jpg\"\/><\/p>\n<h3>Wysoka wytrzyma\u0142o\u015b\u0107 na rozerwanie<\/h3>\n<p>Nasza sk\u00f3ra z mikrofibry Ultrasuede charakteryzuje si\u0119 wyj\u0105tkow\u0105 odporno\u015bci\u0105 na rozdarcia, dzi\u0119ki czemu nie p\u0119ka ani nie odkszta\u0142ca si\u0119 \u0142atwo pod wp\u0142ywem napr\u0119\u017ce\u0144. Dzi\u0119ki temu idealnie nadaje si\u0119 do produkt\u00f3w wymagaj\u0105cych trwa\u0142o\u015bci i d\u0142ugotrwa\u0142ej wydajno\u015bci.<\/p>\n<div class=\"clear\"><\/div>\n<\/div>\n<div class=\"feature-item\">\n<img decoding=\"async\" alt=\"Zachowanie kszta\u0142tu - Ultrasuede, mikrofibra, sztuczna sk\u00f3ra dla r\u0119kawiczek kolarskich\" class=\"feature-image right\" src=\"\/wp-content\/uploads\/2025\/08\/07mm-ultrasuede-microfiber-faux-leather-for-cycling-gloves--37883.jpg\"\/><\/p>\n<h3>Nie\u0142atwe do odkszta\u0142cenia<\/h3>\n<p>Poddany specjalnej obr\u00f3bce w celu zachowania oryginalnego kszta\u0142tu, materia\u0142 ten oferuje doskona\u0142\u0105 elastyczno\u015b\u0107 i stabilno\u015b\u0107. Jest odporny na odkszta\u0142cenia spowodowane naciskiem zewn\u0119trznym lub rozci\u0105ganiem, dzi\u0119ki czemu produkty pozostaj\u0105 nienaruszone i atrakcyjne przez d\u0142ugi czas.<\/p>\n<div class=\"clear\"><\/div>\n<\/div>\n<div class=\"feature-item\">\n<img decoding=\"async\" alt=\"Wytrzyma\u0142o\u015b\u0107 - r\u0119kawiczki kolarskie z mikrofibry i sztucznej sk\u00f3ry Ultrasuede\" class=\"feature-image left\" src=\"\/wp-content\/uploads\/2025\/08\/07mm-ultrasuede-microfiber-faux-leather-for-cycling-gloves--37884.jpg\"\/><\/p>\n<h3>Trwa\u0142o\u015b\u0107<\/h3>\n<p>Niezwykle odporny na \u015bcieranie, rozdarcia i przebicia materia\u0142 sprawia, \u017ce r\u0119kawice pozostaj\u0105 w doskona\u0142ym stanie nawet przy d\u0142ugotrwa\u0142ym u\u017cytkowaniu. Zachowuje r\u00f3wnie\u017c doskona\u0142\u0105 zr\u0119czno\u015b\u0107 i wytrzyma\u0142o\u015b\u0107 wysokiej jako\u015bci wyrob\u00f3w sk\u00f3rzanych.<\/p>\n<div class=\"clear\"><\/div>\n<\/div>\n<\/section>\n<section id=\"usage\">\n<h2>U\u017cycie i zastosowania<\/h2>\n<p><img decoding=\"async\" _src=\"\/wp-content\/uploads\/2025\/08\/12-mm-cream-white-thin-and-elastic-pu-microfiber-leather-for-football-34924.png\" alt=\"Quality material application - Eco Car Leather Jacket, Automotive LeatherSeats Service Dog\" src=\"\/wp-content\/uploads\/2025\/08\/12-mm-cream-white-thin-and-elastic-pu-microfiber-leather-for-football-34924.png\"\/><\/p>\n<div class=\"usage-point\">\n<h3>Zastosowania: <strong>Torby sk\u00f3rzane z drugiej r\u0119ki<\/strong> Kolejn\u0105 zalet\u0105 nie\u0142atwego do odkszta\u0142cenia materia\u0142u PU z mikrofibry jest jego odporno\u015b\u0107 na odkszta\u0142cenia<\/h3>\n<p>Zastosowania: <strong>Torby sk\u00f3rzane z drugiej r\u0119ki<\/strong> Kolejn\u0105 zalet\u0105 nie\u0142atwego do odkszta\u0142cenia materia\u0142u PU z mikrofibry jest jego odporno\u015b\u0107 na odkszta\u0142cenia. Oznacza to, \u017ce mo\u017ce zachowa\u0107 sw\u00f3j kszta\u0142t nawet pod du\u017cym naciskiem, dzi\u0119ki czemu idealnie nadaje si\u0119 do pokrywania pi\u0142ek no\u017cnych.<\/p>\n<\/div>\n<div class=\"usage-point\">\n<h3>Gracze mog\u0105 liczy\u0107 na to, \u017ce materia\u0142 ten zapewni sp\u00f3jne czucie i odbicie podczas trening\u00f3w i gier, co mo\u017ce pom\u00f3c poprawi\u0107 ich wyniki na boisku<\/h3>\n<p>Gracze mog\u0105 liczy\u0107 na to, \u017ce materia\u0142 ten zapewni sp\u00f3jne czucie i odbicie podczas trening\u00f3w i gier, co mo\u017ce pom\u00f3c poprawi\u0107 ich wyniki na boisku.<\/p>\n<\/div>\n<div class=\"usage-point\">\n<h3>Wygodne i oddychaj\u0105ce<\/h3>\n<p>Mi\u0119kki, wygodny i wysoce oddychaj\u0105cy materia\u0142 jest idealny do r\u0119kawiczek rowerowych i innych produkt\u00f3w noszonych przez d\u0142u\u017cszy czas. Utrzymuje d\u0142onie w ch\u0142odzie i sucho\u015bci podczas intensywnych aktywno\u015bci.<\/p>\n<\/div>\n<div class=\"usage-point\">\n<h3>Przyjazny dla \u015brodowiska i zr\u00f3wnowa\u017cony<\/h3>\n<p>Nasza sztuczna sk\u00f3ra z mikrofibry Ultrasuede obejmuje opcje przyjazne dla \u015brodowiska, takie jak warianty wykonane z przetworzonego PET i materia\u0142\u00f3w ro\u015blinnych, zmniejszaj\u0105c wp\u0142yw na \u015brodowisko, oferuj\u0105c jednocze\u015bnie r\u00f3\u017cnorodne tekstury.<\/p>\n<\/div>\n<div class=\"usage-point\">\n<h3>Ochrona antybakteryjna i przeciwpy\u0142owa<\/h3>\n<p>Wybrane warianty charakteryzuj\u0105 si\u0119 w\u0142a\u015bciwo\u015bciami antybakteryjnymi i py\u0142oszczelnymi, spe\u0142niaj\u0105c wysokie standardy higieny idealne dla r\u0119kawic wymagaj\u0105cych \u015bcis\u0142ej kontroli jako\u015bci i bezpiecze\u0144stwa.<\/p>\n<\/div>\n<div class=\"usage-point\">\n<h3>R\u00f3\u017cnorodne scenariusze zastosowa\u0144<\/h3>\n<p>Opr\u00f3cz r\u0119kawiczek rowerowych, nadaje si\u0119 do r\u0119kawiczek z palcami, r\u0119kawic ochronnych i r\u00f3\u017cnych innych rodzaj\u00f3w r\u0119kawic, a tak\u017ce obuwia, odzie\u017cy i akcesori\u00f3w.<\/p>\n<\/div>\n<p><img decoding=\"async\" alt=\"Zastosowania sztucznej sk\u00f3ry z mikrofibry Ultrasuede 0,7 mm w r\u00f3\u017cnych produktach\" class=\"product-image\" src=\"\/wp-content\/uploads\/2025\/08\/07mm-ultrasuede-microfiber-faux-leather-for-cycling-gloves--37885.jpg\"\/><br \/>\n<img decoding=\"async\" alt=\"R\u0119kawiczki kolarskie wykonane z mikrofibry Ultrasuede - przyk\u0142ad produktu\" class=\"product-image\" src=\"\/wp-content\/uploads\/2025\/08\/07mm-ultrasuede-microfiber-faux-leather-for-cycling-gloves--37886.jpg\"\/><br \/>\n<\/section>\n<p><\/main><\/p>\n<section id=\"inquiry\">\n<h2 style=\"text-align: center;\">Z powa\u017caniem czekam na Twoje zapytanie!<\/h2>\n<p style=\"text-align: center;\">Skontaktuj si\u0119 z nami ju\u017c dzi\u015b, aby dowiedzie\u0107 si\u0119 wi\u0119cej o naszych produktach i z\u0142o\u017cy\u0107 zam\u00f3wienie.<\/p>\n<\/section>\n\n    <div class=\"xs_social_share_widget xs_share_url after_content \t\tmain_content  wslu-style-1 wslu-share-box-shaped wslu-fill-colored wslu-none wslu-share-horizontal wslu-theme-font-no wslu-main_content\">\n\n\t\t\n        <ul>\n\t\t\t        <\/ul>\n    <\/div>","protected":false},"excerpt":{"rendered":"<div class=\"product-short-description\">Balls Leather 1.2 mm Cream White Thin And Elastic PU Microfiber Leather for Football WINIW 1.2 mm Cream White Thin And Elastic PU Microfiber Leather for Football Key features include.Ideal for those seeking quality and reliability.<\/p>\n<p>Jako bezpo\u015brednia fabryka, producent i hurtownik mo\u017cemy \u015bci\u015ble kontrolowa\u0107 proces produkcji, aby zapewni\u0107 jako\u015b\u0107 produktu, zapewniaj\u0105c jednocze\u015bnie najkorzystniejsze ceny. Dysponujemy zaawansowanym sprz\u0119tem produkcyjnym i profesjonalnym zespo\u0142em technicznym, aby sprosta\u0107 potrzebom zam\u00f3wie\u0144 na du\u017c\u0105 skal\u0119 i zapewni\u0107 terminow\u0105 dostaw\u0119.<\/p>\n<\/div>","protected":false},"featured_media":4697,"template":"","meta":[],"product_brand":[],"product_cat":[271],"product_tag":[],"class_list":{"0":"post-29460","1":"product","2":"type-product","3":"status-publish","4":"has-post-thumbnail","6":"product_cat-balls-leather","8":"first","9":"instock","10":"product-type-simple"},"_links":{"self":[{"href":"https:\/\/www.eco-leather.com\/pl\/wp-json\/wp\/v2\/product\/29460","targetHints":{"allow":["GET"]}}],"collection":[{"href":"https:\/\/www.eco-leather.com\/pl\/wp-json\/wp\/v2\/product"}],"about":[{"href":"https:\/\/www.eco-leather.com\/pl\/wp-json\/wp\/v2\/types\/product"}],"wp:featuredmedia":[{"embeddable":true,"href":"https:\/\/www.eco-leather.com\/pl\/wp-json\/wp\/v2\/media\/4697"}],"wp:attachment":[{"href":"https:\/\/www.eco-leather.com\/pl\/wp-json\/wp\/v2\/media?parent=29460"}],"wp:term":[{"taxonomy":"product_brand","embeddable":true,"href":"https:\/\/www.eco-leather.com\/pl\/wp-json\/wp\/v2\/product_brand?post=29460"},{"taxonomy":"product_cat","embeddable":true,"href":"https:\/\/www.eco-leather.com\/pl\/wp-json\/wp\/v2\/product_cat?post=29460"},{"taxonomy":"product_tag","embeddable":true,"href":"https:\/\/www.eco-leather.com\/pl\/wp-json\/wp\/v2\/product_tag?post=29460"}],"curies":[{"name":"wp","href":"https:\/\/api.w.org\/{rel}","templated":true}]}}