{"id":29235,"date":"2025-09-07T11:01:38","date_gmt":"2025-09-07T03:01:38","guid":{"rendered":"https:\/\/www.eco-leather.com\/product\/blue-microfiber-artificial-micro-suede-leather-fabric-for-display-stands\/"},"modified":"2025-09-07T11:01:43","modified_gmt":"2025-09-07T03:01:43","slug":"niebieska-tkanina-z-mikrofibry-ze-sztucznej-skory-zamszowej-do-stojakow-ekspozycyjnych","status":"publish","type":"product","link":"https:\/\/www.eco-leather.com\/pl\/niebieska-tkanina-z-mikrofibry-ze-sztucznej-skory-zamszowej-do-stojakow-ekspozycyjnych\/","title":{"rendered":"Niebieska sztuczna sk\u00f3ra zamszowa z mikrofibry do stojak\u00f3w ekspozycyjnych"},"content":{"rendered":"<h2>Niebieska sztuczna sk\u00f3ra zamszowa z mikrofibry do stojak\u00f3w ekspozycyjnych szczeg\u00f3\u0142y<\/h2>\n<p><main><\/p>\n<section id=\"product-overview\">\n<h2>Opis produktu<\/h2>\n<p>Produkt <strong>Sofa segmentowa z mikrozamszu<\/strong> Wprowadzenie<\/p>\n<p>Materia\u0142: <strong>Sprzedawcy tkanin na torby<\/strong> Sk\u00f3ra zamszowa z mikrofibry<\/p>\n<p>Wykonane z wysokiej jako\u015bci materia\u0142\u00f3w z mikrofibry, nasze r\u0119kawiczki Ultrasuede Microfiber Faux Leather 0,7 mm to idealny wyb\u00f3r na r\u0119kawiczki rowerowe. R\u00f3wnowa\u017cy elastyczno\u015b\u0107 i wytrzyma\u0142o\u015b\u0107, oferuj\u0105c wyj\u0105tkow\u0105 oddychalno\u015b\u0107 i w\u0142a\u015bciwo\u015bci odprowadzania wilgoci, aby d\u0142onie by\u0142y ch\u0142odne i suche podczas intensywnych przeja\u017cd\u017cek.<\/p>\n<p>Niezale\u017cnie od tego, czy jeste\u015b profesjonalnym rowerzyst\u0105, czy je\u017adzisz rekreacyjnie, materia\u0142 Microfiber Leather zapewnia niezr\u00f3wnany komfort i ochron\u0119. Jego wysoka odporno\u015b\u0107 na \u015bcieranie i rozdarcia zapewnia d\u0142ugotrwa\u0142\u0105 wydajno\u015b\u0107, a elegancki wygl\u0105d dodaje wyrafinowanego akcentu ka\u017cdemu zestawowi rowerowemu.<\/p>\n<\/section>\n<section id=\"specifications\">\n<h2>Parametry techniczne<\/h2>\n<ul class_=\"parameters-list\">\n<li><span class=\"param-name\">Lekki <strong>Sk\u00f3ra odzie\u017cowa Importowane<\/strong> Mi\u0119kka i \u0142atwa w obr\u00f3bce:<\/span> Sk\u00f3ra zamszowa z mikrofibry jest nie tylko lekka i mi\u0119kka, ale ma tak\u017ce dobre w\u0142a\u015bciwo\u015bci konstrukcyjne i przetw\u00f3rcze. Jest to <strong>Motoryzacja Fotele sk\u00f3rzane Pies s\u0142u\u017cbowy<\/strong> \u0141atwe do ci\u0119cia, szycia i kszta\u0142towania, co u\u0142atwia projektantom tworzenie r\u00f3\u017cnorodnych pude\u0142ek na bi\u017cuteri\u0119.<\/li>\n<li><span class=\"param-name\">Produkt <strong>Kurtka ze sk\u00f3ry ekologicznej<\/strong> Specyfikacja Materia\u0142:<\/span> Sk\u0142ad sk\u00f3ry zamszowej z mikrofibry: 55 Nylon + 45% Poliuretan Nazwa marki WINIW Fabryka hurtowych producent\u00f3w sk\u00f3ry silikonowej Grubo\u015b\u0107: 0,4 mm, 0,5 mm, 0,6 mm, niestandardowa Szeroko\u015b\u0107: 54 \u2033, 137 cm Kolor: bia\u0142y, czerwony, niebieski, zielony, be\u017cowy, niestandardowe kolory MOQ: 300 metr\u00f3w liniowych Czas realizacji: 1 0 -20 dni Zdolno\u015b\u0107 produkcyjna: 1 000 000 metr\u00f3w miesi\u0119cznie Cecha Anti-Mildew, odporna na zarysowania, bardzo trwa\u0142a Miejsce pochodzenia Chiny Dostosowane Tak Zastosowanie Pude\u0142ko na bi\u017cuteri\u0119, stojaki na wy\u015bwietlacz, etui na telefon, pude\u0142ko na zegarek Materia\u0142: Zamsz z mikrofibry Sk\u0142ad sk\u00f3ry: 55 Nylon + 45% Poliuretan Nazwa marki WINIW Fabryka hurtowych producent\u00f3w sk\u00f3ry silikonowej Grubo\u015b\u0107: 0,4 mm, 0,5 mm, 0,6 mm, niestandardowa Szeroko\u015b\u0107: 54 \u2033, 137 cm Kolor: bia\u0142y, czerwony, niebieski, zielony, be\u017cowy, niestandardowe kolory MOQ: 300 metr\u00f3w liniowych Czas realizacji: 1 0 -20 dni Zdolno\u015b\u0107 produkcyjna: 1 000 000 metr\u00f3w miesi\u0119cznie Funkcja Anti-Mildew, odporna na zarysowania, bardzo trwa\u0142a Miejsce pochodzenia Chiny Dostosowane Tak Zastosowanie Pude\u0142ko na bi\u017cuteri\u0119, stojaki na wy\u015bwietlacze, etui na telefon, pude\u0142ko na zegarki<\/li>\n<\/ul>\n<p><img decoding=\"async\" alt=\"R\u0119kawiczki kolarskie z mikrofibry 0,7 mm Ultrasuede - specyfikacja materia\u0142owa\" class=\"product-image\" src=\"\/wp-content\/uploads\/2025\/08\/07mm-ultrasuede-microfiber-faux-leather-for-cycling-gloves--37881.jpg\"\/><\/p>\n<h3>Parametry produktu<\/h3>\n<ul class=\"parameters-list\">\n<li><span class=\"param-name\">Materia\u0142:<\/span> Mikrofibra + PU<\/li>\n<li><span class=\"param-name\">Kolor:<\/span> Czarny, szary, be\u017cowy (dost\u0119pne kolory niestandardowe)<\/li>\n<li><span class=\"param-name\">Grubo\u015b\u0107:<\/span> 0,6 mm, 0,7 mm, 0,8 mm, 1 mm<\/li>\n<li><span class=\"param-name\">Minimalna ilo\u015b\u0107 zam\u00f3wienia:<\/span> 300 metr\u00f3w bie\u017c\u0105cych<\/li>\n<li><span class=\"param-name\">D\u0142ugo\u015b\u0107 rolki:<\/span> 20-30 m\/rolka<\/li>\n<li><span class=\"param-name\">Czas dostawy:<\/span> 15-20 dni<\/li>\n<li><span class=\"param-name\">Szeroko\u015b\u0107:<\/span> 54\u2033, 137 cm<\/li>\n<li><span class=\"param-name\">Zdolno\u015b\u0107 produkcyjna:<\/span> 1 000 000 metr\u00f3w miesi\u0119cznie<\/li>\n<\/ul>\n<\/section>\n<section id=\"features\">\n<h2>Cechy produktu<\/h2>\n<div class=\"feature-item\">\n<img decoding=\"async\" alt=\"MikrofibraWodoodporna sztuczna sk\u00f3ra zamszowa zosta\u0142a poddana specjalnej obr\u00f3bce, aby zapewni\u0107 doskona\u0142\u0105 odporno\u015b\u0107 na \u015bcieranie i trwa\u0142o\u015b\u0107\" class=\"feature-image left\" src=\"\/wp-content\/uploads\/2025\/08\/blue-microfiber-artificial-micro-suede-leather-fabric-for-display-stands836-32209.jpg\"\/><\/p>\n<h3>Mikrofibra <strong>Wodoodporny Faux Leatherman<\/strong> Sk\u00f3ra zamszowa zosta\u0142a poddana specjalnej obr\u00f3bce, aby zapewni\u0107 doskona\u0142\u0105 odporno\u015b\u0107 na \u015bcieranie i trwa\u0142o\u015b\u0107.<\/h3>\n<p>Mikrofibra <strong>Wodoodporny Faux Leatherman<\/strong> Sk\u00f3ra zamszowa zosta\u0142a poddana specjalnej obr\u00f3bce, aby zapewni\u0107 doskona\u0142\u0105 odporno\u015b\u0107 na \u015bcieranie i trwa\u0142o\u015b\u0107. Jest odporna na tarcie i zu\u017cycie w codziennym u\u017cytkowaniu i zachowuje sw\u00f3j nowy wygl\u0105d nawet po d\u0142ugim okresie u\u017cytkowania.<\/p>\n<div class=\"clear\"><\/div>\n<\/div>\n<div class=\"feature-item\">\n<img decoding=\"async\" alt=\"Oznacza to, \u017ce szkatu\u0142ka z bi\u017cuteri\u0105 b\u0119dzie mog\u0142a towarzyszy\u0107 ci w niezliczonych cennych chwilach i by\u0107 \u015bwiadkiem ka\u017cdego blasku twojej bi\u017cuterii\" class=\"feature-image left\" src=\"\/wp-content\/uploads\/2025\/08\/blue-microfiber-artificial-micro-suede-leather-fabric-for-display-stands836-32210.jpg\"\/><\/p>\n<h3>Oznacza to, \u017ce szkatu\u0142ka z bi\u017cuteri\u0105 b\u0119dzie mog\u0142a towarzyszy\u0107 ci w niezliczonych cennych chwilach i by\u0107 \u015bwiadkiem ka\u017cdego blasku twojej bi\u017cuterii<\/h3>\n<p>Oznacza to, \u017ce szkatu\u0142ka z bi\u017cuteri\u0105 b\u0119dzie mog\u0142a towarzyszy\u0107 Ci w niezliczonych cennych chwilach i by\u0107 \u015bwiadkiem ka\u017cdego blasku Twojej bi\u017cuterii.<\/p>\n<div class=\"clear\"><\/div>\n<\/div>\n<div class=\"feature-item\">\n<img decoding=\"async\" alt=\"Wysoka wytrzyma\u0142o\u015b\u0107 na rozdarcie - sztuczna sk\u00f3ra Ultrasuede z mikrofibry do r\u0119kawiczek rowerowych\" class=\"feature-image left\" src=\"\/wp-content\/uploads\/2025\/08\/07mm-ultrasuede-microfiber-faux-leather-for-cycling-gloves--37882.jpg\"\/><\/p>\n<h3>Wysoka wytrzyma\u0142o\u015b\u0107 na rozerwanie<\/h3>\n<p>Nasza sk\u00f3ra z mikrofibry Ultrasuede charakteryzuje si\u0119 wyj\u0105tkow\u0105 odporno\u015bci\u0105 na rozdarcia, dzi\u0119ki czemu nie p\u0119ka ani nie odkszta\u0142ca si\u0119 \u0142atwo pod wp\u0142ywem napr\u0119\u017ce\u0144. Dzi\u0119ki temu idealnie nadaje si\u0119 do produkt\u00f3w wymagaj\u0105cych trwa\u0142o\u015bci i d\u0142ugotrwa\u0142ej wydajno\u015bci.<\/p>\n<div class=\"clear\"><\/div>\n<\/div>\n<div class=\"feature-item\">\n<img decoding=\"async\" alt=\"Zachowanie kszta\u0142tu - Ultrasuede, mikrofibra, sztuczna sk\u00f3ra dla r\u0119kawiczek kolarskich\" class=\"feature-image right\" src=\"\/wp-content\/uploads\/2025\/08\/07mm-ultrasuede-microfiber-faux-leather-for-cycling-gloves--37883.jpg\"\/><\/p>\n<h3>Nie\u0142atwe do odkszta\u0142cenia<\/h3>\n<p>Poddany specjalnej obr\u00f3bce w celu zachowania oryginalnego kszta\u0142tu, materia\u0142 ten oferuje doskona\u0142\u0105 elastyczno\u015b\u0107 i stabilno\u015b\u0107. Jest odporny na odkszta\u0142cenia spowodowane naciskiem zewn\u0119trznym lub rozci\u0105ganiem, dzi\u0119ki czemu produkty pozostaj\u0105 nienaruszone i atrakcyjne przez d\u0142ugi czas.<\/p>\n<div class=\"clear\"><\/div>\n<\/div>\n<div class=\"feature-item\">\n<img decoding=\"async\" alt=\"Wytrzyma\u0142o\u015b\u0107 - r\u0119kawiczki kolarskie z mikrofibry i sztucznej sk\u00f3ry Ultrasuede\" class=\"feature-image left\" src=\"\/wp-content\/uploads\/2025\/08\/07mm-ultrasuede-microfiber-faux-leather-for-cycling-gloves--37884.jpg\"\/><\/p>\n<h3>Trwa\u0142o\u015b\u0107<\/h3>\n<p>Niezwykle odporny na \u015bcieranie, rozdarcia i przebicia materia\u0142 sprawia, \u017ce r\u0119kawice pozostaj\u0105 w doskona\u0142ym stanie nawet przy d\u0142ugotrwa\u0142ym u\u017cytkowaniu. Zachowuje r\u00f3wnie\u017c doskona\u0142\u0105 zr\u0119czno\u015b\u0107 i wytrzyma\u0142o\u015b\u0107 wysokiej jako\u015bci wyrob\u00f3w sk\u00f3rzanych.<\/p>\n<div class=\"clear\"><\/div>\n<\/div>\n<\/section>\n<p><\/main><\/p>\n<section id=\"inquiry\">\n<h2 style=\"text-align: center;\">Z powa\u017caniem czekam na Twoje zapytanie!<\/h2>\n<p style=\"text-align: center;\">Skontaktuj si\u0119 z nami ju\u017c dzi\u015b, aby dowiedzie\u0107 si\u0119 wi\u0119cej o naszych produktach i z\u0142o\u017cy\u0107 zam\u00f3wienie.<\/p>\n<\/section>\n\n    <div class=\"xs_social_share_widget xs_share_url after_content \t\tmain_content  wslu-style-1 wslu-share-box-shaped wslu-fill-colored wslu-none wslu-share-horizontal wslu-theme-font-no wslu-main_content\">\n\n\t\t\n        <ul>\n\t\t\t        <\/ul>\n    <\/div>","protected":false},"excerpt":{"rendered":"<div class=\"product-short-description\">Microsuede for Jewelry Display Blue Sztuczna tkanina z mikrofibry ze sztucznym zamszem do stojak\u00f3w ekspozycyjnych WINIW Niebieska sztuczna tkanina z mikrofibry ze sztucznym zamszem do stojak\u00f3w ekspozycyjnych Kluczowe cechy obejmuj\u0105: Idealny dla os\u00f3b poszukuj\u0105cych jako\u015bci i niezawodno\u015bci.<\/p>\n<p>Jako bezpo\u015brednia fabryka, producent i hurtownik mo\u017cemy \u015bci\u015ble kontrolowa\u0107 proces produkcji, aby zapewni\u0107 jako\u015b\u0107 produktu, zapewniaj\u0105c jednocze\u015bnie najkorzystniejsze ceny. Dysponujemy zaawansowanym sprz\u0119tem produkcyjnym i profesjonalnym zespo\u0142em technicznym, aby sprosta\u0107 potrzebom zam\u00f3wie\u0144 na du\u017c\u0105 skal\u0119 i zapewni\u0107 terminow\u0105 dostaw\u0119.<\/p>\n<\/div>","protected":false},"featured_media":5280,"template":"","meta":[],"product_brand":[],"product_cat":[294],"product_tag":[19064],"class_list":{"0":"post-29235","1":"product","2":"type-product","3":"status-publish","4":"has-post-thumbnail","6":"product_cat-microsuede-for-jewelry-display","7":"product_tag-leather-fabric-nzleather-fabric-renderingleather-fabric-saleleather-fabric-supplierleather-fabric-torontoleather-fabric-uk","9":"first","10":"instock","11":"product-type-simple"},"_links":{"self":[{"href":"https:\/\/www.eco-leather.com\/pl\/wp-json\/wp\/v2\/product\/29235","targetHints":{"allow":["GET"]}}],"collection":[{"href":"https:\/\/www.eco-leather.com\/pl\/wp-json\/wp\/v2\/product"}],"about":[{"href":"https:\/\/www.eco-leather.com\/pl\/wp-json\/wp\/v2\/types\/product"}],"wp:featuredmedia":[{"embeddable":true,"href":"https:\/\/www.eco-leather.com\/pl\/wp-json\/wp\/v2\/media\/5280"}],"wp:attachment":[{"href":"https:\/\/www.eco-leather.com\/pl\/wp-json\/wp\/v2\/media?parent=29235"}],"wp:term":[{"taxonomy":"product_brand","embeddable":true,"href":"https:\/\/www.eco-leather.com\/pl\/wp-json\/wp\/v2\/product_brand?post=29235"},{"taxonomy":"product_cat","embeddable":true,"href":"https:\/\/www.eco-leather.com\/pl\/wp-json\/wp\/v2\/product_cat?post=29235"},{"taxonomy":"product_tag","embeddable":true,"href":"https:\/\/www.eco-leather.com\/pl\/wp-json\/wp\/v2\/product_tag?post=29235"}],"curies":[{"name":"wp","href":"https:\/\/api.w.org\/{rel}","templated":true}]}}