{"id":29219,"date":"2025-09-07T11:01:38","date_gmt":"2025-09-07T03:01:38","guid":{"rendered":"https:\/\/www.eco-leather.com\/product\/easy-clean-microfiber-pu-artificial-leather-phone-cover-material\/"},"modified":"2025-09-07T11:01:38","modified_gmt":"2025-09-07T03:01:38","slug":"latwy-w-czyszczeniu-pokrowiec-na-telefon-ze-sztucznej-skory-pu-z-mikrofibry","status":"publish","type":"product","link":"https:\/\/www.eco-leather.com\/pl\/latwy-w-czyszczeniu-pokrowiec-na-telefon-ze-sztucznej-skory-pu-z-mikrofibry\/","title":{"rendered":"Pokrowiec na telefon z \u0142atwej w czyszczeniu sztucznej sk\u00f3ry PU z mikrofibry"},"content":{"rendered":"<h2>\u0141atwy w czyszczeniu materia\u0142 pokrowca na telefon ze sztucznej sk\u00f3ry PU z mikrofibry<\/h2>\n<p><main><\/p>\n<section id=\"product-overview\">\n<h2>Opis produktu<\/h2>\n<p>Produkt <strong>Producenci sztucznej sk\u00f3ry<\/strong> Wprowadzenie<\/p>\n<p>Materia\u0142: <strong>Sk\u00f3ra odzie\u017cowa Importowane<\/strong> Mikrofibra Sk\u0142ad sk\u00f3ry:<\/p>\n<p>Wykonane z wysokiej jako\u015bci materia\u0142\u00f3w z mikrofibry, nasze r\u0119kawiczki Ultrasuede Microfiber Faux Leather 0,7 mm to idealny wyb\u00f3r na r\u0119kawiczki rowerowe. R\u00f3wnowa\u017cy elastyczno\u015b\u0107 i wytrzyma\u0142o\u015b\u0107, oferuj\u0105c wyj\u0105tkow\u0105 oddychalno\u015b\u0107 i w\u0142a\u015bciwo\u015bci odprowadzania wilgoci, aby d\u0142onie by\u0142y ch\u0142odne i suche podczas intensywnych przeja\u017cd\u017cek.<\/p>\n<p>Niezale\u017cnie od tego, czy jeste\u015b profesjonalnym rowerzyst\u0105, czy je\u017adzisz rekreacyjnie, materia\u0142 Microfiber Leather zapewnia niezr\u00f3wnany komfort i ochron\u0119. Jego wysoka odporno\u015b\u0107 na \u015bcieranie i rozdarcia zapewnia d\u0142ugotrwa\u0142\u0105 wydajno\u015b\u0107, a elegancki wygl\u0105d dodaje wyrafinowanego akcentu ka\u017cdemu zestawowi rowerowemu.<\/p>\n<\/section>\n<section id=\"specifications\">\n<h2>Parametry techniczne<\/h2>\n<ul class_=\"parameters-list\">\n<li><span class=\"param-name\">Oddychaj\u0105cy <strong>Bia\u0142a sukienka z materia\u0142u Meesho<\/strong> aby chroni\u0107 wn\u0119trze:<\/span> Niekt\u00f3re wysokiej klasy produkty ze sztucznej sk\u00f3ry s\u0105 r\u00f3wnie\u017c oddychaj\u0105ce. To <strong>Motoryzacja Fotele sk\u00f3rzane Pies s\u0142u\u017cbowy<\/strong> Funkcja ta pomaga elektronice rozprasza\u0107 ciep\u0142o podczas u\u017cytkowania, zapobiegaj\u0105c przegrzaniu i uszkodzeniu wewn\u0119trznych komponent\u00f3w;<\/li>\n<li><span class=\"param-name\">Przy <strong>Kurtka ze sk\u00f3ry ekologicznej<\/strong> Jednocze\u015bnie, w przypadku artyku\u0142\u00f3w pi\u015bmiennych, takich jak ok\u0142adki zeszyt\u00f3w, mo\u017ce r\u00f3wnie\u017c utrzymywa\u0107 papier suchy i p\u0142aski. Specyfikacja produktu Materia\u0142:<\/span> Sk\u0142ad sk\u00f3ry z mikrofibry: 55 Nylon + 45% Poliuretan Nazwa marki WINIW Company Factory Wholesale Micro Suede Manufacturers Grubo\u015b\u0107: 0,4 mm, 0,5 mm, 0,6 mm, niestandardowa Szeroko\u015b\u0107: 54 \u2033, 137 cm Kolor: bia\u0142y, czerwony, niebieski, zielony, be\u017cowy, niestandardowe kolory MOQ: 300 metr\u00f3w liniowych Czas realizacji: 1 0 -20 dni Zdolno\u015b\u0107 produkcyjna: 1 000 000 metr\u00f3w miesi\u0119cznie Miejsce pochodzenia Chiny Dostosowane Tak Materia\u0142: Mikrofibra L eather Sk\u0142ad: 55 Nylon + 45% Poliuretan Nazwa marki WINIW Company Factory Wholesale Micro Suede Manufacturers Grubo\u015b\u0107: 0,4 mm, 0,5 mm, 0,6 mm, niestandardowa Szeroko\u015b\u0107: 54 \u2033, 137 cm Kolor: bia\u0142y, czerwony, niebieski, zielony, be\u017cowy, niestandardowe kolory MOQ: 300 metr\u00f3w liniowych Czas realizacji: 1 0 -20 dni Zdolno\u015b\u0107 produkcyjna: 1 000 000 metr\u00f3w miesi\u0119cznie Miejsce pochodzenia Chiny Dostosowane Tak<\/li>\n<\/ul>\n<p><img decoding=\"async\" alt=\"R\u0119kawiczki kolarskie z mikrofibry 0,7 mm Ultrasuede - specyfikacja materia\u0142owa\" class=\"product-image\" src=\"\/wp-content\/uploads\/2025\/08\/07mm-ultrasuede-microfiber-faux-leather-for-cycling-gloves--37881.jpg\"\/><\/p>\n<h3>Parametry produktu<\/h3>\n<ul class=\"parameters-list\">\n<li><span class=\"param-name\">Materia\u0142:<\/span> Mikrofibra + PU<\/li>\n<li><span class=\"param-name\">Kolor:<\/span> Czarny, szary, be\u017cowy (dost\u0119pne kolory niestandardowe)<\/li>\n<li><span class=\"param-name\">Grubo\u015b\u0107:<\/span> 0,6 mm, 0,7 mm, 0,8 mm, 1 mm<\/li>\n<li><span class=\"param-name\">Minimalna ilo\u015b\u0107 zam\u00f3wienia:<\/span> 300 metr\u00f3w bie\u017c\u0105cych<\/li>\n<li><span class=\"param-name\">D\u0142ugo\u015b\u0107 rolki:<\/span> 20-30 m\/rolka<\/li>\n<li><span class=\"param-name\">Czas dostawy:<\/span> 15-20 dni<\/li>\n<li><span class=\"param-name\">Szeroko\u015b\u0107:<\/span> 54\u2033, 137 cm<\/li>\n<li><span class=\"param-name\">Zdolno\u015b\u0107 produkcyjna:<\/span> 1 000 000 metr\u00f3w miesi\u0119cznie<\/li>\n<\/ul>\n<\/section>\n<p><\/main><\/p>\n<section id=\"inquiry\">\n<h2 style=\"text-align: center;\">Z powa\u017caniem czekam na Twoje zapytanie!<\/h2>\n<p style=\"text-align: center;\">Skontaktuj si\u0119 z nami ju\u017c dzi\u015b, aby dowiedzie\u0107 si\u0119 wi\u0119cej o naszych produktach i z\u0142o\u017cy\u0107 zam\u00f3wienie.<\/p>\n<\/section>\n\n    <div class=\"xs_social_share_widget xs_share_url after_content \t\tmain_content  wslu-style-1 wslu-share-box-shaped wslu-fill-colored wslu-none wslu-share-horizontal wslu-theme-font-no wslu-main_content\">\n\n\t\t\n        <ul>\n\t\t\t        <\/ul>\n    <\/div>","protected":false},"excerpt":{"rendered":"<div class=\"product-short-description\">Faux Leather for Electronic Devices Covering Easy Clean Microfiber PU Artificial Leather Phone Cover Material WINIW Easy Clean Microfiber PU Artificial Leather Phone Cover Material Key features include.Ideal for those seeking quality and reliability.<\/p>\n<p>Jako bezpo\u015brednia fabryka, producent i hurtownik mo\u017cemy \u015bci\u015ble kontrolowa\u0107 proces produkcji, aby zapewni\u0107 jako\u015b\u0107 produktu, zapewniaj\u0105c jednocze\u015bnie najkorzystniejsze ceny. Dysponujemy zaawansowanym sprz\u0119tem produkcyjnym i profesjonalnym zespo\u0142em technicznym, aby sprosta\u0107 potrzebom zam\u00f3wie\u0144 na du\u017c\u0105 skal\u0119 i zapewni\u0107 terminow\u0105 dostaw\u0119.<\/p>\n<\/div>","protected":false},"featured_media":5248,"template":"","meta":[],"product_brand":[],"product_cat":[316],"product_tag":[],"class_list":{"0":"post-29219","1":"product","2":"type-product","3":"status-publish","4":"has-post-thumbnail","6":"product_cat-faux-leather-for-electronic-devices-covering","8":"first","9":"instock","10":"product-type-simple"},"_links":{"self":[{"href":"https:\/\/www.eco-leather.com\/pl\/wp-json\/wp\/v2\/product\/29219","targetHints":{"allow":["GET"]}}],"collection":[{"href":"https:\/\/www.eco-leather.com\/pl\/wp-json\/wp\/v2\/product"}],"about":[{"href":"https:\/\/www.eco-leather.com\/pl\/wp-json\/wp\/v2\/types\/product"}],"wp:featuredmedia":[{"embeddable":true,"href":"https:\/\/www.eco-leather.com\/pl\/wp-json\/wp\/v2\/media\/5248"}],"wp:attachment":[{"href":"https:\/\/www.eco-leather.com\/pl\/wp-json\/wp\/v2\/media?parent=29219"}],"wp:term":[{"taxonomy":"product_brand","embeddable":true,"href":"https:\/\/www.eco-leather.com\/pl\/wp-json\/wp\/v2\/product_brand?post=29219"},{"taxonomy":"product_cat","embeddable":true,"href":"https:\/\/www.eco-leather.com\/pl\/wp-json\/wp\/v2\/product_cat?post=29219"},{"taxonomy":"product_tag","embeddable":true,"href":"https:\/\/www.eco-leather.com\/pl\/wp-json\/wp\/v2\/product_tag?post=29219"}],"curies":[{"name":"wp","href":"https:\/\/api.w.org\/{rel}","templated":true}]}}