{"id":29214,"date":"2025-09-07T11:01:28","date_gmt":"2025-09-07T03:01:28","guid":{"rendered":"https:\/\/www.eco-leather.com\/product\/easy-cutting-microfiber-leather-synthetic-pu-fabric-for-phone-cover\/"},"modified":"2025-09-07T11:01:34","modified_gmt":"2025-09-07T03:01:34","slug":"latwe-ciecie-skory-syntetycznej-pu-z-mikrofibry-na-pokrowiec-na-telefon","status":"publish","type":"product","link":"https:\/\/www.eco-leather.com\/pl\/latwe-ciecie-skory-syntetycznej-pu-z-mikrofibry-na-pokrowiec-na-telefon\/","title":{"rendered":"\u0141atwe ci\u0119cie sk\u00f3ry syntetycznej PU z mikrofibry na obudow\u0119 telefonu"},"content":{"rendered":"<h2>\u0141atwe ci\u0119cie sk\u00f3ry syntetycznej PU z mikrofibry do fabrycznego pokrowca na telefon<\/h2>\n<p><main><\/p>\n<section id=\"product-overview\">\n<h2>Opis produktu<\/h2>\n<p>Produkt <strong>Wodoodporna tkanina na sof\u0119<\/strong> Wprowadzenie<\/p>\n<p>Materia\u0142: <strong>Motoryzacja Fotele sk\u00f3rzane Pies s\u0142u\u017cbowy<\/strong> Sk\u00f3ra z mikrofibry<\/p>\n<p>Wykonane z wysokiej jako\u015bci materia\u0142\u00f3w z mikrofibry, nasze r\u0119kawiczki Ultrasuede Microfiber Faux Leather 0,7 mm to idealny wyb\u00f3r na r\u0119kawiczki rowerowe. R\u00f3wnowa\u017cy elastyczno\u015b\u0107 i wytrzyma\u0142o\u015b\u0107, oferuj\u0105c wyj\u0105tkow\u0105 oddychalno\u015b\u0107 i w\u0142a\u015bciwo\u015bci odprowadzania wilgoci, aby d\u0142onie by\u0142y ch\u0142odne i suche podczas intensywnych przeja\u017cd\u017cek.<\/p>\n<p>Niezale\u017cnie od tego, czy jeste\u015b profesjonalnym rowerzyst\u0105, czy je\u017adzisz rekreacyjnie, materia\u0142 Microfiber Leather zapewnia niezr\u00f3wnany komfort i ochron\u0119. Jego wysoka odporno\u015b\u0107 na \u015bcieranie i rozdarcia zapewnia d\u0142ugotrwa\u0142\u0105 wydajno\u015b\u0107, a elegancki wygl\u0105d dodaje wyrafinowanego akcentu ka\u017cdemu zestawowi rowerowemu.<\/p>\n<\/section>\n<section id=\"specifications\">\n<h2>Parametry techniczne<\/h2>\n<ul class_=\"parameters-list\">\n<li><span class=\"param-name\">Marka <strong>Pude\u0142ka ze sztucznej sk\u00f3ry Chiny<\/strong> narz\u0119dzia usprawniaj\u0105ce:<\/span> Wysokiej jako\u015bci opakowania i artyku\u0142y papiernicze ze sztucznej sk\u00f3ry mog\u0105 znacznie poprawi\u0107 og\u00f3ln\u0105 tekstur\u0119 i jako\u015b\u0107 produkt\u00f3w. Kiedy <strong>Kurtka ze sk\u00f3ry ekologicznej<\/strong> Produkty elektroniczne lub artyku\u0142y papiernicze ubrane w ten elegancki p\u0142aszcz nie tylko przyci\u0105gaj\u0105 uwag\u0119 i uwag\u0119 wi\u0119kszej liczby konsument\u00f3w, ale tak\u017ce poprawiaj\u0105 wizerunek marki i konkurencyjno\u015b\u0107 na rynku.<\/li>\n<li><span class=\"param-name\">Produkt <strong>Sk\u00f3ra odzie\u017cowa Importowane<\/strong> Specyfikacja Materia\u0142:<\/span> Sk\u0142ad mikrofibry: 55 Nylon + 45% Polyurethane Brand Name WINIW Company Factory Wholesale Suede Microfiber ManufacturersThickness: 0.4mm, 0.5mm, 0.6mm, customized Width: 54\u2033, 137cm Color: White, Red, Blue, Green, Beige, customized colors MOQ : 300 linear meters Lead time: 1 0 -20 days Production Capacity: 1,000,000 meters monthly Place of Origin China Customized Yes Material: Mikrofibra L eather Sk\u0142ad: 55 Nylon + 45% Poliuretan Nazwa marki WINIW Company Factory Wholesale Suede Microfiber Manufacturers Grubo\u015b\u0107: 0,4 mm, 0,5 mm, 0,6 mm, niestandardowa Szeroko\u015b\u0107: 54 \u2033, 137 cm Kolor: bia\u0142y, czerwony, niebieski, zielony, be\u017cowy, niestandardowe kolory MOQ: 300 metr\u00f3w liniowych Czas realizacji: 1 0 -20 dni Zdolno\u015b\u0107 produkcyjna: 1 000 000 metr\u00f3w miesi\u0119cznie Miejsce pochodzenia Chiny Dostosowane Tak<\/li>\n<\/ul>\n<p><img decoding=\"async\" alt=\"R\u0119kawiczki kolarskie z mikrofibry 0,7 mm Ultrasuede - specyfikacja materia\u0142owa\" class=\"product-image\" src=\"\/wp-content\/uploads\/2025\/08\/07mm-ultrasuede-microfiber-faux-leather-for-cycling-gloves--37881.jpg\"\/><\/p>\n<h3>Parametry produktu<\/h3>\n<ul class=\"parameters-list\">\n<li><span class=\"param-name\">Materia\u0142:<\/span> Mikrofibra + PU<\/li>\n<li><span class=\"param-name\">Kolor:<\/span> Czarny, szary, be\u017cowy (dost\u0119pne kolory niestandardowe)<\/li>\n<li><span class=\"param-name\">Grubo\u015b\u0107:<\/span> 0,6 mm, 0,7 mm, 0,8 mm, 1 mm<\/li>\n<li><span class=\"param-name\">Minimalna ilo\u015b\u0107 zam\u00f3wienia:<\/span> 300 metr\u00f3w bie\u017c\u0105cych<\/li>\n<li><span class=\"param-name\">D\u0142ugo\u015b\u0107 rolki:<\/span> 20-30 m\/rolka<\/li>\n<li><span class=\"param-name\">Czas dostawy:<\/span> 15-20 dni<\/li>\n<li><span class=\"param-name\">Szeroko\u015b\u0107:<\/span> 54\u2033, 137 cm<\/li>\n<li><span class=\"param-name\">Zdolno\u015b\u0107 produkcyjna:<\/span> 1 000 000 metr\u00f3w miesi\u0119cznie<\/li>\n<\/ul>\n<\/section>\n<section id=\"features\">\n<h2>Cechy produktu<\/h2>\n<div class=\"feature-item\">\n<img decoding=\"async\" alt=\"MikrofibraSk\u00f3ra zamszowa Wodoodporny spraySztuczna sk\u00f3ra wykonana jest w zaawansowanej technologii, kt\u00f3ra charakteryzuje si\u0119 niezwykle wysok\u0105 odporno\u015bci\u0105 na \u015bcieranie, zarysowania i zginanie.\" class=\"feature-image left\" src=\"\/wp-content\/uploads\/2025\/08\/easy-cutting-microfiber-leather-synthetic-pu-fabric-for-phone-cover-32060.jpg\"\/><\/p>\n<h3>Mikrofibra <strong>Wodoodporny spray do sk\u00f3ry zamszowej<\/strong> Sztuczna sk\u00f3ra jest wykonana w zaawansowanej technologii, kt\u00f3ra charakteryzuje si\u0119 niezwykle wysok\u0105 odporno\u015bci\u0105 na \u015bcieranie, zarysowania i zginanie.<\/h3>\n<p>Mikrofibra <strong>Wodoodporny spray do sk\u00f3ry zamszowej<\/strong> Sztuczna sk\u00f3ra jest wykonana w zaawansowanej technologii, kt\u00f3ra charakteryzuje si\u0119 wyj\u0105tkowo wysok\u0105 odporno\u015bci\u0105 na \u015bcieranie, zarysowania i sk\u0142adanie. W zastosowaniach zwi\u0105zanych z pakowaniem produkt\u00f3w elektronicznych mo\u017ce skutecznie przeciwdzia\u0142a\u0107 tarciu i kolizjom w codziennym u\u017cytkowaniu oraz chroni\u0107 produkty przed uszkodzeniem;<\/p>\n<div class=\"clear\"><\/div>\n<\/div>\n<div class=\"feature-item\">\n<img decoding=\"async\" alt=\"W dziedzinie akcesori\u00f3w papierniczych, takich jak ok\u0142adki na notebooki, teczki itp.\" class=\"feature-image left\" src=\"\/wp-content\/uploads\/2025\/08\/easy-cutting-microfiber-leather-synthetic-pu-fabric-for-phone-cover-32061.jpg\"\/><\/p>\n<h3>W dziedzinie akcesori\u00f3w papierniczych, takich jak ok\u0142adki na notebooki, teczki itp.<\/h3>\n<p>W dziedzinie akcesori\u00f3w papierniczych, takich jak ok\u0142adki na notebooki, teczki itp., sztuczna sk\u00f3ra z mikrofibry wykazuje r\u00f3wnie\u017c doskona\u0142\u0105 trwa\u0142o\u015b\u0107, zapewniaj\u0105c, \u017ce mo\u017ce zachowa\u0107 swoje pi\u0119kno i funkcjonalno\u015b\u0107 przez d\u0142ugi czas.<\/p>\n<div class=\"clear\"><\/div>\n<\/div>\n<div class=\"feature-item\">\n<img decoding=\"async\" alt=\"Wysoka wytrzyma\u0142o\u015b\u0107 na rozdarcie - sztuczna sk\u00f3ra Ultrasuede z mikrofibry do r\u0119kawiczek rowerowych\" class=\"feature-image left\" src=\"\/wp-content\/uploads\/2025\/08\/07mm-ultrasuede-microfiber-faux-leather-for-cycling-gloves--37882.jpg\"\/><\/p>\n<h3>Wysoka wytrzyma\u0142o\u015b\u0107 na rozerwanie<\/h3>\n<p>Nasza sk\u00f3ra z mikrofibry Ultrasuede charakteryzuje si\u0119 wyj\u0105tkow\u0105 odporno\u015bci\u0105 na rozdarcia, dzi\u0119ki czemu nie p\u0119ka ani nie odkszta\u0142ca si\u0119 \u0142atwo pod wp\u0142ywem napr\u0119\u017ce\u0144. Dzi\u0119ki temu idealnie nadaje si\u0119 do produkt\u00f3w wymagaj\u0105cych trwa\u0142o\u015bci i d\u0142ugotrwa\u0142ej wydajno\u015bci.<\/p>\n<div class=\"clear\"><\/div>\n<\/div>\n<div class=\"feature-item\">\n<img decoding=\"async\" alt=\"Zachowanie kszta\u0142tu - Ultrasuede, mikrofibra, sztuczna sk\u00f3ra dla r\u0119kawiczek kolarskich\" class=\"feature-image right\" src=\"\/wp-content\/uploads\/2025\/08\/07mm-ultrasuede-microfiber-faux-leather-for-cycling-gloves--37883.jpg\"\/><\/p>\n<h3>Nie\u0142atwe do odkszta\u0142cenia<\/h3>\n<p>Poddany specjalnej obr\u00f3bce w celu zachowania oryginalnego kszta\u0142tu, materia\u0142 ten oferuje doskona\u0142\u0105 elastyczno\u015b\u0107 i stabilno\u015b\u0107. Jest odporny na odkszta\u0142cenia spowodowane naciskiem zewn\u0119trznym lub rozci\u0105ganiem, dzi\u0119ki czemu produkty pozostaj\u0105 nienaruszone i atrakcyjne przez d\u0142ugi czas.<\/p>\n<div class=\"clear\"><\/div>\n<\/div>\n<div class=\"feature-item\">\n<img decoding=\"async\" alt=\"Wytrzyma\u0142o\u015b\u0107 - r\u0119kawiczki kolarskie z mikrofibry i sztucznej sk\u00f3ry Ultrasuede\" class=\"feature-image left\" src=\"\/wp-content\/uploads\/2025\/08\/07mm-ultrasuede-microfiber-faux-leather-for-cycling-gloves--37884.jpg\"\/><\/p>\n<h3>Trwa\u0142o\u015b\u0107<\/h3>\n<p>Niezwykle odporny na \u015bcieranie, rozdarcia i przebicia materia\u0142 sprawia, \u017ce r\u0119kawice pozostaj\u0105 w doskona\u0142ym stanie nawet przy d\u0142ugotrwa\u0142ym u\u017cytkowaniu. Zachowuje r\u00f3wnie\u017c doskona\u0142\u0105 zr\u0119czno\u015b\u0107 i wytrzyma\u0142o\u015b\u0107 wysokiej jako\u015bci wyrob\u00f3w sk\u00f3rzanych.<\/p>\n<div class=\"clear\"><\/div>\n<\/div>\n<\/section>\n<p><\/main><\/p>\n<section id=\"inquiry\">\n<h2 style=\"text-align: center;\">Z powa\u017caniem czekam na Twoje zapytanie!<\/h2>\n<p style=\"text-align: center;\">Skontaktuj si\u0119 z nami ju\u017c dzi\u015b, aby dowiedzie\u0107 si\u0119 wi\u0119cej o naszych produktach i z\u0142o\u017cy\u0107 zam\u00f3wienie.<\/p>\n<\/section>\n\n    <div class=\"xs_social_share_widget xs_share_url after_content \t\tmain_content  wslu-style-1 wslu-share-box-shaped wslu-fill-colored wslu-none wslu-share-horizontal wslu-theme-font-no wslu-main_content\">\n\n\t\t\n        <ul>\n\t\t\t        <\/ul>\n    <\/div>","protected":false},"excerpt":{"rendered":"<div class=\"product-short-description\">Faux Leather for Electronic Devices Covering Easy Cutting Microfiber Leather Synthetic PU Fabric For Phone Cover WINIW Easy Cutting Microfiber Leather Synthetic PU Fabric For Phone Cover Key features include.Ideal for those seeking quality and reliability.<\/p>\n<p>Jako bezpo\u015brednia fabryka, producent i hurtownik mo\u017cemy \u015bci\u015ble kontrolowa\u0107 proces produkcji, aby zapewni\u0107 jako\u015b\u0107 produktu, zapewniaj\u0105c jednocze\u015bnie najkorzystniejsze ceny. Dysponujemy zaawansowanym sprz\u0119tem produkcyjnym i profesjonalnym zespo\u0142em technicznym, aby sprosta\u0107 potrzebom zam\u00f3wie\u0144 na du\u017c\u0105 skal\u0119 i zapewni\u0107 terminow\u0105 dostaw\u0119.<\/p>\n<\/div>","protected":false},"featured_media":5238,"template":"","meta":[],"product_brand":[],"product_cat":[316],"product_tag":[],"class_list":{"0":"post-29214","1":"product","2":"type-product","3":"status-publish","4":"has-post-thumbnail","6":"product_cat-faux-leather-for-electronic-devices-covering","8":"first","9":"instock","10":"product-type-simple"},"_links":{"self":[{"href":"https:\/\/www.eco-leather.com\/pl\/wp-json\/wp\/v2\/product\/29214","targetHints":{"allow":["GET"]}}],"collection":[{"href":"https:\/\/www.eco-leather.com\/pl\/wp-json\/wp\/v2\/product"}],"about":[{"href":"https:\/\/www.eco-leather.com\/pl\/wp-json\/wp\/v2\/types\/product"}],"wp:featuredmedia":[{"embeddable":true,"href":"https:\/\/www.eco-leather.com\/pl\/wp-json\/wp\/v2\/media\/5238"}],"wp:attachment":[{"href":"https:\/\/www.eco-leather.com\/pl\/wp-json\/wp\/v2\/media?parent=29214"}],"wp:term":[{"taxonomy":"product_brand","embeddable":true,"href":"https:\/\/www.eco-leather.com\/pl\/wp-json\/wp\/v2\/product_brand?post=29214"},{"taxonomy":"product_cat","embeddable":true,"href":"https:\/\/www.eco-leather.com\/pl\/wp-json\/wp\/v2\/product_cat?post=29214"},{"taxonomy":"product_tag","embeddable":true,"href":"https:\/\/www.eco-leather.com\/pl\/wp-json\/wp\/v2\/product_tag?post=29214"}],"curies":[{"name":"wp","href":"https:\/\/api.w.org\/{rel}","templated":true}]}}