{"id":29213,"date":"2025-09-07T11:01:28","date_gmt":"2025-09-07T03:01:28","guid":{"rendered":"https:\/\/www.eco-leather.com\/product\/diverse-colors-artificial-pu-microfiber-leather-for-notebook-cover\/"},"modified":"2025-09-07T11:01:34","modified_gmt":"2025-09-07T03:01:34","slug":"diverse-colors-artificial-pu-microfiber-leather-for-notebook-cover","status":"publish","type":"product","link":"https:\/\/www.eco-leather.com\/pl\/diverse-colors-artificial-pu-microfiber-leather-for-notebook-cover\/","title":{"rendered":"R\u00f3\u017cnokolorowa sztuczna sk\u00f3ra PU z mikrofibry na ok\u0142adk\u0119 notebooka"},"content":{"rendered":"<h2>Diverse Colors Artificial PU Microfiber Leather For Notebook Cover manufacture<\/h2>\n<p><main><\/p>\n<section id=\"product-overview\">\n<h2>Opis produktu<\/h2>\n<p>Produkt <strong>Italian Pu Microfiber Manufacturer<\/strong> Wprowadzenie Integracja innowacji i technologii: Kontynuujemy integracj\u0119 innowacyjnej technologii z badaniami i rozwojem oraz produkcj\u0105 wyrob\u00f3w ze sztucznej sk\u00f3ry.<\/p>\n<p>Dzi\u0119ki wprowadzeniu nowych materia\u0142\u00f3w, nowych proces\u00f3w i nowych technologii, wydajno\u015b\u0107 i poziom jako\u015bci produkt\u00f3w s\u0105 stale ulepszane. Pozwala to cieszy\u0107 si\u0119 pi\u0119knem i praktyczno\u015bci\u0105 w tym samym czasie, ale tak\u017ce poczu\u0107 wygod\u0119 i zaskoczenie wynikaj\u0105ce z post\u0119pu naukowego i technologicznego.<\/p>\n<p>Materia\u0142: <strong>Sk\u00f3ra odzie\u017cowa Importowane<\/strong> Sk\u00f3ra z mikrofibry<\/p>\n<p>Wykonane z wysokiej jako\u015bci materia\u0142\u00f3w z mikrofibry, nasze r\u0119kawiczki Ultrasuede Microfiber Faux Leather 0,7 mm to idealny wyb\u00f3r na r\u0119kawiczki rowerowe. R\u00f3wnowa\u017cy elastyczno\u015b\u0107 i wytrzyma\u0142o\u015b\u0107, oferuj\u0105c wyj\u0105tkow\u0105 oddychalno\u015b\u0107 i w\u0142a\u015bciwo\u015bci odprowadzania wilgoci, aby d\u0142onie by\u0142y ch\u0142odne i suche podczas intensywnych przeja\u017cd\u017cek.<\/p>\n<p>Niezale\u017cnie od tego, czy jeste\u015b profesjonalnym rowerzyst\u0105, czy je\u017adzisz rekreacyjnie, materia\u0142 Microfiber Leather zapewnia niezr\u00f3wnany komfort i ochron\u0119. Jego wysoka odporno\u015b\u0107 na \u015bcieranie i rozdarcia zapewnia d\u0142ugotrwa\u0142\u0105 wydajno\u015b\u0107, a elegancki wygl\u0105d dodaje wyrafinowanego akcentu ka\u017cdemu zestawowi rowerowemu.<\/p>\n<\/section>\n<section id=\"specifications\">\n<h2>Parametry techniczne<\/h2>\n<ul class_=\"parameters-list\">\n<li><span class=\"param-name\">One-stop <strong>Pude\u0142ka ze sztucznej sk\u00f3ry Chiny<\/strong> solution:<\/span> We provide one-stop solution service from design, production to sales. Whether <strong>Kurtka ze sk\u00f3ry ekologicznej<\/strong> you need customized product design or mass production needs, we can provide you with professional, efficient and considerate services.<\/li>\n<li><span class=\"param-name\">Make <strong>Motoryzacja Fotele sk\u00f3rzane Pies s\u0142u\u017cbowy<\/strong> your electronic packaging and stationery products show perfect quality and style from design to finished product. Product Specification Material:<\/span> Microfiber L eather Composition: 55 Nylon + 45% Polyurethane Brand Name WINIW Company Factory Wholesale Microfiber Leather ManufacturersThickness: 0.4mm, 0.5mm, 0.6mm, customized Width: 54&#8243;, 137cm Color: White, Red, Blue, Green, Beige, customized colors MOQ : 300 linear meters Lead time: 1 0 -20 days Production Capacity: 1,000,000 meters monthly Place of Origin China Customized Yes Material: Microfiber L eather Composition: 55 Nylon + 45% Polyurethane Brand Name WINIW Company Factory Wholesale Microfiber Leather ManufacturersThickness: 0.4mm, 0.5mm, 0.6mm, customized Width: 54&#8243;, 137cm Color: White, Red, Blue, Green, Beige, customized colors MOQ : 300 linear meters Lead time: 1 0 -20 days Production Capacity: 1,000,000 meters monthly Place of Origin China Customized Yes<\/li>\n<\/ul>\n<p><img decoding=\"async\" alt=\"R\u0119kawiczki kolarskie z mikrofibry 0,7 mm Ultrasuede - specyfikacja materia\u0142owa\" class=\"product-image\" src=\"\/wp-content\/uploads\/2025\/08\/07mm-ultrasuede-microfiber-faux-leather-for-cycling-gloves--37881.jpg\"\/><\/p>\n<h3>Parametry produktu<\/h3>\n<ul class=\"parameters-list\">\n<li><span class=\"param-name\">Materia\u0142:<\/span> Mikrofibra + PU<\/li>\n<li><span class=\"param-name\">Kolor:<\/span> Czarny, szary, be\u017cowy (dost\u0119pne kolory niestandardowe)<\/li>\n<li><span class=\"param-name\">Grubo\u015b\u0107:<\/span> 0,6 mm, 0,7 mm, 0,8 mm, 1 mm<\/li>\n<li><span class=\"param-name\">Minimalna ilo\u015b\u0107 zam\u00f3wienia:<\/span> 300 metr\u00f3w bie\u017c\u0105cych<\/li>\n<li><span class=\"param-name\">D\u0142ugo\u015b\u0107 rolki:<\/span> 20-30 m\/rolka<\/li>\n<li><span class=\"param-name\">Czas dostawy:<\/span> 15-20 dni<\/li>\n<li><span class=\"param-name\">Szeroko\u015b\u0107:<\/span> 54\u2033, 137 cm<\/li>\n<li><span class=\"param-name\">Zdolno\u015b\u0107 produkcyjna:<\/span> 1 000 000 metr\u00f3w miesi\u0119cznie<\/li>\n<\/ul>\n<\/section>\n<p><\/main><\/p>\n<section id=\"inquiry\">\n<h2 style=\"text-align: center;\">Z powa\u017caniem czekam na Twoje zapytanie!<\/h2>\n<p style=\"text-align: center;\">Skontaktuj si\u0119 z nami ju\u017c dzi\u015b, aby dowiedzie\u0107 si\u0119 wi\u0119cej o naszych produktach i z\u0142o\u017cy\u0107 zam\u00f3wienie.<\/p>\n<\/section>\n\n    <div class=\"xs_social_share_widget xs_share_url after_content \t\tmain_content  wslu-style-1 wslu-share-box-shaped wslu-fill-colored wslu-none wslu-share-horizontal wslu-theme-font-no wslu-main_content\">\n\n\t\t\n        <ul>\n\t\t\t        <\/ul>\n    <\/div>","protected":false},"excerpt":{"rendered":"<div class=\"product-short-description\">Faux Leather for Electronic Devices Covering Diverse Colors Artificial PU Microfiber Leather For Notebook Cover WINIW Diverse Colors Artificial PU Microfiber Leather For Notebook Cover Key features include.Ideal for those seeking quality and reliability.<\/p>\n<p>Jako bezpo\u015brednia fabryka, producent i hurtownik mo\u017cemy \u015bci\u015ble kontrolowa\u0107 proces produkcji, aby zapewni\u0107 jako\u015b\u0107 produktu, zapewniaj\u0105c jednocze\u015bnie najkorzystniejsze ceny. Dysponujemy zaawansowanym sprz\u0119tem produkcyjnym i profesjonalnym zespo\u0142em technicznym, aby sprosta\u0107 potrzebom zam\u00f3wie\u0144 na du\u017c\u0105 skal\u0119 i zapewni\u0107 terminow\u0105 dostaw\u0119.<\/p>\n<\/div>","protected":false},"featured_media":5236,"template":"","meta":[],"product_brand":[],"product_cat":[316],"product_tag":[],"class_list":{"0":"post-29213","1":"product","2":"type-product","3":"status-publish","4":"has-post-thumbnail","6":"product_cat-faux-leather-for-electronic-devices-covering","8":"first","9":"instock","10":"product-type-simple"},"_links":{"self":[{"href":"https:\/\/www.eco-leather.com\/pl\/wp-json\/wp\/v2\/product\/29213","targetHints":{"allow":["GET"]}}],"collection":[{"href":"https:\/\/www.eco-leather.com\/pl\/wp-json\/wp\/v2\/product"}],"about":[{"href":"https:\/\/www.eco-leather.com\/pl\/wp-json\/wp\/v2\/types\/product"}],"wp:featuredmedia":[{"embeddable":true,"href":"https:\/\/www.eco-leather.com\/pl\/wp-json\/wp\/v2\/media\/5236"}],"wp:attachment":[{"href":"https:\/\/www.eco-leather.com\/pl\/wp-json\/wp\/v2\/media?parent=29213"}],"wp:term":[{"taxonomy":"product_brand","embeddable":true,"href":"https:\/\/www.eco-leather.com\/pl\/wp-json\/wp\/v2\/product_brand?post=29213"},{"taxonomy":"product_cat","embeddable":true,"href":"https:\/\/www.eco-leather.com\/pl\/wp-json\/wp\/v2\/product_cat?post=29213"},{"taxonomy":"product_tag","embeddable":true,"href":"https:\/\/www.eco-leather.com\/pl\/wp-json\/wp\/v2\/product_tag?post=29213"}],"curies":[{"name":"wp","href":"https:\/\/api.w.org\/{rel}","templated":true}]}}