{"id":28978,"date":"2025-09-07T10:59:28","date_gmt":"2025-09-07T02:59:28","guid":{"rendered":"https:\/\/www.eco-leather.com\/product\/fine-synthetic-pore-microfiber-leather-for-dress-boot-shoe-lining\/"},"modified":"2025-09-07T10:59:29","modified_gmt":"2025-09-07T02:59:29","slug":"drobna-syntetyczna-skora-z-mikrofibry-o-porach-do-podszewki-butow-wizytowych","status":"publish","type":"product","link":"https:\/\/www.eco-leather.com\/pl\/drobna-syntetyczna-skora-z-mikrofibry-o-porach-do-podszewki-butow-wizytowych\/","title":{"rendered":"Drobna syntetyczna sk\u00f3ra z porami z mikrofibry na podszewk\u0119 buta do sukienki"},"content":{"rendered":"<h2>Sk\u00f3ra z mikrofibry na podszewk\u0119 buta<\/h2>\n<p><main><\/p>\n<section id=\"product-overview\">\n<h2>Opis produktu<\/h2>\n<p>Produkt <strong>Faux Leather Spandex<\/strong> Wprowadzenie<\/p>\n<p>Wykonane z wysokiej jako\u015bci materia\u0142\u00f3w z mikrofibry, nasze r\u0119kawiczki Ultrasuede Microfiber Faux Leather 0,7 mm to idealny wyb\u00f3r na r\u0119kawiczki rowerowe. R\u00f3wnowa\u017cy elastyczno\u015b\u0107 i wytrzyma\u0142o\u015b\u0107, oferuj\u0105c wyj\u0105tkow\u0105 oddychalno\u015b\u0107 i w\u0142a\u015bciwo\u015bci odprowadzania wilgoci, aby d\u0142onie by\u0142y ch\u0142odne i suche podczas intensywnych przeja\u017cd\u017cek.<\/p>\n<p>Niezale\u017cnie od tego, czy jeste\u015b profesjonalnym rowerzyst\u0105, czy je\u017adzisz rekreacyjnie, materia\u0142 Microfiber Leather zapewnia niezr\u00f3wnany komfort i ochron\u0119. Jego wysoka odporno\u015b\u0107 na \u015bcieranie i rozdarcia zapewnia d\u0142ugotrwa\u0142\u0105 wydajno\u015b\u0107, a elegancki wygl\u0105d dodaje wyrafinowanego akcentu ka\u017cdemu zestawowi rowerowemu.<\/p>\n<\/section>\n<section id=\"specifications\">\n<h2>Parametry techniczne<\/h2>\n<ul class_=\"parameters-list\">\n<li><span class=\"param-name\">Produkt <strong>Pude\u0142ka ze sztucznej sk\u00f3ry Chiny<\/strong> Specyfikacja WINIW Company Factory Hurtownia producent\u00f3w mikrofibry PUDostosowywana sk\u00f3ra syntetyczna:<\/span> Elegancja, trwa\u0142o\u015b\u0107 i wyb\u00f3r kolor\u00f3w.<\/li>\n<\/ul>\n<p><img decoding=\"async\" alt=\"R\u0119kawiczki kolarskie z mikrofibry 0,7 mm Ultrasuede - specyfikacja materia\u0142owa\" class=\"product-image\" src=\"\/wp-content\/uploads\/2025\/08\/07mm-ultrasuede-microfiber-faux-leather-for-cycling-gloves--37881.jpg\"\/><\/p>\n<h3>Parametry produktu<\/h3>\n<ul class=\"parameters-list\">\n<li><span class=\"param-name\">Materia\u0142:<\/span> Mikrofibra + PU<\/li>\n<li><span class=\"param-name\">Kolor:<\/span> Czarny, szary, be\u017cowy (dost\u0119pne kolory niestandardowe)<\/li>\n<li><span class=\"param-name\">Grubo\u015b\u0107:<\/span> 0,6 mm, 0,7 mm, 0,8 mm, 1 mm<\/li>\n<li><span class=\"param-name\">Minimalna ilo\u015b\u0107 zam\u00f3wienia:<\/span> 300 metr\u00f3w bie\u017c\u0105cych<\/li>\n<li><span class=\"param-name\">D\u0142ugo\u015b\u0107 rolki:<\/span> 20-30 m\/rolka<\/li>\n<li><span class=\"param-name\">Czas dostawy:<\/span> 15-20 dni<\/li>\n<li><span class=\"param-name\">Szeroko\u015b\u0107:<\/span> 54\u2033, 137 cm<\/li>\n<li><span class=\"param-name\">Zdolno\u015b\u0107 produkcyjna:<\/span> 1 000 000 metr\u00f3w miesi\u0119cznie<\/li>\n<\/ul>\n<\/section>\n<section id=\"features\">\n<h2>Cechy produktu<\/h2>\n<div class=\"feature-item\">\n<img decoding=\"async\" alt=\"Materia\u0142Sk\u00f3ra zamszowa Wodoodporny sprayMikrofibraSk\u00f3ra Nazwa marki WINIW Fabryka Hurtownia Producent\u00f3w Mikrofibry PUSzeroko\u015b\u0107 54\" class=\"feature-image left\" src=\"\/wp-content\/uploads\/2025\/08\/fine-synthetic-pore-microfiber-leather-for-dress-boot-shoe-lining-30328.jpg\"\/><\/p>\n<h3>Materia\u0142 <strong>Wodoodporny spray do sk\u00f3ry zamszowej<\/strong> MikrofibraSk\u00f3ra Nazwa marki WINIW Fabryka Hurtownia Producent\u00f3w Mikrofibry PU Szeroko\u015b\u0107 54\u2033; 1<\/h3>\n<p>Materia\u0142 <strong>Wodoodporny spray do sk\u00f3ry zamszowej<\/strong> MicrofiberLeather Nazwa marki WINIW Fabryka hurtowych producent\u00f3w mikrofibry PU Szeroko\u015b\u0107 54 \u2033; 1,37 m Kolor czerwony, czarny, br\u0105zowy, zielony, zaakceptuj dostosuj Cecha Odporny na zu\u017cycie, wodoodporny, przeciw ple\u015bni, elastyczny Grubo\u015b\u0107 0,6 mm-2,0 mm Miejsce pochodzenia Chiny Dostosowane Tak Czas dostawy Zwykle w ci\u0105gu 15 - 25 dni.<\/p>\n<div class=\"clear\"><\/div>\n<\/div>\n<div class=\"feature-item\">\n<img decoding=\"async\" alt=\"MOQ 300 metr\u00f3w Szczeg\u00f3\u0142y opakowania 30\/50 metr\u00f3w na rolk\u0119\" class=\"feature-image left\" src=\"\/wp-content\/uploads\/2025\/08\/fine-synthetic-pore-microfiber-leather-for-dress-boot-shoe-lining-30329.jpg\"\/><\/p>\n<h3>MOQ 300 metr\u00f3w Szczeg\u00f3\u0142y opakowania 30\/50 metr\u00f3w na rolk\u0119<\/h3>\n<p>MOQ 300 metr\u00f3w Szczeg\u00f3\u0142y opakowania 30\/50 metr\u00f3w na rolk\u0119. Lub dostosowane Zdolno\u015b\u0107 produkcyjna 1 000 000 metr\u00f3w miesi\u0119cznie Cecha produktu Nasza delikatna syntetyczna sk\u00f3ra z mikrofibry z porami wyr\u00f3\u017cnia si\u0119 szeregiem imponuj\u0105cych funkcji, kt\u00f3re odr\u00f3\u017cniaj\u0105 j\u0105 od tradycyjnych materia\u0142\u00f3w.<\/p>\n<div class=\"clear\"><\/div>\n<\/div>\n<div class=\"feature-item\">\n<img decoding=\"async\" alt=\"Jako WINIW Company Factory Wholesale PU Microfiber Manufacturersmanufacturer, stawiamy na innowacyjno\u015b\u0107 i jako\u015b\u0107, a ta sk\u00f3ra nie jest wyj\u0105tkiem\" class=\"feature-image left\" src=\"\/wp-content\/uploads\/2025\/08\/fine-synthetic-pore-microfiber-leather-for-dress-boot-shoe-lining-30330.jpg\"\/><\/p>\n<h3>Jako WINIW Company Factory Wholesale PU Microfiber Manufacturersmanufacturer, stawiamy na innowacyjno\u015b\u0107 i jako\u015b\u0107, a ta sk\u00f3ra nie jest wyj\u0105tkiem<\/h3>\n<p>Jako WINIW Company Factory Wholesale PU Microfiber Manufacturersmanufacturer, stawiamy na innowacyjno\u015b\u0107 i jako\u015b\u0107, a ta sk\u00f3ra nie jest wyj\u0105tkiem. Jest to <strong>Wodoodporny Faux Leatherman<\/strong> Posiada syntetyczn\u0105 konstrukcj\u0119, kt\u00f3ra jest zar\u00f3wno trwa\u0142a, jak i elastyczna, dzi\u0119ki czemu jest odporna na zu\u017cycie, zachowuj\u0105c jednocze\u015bnie mi\u0119kko\u015b\u0107 i elastyczno\u015b\u0107 w dotyku.<\/p>\n<div class=\"clear\"><\/div>\n<\/div>\n<div class=\"feature-item\">\n<img decoding=\"async\" alt=\"Pory sztucznej sk\u00f3ry s\u0105 starannie zaprojektowane tak, aby przypomina\u0142y naturalne niedoskona\u0142o\u015bci prawdziwej sk\u00f3ry, dodaj\u0105c jej autentyczno\u015bci\" class=\"feature-image left\" src=\"\/wp-content\/uploads\/2025\/08\/fine-synthetic-pore-microfiber-leather-for-dress-boot-shoe-lining-30331.jpg\"\/><\/p>\n<h3>Pory sztucznej sk\u00f3ry s\u0105 starannie zaprojektowane tak, aby przypomina\u0142y naturalne niedoskona\u0142o\u015bci prawdziwej sk\u00f3ry, dodaj\u0105c jej autentyczno\u015bci<\/h3>\n<p>Pory sztucznej sk\u00f3ry s\u0105 starannie zaprojektowane tak, aby przypomina\u0142y naturalne niedoskona\u0142o\u015bci prawdziwej sk\u00f3ry, co zwi\u0119ksza jej autentyczno\u015b\u0107. Dodatkowo, jej wega\u0144ski sk\u0142ad zaspokaja potrzeby rosn\u0105cego rynku \u015bwiadomych ekologicznie konsument\u00f3w, kt\u00f3rzy szukaj\u0105 stylowych alternatyw bez krzywdzenia zwierz\u0105t.<\/p>\n<div class=\"clear\"><\/div>\n<\/div>\n<div class=\"feature-item\">\n<h3>Jego syntetyczny charakter oznacza r\u00f3wnie\u017c, \u017ce jest \u0142atwiejszy w czyszczeniu i konserwacji, dzi\u0119ki czemu d\u0142u\u017cej zachowuje sw\u00f3j nieskazitelny wygl\u0105d<\/h3>\n<p>Jej syntetyczny charakter oznacza r\u00f3wnie\u017c, \u017ce jest \u0142atwiejsza w czyszczeniu i konserwacji, dzi\u0119ki czemu d\u0142u\u017cej zachowuje sw\u00f3j nieskazitelny wygl\u0105d. Og\u00f3lnie rzecz bior\u0105c, nasza delikatna syntetyczna sk\u00f3ra z mikrofibry oferuje po\u0142\u0105czenie estetyki, wydajno\u015bci i trwa\u0142o\u015bci, kt\u00f3re trudno znale\u017a\u0107 gdzie indziej.<\/p>\n<div class=\"clear\"><\/div>\n<\/div>\n<div class=\"feature-item\">\n<img decoding=\"async\" alt=\"Wysoka wytrzyma\u0142o\u015b\u0107 na rozdarcie - sztuczna sk\u00f3ra Ultrasuede z mikrofibry do r\u0119kawiczek rowerowych\" class=\"feature-image left\" src=\"\/wp-content\/uploads\/2025\/08\/07mm-ultrasuede-microfiber-faux-leather-for-cycling-gloves--37882.jpg\"\/><\/p>\n<h3>Wysoka wytrzyma\u0142o\u015b\u0107 na rozerwanie<\/h3>\n<p>Nasza sk\u00f3ra z mikrofibry Ultrasuede charakteryzuje si\u0119 wyj\u0105tkow\u0105 odporno\u015bci\u0105 na rozdarcia, dzi\u0119ki czemu nie p\u0119ka ani nie odkszta\u0142ca si\u0119 \u0142atwo pod wp\u0142ywem napr\u0119\u017ce\u0144. Dzi\u0119ki temu idealnie nadaje si\u0119 do produkt\u00f3w wymagaj\u0105cych trwa\u0142o\u015bci i d\u0142ugotrwa\u0142ej wydajno\u015bci.<\/p>\n<div class=\"clear\"><\/div>\n<\/div>\n<div class=\"feature-item\">\n<img decoding=\"async\" alt=\"Zachowanie kszta\u0142tu - Ultrasuede, mikrofibra, sztuczna sk\u00f3ra dla r\u0119kawiczek kolarskich\" class=\"feature-image right\" src=\"\/wp-content\/uploads\/2025\/08\/07mm-ultrasuede-microfiber-faux-leather-for-cycling-gloves--37883.jpg\"\/><\/p>\n<h3>Nie\u0142atwe do odkszta\u0142cenia<\/h3>\n<p>Poddany specjalnej obr\u00f3bce w celu zachowania oryginalnego kszta\u0142tu, materia\u0142 ten oferuje doskona\u0142\u0105 elastyczno\u015b\u0107 i stabilno\u015b\u0107. Jest odporny na odkszta\u0142cenia spowodowane naciskiem zewn\u0119trznym lub rozci\u0105ganiem, dzi\u0119ki czemu produkty pozostaj\u0105 nienaruszone i atrakcyjne przez d\u0142ugi czas.<\/p>\n<div class=\"clear\"><\/div>\n<\/div>\n<div class=\"feature-item\">\n<img decoding=\"async\" alt=\"Wytrzyma\u0142o\u015b\u0107 - r\u0119kawiczki kolarskie z mikrofibry i sztucznej sk\u00f3ry Ultrasuede\" class=\"feature-image left\" src=\"\/wp-content\/uploads\/2025\/08\/07mm-ultrasuede-microfiber-faux-leather-for-cycling-gloves--37884.jpg\"\/><\/p>\n<h3>Trwa\u0142o\u015b\u0107<\/h3>\n<p>Niezwykle odporny na \u015bcieranie, rozdarcia i przebicia materia\u0142 sprawia, \u017ce r\u0119kawice pozostaj\u0105 w doskona\u0142ym stanie nawet przy d\u0142ugotrwa\u0142ym u\u017cytkowaniu. Zachowuje r\u00f3wnie\u017c doskona\u0142\u0105 zr\u0119czno\u015b\u0107 i wytrzyma\u0142o\u015b\u0107 wysokiej jako\u015bci wyrob\u00f3w sk\u00f3rzanych.<\/p>\n<div class=\"clear\"><\/div>\n<\/div>\n<\/section>\n<section id=\"usage\">\n<h2>U\u017cycie i zastosowania<\/h2>\n<p><img fetchpriority=\"high\" decoding=\"async\" alt=\"Sk\u00f3ra z mikrofibry na podszewk\u0119 buta\" height=\"421\" src=\"\/wp-content\/uploads\/2025\/08\/fine-synthetic-pore-microfiber-leather-for-dress-boot-shoe-lining-30327.jpg\" width=\"1411\"\/><\/p>\n<div class=\"usage-point\">\n<h3>Odkryj <strong>Wysokiej jako\u015bci torby ze sk\u00f3ry wega\u0144skiej<\/strong> Elegancja i wyrafinowanie naszej delikatnej syntetycznej sk\u00f3ry z mikrofibry z porami, skrupulatnie wykonanej przez ekspert\u00f3w z fabryki WINIW Company Wholesale PU Microfiber Manufacturersfactory.<\/h3>\n<p>Odkryj <strong>Wysokiej jako\u015bci torby ze sk\u00f3ry wega\u0144skiej<\/strong> Elegancja i wyrafinowanie naszej delikatnej syntetycznej sk\u00f3ry z mikrofibry z porami, skrupulatnie wykonanej przez ekspert\u00f3w z WINIW Company Factory Wholesale PU Microfiber Manufacturersfactory.<\/p>\n<\/div>\n<div class=\"usage-point\">\n<h3>Jako wiod\u0105ca fabryka WINIW Company Wholesale PU Microfiber Manufacturers specjalizuj\u0105ca si\u0119 w wega\u0144skich i ekologicznych materia\u0142ach, z dum\u0105 przedstawiamy t\u0119 innowacyjn\u0105 sk\u00f3r\u0119 z mikrofibry, kt\u00f3ra na\u015bladuje wygl\u0105d i dotyk prawdziwej sk\u00f3ry, jednocze\u015bnie przestrzegaj\u0105c zr\u00f3wnowa\u017conych praktyk<\/h3>\n<p>Jako wiod\u0105ca fabryka WINIW Company Wholesale PU Microfiber Manufacturers specjalizuj\u0105ca si\u0119 w wega\u0144skich i ekologicznych materia\u0142ach, z dum\u0105 przedstawiamy t\u0119 innowacyjn\u0105 sk\u00f3r\u0119 z mikrofibry, kt\u00f3ra na\u015bladuje wygl\u0105d i dotyk prawdziwej sk\u00f3ry, jednocze\u015bnie przestrzegaj\u0105c zr\u00f3wnowa\u017conych praktyk.<\/p>\n<\/div>\n<div class=\"usage-point\">\n<h3>Nasz <strong>Torby sk\u00f3rzane z drugiej r\u0119ki<\/strong> Delikatna syntetyczna sk\u00f3ra z mikrofibry z porami zosta\u0142a zaprojektowana specjalnie do stosowania w podszewkach but\u00f3w i but\u00f3w, oferuj\u0105c luksusowy dotyk obuwia bez uszczerbku dla wygody i stylu.<\/h3>\n<p>Nasz <strong>Torby sk\u00f3rzane z drugiej r\u0119ki<\/strong> Delikatna syntetyczna sk\u00f3ra z mikrofibry z porami zosta\u0142a zaprojektowana specjalnie do stosowania w podszewkach but\u00f3w wizytowych i but\u00f3w, oferuj\u0105c luksusowy wygl\u0105d obuwia bez uszczerbku dla wygody i stylu.<\/p>\n<\/div>\n<div class=\"usage-point\">\n<h3>Drobiazgowa dba\u0142o\u015b\u0107 o szczeg\u00f3\u0142y w jego porach i fakturze zapewnia p\u0142ynne \u0142\u0105czenie si\u0119 z wysokiej klasy projektami, co czyni go idealnym wyborem dla wymagaj\u0105cych klient\u00f3w, kt\u00f3rzy ceni\u0105 sobie jako\u015b\u0107 i kunszt wykonania <\/h3>\n<p>Drobiazgowa dba\u0142o\u015b\u0107 o szczeg\u00f3\u0142y w porach i fakturze zapewnia p\u0142ynne po\u0142\u0105czenie z wysokiej klasy projektami, co czyni go idealnym wyborem dla wymagaj\u0105cych klient\u00f3w, kt\u00f3rzy ceni\u0105 jako\u015b\u0107 i kunszt.<\/p>\n<\/div>\n<div class=\"usage-point\">\n<h3>Wygodne i oddychaj\u0105ce<\/h3>\n<p>Mi\u0119kki, wygodny i wysoce oddychaj\u0105cy materia\u0142 jest idealny do r\u0119kawiczek rowerowych i innych produkt\u00f3w noszonych przez d\u0142u\u017cszy czas. Utrzymuje d\u0142onie w ch\u0142odzie i sucho\u015bci podczas intensywnych aktywno\u015bci.<\/p>\n<\/div>\n<div class=\"usage-point\">\n<h3>Przyjazny dla \u015brodowiska i zr\u00f3wnowa\u017cony<\/h3>\n<p>Nasza sztuczna sk\u00f3ra z mikrofibry Ultrasuede obejmuje opcje przyjazne dla \u015brodowiska, takie jak warianty wykonane z przetworzonego PET i materia\u0142\u00f3w ro\u015blinnych, zmniejszaj\u0105c wp\u0142yw na \u015brodowisko, oferuj\u0105c jednocze\u015bnie r\u00f3\u017cnorodne tekstury.<\/p>\n<\/div>\n<div class=\"usage-point\">\n<h3>Ochrona antybakteryjna i przeciwpy\u0142owa<\/h3>\n<p>Wybrane warianty charakteryzuj\u0105 si\u0119 w\u0142a\u015bciwo\u015bciami antybakteryjnymi i py\u0142oszczelnymi, spe\u0142niaj\u0105c wysokie standardy higieny idealne dla r\u0119kawic wymagaj\u0105cych \u015bcis\u0142ej kontroli jako\u015bci i bezpiecze\u0144stwa.<\/p>\n<\/div>\n<div class=\"usage-point\">\n<h3>R\u00f3\u017cnorodne scenariusze zastosowa\u0144<\/h3>\n<p>Opr\u00f3cz r\u0119kawiczek rowerowych, nadaje si\u0119 do r\u0119kawiczek z palcami, r\u0119kawic ochronnych i r\u00f3\u017cnych innych rodzaj\u00f3w r\u0119kawic, a tak\u017ce obuwia, odzie\u017cy i akcesori\u00f3w.<\/p>\n<\/div>\n<p><img decoding=\"async\" alt=\"Zastosowania sztucznej sk\u00f3ry z mikrofibry Ultrasuede 0,7 mm w r\u00f3\u017cnych produktach\" class=\"product-image\" src=\"\/wp-content\/uploads\/2025\/08\/07mm-ultrasuede-microfiber-faux-leather-for-cycling-gloves--37885.jpg\"\/><br \/>\n<img decoding=\"async\" alt=\"R\u0119kawiczki kolarskie wykonane z mikrofibry Ultrasuede - przyk\u0142ad produktu\" class=\"product-image\" src=\"\/wp-content\/uploads\/2025\/08\/07mm-ultrasuede-microfiber-faux-leather-for-cycling-gloves--37886.jpg\"\/><br \/>\n<\/section>\n<section id=\"why-choose-us\">\n<h2>Dlaczego warto wybra\u0107 WINIW<\/h2>\n<div class=\"advantage-item\">\n<h3>Nasza przewaga<\/h3>\n<p>WINIW Company Factory Hurtownia producent\u00f3w mikrofibry PU Fabryczna prezentacja produkt\u00f3w<\/p>\n<\/div>\n<div class=\"advantage-item\">\n<h3>Zapewnienie jako\u015bci<\/h3>\n<p>Wdra\u017camy \u015bcis\u0142\u0105 kontrol\u0119 jako\u015bci w ca\u0142ym \u0142a\u0144cuchu produkcji i dostaw, zgodnie z normami ISO9001. Od wyboru surowc\u00f3w po kontrol\u0119 ko\u0144cow\u0105, priorytetowo traktujemy interesy klienta.<\/p>\n<\/div>\n<div class=\"advantage-item\">\n<h3>Profesjonalny zesp\u00f3\u0142 techniczny<\/h3>\n<p>Nasz wyspecjalizowany zesp\u00f3\u0142 techniczny sk\u0142ada si\u0119 z do\u015bwiadczonych profesjonalist\u00f3w z r\u00f3\u017cnych dziedzin, zaanga\u017cowanych w dostarczanie wysokiej jako\u015bci produkt\u00f3w i dostosowanych rozwi\u0105za\u0144.<\/p>\n<\/div>\n<div class=\"advantage-item\">\n<h3>Szeroki zakres zastosowa\u0144<\/h3>\n<p>Nasze materia\u0142y s\u0105 szeroko stosowane w obuwiu, odzie\u017cy, baga\u017cu, wn\u0119trzach samochod\u00f3w, meblach wypoczynkowych i nie tylko.<\/p>\n<\/div>\n<div class=\"advantage-item\">\n<h3>Bogate do\u015bwiadczenie<\/h3>\n<p>Quanzhou WINIW Import &amp; Export Co., Ltd. ma ponad 20-letnie do\u015bwiadczenie w produkcji, oferuj\u0105c doskona\u0142e rozwi\u0105zania dla klient\u00f3w na ca\u0142ym \u015bwiecie.<\/p>\n<\/div>\n<div class=\"advantage-item\">\n<h3>Przyst\u0119pna cena<\/h3>\n<p>Zapewniamy konkurencyjne ceny i doskona\u0142\u0105 obs\u0142ug\u0119 klienta. Popro\u015b o katalog lub odwied\u017a nasz\u0105 fabryk\u0119, aby zapozna\u0107 si\u0119 z naszymi produktami.<\/p>\n<\/div>\n<div class=\"advantage-item\">\n<h3>24-godzinna obs\u0142uga klienta online<\/h3>\n<p>Nasz zesp\u00f3\u0142 jest dost\u0119pny 24 godziny na dob\u0119, 7 dni w tygodniu, aby odpowiada\u0107 na zapytania i szybko reagowa\u0107 na opinie.<\/p>\n<\/div>\n<p><img decoding=\"async\" alt=\"Zak\u0142ad produkcyjny WINIW - proces produkcji sk\u00f3ry z mikrofibry Ultrasuede\" class=\"product-image\" src=\"\/wp-content\/uploads\/2025\/08\/07mm-ultrasuede-microfiber-faux-leather-for-cycling-gloves--37888.jpg\"\/><br \/>\n<\/section>\n<p><\/main><\/p>\n<section id=\"inquiry\">\n<h2 style=\"text-align: center;\">Z powa\u017caniem czekam na Twoje zapytanie!<\/h2>\n<p style=\"text-align: center;\">Skontaktuj si\u0119 z nami ju\u017c dzi\u015b, aby dowiedzie\u0107 si\u0119 wi\u0119cej o naszych produktach i z\u0142o\u017cy\u0107 zam\u00f3wienie.<\/p>\n<\/section>\n\n    <div class=\"xs_social_share_widget xs_share_url after_content \t\tmain_content  wslu-style-1 wslu-share-box-shaped wslu-fill-colored wslu-none wslu-share-horizontal wslu-theme-font-no wslu-main_content\">\n\n\t\t\n        <ul>\n\t\t\t        <\/ul>\n    <\/div>","protected":false},"excerpt":{"rendered":"<div class=\"product-short-description\">Microfiber Shoe Lining Leather Fine Synthetic Pore Microfiber Leather For Dress Boot Shoe Lining WINIW Fine Synthetic Pore Microfiber Leather For Dress Boot Shoe Lining Kluczowe cechy to MicrofiberLeather, WINIW, Width.Idealny dla os\u00f3b poszukuj\u0105cych jako\u015bci i niezawodno\u015bci.<\/p>\n<p>Jako bezpo\u015brednia fabryka, producent i hurtownik mo\u017cemy \u015bci\u015ble kontrolowa\u0107 proces produkcji, aby zapewni\u0107 jako\u015b\u0107 produktu, zapewniaj\u0105c jednocze\u015bnie najkorzystniejsze ceny. Dysponujemy zaawansowanym sprz\u0119tem produkcyjnym i profesjonalnym zespo\u0142em technicznym, aby sprosta\u0107 potrzebom zam\u00f3wie\u0144 na du\u017c\u0105 skal\u0119 i zapewni\u0107 terminow\u0105 dostaw\u0119.<\/p>\n<\/div>","protected":false},"featured_media":3537,"template":"","meta":[],"product_brand":[],"product_cat":[210],"product_tag":[18965],"class_list":{"0":"post-28978","1":"product","2":"type-product","3":"status-publish","4":"has-post-thumbnail","6":"product_cat-microfiber-shoe-lining-leather","7":"product_tag-faux-leather-dress-suppliersfaux-leather-dress-factoryfaux-leather-dress-wholesalepu-leather-dress-wholesalepu-leather-dress-solutionpu-leather-dress-manufacturers","9":"first","10":"instock","11":"product-type-simple"},"_links":{"self":[{"href":"https:\/\/www.eco-leather.com\/pl\/wp-json\/wp\/v2\/product\/28978","targetHints":{"allow":["GET"]}}],"collection":[{"href":"https:\/\/www.eco-leather.com\/pl\/wp-json\/wp\/v2\/product"}],"about":[{"href":"https:\/\/www.eco-leather.com\/pl\/wp-json\/wp\/v2\/types\/product"}],"wp:featuredmedia":[{"embeddable":true,"href":"https:\/\/www.eco-leather.com\/pl\/wp-json\/wp\/v2\/media\/3537"}],"wp:attachment":[{"href":"https:\/\/www.eco-leather.com\/pl\/wp-json\/wp\/v2\/media?parent=28978"}],"wp:term":[{"taxonomy":"product_brand","embeddable":true,"href":"https:\/\/www.eco-leather.com\/pl\/wp-json\/wp\/v2\/product_brand?post=28978"},{"taxonomy":"product_cat","embeddable":true,"href":"https:\/\/www.eco-leather.com\/pl\/wp-json\/wp\/v2\/product_cat?post=28978"},{"taxonomy":"product_tag","embeddable":true,"href":"https:\/\/www.eco-leather.com\/pl\/wp-json\/wp\/v2\/product_tag?post=28978"}],"curies":[{"name":"wp","href":"https:\/\/api.w.org\/{rel}","templated":true}]}}