{"id":28963,"date":"2025-09-07T10:59:17","date_gmt":"2025-09-07T02:59:17","guid":{"rendered":"https:\/\/www.eco-leather.com\/product\/pfas-free-pu-imitation-suede-leather-for-safety-shoes\/"},"modified":"2025-09-07T10:59:19","modified_gmt":"2025-09-07T02:59:19","slug":"pfas-free-pu-imitacja-skory-zamszowej-do-obuwia-ochronnego","status":"publish","type":"product","link":"https:\/\/www.eco-leather.com\/pl\/pfas-free-pu-imitacja-skory-zamszowej-do-obuwia-ochronnego\/","title":{"rendered":"Wolna od PFAS imitacja sk\u00f3ry zamszowej PU dla obuwia ochronnego"},"content":{"rendered":"<h2>Sk\u00f3ra z mikrofibry na podszewk\u0119 buta<\/h2>\n<p><main><\/p>\n<section id=\"product-overview\">\n<h2>Opis produktu<\/h2>\n<p>Produkt <strong>Podeszwa ze sztucznej sk\u00f3ry<\/strong> Wprowadzenie<\/p>\n<p>P\u0142omie\u0144 <strong>Motoryzacja Fotele sk\u00f3rzane Pies s\u0142u\u017cbowy<\/strong> Wodoodporno\u015b\u0107 Wodoodporno\u015b\u0107<\/p>\n<p>Wykonane z wysokiej jako\u015bci materia\u0142\u00f3w z mikrofibry, nasze r\u0119kawiczki Ultrasuede Microfiber Faux Leather 0,7 mm to idealny wyb\u00f3r na r\u0119kawiczki rowerowe. R\u00f3wnowa\u017cy elastyczno\u015b\u0107 i wytrzyma\u0142o\u015b\u0107, oferuj\u0105c wyj\u0105tkow\u0105 oddychalno\u015b\u0107 i w\u0142a\u015bciwo\u015bci odprowadzania wilgoci, aby d\u0142onie by\u0142y ch\u0142odne i suche podczas intensywnych przeja\u017cd\u017cek.<\/p>\n<p>Niezale\u017cnie od tego, czy jeste\u015b profesjonalnym rowerzyst\u0105, czy je\u017adzisz rekreacyjnie, materia\u0142 Microfiber Leather zapewnia niezr\u00f3wnany komfort i ochron\u0119. Jego wysoka odporno\u015b\u0107 na \u015bcieranie i rozdarcia zapewnia d\u0142ugotrwa\u0142\u0105 wydajno\u015b\u0107, a elegancki wygl\u0105d dodaje wyrafinowanego akcentu ka\u017cdemu zestawowi rowerowemu.<\/p>\n<\/section>\n<section id=\"specifications\">\n<h2>Parametry techniczne<\/h2>\n<p>Produkt <strong>Sk\u00f3ra odzie\u017cowa Importowane<\/strong> Specyfikacja<\/p>\n<p><img decoding=\"async\" alt=\"R\u0119kawiczki kolarskie z mikrofibry 0,7 mm Ultrasuede - specyfikacja materia\u0142owa\" class=\"product-image\" src=\"\/wp-content\/uploads\/2025\/08\/07mm-ultrasuede-microfiber-faux-leather-for-cycling-gloves--37881.jpg\"\/><\/p>\n<h3>Parametry produktu<\/h3>\n<ul class=\"parameters-list\">\n<li><span class=\"param-name\">Materia\u0142:<\/span> Mikrofibra + PU<\/li>\n<li><span class=\"param-name\">Kolor:<\/span> Czarny, szary, be\u017cowy (dost\u0119pne kolory niestandardowe)<\/li>\n<li><span class=\"param-name\">Grubo\u015b\u0107:<\/span> 0,6 mm, 0,7 mm, 0,8 mm, 1 mm<\/li>\n<li><span class=\"param-name\">Minimalna ilo\u015b\u0107 zam\u00f3wienia:<\/span> 300 metr\u00f3w bie\u017c\u0105cych<\/li>\n<li><span class=\"param-name\">D\u0142ugo\u015b\u0107 rolki:<\/span> 20-30 m\/rolka<\/li>\n<li><span class=\"param-name\">Czas dostawy:<\/span> 15-20 dni<\/li>\n<li><span class=\"param-name\">Szeroko\u015b\u0107:<\/span> 54\u2033, 137 cm<\/li>\n<li><span class=\"param-name\">Zdolno\u015b\u0107 produkcyjna:<\/span> 1 000 000 metr\u00f3w miesi\u0119cznie<\/li>\n<\/ul>\n<\/section>\n<section id=\"features\">\n<h2>Cechy produktu<\/h2>\n<div class=\"feature-item\">\n<img decoding=\"async\" alt=\"WINIWaterproof Leather Material ServiceCompany Factory Wholesale Fabric Fabric ManufacturersPFAS-free PU imitation suede leather provides industrial-strength protection with sleek, synthetic finish\" class=\"feature-image left\" src=\"\/wp-content\/uploads\/2025\/08\/pfas-free-pu-imitation-suede-leather-for-safety-shoes-30207.jpg\"\/><\/p>\n<h3>WINIW <strong>Obs\u0142uga wodoodpornych materia\u0142\u00f3w sk\u00f3rzanych<\/strong> Company Factory Wholesale Fabric ManufacturersPFAS-free PU imitacja sk\u00f3ry zamszowej zapewnia przemys\u0142ow\u0105 ochron\u0119 z eleganckim, syntetycznym wyko\u0144czeniem<\/h3>\n<p>WINIW <strong>Obs\u0142uga wodoodpornych materia\u0142\u00f3w sk\u00f3rzanych<\/strong> Firma Fabryka Hurtownia Producenci tkaninBezfazowa imitacja sk\u00f3ry zamszowej PU zapewnia przemys\u0142ow\u0105 ochron\u0119 z eleganckim, syntetycznym wyko\u0144czeniem.<\/p>\n<div class=\"clear\"><\/div>\n<\/div>\n<div class=\"feature-item\">\n<img decoding=\"async\" alt=\"Zaprojektowany z my\u015bl\u0105 o obuwiu ochronnym, materia\u0142 ten na\u015bladuje faktur\u0119 naturalnego zamszu, oferuj\u0105c jednocze\u015bnie doskona\u0142\u0105 odporno\u015b\u0107 na wod\u0119 i chemikalia\" class=\"feature-image left\" src=\"\/wp-content\/uploads\/2025\/08\/pfas-free-pu-imitation-suede-leather-for-safety-shoes-30208.jpg\"\/><\/p>\n<h3>Zaprojektowany z my\u015bl\u0105 o obuwiu ochronnym, materia\u0142 ten na\u015bladuje faktur\u0119 naturalnego zamszu, oferuj\u0105c jednocze\u015bnie doskona\u0142\u0105 odporno\u015b\u0107 na wod\u0119 i chemikalia<\/h3>\n<p>Zaprojektowany z my\u015bl\u0105 o obuwiu ochronnym, materia\u0142 ten na\u015bladuje tekstur\u0119 naturalnego zamszu, oferuj\u0105c jednocze\u015bnie doskona\u0142\u0105 odporno\u015b\u0107 na wod\u0119 i chemikalia. Wzmocniony rdze\u0144 PU poch\u0142ania uderzenia podczas ci\u0119\u017ckiej pracy, dzi\u0119ki czemu idealnie nadaje si\u0119 do pracy na budowie lub w magazynie.<\/p>\n<div class=\"clear\"><\/div>\n<\/div>\n<div class=\"feature-item\">\n<img decoding=\"async\" alt=\"Wolny od szkodliwych PFAS, \u0142\u0105czy przyjazno\u015b\u0107 dla \u015brodowiska z wysok\u0105 wydajno\u015bci\u0105\" class=\"feature-image left\" src=\"\/wp-content\/uploads\/2025\/08\/pfas-free-pu-imitation-suede-leather-for-safety-shoes-30209.jpg\"\/><\/p>\n<h3>Wolny od szkodliwych PFAS, \u0142\u0105czy przyjazno\u015b\u0107 dla \u015brodowiska z wysok\u0105 wydajno\u015bci\u0105<\/h3>\n<p>Wolny od szkodliwych PFAS, \u0142\u0105czy przyjazno\u015b\u0107 dla \u015brodowiska z wysok\u0105 wydajno\u015bci\u0105. WINIW <strong>Wodoodporny spray do sk\u00f3ry zamszowej<\/strong> Firma Fabryka Hurtownia Producenci tkaninPFAS-Free PU Imitation Suede to op\u0142acalna alternatywa dla tradycyjnego zamszu.<\/p>\n<div class=\"clear\"><\/div>\n<\/div>\n<div class=\"feature-item\">\n<img decoding=\"async\" alt=\"Dwuwarstwowa konstrukcja \u0142\u0105czy w sobie amortyzowan\u0105 podstaw\u0119 PU, kt\u00f3ra poch\u0142ania wstrz\u0105sy, z wierzchni\u0105 warstw\u0105 inspirowan\u0105 nubukiem, kt\u00f3ra zapewnia przyczepno\u015b\u0107\" class=\"feature-image left\" src=\"\/wp-content\/uploads\/2025\/08\/pfas-free-pu-imitation-suede-leather-for-safety-shoes-30210.jpg\"\/><\/p>\n<h3>Dwuwarstwowa konstrukcja \u0142\u0105czy w sobie amortyzowan\u0105 podstaw\u0119 PU, kt\u00f3ra poch\u0142ania wstrz\u0105sy, z wierzchni\u0105 warstw\u0105 inspirowan\u0105 nubukiem, kt\u00f3ra zapewnia przyczepno\u015b\u0107<\/h3>\n<p>Dwuwarstwowa konstrukcja \u0142\u0105czy w sobie amortyzowan\u0105 podstaw\u0119 PU, kt\u00f3ra poch\u0142ania wstrz\u0105sy, z wierzchni\u0105 warstw\u0105 inspirowan\u0105 nubukiem, kt\u00f3ra zapewnia przyczepno\u015b\u0107. Przetestowany pod k\u0105tem odporno\u015bci na po\u015blizg na mokrych powierzchniach, jest odporny na olej, rozpuszczalniki i \u015bcieranie. Lekka i elastyczna, idealna do but\u00f3w ochronnych wymagaj\u0105cych zwinno\u015bci i trwa\u0142o\u015bci.<\/p>\n<div class=\"clear\"><\/div>\n<\/div>\n<div class=\"feature-item\">\n<img decoding=\"async\" alt=\"Materia\u0142Wodoodporna tkanina sk\u00f3rzanaOdmianaMikrofibraSk\u00f3ra Nazwa marki WINIW Fabryka Hurtownia Producent\u00f3w TkaninSzeroko\u015b\u0107 54\" class=\"feature-image left\" src=\"\/wp-content\/uploads\/2025\/08\/pfas-free-pu-imitation-suede-leather-for-safety-shoes-30211.jpg\"\/><\/p>\n<h3>Materia\u0142 <strong>Wodoodporna tkanina sk\u00f3rzana Odmhsas<\/strong> MikrofibraSk\u00f3ra Nazwa marki WINIW Fabryka Hurtownia Producent\u00f3w TkaninSzeroko\u015b\u0107 54\u2033; 1<\/h3>\n<p>Materia\u0142 <strong>Wodoodporna tkanina sk\u00f3rzana Odmhsas<\/strong> Mikrofibra Sk\u00f3ra Nazwa marki WINIW Fabryka Hurtownia tkanin Producenci Szeroko\u015b\u0107 54 \u2033; 1,37 m Kolor Czerwony, czarny, br\u0105zowy, zielony, zaakceptuj dostosuj Cecha Odporny na zu\u017cycie, wodoodporny, przeciw ple\u015bni, elastyczny Grubo\u015b\u0107 0,6 mm-2,0 mm Miejsce pochodzenia Chiny Dostosowane Tak Czas dostawy Zwykle w ci\u0105gu 15 - 25 dni.<\/p>\n<div class=\"clear\"><\/div>\n<\/div>\n<div class=\"feature-item\">\n<h3>MOQ 300 metr\u00f3w Szczeg\u00f3\u0142y opakowania 30\/50 metr\u00f3w na rolk\u0119<\/h3>\n<p>MOQ 300 metr\u00f3w Szczeg\u00f3\u0142y opakowania 30\/50 metr\u00f3w na rolk\u0119. Lub dostosowane Zdolno\u015b\u0107 produkcyjna 1 000 000 metr\u00f3w miesi\u0119cznie Cecha produktu<\/p>\n<div class=\"clear\"><\/div>\n<\/div>\n<div class=\"feature-item\">\n<img decoding=\"async\" alt=\"Wysoka wytrzyma\u0142o\u015b\u0107 na rozdarcie - sztuczna sk\u00f3ra Ultrasuede z mikrofibry do r\u0119kawiczek rowerowych\" class=\"feature-image left\" src=\"\/wp-content\/uploads\/2025\/08\/07mm-ultrasuede-microfiber-faux-leather-for-cycling-gloves--37882.jpg\"\/><\/p>\n<h3>Wysoka wytrzyma\u0142o\u015b\u0107 na rozerwanie<\/h3>\n<p>Nasza sk\u00f3ra z mikrofibry Ultrasuede charakteryzuje si\u0119 wyj\u0105tkow\u0105 odporno\u015bci\u0105 na rozdarcia, dzi\u0119ki czemu nie p\u0119ka ani nie odkszta\u0142ca si\u0119 \u0142atwo pod wp\u0142ywem napr\u0119\u017ce\u0144. Dzi\u0119ki temu idealnie nadaje si\u0119 do produkt\u00f3w wymagaj\u0105cych trwa\u0142o\u015bci i d\u0142ugotrwa\u0142ej wydajno\u015bci.<\/p>\n<div class=\"clear\"><\/div>\n<\/div>\n<div class=\"feature-item\">\n<img decoding=\"async\" alt=\"Zachowanie kszta\u0142tu - Ultrasuede, mikrofibra, sztuczna sk\u00f3ra dla r\u0119kawiczek kolarskich\" class=\"feature-image right\" src=\"\/wp-content\/uploads\/2025\/08\/07mm-ultrasuede-microfiber-faux-leather-for-cycling-gloves--37883.jpg\"\/><\/p>\n<h3>Nie\u0142atwe do odkszta\u0142cenia<\/h3>\n<p>Poddany specjalnej obr\u00f3bce w celu zachowania oryginalnego kszta\u0142tu, materia\u0142 ten oferuje doskona\u0142\u0105 elastyczno\u015b\u0107 i stabilno\u015b\u0107. Jest odporny na odkszta\u0142cenia spowodowane naciskiem zewn\u0119trznym lub rozci\u0105ganiem, dzi\u0119ki czemu produkty pozostaj\u0105 nienaruszone i atrakcyjne przez d\u0142ugi czas.<\/p>\n<div class=\"clear\"><\/div>\n<\/div>\n<div class=\"feature-item\">\n<img decoding=\"async\" alt=\"Wytrzyma\u0142o\u015b\u0107 - r\u0119kawiczki kolarskie z mikrofibry i sztucznej sk\u00f3ry Ultrasuede\" class=\"feature-image left\" src=\"\/wp-content\/uploads\/2025\/08\/07mm-ultrasuede-microfiber-faux-leather-for-cycling-gloves--37884.jpg\"\/><\/p>\n<h3>Trwa\u0142o\u015b\u0107<\/h3>\n<p>Niezwykle odporny na \u015bcieranie, rozdarcia i przebicia materia\u0142 sprawia, \u017ce r\u0119kawice pozostaj\u0105 w doskona\u0142ym stanie nawet przy d\u0142ugotrwa\u0142ym u\u017cytkowaniu. Zachowuje r\u00f3wnie\u017c doskona\u0142\u0105 zr\u0119czno\u015b\u0107 i wytrzyma\u0142o\u015b\u0107 wysokiej jako\u015bci wyrob\u00f3w sk\u00f3rzanych.<\/p>\n<div class=\"clear\"><\/div>\n<\/div>\n<\/section>\n<p><\/main><\/p>\n<section id=\"inquiry\">\n<h2 style=\"text-align: center;\">Z powa\u017caniem czekam na Twoje zapytanie!<\/h2>\n<p style=\"text-align: center;\">Skontaktuj si\u0119 z nami ju\u017c dzi\u015b, aby dowiedzie\u0107 si\u0119 wi\u0119cej o naszych produktach i z\u0142o\u017cy\u0107 zam\u00f3wienie.<\/p>\n<\/section>\n\n    <div class=\"xs_social_share_widget xs_share_url after_content \t\tmain_content  wslu-style-1 wslu-share-box-shaped wslu-fill-colored wslu-none wslu-share-horizontal wslu-theme-font-no wslu-main_content\">\n\n\t\t\n        <ul>\n\t\t\t        <\/ul>\n    <\/div>","protected":false},"excerpt":{"rendered":"<div class=\"product-short-description\">Sk\u00f3ra do but\u00f3w ochronnych WINIW PFAS Free PU Imitation Suede Leather for Safety Shoes Kluczowe cechy to mikrofibraSk\u00f3ra, WINIW, szeroko\u015b\u0107.Idealne dla os\u00f3b poszukuj\u0105cych jako\u015bci i niezawodno\u015bci.<\/p>\n<p>Jako bezpo\u015brednia fabryka, producent i hurtownik mo\u017cemy \u015bci\u015ble kontrolowa\u0107 proces produkcji, aby zapewni\u0107 jako\u015b\u0107 produktu, zapewniaj\u0105c jednocze\u015bnie najkorzystniejsze ceny. Dysponujemy zaawansowanym sprz\u0119tem produkcyjnym i profesjonalnym zespo\u0142em technicznym, aby sprosta\u0107 potrzebom zam\u00f3wie\u0144 na du\u017c\u0105 skal\u0119 i zapewni\u0107 terminow\u0105 dostaw\u0119.<\/p>\n<\/div>","protected":false},"featured_media":3417,"template":"","meta":[],"product_brand":[],"product_cat":[204],"product_tag":[18957],"class_list":{"0":"post-28963","1":"product","2":"type-product","3":"status-publish","4":"has-post-thumbnail","6":"product_cat-shoe-leather","7":"product_tag-imitation-suede-leathernubuck-leather-safety-shoesnubuck-tumble-leather-safety-shoesnubuck-leather-safety-shoes-suppliernubuck-leather-safety-shoes-suppliersnubuck-leather-safety-shoes-factory","9":"first","10":"instock","11":"product-type-simple"},"_links":{"self":[{"href":"https:\/\/www.eco-leather.com\/pl\/wp-json\/wp\/v2\/product\/28963","targetHints":{"allow":["GET"]}}],"collection":[{"href":"https:\/\/www.eco-leather.com\/pl\/wp-json\/wp\/v2\/product"}],"about":[{"href":"https:\/\/www.eco-leather.com\/pl\/wp-json\/wp\/v2\/types\/product"}],"wp:featuredmedia":[{"embeddable":true,"href":"https:\/\/www.eco-leather.com\/pl\/wp-json\/wp\/v2\/media\/3417"}],"wp:attachment":[{"href":"https:\/\/www.eco-leather.com\/pl\/wp-json\/wp\/v2\/media?parent=28963"}],"wp:term":[{"taxonomy":"product_brand","embeddable":true,"href":"https:\/\/www.eco-leather.com\/pl\/wp-json\/wp\/v2\/product_brand?post=28963"},{"taxonomy":"product_cat","embeddable":true,"href":"https:\/\/www.eco-leather.com\/pl\/wp-json\/wp\/v2\/product_cat?post=28963"},{"taxonomy":"product_tag","embeddable":true,"href":"https:\/\/www.eco-leather.com\/pl\/wp-json\/wp\/v2\/product_tag?post=28963"}],"curies":[{"name":"wp","href":"https:\/\/api.w.org\/{rel}","templated":true}]}}