{"id":28957,"date":"2025-09-07T10:59:17","date_gmt":"2025-09-07T02:59:17","guid":{"rendered":"https:\/\/www.eco-leather.com\/product\/pink-anti-aging-designing-espadrilles-shoe-lining-microfiber-leather\/"},"modified":"2025-09-07T10:59:17","modified_gmt":"2025-09-07T02:59:17","slug":"rozowe-espadryle-przeciw-starzeniu-sie-butow-z-podszewka-z-mikrofibry","status":"publish","type":"product","link":"https:\/\/www.eco-leather.com\/pl\/rozowe-espadryle-przeciw-starzeniu-sie-butow-z-podszewka-z-mikrofibry\/","title":{"rendered":"R\u00f3\u017cowe espadryle przeciwstarzeniowe z wy\u015bci\u00f3\u0142k\u0105 z mikrofibry i sk\u00f3ry"},"content":{"rendered":"<h2>Sk\u00f3ra z mikrofibry na podszewk\u0119 buta<\/h2>\n<p><main><\/p>\n<section id=\"product-overview\">\n<h2>Opis produktu<\/h2>\n<p>Produkt <strong>Podeszwa ze sztucznej sk\u00f3ry<\/strong> Wprowadzenie<\/p>\n<p>Wykonane z wysokiej jako\u015bci materia\u0142\u00f3w z mikrofibry, nasze r\u0119kawiczki Ultrasuede Microfiber Faux Leather 0,7 mm to idealny wyb\u00f3r na r\u0119kawiczki rowerowe. R\u00f3wnowa\u017cy elastyczno\u015b\u0107 i wytrzyma\u0142o\u015b\u0107, oferuj\u0105c wyj\u0105tkow\u0105 oddychalno\u015b\u0107 i w\u0142a\u015bciwo\u015bci odprowadzania wilgoci, aby d\u0142onie by\u0142y ch\u0142odne i suche podczas intensywnych przeja\u017cd\u017cek.<\/p>\n<p>Niezale\u017cnie od tego, czy jeste\u015b profesjonalnym rowerzyst\u0105, czy je\u017adzisz rekreacyjnie, materia\u0142 Microfiber Leather zapewnia niezr\u00f3wnany komfort i ochron\u0119. Jego wysoka odporno\u015b\u0107 na \u015bcieranie i rozdarcia zapewnia d\u0142ugotrwa\u0142\u0105 wydajno\u015b\u0107, a elegancki wygl\u0105d dodaje wyrafinowanego akcentu ka\u017cdemu zestawowi rowerowemu.<\/p>\n<\/section>\n<section id=\"specifications\">\n<h2>Parametry techniczne<\/h2>\n<ul class_=\"parameters-list\">\n<li><span class=\"param-name\">Produkt <strong>Pude\u0142ka ze sztucznej sk\u00f3ry Chiny<\/strong> Specyfikacja WINIW Company Factory Hurtownia Producent\u00f3w Sk\u00f3ry PVCDostosowywana sk\u00f3ra syntetyczna:<\/span> Elegancja, trwa\u0142o\u015b\u0107 i wyb\u00f3r kolor\u00f3w.<\/li>\n<\/ul>\n<p><img decoding=\"async\" alt=\"R\u0119kawiczki kolarskie z mikrofibry 0,7 mm Ultrasuede - specyfikacja materia\u0142owa\" class=\"product-image\" src=\"\/wp-content\/uploads\/2025\/08\/07mm-ultrasuede-microfiber-faux-leather-for-cycling-gloves--37881.jpg\"\/><\/p>\n<h3>Parametry produktu<\/h3>\n<ul class=\"parameters-list\">\n<li><span class=\"param-name\">Materia\u0142:<\/span> Mikrofibra + PU<\/li>\n<li><span class=\"param-name\">Kolor:<\/span> Czarny, szary, be\u017cowy (dost\u0119pne kolory niestandardowe)<\/li>\n<li><span class=\"param-name\">Grubo\u015b\u0107:<\/span> 0,6 mm, 0,7 mm, 0,8 mm, 1 mm<\/li>\n<li><span class=\"param-name\">Minimalna ilo\u015b\u0107 zam\u00f3wienia:<\/span> 300 metr\u00f3w bie\u017c\u0105cych<\/li>\n<li><span class=\"param-name\">D\u0142ugo\u015b\u0107 rolki:<\/span> 20-30 m\/rolka<\/li>\n<li><span class=\"param-name\">Czas dostawy:<\/span> 15-20 dni<\/li>\n<li><span class=\"param-name\">Szeroko\u015b\u0107:<\/span> 54\u2033, 137 cm<\/li>\n<li><span class=\"param-name\">Zdolno\u015b\u0107 produkcyjna:<\/span> 1 000 000 metr\u00f3w miesi\u0119cznie<\/li>\n<\/ul>\n<\/section>\n<section id=\"features\">\n<h2>Cechy produktu<\/h2>\n<div class=\"feature-item\">\n<img decoding=\"async\" alt=\"Rewolucjonizuj\u0105c przemys\u0142 obuwniczy dzi\u0119ki innowacyjno\u015bci i doskona\u0142o\u015bci, WINIW Company Factory Wholesale PVC Leather Manufacturersfactory z dum\u0105 prezentuje nasz\u0105 przeciwstarzeniow\u0105 imitacj\u0119 sk\u00f3ry z mikrofibry, specjalnie dostosowan\u0105 do podszewek but\u00f3w espadryli\" class=\"feature-image left\" src=\"\/wp-content\/uploads\/2025\/08\/pink-anti-aging-designing-espadrilles-shoe-lining-microfiber-leather-30159.jpg\"\/><\/p>\n<h3>Rewolucjonizowanie <strong>Wodoodporny spray do sk\u00f3ry zamszowej<\/strong> w bran\u017cy obuwniczej z innowacyjno\u015bci\u0105 i doskona\u0142o\u015bci\u0105, WINIW Company Factory Wholesale PVC Leather Manufacturersfactory z dum\u0105 prezentuje nasz\u0105 przeciwstarzeniow\u0105 imitacj\u0119 sk\u00f3ry z mikrofibry, specjalnie dostosowan\u0105 do podszewek but\u00f3w espadryli<\/h3>\n<p>Rewolucjonizowanie <strong>Wodoodporny spray do sk\u00f3ry zamszowej<\/strong> w bran\u017cy obuwniczej z innowacyjno\u015bci\u0105 i doskona\u0142o\u015bci\u0105, WINIW Company Factory Wholesale PVC Leather Manufacturersfactory z dum\u0105 prezentuje nasz\u0105 przeciwstarzeniow\u0105 imitacj\u0119 sk\u00f3ry z mikrofibry, specjalnie dostosowan\u0105 do podszewek but\u00f3w espadryli.<\/p>\n<div class=\"clear\"><\/div>\n<\/div>\n<div class=\"feature-item\">\n<img decoding=\"async\" alt=\"Wykonana z precyzj\u0105 i dba\u0142o\u015bci\u0105 o szczeg\u00f3\u0142y, ta sk\u00f3ra z mikrofibry jest \u015bwiadectwem zaanga\u017cowania producenta WINIW Company Wholesale PVC Leather Manufacturers w jako\u015b\u0107 i zr\u00f3wnowa\u017cony rozw\u00f3j.\" class=\"feature-image left\" src=\"\/wp-content\/uploads\/2025\/08\/pink-anti-aging-designing-espadrilles-shoe-lining-microfiber-leather-30160.jpg\"\/><\/p>\n<h3>Wykonana z precyzj\u0105 i dba\u0142o\u015bci\u0105 o szczeg\u00f3\u0142y, ta sk\u00f3ra z mikrofibry jest \u015bwiadectwem zaanga\u017cowania producenta WINIW Company Wholesale PVC Leather Manufacturers w jako\u015b\u0107 i zr\u00f3wnowa\u017cony rozw\u00f3j.<\/h3>\n<p>Wykonana z precyzj\u0105 i dba\u0142o\u015bci\u0105 o szczeg\u00f3\u0142y, ta sk\u00f3ra z mikrofibry jest \u015bwiadectwem zaanga\u017cowania producenta WINIW Company Wholesale PVC Leather Manufacturers w jako\u015b\u0107 i zr\u00f3wnowa\u017cony rozw\u00f3j.<\/p>\n<div class=\"clear\"><\/div>\n<\/div>\n<div class=\"feature-item\">\n<img decoding=\"async\" alt=\"W przeciwie\u0144stwie do tradycyjnych materia\u0142\u00f3w, nasza sk\u00f3ra z mikrofibry \u0142\u0105czy w sobie luksusowy dotyk prawdziwej sk\u00f3ry z trwa\u0142o\u015bci\u0105 i przyjazno\u015bci\u0105 dla \u015brodowiska nowoczesnych materia\u0142\u00f3w syntetycznych\" class=\"feature-image left\" src=\"\/wp-content\/uploads\/2025\/08\/pink-anti-aging-designing-espadrilles-shoe-lining-microfiber-leather-30161.jpg\"\/><\/p>\n<h3>W przeciwie\u0144stwie do tradycyjnych materia\u0142\u00f3w, nasza sk\u00f3ra z mikrofibry \u0142\u0105czy w sobie luksusowy dotyk prawdziwej sk\u00f3ry z trwa\u0142o\u015bci\u0105 i przyjazno\u015bci\u0105 dla \u015brodowiska nowoczesnych materia\u0142\u00f3w syntetycznych<\/h3>\n<p>W przeciwie\u0144stwie do tradycyjnych materia\u0142\u00f3w, nasza sk\u00f3ra z mikrofibry \u0142\u0105czy w sobie luksusowy dotyk prawdziwej sk\u00f3ry z trwa\u0142o\u015bci\u0105 i przyjazno\u015bci\u0105 dla \u015brodowiska nowoczesnych materia\u0142\u00f3w syntetycznych. Zaprojektowany tak, aby by\u0142 odporny na starzenie, materia\u0142 ten zachowuje swoj\u0105 mi\u0119kko\u015b\u0107, \u017cywo\u015b\u0107 kolor\u00f3w i integralno\u015b\u0107 strukturaln\u0105 przez d\u0142u\u017cszy czas, zapewniaj\u0105c, \u017ce ka\u017cda para espadryli wy\u0142o\u017cona nasz\u0105 sk\u00f3r\u0105 pozostaje ponadczasowym arcydzie\u0142em.<\/p>\n<div class=\"clear\"><\/div>\n<\/div>\n<div class=\"feature-item\">\n<img decoding=\"async\" alt=\"WINIWaterproof Faux LeathermanCompany Factory Wholesale PVC Leather Manufacturersfactory najnowocze\u015bniejsze procesy produkcyjne gwarantuj\u0105 bezszwowe wyko\u0144czenie, dzi\u0119ki czemu ta mikrofibra jest idealnym wyborem dla wymagaj\u0105cych projektant\u00f3w i producent\u00f3w obuwia \" class=\"feature-image left\" src=\"\/wp-content\/uploads\/2025\/08\/pink-anti-aging-designing-espadrilles-shoe-lining-microfiber-leather-30162.jpg\"\/><\/p>\n<h3>WINIW <strong>Wodoodporny Faux Leatherman<\/strong> Najnowocze\u015bniejsze procesy produkcyjne firmy Factory Wholesale PVC Leather Manufacturersfactory gwarantuj\u0105 bezszwowe wyko\u0144czenie, dzi\u0119ki czemu ta sk\u00f3ra z mikrofibry jest idealnym wyborem dla wymagaj\u0105cych projektant\u00f3w i producent\u00f3w obuwia <\/h3>\n<p>WINIW <strong>Wodoodporny Faux Leatherman<\/strong> Najnowocze\u015bniejsze procesy produkcyjne firmy Factory Wholesale PVC Leather Manufacturersfactory gwarantuj\u0105 bezszwowe wyko\u0144czenie, dzi\u0119ki czemu ta sk\u00f3ra z mikrofibry jest idealnym wyborem dla wymagaj\u0105cych projektant\u00f3w i producent\u00f3w obuwia.<\/p>\n<div class=\"clear\"><\/div>\n<\/div>\n<div class=\"feature-item\">\n<img decoding=\"async\" alt=\"Materia\u0142 MikrofibraSk\u00f3ra Nazwa marki WINIW Fabryka Hurtownia Producent\u00f3w Sk\u00f3ry PVCSzeroko\u015b\u0107 54\" class=\"feature-image left\" src=\"\/wp-content\/uploads\/2025\/08\/pink-anti-aging-designing-espadrilles-shoe-lining-microfiber-leather-30163.jpg\"\/><\/p>\n<h3>Materia\u0142 MikrofibraSk\u00f3ra Nazwa marki WINIW Fabryka Hurtownia Producent\u00f3w Sk\u00f3ry PVCSzeroko\u015b\u0107 54\u2033; 1<\/h3>\n<p>Materia\u0142 Mikrofibra Sk\u00f3ra Nazwa marki WINIW Fabryka Hurtownia Producent\u00f3w Sk\u00f3ry PVC Szeroko\u015b\u0107 54 \u2033; 1,37 m Kolor Czerwony, Czarny, Br\u0105zowy, Zielony, zaakceptuj dostosuj Cecha Odporny na zu\u017cycie, Wodoodporny, Przeciw ple\u015bni, Elastyczny Grubo\u015b\u0107 0,6 mm-2,0 mm Miejsce pochodzenia Chiny Dostosowane Tak Czas dostawy Zwykle w ci\u0105gu 15 - 25 dni.<\/p>\n<div class=\"clear\"><\/div>\n<\/div>\n<div class=\"feature-item\">\n<h3>MOQ 300 metr\u00f3w Szczeg\u00f3\u0142y opakowania 30\/50 metr\u00f3w na rolk\u0119<\/h3>\n<p>MOQ 300 metr\u00f3w Szczeg\u00f3\u0142y opakowania 30\/50 metr\u00f3w na rolk\u0119. Lub <strong>Wodoodporna tkanina sk\u00f3rzana Odmhsas<\/strong> dostosowane Zdolno\u015b\u0107 produkcyjna 1 000 000 metr\u00f3w miesi\u0119cznie Cecha produktu Wyr\u00f3\u017cniaj\u0105ca si\u0119 mieszank\u0105 wyrafinowania i funkcjonalno\u015bci, imitacja sk\u00f3ry z mikrofibry Anti-Aging od WINIW Company Factory Hurtownia producent\u00f3w sk\u00f3ry PVC oferuje szereg niezwyk\u0142ych cech.<\/p>\n<div class=\"clear\"><\/div>\n<\/div>\n<div class=\"feature-item\">\n<h3>Jego w\u0142a\u015bciwo\u015bci przeciwstarzeniowe zapewniaj\u0105, \u017ce sk\u00f3ra zachowuje swoj\u0105 oryginaln\u0105 tekstur\u0119 i wygl\u0105d, chroni\u0105c przed up\u0142ywem czasu i czynnikami \u015brodowiskowymi, takimi jak promienie UV i wilgo\u0107<\/h3>\n<p>Jego w\u0142a\u015bciwo\u015bci przeciwstarzeniowe zapewniaj\u0105, \u017ce sk\u00f3ra zachowuje swoj\u0105 oryginaln\u0105 tekstur\u0119 i wygl\u0105d, chroni\u0105c przed up\u0142ywem czasu i czynnikami \u015brodowiskowymi, takimi jak promienie UV i wilgo\u0107. Sk\u0142ad mikrofibry zapewnia wyj\u0105tkow\u0105 oddychalno\u015b\u0107, dzi\u0119ki czemu idealnie nadaje si\u0119 do wy\u015bci\u00f3\u0142ek but\u00f3w, poniewa\u017c zwi\u0119ksza komfort, umo\u017cliwiaj\u0105c cyrkulacj\u0119 powietrza, utrzymuj\u0105c stopy w ch\u0142odzie i sucho\u015bci.<\/p>\n<div class=\"clear\"><\/div>\n<\/div>\n<div class=\"feature-item\">\n<h3>Dodatkowo, materia\u0142 ten jest lekki, a jednocze\u015bnie wytrzyma\u0142y, oferuj\u0105c r\u00f3wnowag\u0119 mi\u0119dzy elastyczno\u015bci\u0105 i wytrzyma\u0142o\u015bci\u0105, co ma kluczowe znaczenie dla espadryli, kt\u00f3re cz\u0119sto wymagaj\u0105 delikatnego po\u0142\u0105czenia swobodnej elegancji i wsparcia strukturalnego<\/h3>\n<p>Dodatkowo, materia\u0142 ten jest lekki, a jednocze\u015bnie wytrzyma\u0142y, oferuj\u0105c r\u00f3wnowag\u0119 mi\u0119dzy elastyczno\u015bci\u0105 i wytrzyma\u0142o\u015bci\u0105, co ma kluczowe znaczenie dla espadryli, kt\u00f3re cz\u0119sto wymagaj\u0105 delikatnego po\u0142\u0105czenia swobodnej elegancji i wsparcia strukturalnego.<\/p>\n<div class=\"clear\"><\/div>\n<\/div>\n<div class=\"feature-item\">\n<h3>Zaanga\u017cowanie WINIW Company Factory Wholesale PVC Leather Manufacturersfactory w stosowanie ekologicznych metod produkcji zapewnia, \u017ce ta sk\u00f3ra z mikrofibry nie tylko spe\u0142nia standardy bran\u017cowe, ale tak\u017ce jest zgodna z rosn\u0105cym zapotrzebowaniem konsument\u00f3w na zr\u00f3wnowa\u017con\u0105 mod\u0119<\/h3>\n<p>Zaanga\u017cowanie WINIW Company Factory Wholesale PVC Leather Manufacturersfactory w stosowanie ekologicznych metod produkcji gwarantuje, \u017ce ta sk\u00f3ra z mikrofibry nie tylko spe\u0142nia standardy bran\u017cowe, ale tak\u017ce jest zgodna z rosn\u0105cym zapotrzebowaniem konsument\u00f3w na zr\u00f3wnowa\u017con\u0105 mod\u0119.<\/p>\n<div class=\"clear\"><\/div>\n<\/div>\n<div class=\"feature-item\">\n<h3>\u0141atwo\u015b\u0107 konserwacji, w tym odporno\u015b\u0107 na plamy i zadrapania, dodatkowo podkre\u015bla jej przydatno\u015b\u0107 do zastosowa\u0144 w obuwiu wysokiej klasy <\/h3>\n<p>\u0141atwo\u015b\u0107 konserwacji, w tym odporno\u015b\u0107 na plamy i zadrapania, dodatkowo podkre\u015bla jego przydatno\u015b\u0107 do zastosowa\u0144 w obuwiu wysokiej klasy.<\/p>\n<div class=\"clear\"><\/div>\n<\/div>\n<div class=\"feature-item\">\n<img decoding=\"async\" alt=\"Wysoka wytrzyma\u0142o\u015b\u0107 na rozdarcie - sztuczna sk\u00f3ra Ultrasuede z mikrofibry do r\u0119kawiczek rowerowych\" class=\"feature-image left\" src=\"\/wp-content\/uploads\/2025\/08\/07mm-ultrasuede-microfiber-faux-leather-for-cycling-gloves--37882.jpg\"\/><\/p>\n<h3>Wysoka wytrzyma\u0142o\u015b\u0107 na rozerwanie<\/h3>\n<p>Nasza sk\u00f3ra z mikrofibry Ultrasuede charakteryzuje si\u0119 wyj\u0105tkow\u0105 odporno\u015bci\u0105 na rozdarcia, dzi\u0119ki czemu nie p\u0119ka ani nie odkszta\u0142ca si\u0119 \u0142atwo pod wp\u0142ywem napr\u0119\u017ce\u0144. Dzi\u0119ki temu idealnie nadaje si\u0119 do produkt\u00f3w wymagaj\u0105cych trwa\u0142o\u015bci i d\u0142ugotrwa\u0142ej wydajno\u015bci.<\/p>\n<div class=\"clear\"><\/div>\n<\/div>\n<div class=\"feature-item\">\n<img decoding=\"async\" alt=\"Zachowanie kszta\u0142tu - Ultrasuede, mikrofibra, sztuczna sk\u00f3ra dla r\u0119kawiczek kolarskich\" class=\"feature-image right\" src=\"\/wp-content\/uploads\/2025\/08\/07mm-ultrasuede-microfiber-faux-leather-for-cycling-gloves--37883.jpg\"\/><\/p>\n<h3>Nie\u0142atwe do odkszta\u0142cenia<\/h3>\n<p>Poddany specjalnej obr\u00f3bce w celu zachowania oryginalnego kszta\u0142tu, materia\u0142 ten oferuje doskona\u0142\u0105 elastyczno\u015b\u0107 i stabilno\u015b\u0107. Jest odporny na odkszta\u0142cenia spowodowane naciskiem zewn\u0119trznym lub rozci\u0105ganiem, dzi\u0119ki czemu produkty pozostaj\u0105 nienaruszone i atrakcyjne przez d\u0142ugi czas.<\/p>\n<div class=\"clear\"><\/div>\n<\/div>\n<div class=\"feature-item\">\n<img decoding=\"async\" alt=\"Wytrzyma\u0142o\u015b\u0107 - r\u0119kawiczki kolarskie z mikrofibry i sztucznej sk\u00f3ry Ultrasuede\" class=\"feature-image left\" src=\"\/wp-content\/uploads\/2025\/08\/07mm-ultrasuede-microfiber-faux-leather-for-cycling-gloves--37884.jpg\"\/><\/p>\n<h3>Trwa\u0142o\u015b\u0107<\/h3>\n<p>Niezwykle odporny na \u015bcieranie, rozdarcia i przebicia materia\u0142 sprawia, \u017ce r\u0119kawice pozostaj\u0105 w doskona\u0142ym stanie nawet przy d\u0142ugotrwa\u0142ym u\u017cytkowaniu. Zachowuje r\u00f3wnie\u017c doskona\u0142\u0105 zr\u0119czno\u015b\u0107 i wytrzyma\u0142o\u015b\u0107 wysokiej jako\u015bci wyrob\u00f3w sk\u00f3rzanych.<\/p>\n<div class=\"clear\"><\/div>\n<\/div>\n<\/section>\n<section id=\"why-choose-us\">\n<h2>Dlaczego warto wybra\u0107 WINIW<\/h2>\n<div class=\"advantage-item\">\n<h3>Nasza przewaga<\/h3>\n<p>WINIW Company Factory Hurtownia Producent\u00f3w Sk\u00f3ry PVCFabryczna prezentacja produkt\u00f3w<\/p>\n<\/div>\n<div class=\"advantage-item\">\n<h3>Zapewnienie jako\u015bci<\/h3>\n<p>Wdra\u017camy \u015bcis\u0142\u0105 kontrol\u0119 jako\u015bci w ca\u0142ym \u0142a\u0144cuchu produkcji i dostaw, zgodnie z normami ISO9001. Od wyboru surowc\u00f3w po kontrol\u0119 ko\u0144cow\u0105, priorytetowo traktujemy interesy klienta.<\/p>\n<\/div>\n<div class=\"advantage-item\">\n<h3>Profesjonalny zesp\u00f3\u0142 techniczny<\/h3>\n<p>Nasz wyspecjalizowany zesp\u00f3\u0142 techniczny sk\u0142ada si\u0119 z do\u015bwiadczonych profesjonalist\u00f3w z r\u00f3\u017cnych dziedzin, zaanga\u017cowanych w dostarczanie wysokiej jako\u015bci produkt\u00f3w i dostosowanych rozwi\u0105za\u0144.<\/p>\n<\/div>\n<div class=\"advantage-item\">\n<h3>Szeroki zakres zastosowa\u0144<\/h3>\n<p>Nasze materia\u0142y s\u0105 szeroko stosowane w obuwiu, odzie\u017cy, baga\u017cu, wn\u0119trzach samochod\u00f3w, meblach wypoczynkowych i nie tylko.<\/p>\n<\/div>\n<div class=\"advantage-item\">\n<h3>Bogate do\u015bwiadczenie<\/h3>\n<p>Quanzhou WINIW Import &amp; Export Co., Ltd. ma ponad 20-letnie do\u015bwiadczenie w produkcji, oferuj\u0105c doskona\u0142e rozwi\u0105zania dla klient\u00f3w na ca\u0142ym \u015bwiecie.<\/p>\n<\/div>\n<div class=\"advantage-item\">\n<h3>Przyst\u0119pna cena<\/h3>\n<p>Zapewniamy konkurencyjne ceny i doskona\u0142\u0105 obs\u0142ug\u0119 klienta. Popro\u015b o katalog lub odwied\u017a nasz\u0105 fabryk\u0119, aby zapozna\u0107 si\u0119 z naszymi produktami.<\/p>\n<\/div>\n<div class=\"advantage-item\">\n<h3>24-godzinna obs\u0142uga klienta online<\/h3>\n<p>Nasz zesp\u00f3\u0142 jest dost\u0119pny 24 godziny na dob\u0119, 7 dni w tygodniu, aby odpowiada\u0107 na zapytania i szybko reagowa\u0107 na opinie.<\/p>\n<\/div>\n<p><img decoding=\"async\" alt=\"Zak\u0142ad produkcyjny WINIW - proces produkcji sk\u00f3ry z mikrofibry Ultrasuede\" class=\"product-image\" src=\"\/wp-content\/uploads\/2025\/08\/07mm-ultrasuede-microfiber-faux-leather-for-cycling-gloves--37888.jpg\"\/><br \/>\n<\/section>\n<p><\/main><\/p>\n<section id=\"inquiry\">\n<h2 style=\"text-align: center;\">Z powa\u017caniem czekam na Twoje zapytanie!<\/h2>\n<p style=\"text-align: center;\">Skontaktuj si\u0119 z nami ju\u017c dzi\u015b, aby dowiedzie\u0107 si\u0119 wi\u0119cej o naszych produktach i z\u0142o\u017cy\u0107 zam\u00f3wienie.<\/p>\n<\/section>\n\n    <div class=\"xs_social_share_widget xs_share_url after_content \t\tmain_content  wslu-style-1 wslu-share-box-shaped wslu-fill-colored wslu-none wslu-share-horizontal wslu-theme-font-no wslu-main_content\">\n\n\t\t\n        <ul>\n\t\t\t        <\/ul>\n    <\/div>","protected":false},"excerpt":{"rendered":"<div class=\"product-short-description\">Microfiber Shoe Lining Leather Pink Anti-Aging Designing Espadrilles Shoe Lining Microfiber Leather WINIW Pink Anti-Aging Designing Espadrilles Shoe Lining Microfiber Leather Kluczowe cechy to MicrofiberLeather, WINIW, Width.Idealny dla os\u00f3b poszukuj\u0105cych jako\u015bci i niezawodno\u015bci.<\/p>\n<p>Jako bezpo\u015brednia fabryka, producent i hurtownik mo\u017cemy \u015bci\u015ble kontrolowa\u0107 proces produkcji, aby zapewni\u0107 jako\u015b\u0107 produktu, zapewniaj\u0105c jednocze\u015bnie najkorzystniejsze ceny. Dysponujemy zaawansowanym sprz\u0119tem produkcyjnym i profesjonalnym zespo\u0142em technicznym, aby sprosta\u0107 potrzebom zam\u00f3wie\u0144 na du\u017c\u0105 skal\u0119 i zapewni\u0107 terminow\u0105 dostaw\u0119.<\/p>\n<\/div>","protected":false},"featured_media":3375,"template":"","meta":[],"product_brand":[],"product_cat":[210],"product_tag":[],"class_list":{"0":"post-28957","1":"product","2":"type-product","3":"status-publish","4":"has-post-thumbnail","6":"product_cat-microfiber-shoe-lining-leather","8":"first","9":"instock","10":"product-type-simple"},"_links":{"self":[{"href":"https:\/\/www.eco-leather.com\/pl\/wp-json\/wp\/v2\/product\/28957","targetHints":{"allow":["GET"]}}],"collection":[{"href":"https:\/\/www.eco-leather.com\/pl\/wp-json\/wp\/v2\/product"}],"about":[{"href":"https:\/\/www.eco-leather.com\/pl\/wp-json\/wp\/v2\/types\/product"}],"wp:featuredmedia":[{"embeddable":true,"href":"https:\/\/www.eco-leather.com\/pl\/wp-json\/wp\/v2\/media\/3375"}],"wp:attachment":[{"href":"https:\/\/www.eco-leather.com\/pl\/wp-json\/wp\/v2\/media?parent=28957"}],"wp:term":[{"taxonomy":"product_brand","embeddable":true,"href":"https:\/\/www.eco-leather.com\/pl\/wp-json\/wp\/v2\/product_brand?post=28957"},{"taxonomy":"product_cat","embeddable":true,"href":"https:\/\/www.eco-leather.com\/pl\/wp-json\/wp\/v2\/product_cat?post=28957"},{"taxonomy":"product_tag","embeddable":true,"href":"https:\/\/www.eco-leather.com\/pl\/wp-json\/wp\/v2\/product_tag?post=28957"}],"curies":[{"name":"wp","href":"https:\/\/api.w.org\/{rel}","templated":true}]}}