{"id":28950,"date":"2025-09-07T10:59:07","date_gmt":"2025-09-07T02:59:07","guid":{"rendered":"https:\/\/www.eco-leather.com\/product\/1-6-bright-appearance-synthetic-microfiber-material-for-back-to-school-shoes\/"},"modified":"2025-09-07T10:59:11","modified_gmt":"2025-09-07T02:59:11","slug":"1-6-syntetyczny-material-z-mikrofibry-o-jasnym-wygladzie-do-butow-szkolnych","status":"publish","type":"product","link":"https:\/\/www.eco-leather.com\/pl\/1-6-syntetyczny-material-z-mikrofibry-o-jasnym-wygladzie-do-butow-szkolnych\/","title":{"rendered":"1.6 Jasny wygl\u0105d Syntetyczny materia\u0142 z mikrofibry do but\u00f3w szkolnych"},"content":{"rendered":"<h2>Sztuczna sk\u00f3ra (22).jpg<\/h2>\n<p><main><\/p>\n<section id=\"product-overview\">\n<h2>Opis produktu<\/h2>\n<p>Produkt <strong>Rozwi\u0105zanie materia\u0142owe dla fotelik\u00f3w samochodowych<\/strong> Wprowadzenie<\/p>\n<p>To <strong>Bia\u0142a sukienka z materia\u0142u Meesho<\/strong> Wariant z mikrofibry \u0142\u0105czy b\u0142yszcz\u0105ce wyko\u0144czenie z pigmentami stabilizowanymi promieniami UV, aby zablokowa\u0107 intensywno\u015b\u0107 kolor\u00f3w. G\u0142adka powierzchnia odbija \u015bwiat\u0142o, zapewniaj\u0105c doskona\u0142y wygl\u0105d, a le\u017c\u0105ce pod ni\u0105 elastyczne w\u0142\u00f3kna zapewniaj\u0105 elastyczno\u015b\u0107.<\/p>\n<p>Dost\u0119pne w neonowych akcentach, metalicznych po\u0142yskach i jednolitych jasnych odcieniach, zaspokajaj\u0105 potrzeby modnych i klasycznych projekt\u00f3w but\u00f3w szkolnych. 1. \u017bywe, odporne na blakni\u0119cie kolory Odporne na promieniowanie UV pigmenty zachowuj\u0105 jasno\u015b\u0107 nawet po d\u0142ugotrwa\u0142ej ekspozycji na s\u0142o\u0144ce.<\/p>\n<p>2. Elegancka, nowoczesna estetyka B\u0142yszcz\u0105ce wyko\u0144czenie podnosi atrakcyjno\u015b\u0107 wizualn\u0105 obuwia szkolnego.<\/p>\n<p>Wykonane z wysokiej jako\u015bci materia\u0142\u00f3w z mikrofibry, nasze r\u0119kawiczki Ultrasuede Microfiber Faux Leather 0,7 mm to idealny wyb\u00f3r na r\u0119kawiczki rowerowe. R\u00f3wnowa\u017cy elastyczno\u015b\u0107 i wytrzyma\u0142o\u015b\u0107, oferuj\u0105c wyj\u0105tkow\u0105 oddychalno\u015b\u0107 i w\u0142a\u015bciwo\u015bci odprowadzania wilgoci, aby d\u0142onie by\u0142y ch\u0142odne i suche podczas intensywnych przeja\u017cd\u017cek.<\/p>\n<p>Niezale\u017cnie od tego, czy jeste\u015b profesjonalnym rowerzyst\u0105, czy je\u017adzisz rekreacyjnie, materia\u0142 Microfiber Leather zapewnia niezr\u00f3wnany komfort i ochron\u0119. Jego wysoka odporno\u015b\u0107 na \u015bcieranie i rozdarcia zapewnia d\u0142ugotrwa\u0142\u0105 wydajno\u015b\u0107, a elegancki wygl\u0105d dodaje wyrafinowanego akcentu ka\u017cdemu zestawowi rowerowemu.<\/p>\n<\/section>\n<section id=\"specifications\">\n<h2>Parametry techniczne<\/h2>\n<p>Produkt <strong>Materia\u0142 podszewki obuwia<\/strong> Specyfikacja<\/p>\n<p><img decoding=\"async\" alt=\"R\u0119kawiczki kolarskie z mikrofibry 0,7 mm Ultrasuede - specyfikacja materia\u0142owa\" class=\"product-image\" src=\"\/wp-content\/uploads\/2025\/08\/07mm-ultrasuede-microfiber-faux-leather-for-cycling-gloves--37881.jpg\"\/><\/p>\n<h3>Parametry produktu<\/h3>\n<ul class=\"parameters-list\">\n<li><span class=\"param-name\">Materia\u0142:<\/span> Mikrofibra + PU<\/li>\n<li><span class=\"param-name\">Kolor:<\/span> Czarny, szary, be\u017cowy (dost\u0119pne kolory niestandardowe)<\/li>\n<li><span class=\"param-name\">Grubo\u015b\u0107:<\/span> 0,6 mm, 0,7 mm, 0,8 mm, 1 mm<\/li>\n<li><span class=\"param-name\">Minimalna ilo\u015b\u0107 zam\u00f3wienia:<\/span> 300 metr\u00f3w bie\u017c\u0105cych<\/li>\n<li><span class=\"param-name\">D\u0142ugo\u015b\u0107 rolki:<\/span> 20-30 m\/rolka<\/li>\n<li><span class=\"param-name\">Czas dostawy:<\/span> 15-20 dni<\/li>\n<li><span class=\"param-name\">Szeroko\u015b\u0107:<\/span> 54\u2033, 137 cm<\/li>\n<li><span class=\"param-name\">Zdolno\u015b\u0107 produkcyjna:<\/span> 1 000 000 metr\u00f3w miesi\u0119cznie<\/li>\n<\/ul>\n<\/section>\n<section id=\"features\">\n<h2>Cechy produktu<\/h2>\n<div class=\"feature-item\">\n<img decoding=\"async\" class=\"feature-image left\" src=\"\/wp-content\/uploads\/2025\/08\/16-bright-appearance-synthetic-microfiber-material-for-back-to-school-shoes-30103.jpg\"\/>\" alt=\"WINIW <strong>Obs\u0142uga wodoodpornych materia\u0142\u00f3w sk\u00f3rzanych<\/strong> Company Factory Wholesale Vegan Leather ManufacturersBright Appearance Syntetyczny materia\u0142 z mikrofibry zosta\u0142 zaprojektowany tak, aby buty szkolne wyr\u00f3\u017cnia\u0142y si\u0119 \u017cywymi, odpornymi na blakni\u0119cie kolorami\"&gt;.<\/p>\n<h3>WINIW <strong>Obs\u0142uga wodoodpornych materia\u0142\u00f3w sk\u00f3rzanych<\/strong> Company Factory Wholesale Vegan Leather ManufacturersBright Appearance Syntetyczny materia\u0142 z mikrofibry zosta\u0142 zaprojektowany tak, aby buty szkolne wyr\u00f3\u017cnia\u0142y si\u0119 \u017cywymi, odpornymi na blakni\u0119cie kolorami<\/h3>\n<p>WINIW <strong>Obs\u0142uga wodoodpornych materia\u0142\u00f3w sk\u00f3rzanych<\/strong> Company Factory Wholesale Vegan Leather ManufacturersBright Appearance Syntetyczny materia\u0142 z mikrofibry zosta\u0142 zaprojektowany tak, aby buty szkolne wyr\u00f3\u017cnia\u0142y si\u0119 \u017cywymi, odpornymi na blakni\u0119cie kolorami.<\/p>\n<div class=\"clear\"><\/div>\n<\/div>\n<div class=\"feature-item\">\n<img decoding=\"async\" alt=\"Ta mieszanka mikrofibry o wysokim po\u0142ysku wykorzystuje pigmenty wzmacniaj\u0105ce optycznie, aby stworzy\u0107 odwa\u017cne, przyci\u0105gaj\u0105ce wzrok wyko\u0144czenie, zachowuj\u0105c jednocze\u015bnie trwa\u0142o\u015b\u0107 materia\u0142\u00f3w syntetycznych\" class=\"feature-image left\" src=\"\/wp-content\/uploads\/2025\/08\/16-bright-appearance-synthetic-microfiber-material-for-back-to-school-shoes-30104.jpg\"\/><\/p>\n<h3>Ta mieszanka mikrofibry o wysokim po\u0142ysku wykorzystuje pigmenty wzmacniaj\u0105ce optycznie, aby stworzy\u0107 odwa\u017cne, przyci\u0105gaj\u0105ce wzrok wyko\u0144czenie, zachowuj\u0105c jednocze\u015bnie trwa\u0142o\u015b\u0107 materia\u0142\u00f3w syntetycznych<\/h3>\n<p>Ta mieszanka mikrofibry o wysokim po\u0142ysku wykorzystuje optycznie wzmacniaj\u0105ce pigmenty, aby stworzy\u0107 odwa\u017cne, przyci\u0105gaj\u0105ce wzrok wyko\u0144czenie, zachowuj\u0105c jednocze\u015bnie trwa\u0142o\u015b\u0107 materia\u0142\u00f3w syntetycznych. Doskona\u0142y <strong>Wodoodporny materia\u0142 na sof\u0119 w pobli\u017cu<\/strong> Dla uczni\u00f3w, kt\u00f3rzy chc\u0105 wyrazi\u0107 sw\u00f3j styl, materia\u0142 jest odporny na blakni\u0119cie pod wp\u0142ywem \u015bwiat\u0142a s\u0142onecznego i prania, dzi\u0119ki czemu kolory pozostaj\u0105 \u017cywe przez ca\u0142y rok szkolny.<\/p>\n<div class=\"clear\"><\/div>\n<\/div>\n<div class=\"feature-item\">\n<img decoding=\"async\" class=\"feature-image left\" src=\"\/wp-content\/uploads\/2025\/08\/16-bright-appearance-synthetic-microfiber-material-for-back-to-school-shoes-30105.jpg\">\" alt=\"Jego lekka konstrukcja zwi\u0119ksza zwinno\u015b\u0107, dzi\u0119ki czemu idealnie nadaje si\u0119 do but\u00f3w sportowych lub zwyk\u0142ych sneakers\u00f3w\"&gt;.<\/p>\n<h3>Jego lekka konstrukcja zwi\u0119ksza zwinno\u015b\u0107, dzi\u0119ki czemu idealnie nadaje si\u0119 do but\u00f3w sportowych lub zwyk\u0142ych sneakers\u00f3w<\/h3>\n<p>Jego lekka konstrukcja zwi\u0119ksza zwinno\u015b\u0107, dzi\u0119ki czemu idealnie nadaje si\u0119 do but\u00f3w sportowych lub zwyk\u0142ych trampek. Materia\u0142 <strong>Wodoodporny materia\u0142 sofy dostosowany<\/strong> MikrofibraSk\u00f3ra Nazwa marki WINIW Fabryka Hurtownia Producent\u00f3w Sk\u00f3ry Wega\u0144skiejSzeroko\u015b\u0107 54\u2033;<\/p>\n<div class=\"clear\"><\/div>\n<p><\/img><\/div>\n<div class=\"feature-item\">\n<img decoding=\"async\" alt=\"1\" class=\"feature-image left\" src=\"\/wp-content\/uploads\/2025\/08\/16-bright-appearance-synthetic-microfiber-material-for-back-to-school-shoes-30106.jpg\"\/><\/p>\n<h3>1<\/h3>\n<p>1,37 m Kolor Czerwony, Czarny, Br\u0105zowy, Zielony, zaakceptuj dostosuj Cecha Odporny na zu\u017cycie, Wodoodporny, Przeciw ple\u015bni, Elastyczny Grubo\u015b\u0107 0,6 mm-2,0 mm Miejsce pochodzenia Chiny Dostosowane Tak Czas dostawy Zwykle w ci\u0105gu 15 - 25 dni.<\/p>\n<div class=\"clear\"><\/div>\n<\/div>\n<div class=\"feature-item\">\n<img decoding=\"async\" alt=\"MOQ 300 metr\u00f3w Szczeg\u00f3\u0142y opakowania 30\/50 metr\u00f3w na rolk\u0119\" class=\"feature-image left\" src=\"\/wp-content\/uploads\/2025\/08\/16-bright-appearance-synthetic-microfiber-material-for-back-to-school-shoes-30107.jpg\"\/><\/p>\n<h3>MOQ 300 metr\u00f3w Szczeg\u00f3\u0142y opakowania 30\/50 metr\u00f3w na rolk\u0119<\/h3>\n<p>MOQ 300 metr\u00f3w Szczeg\u00f3\u0142y opakowania 30\/50 metr\u00f3w na rolk\u0119. Lub dostosowane Zdolno\u015b\u0107 produkcyjna 1 000 000 metr\u00f3w miesi\u0119cznie Cecha produktu<\/p>\n<div class=\"clear\"><\/div>\n<\/div>\n<div class=\"feature-item\">\n<img decoding=\"async\" alt=\"Wysoka wytrzyma\u0142o\u015b\u0107 na rozdarcie - sztuczna sk\u00f3ra Ultrasuede z mikrofibry do r\u0119kawiczek rowerowych\" class=\"feature-image left\" src=\"\/wp-content\/uploads\/2025\/08\/07mm-ultrasuede-microfiber-faux-leather-for-cycling-gloves--37882.jpg\"\/><\/p>\n<h3>Wysoka wytrzyma\u0142o\u015b\u0107 na rozerwanie<\/h3>\n<p>Nasza sk\u00f3ra z mikrofibry Ultrasuede charakteryzuje si\u0119 wyj\u0105tkow\u0105 odporno\u015bci\u0105 na rozdarcia, dzi\u0119ki czemu nie p\u0119ka ani nie odkszta\u0142ca si\u0119 \u0142atwo pod wp\u0142ywem napr\u0119\u017ce\u0144. Dzi\u0119ki temu idealnie nadaje si\u0119 do produkt\u00f3w wymagaj\u0105cych trwa\u0142o\u015bci i d\u0142ugotrwa\u0142ej wydajno\u015bci.<\/p>\n<div class=\"clear\"><\/div>\n<\/div>\n<div class=\"feature-item\">\n<img decoding=\"async\" alt=\"Zachowanie kszta\u0142tu - Ultrasuede, mikrofibra, sztuczna sk\u00f3ra dla r\u0119kawiczek kolarskich\" class=\"feature-image right\" src=\"\/wp-content\/uploads\/2025\/08\/07mm-ultrasuede-microfiber-faux-leather-for-cycling-gloves--37883.jpg\"\/><\/p>\n<h3>Nie\u0142atwe do odkszta\u0142cenia<\/h3>\n<p>Poddany specjalnej obr\u00f3bce w celu zachowania oryginalnego kszta\u0142tu, materia\u0142 ten oferuje doskona\u0142\u0105 elastyczno\u015b\u0107 i stabilno\u015b\u0107. Jest odporny na odkszta\u0142cenia spowodowane naciskiem zewn\u0119trznym lub rozci\u0105ganiem, dzi\u0119ki czemu produkty pozostaj\u0105 nienaruszone i atrakcyjne przez d\u0142ugi czas.<\/p>\n<div class=\"clear\"><\/div>\n<\/div>\n<div class=\"feature-item\">\n<img decoding=\"async\" alt=\"Wytrzyma\u0142o\u015b\u0107 - r\u0119kawiczki kolarskie z mikrofibry i sztucznej sk\u00f3ry Ultrasuede\" class=\"feature-image left\" src=\"\/wp-content\/uploads\/2025\/08\/07mm-ultrasuede-microfiber-faux-leather-for-cycling-gloves--37884.jpg\"\/><\/p>\n<h3>Trwa\u0142o\u015b\u0107<\/h3>\n<p>Niezwykle odporny na \u015bcieranie, rozdarcia i przebicia materia\u0142 sprawia, \u017ce r\u0119kawice pozostaj\u0105 w doskona\u0142ym stanie nawet przy d\u0142ugotrwa\u0142ym u\u017cytkowaniu. Zachowuje r\u00f3wnie\u017c doskona\u0142\u0105 zr\u0119czno\u015b\u0107 i wytrzyma\u0142o\u015b\u0107 wysokiej jako\u015bci wyrob\u00f3w sk\u00f3rzanych.<\/p>\n<div class=\"clear\"><\/div>\n<\/div>\n<\/section>\n<p><\/main><\/p>\n<section id=\"inquiry\">\n<h2 style=\"text-align: center;\">Z powa\u017caniem czekam na Twoje zapytanie!<\/h2>\n<p style=\"text-align: center;\">Skontaktuj si\u0119 z nami ju\u017c dzi\u015b, aby dowiedzie\u0107 si\u0119 wi\u0119cej o naszych produktach i z\u0142o\u017cy\u0107 zam\u00f3wienie.<\/p>\n<\/section>\n\n    <div class=\"xs_social_share_widget xs_share_url after_content \t\tmain_content  wslu-style-1 wslu-share-box-shaped wslu-fill-colored wslu-none wslu-share-horizontal wslu-theme-font-no wslu-main_content\">\n\n\t\t\n        <ul>\n\t\t\t        <\/ul>\n    <\/div>","protected":false},"excerpt":{"rendered":"<div class=\"product-short-description\">Sk\u00f3ra obuwnicza 1.6 Jasny wygl\u0105d Syntetyczny materia\u0142 z mikrofibry do but\u00f3w szkolnych WINIW 1.6 Jasny wygl\u0105d Syntetyczny materia\u0142 z mikrofibry do but\u00f3w szkolnych Kluczowe cechy to Sk\u00f3ra z mikrofibry, WINIW, Szeroko\u015b\u0107 Idealny dla os\u00f3b poszukuj\u0105cych jako\u015bci i niezawodno\u015bci.<\/p>\n<p>Jako bezpo\u015brednia fabryka, producent i hurtownik mo\u017cemy \u015bci\u015ble kontrolowa\u0107 proces produkcji, aby zapewni\u0107 jako\u015b\u0107 produktu, zapewniaj\u0105c jednocze\u015bnie najkorzystniejsze ceny. Dysponujemy zaawansowanym sprz\u0119tem produkcyjnym i profesjonalnym zespo\u0142em technicznym, aby sprosta\u0107 potrzebom zam\u00f3wie\u0144 na du\u017c\u0105 skal\u0119 i zapewni\u0107 terminow\u0105 dostaw\u0119.<\/p>\n<\/div>","protected":false},"featured_media":3351,"template":"","meta":[],"product_brand":[],"product_cat":[204],"product_tag":[],"class_list":{"0":"post-28950","1":"product","2":"type-product","3":"status-publish","4":"has-post-thumbnail","6":"product_cat-shoe-leather","8":"first","9":"instock","10":"product-type-simple"},"_links":{"self":[{"href":"https:\/\/www.eco-leather.com\/pl\/wp-json\/wp\/v2\/product\/28950","targetHints":{"allow":["GET"]}}],"collection":[{"href":"https:\/\/www.eco-leather.com\/pl\/wp-json\/wp\/v2\/product"}],"about":[{"href":"https:\/\/www.eco-leather.com\/pl\/wp-json\/wp\/v2\/types\/product"}],"wp:featuredmedia":[{"embeddable":true,"href":"https:\/\/www.eco-leather.com\/pl\/wp-json\/wp\/v2\/media\/3351"}],"wp:attachment":[{"href":"https:\/\/www.eco-leather.com\/pl\/wp-json\/wp\/v2\/media?parent=28950"}],"wp:term":[{"taxonomy":"product_brand","embeddable":true,"href":"https:\/\/www.eco-leather.com\/pl\/wp-json\/wp\/v2\/product_brand?post=28950"},{"taxonomy":"product_cat","embeddable":true,"href":"https:\/\/www.eco-leather.com\/pl\/wp-json\/wp\/v2\/product_cat?post=28950"},{"taxonomy":"product_tag","embeddable":true,"href":"https:\/\/www.eco-leather.com\/pl\/wp-json\/wp\/v2\/product_tag?post=28950"}],"curies":[{"name":"wp","href":"https:\/\/api.w.org\/{rel}","templated":true}]}}