{"id":28898,"date":"2025-09-07T10:58:46","date_gmt":"2025-09-07T02:58:46","guid":{"rendered":"https:\/\/www.eco-leather.com\/product\/strong-stain-resistance-making-sofa-artificial-leather-sheet\/"},"modified":"2025-09-07T10:58:47","modified_gmt":"2025-09-07T02:58:47","slug":"silna-odpornosc-na-plamy-dzieki-czemu-sofa-ze-sztucznej-skory","status":"publish","type":"product","link":"https:\/\/www.eco-leather.com\/pl\/silna-odpornosc-na-plamy-dzieki-czemu-sofa-ze-sztucznej-skory\/","title":{"rendered":"Silna odporno\u015b\u0107 na plamy sprawia, \u017ce sofa jest sztuczn\u0105 sk\u00f3r\u0105"},"content":{"rendered":"<h2>Zastosowanie wysokiej jako\u015bci materia\u0142\u00f3w - sk\u00f3rzane fotele samochodowe Service Dog<\/h2>\n<p><main><\/p>\n<section id=\"product-overview\">\n<h2>Opis produktu<\/h2>\n<p>Szybki <strong>Producent sztucznej sk\u00f3ry<\/strong> Szczeg\u00f3\u0142y: Opis:<\/p>\n<p>Silny <strong>Pude\u0142ka ze sztucznej sk\u00f3ry Chiny<\/strong> Technologia Strong Stain Resistance zastosowana w tym prze\u015bcieradle sprawia, \u017ce jest ono praktycznie odporne na rozlania i plamy.<\/p>\n<p>Niezale\u017cnie od tego, czy masz zwierz\u0119ta, dzieci, czy po prostu niezdarnego przyjaciela, mo\u017cesz spa\u0107 spokojnie, wiedz\u0105c, \u017ce ta syntetyczna sk\u00f3ra b\u0119dzie odporna na plamy i b\u0119dzie wygl\u0105da\u0107 \u015bwietnie przez wiele lat. Idealnie nadaje si\u0119 do ochrony sofy przed codziennym zu\u017cyciem, zapewniaj\u0105c jej nowy wygl\u0105d przez d\u0142ugi czas.<\/p>\n<p>Z <strong>Torby sk\u00f3rzane z drugiej r\u0119ki<\/strong> Oczywi\u015bcie, to nie tylko zalety funkcjonalne, kt\u00f3re wyr\u00f3\u017cniaj\u0105 ten arkusz sztucznej sk\u00f3ry. Jest to r\u00f3wnie\u017c pi\u0119kny i stylowy materia\u0142, kt\u00f3ry idealnie pasuje do ka\u017cdego stylu wystroju.<\/p>\n<p>Niezale\u017cnie od tego, czy preferujesz nowoczesny minimalizm, czy klasyczny tradycyjny styl, ten arkusz jest wystarczaj\u0105co wszechstronny, aby p\u0142ynnie zintegrowa\u0107 si\u0119 z ka\u017cd\u0105 estetyk\u0105 projektu. Dost\u0119pna jest r\u00f3wnie\u017c w r\u00f3\u017cnych kolorach i wyko\u0144czeniach, dzi\u0119ki czemu mo\u017cna znale\u017a\u0107 idealne dopasowanie do w\u0142asnych upodoba\u0144.<\/p>\n<p>Wykonane z wysokiej jako\u015bci materia\u0142\u00f3w z mikrofibry, nasze r\u0119kawiczki Ultrasuede Microfiber Faux Leather 0,7 mm to idealny wyb\u00f3r na r\u0119kawiczki rowerowe. R\u00f3wnowa\u017cy elastyczno\u015b\u0107 i wytrzyma\u0142o\u015b\u0107, oferuj\u0105c wyj\u0105tkow\u0105 oddychalno\u015b\u0107 i w\u0142a\u015bciwo\u015bci odprowadzania wilgoci, aby d\u0142onie by\u0142y ch\u0142odne i suche podczas intensywnych przeja\u017cd\u017cek.<\/p>\n<p>Niezale\u017cnie od tego, czy jeste\u015b profesjonalnym rowerzyst\u0105, czy je\u017adzisz rekreacyjnie, materia\u0142 Microfiber Leather zapewnia niezr\u00f3wnany komfort i ochron\u0119. Jego wysoka odporno\u015b\u0107 na \u015bcieranie i rozdarcia zapewnia d\u0142ugotrwa\u0142\u0105 wydajno\u015b\u0107, a elegancki wygl\u0105d dodaje wyrafinowanego akcentu ka\u017cdemu zestawowi rowerowemu.<\/p>\n<\/section>\n<section id=\"usage\">\n<h2>U\u017cycie i zastosowania<\/h2>\n<p><img decoding=\"async\" _src=\"\/wp-content\/uploads\/2025\/08\/strong-stain-resistance-making-sofa-artificial-leather-sheet-29736.png\" alt=\"Zastosowanie wysokiej jako\u015bci materia\u0142\u00f3w - sk\u00f3rzane fotele samochodowe Service Dog\" src=\"\/wp-content\/uploads\/2025\/08\/strong-stain-resistance-making-sofa-artificial-leather-sheet-29736.png\"\/><\/p>\n<div class=\"usage-point\">\n<h3>Patrz\u0105c <strong>\u015arodek do czyszczenia but\u00f3w ze sk\u00f3ry pu<\/strong> Je\u015bli szukasz trwa\u0142ego i stylowego rozwi\u0105zania dla swoich mebli domowych, nie szukaj dalej ni\u017c Strong Stain Resistance Making Sofa Artificial Leather Sheet! Dzi\u0119ki zaawansowanej technologii materia\u0142owej, ten arkusz sztucznej sk\u00f3ry oferuje wyj\u0105tkow\u0105 odporno\u015b\u0107 na plamy i \u0142atwe czyszczenie, co czyni go idealnym wyborem dla ka\u017cdego gospodarstwa domowego z dzie\u0107mi lub zwierz\u0119tami.<\/h3>\n<p>Patrz\u0105c <strong>\u015arodek do czyszczenia but\u00f3w ze sk\u00f3ry pu<\/strong> Je\u015bli szukasz trwa\u0142ego i stylowego rozwi\u0105zania dla swoich mebli domowych, nie szukaj dalej ni\u017c Strong Stain Resistance Making Sofa Artificial Leather Sheet! Dzi\u0119ki zaawansowanej technologii materia\u0142owej, ten arkusz sztucznej sk\u00f3ry oferuje wyj\u0105tkow\u0105 odporno\u015b\u0107 na plamy i \u0142atwe czyszczenie, co czyni go idealnym wyborem dla ka\u017cdego gospodarstwa domowego z dzie\u0107mi lub zwierz\u0119tami.<\/p>\n<\/div>\n<div class=\"usage-point\">\n<h3>Ponadto elegancki wygl\u0105d i wszechstronne opcje kolorystyczne sprawiaj\u0105, \u017ce jest to stylowy dodatek do ka\u017cdego pomieszczenia<\/h3>\n<p>Ponadto, jego elegancki wygl\u0105d i wszechstronne opcje kolorystyczne sprawiaj\u0105, \u017ce jest stylowym dodatkiem do ka\u017cdego pomieszczenia. Inwestycja <strong>Hurtownia but\u00f3w z mi\u0119kkiej sk\u00f3ry<\/strong> w silnej odporno\u015bci na plamy, dzi\u0119ki czemu sofa ze sztucznej sk\u00f3ry zapewnia d\u0142ugotrwa\u0142y komfort i styl w domu!<\/p>\n<\/div>\n<div class=\"usage-point\">\n<h3>Czy jeste\u015b zm\u0119czony ci\u0105g\u0142ym martwieniem si\u0119 o rozlane p\u0142yny i plamy na swojej sofie Nie szukaj dalej ni\u017c nasza silna odporno\u015b\u0107 na plamy sprawiaj\u0105ca, \u017ce Sofa Sztuczna Sk\u00f3ra Prze\u015bcierad\u0142o<\/h3>\n<p>Czy jeste\u015b zm\u0119czony ci\u0105g\u0142ym martwieniem si\u0119 o rozlane p\u0142yny i plamy na swojej sofie Nie szukaj dalej ni\u017c nasz arkusz sztucznej sk\u00f3ry Sofa o wysokiej odporno\u015bci na plamy. Nasza firma jest zaanga\u017cowana w dostarczanie wysokiej jako\u015bci, trwa\u0142ych i pi\u0119knych materia\u0142\u00f3w do r\u00f3\u017cnych zastosowa\u0144, a ten arkusz sztucznej sk\u00f3ry nie jest wyj\u0105tkiem.<\/p>\n<\/div>\n<div class=\"usage-point\">\n<h3>Nasz <strong>Wysokiej jako\u015bci torby ze sk\u00f3ry wega\u0144skiej<\/strong> Prze\u015bcierad\u0142o ze sztucznej sk\u00f3ry jest r\u00f3wnie\u017c niezwykle \u0142atwe w utrzymaniu, dzi\u0119ki czemu jest idealne dla zapracowanych gospodarstw domowych<\/h3>\n<p>Nasz <strong>Wysokiej jako\u015bci torby ze sk\u00f3ry wega\u0144skiej<\/strong> Prze\u015bcierad\u0142o ze sztucznej sk\u00f3ry jest r\u00f3wnie\u017c niezwykle \u0142atwe w utrzymaniu, dzi\u0119ki czemu jest idealne dla zapracowanych gospodarstw domowych. Jedn\u0105 z g\u0142\u00f3wnych zalet tego materia\u0142u jest to, \u017ce jest niezwykle \u0142atwy w czyszczeniu.<\/p>\n<\/div>\n<div class=\"usage-point\">\n<h3>Wystarczy wilgotna \u015bciereczka i \u0142agodny detergent, aby szybko i \u0142atwo usun\u0105\u0107 wszelkie rozlane p\u0142yny lub plamy.<\/h3>\n<p>Wystarczy wilgotna \u015bciereczka i \u0142agodny detergent, aby szybko i \u0142atwo usun\u0105\u0107 wszelkie rozlane p\u0142yny lub plamy. To sprawia, \u017ce jest to praktyczny i funkcjonalny materia\u0142, kt\u00f3ry jest idealny dla rodzin, zapracowanych profesjonalist\u00f3w i ka\u017cdego, kto chce, aby jego dom wygl\u0105da\u0142 \u015bwietnie bez zbytniego wysi\u0142ku.<\/p>\n<\/div>\n<div class=\"usage-point\">\n<h3>Wygodne i oddychaj\u0105ce<\/h3>\n<p>Mi\u0119kki, wygodny i wysoce oddychaj\u0105cy materia\u0142 jest idealny do r\u0119kawiczek rowerowych i innych produkt\u00f3w noszonych przez d\u0142u\u017cszy czas. Utrzymuje d\u0142onie w ch\u0142odzie i sucho\u015bci podczas intensywnych aktywno\u015bci.<\/p>\n<\/div>\n<div class=\"usage-point\">\n<h3>Przyjazny dla \u015brodowiska i zr\u00f3wnowa\u017cony<\/h3>\n<p>Nasza sztuczna sk\u00f3ra z mikrofibry Ultrasuede obejmuje opcje przyjazne dla \u015brodowiska, takie jak warianty wykonane z przetworzonego PET i materia\u0142\u00f3w ro\u015blinnych, zmniejszaj\u0105c wp\u0142yw na \u015brodowisko, oferuj\u0105c jednocze\u015bnie r\u00f3\u017cnorodne tekstury.<\/p>\n<\/div>\n<div class=\"usage-point\">\n<h3>Ochrona antybakteryjna i przeciwpy\u0142owa<\/h3>\n<p>Wybrane warianty charakteryzuj\u0105 si\u0119 w\u0142a\u015bciwo\u015bciami antybakteryjnymi i py\u0142oszczelnymi, spe\u0142niaj\u0105c wysokie standardy higieny idealne dla r\u0119kawic wymagaj\u0105cych \u015bcis\u0142ej kontroli jako\u015bci i bezpiecze\u0144stwa.<\/p>\n<\/div>\n<div class=\"usage-point\">\n<h3>R\u00f3\u017cnorodne scenariusze zastosowa\u0144<\/h3>\n<p>Opr\u00f3cz r\u0119kawiczek rowerowych, nadaje si\u0119 do r\u0119kawiczek z palcami, r\u0119kawic ochronnych i r\u00f3\u017cnych innych rodzaj\u00f3w r\u0119kawic, a tak\u017ce obuwia, odzie\u017cy i akcesori\u00f3w.<\/p>\n<\/div>\n<p><img decoding=\"async\" alt=\"Zastosowania sztucznej sk\u00f3ry z mikrofibry Ultrasuede 0,7 mm w r\u00f3\u017cnych produktach\" class=\"product-image\" src=\"\/wp-content\/uploads\/2025\/08\/07mm-ultrasuede-microfiber-faux-leather-for-cycling-gloves--37885.jpg\"\/><br \/>\n<img decoding=\"async\" alt=\"R\u0119kawiczki kolarskie wykonane z mikrofibry Ultrasuede - przyk\u0142ad produktu\" class=\"product-image\" src=\"\/wp-content\/uploads\/2025\/08\/07mm-ultrasuede-microfiber-faux-leather-for-cycling-gloves--37886.jpg\"\/><br \/>\n<\/section>\n<p><\/main><\/p>\n<section id=\"inquiry\">\n<h2 style=\"text-align: center;\">Z powa\u017caniem czekam na Twoje zapytanie!<\/h2>\n<p style=\"text-align: center;\">Skontaktuj si\u0119 z nami ju\u017c dzi\u015b, aby dowiedzie\u0107 si\u0119 wi\u0119cej o naszych produktach i z\u0142o\u017cy\u0107 zam\u00f3wienie.<\/p>\n<\/section>\n\n    <div class=\"xs_social_share_widget xs_share_url after_content \t\tmain_content  wslu-style-1 wslu-share-box-shaped wslu-fill-colored wslu-none wslu-share-horizontal wslu-theme-font-no wslu-main_content\">\n\n\t\t\n        <ul>\n\t\t\t        <\/ul>\n    <\/div>","protected":false},"excerpt":{"rendered":"<div class=\"product-short-description\">Domowa tapicerka sk\u00f3rzana Silna odporno\u015b\u0107 na plamy Sofa Sztuczna sk\u00f3ra Arkusz WINIW Silna odporno\u015b\u0107 na plamy Sofa Sztuczna sk\u00f3ra Arkusz Kluczowe cechy obejmuj\u0105: Idealny dla os\u00f3b poszukuj\u0105cych jako\u015bci i niezawodno\u015bci.<\/p>\n<p>Jako bezpo\u015brednia fabryka, producent i hurtownik mo\u017cemy \u015bci\u015ble kontrolowa\u0107 proces produkcji, aby zapewni\u0107 jako\u015b\u0107 produktu, zapewniaj\u0105c jednocze\u015bnie najkorzystniejsze ceny. Dysponujemy zaawansowanym sprz\u0119tem produkcyjnym i profesjonalnym zespo\u0142em technicznym, aby sprosta\u0107 potrzebom zam\u00f3wie\u0144 na du\u017c\u0105 skal\u0119 i zapewni\u0107 terminow\u0105 dostaw\u0119.<\/p>\n<\/div>","protected":false},"featured_media":4898,"template":"","meta":[],"product_brand":[],"product_cat":[284],"product_tag":[18922],"class_list":{"0":"post-28898","1":"product","2":"type-product","3":"status-publish","4":"has-post-thumbnail","6":"product_cat-domestic-upholstery-leather","7":"product_tag-artificial-leather-wallettypes-of-artificial-leatherartificial-leather-cleanerartificial-leather-durabilityartificial-leather-marketartificial-leather-protector","9":"first","10":"instock","11":"product-type-simple"},"_links":{"self":[{"href":"https:\/\/www.eco-leather.com\/pl\/wp-json\/wp\/v2\/product\/28898","targetHints":{"allow":["GET"]}}],"collection":[{"href":"https:\/\/www.eco-leather.com\/pl\/wp-json\/wp\/v2\/product"}],"about":[{"href":"https:\/\/www.eco-leather.com\/pl\/wp-json\/wp\/v2\/types\/product"}],"wp:featuredmedia":[{"embeddable":true,"href":"https:\/\/www.eco-leather.com\/pl\/wp-json\/wp\/v2\/media\/4898"}],"wp:attachment":[{"href":"https:\/\/www.eco-leather.com\/pl\/wp-json\/wp\/v2\/media?parent=28898"}],"wp:term":[{"taxonomy":"product_brand","embeddable":true,"href":"https:\/\/www.eco-leather.com\/pl\/wp-json\/wp\/v2\/product_brand?post=28898"},{"taxonomy":"product_cat","embeddable":true,"href":"https:\/\/www.eco-leather.com\/pl\/wp-json\/wp\/v2\/product_cat?post=28898"},{"taxonomy":"product_tag","embeddable":true,"href":"https:\/\/www.eco-leather.com\/pl\/wp-json\/wp\/v2\/product_tag?post=28898"}],"curies":[{"name":"wp","href":"https:\/\/api.w.org\/{rel}","templated":true}]}}