{"id":28672,"date":"2025-09-07T10:56:39","date_gmt":"2025-09-07T02:56:39","guid":{"rendered":"https:\/\/www.eco-leather.com\/product\/pvc-leather-faux-leather-textured-surface-pvc-material\/"},"modified":"2025-09-07T10:56:44","modified_gmt":"2025-09-07T02:56:44","slug":"skora-pvc-sztuczna-skora-teksturowana-powierzchnia-material-pvc","status":"publish","type":"product","link":"https:\/\/www.eco-leather.com\/pl\/skora-pvc-sztuczna-skora-teksturowana-powierzchnia-material-pvc\/","title":{"rendered":"Sk\u00f3ra PVC Sztuczna sk\u00f3ra Teksturowana powierzchnia Materia\u0142 PVC"},"content":{"rendered":"<h2>Imitacja tkaniny PVC<\/h2>\n<p><main><\/p>\n<section id=\"product-overview\">\n<h2>Opis produktu<\/h2>\n<p>Materia\u0142 <strong>Rozwi\u0105zanie materia\u0142owe dla fotelik\u00f3w samochodowych<\/strong> Wprowadzenie<\/p>\n<p>Odporne na zu\u017cycie, wodoodporne, odporne na ple\u015b\u0144,<\/p>\n<p>Elastyczno\u015b\u0107, ognioodporno\u015b\u0107, odporno\u015b\u0107 na zimno,<\/p>\n<p>Odporno\u015b\u0107 na ple\u015b\u0144, Odporno\u015b\u0107 na warunki atmosferyczne,<\/p>\n<p>Wykonane z wysokiej jako\u015bci materia\u0142\u00f3w z mikrofibry, nasze r\u0119kawiczki Ultrasuede Microfiber Faux Leather 0,7 mm to idealny wyb\u00f3r na r\u0119kawiczki rowerowe. R\u00f3wnowa\u017cy elastyczno\u015b\u0107 i wytrzyma\u0142o\u015b\u0107, oferuj\u0105c wyj\u0105tkow\u0105 oddychalno\u015b\u0107 i w\u0142a\u015bciwo\u015bci odprowadzania wilgoci, aby d\u0142onie by\u0142y ch\u0142odne i suche podczas intensywnych przeja\u017cd\u017cek.<\/p>\n<p>Niezale\u017cnie od tego, czy jeste\u015b profesjonalnym rowerzyst\u0105, czy je\u017adzisz rekreacyjnie, materia\u0142 Microfiber Leather zapewnia niezr\u00f3wnany komfort i ochron\u0119. Jego wysoka odporno\u015b\u0107 na \u015bcieranie i rozdarcia zapewnia d\u0142ugotrwa\u0142\u0105 wydajno\u015b\u0107, a elegancki wygl\u0105d dodaje wyrafinowanego akcentu ka\u017cdemu zestawowi rowerowemu.<\/p>\n<\/section>\n<section id=\"specifications\">\n<h2>Parametry techniczne<\/h2>\n<p>Materia\u0142 <strong>Pude\u0142ka ze sztucznej sk\u00f3ry Chiny<\/strong> Specyfikacja<\/p>\n<p><img decoding=\"async\" alt=\"R\u0119kawiczki kolarskie z mikrofibry 0,7 mm Ultrasuede - specyfikacja materia\u0142owa\" class=\"product-image\" src=\"\/wp-content\/uploads\/2025\/08\/07mm-ultrasuede-microfiber-faux-leather-for-cycling-gloves--37881.jpg\"\/><\/p>\n<h3>Parametry produktu<\/h3>\n<ul class=\"parameters-list\">\n<li><span class=\"param-name\">Materia\u0142:<\/span> Mikrofibra + PU<\/li>\n<li><span class=\"param-name\">Kolor:<\/span> Czarny, szary, be\u017cowy (dost\u0119pne kolory niestandardowe)<\/li>\n<li><span class=\"param-name\">Grubo\u015b\u0107:<\/span> 0,6 mm, 0,7 mm, 0,8 mm, 1 mm<\/li>\n<li><span class=\"param-name\">Minimalna ilo\u015b\u0107 zam\u00f3wienia:<\/span> 300 metr\u00f3w bie\u017c\u0105cych<\/li>\n<li><span class=\"param-name\">D\u0142ugo\u015b\u0107 rolki:<\/span> 20-30 m\/rolka<\/li>\n<li><span class=\"param-name\">Czas dostawy:<\/span> 15-20 dni<\/li>\n<li><span class=\"param-name\">Szeroko\u015b\u0107:<\/span> 54\u2033, 137 cm<\/li>\n<li><span class=\"param-name\">Zdolno\u015b\u0107 produkcyjna:<\/span> 1 000 000 metr\u00f3w miesi\u0119cznie<\/li>\n<\/ul>\n<\/section>\n<section id=\"features\">\n<h2>Cechy produktu<\/h2>\n<div class=\"feature-item\">\n<img decoding=\"async\" alt=\"ElevateWodoodporna sztuczna sk\u00f3ra Spersonalizuj swoje projekty dzi\u0119ki naszej wysokiej jako\u015bci teksturowanej powierzchni imitacji sk\u00f3ry PVC, dostosowanej do potrzeb producent\u00f3w poszukuj\u0105cych wysokiej jako\u015bci materia\u0142\u00f3w przyjaznych dla wegan.\" class=\"feature-image left\" src=\"\/wp-content\/uploads\/2025\/08\/pvc-leather-faux-leather-textured-surface-pvc-material-27248.jpg\"\/><\/p>\n<h3>Elevate <strong>Wodoodporna sztuczna sk\u00f3ra na zam\u00f3wienie<\/strong> Nasze wysokiej jako\u015bci imitacje sk\u00f3ry PVC o teksturowanej powierzchni s\u0105 przeznaczone dla producent\u00f3w poszukuj\u0105cych wysokiej jako\u015bci materia\u0142\u00f3w przyjaznych dla wegan.<\/h3>\n<p>Elevate <strong>Wodoodporna sztuczna sk\u00f3ra na zam\u00f3wienie<\/strong> Nasze wysokiej jako\u015bci imitacje sk\u00f3ry PVC z teksturowan\u0105 powierzchni\u0105 s\u0105 przeznaczone dla producent\u00f3w poszukuj\u0105cych wysokiej jako\u015bci materia\u0142\u00f3w przyjaznych dla wegan.<\/p>\n<div class=\"clear\"><\/div>\n<\/div>\n<div class=\"feature-item\">\n<img decoding=\"async\" alt=\"Jako wiod\u0105ca fabryka w bran\u017cy sztucznej sk\u00f3ry, WINIW Company Factory Wholesale Leatherette Material Manufacturers oferuje t\u0119 syntetyczn\u0105 sk\u00f3r\u0119, kt\u00f3ra \u0142\u0105czy w sobie estetyczny wygl\u0105d z trwa\u0142o\u015bci\u0105\" class=\"feature-image left\" src=\"\/wp-content\/uploads\/2025\/08\/pvc-leather-faux-leather-textured-surface-pvc-material-27249.jpg\"\/><\/p>\n<h3>Jako wiod\u0105ca fabryka w bran\u017cy sztucznej sk\u00f3ry, WINIW Company Factory Wholesale Leatherette Material Manufacturers oferuje t\u0119 syntetyczn\u0105 sk\u00f3r\u0119, kt\u00f3ra \u0142\u0105czy w sobie estetyczny wygl\u0105d z trwa\u0142o\u015bci\u0105<\/h3>\n<p>Jako wiod\u0105ca fabryka w bran\u017cy sztucznej sk\u00f3ry, WINIW Company Factory Wholesale Leatherette Material Manufacturers oferuje t\u0119 syntetyczn\u0105 sk\u00f3r\u0119, kt\u00f3ra \u0142\u0105czy w sobie estetyczny wygl\u0105d z trwa\u0142o\u015bci\u0105. Wykonane <strong>Wodoodporny Faux Leatherman<\/strong> Dzi\u0119ki skrupulatnej dba\u0142o\u015bci o szczeg\u00f3\u0142y, nasza sztuczna sk\u00f3ra ma teksturowan\u0105 powierzchni\u0119, kt\u00f3ra na\u015bladuje wygl\u0105d i dotyk prawdziwej sk\u00f3ry, ale bez uszczerbku dla standard\u00f3w etycznych lub \u015brodowiska.<\/p>\n<div class=\"clear\"><\/div>\n<\/div>\n<div class=\"feature-item\">\n<img decoding=\"async\" alt=\"Materia\u0142 Sk\u00f3ra PVC Nazwa marki WINIW Fabryka Hurtownia materia\u0142\u00f3w ze sztucznej sk\u00f3ry ProducenciSzeroko\u015b\u0107 54\" class=\"feature-image left\" src=\"\/wp-content\/uploads\/2025\/08\/pvc-leather-faux-leather-textured-surface-pvc-material-27250.jpg\"\/><\/p>\n<h3>Materia\u0142 Sk\u00f3ra PVC Nazwa marki WINIW Fabryka Hurtownia Producent\u00f3w Materia\u0142\u00f3w Sk\u00f3rzanych Szeroko\u015b\u0107 54\u2033; 1<\/h3>\n<p>Materia\u0142 Sk\u00f3ra PVC Nazwa marki WINIW Fabryka Hurtownia Producent\u00f3w Materia\u0142\u00f3w Sk\u00f3rzanych Szeroko\u015b\u0107 54\u2033; 1,37m <strong>Hurtownia wodoodpornych materia\u0142\u00f3w na sofy<\/strong> Kolor czerwony, czarny, br\u0105zowy, zielony, mo\u017cna dostosowa\u0107 Cecha Odporno\u015b\u0107 na zu\u017cycie, wodoodporno\u015b\u0107, odporno\u015b\u0107 na ple\u015b\u0144, elastyczno\u015b\u0107, ognioodporno\u015b\u0107, odporno\u015b\u0107 na zimno, odporno\u015b\u0107 na ple\u015b\u0144, odporno\u015b\u0107 na warunki atmosferyczne, odporno\u015b\u0107 na \u015bwiat\u0142o, odporno\u015b\u0107 na krochmalenie Grubo\u015b\u0107 0,6 mm-2,4 mm, mo\u017cna dostosowa\u0107 Miejsce pochodzenia Chiny Dostosowane Tak Czas dostawy Zwykle w ci\u0105gu 15-25 dni.<\/p>\n<div class=\"clear\"><\/div>\n<\/div>\n<div class=\"feature-item\">\n<img decoding=\"async\" alt=\"MOQ 300 metr\u00f3w Szczeg\u00f3\u0142y opakowania 30\/50 metr\u00f3w na rolk\u0119\" class=\"feature-image left\" src=\"\/wp-content\/uploads\/2025\/08\/pvc-leather-faux-leather-textured-surface-pvc-material-27251.jpg\"\/><\/p>\n<h3>MOQ 300 metr\u00f3w Szczeg\u00f3\u0142y opakowania 30\/50 metr\u00f3w na rolk\u0119<\/h3>\n<p>MOQ 300 metr\u00f3w Szczeg\u00f3\u0142y opakowania 30\/50 metr\u00f3w na rolk\u0119. Lub dostosowana zdolno\u015b\u0107 produkcyjna 1 000 000 metr\u00f3w miesi\u0119cznie<\/p>\n<div class=\"clear\"><\/div>\n<\/div>\n<div class=\"feature-item\">\n<img decoding=\"async\" alt=\"Wysoka wytrzyma\u0142o\u015b\u0107 na rozdarcie - sztuczna sk\u00f3ra Ultrasuede z mikrofibry do r\u0119kawiczek rowerowych\" class=\"feature-image left\" src=\"\/wp-content\/uploads\/2025\/08\/07mm-ultrasuede-microfiber-faux-leather-for-cycling-gloves--37882.jpg\"\/><\/p>\n<h3>Wysoka wytrzyma\u0142o\u015b\u0107 na rozerwanie<\/h3>\n<p>Nasza sk\u00f3ra z mikrofibry Ultrasuede charakteryzuje si\u0119 wyj\u0105tkow\u0105 odporno\u015bci\u0105 na rozdarcia, dzi\u0119ki czemu nie p\u0119ka ani nie odkszta\u0142ca si\u0119 \u0142atwo pod wp\u0142ywem napr\u0119\u017ce\u0144. Dzi\u0119ki temu idealnie nadaje si\u0119 do produkt\u00f3w wymagaj\u0105cych trwa\u0142o\u015bci i d\u0142ugotrwa\u0142ej wydajno\u015bci.<\/p>\n<div class=\"clear\"><\/div>\n<\/div>\n<div class=\"feature-item\">\n<img decoding=\"async\" alt=\"Zachowanie kszta\u0142tu - Ultrasuede, mikrofibra, sztuczna sk\u00f3ra dla r\u0119kawiczek kolarskich\" class=\"feature-image right\" src=\"\/wp-content\/uploads\/2025\/08\/07mm-ultrasuede-microfiber-faux-leather-for-cycling-gloves--37883.jpg\"\/><\/p>\n<h3>Nie\u0142atwe do odkszta\u0142cenia<\/h3>\n<p>Poddany specjalnej obr\u00f3bce w celu zachowania oryginalnego kszta\u0142tu, materia\u0142 ten oferuje doskona\u0142\u0105 elastyczno\u015b\u0107 i stabilno\u015b\u0107. Jest odporny na odkszta\u0142cenia spowodowane naciskiem zewn\u0119trznym lub rozci\u0105ganiem, dzi\u0119ki czemu produkty pozostaj\u0105 nienaruszone i atrakcyjne przez d\u0142ugi czas.<\/p>\n<div class=\"clear\"><\/div>\n<\/div>\n<div class=\"feature-item\">\n<img decoding=\"async\" alt=\"Wytrzyma\u0142o\u015b\u0107 - r\u0119kawiczki kolarskie z mikrofibry i sztucznej sk\u00f3ry Ultrasuede\" class=\"feature-image left\" src=\"\/wp-content\/uploads\/2025\/08\/07mm-ultrasuede-microfiber-faux-leather-for-cycling-gloves--37884.jpg\"\/><\/p>\n<h3>Trwa\u0142o\u015b\u0107<\/h3>\n<p>Niezwykle odporny na \u015bcieranie, rozdarcia i przebicia materia\u0142 sprawia, \u017ce r\u0119kawice pozostaj\u0105 w doskona\u0142ym stanie nawet przy d\u0142ugotrwa\u0142ym u\u017cytkowaniu. Zachowuje r\u00f3wnie\u017c doskona\u0142\u0105 zr\u0119czno\u015b\u0107 i wytrzyma\u0142o\u015b\u0107 wysokiej jako\u015bci wyrob\u00f3w sk\u00f3rzanych.<\/p>\n<div class=\"clear\"><\/div>\n<\/div>\n<\/section>\n<section id=\"usage\">\n<h2>U\u017cycie i zastosowania<\/h2>\n<p><img fetchpriority=\"high\" decoding=\"async\" alt=\"Materia\u0142y tekstylne PVC\" height=\"450\" src=\"\/wp-content\/uploads\/2025\/08\/pvc-leather-faux-leather-textured-surface-pvc-material-27252.jpg\" width=\"1055\"\/><\/p>\n<div class=\"usage-point\">\n<h3>Odpowiedni <strong>Sk\u00f3ra odzie\u017cowa Importowane<\/strong> do szerokiego zakresu zastosowa\u0144, ta sk\u00f3ra PVC jest hurtowym faworytem w\u015br\u00f3d producent\u00f3w i dostawc\u00f3w, kt\u00f3rzy chc\u0105 w\u0142\u0105czy\u0107 stylowe, trwa\u0142e elementy do swoich linii produkt\u00f3w<\/h3>\n<p>Odpowiedni <strong>Sk\u00f3ra odzie\u017cowa Importowane<\/strong> Do szerokiego zakresu zastosowa\u0144, ta sk\u00f3ra PVC jest hurtowym faworytem w\u015br\u00f3d producent\u00f3w i dostawc\u00f3w, kt\u00f3rzy chc\u0105 w\u0142\u0105czy\u0107 stylowe, zr\u00f3wnowa\u017cone elementy do swoich linii produkt\u00f3w.<\/p>\n<\/div>\n<div class=\"usage-point\">\n<h3>WINIW Company Factory Wholesale Leatherette Material ManufacturersD\u0105\u017cenie do doskona\u0142o\u015bci zapewnia, \u017ce ka\u017cda rolka spe\u0142nia najwy\u017csze standardy, co czyni j\u0105 idealnym wyborem dla wymagaj\u0105cych klient\u00f3w B2B. <\/h3>\n<p>Fabryka WINIW Hurtownia materia\u0142\u00f3w ze sztucznej sk\u00f3ry Producenci Zobowi\u0105zanie do doskona\u0142o\u015bci zapewnia, \u017ce ka\u017cda rolka spe\u0142nia najwy\u017csze standardy, co czyni j\u0105 idealnym wyborem dla wymagaj\u0105cych klient\u00f3w B2B.<\/p>\n<\/div>\n<div class=\"usage-point\">\n<h3>Wygodne i oddychaj\u0105ce<\/h3>\n<p>Mi\u0119kki, wygodny i wysoce oddychaj\u0105cy materia\u0142 jest idealny do r\u0119kawiczek rowerowych i innych produkt\u00f3w noszonych przez d\u0142u\u017cszy czas. Utrzymuje d\u0142onie w ch\u0142odzie i sucho\u015bci podczas intensywnych aktywno\u015bci.<\/p>\n<\/div>\n<div class=\"usage-point\">\n<h3>Przyjazny dla \u015brodowiska i zr\u00f3wnowa\u017cony<\/h3>\n<p>Nasza sztuczna sk\u00f3ra z mikrofibry Ultrasuede obejmuje opcje przyjazne dla \u015brodowiska, takie jak warianty wykonane z przetworzonego PET i materia\u0142\u00f3w ro\u015blinnych, zmniejszaj\u0105c wp\u0142yw na \u015brodowisko, oferuj\u0105c jednocze\u015bnie r\u00f3\u017cnorodne tekstury.<\/p>\n<\/div>\n<div class=\"usage-point\">\n<h3>Ochrona antybakteryjna i przeciwpy\u0142owa<\/h3>\n<p>Wybrane warianty charakteryzuj\u0105 si\u0119 w\u0142a\u015bciwo\u015bciami antybakteryjnymi i py\u0142oszczelnymi, spe\u0142niaj\u0105c wysokie standardy higieny idealne dla r\u0119kawic wymagaj\u0105cych \u015bcis\u0142ej kontroli jako\u015bci i bezpiecze\u0144stwa.<\/p>\n<\/div>\n<div class=\"usage-point\">\n<h3>R\u00f3\u017cnorodne scenariusze zastosowa\u0144<\/h3>\n<p>Opr\u00f3cz r\u0119kawiczek rowerowych, nadaje si\u0119 do r\u0119kawiczek z palcami, r\u0119kawic ochronnych i r\u00f3\u017cnych innych rodzaj\u00f3w r\u0119kawic, a tak\u017ce obuwia, odzie\u017cy i akcesori\u00f3w.<\/p>\n<\/div>\n<p><img decoding=\"async\" alt=\"Zastosowania sztucznej sk\u00f3ry z mikrofibry Ultrasuede 0,7 mm w r\u00f3\u017cnych produktach\" class=\"product-image\" src=\"\/wp-content\/uploads\/2025\/08\/07mm-ultrasuede-microfiber-faux-leather-for-cycling-gloves--37885.jpg\"\/><br \/>\n<img decoding=\"async\" alt=\"R\u0119kawiczki kolarskie wykonane z mikrofibry Ultrasuede - przyk\u0142ad produktu\" class=\"product-image\" src=\"\/wp-content\/uploads\/2025\/08\/07mm-ultrasuede-microfiber-faux-leather-for-cycling-gloves--37886.jpg\"\/><br \/>\n<\/section>\n<p><\/main><\/p>\n<section id=\"inquiry\">\n<h2 style=\"text-align: center;\">Z powa\u017caniem czekam na Twoje zapytanie!<\/h2>\n<p style=\"text-align: center;\">Skontaktuj si\u0119 z nami ju\u017c dzi\u015b, aby dowiedzie\u0107 si\u0119 wi\u0119cej o naszych produktach i z\u0142o\u017cy\u0107 zam\u00f3wienie.<\/p>\n<\/section>\n\n    <div class=\"xs_social_share_widget xs_share_url after_content \t\tmain_content  wslu-style-1 wslu-share-box-shaped wslu-fill-colored wslu-none wslu-share-horizontal wslu-theme-font-no wslu-main_content\">\n\n\t\t\n        <ul>\n\t\t\t        <\/ul>\n    <\/div>","protected":false},"excerpt":{"rendered":"<div class=\"product-short-description\">PVC Leather PVC Leather Faux Leather Textured Surface PVC Material WINIW PVC Leather Faux Leather Textured Surface PVC Material Key features include PVC Leather, WINIW, Width.Ideal for those seeking quality and reliability.<\/p>\n<p>Jako bezpo\u015brednia fabryka, producent i hurtownik mo\u017cemy \u015bci\u015ble kontrolowa\u0107 proces produkcji, aby zapewni\u0107 jako\u015b\u0107 produktu, zapewniaj\u0105c jednocze\u015bnie najkorzystniejsze ceny. Dysponujemy zaawansowanym sprz\u0119tem produkcyjnym i profesjonalnym zespo\u0142em technicznym, aby sprosta\u0107 potrzebom zam\u00f3wie\u0144 na du\u017c\u0105 skal\u0119 i zapewni\u0107 terminow\u0105 dostaw\u0119.<\/p>\n<\/div>","protected":false},"featured_media":2645,"template":"","meta":[],"product_brand":[],"product_cat":[129],"product_tag":[18792],"class_list":{"0":"post-28672","1":"product","2":"type-product","3":"status-publish","4":"has-post-thumbnail","6":"product_cat-pvc-leather","7":"product_tag-microfiber-pvc-leather-for-bagssoft-pu-pvc-leather-footballpu-and-pvc-leatherautomotive-pvc-leather-manufacturersautomotive-pvc-leather-dealerautomotive-pvc-leather-distributor","9":"first","10":"instock","11":"product-type-simple"},"_links":{"self":[{"href":"https:\/\/www.eco-leather.com\/pl\/wp-json\/wp\/v2\/product\/28672","targetHints":{"allow":["GET"]}}],"collection":[{"href":"https:\/\/www.eco-leather.com\/pl\/wp-json\/wp\/v2\/product"}],"about":[{"href":"https:\/\/www.eco-leather.com\/pl\/wp-json\/wp\/v2\/types\/product"}],"wp:featuredmedia":[{"embeddable":true,"href":"https:\/\/www.eco-leather.com\/pl\/wp-json\/wp\/v2\/media\/2645"}],"wp:attachment":[{"href":"https:\/\/www.eco-leather.com\/pl\/wp-json\/wp\/v2\/media?parent=28672"}],"wp:term":[{"taxonomy":"product_brand","embeddable":true,"href":"https:\/\/www.eco-leather.com\/pl\/wp-json\/wp\/v2\/product_brand?post=28672"},{"taxonomy":"product_cat","embeddable":true,"href":"https:\/\/www.eco-leather.com\/pl\/wp-json\/wp\/v2\/product_cat?post=28672"},{"taxonomy":"product_tag","embeddable":true,"href":"https:\/\/www.eco-leather.com\/pl\/wp-json\/wp\/v2\/product_tag?post=28672"}],"curies":[{"name":"wp","href":"https:\/\/api.w.org\/{rel}","templated":true}]}}