{"id":28664,"date":"2025-09-07T10:56:39","date_gmt":"2025-09-07T02:56:39","guid":{"rendered":"https:\/\/www.eco-leather.com\/product\/1-5mm-black-faux-leather-synthetic-pvc-polished-high-gloss-surface\/"},"modified":"2025-09-07T10:56:42","modified_gmt":"2025-09-07T02:56:42","slug":"1-5-mm-czarna-sztuczna-skora-syntetyczna-pcv-polerowana-na-wysoki-polysk","status":"publish","type":"product","link":"https:\/\/www.eco-leather.com\/pl\/1-5-mm-czarna-sztuczna-skora-syntetyczna-pcv-polerowana-na-wysoki-polysk\/","title":{"rendered":"1,5 mm czarna sztuczna sk\u00f3ra syntetyczna PVC z polerowan\u0105 powierzchni\u0105 o wysokim po\u0142ysku"},"content":{"rendered":"<h2>Imitacja tkaniny PVC<\/h2>\n<p><main><\/p>\n<section id=\"product-overview\">\n<h2>Opis produktu<\/h2>\n<p>Materia\u0142 <strong>Faux Leather Spandex<\/strong> Wprowadzenie<\/p>\n<p>Nosi\u0107 <strong>Motoryzacja Fotele sk\u00f3rzane Pies s\u0142u\u017cbowy<\/strong> Odporny, wodoodporny, odporny na ple\u015b\u0144, elastyczny, ognioodporny, odporny na zimno, odporny na ple\u015b\u0144, odporny na warunki atmosferyczne, odporny na \u015bwiat\u0142o, odporny na p\u0119kni\u0119cia<\/p>\n<p>Wykonane z wysokiej jako\u015bci materia\u0142\u00f3w z mikrofibry, nasze r\u0119kawiczki Ultrasuede Microfiber Faux Leather 0,7 mm to idealny wyb\u00f3r na r\u0119kawiczki rowerowe. R\u00f3wnowa\u017cy elastyczno\u015b\u0107 i wytrzyma\u0142o\u015b\u0107, oferuj\u0105c wyj\u0105tkow\u0105 oddychalno\u015b\u0107 i w\u0142a\u015bciwo\u015bci odprowadzania wilgoci, aby d\u0142onie by\u0142y ch\u0142odne i suche podczas intensywnych przeja\u017cd\u017cek.<\/p>\n<p>Niezale\u017cnie od tego, czy jeste\u015b profesjonalnym rowerzyst\u0105, czy je\u017adzisz rekreacyjnie, materia\u0142 Microfiber Leather zapewnia niezr\u00f3wnany komfort i ochron\u0119. Jego wysoka odporno\u015b\u0107 na \u015bcieranie i rozdarcia zapewnia d\u0142ugotrwa\u0142\u0105 wydajno\u015b\u0107, a elegancki wygl\u0105d dodaje wyrafinowanego akcentu ka\u017cdemu zestawowi rowerowemu.<\/p>\n<\/section>\n<section id=\"specifications\">\n<h2>Parametry techniczne<\/h2>\n<p>Materia\u0142 <strong>Pude\u0142ka ze sztucznej sk\u00f3ry Chiny<\/strong> Specyfikacja<\/p>\n<p><img decoding=\"async\" alt=\"R\u0119kawiczki kolarskie z mikrofibry 0,7 mm Ultrasuede - specyfikacja materia\u0142owa\" class=\"product-image\" src=\"\/wp-content\/uploads\/2025\/08\/07mm-ultrasuede-microfiber-faux-leather-for-cycling-gloves--37881.jpg\"\/><\/p>\n<h3>Parametry produktu<\/h3>\n<ul class=\"parameters-list\">\n<li><span class=\"param-name\">Materia\u0142:<\/span> Mikrofibra + PU<\/li>\n<li><span class=\"param-name\">Kolor:<\/span> Czarny, szary, be\u017cowy (dost\u0119pne kolory niestandardowe)<\/li>\n<li><span class=\"param-name\">Grubo\u015b\u0107:<\/span> 0,6 mm, 0,7 mm, 0,8 mm, 1 mm<\/li>\n<li><span class=\"param-name\">Minimalna ilo\u015b\u0107 zam\u00f3wienia:<\/span> 300 metr\u00f3w bie\u017c\u0105cych<\/li>\n<li><span class=\"param-name\">D\u0142ugo\u015b\u0107 rolki:<\/span> 20-30 m\/rolka<\/li>\n<li><span class=\"param-name\">Czas dostawy:<\/span> 15-20 dni<\/li>\n<li><span class=\"param-name\">Szeroko\u015b\u0107:<\/span> 54\u2033, 137 cm<\/li>\n<li><span class=\"param-name\">Zdolno\u015b\u0107 produkcyjna:<\/span> 1 000 000 metr\u00f3w miesi\u0119cznie<\/li>\n<\/ul>\n<\/section>\n<section id=\"features\">\n<h2>Cechy produktu<\/h2>\n<div class=\"feature-item\">\n<img decoding=\"async\" alt=\"Odkryj rewolucyjny skok w sztucznej sk\u00f3rze dzi\u0119ki naszej polerowanej syntetycznej sk\u00f3rze kompozytowej PVC o wysokim po\u0142ysku, starannie wykonanej przez WINIW Company Factory Wholesale Imitation Leather Manufacturers, wiod\u0105c\u0105 fabryk\u0119 i hurtowego dostawc\u0119 w produkcji materia\u0142\u00f3w ze sztucznej sk\u00f3ry\" class=\"feature-image left\" src=\"\/wp-content\/uploads\/2025\/08\/15mm-black-faux-leather-synthetic-pvc-polished-high-gloss-surface--27176.jpg\"\/><\/p>\n<h3>Odkryj <strong>Wodoodporny Faux Leatherman<\/strong> rewolucyjny skok w sztucznej sk\u00f3rze dzi\u0119ki naszej polerowanej syntetycznej sk\u00f3rze kompozytowej PVC o wysokim po\u0142ysku, skrupulatnie wykonanej przez WINIW Company Factory Wholesale Imitation Leather Manufacturers, wiod\u0105c\u0105 fabryk\u0119 i hurtowego dostawc\u0119 w produkcji materia\u0142\u00f3w ze sztucznej sk\u00f3ry<\/h3>\n<p>Odkryj <strong>Wodoodporny Faux Leatherman<\/strong> rewolucyjny skok w sztucznej sk\u00f3rze dzi\u0119ki naszej polerowanej syntetycznej sk\u00f3rze kompozytowej PVC o wysokim po\u0142ysku, starannie wykonanej przez WINIW Company Factory Wholesale Imitation Leather Manufacturers, wiod\u0105c\u0105 fabryk\u0119 i hurtowego dostawc\u0119 w produkcji materia\u0142\u00f3w ze sztucznej sk\u00f3ry.<\/p>\n<div class=\"clear\"><\/div>\n<\/div>\n<div class=\"feature-item\">\n<img decoding=\"async\" alt=\"Zaprojektowany dla producent\u00f3w i dostawc\u00f3w poszukuj\u0105cych wysokiej jako\u015bci, przyjaznej dla wegan alternatywy dla tradycyjnej sk\u00f3ry, ten syntetyczny kompozyt oferuje niezr\u00f3wnane po\u0142\u0105czenie estetyki i trwa\u0142o\u015bci\" class=\"feature-image left\" src=\"\/wp-content\/uploads\/2025\/08\/15mm-black-faux-leather-synthetic-pvc-polished-high-gloss-surface--27177.jpg\"\/><\/p>\n<h3>Zaprojektowany dla producent\u00f3w i dostawc\u00f3w poszukuj\u0105cych wysokiej jako\u015bci, przyjaznej dla wegan alternatywy dla tradycyjnej sk\u00f3ry, ten syntetyczny kompozyt oferuje niezr\u00f3wnane po\u0142\u0105czenie estetyki i trwa\u0142o\u015bci<\/h3>\n<p>Zaprojektowany dla producent\u00f3w i dostawc\u00f3w poszukuj\u0105cych wysokiej jako\u015bci, przyjaznej dla wegan alternatywy dla tradycyjnej sk\u00f3ry, ten syntetyczny kompozyt oferuje niezr\u00f3wnane po\u0142\u0105czenie estetyki i trwa\u0142o\u015bci. Dopasowany <strong>Sk\u00f3ra zamszowa Wodoodporny import<\/strong> Specjalnie dla bran\u017c wymagaj\u0105cych doskona\u0142o\u015bci zar\u00f3wno pod wzgl\u0119dem wygl\u0105du, jak i wydajno\u015bci, jest \u015bwiadectwem naszego zaanga\u017cowania w innowacje i zr\u00f3wnowa\u017cony rozw\u00f3j.<\/p>\n<div class=\"clear\"><\/div>\n<\/div>\n<div class=\"feature-item\">\n<img decoding=\"async\" alt=\"Materia\u0142 Sk\u00f3ra PVC Nazwa marki WINIW Fabryka Hurtownia Producent\u00f3w Sztucznej Sk\u00f3ry Szeroko\u015b\u0107 54\" class=\"feature-image left\" src=\"\/wp-content\/uploads\/2025\/08\/15mm-black-faux-leather-synthetic-pvc-polished-high-gloss-surface--27178.jpg\"\/><\/p>\n<h3>Materia\u0142 Sk\u00f3ra PVC Nazwa marki WINIW Fabryka Hurtownia Imitacji Sk\u00f3ry Producenci Szeroko\u015b\u0107 54\u2033; 1<\/h3>\n<p>Materia\u0142 Sk\u00f3ra PVC Nazwa marki WINIW Fabryka Hurtownia Producent\u00f3w Sztucznej Sk\u00f3ry Szeroko\u015b\u0107 54\u2033; 1,37m <strong>Obs\u0142uga wodoodpornych materia\u0142\u00f3w sk\u00f3rzanych<\/strong> Kolor czerwony, czarny, br\u0105zowy, zielony, mo\u017cna dostosowa\u0107 Cecha Odporno\u015b\u0107 na zu\u017cycie, wodoodporno\u015b\u0107, odporno\u015b\u0107 na ple\u015b\u0144, elastyczno\u015b\u0107, ognioodporno\u015b\u0107, odporno\u015b\u0107 na zimno, odporno\u015b\u0107 na ple\u015b\u0144, odporno\u015b\u0107 na warunki atmosferyczne, odporno\u015b\u0107 na \u015bwiat\u0142o, odporno\u015b\u0107 na krochmalenie Grubo\u015b\u0107 0,6 mm-2,4 mm, mo\u017cna dostosowa\u0107 Miejsce pochodzenia Chiny Dostosowane Tak Czas dostawy Zwykle w ci\u0105gu 15-25 dni.<\/p>\n<div class=\"clear\"><\/div>\n<\/div>\n<div class=\"feature-item\">\n<img decoding=\"async\" alt=\"MOQ 300 metr\u00f3w Szczeg\u00f3\u0142y opakowania 30\/50 metr\u00f3w na rolk\u0119\" class=\"feature-image left\" src=\"\/wp-content\/uploads\/2025\/08\/15mm-black-faux-leather-synthetic-pvc-polished-high-gloss-surface--27179.jpg\"\/><\/p>\n<h3>MOQ 300 metr\u00f3w Szczeg\u00f3\u0142y opakowania 30\/50 metr\u00f3w na rolk\u0119<\/h3>\n<p>MOQ 300 metr\u00f3w Szczeg\u00f3\u0142y opakowania 30\/50 metr\u00f3w na rolk\u0119. Lub dostosowana zdolno\u015b\u0107 produkcyjna 1 000 000 metr\u00f3w miesi\u0119cznie<\/p>\n<div class=\"clear\"><\/div>\n<\/div>\n<div class=\"feature-item\">\n<img decoding=\"async\" alt=\"Wysoka wytrzyma\u0142o\u015b\u0107 na rozdarcie - sztuczna sk\u00f3ra Ultrasuede z mikrofibry do r\u0119kawiczek rowerowych\" class=\"feature-image left\" src=\"\/wp-content\/uploads\/2025\/08\/07mm-ultrasuede-microfiber-faux-leather-for-cycling-gloves--37882.jpg\"\/><\/p>\n<h3>Wysoka wytrzyma\u0142o\u015b\u0107 na rozerwanie<\/h3>\n<p>Nasza sk\u00f3ra z mikrofibry Ultrasuede charakteryzuje si\u0119 wyj\u0105tkow\u0105 odporno\u015bci\u0105 na rozdarcia, dzi\u0119ki czemu nie p\u0119ka ani nie odkszta\u0142ca si\u0119 \u0142atwo pod wp\u0142ywem napr\u0119\u017ce\u0144. Dzi\u0119ki temu idealnie nadaje si\u0119 do produkt\u00f3w wymagaj\u0105cych trwa\u0142o\u015bci i d\u0142ugotrwa\u0142ej wydajno\u015bci.<\/p>\n<div class=\"clear\"><\/div>\n<\/div>\n<div class=\"feature-item\">\n<img decoding=\"async\" alt=\"Zachowanie kszta\u0142tu - Ultrasuede, mikrofibra, sztuczna sk\u00f3ra dla r\u0119kawiczek kolarskich\" class=\"feature-image right\" src=\"\/wp-content\/uploads\/2025\/08\/07mm-ultrasuede-microfiber-faux-leather-for-cycling-gloves--37883.jpg\"\/><\/p>\n<h3>Nie\u0142atwe do odkszta\u0142cenia<\/h3>\n<p>Poddany specjalnej obr\u00f3bce w celu zachowania oryginalnego kszta\u0142tu, materia\u0142 ten oferuje doskona\u0142\u0105 elastyczno\u015b\u0107 i stabilno\u015b\u0107. Jest odporny na odkszta\u0142cenia spowodowane naciskiem zewn\u0119trznym lub rozci\u0105ganiem, dzi\u0119ki czemu produkty pozostaj\u0105 nienaruszone i atrakcyjne przez d\u0142ugi czas.<\/p>\n<div class=\"clear\"><\/div>\n<\/div>\n<div class=\"feature-item\">\n<img decoding=\"async\" alt=\"Wytrzyma\u0142o\u015b\u0107 - r\u0119kawiczki kolarskie z mikrofibry i sztucznej sk\u00f3ry Ultrasuede\" class=\"feature-image left\" src=\"\/wp-content\/uploads\/2025\/08\/07mm-ultrasuede-microfiber-faux-leather-for-cycling-gloves--37884.jpg\"\/><\/p>\n<h3>Trwa\u0142o\u015b\u0107<\/h3>\n<p>Niezwykle odporny na \u015bcieranie, rozdarcia i przebicia materia\u0142 sprawia, \u017ce r\u0119kawice pozostaj\u0105 w doskona\u0142ym stanie nawet przy d\u0142ugotrwa\u0142ym u\u017cytkowaniu. Zachowuje r\u00f3wnie\u017c doskona\u0142\u0105 zr\u0119czno\u015b\u0107 i wytrzyma\u0142o\u015b\u0107 wysokiej jako\u015bci wyrob\u00f3w sk\u00f3rzanych.<\/p>\n<div class=\"clear\"><\/div>\n<\/div>\n<\/section>\n<p><\/main><\/p>\n<section id=\"inquiry\">\n<h2 style=\"text-align: center;\">Z powa\u017caniem czekam na Twoje zapytanie!<\/h2>\n<p style=\"text-align: center;\">Skontaktuj si\u0119 z nami ju\u017c dzi\u015b, aby dowiedzie\u0107 si\u0119 wi\u0119cej o naszych produktach i z\u0142o\u017cy\u0107 zam\u00f3wienie.<\/p>\n<\/section>\n\n    <div class=\"xs_social_share_widget xs_share_url after_content \t\tmain_content  wslu-style-1 wslu-share-box-shaped wslu-fill-colored wslu-none wslu-share-horizontal wslu-theme-font-no wslu-main_content\">\n\n\t\t\n        <ul>\n\t\t\t        <\/ul>\n    <\/div>","protected":false},"excerpt":{"rendered":"<div class=\"product-short-description\">PVC Leather 1.5mm Black Faux Leather Synthetic PVC Polished High-Gloss Surface WINIW 1.5mm Black Faux Leather Synthetic PVC Polished High-Gloss Surface Key features include PVC Leather, WINIW, Width.Ideal for those seeking quality and reliability.<\/p>\n<p>Jako bezpo\u015brednia fabryka, producent i hurtownik mo\u017cemy \u015bci\u015ble kontrolowa\u0107 proces produkcji, aby zapewni\u0107 jako\u015b\u0107 produktu, zapewniaj\u0105c jednocze\u015bnie najkorzystniejsze ceny. Dysponujemy zaawansowanym sprz\u0119tem produkcyjnym i profesjonalnym zespo\u0142em technicznym, aby sprosta\u0107 potrzebom zam\u00f3wie\u0144 na du\u017c\u0105 skal\u0119 i zapewni\u0107 terminow\u0105 dostaw\u0119.<\/p>\n<\/div>","protected":false},"featured_media":2579,"template":"","meta":[],"product_brand":[],"product_cat":[129],"product_tag":[],"class_list":{"0":"post-28664","1":"product","2":"type-product","3":"status-publish","4":"has-post-thumbnail","6":"product_cat-pvc-leather","8":"first","9":"instock","10":"product-type-simple"},"_links":{"self":[{"href":"https:\/\/www.eco-leather.com\/pl\/wp-json\/wp\/v2\/product\/28664","targetHints":{"allow":["GET"]}}],"collection":[{"href":"https:\/\/www.eco-leather.com\/pl\/wp-json\/wp\/v2\/product"}],"about":[{"href":"https:\/\/www.eco-leather.com\/pl\/wp-json\/wp\/v2\/types\/product"}],"wp:featuredmedia":[{"embeddable":true,"href":"https:\/\/www.eco-leather.com\/pl\/wp-json\/wp\/v2\/media\/2579"}],"wp:attachment":[{"href":"https:\/\/www.eco-leather.com\/pl\/wp-json\/wp\/v2\/media?parent=28664"}],"wp:term":[{"taxonomy":"product_brand","embeddable":true,"href":"https:\/\/www.eco-leather.com\/pl\/wp-json\/wp\/v2\/product_brand?post=28664"},{"taxonomy":"product_cat","embeddable":true,"href":"https:\/\/www.eco-leather.com\/pl\/wp-json\/wp\/v2\/product_cat?post=28664"},{"taxonomy":"product_tag","embeddable":true,"href":"https:\/\/www.eco-leather.com\/pl\/wp-json\/wp\/v2\/product_tag?post=28664"}],"curies":[{"name":"wp","href":"https:\/\/api.w.org\/{rel}","templated":true}]}}