{"id":28663,"date":"2025-09-07T10:56:39","date_gmt":"2025-09-07T02:56:39","guid":{"rendered":"https:\/\/www.eco-leather.com\/product\/black-faux-leather-synthetic-pvc-polished-high-gloss-surface\/"},"modified":"2025-09-07T10:56:41","modified_gmt":"2025-09-07T02:56:41","slug":"czarna-sztuczna-skora-syntetyczna-pvc-polerowana-na-wysoki-polysk","status":"publish","type":"product","link":"https:\/\/www.eco-leather.com\/pl\/czarna-sztuczna-skora-syntetyczna-pvc-polerowana-na-wysoki-polysk\/","title":{"rendered":"Czarna sztuczna sk\u00f3ra syntetyczna PVC Polerowana powierzchnia o wysokim po\u0142ysku"},"content":{"rendered":"<h2>Imitacja tkaniny PVC<\/h2>\n<p><main><\/p>\n<section id=\"product-overview\">\n<h2>Opis produktu<\/h2>\n<p>Materia\u0142 <strong>Podeszwa ze sztucznej sk\u00f3ry<\/strong> Wprowadzenie<\/p>\n<p>Nosi\u0107 <strong>Motoryzacja Fotele sk\u00f3rzane Pies s\u0142u\u017cbowy<\/strong> odporno\u015b\u0107, wodoodporno\u015b\u0107, odporno\u015b\u0107 na ple\u015b\u0144, elastyczno\u015b\u0107, ognioodporno\u015b\u0107, odporno\u015b\u0107 na zimno, odporno\u015b\u0107 na ple\u015b\u0144, odporno\u015b\u0107 na warunki atmosferyczne,<\/p>\n<p>Wykonane z wysokiej jako\u015bci materia\u0142\u00f3w z mikrofibry, nasze r\u0119kawiczki Ultrasuede Microfiber Faux Leather 0,7 mm to idealny wyb\u00f3r na r\u0119kawiczki rowerowe. R\u00f3wnowa\u017cy elastyczno\u015b\u0107 i wytrzyma\u0142o\u015b\u0107, oferuj\u0105c wyj\u0105tkow\u0105 oddychalno\u015b\u0107 i w\u0142a\u015bciwo\u015bci odprowadzania wilgoci, aby d\u0142onie by\u0142y ch\u0142odne i suche podczas intensywnych przeja\u017cd\u017cek.<\/p>\n<p>Niezale\u017cnie od tego, czy jeste\u015b profesjonalnym rowerzyst\u0105, czy je\u017adzisz rekreacyjnie, materia\u0142 Microfiber Leather zapewnia niezr\u00f3wnany komfort i ochron\u0119. Jego wysoka odporno\u015b\u0107 na \u015bcieranie i rozdarcia zapewnia d\u0142ugotrwa\u0142\u0105 wydajno\u015b\u0107, a elegancki wygl\u0105d dodaje wyrafinowanego akcentu ka\u017cdemu zestawowi rowerowemu.<\/p>\n<\/section>\n<section id=\"specifications\">\n<h2>Parametry techniczne<\/h2>\n<p>Materia\u0142 <strong>Pude\u0142ka ze sztucznej sk\u00f3ry Chiny<\/strong> Specyfikacja<\/p>\n<p><img decoding=\"async\" alt=\"R\u0119kawiczki kolarskie z mikrofibry 0,7 mm Ultrasuede - specyfikacja materia\u0142owa\" class=\"product-image\" src=\"\/wp-content\/uploads\/2025\/08\/07mm-ultrasuede-microfiber-faux-leather-for-cycling-gloves--37881.jpg\"\/><\/p>\n<h3>Parametry produktu<\/h3>\n<ul class=\"parameters-list\">\n<li><span class=\"param-name\">Materia\u0142:<\/span> Mikrofibra + PU<\/li>\n<li><span class=\"param-name\">Kolor:<\/span> Czarny, szary, be\u017cowy (dost\u0119pne kolory niestandardowe)<\/li>\n<li><span class=\"param-name\">Grubo\u015b\u0107:<\/span> 0,6 mm, 0,7 mm, 0,8 mm, 1 mm<\/li>\n<li><span class=\"param-name\">Minimalna ilo\u015b\u0107 zam\u00f3wienia:<\/span> 300 metr\u00f3w bie\u017c\u0105cych<\/li>\n<li><span class=\"param-name\">D\u0142ugo\u015b\u0107 rolki:<\/span> 20-30 m\/rolka<\/li>\n<li><span class=\"param-name\">Czas dostawy:<\/span> 15-20 dni<\/li>\n<li><span class=\"param-name\">Szeroko\u015b\u0107:<\/span> 54\u2033, 137 cm<\/li>\n<li><span class=\"param-name\">Zdolno\u015b\u0107 produkcyjna:<\/span> 1 000 000 metr\u00f3w miesi\u0119cznie<\/li>\n<\/ul>\n<\/section>\n<section id=\"features\">\n<h2>Cechy produktu<\/h2>\n<div class=\"feature-item\">\n<img decoding=\"async\" alt=\"Elegancko wodoodporny materia\u0142 sk\u00f3rzany stworzony z my\u015bl\u0105 o wymagaj\u0105cych producentach i nabywcach hurtowych, nasza polerowana syntetyczna sk\u00f3ra kompozytowa PVC o wysokim po\u0142ysku powierzchni wyr\u00f3\u017cnia si\u0119 jako wega\u0144ska alternatywa premium w bran\u017cy sk\u00f3rzanej\" class=\"feature-image left\" src=\"\/wp-content\/uploads\/2025\/08\/black-faux-leather-synthetic-pvc-polished-high-gloss-surface--27167.jpg\"\/><\/p>\n<h3>Elegancko <strong>Obs\u0142uga wodoodpornych materia\u0142\u00f3w sk\u00f3rzanych<\/strong> Stworzona z my\u015bl\u0105 o wymagaj\u0105cych producentach i nabywcach hurtowych, nasza syntetyczna sk\u00f3ra kompozytowa PVC o polerowanej powierzchni i wysokim po\u0142ysku wyr\u00f3\u017cnia si\u0119 jako najwy\u017cszej jako\u015bci wega\u0144ska alternatywa w bran\u017cy sk\u00f3rzanej.<\/h3>\n<p>Elegancko <strong>Obs\u0142uga wodoodpornych materia\u0142\u00f3w sk\u00f3rzanych<\/strong> Stworzona z my\u015bl\u0105 o wymagaj\u0105cych producentach i nabywcach hurtowych, nasza polerowana syntetyczna sk\u00f3ra kompozytowa PVC o wysokim po\u0142ysku wyr\u00f3\u017cnia si\u0119 jako najwy\u017cszej jako\u015bci wega\u0144ska alternatywa w bran\u017cy sk\u00f3rzanej.<\/p>\n<div class=\"clear\"><\/div>\n<\/div>\n<div class=\"feature-item\">\n<img decoding=\"async\" alt=\"Jako wiod\u0105ca fabryka specjalizuj\u0105ca si\u0119 w produkcji sztucznej sk\u00f3ry, WINIW Company Factory Wholesale Synthetic Leather Manufacturers oferuje t\u0119 sztuczn\u0105 sk\u00f3r\u0119, kt\u00f3ra \u0142\u0105czy luksus wyko\u0144czenia na wysoki po\u0142ysk z trwa\u0142o\u015bci\u0105 materia\u0142\u00f3w kompozytowych PVC\" class=\"feature-image left\" src=\"\/wp-content\/uploads\/2025\/08\/black-faux-leather-synthetic-pvc-polished-high-gloss-surface--27168.jpg\"\/><\/p>\n<h3>Jako wiod\u0105ca fabryka specjalizuj\u0105ca si\u0119 w produkcji sztucznej sk\u00f3ry, WINIW Company Factory Wholesale Synthetic Leather Manufacturers oferuje t\u0119 sztuczn\u0105 sk\u00f3r\u0119, kt\u00f3ra \u0142\u0105czy luksus wyko\u0144czenia na wysoki po\u0142ysk z trwa\u0142o\u015bci\u0105 materia\u0142\u00f3w kompozytowych PVC<\/h3>\n<p>Jako wiod\u0105ca fabryka specjalizuj\u0105ca si\u0119 w produkcji sztucznej sk\u00f3ry, WINIW Company Factory Wholesale Synthetic Leather Manufacturers oferuje t\u0119 sztuczn\u0105 sk\u00f3r\u0119, kt\u00f3ra \u0142\u0105czy luksus wyko\u0144czenia na wysoki po\u0142ysk z trwa\u0142o\u015bci\u0105 materia\u0142\u00f3w kompozytowych PVC.<\/p>\n<div class=\"clear\"><\/div>\n<\/div>\n<div class=\"feature-item\">\n<img decoding=\"async\" alt=\"Materia\u0142Wodoodporna tkanina sk\u00f3rzana OdmhsasPVC Sk\u00f3ra Nazwa marki WINIW Fabryka Hurtownia Producent\u00f3w Sk\u00f3ry SyntetycznejSzeroko\u015b\u0107 54\" class=\"feature-image left\" src=\"\/wp-content\/uploads\/2025\/08\/black-faux-leather-synthetic-pvc-polished-high-gloss-surface--27169.jpg\"\/><\/p>\n<h3>Materia\u0142 <strong>Wodoodporna tkanina sk\u00f3rzana Odmhsas<\/strong> Sk\u00f3ra PVC Nazwa marki WINIW Fabryka Hurtownia Producent\u00f3w Sk\u00f3ry Syntetycznej Szeroko\u015b\u0107 54\u2033; 1<\/h3>\n<p>Materia\u0142 <strong>Wodoodporna tkanina sk\u00f3rzana Odmhsas<\/strong> Sk\u00f3ra PVC Nazwa marki WINIW Fabryka Hurtownia Producent\u00f3w Sk\u00f3ry Syntetycznej Szeroko\u015b\u0107 54 \u2033; 1,37 m Kolor Czerwony, Czarny, Br\u0105zowy, Zielony, zaakceptuj dostosowanie Cecha Odporno\u015b\u0107 na zu\u017cycie, Wodoodporny, Przeciw ple\u015bni, Elastyczny, Ognioodporno\u015b\u0107, Odporno\u015b\u0107 na zimno, Odporno\u015b\u0107 na ple\u015b\u0144, Odporno\u015b\u0107 na warunki atmosferyczne, Odporno\u015b\u0107 na \u015bwiat\u0142o, Odporno\u015b\u0107 na wykrzywianie Grubo\u015b\u0107 0,6 mm-2,4 mm, zaakceptuj dostosowanie Miejsce pochodzenia Chiny Dostosowane Tak Czas dostawy Zwykle w ci\u0105gu 15 - 25 dni.<\/p>\n<div class=\"clear\"><\/div>\n<\/div>\n<div class=\"feature-item\">\n<img decoding=\"async\" alt=\"MOQWodoodporna sztuczna sk\u00f3ra Dostosuj300 metr\u00f3w Szczeg\u00f3\u0142y opakowania 30\/50 metr\u00f3w na rolk\u0119\" class=\"feature-image left\" src=\"\/wp-content\/uploads\/2025\/08\/black-faux-leather-synthetic-pvc-polished-high-gloss-surface--27170.jpg\"\/><\/p>\n<h3>MOQ <strong>Wodoodporna sztuczna sk\u00f3ra na zam\u00f3wienie<\/strong> 300 metr\u00f3w Szczeg\u00f3\u0142y opakowania 30\/50 metr\u00f3w na rolk\u0119<\/h3>\n<p>MOQ <strong>Wodoodporna sztuczna sk\u00f3ra na zam\u00f3wienie<\/strong> 300 metr\u00f3w Szczeg\u00f3\u0142y opakowania 30\/50 metr\u00f3w na rolk\u0119. Lub dostosowana zdolno\u015b\u0107 produkcyjna 1 000 000 metr\u00f3w miesi\u0119cznie<\/p>\n<div class=\"clear\"><\/div>\n<\/div>\n<div class=\"feature-item\">\n<img decoding=\"async\" alt=\"Wysoka wytrzyma\u0142o\u015b\u0107 na rozdarcie - sztuczna sk\u00f3ra Ultrasuede z mikrofibry do r\u0119kawiczek rowerowych\" class=\"feature-image left\" src=\"\/wp-content\/uploads\/2025\/08\/07mm-ultrasuede-microfiber-faux-leather-for-cycling-gloves--37882.jpg\"\/><\/p>\n<h3>Wysoka wytrzyma\u0142o\u015b\u0107 na rozerwanie<\/h3>\n<p>Nasza sk\u00f3ra z mikrofibry Ultrasuede charakteryzuje si\u0119 wyj\u0105tkow\u0105 odporno\u015bci\u0105 na rozdarcia, dzi\u0119ki czemu nie p\u0119ka ani nie odkszta\u0142ca si\u0119 \u0142atwo pod wp\u0142ywem napr\u0119\u017ce\u0144. Dzi\u0119ki temu idealnie nadaje si\u0119 do produkt\u00f3w wymagaj\u0105cych trwa\u0142o\u015bci i d\u0142ugotrwa\u0142ej wydajno\u015bci.<\/p>\n<div class=\"clear\"><\/div>\n<\/div>\n<div class=\"feature-item\">\n<img decoding=\"async\" alt=\"Zachowanie kszta\u0142tu - Ultrasuede, mikrofibra, sztuczna sk\u00f3ra dla r\u0119kawiczek kolarskich\" class=\"feature-image right\" src=\"\/wp-content\/uploads\/2025\/08\/07mm-ultrasuede-microfiber-faux-leather-for-cycling-gloves--37883.jpg\"\/><\/p>\n<h3>Nie\u0142atwe do odkszta\u0142cenia<\/h3>\n<p>Poddany specjalnej obr\u00f3bce w celu zachowania oryginalnego kszta\u0142tu, materia\u0142 ten oferuje doskona\u0142\u0105 elastyczno\u015b\u0107 i stabilno\u015b\u0107. Jest odporny na odkszta\u0142cenia spowodowane naciskiem zewn\u0119trznym lub rozci\u0105ganiem, dzi\u0119ki czemu produkty pozostaj\u0105 nienaruszone i atrakcyjne przez d\u0142ugi czas.<\/p>\n<div class=\"clear\"><\/div>\n<\/div>\n<div class=\"feature-item\">\n<img decoding=\"async\" alt=\"Wytrzyma\u0142o\u015b\u0107 - r\u0119kawiczki kolarskie z mikrofibry i sztucznej sk\u00f3ry Ultrasuede\" class=\"feature-image left\" src=\"\/wp-content\/uploads\/2025\/08\/07mm-ultrasuede-microfiber-faux-leather-for-cycling-gloves--37884.jpg\"\/><\/p>\n<h3>Trwa\u0142o\u015b\u0107<\/h3>\n<p>Niezwykle odporny na \u015bcieranie, rozdarcia i przebicia materia\u0142 sprawia, \u017ce r\u0119kawice pozostaj\u0105 w doskona\u0142ym stanie nawet przy d\u0142ugotrwa\u0142ym u\u017cytkowaniu. Zachowuje r\u00f3wnie\u017c doskona\u0142\u0105 zr\u0119czno\u015b\u0107 i wytrzyma\u0142o\u015b\u0107 wysokiej jako\u015bci wyrob\u00f3w sk\u00f3rzanych.<\/p>\n<div class=\"clear\"><\/div>\n<\/div>\n<\/section>\n<section id=\"why-choose-us\">\n<h2>Dlaczego warto wybra\u0107 WINIW<\/h2>\n<div class=\"advantage-item\">\n<h3>Zaprojektowana, aby sprosta\u0107 wymaganiom wysokiej klasy mody i wystroju wn\u0119trz, ta syntetyczna sk\u00f3ra ma polerowany po\u0142ysk, kt\u00f3ry pi\u0119knie \u0142apie \u015bwiat\u0142o, zwi\u0119kszaj\u0105c estetyk\u0119 ka\u017cdego produktu, kt\u00f3ry zdobi<\/h3>\n<p>Zaprojektowana, aby sprosta\u0107 wymaganiom wysokiej klasy mody i wystroju wn\u0119trz, ta syntetyczna sk\u00f3ra ma polerowany po\u0142ysk, kt\u00f3ry pi\u0119knie \u0142apie \u015bwiat\u0142o, zwi\u0119kszaj\u0105c estetyk\u0119 ka\u017cdego produktu, kt\u00f3ry zdobi. Idealna do wsp\u00f3\u0142pracy B2B, nasza sk\u00f3ra PVC jest doskona\u0142ym wyborem dla producent\u00f3w, kt\u00f3rzy chc\u0105 podnie\u015b\u0107 swoj\u0105 ofert\u0119 bez uszczerbku dla jako\u015bci lub zr\u00f3wnowa\u017conego rozwoju.<\/p>\n<\/div>\n<div class=\"advantage-item\">\n<h3>Zapewnienie jako\u015bci<\/h3>\n<p>Wdra\u017camy \u015bcis\u0142\u0105 kontrol\u0119 jako\u015bci w ca\u0142ym \u0142a\u0144cuchu produkcji i dostaw, zgodnie z normami ISO9001. Od wyboru surowc\u00f3w po kontrol\u0119 ko\u0144cow\u0105, priorytetowo traktujemy interesy klienta.<\/p>\n<\/div>\n<div class=\"advantage-item\">\n<h3>Profesjonalny zesp\u00f3\u0142 techniczny<\/h3>\n<p>Nasz wyspecjalizowany zesp\u00f3\u0142 techniczny sk\u0142ada si\u0119 z do\u015bwiadczonych profesjonalist\u00f3w z r\u00f3\u017cnych dziedzin, zaanga\u017cowanych w dostarczanie wysokiej jako\u015bci produkt\u00f3w i dostosowanych rozwi\u0105za\u0144.<\/p>\n<\/div>\n<div class=\"advantage-item\">\n<h3>Szeroki zakres zastosowa\u0144<\/h3>\n<p>Nasze materia\u0142y s\u0105 szeroko stosowane w obuwiu, odzie\u017cy, baga\u017cu, wn\u0119trzach samochod\u00f3w, meblach wypoczynkowych i nie tylko.<\/p>\n<\/div>\n<div class=\"advantage-item\">\n<h3>Bogate do\u015bwiadczenie<\/h3>\n<p>Quanzhou WINIW Import &amp; Export Co., Ltd. ma ponad 20-letnie do\u015bwiadczenie w produkcji, oferuj\u0105c doskona\u0142e rozwi\u0105zania dla klient\u00f3w na ca\u0142ym \u015bwiecie.<\/p>\n<\/div>\n<div class=\"advantage-item\">\n<h3>Przyst\u0119pna cena<\/h3>\n<p>Zapewniamy konkurencyjne ceny i doskona\u0142\u0105 obs\u0142ug\u0119 klienta. Popro\u015b o katalog lub odwied\u017a nasz\u0105 fabryk\u0119, aby zapozna\u0107 si\u0119 z naszymi produktami.<\/p>\n<\/div>\n<div class=\"advantage-item\">\n<h3>24-godzinna obs\u0142uga klienta online<\/h3>\n<p>Nasz zesp\u00f3\u0142 jest dost\u0119pny 24 godziny na dob\u0119, 7 dni w tygodniu, aby odpowiada\u0107 na zapytania i szybko reagowa\u0107 na opinie.<\/p>\n<\/div>\n<p><img decoding=\"async\" alt=\"Zak\u0142ad produkcyjny WINIW - proces produkcji sk\u00f3ry z mikrofibry Ultrasuede\" class=\"product-image\" src=\"\/wp-content\/uploads\/2025\/08\/07mm-ultrasuede-microfiber-faux-leather-for-cycling-gloves--37888.jpg\"\/><br \/>\n<\/section>\n<p><\/main><\/p>\n<section id=\"inquiry\">\n<h2 style=\"text-align: center;\">Z powa\u017caniem czekam na Twoje zapytanie!<\/h2>\n<p style=\"text-align: center;\">Skontaktuj si\u0119 z nami ju\u017c dzi\u015b, aby dowiedzie\u0107 si\u0119 wi\u0119cej o naszych produktach i z\u0142o\u017cy\u0107 zam\u00f3wienie.<\/p>\n<\/section>\n\n    <div class=\"xs_social_share_widget xs_share_url after_content \t\tmain_content  wslu-style-1 wslu-share-box-shaped wslu-fill-colored wslu-none wslu-share-horizontal wslu-theme-font-no wslu-main_content\">\n\n\t\t\n        <ul>\n\t\t\t        <\/ul>\n    <\/div>","protected":false},"excerpt":{"rendered":"<div class=\"product-short-description\">PVC Leather Black Faux Leather Synthetic PVC Polished High-Gloss Surface WINIW Black Faux Leather Synthetic PVC Polished High-Gloss Surface Key features include PVC Leather, WINIW, Width.Ideal for those seeking quality and reliability.<\/p>\n<p>Jako bezpo\u015brednia fabryka, producent i hurtownik mo\u017cemy \u015bci\u015ble kontrolowa\u0107 proces produkcji, aby zapewni\u0107 jako\u015b\u0107 produktu, zapewniaj\u0105c jednocze\u015bnie najkorzystniejsze ceny. Dysponujemy zaawansowanym sprz\u0119tem produkcyjnym i profesjonalnym zespo\u0142em technicznym, aby sprosta\u0107 potrzebom zam\u00f3wie\u0144 na du\u017c\u0105 skal\u0119 i zapewni\u0107 terminow\u0105 dostaw\u0119.<\/p>\n<\/div>","protected":false},"featured_media":2569,"template":"","meta":[],"product_brand":[],"product_cat":[129],"product_tag":[18785],"class_list":{"0":"post-28663","1":"product","2":"type-product","3":"status-publish","4":"has-post-thumbnail","6":"product_cat-pvc-leather","7":"product_tag-black-faux-leatherblack-faux-leather-manufacturerblack-faux-leather-manufacturersblack-faux-leather-supplierblack-faux-leather-suppliersblack-faux-leather-factory","9":"first","10":"instock","11":"product-type-simple"},"_links":{"self":[{"href":"https:\/\/www.eco-leather.com\/pl\/wp-json\/wp\/v2\/product\/28663","targetHints":{"allow":["GET"]}}],"collection":[{"href":"https:\/\/www.eco-leather.com\/pl\/wp-json\/wp\/v2\/product"}],"about":[{"href":"https:\/\/www.eco-leather.com\/pl\/wp-json\/wp\/v2\/types\/product"}],"wp:featuredmedia":[{"embeddable":true,"href":"https:\/\/www.eco-leather.com\/pl\/wp-json\/wp\/v2\/media\/2569"}],"wp:attachment":[{"href":"https:\/\/www.eco-leather.com\/pl\/wp-json\/wp\/v2\/media?parent=28663"}],"wp:term":[{"taxonomy":"product_brand","embeddable":true,"href":"https:\/\/www.eco-leather.com\/pl\/wp-json\/wp\/v2\/product_brand?post=28663"},{"taxonomy":"product_cat","embeddable":true,"href":"https:\/\/www.eco-leather.com\/pl\/wp-json\/wp\/v2\/product_cat?post=28663"},{"taxonomy":"product_tag","embeddable":true,"href":"https:\/\/www.eco-leather.com\/pl\/wp-json\/wp\/v2\/product_tag?post=28663"}],"curies":[{"name":"wp","href":"https:\/\/api.w.org\/{rel}","templated":true}]}}