{"id":28655,"date":"2025-09-07T10:56:28","date_gmt":"2025-09-07T02:56:28","guid":{"rendered":"https:\/\/www.eco-leather.com\/product\/0-6mm-tear-strength-custom-printed-microfiber-pu-cloth-notebook-cover-material\/"},"modified":"2025-09-07T10:56:35","modified_gmt":"2025-09-07T02:56:35","slug":"wytrzymalosc-na-rozdarcie-0-6-mm-niestandardowy-nadrukowany-material-z-mikrofibry-pu-na-okladke-notebooka","status":"publish","type":"product","link":"https:\/\/www.eco-leather.com\/pl\/wytrzymalosc-na-rozdarcie-0-6-mm-niestandardowy-nadrukowany-material-z-mikrofibry-pu-na-okladke-notebooka\/","title":{"rendered":"Wytrzyma\u0142o\u015b\u0107 na rozdarcie 0,6 mm Niestandardowy drukowany materia\u0142 z mikrofibry PU Materia\u0142 na ok\u0142adk\u0119 notebooka"},"content":{"rendered":"<h2>Materia\u0142 PU na ok\u0142adk\u0119 notebooka<\/h2>\n<p><main><\/p>\n<section id=\"product-overview\">\n<h2>Opis produktu<\/h2>\n<p>produkt <strong>Firma produkuj\u0105ca foteliki samochodowe<\/strong> opis<\/p>\n<p>Jego <strong>Materia\u0142 kanapy<\/strong> Niestandardowe mo\u017cliwo\u015bci drukowania s\u0105 g\u0142\u00f3wn\u0105 zalet\u0105 tego produktu. Wykorzystuj\u0105c zaawansowan\u0105 technologi\u0119 druku, mo\u017cemy uzyska\u0107 skomplikowane wzory i precyzyjne odwzorowanie kolor\u00f3w, zaspokajaj\u0105c potrzeby fabryk B-end w zakresie spersonalizowanych i zr\u00f3\u017cnicowanych produkt\u00f3w.<\/p>\n<p>Dodatkowo, <strong>Bia\u0142a sukienka z materia\u0142u Meesho<\/strong> Materia\u0142 jest \u0142atwy do ci\u0119cia, szycia i klejenia, dzi\u0119ki czemu doskonale nadaje si\u0119 do produkcji i przetwarzania na du\u017c\u0105 skal\u0119, co pomaga obni\u017cy\u0107 koszty produkcji i poprawi\u0107 wydajno\u015b\u0107.<\/p>\n<p>Odporno\u015b\u0107 chemiczna Ten materia\u0142 sk\u00f3rzany, kt\u00f3rego g\u0142\u00f3wnymi sk\u0142adnikami s\u0105 zwi\u0105zki polimerowe, takie jak poliuretan (PU) lub polichlorek winylu (PVC), jest odporny na szerok\u0105 gam\u0119 chemikali\u00f3w dzi\u0119ki specjalnej obr\u00f3bce i dodaniu stabilizator\u00f3w chemicznych.<\/p>\n<p>Wykonane z wysokiej jako\u015bci materia\u0142\u00f3w z mikrofibry, nasze r\u0119kawiczki Ultrasuede Microfiber Faux Leather 0,7 mm to idealny wyb\u00f3r na r\u0119kawiczki rowerowe. R\u00f3wnowa\u017cy elastyczno\u015b\u0107 i wytrzyma\u0142o\u015b\u0107, oferuj\u0105c wyj\u0105tkow\u0105 oddychalno\u015b\u0107 i w\u0142a\u015bciwo\u015bci odprowadzania wilgoci, aby d\u0142onie by\u0142y ch\u0142odne i suche podczas intensywnych przeja\u017cd\u017cek.<\/p>\n<p>Niezale\u017cnie od tego, czy jeste\u015b profesjonalnym rowerzyst\u0105, czy je\u017adzisz rekreacyjnie, materia\u0142 Microfiber Leather zapewnia niezr\u00f3wnany komfort i ochron\u0119. Jego wysoka odporno\u015b\u0107 na \u015bcieranie i rozdarcia zapewnia d\u0142ugotrwa\u0142\u0105 wydajno\u015b\u0107, a elegancki wygl\u0105d dodaje wyrafinowanego akcentu ka\u017cdemu zestawowi rowerowemu.<\/p>\n<\/section>\n<section id=\"specifications\">\n<h2>Parametry techniczne<\/h2>\n<ul class_=\"parameters-list\">\n<li><span class=\"param-name\">parametr <strong>Materia\u0142 but\u00f3w Pure<\/strong> Materia\u0142:<\/span> mikrofibra + PU. kolor: odniesienie do koloru Pantone lub pr\u00f3bka Grubo\u015b\u0107 normalna 0,4 mm, 0,5 mm, 0,6 mm lub grubo\u015b\u0107 niestandardowa Minimalna ilo\u015b\u0107 zam\u00f3wienia: 300 metr\u00f3w bie\u017c\u0105cych.<\/li>\n<li><span class=\"param-name\">D\u0142ugo\u015b\u0107 rolki:<\/span> 20-30 m\/rolka Czas dostawy: 15-20 dni Szeroko\u015b\u0107: 54, 137 cm Zdolno\u015b\u0107 produkcyjna: 1 000 000 metr\u00f3w miesi\u0119cznie.<\/li>\n<\/ul>\n<p><img decoding=\"async\" alt=\"R\u0119kawiczki kolarskie z mikrofibry 0,7 mm Ultrasuede - specyfikacja materia\u0142owa\" class=\"product-image\" src=\"\/wp-content\/uploads\/2025\/08\/07mm-ultrasuede-microfiber-faux-leather-for-cycling-gloves--37881.jpg\"\/><\/p>\n<h3>Parametry produktu<\/h3>\n<ul class=\"parameters-list\">\n<li><span class=\"param-name\">Materia\u0142:<\/span> Mikrofibra + PU<\/li>\n<li><span class=\"param-name\">Kolor:<\/span> Czarny, szary, be\u017cowy (dost\u0119pne kolory niestandardowe)<\/li>\n<li><span class=\"param-name\">Grubo\u015b\u0107:<\/span> 0,6 mm, 0,7 mm, 0,8 mm, 1 mm<\/li>\n<li><span class=\"param-name\">Minimalna ilo\u015b\u0107 zam\u00f3wienia:<\/span> 300 metr\u00f3w bie\u017c\u0105cych<\/li>\n<li><span class=\"param-name\">D\u0142ugo\u015b\u0107 rolki:<\/span> 20-30 m\/rolka<\/li>\n<li><span class=\"param-name\">Czas dostawy:<\/span> 15-20 dni<\/li>\n<li><span class=\"param-name\">Szeroko\u015b\u0107:<\/span> 54\u2033, 137 cm<\/li>\n<li><span class=\"param-name\">Zdolno\u015b\u0107 produkcyjna:<\/span> 1 000 000 metr\u00f3w miesi\u0119cznie<\/li>\n<\/ul>\n<\/section>\n<section id=\"features\">\n<h2>Cechy produktu<\/h2>\n<div class=\"feature-item\">\n<img decoding=\"async\" alt=\"WINIWaterproof Leather Material MakersCompany Factory Wholesale Leatherette Material Manufacturersproudly wprowadza 0\" class=\"feature-image left\" src=\"\/wp-content\/uploads\/2025\/08\/06mm-tear-strength-custom-printed-microfiber-cloth-notebook-cover-material-27089.jpg\"\/><\/p>\n<h3>WINIW <strong>Producenci wodoodpornych materia\u0142\u00f3w sk\u00f3rzanych<\/strong> Firma Fabryka Hurtownia materia\u0142\u00f3w ze sztucznej sk\u00f3ry Producenci z dum\u0105 wprowadza 0<\/h3>\n<p>WINIW <strong>Producenci wodoodpornych materia\u0142\u00f3w sk\u00f3rzanych<\/strong> Firma Factory Wholesale Leatherette Material Manufacturers z dum\u0105 przedstawia 0,6 mm wytrzyma\u0142o\u015b\u0107 na rozdarcie niestandardowego drukowanego materia\u0142u z mikrofibry na ok\u0142adk\u0119 notebooka, specjalnie dostosowanego do fabryk B-end.<\/p>\n<div class=\"clear\"><\/div>\n<\/div>\n<div class=\"feature-item\">\n<img decoding=\"async\" alt=\"Materia\u0142 ten wykorzystuje tkanin\u0119 z mikrofibry o wysokiej g\u0119sto\u015bci, przetwarzan\u0105 specjalnymi technikami w celu zapewnienia wyj\u0105tkowej wytrzyma\u0142o\u015bci na rozdarcia i trwa\u0142o\u015bci\" class=\"feature-image left\" src=\"\/wp-content\/uploads\/2025\/08\/06mm-tear-strength-custom-printed-microfiber-cloth-notebook-cover-material-27090.jpg\"\/><\/p>\n<h3>Materia\u0142 ten wykorzystuje tkanin\u0119 z mikrofibry o wysokiej g\u0119sto\u015bci, przetwarzan\u0105 specjalnymi technikami w celu zapewnienia wyj\u0105tkowej wytrzyma\u0142o\u015bci na rozdarcia i trwa\u0142o\u015bci<\/h3>\n<p>Materia\u0142 ten wykorzystuje tkanin\u0119 z mikrofibry o wysokiej g\u0119sto\u015bci, przetwarzan\u0105 specjalnymi technikami w celu zapewnienia wyj\u0105tkowej wytrzyma\u0142o\u015bci na rozdarcie i trwa\u0142o\u015bci. Materia\u0142 <strong>Wodoodporny materia\u0142 na sof\u0119 w pobli\u017cu<\/strong> Konstrukcja o grubo\u015bci 0,6 mm nie tylko zapewnia przyjemny dotyk, ale tak\u017ce zwi\u0119ksza stabilno\u015b\u0107 strukturaln\u0105 materia\u0142u, umo\u017cliwiaj\u0105c mu wyj\u0105tkow\u0105 wydajno\u015b\u0107 w r\u00f3\u017cnych zastosowaniach.<\/p>\n<div class=\"clear\"><\/div>\n<\/div>\n<div class=\"feature-item\">\n<img decoding=\"async\" alt=\"G\u0142\u00f3wne cechy\" class=\"feature-image left\" src=\"\/wp-content\/uploads\/2025\/08\/06mm-tear-strength-custom-printed-microfiber-cloth-notebook-cover-material-27091.jpg\"\/><\/p>\n<h3>G\u0142\u00f3wne cechy<\/h3>\n<p>Szczeg\u00f3\u0142y i funkcje produktu<\/p>\n<div class=\"clear\"><\/div>\n<\/div>\n<div class=\"feature-item\">\n<img decoding=\"async\" alt=\"Wysoka wytrzyma\u0142o\u015b\u0107 na rozdarcie - sztuczna sk\u00f3ra Ultrasuede z mikrofibry do r\u0119kawiczek rowerowych\" class=\"feature-image left\" src=\"\/wp-content\/uploads\/2025\/08\/07mm-ultrasuede-microfiber-faux-leather-for-cycling-gloves--37882.jpg\"\/><\/p>\n<h3>Wysoka wytrzyma\u0142o\u015b\u0107 na rozerwanie<\/h3>\n<p>Nasza sk\u00f3ra z mikrofibry Ultrasuede charakteryzuje si\u0119 wyj\u0105tkow\u0105 odporno\u015bci\u0105 na rozdarcia, dzi\u0119ki czemu nie p\u0119ka ani nie odkszta\u0142ca si\u0119 \u0142atwo pod wp\u0142ywem napr\u0119\u017ce\u0144. Dzi\u0119ki temu idealnie nadaje si\u0119 do produkt\u00f3w wymagaj\u0105cych trwa\u0142o\u015bci i d\u0142ugotrwa\u0142ej wydajno\u015bci.<\/p>\n<div class=\"clear\"><\/div>\n<\/div>\n<div class=\"feature-item\">\n<img decoding=\"async\" alt=\"Zachowanie kszta\u0142tu - Ultrasuede, mikrofibra, sztuczna sk\u00f3ra dla r\u0119kawiczek kolarskich\" class=\"feature-image right\" src=\"\/wp-content\/uploads\/2025\/08\/07mm-ultrasuede-microfiber-faux-leather-for-cycling-gloves--37883.jpg\"\/><\/p>\n<h3>Nie\u0142atwe do odkszta\u0142cenia<\/h3>\n<p>Poddany specjalnej obr\u00f3bce w celu zachowania oryginalnego kszta\u0142tu, materia\u0142 ten oferuje doskona\u0142\u0105 elastyczno\u015b\u0107 i stabilno\u015b\u0107. Jest odporny na odkszta\u0142cenia spowodowane naciskiem zewn\u0119trznym lub rozci\u0105ganiem, dzi\u0119ki czemu produkty pozostaj\u0105 nienaruszone i atrakcyjne przez d\u0142ugi czas.<\/p>\n<div class=\"clear\"><\/div>\n<\/div>\n<div class=\"feature-item\">\n<img decoding=\"async\" alt=\"Wytrzyma\u0142o\u015b\u0107 - r\u0119kawiczki kolarskie z mikrofibry i sztucznej sk\u00f3ry Ultrasuede\" class=\"feature-image left\" src=\"\/wp-content\/uploads\/2025\/08\/07mm-ultrasuede-microfiber-faux-leather-for-cycling-gloves--37884.jpg\"\/><\/p>\n<h3>Trwa\u0142o\u015b\u0107<\/h3>\n<p>Niezwykle odporny na \u015bcieranie, rozdarcia i przebicia materia\u0142 sprawia, \u017ce r\u0119kawice pozostaj\u0105 w doskona\u0142ym stanie nawet przy d\u0142ugotrwa\u0142ym u\u017cytkowaniu. Zachowuje r\u00f3wnie\u017c doskona\u0142\u0105 zr\u0119czno\u015b\u0107 i wytrzyma\u0142o\u015b\u0107 wysokiej jako\u015bci wyrob\u00f3w sk\u00f3rzanych.<\/p>\n<div class=\"clear\"><\/div>\n<\/div>\n<\/section>\n<p><\/main><\/p>\n<section id=\"inquiry\">\n<h2 style=\"text-align: center;\">Z powa\u017caniem czekam na Twoje zapytanie!<\/h2>\n<p style=\"text-align: center;\">Skontaktuj si\u0119 z nami ju\u017c dzi\u015b, aby dowiedzie\u0107 si\u0119 wi\u0119cej o naszych produktach i z\u0142o\u017cy\u0107 zam\u00f3wienie.<\/p>\n<\/section>\n\n    <div class=\"xs_social_share_widget xs_share_url after_content \t\tmain_content  wslu-style-1 wslu-share-box-shaped wslu-fill-colored wslu-none wslu-share-horizontal wslu-theme-font-no wslu-main_content\">\n\n\t\t\n        <ul>\n\t\t\t        <\/ul>\n    <\/div>","protected":false},"excerpt":{"rendered":"<div class=\"product-short-description\">PU Leather 0.6mm Tear Strength Custom Printed Microfiber PU Cloth Notebook Cover Material WINIW 0.6mm Tear Strength Custom Printed Microfiber PU Cloth Notebook Cover Material Key features include.Ideal for those seeking quality and reliability.<\/p>\n<p>Jako bezpo\u015brednia fabryka, producent i hurtownik mo\u017cemy \u015bci\u015ble kontrolowa\u0107 proces produkcji, aby zapewni\u0107 jako\u015b\u0107 produktu, zapewniaj\u0105c jednocze\u015bnie najkorzystniejsze ceny. Dysponujemy zaawansowanym sprz\u0119tem produkcyjnym i profesjonalnym zespo\u0142em technicznym, aby sprosta\u0107 potrzebom zam\u00f3wie\u0144 na du\u017c\u0105 skal\u0119 i zapewni\u0107 terminow\u0105 dostaw\u0119.<\/p>\n<\/div>","protected":false},"featured_media":5034,"template":"","meta":[],"product_brand":[],"product_cat":[198],"product_tag":[18778],"class_list":{"0":"post-28655","1":"product","2":"type-product","3":"status-publish","4":"has-post-thumbnail","6":"product_cat-pu-leather","7":"product_tag-leather-textilestextile-and-leatherchair-faux-leatherfaux-leather-armchairfaux-leather-chairsfaux-leather-pant","9":"first","10":"instock","11":"product-type-simple"},"_links":{"self":[{"href":"https:\/\/www.eco-leather.com\/pl\/wp-json\/wp\/v2\/product\/28655","targetHints":{"allow":["GET"]}}],"collection":[{"href":"https:\/\/www.eco-leather.com\/pl\/wp-json\/wp\/v2\/product"}],"about":[{"href":"https:\/\/www.eco-leather.com\/pl\/wp-json\/wp\/v2\/types\/product"}],"wp:featuredmedia":[{"embeddable":true,"href":"https:\/\/www.eco-leather.com\/pl\/wp-json\/wp\/v2\/media\/5034"}],"wp:attachment":[{"href":"https:\/\/www.eco-leather.com\/pl\/wp-json\/wp\/v2\/media?parent=28655"}],"wp:term":[{"taxonomy":"product_brand","embeddable":true,"href":"https:\/\/www.eco-leather.com\/pl\/wp-json\/wp\/v2\/product_brand?post=28655"},{"taxonomy":"product_cat","embeddable":true,"href":"https:\/\/www.eco-leather.com\/pl\/wp-json\/wp\/v2\/product_cat?post=28655"},{"taxonomy":"product_tag","embeddable":true,"href":"https:\/\/www.eco-leather.com\/pl\/wp-json\/wp\/v2\/product_tag?post=28655"}],"curies":[{"name":"wp","href":"https:\/\/api.w.org\/{rel}","templated":true}]}}