{"id":28081,"date":"2025-09-07T10:51:17","date_gmt":"2025-09-07T02:51:17","guid":{"rendered":"https:\/\/www.eco-leather.com\/product\/high-color-gear-bag-manufacturing-faux-microfiber-material\/"},"modified":"2025-09-07T10:51:19","modified_gmt":"2025-09-07T02:51:19","slug":"kolorowa-torba-na-sprzet-wykonana-ze-sztucznej-mikrofibry","status":"publish","type":"product","link":"https:\/\/www.eco-leather.com\/pl\/kolorowa-torba-na-sprzet-wykonana-ze-sztucznej-mikrofibry\/","title":{"rendered":"Kolorowa torba na sprz\u0119t wykonana ze sztucznej mikrofibry"},"content":{"rendered":"<h2>Torba Sztuczna sk\u00f3ra z mikrofibry<\/h2>\n<p><main><\/p>\n<section id=\"product-overview\">\n<h2>Opis produktu<\/h2>\n<p>Produkt <strong>Rozwi\u0105zanie materia\u0142owe dla fotelik\u00f3w samochodowych<\/strong> Wprowadzenie<\/p>\n<p>Wykonane z wysokiej jako\u015bci materia\u0142\u00f3w z mikrofibry, nasze r\u0119kawiczki Ultrasuede Microfiber Faux Leather 0,7 mm to idealny wyb\u00f3r na r\u0119kawiczki rowerowe. R\u00f3wnowa\u017cy elastyczno\u015b\u0107 i wytrzyma\u0142o\u015b\u0107, oferuj\u0105c wyj\u0105tkow\u0105 oddychalno\u015b\u0107 i w\u0142a\u015bciwo\u015bci odprowadzania wilgoci, aby d\u0142onie by\u0142y ch\u0142odne i suche podczas intensywnych przeja\u017cd\u017cek.<\/p>\n<p>Niezale\u017cnie od tego, czy jeste\u015b profesjonalnym rowerzyst\u0105, czy je\u017adzisz rekreacyjnie, materia\u0142 Microfiber Leather zapewnia niezr\u00f3wnany komfort i ochron\u0119. Jego wysoka odporno\u015b\u0107 na \u015bcieranie i rozdarcia zapewnia d\u0142ugotrwa\u0142\u0105 wydajno\u015b\u0107, a elegancki wygl\u0105d dodaje wyrafinowanego akcentu ka\u017cdemu zestawowi rowerowemu.<\/p>\n<\/section>\n<section id=\"specifications\">\n<h2>Parametry techniczne<\/h2>\n<ul class_=\"parameters-list\">\n<li><span class=\"param-name\">Produkt <strong>Materia\u0142 but\u00f3w Pure<\/strong> Specyfikacja WINIW Company Factory Hurtownia producent\u00f3w tkanin sk\u00f3rzanychDostosowywana sk\u00f3ra syntetyczna:<\/span> Elegancja, trwa\u0142o\u015b\u0107 i wyb\u00f3r kolor\u00f3w.<\/li>\n<\/ul>\n<p><img decoding=\"async\" alt=\"R\u0119kawiczki kolarskie z mikrofibry 0,7 mm Ultrasuede - specyfikacja materia\u0142owa\" class=\"product-image\" src=\"\/wp-content\/uploads\/2025\/08\/07mm-ultrasuede-microfiber-faux-leather-for-cycling-gloves--37881.jpg\"\/><\/p>\n<h3>Parametry produktu<\/h3>\n<ul class=\"parameters-list\">\n<li><span class=\"param-name\">Materia\u0142:<\/span> Mikrofibra + PU<\/li>\n<li><span class=\"param-name\">Kolor:<\/span> Czarny, szary, be\u017cowy (dost\u0119pne kolory niestandardowe)<\/li>\n<li><span class=\"param-name\">Grubo\u015b\u0107:<\/span> 0,6 mm, 0,7 mm, 0,8 mm, 1 mm<\/li>\n<li><span class=\"param-name\">Minimalna ilo\u015b\u0107 zam\u00f3wienia:<\/span> 300 metr\u00f3w bie\u017c\u0105cych<\/li>\n<li><span class=\"param-name\">D\u0142ugo\u015b\u0107 rolki:<\/span> 20-30 m\/rolka<\/li>\n<li><span class=\"param-name\">Czas dostawy:<\/span> 15-20 dni<\/li>\n<li><span class=\"param-name\">Szeroko\u015b\u0107:<\/span> 54\u2033, 137 cm<\/li>\n<li><span class=\"param-name\">Zdolno\u015b\u0107 produkcyjna:<\/span> 1 000 000 metr\u00f3w miesi\u0119cznie<\/li>\n<\/ul>\n<\/section>\n<section id=\"features\">\n<h2>Cechy produktu<\/h2>\n<div class=\"feature-item\">\n<img decoding=\"async\" alt=\"Przedstawiamy wodoodporny materia\u0142 sk\u00f3rzany - wysokiej jako\u015bci torb\u0119 na sprz\u0119t produkuj\u0105c\u0105 sztuczny materia\u0142 z mikrofibry od WINIW Company Factory Wholesale Leather Fabryka producent\u00f3w tkanin sk\u00f3rzanych, wiod\u0105cego producenta zajmuj\u0105cego si\u0119 wytwarzaniem wyj\u0105tkowych alternatyw sk\u00f3rzanych do r\u00f3\u017cnych zastosowa\u0144\" class=\"feature-image left\" src=\"\/wp-content\/uploads\/2025\/08\/high-color-gear-bag-manufacturing-faux-microfiber-material-22003.jpg\"\/><\/p>\n<h3>Wprowadzenie <strong>Obs\u0142uga wodoodpornych materia\u0142\u00f3w sk\u00f3rzanych<\/strong> High Color Gear Bag Manufacturing Faux Microfiber Material od WINIW Company Factory Wholesale Leather Fabryka producent\u00f3w tkanin sk\u00f3rzanych, wiod\u0105cego producenta zajmuj\u0105cego si\u0119 wytwarzaniem wyj\u0105tkowych alternatyw sk\u00f3rzanych do r\u00f3\u017cnych zastosowa\u0144<\/h3>\n<p>Wprowadzenie <strong>Obs\u0142uga wodoodpornych materia\u0142\u00f3w sk\u00f3rzanych<\/strong> High Color Gear Bag Manufacturing Faux Microfiber Material od WINIW Company Factory Wholesale Leather Fabryka producent\u00f3w tkanin sk\u00f3rzanych, wiod\u0105cego producenta zajmuj\u0105cego si\u0119 wytwarzaniem wyj\u0105tkowych alternatyw sk\u00f3rzanych do r\u00f3\u017cnych zastosowa\u0144.<\/p>\n<div class=\"clear\"><\/div>\n<\/div>\n<div class=\"feature-item\">\n<img decoding=\"async\" alt=\"Nasz materia\u0142 ze sztucznej mikrofibry zosta\u0142 specjalnie zaprojektowany, aby sprosta\u0107 rygorystycznym wymaganiom produkcji toreb na sprz\u0119t, \u0142\u0105cz\u0105c innowacyjno\u015b\u0107 i trwa\u0142o\u015b\u0107 w ka\u017cdym w\u0142\u00f3knie\" class=\"feature-image left\" src=\"\/wp-content\/uploads\/2025\/08\/high-color-gear-bag-manufacturing-faux-microfiber-material-22004.jpg\"\/><\/p>\n<h3>Nasz materia\u0142 ze sztucznej mikrofibry zosta\u0142 specjalnie zaprojektowany, aby sprosta\u0107 rygorystycznym wymaganiom produkcji toreb na sprz\u0119t, \u0142\u0105cz\u0105c innowacyjno\u015b\u0107 i trwa\u0142o\u015b\u0107 w ka\u017cdym w\u0142\u00f3knie<\/h3>\n<p>Nasz materia\u0142 ze sztucznej mikrofibry zosta\u0142 specjalnie zaprojektowany, aby sprosta\u0107 rygorystycznym wymaganiom produkcji toreb na sprz\u0119t, \u0142\u0105cz\u0105c innowacyjno\u015b\u0107 i trwa\u0142o\u015b\u0107 w ka\u017cdym w\u0142\u00f3knie. Hurtownia tkanin sk\u00f3rzanych WINIW Company, znana z precyzji w dziedzinie materia\u0142oznawstwa i zaanga\u017cowania w zr\u00f3wnowa\u017cony rozw\u00f3j, oferuje ten materia\u0142 jako solidne rozwi\u0105zanie dla producent\u00f3w, kt\u00f3rzy chc\u0105 ulepszy\u0107 swoje projekty toreb na sprz\u0119t.<\/p>\n<div class=\"clear\"><\/div>\n<\/div>\n<div class=\"feature-item\">\n<img decoding=\"async\" alt=\"Wykonana ze starann\u0105 dba\u0142o\u015bci\u0105 o szczeg\u00f3\u0142y, nasza sztuczna mikrofibra \u0142\u0105czy w sobie estetyczny wygl\u0105d prawdziwej sk\u00f3ry z praktycznymi zaletami w\u0142\u00f3kien syntetycznych, co czyni j\u0105 idealnym wyborem dla wysokowydajnych toreb na sprz\u0119t\" class=\"feature-image left\" src=\"\/wp-content\/uploads\/2025\/08\/high-color-gear-bag-manufacturing-faux-microfiber-material-22005.jpg\"\/><\/p>\n<h3>Wykonana ze starann\u0105 dba\u0142o\u015bci\u0105 o szczeg\u00f3\u0142y, nasza sztuczna mikrofibra \u0142\u0105czy w sobie estetyczny wygl\u0105d prawdziwej sk\u00f3ry z praktycznymi zaletami w\u0142\u00f3kien syntetycznych, co czyni j\u0105 idealnym wyborem dla wysokowydajnych toreb na sprz\u0119t<\/h3>\n<p>Wykonana ze starann\u0105 dba\u0142o\u015bci\u0105 o szczeg\u00f3\u0142y, nasza sztuczna mikrofibra \u0142\u0105czy w sobie estetyczny wygl\u0105d prawdziwej sk\u00f3ry z praktycznymi zaletami w\u0142\u00f3kien syntetycznych, co czyni j\u0105 idealnym wyborem dla wysokowydajnych toreb na sprz\u0119t.<\/p>\n<div class=\"clear\"><\/div>\n<\/div>\n<div class=\"feature-item\">\n<img decoding=\"async\" alt=\"Materia\u0142Wodoodporna Sofa Materia\u0142MikrofibraSk\u00f3ra Nazwa marki WINIW Fabryka Hurtownia Producent\u00f3w Tkanin Sk\u00f3rzanychSzeroko\u015b\u0107 54\" class=\"feature-image left\" src=\"\/wp-content\/uploads\/2025\/08\/high-color-gear-bag-manufacturing-faux-microfiber-material-22006.jpg\"\/><\/p>\n<h3>Materia\u0142 <strong>Materia\u0142 wodoodpornej sofy<\/strong> MikrofibraSk\u00f3ra Nazwa marki WINIW Fabryka Hurtownia Producent\u00f3w Tkanin Sk\u00f3rzanychSzeroko\u015b\u0107 54\u2033; 1<\/h3>\n<p>Materia\u0142 <strong>Materia\u0142 wodoodpornej sofy<\/strong> Mikrofibra Sk\u00f3ra Nazwa marki WINIW Fabryka Hurtownia Producent\u00f3w Tkanin Sk\u00f3rzanych Szeroko\u015b\u0107 54 \u2033; 1,37 m Kolor Czerwony, Czarny, Br\u0105zowy, Zielony, zaakceptuj dostosuj Cecha Odporny na zu\u017cycie, Wodoodporny, Przeciw ple\u015bni, Elastyczny Grubo\u015b\u0107 0,6 mm-2,0 mm Miejsce pochodzenia Chiny Dostosowane Tak Czas dostawy Zwykle w ci\u0105gu 15 - 25 dni.<\/p>\n<div class=\"clear\"><\/div>\n<\/div>\n<div class=\"feature-item\">\n<img decoding=\"async\" alt=\"MOQ 300 metr\u00f3w Szczeg\u00f3\u0142y opakowania 30\/50 metr\u00f3w na rolk\u0119\" class=\"feature-image left\" src=\"\/wp-content\/uploads\/2025\/08\/high-color-gear-bag-manufacturing-faux-microfiber-material-22007.jpg\"\/><\/p>\n<h3>MOQ 300 metr\u00f3w Szczeg\u00f3\u0142y opakowania 30\/50 metr\u00f3w na rolk\u0119<\/h3>\n<p>MOQ 300 metr\u00f3w Szczeg\u00f3\u0142y opakowania 30\/50 metr\u00f3w na rolk\u0119. Lub dostosowane Zdolno\u015b\u0107 produkcyjna 1 000 000 metr\u00f3w miesi\u0119cznie Cecha produktu Torba na sprz\u0119t o wysokim kolorze produkuj\u0105ca sztuczny materia\u0142 z mikrofibry firmy WINIW Fabryka Hurtownia Producent\u00f3w Tkanin Sk\u00f3rzanych wyr\u00f3\u017cnia si\u0119 wyra\u017anymi cechami, kt\u00f3re zaspokajaj\u0105 potrzeby wymagaj\u0105cych nabywc\u00f3w.<\/p>\n<div class=\"clear\"><\/div>\n<\/div>\n<div class=\"feature-item\">\n<h3>Nasz <strong>Wodoodporny materia\u0142 na sof\u0119 w pobli\u017cu<\/strong> Kompozycja z mikrofibry zapewnia wyj\u0105tkow\u0105 wytrzyma\u0142o\u015b\u0107 i spr\u0119\u017cysto\u015b\u0107, zdoln\u0105 do wytrzymania rygor\u00f3w codziennego u\u017cytkowania oraz zachowania kszta\u0142tu i integralno\u015bci przez d\u0142ugi czas.<\/h3>\n<p>Nasz <strong>Wodoodporny materia\u0142 na sof\u0119 w pobli\u017cu<\/strong> Sk\u0142ad mikrofibry zapewnia wyj\u0105tkow\u0105 wytrzyma\u0142o\u015b\u0107 i spr\u0119\u017cysto\u015b\u0107, zdoln\u0105 wytrzyma\u0107 rygory codziennego u\u017cytkowania oraz zachowa\u0107 sw\u00f3j kszta\u0142t i integralno\u015b\u0107 przez d\u0142ugi czas.<\/p>\n<div class=\"clear\"><\/div>\n<\/div>\n<div class=\"feature-item\">\n<h3>Materia\u0142 jest luksusowy, mi\u0119kki w dotyku, a jednocze\u015bnie zachowuje elegancki, profesjonalny wygl\u0105d, dzi\u0119ki czemu jest eleganckim dodatkiem do ka\u017cdej torby na sprz\u0119t<\/h3>\n<p>Materia\u0142 ten jest luksusowy, mi\u0119kki w dotyku, a jednocze\u015bnie zachowuje elegancki, profesjonalny wygl\u0105d, dzi\u0119ki czemu jest eleganckim dodatkiem do ka\u017cdego projektu torby na sprz\u0119t. Opatentowana technologia trwa\u0142o\u015bci kolor\u00f3w gwarantuje \u017cywe odcienie, kt\u00f3re s\u0105 odporne na blakni\u0119cie, dzi\u0119ki czemu torby na sprz\u0119t pozostaj\u0105 \u017cywe i efektowne, nawet po intensywnym u\u017cytkowaniu.<\/p>\n<div class=\"clear\"><\/div>\n<\/div>\n<div class=\"feature-item\">\n<h3>Dodatkowo, nasza sztuczna mikrofibra jest \u0142atwa w czyszczeniu i konserwacji, zmniejszaj\u0105c d\u0142ugoterminowe koszty i upraszczaj\u0105c utrzymanie zar\u00f3wno dla producent\u00f3w, jak i u\u017cytkownik\u00f3w ko\u0144cowych<\/h3>\n<p>Dodatkowo, nasza sztuczna mikrofibra jest \u0142atwa w czyszczeniu i konserwacji, zmniejszaj\u0105c d\u0142ugoterminowe koszty i upraszczaj\u0105c utrzymanie zar\u00f3wno dla producent\u00f3w, jak i u\u017cytkownik\u00f3w ko\u0144cowych.<\/p>\n<div class=\"clear\"><\/div>\n<\/div>\n<div class=\"feature-item\">\n<img decoding=\"async\" alt=\"Wysoka wytrzyma\u0142o\u015b\u0107 na rozdarcie - sztuczna sk\u00f3ra Ultrasuede z mikrofibry do r\u0119kawiczek rowerowych\" class=\"feature-image left\" src=\"\/wp-content\/uploads\/2025\/08\/07mm-ultrasuede-microfiber-faux-leather-for-cycling-gloves--37882.jpg\"\/><\/p>\n<h3>Wysoka wytrzyma\u0142o\u015b\u0107 na rozerwanie<\/h3>\n<p>Nasza sk\u00f3ra z mikrofibry Ultrasuede charakteryzuje si\u0119 wyj\u0105tkow\u0105 odporno\u015bci\u0105 na rozdarcia, dzi\u0119ki czemu nie p\u0119ka ani nie odkszta\u0142ca si\u0119 \u0142atwo pod wp\u0142ywem napr\u0119\u017ce\u0144. Dzi\u0119ki temu idealnie nadaje si\u0119 do produkt\u00f3w wymagaj\u0105cych trwa\u0142o\u015bci i d\u0142ugotrwa\u0142ej wydajno\u015bci.<\/p>\n<div class=\"clear\"><\/div>\n<\/div>\n<div class=\"feature-item\">\n<img decoding=\"async\" alt=\"Zachowanie kszta\u0142tu - Ultrasuede, mikrofibra, sztuczna sk\u00f3ra dla r\u0119kawiczek kolarskich\" class=\"feature-image right\" src=\"\/wp-content\/uploads\/2025\/08\/07mm-ultrasuede-microfiber-faux-leather-for-cycling-gloves--37883.jpg\"\/><\/p>\n<h3>Nie\u0142atwe do odkszta\u0142cenia<\/h3>\n<p>Poddany specjalnej obr\u00f3bce w celu zachowania oryginalnego kszta\u0142tu, materia\u0142 ten oferuje doskona\u0142\u0105 elastyczno\u015b\u0107 i stabilno\u015b\u0107. Jest odporny na odkszta\u0142cenia spowodowane naciskiem zewn\u0119trznym lub rozci\u0105ganiem, dzi\u0119ki czemu produkty pozostaj\u0105 nienaruszone i atrakcyjne przez d\u0142ugi czas.<\/p>\n<div class=\"clear\"><\/div>\n<\/div>\n<div class=\"feature-item\">\n<img decoding=\"async\" alt=\"Wytrzyma\u0142o\u015b\u0107 - r\u0119kawiczki kolarskie z mikrofibry i sztucznej sk\u00f3ry Ultrasuede\" class=\"feature-image left\" src=\"\/wp-content\/uploads\/2025\/08\/07mm-ultrasuede-microfiber-faux-leather-for-cycling-gloves--37884.jpg\"\/><\/p>\n<h3>Trwa\u0142o\u015b\u0107<\/h3>\n<p>Niezwykle odporny na \u015bcieranie, rozdarcia i przebicia materia\u0142 sprawia, \u017ce r\u0119kawice pozostaj\u0105 w doskona\u0142ym stanie nawet przy d\u0142ugotrwa\u0142ym u\u017cytkowaniu. Zachowuje r\u00f3wnie\u017c doskona\u0142\u0105 zr\u0119czno\u015b\u0107 i wytrzyma\u0142o\u015b\u0107 wysokiej jako\u015bci wyrob\u00f3w sk\u00f3rzanych.<\/p>\n<div class=\"clear\"><\/div>\n<\/div>\n<\/section>\n<section id=\"why-choose-us\">\n<h2>Dlaczego warto wybra\u0107 WINIW<\/h2>\n<div class=\"advantage-item\">\n<h3>Nasza przewaga<\/h3>\n<p>Fabryka WINIW Hurtownia tkanin sk\u00f3rzanych ProducenciFabryczna prezentacja produkt\u00f3w<\/p>\n<\/div>\n<div class=\"advantage-item\">\n<h3>Zapewnienie jako\u015bci<\/h3>\n<p>Wdra\u017camy \u015bcis\u0142\u0105 kontrol\u0119 jako\u015bci w ca\u0142ym \u0142a\u0144cuchu produkcji i dostaw, zgodnie z normami ISO9001. Od wyboru surowc\u00f3w po kontrol\u0119 ko\u0144cow\u0105, priorytetowo traktujemy interesy klienta.<\/p>\n<\/div>\n<div class=\"advantage-item\">\n<h3>Profesjonalny zesp\u00f3\u0142 techniczny<\/h3>\n<p>Nasz wyspecjalizowany zesp\u00f3\u0142 techniczny sk\u0142ada si\u0119 z do\u015bwiadczonych profesjonalist\u00f3w z r\u00f3\u017cnych dziedzin, zaanga\u017cowanych w dostarczanie wysokiej jako\u015bci produkt\u00f3w i dostosowanych rozwi\u0105za\u0144.<\/p>\n<\/div>\n<div class=\"advantage-item\">\n<h3>Szeroki zakres zastosowa\u0144<\/h3>\n<p>Nasze materia\u0142y s\u0105 szeroko stosowane w obuwiu, odzie\u017cy, baga\u017cu, wn\u0119trzach samochod\u00f3w, meblach wypoczynkowych i nie tylko.<\/p>\n<\/div>\n<div class=\"advantage-item\">\n<h3>Bogate do\u015bwiadczenie<\/h3>\n<p>Quanzhou WINIW Import &amp; Export Co., Ltd. ma ponad 20-letnie do\u015bwiadczenie w produkcji, oferuj\u0105c doskona\u0142e rozwi\u0105zania dla klient\u00f3w na ca\u0142ym \u015bwiecie.<\/p>\n<\/div>\n<div class=\"advantage-item\">\n<h3>Przyst\u0119pna cena<\/h3>\n<p>Zapewniamy konkurencyjne ceny i doskona\u0142\u0105 obs\u0142ug\u0119 klienta. Popro\u015b o katalog lub odwied\u017a nasz\u0105 fabryk\u0119, aby zapozna\u0107 si\u0119 z naszymi produktami.<\/p>\n<\/div>\n<div class=\"advantage-item\">\n<h3>24-godzinna obs\u0142uga klienta online<\/h3>\n<p>Nasz zesp\u00f3\u0142 jest dost\u0119pny 24 godziny na dob\u0119, 7 dni w tygodniu, aby odpowiada\u0107 na zapytania i szybko reagowa\u0107 na opinie.<\/p>\n<\/div>\n<p><img decoding=\"async\" alt=\"Zak\u0142ad produkcyjny WINIW - proces produkcji sk\u00f3ry z mikrofibry Ultrasuede\" class=\"product-image\" src=\"\/wp-content\/uploads\/2025\/08\/07mm-ultrasuede-microfiber-faux-leather-for-cycling-gloves--37888.jpg\"\/><br \/>\n<\/section>\n<p><\/main><\/p>\n<section id=\"inquiry\">\n<h2 style=\"text-align: center;\">Z powa\u017caniem czekam na Twoje zapytanie!<\/h2>\n<p style=\"text-align: center;\">Skontaktuj si\u0119 z nami ju\u017c dzi\u015b, aby dowiedzie\u0107 si\u0119 wi\u0119cej o naszych produktach i z\u0142o\u017cy\u0107 zam\u00f3wienie.<\/p>\n<\/section>\n\n    <div class=\"xs_social_share_widget xs_share_url after_content \t\tmain_content  wslu-style-1 wslu-share-box-shaped wslu-fill-colored wslu-none wslu-share-horizontal wslu-theme-font-no wslu-main_content\">\n\n\t\t\n        <ul>\n\t\t\t        <\/ul>\n    <\/div>","protected":false},"excerpt":{"rendered":"<div class=\"product-short-description\">Microfiber Leather High Color Gear Bag Manufacturing Faux Microfiber Material WINIW High Color Gear Bag Manufacturing Faux Microfiber Material Key features include MicrofiberLeather, WINIW, Width.Ideal for those seeking quality and reliability.<\/p>\n<p>Jako bezpo\u015brednia fabryka, producent i hurtownik mo\u017cemy \u015bci\u015ble kontrolowa\u0107 proces produkcji, aby zapewni\u0107 jako\u015b\u0107 produktu, zapewniaj\u0105c jednocze\u015bnie najkorzystniejsze ceny. Dysponujemy zaawansowanym sprz\u0119tem produkcyjnym i profesjonalnym zespo\u0142em technicznym, aby sprosta\u0107 potrzebom zam\u00f3wie\u0144 na du\u017c\u0105 skal\u0119 i zapewni\u0107 terminow\u0105 dostaw\u0119.<\/p>\n<\/div>","protected":false},"featured_media":3321,"template":"","meta":[],"product_brand":[],"product_cat":[111],"product_tag":[],"class_list":{"0":"post-28081","1":"product","2":"type-product","3":"status-publish","4":"has-post-thumbnail","6":"product_cat-microfiber-leather","8":"first","9":"instock","10":"product-type-simple"},"_links":{"self":[{"href":"https:\/\/www.eco-leather.com\/pl\/wp-json\/wp\/v2\/product\/28081","targetHints":{"allow":["GET"]}}],"collection":[{"href":"https:\/\/www.eco-leather.com\/pl\/wp-json\/wp\/v2\/product"}],"about":[{"href":"https:\/\/www.eco-leather.com\/pl\/wp-json\/wp\/v2\/types\/product"}],"wp:featuredmedia":[{"embeddable":true,"href":"https:\/\/www.eco-leather.com\/pl\/wp-json\/wp\/v2\/media\/3321"}],"wp:attachment":[{"href":"https:\/\/www.eco-leather.com\/pl\/wp-json\/wp\/v2\/media?parent=28081"}],"wp:term":[{"taxonomy":"product_brand","embeddable":true,"href":"https:\/\/www.eco-leather.com\/pl\/wp-json\/wp\/v2\/product_brand?post=28081"},{"taxonomy":"product_cat","embeddable":true,"href":"https:\/\/www.eco-leather.com\/pl\/wp-json\/wp\/v2\/product_cat?post=28081"},{"taxonomy":"product_tag","embeddable":true,"href":"https:\/\/www.eco-leather.com\/pl\/wp-json\/wp\/v2\/product_tag?post=28081"}],"curies":[{"name":"wp","href":"https:\/\/api.w.org\/{rel}","templated":true}]}}