{"id":28063,"date":"2025-09-07T10:51:06","date_gmt":"2025-09-07T02:51:06","guid":{"rendered":"https:\/\/www.eco-leather.com\/product\/1-4mm-high-color-faux-leatherette-microfiber-leather-for-trademark\/"},"modified":"2025-09-07T10:51:09","modified_gmt":"2025-09-07T02:51:09","slug":"1-4-mm-wysokiej-jakosci-sztuczna-skora-z-mikrofibry-dla-znaku-towarowego","status":"publish","type":"product","link":"https:\/\/www.eco-leather.com\/pl\/1-4-mm-wysokiej-jakosci-sztuczna-skora-z-mikrofibry-dla-znaku-towarowego\/","title":{"rendered":"1,4 mm wysokiej jako\u015bci sztuczna sk\u00f3ra ze sztucznej sk\u00f3ry z mikrofibry dla znaku towarowego"},"content":{"rendered":"<h2>Wytrzyma\u0142o\u015b\u0107 szw\u00f3w ze sztucznej mikrofibry<\/h2>\n<p><main><\/p>\n<section id=\"product-overview\">\n<h2>Opis produktu<\/h2>\n<p>Produkt <strong>Rozwi\u0105zanie do tapicerki sk\u00f3rzanej<\/strong> Wprowadzenie<\/p>\n<p>Wykonane z wysokiej jako\u015bci materia\u0142\u00f3w z mikrofibry, nasze r\u0119kawiczki Ultrasuede Microfiber Faux Leather 0,7 mm to idealny wyb\u00f3r na r\u0119kawiczki rowerowe. R\u00f3wnowa\u017cy elastyczno\u015b\u0107 i wytrzyma\u0142o\u015b\u0107, oferuj\u0105c wyj\u0105tkow\u0105 oddychalno\u015b\u0107 i w\u0142a\u015bciwo\u015bci odprowadzania wilgoci, aby d\u0142onie by\u0142y ch\u0142odne i suche podczas intensywnych przeja\u017cd\u017cek.<\/p>\n<p>Niezale\u017cnie od tego, czy jeste\u015b profesjonalnym rowerzyst\u0105, czy je\u017adzisz rekreacyjnie, materia\u0142 Microfiber Leather zapewnia niezr\u00f3wnany komfort i ochron\u0119. Jego wysoka odporno\u015b\u0107 na \u015bcieranie i rozdarcia zapewnia d\u0142ugotrwa\u0142\u0105 wydajno\u015b\u0107, a elegancki wygl\u0105d dodaje wyrafinowanego akcentu ka\u017cdemu zestawowi rowerowemu.<\/p>\n<\/section>\n<section id=\"specifications\">\n<h2>Parametry techniczne<\/h2>\n<ul class_=\"parameters-list\">\n<li><span class=\"param-name\">Produkt <strong>Sk\u00f3ra odzie\u017cowa Importowane<\/strong> Specyfikacja WINIW Company Factory Hurtownia producent\u00f3w sk\u00f3ry nubukowejDostosowywana sk\u00f3ra syntetyczna:<\/span> Elegancja, trwa\u0142o\u015b\u0107 i wyb\u00f3r kolor\u00f3w.<\/li>\n<\/ul>\n<p><img decoding=\"async\" alt=\"R\u0119kawiczki kolarskie z mikrofibry 0,7 mm Ultrasuede - specyfikacja materia\u0142owa\" class=\"product-image\" src=\"\/wp-content\/uploads\/2025\/08\/07mm-ultrasuede-microfiber-faux-leather-for-cycling-gloves--37881.jpg\"\/><\/p>\n<h3>Parametry produktu<\/h3>\n<ul class=\"parameters-list\">\n<li><span class=\"param-name\">Materia\u0142:<\/span> Mikrofibra + PU<\/li>\n<li><span class=\"param-name\">Kolor:<\/span> Czarny, szary, be\u017cowy (dost\u0119pne kolory niestandardowe)<\/li>\n<li><span class=\"param-name\">Grubo\u015b\u0107:<\/span> 0,6 mm, 0,7 mm, 0,8 mm, 1 mm<\/li>\n<li><span class=\"param-name\">Minimalna ilo\u015b\u0107 zam\u00f3wienia:<\/span> 300 metr\u00f3w bie\u017c\u0105cych<\/li>\n<li><span class=\"param-name\">D\u0142ugo\u015b\u0107 rolki:<\/span> 20-30 m\/rolka<\/li>\n<li><span class=\"param-name\">Czas dostawy:<\/span> 15-20 dni<\/li>\n<li><span class=\"param-name\">Szeroko\u015b\u0107:<\/span> 54\u2033, 137 cm<\/li>\n<li><span class=\"param-name\">Zdolno\u015b\u0107 produkcyjna:<\/span> 1 000 000 metr\u00f3w miesi\u0119cznie<\/li>\n<\/ul>\n<\/section>\n<section id=\"features\">\n<h2>Cechy produktu<\/h2>\n<div class=\"feature-item\">\n<img decoding=\"async\" alt=\"Do\u015bwiadczenieSuede Leather Waterproof Import najwy\u017cszej jako\u015bci i wszechstronno\u015bci wysokiej jako\u015bci sztucznej sk\u00f3ry z mikrofibry, skrupulatnie wykonanej przez zesp\u00f3\u0142 ekspert\u00f3w w fabryce WINIW Company Wholesale Nubuck Leather Manufacturersfactory\" class=\"feature-image left\" src=\"\/wp-content\/uploads\/2025\/08\/14mm-high-color-faux-leatherette-microfiber-leather-for-trademark-21852.jpg\"\/><\/p>\n<h3>Do\u015bwiadczenie <strong>Sk\u00f3ra zamszowa Wodoodporny import<\/strong> Najwy\u017csza jako\u015b\u0107 i wszechstronno\u015b\u0107 wysokiej jako\u015bci sztucznej sk\u00f3ry z mikrofibry, skrupulatnie wykonanej przez zesp\u00f3\u0142 ekspert\u00f3w w WINIW Company Factory Wholesale Nubuck Leather Manufacturersfactory<\/h3>\n<p>Do\u015bwiadczenie <strong>Sk\u00f3ra zamszowa Wodoodporny import<\/strong> Najwy\u017csza jako\u015b\u0107 i wszechstronno\u015b\u0107 wysokiej jako\u015bci sztucznej sk\u00f3ry z mikrofibry, skrupulatnie wykonanej przez zesp\u00f3\u0142 ekspert\u00f3w w WINIW Company Factory Wholesale Nubuck Leather Manufacturersfactory.<\/p>\n<div class=\"clear\"><\/div>\n<\/div>\n<div class=\"feature-item\">\n<img decoding=\"async\" alt=\"Jako wiod\u0105cy WINIW Company Factory Wholesale Nubuck Leather Manufacturersproducent specjalizuj\u0105cy si\u0119 w innowacyjnych rozwi\u0105zaniach ze sztucznej sk\u00f3ry, jeste\u015bmy dumni z oferowania materia\u0142\u00f3w, kt\u00f3re na nowo definiuj\u0105 standardy w zakresie trwa\u0142o\u015bci, estetyki i wydajno\u015bci\" class=\"feature-image left\" src=\"\/wp-content\/uploads\/2025\/08\/14mm-high-color-faux-leatherette-microfiber-leather-for-trademark-21853.jpg\"\/><\/p>\n<h3>Jako wiod\u0105cy WINIW Company Factory Wholesale Nubuck Leather Manufacturersproducent specjalizuj\u0105cy si\u0119 w innowacyjnych rozwi\u0105zaniach ze sztucznej sk\u00f3ry, jeste\u015bmy dumni z oferowania materia\u0142\u00f3w, kt\u00f3re na nowo definiuj\u0105 standardy w zakresie trwa\u0142o\u015bci, estetyki i wydajno\u015bci<\/h3>\n<p>Jako wiod\u0105ca firma WINIW Factory Wholesale Nubuck Leather Manufacturers specjalizuj\u0105ca si\u0119 w innowacyjnych rozwi\u0105zaniach ze sztucznej sk\u00f3ry, jeste\u015bmy dumni z oferowania materia\u0142\u00f3w, kt\u00f3re na nowo definiuj\u0105 standardy trwa\u0142o\u015bci, estetyki i wydajno\u015bci.<\/p>\n<div class=\"clear\"><\/div>\n<\/div>\n<div class=\"feature-item\">\n<img decoding=\"async\" alt=\"Nasza wysokokolorowa sztuczna sk\u00f3ra z mikrofibry zosta\u0142a zaprojektowana, aby sprosta\u0107 wymagaj\u0105cym wymaganiom bran\u017cy znak\u00f3w towarowych, \u0142\u0105cz\u0105c wyrafinowanie prawdziwej sk\u00f3ry z nowoczesnym wygl\u0105dem materia\u0142\u00f3w syntetycznych\" class=\"feature-image left\" src=\"\/wp-content\/uploads\/2025\/08\/14mm-high-color-faux-leatherette-microfiber-leather-for-trademark-21854.jpg\"\/><\/p>\n<h3>Nasza wysokokolorowa sztuczna sk\u00f3ra z mikrofibry zosta\u0142a zaprojektowana, aby sprosta\u0107 wymagaj\u0105cym wymaganiom bran\u017cy znak\u00f3w towarowych, \u0142\u0105cz\u0105c wyrafinowanie prawdziwej sk\u00f3ry z nowoczesnym wygl\u0105dem materia\u0142\u00f3w syntetycznych<\/h3>\n<p>Nasza wysokokolorowa sztuczna sk\u00f3ra z mikrofibry zosta\u0142a zaprojektowana, aby sprosta\u0107 wymagaj\u0105cym wymaganiom bran\u017cy znak\u00f3w towarowych, \u0142\u0105cz\u0105c wyrafinowanie prawdziwej sk\u00f3ry z nowoczesnym wygl\u0105dem materia\u0142\u00f3w syntetycznych.<\/p>\n<div class=\"clear\"><\/div>\n<\/div>\n<div class=\"feature-item\">\n<img decoding=\"async\" alt=\"Ka\u017cda rolka jest skrupulatnie przetwarzana, aby zapewni\u0107 jednolit\u0105 \u017cywo\u015b\u0107 kolor\u00f3w, g\u0142adk\u0105 tekstur\u0119 i solidn\u0105 konstrukcj\u0119, kt\u00f3ra wytrzymuje pr\u00f3b\u0119 czasu, co czyni j\u0105 idealnym wyborem do r\u00f3\u017cnych zastosowa\u0144 brandingowych i komercyjnych \" class=\"feature-image left\" src=\"\/wp-content\/uploads\/2025\/08\/14mm-high-color-faux-leatherette-microfiber-leather-for-trademark-21855.jpg\"\/><\/p>\n<h3>Ka\u017cda rolka jest skrupulatnie przetwarzana, aby zapewni\u0107 jednolit\u0105 \u017cywo\u015b\u0107 kolor\u00f3w, g\u0142adk\u0105 tekstur\u0119 i solidn\u0105 konstrukcj\u0119, kt\u00f3ra wytrzymuje pr\u00f3b\u0119 czasu, co czyni j\u0105 idealnym wyborem do r\u00f3\u017cnych zastosowa\u0144 brandingowych i komercyjnych <\/h3>\n<p>Ka\u017cda rolka jest skrupulatnie przetwarzana, aby zapewni\u0107 sp\u00f3jn\u0105 \u017cywo\u015b\u0107 kolor\u00f3w, g\u0142adk\u0105 tekstur\u0119 i solidn\u0105 konstrukcj\u0119, kt\u00f3ra wytrzymuje pr\u00f3b\u0119 czasu, co czyni j\u0105 idealnym wyborem do r\u00f3\u017cnych zastosowa\u0144 brandingowych i komercyjnych.<\/p>\n<div class=\"clear\"><\/div>\n<\/div>\n<div class=\"feature-item\">\n<img decoding=\"async\" alt=\"Materia\u0142Wodoodporna sztuczna sk\u00f3ra DostosujMikrofibraSk\u00f3ra Nazwa marki WINIW Fabryka Hurtownia Producent\u00f3w Sk\u00f3ry NubukowejSzeroko\u015b\u0107 54\" class=\"feature-image left\" src=\"\/wp-content\/uploads\/2025\/08\/14mm-high-color-faux-leatherette-microfiber-leather-for-trademark-21856.jpg\"\/><\/p>\n<h3>Materia\u0142 <strong>Wodoodporna sztuczna sk\u00f3ra na zam\u00f3wienie<\/strong> MikrofibraSk\u00f3ra Nazwa marki WINIW Fabryka Hurtownia Producent\u00f3w Sk\u00f3ry NubukowejSzeroko\u015b\u0107 54\u2033; 1<\/h3>\n<p>Materia\u0142 <strong>Wodoodporna sztuczna sk\u00f3ra na zam\u00f3wienie<\/strong> Sk\u00f3ra z mikrofibry Nazwa marki WINIW Fabryka hurtowych producent\u00f3w sk\u00f3ry nubukowej Szeroko\u015b\u0107 54 \u2033; 1,37 m Kolor czerwony, czarny, br\u0105zowy, zielony, zaakceptuj dostosuj Cecha Odporny na zu\u017cycie, wodoodporny, przeciw ple\u015bni, elastyczny Grubo\u015b\u0107 0,6 mm-2,0 mm Miejsce pochodzenia Chiny Dostosowane Tak Czas dostawy Zwykle w ci\u0105gu 15 - 25 dni.<\/p>\n<div class=\"clear\"><\/div>\n<\/div>\n<div class=\"feature-item\">\n<h3>MOQ 300 metr\u00f3w Szczeg\u00f3\u0142y opakowania 30\/50 metr\u00f3w na rolk\u0119<\/h3>\n<p>MOQ 300 metr\u00f3w Szczeg\u00f3\u0142y opakowania 30\/50 metr\u00f3w na rolk\u0119. Lub dostosowane Zdolno\u015b\u0107 produkcyjna 1 000 000 metr\u00f3w miesi\u0119cznie Cecha produktu Szczyc\u0105cy si\u0119 szeregiem wyj\u0105tkowych cech, High Color Faux Leatherette Microfiber Leather od WINIW Company Factory Wholesale Nubuck Leather Manufacturersmanufacturer wyr\u00f3\u017cnia si\u0119 na rynku.<\/p>\n<div class=\"clear\"><\/div>\n<\/div>\n<div class=\"feature-item\">\n<h3>Jego <strong>Wodoodporna tkanina sk\u00f3rzana Odmhsas<\/strong> Sk\u0142ad mikrofibry zapewnia jej wyj\u0105tkow\u0105 elastyczno\u015b\u0107 i spr\u0119\u017cysto\u015b\u0107, dzi\u0119ki czemu zachowuje sw\u00f3j kszta\u0142t i integralno\u015b\u0107 nawet przy rygorystycznym u\u017cytkowaniu.<\/h3>\n<p>Jego <strong>Wodoodporna tkanina sk\u00f3rzana Odmhsas<\/strong> Sk\u0142ad mikrofibry zapewnia jej wyj\u0105tkow\u0105 elastyczno\u015b\u0107 i spr\u0119\u017cysto\u015b\u0107, dzi\u0119ki czemu zachowuje sw\u00f3j kszta\u0142t i integralno\u015b\u0107 nawet przy rygorystycznym u\u017cytkowaniu. Wysoka trwa\u0142o\u015b\u0107 koloru materia\u0142u zapewnia, \u017ce \u017cywe odcienie pozostaj\u0105 prawdziwe i \u017cywe, odporne na blakni\u0119cie z up\u0142ywem czasu.<\/p>\n<div class=\"clear\"><\/div>\n<\/div>\n<div class=\"feature-item\">\n<h3>Co wi\u0119cej, wyko\u0144czenie ze sztucznej sk\u00f3ry zapewnia luksusowy dotyk podobny do prawdziwej sk\u00f3ry, ale bez zwi\u0105zanego z tym wp\u0142ywu na \u015brodowisko, co czyni go ekologiczn\u0105 alternatyw\u0105<\/h3>\n<p>Co wi\u0119cej, jego wyko\u0144czenie ze sztucznej sk\u00f3ry zapewnia luksusowy dotyk podobny do prawdziwej sk\u00f3ry, ale bez zwi\u0105zanego z tym wp\u0142ywu na \u015brodowisko, co czyni go ekologiczn\u0105 alternatyw\u0105. WINIW Company Factory Wholesale Nubuck Leather ManufacturersZaanga\u017cowanie w jako\u015b\u0107 rozci\u0105ga si\u0119 na skrupulatn\u0105 dba\u0142o\u015b\u0107 o szczeg\u00f3\u0142y, takie jak precyzyjne ci\u0119cie i bezszwowe kraw\u0119dzie, zapewniaj\u0105c, \u017ce ka\u017cdy element jest gotowy do podniesienia atrakcyjno\u015bci wizualnej i funkcjonalno\u015bci dowolnej aplikacji znaku towarowego.<\/p>\n<div class=\"clear\"><\/div>\n<\/div>\n<div class=\"feature-item\">\n<img decoding=\"async\" alt=\"Wysoka wytrzyma\u0142o\u015b\u0107 na rozdarcie - sztuczna sk\u00f3ra Ultrasuede z mikrofibry do r\u0119kawiczek rowerowych\" class=\"feature-image left\" src=\"\/wp-content\/uploads\/2025\/08\/07mm-ultrasuede-microfiber-faux-leather-for-cycling-gloves--37882.jpg\"\/><\/p>\n<h3>Wysoka wytrzyma\u0142o\u015b\u0107 na rozerwanie<\/h3>\n<p>Nasza sk\u00f3ra z mikrofibry Ultrasuede charakteryzuje si\u0119 wyj\u0105tkow\u0105 odporno\u015bci\u0105 na rozdarcia, dzi\u0119ki czemu nie p\u0119ka ani nie odkszta\u0142ca si\u0119 \u0142atwo pod wp\u0142ywem napr\u0119\u017ce\u0144. Dzi\u0119ki temu idealnie nadaje si\u0119 do produkt\u00f3w wymagaj\u0105cych trwa\u0142o\u015bci i d\u0142ugotrwa\u0142ej wydajno\u015bci.<\/p>\n<div class=\"clear\"><\/div>\n<\/div>\n<div class=\"feature-item\">\n<img decoding=\"async\" alt=\"Zachowanie kszta\u0142tu - Ultrasuede, mikrofibra, sztuczna sk\u00f3ra dla r\u0119kawiczek kolarskich\" class=\"feature-image right\" src=\"\/wp-content\/uploads\/2025\/08\/07mm-ultrasuede-microfiber-faux-leather-for-cycling-gloves--37883.jpg\"\/><\/p>\n<h3>Nie\u0142atwe do odkszta\u0142cenia<\/h3>\n<p>Poddany specjalnej obr\u00f3bce w celu zachowania oryginalnego kszta\u0142tu, materia\u0142 ten oferuje doskona\u0142\u0105 elastyczno\u015b\u0107 i stabilno\u015b\u0107. Jest odporny na odkszta\u0142cenia spowodowane naciskiem zewn\u0119trznym lub rozci\u0105ganiem, dzi\u0119ki czemu produkty pozostaj\u0105 nienaruszone i atrakcyjne przez d\u0142ugi czas.<\/p>\n<div class=\"clear\"><\/div>\n<\/div>\n<div class=\"feature-item\">\n<img decoding=\"async\" alt=\"Wytrzyma\u0142o\u015b\u0107 - r\u0119kawiczki kolarskie z mikrofibry i sztucznej sk\u00f3ry Ultrasuede\" class=\"feature-image left\" src=\"\/wp-content\/uploads\/2025\/08\/07mm-ultrasuede-microfiber-faux-leather-for-cycling-gloves--37884.jpg\"\/><\/p>\n<h3>Trwa\u0142o\u015b\u0107<\/h3>\n<p>Niezwykle odporny na \u015bcieranie, rozdarcia i przebicia materia\u0142 sprawia, \u017ce r\u0119kawice pozostaj\u0105 w doskona\u0142ym stanie nawet przy d\u0142ugotrwa\u0142ym u\u017cytkowaniu. Zachowuje r\u00f3wnie\u017c doskona\u0142\u0105 zr\u0119czno\u015b\u0107 i wytrzyma\u0142o\u015b\u0107 wysokiej jako\u015bci wyrob\u00f3w sk\u00f3rzanych.<\/p>\n<div class=\"clear\"><\/div>\n<\/div>\n<\/section>\n<section id=\"why-choose-us\">\n<h2>Dlaczego warto wybra\u0107 WINIW<\/h2>\n<div class=\"advantage-item\">\n<h3>Nasza przewaga<\/h3>\n<p>WINIW Company Factory Hurtownia producent\u00f3w sk\u00f3ry nubukowejFabryczna prezentacja produkt\u00f3w<\/p>\n<\/div>\n<div class=\"advantage-item\">\n<h3>Zapewnienie jako\u015bci<\/h3>\n<p>Wdra\u017camy \u015bcis\u0142\u0105 kontrol\u0119 jako\u015bci w ca\u0142ym \u0142a\u0144cuchu produkcji i dostaw, zgodnie z normami ISO9001. Od wyboru surowc\u00f3w po kontrol\u0119 ko\u0144cow\u0105, priorytetowo traktujemy interesy klienta.<\/p>\n<\/div>\n<div class=\"advantage-item\">\n<h3>Profesjonalny zesp\u00f3\u0142 techniczny<\/h3>\n<p>Nasz wyspecjalizowany zesp\u00f3\u0142 techniczny sk\u0142ada si\u0119 z do\u015bwiadczonych profesjonalist\u00f3w z r\u00f3\u017cnych dziedzin, zaanga\u017cowanych w dostarczanie wysokiej jako\u015bci produkt\u00f3w i dostosowanych rozwi\u0105za\u0144.<\/p>\n<\/div>\n<div class=\"advantage-item\">\n<h3>Szeroki zakres zastosowa\u0144<\/h3>\n<p>Nasze materia\u0142y s\u0105 szeroko stosowane w obuwiu, odzie\u017cy, baga\u017cu, wn\u0119trzach samochod\u00f3w, meblach wypoczynkowych i nie tylko.<\/p>\n<\/div>\n<div class=\"advantage-item\">\n<h3>Bogate do\u015bwiadczenie<\/h3>\n<p>Quanzhou WINIW Import &amp; Export Co., Ltd. ma ponad 20-letnie do\u015bwiadczenie w produkcji, oferuj\u0105c doskona\u0142e rozwi\u0105zania dla klient\u00f3w na ca\u0142ym \u015bwiecie.<\/p>\n<\/div>\n<div class=\"advantage-item\">\n<h3>Przyst\u0119pna cena<\/h3>\n<p>Zapewniamy konkurencyjne ceny i doskona\u0142\u0105 obs\u0142ug\u0119 klienta. Popro\u015b o katalog lub odwied\u017a nasz\u0105 fabryk\u0119, aby zapozna\u0107 si\u0119 z naszymi produktami.<\/p>\n<\/div>\n<div class=\"advantage-item\">\n<h3>24-godzinna obs\u0142uga klienta online<\/h3>\n<p>Nasz zesp\u00f3\u0142 jest dost\u0119pny 24 godziny na dob\u0119, 7 dni w tygodniu, aby odpowiada\u0107 na zapytania i szybko reagowa\u0107 na opinie.<\/p>\n<\/div>\n<p><img decoding=\"async\" alt=\"Zak\u0142ad produkcyjny WINIW - proces produkcji sk\u00f3ry z mikrofibry Ultrasuede\" class=\"product-image\" src=\"\/wp-content\/uploads\/2025\/08\/07mm-ultrasuede-microfiber-faux-leather-for-cycling-gloves--37888.jpg\"\/><br \/>\n<\/section>\n<p><\/main><\/p>\n<section id=\"inquiry\">\n<h2 style=\"text-align: center;\">Z powa\u017caniem czekam na Twoje zapytanie!<\/h2>\n<p style=\"text-align: center;\">Skontaktuj si\u0119 z nami ju\u017c dzi\u015b, aby dowiedzie\u0107 si\u0119 wi\u0119cej o naszych produktach i z\u0142o\u017cy\u0107 zam\u00f3wienie.<\/p>\n<\/section>\n\n    <div class=\"xs_social_share_widget xs_share_url after_content \t\tmain_content  wslu-style-1 wslu-share-box-shaped wslu-fill-colored wslu-none wslu-share-horizontal wslu-theme-font-no wslu-main_content\">\n\n\t\t\n        <ul>\n\t\t\t        <\/ul>\n    <\/div>","protected":false},"excerpt":{"rendered":"<div class=\"product-short-description\">Microfiber Leather 1.4mm High Color Faux Leatherette Microfiber Leather For Trademark WINIW 1.4mm High Color Faux Leatherette Microfiber Leather For Trademark Key features include MicrofiberLeather, WINIW, Width.Ideal for those seeking quality and reliability.<\/p>\n<p>Jako bezpo\u015brednia fabryka, producent i hurtownik mo\u017cemy \u015bci\u015ble kontrolowa\u0107 proces produkcji, aby zapewni\u0107 jako\u015b\u0107 produktu, zapewniaj\u0105c jednocze\u015bnie najkorzystniejsze ceny. Dysponujemy zaawansowanym sprz\u0119tem produkcyjnym i profesjonalnym zespo\u0142em technicznym, aby sprosta\u0107 potrzebom zam\u00f3wie\u0144 na du\u017c\u0105 skal\u0119 i zapewni\u0107 terminow\u0105 dostaw\u0119.<\/p>\n<\/div>","protected":false},"featured_media":2977,"template":"","meta":[],"product_brand":[],"product_cat":[111],"product_tag":[],"class_list":{"0":"post-28063","1":"product","2":"type-product","3":"status-publish","4":"has-post-thumbnail","6":"product_cat-microfiber-leather","8":"first","9":"instock","10":"product-type-simple"},"_links":{"self":[{"href":"https:\/\/www.eco-leather.com\/pl\/wp-json\/wp\/v2\/product\/28063","targetHints":{"allow":["GET"]}}],"collection":[{"href":"https:\/\/www.eco-leather.com\/pl\/wp-json\/wp\/v2\/product"}],"about":[{"href":"https:\/\/www.eco-leather.com\/pl\/wp-json\/wp\/v2\/types\/product"}],"wp:featuredmedia":[{"embeddable":true,"href":"https:\/\/www.eco-leather.com\/pl\/wp-json\/wp\/v2\/media\/2977"}],"wp:attachment":[{"href":"https:\/\/www.eco-leather.com\/pl\/wp-json\/wp\/v2\/media?parent=28063"}],"wp:term":[{"taxonomy":"product_brand","embeddable":true,"href":"https:\/\/www.eco-leather.com\/pl\/wp-json\/wp\/v2\/product_brand?post=28063"},{"taxonomy":"product_cat","embeddable":true,"href":"https:\/\/www.eco-leather.com\/pl\/wp-json\/wp\/v2\/product_cat?post=28063"},{"taxonomy":"product_tag","embeddable":true,"href":"https:\/\/www.eco-leather.com\/pl\/wp-json\/wp\/v2\/product_tag?post=28063"}],"curies":[{"name":"wp","href":"https:\/\/api.w.org\/{rel}","templated":true}]}}