{"id":28031,"date":"2025-09-07T10:50:43","date_gmt":"2025-09-07T02:50:43","guid":{"rendered":"https:\/\/www.eco-leather.com\/product\/0-8mm-eco-friendly-sustainable-pea-coat-crafting-microfiber-leather\/"},"modified":"2025-09-07T10:50:49","modified_gmt":"2025-09-07T02:50:49","slug":"0-8-mm-ekologiczna-zrownowazona-skora-groszkowa-wykonana-z-mikrofibry","status":"publish","type":"product","link":"https:\/\/www.eco-leather.com\/pl\/0-8-mm-ekologiczna-zrownowazona-skora-groszkowa-wykonana-z-mikrofibry\/","title":{"rendered":"Ekologiczna, zr\u00f3wnowa\u017cona sk\u00f3ra groszkowa 0,8 mm wykonana z mikrofibry"},"content":{"rendered":"<h2>Sztuczna sk\u00f3ra z mikrofibry<\/h2>\n<p><main><\/p>\n<section id=\"product-overview\">\n<h2>Opis produktu<\/h2>\n<p>Produkt <strong>Faux Leather Spandex<\/strong> Wprowadzenie<\/p>\n<p>Wykonane z wysokiej jako\u015bci materia\u0142\u00f3w z mikrofibry, nasze r\u0119kawiczki Ultrasuede Microfiber Faux Leather 0,7 mm to idealny wyb\u00f3r na r\u0119kawiczki rowerowe. R\u00f3wnowa\u017cy elastyczno\u015b\u0107 i wytrzyma\u0142o\u015b\u0107, oferuj\u0105c wyj\u0105tkow\u0105 oddychalno\u015b\u0107 i w\u0142a\u015bciwo\u015bci odprowadzania wilgoci, aby d\u0142onie by\u0142y ch\u0142odne i suche podczas intensywnych przeja\u017cd\u017cek.<\/p>\n<p>Niezale\u017cnie od tego, czy jeste\u015b profesjonalnym rowerzyst\u0105, czy je\u017adzisz rekreacyjnie, materia\u0142 Microfiber Leather zapewnia niezr\u00f3wnany komfort i ochron\u0119. Jego wysoka odporno\u015b\u0107 na \u015bcieranie i rozdarcia zapewnia d\u0142ugotrwa\u0142\u0105 wydajno\u015b\u0107, a elegancki wygl\u0105d dodaje wyrafinowanego akcentu ka\u017cdemu zestawowi rowerowemu.<\/p>\n<\/section>\n<section id=\"specifications\">\n<h2>Parametry techniczne<\/h2>\n<ul class_=\"parameters-list\">\n<li><span class=\"param-name\">Produkt <strong>Sk\u00f3ra odzie\u017cowa Importowane<\/strong> Specyfikacja WINIW Company Factory Hurtownia Producent\u00f3w Sk\u00f3ryZindywidualizowana sk\u00f3ra syntetyczna:<\/span> Elegancja, trwa\u0142o\u015b\u0107 i wyb\u00f3r kolor\u00f3w.<\/li>\n<\/ul>\n<p><img decoding=\"async\" alt=\"R\u0119kawiczki kolarskie z mikrofibry 0,7 mm Ultrasuede - specyfikacja materia\u0142owa\" class=\"product-image\" src=\"\/wp-content\/uploads\/2025\/08\/07mm-ultrasuede-microfiber-faux-leather-for-cycling-gloves--37881.jpg\"\/><\/p>\n<h3>Parametry produktu<\/h3>\n<ul class=\"parameters-list\">\n<li><span class=\"param-name\">Materia\u0142:<\/span> Mikrofibra + PU<\/li>\n<li><span class=\"param-name\">Kolor:<\/span> Czarny, szary, be\u017cowy (dost\u0119pne kolory niestandardowe)<\/li>\n<li><span class=\"param-name\">Grubo\u015b\u0107:<\/span> 0,6 mm, 0,7 mm, 0,8 mm, 1 mm<\/li>\n<li><span class=\"param-name\">Minimalna ilo\u015b\u0107 zam\u00f3wienia:<\/span> 300 metr\u00f3w bie\u017c\u0105cych<\/li>\n<li><span class=\"param-name\">D\u0142ugo\u015b\u0107 rolki:<\/span> 20-30 m\/rolka<\/li>\n<li><span class=\"param-name\">Czas dostawy:<\/span> 15-20 dni<\/li>\n<li><span class=\"param-name\">Szeroko\u015b\u0107:<\/span> 54\u2033, 137 cm<\/li>\n<li><span class=\"param-name\">Zdolno\u015b\u0107 produkcyjna:<\/span> 1 000 000 metr\u00f3w miesi\u0119cznie<\/li>\n<\/ul>\n<\/section>\n<section id=\"features\">\n<h2>Cechy produktu<\/h2>\n<div class=\"feature-item\">\n<img decoding=\"async\" alt=\"W firmieSuede Leather Waterproof ImportWINIW Company Factory Wholesale Leatherette Manufacturersfactory jeste\u015bmy dumni z tego, \u017ce tworzymy przysz\u0142o\u015b\u0107 zr\u00f3wnowa\u017conych materia\u0142\u00f3w dzi\u0119ki naszej ekologicznej, zr\u00f3wnowa\u017conej sk\u00f3rze z mikrofibry, dostosowanej specjalnie do produkcji p\u0142aszczy groszkowych\" class=\"feature-image left\" src=\"\/wp-content\/uploads\/2025\/08\/08mm-eco-friendly-sustainable-pea-coat-crafting-microfiber-leather-21585.jpg\"\/><\/p>\n<h3>Przy <strong>Sk\u00f3ra zamszowa Wodoodporny import<\/strong> WINIW Company Factory Wholesale Leatherette Manufacturersfactory, jeste\u015bmy dumni z tworzenia przysz\u0142o\u015bci zr\u00f3wnowa\u017conych materia\u0142\u00f3w dzi\u0119ki naszej ekologicznej, zr\u00f3wnowa\u017conej sk\u00f3rze z mikrofibry, dostosowanej specjalnie do produkcji p\u0142aszczy groszkowych<\/h3>\n<p>Przy <strong>Sk\u00f3ra zamszowa Wodoodporny import<\/strong> WINIW Company Factory Wholesale Leatherette Manufacturersfactory, jeste\u015bmy dumni z tego, \u017ce tworzymy przysz\u0142o\u015b\u0107 zr\u00f3wnowa\u017conych materia\u0142\u00f3w dzi\u0119ki naszej ekologicznej, zr\u00f3wnowa\u017conej sk\u00f3rze z mikrofibry, dostosowanej specjalnie do produkcji p\u0142aszczy groszkowych.<\/p>\n<div class=\"clear\"><\/div>\n<\/div>\n<div class=\"feature-item\">\n<img decoding=\"async\" alt=\"Jako wiod\u0105ca firma WINIW Factory Wholesale Leatherette Manufacturersmanufacturer, skrupulatnie zaprojektowali\u015bmy t\u0119 sk\u00f3r\u0119 z mikrofibry, aby po\u0142\u0105czy\u0107 \u015bwiadomo\u015b\u0107 ekologiczn\u0105 z wysok\u0105 wydajno\u015bci\u0105, zapewniaj\u0105c, \u017ce spe\u0142nia rygorystyczne standardy wymagane przez bran\u017c\u0119 modow\u0105 i odzie\u017cow\u0105\" class=\"feature-image left\" src=\"\/wp-content\/uploads\/2025\/08\/08mm-eco-friendly-sustainable-pea-coat-crafting-microfiber-leather-21586.jpg\"\/><\/p>\n<h3>Jako wiod\u0105ca firma WINIW Factory Wholesale Leatherette Manufacturersmanufacturer, skrupulatnie zaprojektowali\u015bmy t\u0119 sk\u00f3r\u0119 z mikrofibry, aby po\u0142\u0105czy\u0107 \u015bwiadomo\u015b\u0107 ekologiczn\u0105 z wysok\u0105 wydajno\u015bci\u0105, zapewniaj\u0105c, \u017ce spe\u0142nia rygorystyczne standardy wymagane przez bran\u017c\u0119 modow\u0105 i odzie\u017cow\u0105<\/h3>\n<p>Jako wiod\u0105ca firma WINIW Factory Wholesale Leatherette Manufacturersmanufacturer, skrupulatnie zaprojektowali\u015bmy t\u0119 sk\u00f3r\u0119 z mikrofibry, aby po\u0142\u0105czy\u0107 \u015bwiadomo\u015b\u0107 ekologiczn\u0105 z wysok\u0105 wydajno\u015bci\u0105, zapewniaj\u0105c, \u017ce spe\u0142nia rygorystyczne standardy wymagane przez bran\u017c\u0119 modow\u0105 i odzie\u017cow\u0105.<\/p>\n<div class=\"clear\"><\/div>\n<\/div>\n<div class=\"feature-item\">\n<img decoding=\"async\" alt=\"Nasza sk\u00f3ra z mikrofibry to rewolucyjna alternatywa dla tradycyjnej sk\u00f3ry, \u0142\u0105cz\u0105ca w sobie elegancj\u0119 i trwa\u0142o\u015b\u0107, jakich oczekuje si\u0119 od najwy\u017cszej jako\u015bci materia\u0142\u00f3w wierzchnich, bez kompromis\u00f3w w zakresie etycznego pozyskiwania lub wp\u0142ywu na \u015brodowisko.\" class=\"feature-image left\" src=\"\/wp-content\/uploads\/2025\/08\/08mm-eco-friendly-sustainable-pea-coat-crafting-microfiber-leather-21587.jpg\"\/><\/p>\n<h3>Nasza sk\u00f3ra z mikrofibry to rewolucyjna alternatywa dla tradycyjnej sk\u00f3ry, \u0142\u0105cz\u0105ca w sobie elegancj\u0119 i trwa\u0142o\u015b\u0107, jakich oczekuje si\u0119 od najwy\u017cszej jako\u015bci materia\u0142\u00f3w wierzchnich, bez kompromis\u00f3w w zakresie etycznego pozyskiwania lub wp\u0142ywu na \u015brodowisko.<\/h3>\n<p>Nasza sk\u00f3ra z mikrofibry to rewolucyjna alternatywa dla tradycyjnej sk\u00f3ry, \u0142\u0105cz\u0105ca w sobie elegancj\u0119 i trwa\u0142o\u015b\u0107 oczekiwan\u0105 od najwy\u017cszej jako\u015bci materia\u0142\u00f3w wierzchnich bez kompromis\u00f3w w zakresie etycznego pozyskiwania lub wp\u0142ywu na \u015brodowisko.<\/p>\n<div class=\"clear\"><\/div>\n<\/div>\n<div class=\"feature-item\">\n<img decoding=\"async\" alt=\"Wykonany z mieszanki poliestru z recyklingu i poliuretanu, przechodzi rygorystyczne testy w naszych najnowocze\u015bniejszych zak\u0142adach, aby zagwarantowa\u0107 jego odporno\u015b\u0107 na zu\u017cycie, co czyni go idealnym wyborem dla projektant\u00f3w i producent\u00f3w, kt\u00f3rzy chc\u0105 ulepszy\u0107 swoje kolekcje p\u0142aszczy w zr\u00f3wnowa\u017cony spos\u00f3b. \" class=\"feature-image left\" src=\"\/wp-content\/uploads\/2025\/08\/08mm-eco-friendly-sustainable-pea-coat-crafting-microfiber-leather-21588.jpg\"\/><\/p>\n<h3>Wykonany z mieszanki poliestru z recyklingu i poliuretanu, przechodzi rygorystyczne testy w naszych najnowocze\u015bniejszych zak\u0142adach, aby zagwarantowa\u0107 jego odporno\u015b\u0107 na zu\u017cycie, co czyni go idealnym wyborem dla projektant\u00f3w i producent\u00f3w, kt\u00f3rzy chc\u0105 ulepszy\u0107 swoje kolekcje p\u0142aszczy w zr\u00f3wnowa\u017cony spos\u00f3b. <\/h3>\n<p>Wykonany z mieszanki poliestru z recyklingu i poliuretanu, przechodzi rygorystyczne testy w naszych najnowocze\u015bniejszych zak\u0142adach, aby zagwarantowa\u0107 jego odporno\u015b\u0107 na zu\u017cycie, co czyni go idealnym wyborem dla projektant\u00f3w i producent\u00f3w, kt\u00f3rzy chc\u0105 ulepszy\u0107 swoje kolekcje p\u0142aszczy w zr\u00f3wnowa\u017cony spos\u00f3b.<\/p>\n<div class=\"clear\"><\/div>\n<\/div>\n<div class=\"feature-item\">\n<img decoding=\"async\" alt=\"Materia\u0142Sk\u00f3ra zamszowa Wodoodporny sprayMikrofibraSk\u00f3ra Nazwa marki WINIW Fabryka Hurtownia Producent\u00f3w Sztucznej Sk\u00f3rySzeroko\u015b\u0107 54\" class=\"feature-image left\" src=\"\/wp-content\/uploads\/2025\/08\/08mm-eco-friendly-sustainable-pea-coat-crafting-microfiber-leather-21589.jpg\"\/><\/p>\n<h3>Materia\u0142 <strong>Wodoodporny spray do sk\u00f3ry zamszowej<\/strong> MikrofibraSk\u00f3ra Nazwa marki WINIW Fabryka Hurtownia Producent\u00f3w Sztucznej Sk\u00f3rySzeroko\u015b\u0107 54\u2033; 1<\/h3>\n<p>Materia\u0142 <strong>Wodoodporny spray do sk\u00f3ry zamszowej<\/strong> MikrofibraSk\u00f3ra Nazwa marki WINIW Fabryka hurtowych producent\u00f3w sztucznej sk\u00f3ry Szeroko\u015b\u0107 54 \u2033; 1,37 m Kolor czerwony, czarny, br\u0105zowy, zielony, zaakceptuj dostosuj Cecha Odporny na zu\u017cycie, wodoodporny, przeciw ple\u015bni, elastyczny Grubo\u015b\u0107 0,6 mm-2,0 mm Miejsce pochodzenia Chiny Dostosowane Tak Czas dostawy Zwykle w ci\u0105gu 15 - 25 dni.<\/p>\n<div class=\"clear\"><\/div>\n<\/div>\n<div class=\"feature-item\">\n<h3>MOQ 300 metr\u00f3w Szczeg\u00f3\u0142y opakowania 30\/50 metr\u00f3w na rolk\u0119<\/h3>\n<p>MOQ 300 metr\u00f3w Szczeg\u00f3\u0142y opakowania 30\/50 metr\u00f3w na rolk\u0119. Lub dostosowane Zdolno\u015b\u0107 produkcyjna 1 000 000 metr\u00f3w miesi\u0119cznie Cecha produktu To, co wyr\u00f3\u017cnia nasz\u0105 ekologiczn\u0105, zr\u00f3wnowa\u017con\u0105 sk\u00f3r\u0119 z mikrofibry, to wyj\u0105tkowa mieszanka cech, kt\u00f3re zaspokajaj\u0105 zar\u00f3wno potrzeby estetyczne, jak i funkcjonalne.<\/p>\n<div class=\"clear\"><\/div>\n<\/div>\n<div class=\"feature-item\">\n<h3>Jak <strong>Wodoodporna sztuczna sk\u00f3ra na zam\u00f3wienie<\/strong> Jako producent hurtowych wyrob\u00f3w sk\u00f3rzanych WINIW Company, zapewniamy, \u017ce ka\u017cda partia tej sk\u00f3ry z mikrofibry wykazuje wyj\u0105tkow\u0105 mi\u0119kko\u015b\u0107 i elastyczno\u015b\u0107, rywalizuj\u0105c z dotykiem prawdziwej sk\u00f3ry przy jednoczesnym zachowaniu lekko\u015bci, co ma kluczowe znaczenie dla wygodnego noszenia w ch\u0142odniejszych porach roku<\/h3>\n<p>Jak <strong>Wodoodporna sztuczna sk\u00f3ra na zam\u00f3wienie<\/strong> WINIW Company Factory Wholesale Leatherette Manufacturersmanufacturer, zapewniamy, \u017ce ka\u017cda partia tej sk\u00f3ry z mikrofibry wykazuje wyj\u0105tkow\u0105 mi\u0119kko\u015b\u0107 i elastyczno\u015b\u0107, rywalizuj\u0105c z dotykiem prawdziwej sk\u00f3ry przy jednoczesnym zachowaniu lekko\u015bci, co ma kluczowe znaczenie dla wygodnego noszenia w ch\u0142odniejszych porach roku.<\/p>\n<div class=\"clear\"><\/div>\n<\/div>\n<div class=\"feature-item\">\n<h3>Odporno\u015b\u0107 na wod\u0119 i zabrudzenia sprawia, \u017ce p\u0142aszcze wykonane z naszego materia\u0142u zachowuj\u0105 nieskazitelny wygl\u0105d nawet po wielokrotnym wystawieniu na dzia\u0142anie czynnik\u00f3w atmosferycznych.<\/h3>\n<p>Odporno\u015b\u0107 na wod\u0119 i plamy sprawia, \u017ce kurtki wykonane z naszego materia\u0142u zachowuj\u0105 nieskazitelny wygl\u0105d nawet po wielokrotnym wystawieniu na dzia\u0142anie czynnik\u00f3w atmosferycznych. Co wi\u0119cej, nasza sk\u00f3ra z mikrofibry charakteryzuje si\u0119 zwi\u0119kszon\u0105 oddychalno\u015bci\u0105, umo\u017cliwiaj\u0105c lepsz\u0105 regulacj\u0119 temperatury, co jest istotn\u0105 cech\u0105 odzie\u017cy wierzchniej przeznaczonej na zmienne warunki pogodowe.<\/p>\n<div class=\"clear\"><\/div>\n<\/div>\n<div class=\"feature-item\">\n<h3>Zaanga\u017cowanie WINIW Company Factory Wholesale Leatherette Manufacturersfactory w zr\u00f3wnowa\u017cony rozw\u00f3j przejawia si\u0119 w ka\u017cdym aspekcie tego produktu, od zmniejszonego \u015bladu w\u0119glowego podczas produkcji po pe\u0142n\u0105 mo\u017cliwo\u015b\u0107 recyklingu po zako\u0144czeniu u\u017cytkowania, co czyni go prawdziwie cyrkularnym rozwi\u0105zaniem modowym <\/h3>\n<p>Zaanga\u017cowanie WINIW Company Factory Wholesale Leatherette Manufacturersfactory w zr\u00f3wnowa\u017cony rozw\u00f3j przejawia si\u0119 w ka\u017cdym aspekcie tego produktu, od zmniejszonego \u015bladu w\u0119glowego podczas produkcji po pe\u0142n\u0105 mo\u017cliwo\u015b\u0107 recyklingu po zako\u0144czeniu u\u017cytkowania, co czyni go prawdziwie cyrkularnym rozwi\u0105zaniem modowym.<\/p>\n<div class=\"clear\"><\/div>\n<\/div>\n<div class=\"feature-item\">\n<img decoding=\"async\" alt=\"Wysoka wytrzyma\u0142o\u015b\u0107 na rozdarcie - sztuczna sk\u00f3ra Ultrasuede z mikrofibry do r\u0119kawiczek rowerowych\" class=\"feature-image left\" src=\"\/wp-content\/uploads\/2025\/08\/07mm-ultrasuede-microfiber-faux-leather-for-cycling-gloves--37882.jpg\"\/><\/p>\n<h3>Wysoka wytrzyma\u0142o\u015b\u0107 na rozerwanie<\/h3>\n<p>Nasza sk\u00f3ra z mikrofibry Ultrasuede charakteryzuje si\u0119 wyj\u0105tkow\u0105 odporno\u015bci\u0105 na rozdarcia, dzi\u0119ki czemu nie p\u0119ka ani nie odkszta\u0142ca si\u0119 \u0142atwo pod wp\u0142ywem napr\u0119\u017ce\u0144. Dzi\u0119ki temu idealnie nadaje si\u0119 do produkt\u00f3w wymagaj\u0105cych trwa\u0142o\u015bci i d\u0142ugotrwa\u0142ej wydajno\u015bci.<\/p>\n<div class=\"clear\"><\/div>\n<\/div>\n<div class=\"feature-item\">\n<img decoding=\"async\" alt=\"Zachowanie kszta\u0142tu - Ultrasuede, mikrofibra, sztuczna sk\u00f3ra dla r\u0119kawiczek kolarskich\" class=\"feature-image right\" src=\"\/wp-content\/uploads\/2025\/08\/07mm-ultrasuede-microfiber-faux-leather-for-cycling-gloves--37883.jpg\"\/><\/p>\n<h3>Nie\u0142atwe do odkszta\u0142cenia<\/h3>\n<p>Poddany specjalnej obr\u00f3bce w celu zachowania oryginalnego kszta\u0142tu, materia\u0142 ten oferuje doskona\u0142\u0105 elastyczno\u015b\u0107 i stabilno\u015b\u0107. Jest odporny na odkszta\u0142cenia spowodowane naciskiem zewn\u0119trznym lub rozci\u0105ganiem, dzi\u0119ki czemu produkty pozostaj\u0105 nienaruszone i atrakcyjne przez d\u0142ugi czas.<\/p>\n<div class=\"clear\"><\/div>\n<\/div>\n<div class=\"feature-item\">\n<img decoding=\"async\" alt=\"Wytrzyma\u0142o\u015b\u0107 - r\u0119kawiczki kolarskie z mikrofibry i sztucznej sk\u00f3ry Ultrasuede\" class=\"feature-image left\" src=\"\/wp-content\/uploads\/2025\/08\/07mm-ultrasuede-microfiber-faux-leather-for-cycling-gloves--37884.jpg\"\/><\/p>\n<h3>Trwa\u0142o\u015b\u0107<\/h3>\n<p>Niezwykle odporny na \u015bcieranie, rozdarcia i przebicia materia\u0142 sprawia, \u017ce r\u0119kawice pozostaj\u0105 w doskona\u0142ym stanie nawet przy d\u0142ugotrwa\u0142ym u\u017cytkowaniu. Zachowuje r\u00f3wnie\u017c doskona\u0142\u0105 zr\u0119czno\u015b\u0107 i wytrzyma\u0142o\u015b\u0107 wysokiej jako\u015bci wyrob\u00f3w sk\u00f3rzanych.<\/p>\n<div class=\"clear\"><\/div>\n<\/div>\n<\/section>\n<section id=\"why-choose-us\">\n<h2>Dlaczego warto wybra\u0107 WINIW<\/h2>\n<div class=\"advantage-item\">\n<h3>Nasza przewaga<\/h3>\n<p>WINIW Company Fabryka Hurtownia Producent\u00f3w Sztucznej Sk\u00f3ryFabryczna prezentacja produkt\u00f3w<\/p>\n<\/div>\n<div class=\"advantage-item\">\n<h3>Zapewnienie jako\u015bci<\/h3>\n<p>Wdra\u017camy \u015bcis\u0142\u0105 kontrol\u0119 jako\u015bci w ca\u0142ym \u0142a\u0144cuchu produkcji i dostaw, zgodnie z normami ISO9001. Od wyboru surowc\u00f3w po kontrol\u0119 ko\u0144cow\u0105, priorytetowo traktujemy interesy klienta.<\/p>\n<\/div>\n<div class=\"advantage-item\">\n<h3>Profesjonalny zesp\u00f3\u0142 techniczny<\/h3>\n<p>Nasz wyspecjalizowany zesp\u00f3\u0142 techniczny sk\u0142ada si\u0119 z do\u015bwiadczonych profesjonalist\u00f3w z r\u00f3\u017cnych dziedzin, zaanga\u017cowanych w dostarczanie wysokiej jako\u015bci produkt\u00f3w i dostosowanych rozwi\u0105za\u0144.<\/p>\n<\/div>\n<div class=\"advantage-item\">\n<h3>Szeroki zakres zastosowa\u0144<\/h3>\n<p>Nasze materia\u0142y s\u0105 szeroko stosowane w obuwiu, odzie\u017cy, baga\u017cu, wn\u0119trzach samochod\u00f3w, meblach wypoczynkowych i nie tylko.<\/p>\n<\/div>\n<div class=\"advantage-item\">\n<h3>Bogate do\u015bwiadczenie<\/h3>\n<p>Quanzhou WINIW Import &amp; Export Co., Ltd. ma ponad 20-letnie do\u015bwiadczenie w produkcji, oferuj\u0105c doskona\u0142e rozwi\u0105zania dla klient\u00f3w na ca\u0142ym \u015bwiecie.<\/p>\n<\/div>\n<div class=\"advantage-item\">\n<h3>Przyst\u0119pna cena<\/h3>\n<p>Zapewniamy konkurencyjne ceny i doskona\u0142\u0105 obs\u0142ug\u0119 klienta. Popro\u015b o katalog lub odwied\u017a nasz\u0105 fabryk\u0119, aby zapozna\u0107 si\u0119 z naszymi produktami.<\/p>\n<\/div>\n<div class=\"advantage-item\">\n<h3>24-godzinna obs\u0142uga klienta online<\/h3>\n<p>Nasz zesp\u00f3\u0142 jest dost\u0119pny 24 godziny na dob\u0119, 7 dni w tygodniu, aby odpowiada\u0107 na zapytania i szybko reagowa\u0107 na opinie.<\/p>\n<\/div>\n<p><img decoding=\"async\" alt=\"Zak\u0142ad produkcyjny WINIW - proces produkcji sk\u00f3ry z mikrofibry Ultrasuede\" class=\"product-image\" src=\"\/wp-content\/uploads\/2025\/08\/07mm-ultrasuede-microfiber-faux-leather-for-cycling-gloves--37888.jpg\"\/><br \/>\n<\/section>\n<p><\/main><\/p>\n<section id=\"inquiry\">\n<h2 style=\"text-align: center;\">Z powa\u017caniem czekam na Twoje zapytanie!<\/h2>\n<p style=\"text-align: center;\">Skontaktuj si\u0119 z nami ju\u017c dzi\u015b, aby dowiedzie\u0107 si\u0119 wi\u0119cej o naszych produktach i z\u0142o\u017cy\u0107 zam\u00f3wienie.<\/p>\n<\/section>\n\n    <div class=\"xs_social_share_widget xs_share_url after_content \t\tmain_content  wslu-style-1 wslu-share-box-shaped wslu-fill-colored wslu-none wslu-share-horizontal wslu-theme-font-no wslu-main_content\">\n\n\t\t\n        <ul>\n\t\t\t        <\/ul>\n    <\/div>","protected":false},"excerpt":{"rendered":"<div class=\"product-short-description\">Sk\u00f3ra z mikrofibry 0,8 mm Ekologiczny, zr\u00f3wnowa\u017cony, groszkowy p\u0142aszcz rzemie\u015blniczy Sk\u00f3ra z mikrofibry WINIW 0,8 mm Ekologiczny, zr\u00f3wnowa\u017cony, groszkowy p\u0142aszcz rzemie\u015blniczy Sk\u00f3ra z mikrofibry Kluczowe cechy to sk\u00f3ra z mikrofibry, WINIW, szeroko\u015b\u0107 Idealny dla os\u00f3b poszukuj\u0105cych jako\u015bci i niezawodno\u015bci.<\/p>\n<p>Jako bezpo\u015brednia fabryka, producent i hurtownik mo\u017cemy \u015bci\u015ble kontrolowa\u0107 proces produkcji, aby zapewni\u0107 jako\u015b\u0107 produktu, zapewniaj\u0105c jednocze\u015bnie najkorzystniejsze ceny. Dysponujemy zaawansowanym sprz\u0119tem produkcyjnym i profesjonalnym zespo\u0142em technicznym, aby sprosta\u0107 potrzebom zam\u00f3wie\u0144 na du\u017c\u0105 skal\u0119 i zapewni\u0107 terminow\u0105 dostaw\u0119.<\/p>\n<\/div>","protected":false},"featured_media":2869,"template":"","meta":[],"product_brand":[],"product_cat":[111],"product_tag":[],"class_list":{"0":"post-28031","1":"product","2":"type-product","3":"status-publish","4":"has-post-thumbnail","6":"product_cat-microfiber-leather","8":"first","9":"instock","10":"product-type-simple"},"_links":{"self":[{"href":"https:\/\/www.eco-leather.com\/pl\/wp-json\/wp\/v2\/product\/28031","targetHints":{"allow":["GET"]}}],"collection":[{"href":"https:\/\/www.eco-leather.com\/pl\/wp-json\/wp\/v2\/product"}],"about":[{"href":"https:\/\/www.eco-leather.com\/pl\/wp-json\/wp\/v2\/types\/product"}],"wp:featuredmedia":[{"embeddable":true,"href":"https:\/\/www.eco-leather.com\/pl\/wp-json\/wp\/v2\/media\/2869"}],"wp:attachment":[{"href":"https:\/\/www.eco-leather.com\/pl\/wp-json\/wp\/v2\/media?parent=28031"}],"wp:term":[{"taxonomy":"product_brand","embeddable":true,"href":"https:\/\/www.eco-leather.com\/pl\/wp-json\/wp\/v2\/product_brand?post=28031"},{"taxonomy":"product_cat","embeddable":true,"href":"https:\/\/www.eco-leather.com\/pl\/wp-json\/wp\/v2\/product_cat?post=28031"},{"taxonomy":"product_tag","embeddable":true,"href":"https:\/\/www.eco-leather.com\/pl\/wp-json\/wp\/v2\/product_tag?post=28031"}],"curies":[{"name":"wp","href":"https:\/\/api.w.org\/{rel}","templated":true}]}}