{"id":27928,"date":"2025-09-07T10:49:51","date_gmt":"2025-09-07T02:49:51","guid":{"rendered":"https:\/\/www.eco-leather.com\/product\/0-8mm-thickness-superior-comfort-synthetic-microfiber-suede-fabric\/"},"modified":"2025-09-07T10:49:55","modified_gmt":"2025-09-07T02:49:55","slug":"zamsz-syntetyczny-z-mikrofibry-o-grubosci-0-8-mm-zapewniajacy-najwyzszy-komfort","status":"publish","type":"product","link":"https:\/\/www.eco-leather.com\/pl\/zamsz-syntetyczny-z-mikrofibry-o-grubosci-0-8-mm-zapewniajacy-najwyzszy-komfort\/","title":{"rendered":"Grubo\u015b\u0107 0,8 mm Najwy\u017cszy komfort Syntetyczna tkanina zamszowa z mikrofibry"},"content":{"rendered":"<h2>Zamsz z mikrofibry przypominaj\u0105cy w dotyku tekstylia<\/h2>\n<p><main><\/p>\n<section id=\"product-overview\">\n<h2>Opis produktu<\/h2>\n<p>Materia\u0142 <strong>Wodoodporna tkanina na sof\u0119<\/strong> Wprowadzenie<\/p>\n<p>Wykonane z wysokiej jako\u015bci materia\u0142\u00f3w z mikrofibry, nasze r\u0119kawiczki Ultrasuede Microfiber Faux Leather 0,7 mm to idealny wyb\u00f3r na r\u0119kawiczki rowerowe. R\u00f3wnowa\u017cy elastyczno\u015b\u0107 i wytrzyma\u0142o\u015b\u0107, oferuj\u0105c wyj\u0105tkow\u0105 oddychalno\u015b\u0107 i w\u0142a\u015bciwo\u015bci odprowadzania wilgoci, aby d\u0142onie by\u0142y ch\u0142odne i suche podczas intensywnych przeja\u017cd\u017cek.<\/p>\n<p>Niezale\u017cnie od tego, czy jeste\u015b profesjonalnym rowerzyst\u0105, czy je\u017adzisz rekreacyjnie, materia\u0142 Microfiber Leather zapewnia niezr\u00f3wnany komfort i ochron\u0119. Jego wysoka odporno\u015b\u0107 na \u015bcieranie i rozdarcia zapewnia d\u0142ugotrwa\u0142\u0105 wydajno\u015b\u0107, a elegancki wygl\u0105d dodaje wyrafinowanego akcentu ka\u017cdemu zestawowi rowerowemu.<\/p>\n<\/section>\n<section id=\"specifications\">\n<h2>Parametry techniczne<\/h2>\n<p>Materia\u0142 <strong>Zamsz samochodowy<\/strong> Specyfikacja<\/p>\n<p><img decoding=\"async\" alt=\"R\u0119kawiczki kolarskie z mikrofibry 0,7 mm Ultrasuede - specyfikacja materia\u0142owa\" class=\"product-image\" src=\"\/wp-content\/uploads\/2025\/08\/07mm-ultrasuede-microfiber-faux-leather-for-cycling-gloves--37881.jpg\"\/><\/p>\n<h3>Parametry produktu<\/h3>\n<ul class=\"parameters-list\">\n<li><span class=\"param-name\">Materia\u0142:<\/span> Mikrofibra + PU<\/li>\n<li><span class=\"param-name\">Kolor:<\/span> Czarny, szary, be\u017cowy (dost\u0119pne kolory niestandardowe)<\/li>\n<li><span class=\"param-name\">Grubo\u015b\u0107:<\/span> 0,6 mm, 0,7 mm, 0,8 mm, 1 mm<\/li>\n<li><span class=\"param-name\">Minimalna ilo\u015b\u0107 zam\u00f3wienia:<\/span> 300 metr\u00f3w bie\u017c\u0105cych<\/li>\n<li><span class=\"param-name\">D\u0142ugo\u015b\u0107 rolki:<\/span> 20-30 m\/rolka<\/li>\n<li><span class=\"param-name\">Czas dostawy:<\/span> 15-20 dni<\/li>\n<li><span class=\"param-name\">Szeroko\u015b\u0107:<\/span> 54\u2033, 137 cm<\/li>\n<li><span class=\"param-name\">Zdolno\u015b\u0107 produkcyjna:<\/span> 1 000 000 metr\u00f3w miesi\u0119cznie<\/li>\n<\/ul>\n<\/section>\n<section id=\"features\">\n<h2>Cechy produktu<\/h2>\n<div class=\"feature-item\">\n<img decoding=\"async\" alt=\"CraftedDurable Upholstery Fabric Solution Wykorzystuj\u0105c zaawansowan\u0105 technologi\u0119 mikrofibry, nasz syntetyczny zamsz zapewnia mi\u0119kko\u015b\u0107 i elastyczno\u015b\u0107, zachowuj\u0105c jednocze\u015bnie trwa\u0142o\u015b\u0107 i spr\u0119\u017cysto\u015b\u0107.\" class=\"feature-image left\" src=\"\/wp-content\/uploads\/2025\/08\/08mm-thickness-superior-comfort-synthetic-microfiber-suede-fabric-20688.jpg\"\/><\/p>\n<h3>Wykonane <strong>Trwa\u0142e rozwi\u0105zanie do tkanin tapicerskich<\/strong> Wykorzystuj\u0105c zaawansowan\u0105 technologi\u0119 mikrofibry, nasz syntetyczny zamsz zapewnia mi\u0119kko\u015b\u0107 i elastyczno\u015b\u0107, zachowuj\u0105c jednocze\u015bnie trwa\u0142o\u015b\u0107 i spr\u0119\u017cysto\u015b\u0107.<\/h3>\n<p>Wykonane <strong>Trwa\u0142e rozwi\u0105zanie do tkanin tapicerskich<\/strong> Wykorzystuj\u0105c zaawansowan\u0105 technologi\u0119 mikrofibry, nasz syntetyczny zamsz zapewnia mi\u0119kko\u015b\u0107 i elastyczno\u015b\u0107, zachowuj\u0105c jednocze\u015bnie trwa\u0142o\u015b\u0107 i odporno\u015b\u0107. WINIW Company Factory Wholesale Imitation Leather Manufacturerscommitment to excellence zapewnia, \u017ce ka\u017cda rolka tej wega\u0144skiej sk\u00f3ry jest skrupulatnie testowana pod k\u0105tem jako\u015bci, zapewniaj\u0105c, \u017ce spe\u0142nia najwy\u017csze standardy na rynku.<\/p>\n<div class=\"clear\"><\/div>\n<\/div>\n<div class=\"feature-item\">\n<img decoding=\"async\" alt=\"Idealna do szerokiej gamy zastosowa\u0144, ta zamszowa sk\u00f3ra z mikrofibry jest wszechstronnym dodatkiem do ka\u017cdej linii produkt\u00f3w \" class=\"feature-image left\" src=\"\/wp-content\/uploads\/2025\/08\/08mm-thickness-superior-comfort-synthetic-microfiber-suede-fabric-20689.jpg\"\/><\/p>\n<h3>Idealna do szerokiej gamy zastosowa\u0144, ta zamszowa sk\u00f3ra z mikrofibry jest wszechstronnym dodatkiem do ka\u017cdej linii produkt\u00f3w <\/h3>\n<p>Idealna do szerokiej gamy zastosowa\u0144, ta zamszowa sk\u00f3ra z mikrofibry jest wszechstronnym dodatkiem do ka\u017cdej linii produkt\u00f3w. Materia\u0142 <strong>Dostawcy trwa\u0142ych tkanin na sofy<\/strong> Sk\u00f3ra zamszowa z mikrofibry Nazwa marki WINIW Fabryka hurtowych producent\u00f3w sztucznej sk\u00f3ry Szeroko\u015b\u0107 54 \u2033;<\/p>\n<div class=\"clear\"><\/div>\n<\/div>\n<div class=\"feature-item\">\n<img decoding=\"async\" alt=\"1\" class=\"feature-image left\" src=\"\/wp-content\/uploads\/2025\/08\/08mm-thickness-superior-comfort-synthetic-microfiber-suede-fabric-20690.jpg\"\/><\/p>\n<h3>1<\/h3>\n<p>1,37 m Kolor Czerwony, Czarny, Br\u0105zowy, Zielony, zaakceptuj dostosuj Cecha Odporny na zu\u017cycie, Wodoodporny, Przeciw ple\u015bni, Elastyczny Grubo\u015b\u0107 0,6 mm-2,4 mm Miejsce pochodzenia Chiny Dostosowane Tak Czas dostawy Zwykle w ci\u0105gu 15-25 dni.<\/p>\n<div class=\"clear\"><\/div>\n<\/div>\n<div class=\"feature-item\">\n<img decoding=\"async\" alt=\"MOQ 300 metr\u00f3w Szczeg\u00f3\u0142y opakowania 30\/50 metr\u00f3w na rolk\u0119\" class=\"feature-image left\" src=\"\/wp-content\/uploads\/2025\/08\/08mm-thickness-superior-comfort-synthetic-microfiber-suede-fabric-20691.jpg\"\/><\/p>\n<h3>MOQ 300 metr\u00f3w Szczeg\u00f3\u0142y opakowania 30\/50 metr\u00f3w na rolk\u0119<\/h3>\n<p>MOQ 300 metr\u00f3w Szczeg\u00f3\u0142y opakowania 30\/50 metr\u00f3w na rolk\u0119. Lub dostosowane Zdolno\u015b\u0107 produkcyjna 1 000 000 metr\u00f3w miesi\u0119cznie Cecha materia\u0142u<\/p>\n<div class=\"clear\"><\/div>\n<\/div>\n<div class=\"feature-item\">\n<img decoding=\"async\" alt=\"Wysoka wytrzyma\u0142o\u015b\u0107 na rozdarcie - sztuczna sk\u00f3ra Ultrasuede z mikrofibry do r\u0119kawiczek rowerowych\" class=\"feature-image left\" src=\"\/wp-content\/uploads\/2025\/08\/07mm-ultrasuede-microfiber-faux-leather-for-cycling-gloves--37882.jpg\"\/><\/p>\n<h3>Wysoka wytrzyma\u0142o\u015b\u0107 na rozerwanie<\/h3>\n<p>Nasza sk\u00f3ra z mikrofibry Ultrasuede charakteryzuje si\u0119 wyj\u0105tkow\u0105 odporno\u015bci\u0105 na rozdarcia, dzi\u0119ki czemu nie p\u0119ka ani nie odkszta\u0142ca si\u0119 \u0142atwo pod wp\u0142ywem napr\u0119\u017ce\u0144. Dzi\u0119ki temu idealnie nadaje si\u0119 do produkt\u00f3w wymagaj\u0105cych trwa\u0142o\u015bci i d\u0142ugotrwa\u0142ej wydajno\u015bci.<\/p>\n<div class=\"clear\"><\/div>\n<\/div>\n<div class=\"feature-item\">\n<img decoding=\"async\" alt=\"Zachowanie kszta\u0142tu - Ultrasuede, mikrofibra, sztuczna sk\u00f3ra dla r\u0119kawiczek kolarskich\" class=\"feature-image right\" src=\"\/wp-content\/uploads\/2025\/08\/07mm-ultrasuede-microfiber-faux-leather-for-cycling-gloves--37883.jpg\"\/><\/p>\n<h3>Nie\u0142atwe do odkszta\u0142cenia<\/h3>\n<p>Poddany specjalnej obr\u00f3bce w celu zachowania oryginalnego kszta\u0142tu, materia\u0142 ten oferuje doskona\u0142\u0105 elastyczno\u015b\u0107 i stabilno\u015b\u0107. Jest odporny na odkszta\u0142cenia spowodowane naciskiem zewn\u0119trznym lub rozci\u0105ganiem, dzi\u0119ki czemu produkty pozostaj\u0105 nienaruszone i atrakcyjne przez d\u0142ugi czas.<\/p>\n<div class=\"clear\"><\/div>\n<\/div>\n<div class=\"feature-item\">\n<img decoding=\"async\" alt=\"Wytrzyma\u0142o\u015b\u0107 - r\u0119kawiczki kolarskie z mikrofibry i sztucznej sk\u00f3ry Ultrasuede\" class=\"feature-image left\" src=\"\/wp-content\/uploads\/2025\/08\/07mm-ultrasuede-microfiber-faux-leather-for-cycling-gloves--37884.jpg\"\/><\/p>\n<h3>Trwa\u0142o\u015b\u0107<\/h3>\n<p>Niezwykle odporny na \u015bcieranie, rozdarcia i przebicia materia\u0142 sprawia, \u017ce r\u0119kawice pozostaj\u0105 w doskona\u0142ym stanie nawet przy d\u0142ugotrwa\u0142ym u\u017cytkowaniu. Zachowuje r\u00f3wnie\u017c doskona\u0142\u0105 zr\u0119czno\u015b\u0107 i wytrzyma\u0142o\u015b\u0107 wysokiej jako\u015bci wyrob\u00f3w sk\u00f3rzanych.<\/p>\n<div class=\"clear\"><\/div>\n<\/div>\n<\/section>\n<section id=\"why-choose-us\">\n<h2>Dlaczego warto wybra\u0107 WINIW<\/h2>\n<div class=\"advantage-item\">\n<h3>Odkryj uosobienie elegancji i komfortu dzi\u0119ki zamszowej tkaninie Superior Comfort Vegan Microfiber Leather od WINIW Company Factory Wholesale Imitation Leather Manufacturersfactory, wiod\u0105cego producenta najwy\u017cszej jako\u015bci sztucznych sk\u00f3r<\/h3>\n<p>Odkryj uosobienie elegancji i komfortu dzi\u0119ki tkaninie Superior Comfort Vegan Microfiber Leather Suede od WINIW Company Factory Wholesale Imitation Leather Manufacturersfactory, wiod\u0105cego producenta najwy\u017cszej jako\u015bci sztucznych sk\u00f3r. Ta sztuczna tkanina zamszowa \u0142\u0105czy w sobie luksusowy dotyk tradycyjnego zamszu z nowoczesnym wygl\u0105dem materia\u0142\u00f3w wega\u0144skich, co czyni j\u0105 idealnym wyborem dla wymagaj\u0105cych projektant\u00f3w i producent\u00f3w.<\/p>\n<\/div>\n<div class=\"advantage-item\">\n<h3>WINIW Company Factory Wholesale Imitation Leather Manufacturersproducent szczyci si\u0119 dostarczaniem najwy\u017cszej jako\u015bci komfortu wega\u0144skiej mikrofibry sk\u00f3rzanej tkaniny zamszowej, kt\u00f3ra wyr\u00f3\u017cnia si\u0119 wyj\u0105tkowym po\u0142\u0105czeniem estetyki i funkcjonalno\u015bci<\/h3>\n<p>WINIW Company Factory Wholesale Imitation Leather Manufacturersmanufacturer szczyci si\u0119 dostarczaniem Superior Comfort Vegan Microfiber Leather Suede Fabric, kt\u00f3ry wyr\u00f3\u017cnia si\u0119 wyj\u0105tkowym po\u0142\u0105czeniem estetyki i funkcjonalno\u015bci. Nasz sztuczny zamsz charakteryzuje si\u0119 niesamowit\u0105 mi\u0119kko\u015bci\u0105 w dotyku, dzi\u0119ki delikatnym mikrow\u0142\u00f3knom, kt\u00f3re na\u015bladuj\u0105 naturaln\u0105 tekstur\u0119 prawdziwego zamszu. Wega\u0144ski sk\u0142ad sprawia, \u017ce jest to etyczny wyb\u00f3r zar\u00f3wno dla \u015bwiadomych ekologicznie konsument\u00f3w, jak i firm, przyci\u0105gaj\u0105c rosn\u0105cy rynek zr\u00f3wnowa\u017conej mody i wystroju wn\u0119trz.<\/p>\n<\/div>\n<div class=\"advantage-item\">\n<h3>Syntetyczny zamsz jest r\u00f3wnie\u017c znany z doskona\u0142ego drapowania i elastyczno\u015bci, umo\u017cliwiaj\u0105c p\u0142ynne kszta\u0142towanie i formowanie r\u00f3\u017cnych wzor\u00f3w<\/h3>\n<p>Syntetyczny zamsz jest r\u00f3wnie\u017c znany z doskona\u0142ego drapowania i elastyczno\u015bci, umo\u017cliwiaj\u0105c p\u0142ynne kszta\u0142towanie i formowanie r\u00f3\u017cnych wzor\u00f3w. Ponadto jest \u0142atwy w czyszczeniu i utrzymaniu, zachowuj\u0105c z czasem sw\u00f3j bogaty kolor i faktur\u0119. WINIW Company Factory Wholesale Imitation Leather Manufacturersmicrofiber zamszowa sk\u00f3ra jest prawdziwym \u015bwiadectwem innowacyjno\u015bci i kunsztu naszej fabryki.<\/p>\n<\/div>\n<div class=\"advantage-item\">\n<h3>Zapewnienie jako\u015bci<\/h3>\n<p>Wdra\u017camy \u015bcis\u0142\u0105 kontrol\u0119 jako\u015bci w ca\u0142ym \u0142a\u0144cuchu produkcji i dostaw, zgodnie z normami ISO9001. Od wyboru surowc\u00f3w po kontrol\u0119 ko\u0144cow\u0105, priorytetowo traktujemy interesy klienta.<\/p>\n<\/div>\n<div class=\"advantage-item\">\n<h3>Profesjonalny zesp\u00f3\u0142 techniczny<\/h3>\n<p>Nasz wyspecjalizowany zesp\u00f3\u0142 techniczny sk\u0142ada si\u0119 z do\u015bwiadczonych profesjonalist\u00f3w z r\u00f3\u017cnych dziedzin, zaanga\u017cowanych w dostarczanie wysokiej jako\u015bci produkt\u00f3w i dostosowanych rozwi\u0105za\u0144.<\/p>\n<\/div>\n<div class=\"advantage-item\">\n<h3>Szeroki zakres zastosowa\u0144<\/h3>\n<p>Nasze materia\u0142y s\u0105 szeroko stosowane w obuwiu, odzie\u017cy, baga\u017cu, wn\u0119trzach samochod\u00f3w, meblach wypoczynkowych i nie tylko.<\/p>\n<\/div>\n<div class=\"advantage-item\">\n<h3>Bogate do\u015bwiadczenie<\/h3>\n<p>Quanzhou WINIW Import &amp; Export Co., Ltd. ma ponad 20-letnie do\u015bwiadczenie w produkcji, oferuj\u0105c doskona\u0142e rozwi\u0105zania dla klient\u00f3w na ca\u0142ym \u015bwiecie.<\/p>\n<\/div>\n<div class=\"advantage-item\">\n<h3>Przyst\u0119pna cena<\/h3>\n<p>Zapewniamy konkurencyjne ceny i doskona\u0142\u0105 obs\u0142ug\u0119 klienta. Popro\u015b o katalog lub odwied\u017a nasz\u0105 fabryk\u0119, aby zapozna\u0107 si\u0119 z naszymi produktami.<\/p>\n<\/div>\n<div class=\"advantage-item\">\n<h3>24-godzinna obs\u0142uga klienta online<\/h3>\n<p>Nasz zesp\u00f3\u0142 jest dost\u0119pny 24 godziny na dob\u0119, 7 dni w tygodniu, aby odpowiada\u0107 na zapytania i szybko reagowa\u0107 na opinie.<\/p>\n<\/div>\n<p><img decoding=\"async\" alt=\"Zak\u0142ad produkcyjny WINIW - proces produkcji sk\u00f3ry z mikrofibry Ultrasuede\" class=\"product-image\" src=\"\/wp-content\/uploads\/2025\/08\/07mm-ultrasuede-microfiber-faux-leather-for-cycling-gloves--37888.jpg\"\/><br \/>\n<\/section>\n<p><\/main><\/p>\n<section id=\"inquiry\">\n<h2 style=\"text-align: center;\">Z powa\u017caniem czekam na Twoje zapytanie!<\/h2>\n<p style=\"text-align: center;\">Skontaktuj si\u0119 z nami ju\u017c dzi\u015b, aby dowiedzie\u0107 si\u0119 wi\u0119cej o naszych produktach i z\u0142o\u017cy\u0107 zam\u00f3wienie.<\/p>\n<\/section>\n\n    <div class=\"xs_social_share_widget xs_share_url after_content \t\tmain_content  wslu-style-1 wslu-share-box-shaped wslu-fill-colored wslu-none wslu-share-horizontal wslu-theme-font-no wslu-main_content\">\n\n\t\t\n        <ul>\n\t\t\t        <\/ul>\n    <\/div>","protected":false},"excerpt":{"rendered":"<div class=\"product-short-description\">Sk\u00f3ra zamszowa z mikrofibry o grubo\u015bci 0,8 mm Superior Comfort Syntetyczna tkanina zamszowa z mikrofibry WINIW o grubo\u015bci 0,8 mm Superior Comfort Syntetyczna tkanina zamszowa z mikrofibry Kluczowe cechy to sk\u00f3ra zamszowa z mikrofibry, WINIW, szeroko\u015b\u0107. Idealny dla os\u00f3b poszukuj\u0105cych jako\u015bci i niezawodno\u015bci.<\/p>\n<p>Jako bezpo\u015brednia fabryka, producent i hurtownik mo\u017cemy \u015bci\u015ble kontrolowa\u0107 proces produkcji, aby zapewni\u0107 jako\u015b\u0107 produktu, zapewniaj\u0105c jednocze\u015bnie najkorzystniejsze ceny. Dysponujemy zaawansowanym sprz\u0119tem produkcyjnym i profesjonalnym zespo\u0142em technicznym, aby sprosta\u0107 potrzebom zam\u00f3wie\u0144 na du\u017c\u0105 skal\u0119 i zapewni\u0107 terminow\u0105 dostaw\u0119.<\/p>\n<\/div>","protected":false},"featured_media":2458,"template":"","meta":[],"product_brand":[],"product_cat":[126],"product_tag":[18434],"class_list":{"0":"post-27928","1":"product","2":"type-product","3":"status-publish","4":"has-post-thumbnail","6":"product_cat-microfiber-suede-leather","7":"product_tag-perforated-microfiber-suede-fabricmicrofiber-suede-fabric-hatmicrofiber-suede-fabric-by-the-yardmicrofiber-suede-fabric-makermicrofiber-suede-fabric-agenciesmicrofiber-suede-fabric-distributor","9":"first","10":"instock","11":"product-type-simple"},"_links":{"self":[{"href":"https:\/\/www.eco-leather.com\/pl\/wp-json\/wp\/v2\/product\/27928","targetHints":{"allow":["GET"]}}],"collection":[{"href":"https:\/\/www.eco-leather.com\/pl\/wp-json\/wp\/v2\/product"}],"about":[{"href":"https:\/\/www.eco-leather.com\/pl\/wp-json\/wp\/v2\/types\/product"}],"wp:featuredmedia":[{"embeddable":true,"href":"https:\/\/www.eco-leather.com\/pl\/wp-json\/wp\/v2\/media\/2458"}],"wp:attachment":[{"href":"https:\/\/www.eco-leather.com\/pl\/wp-json\/wp\/v2\/media?parent=27928"}],"wp:term":[{"taxonomy":"product_brand","embeddable":true,"href":"https:\/\/www.eco-leather.com\/pl\/wp-json\/wp\/v2\/product_brand?post=27928"},{"taxonomy":"product_cat","embeddable":true,"href":"https:\/\/www.eco-leather.com\/pl\/wp-json\/wp\/v2\/product_cat?post=27928"},{"taxonomy":"product_tag","embeddable":true,"href":"https:\/\/www.eco-leather.com\/pl\/wp-json\/wp\/v2\/product_tag?post=27928"}],"curies":[{"name":"wp","href":"https:\/\/api.w.org\/{rel}","templated":true}]}}