{"id":27926,"date":"2025-09-07T10:49:51","date_gmt":"2025-09-07T02:49:51","guid":{"rendered":"https:\/\/www.eco-leather.com\/product\/elegant-aesthetic-appeal-1-8mm-white-faux-microfiber-suede-fabrics\/"},"modified":"2025-09-07T10:49:54","modified_gmt":"2025-09-07T02:49:54","slug":"elegancka-estetyka-1-8-mm-bialy-sztuczny-zamsz-z-mikrofibry","status":"publish","type":"product","link":"https:\/\/www.eco-leather.com\/pl\/elegancka-estetyka-1-8-mm-bialy-sztuczny-zamsz-z-mikrofibry\/","title":{"rendered":"Eleganckie, estetyczne tkaniny zamszowe ze sztucznej mikrofibry o grubo\u015bci 1,8 mm w kolorze bia\u0142ym"},"content":{"rendered":"<h2>Zamsz z mikrofibry przypominaj\u0105cy w dotyku tekstylia<\/h2>\n<p><main><\/p>\n<section id=\"product-overview\">\n<h2>Opis produktu<\/h2>\n<p>Materia\u0142 wprowadzaj\u0105cy<\/p>\n<p>Nasze materia\u0142y oferuj\u0105 konfigurowalne opcje pod wzgl\u0119dem grubo\u015bci, koloru i nie tylko. Zapraszamy do klikni\u0119cia poni\u017cej i natychmiastowego skontaktowania si\u0119 z nami w celu poznania niesko\u0144czonych mo\u017cliwo\u015bci.<\/p>\n<p>  skontaktuj si\u0119 z nami  <\/p>\n<p>Wykonane z wysokiej jako\u015bci materia\u0142\u00f3w z mikrofibry, nasze r\u0119kawiczki Ultrasuede Microfiber Faux Leather 0,7 mm to idealny wyb\u00f3r na r\u0119kawiczki rowerowe. R\u00f3wnowa\u017cy elastyczno\u015b\u0107 i wytrzyma\u0142o\u015b\u0107, oferuj\u0105c wyj\u0105tkow\u0105 oddychalno\u015b\u0107 i w\u0142a\u015bciwo\u015bci odprowadzania wilgoci, aby d\u0142onie by\u0142y ch\u0142odne i suche podczas intensywnych przeja\u017cd\u017cek.<\/p>\n<p>Niezale\u017cnie od tego, czy jeste\u015b profesjonalnym rowerzyst\u0105, czy je\u017adzisz rekreacyjnie, materia\u0142 Microfiber Leather zapewnia niezr\u00f3wnany komfort i ochron\u0119. Jego wysoka odporno\u015b\u0107 na \u015bcieranie i rozdarcia zapewnia d\u0142ugotrwa\u0142\u0105 wydajno\u015b\u0107, a elegancki wygl\u0105d dodaje wyrafinowanego akcentu ka\u017cdemu zestawowi rowerowemu.<\/p>\n<\/section>\n<section id=\"specifications\">\n<h2>Parametry techniczne<\/h2>\n<p>Specyfikacja materia\u0142owa<\/p>\n<p><img decoding=\"async\" alt=\"R\u0119kawiczki kolarskie z mikrofibry 0,7 mm Ultrasuede - specyfikacja materia\u0142owa\" class=\"product-image\" src=\"\/wp-content\/uploads\/2025\/08\/07mm-ultrasuede-microfiber-faux-leather-for-cycling-gloves--37881.jpg\"\/><\/p>\n<h3>Parametry produktu<\/h3>\n<ul class=\"parameters-list\">\n<li><span class=\"param-name\">Materia\u0142:<\/span> Mikrofibra + PU<\/li>\n<li><span class=\"param-name\">Kolor:<\/span> Czarny, szary, be\u017cowy (dost\u0119pne kolory niestandardowe)<\/li>\n<li><span class=\"param-name\">Grubo\u015b\u0107:<\/span> 0,6 mm, 0,7 mm, 0,8 mm, 1 mm<\/li>\n<li><span class=\"param-name\">Minimalna ilo\u015b\u0107 zam\u00f3wienia:<\/span> 300 metr\u00f3w bie\u017c\u0105cych<\/li>\n<li><span class=\"param-name\">D\u0142ugo\u015b\u0107 rolki:<\/span> 20-30 m\/rolka<\/li>\n<li><span class=\"param-name\">Czas dostawy:<\/span> 15-20 dni<\/li>\n<li><span class=\"param-name\">Szeroko\u015b\u0107:<\/span> 54\u2033, 137 cm<\/li>\n<li><span class=\"param-name\">Zdolno\u015b\u0107 produkcyjna:<\/span> 1 000 000 metr\u00f3w miesi\u0119cznie<\/li>\n<\/ul>\n<\/section>\n<section id=\"features\">\n<h2>Cechy produktu<\/h2>\n<div class=\"feature-item\">\n<h3>Elegancka, estetyczna tkanina tapicerska ze sztucznego zamszu z mikrofibry to wysokiej jako\u015bci wega\u0144ska sk\u00f3ra, kt\u00f3ra zapewnia luksusowy wygl\u0105d ka\u017cdemu projektowi tapicerskiemu.<\/h3>\n<p>Eleganckie, estetyczne tkaniny tapicerskie ze sztucznego zamszu z mikrofibry to najwy\u017cszej jako\u015bci wega\u0144ska sk\u00f3ra, kt\u00f3ra oferuje luksusowy akcent w ka\u017cdym projekcie tapicerskim. Wykonana z dba\u0142o\u015bci\u0105 o szczeg\u00f3\u0142y przez WINIW Company Factory Wholesale PU Leather Manufacturersfactory, ta syntetyczna tkanina zamszowa \u0142\u0105czy w sobie mi\u0119kko\u015b\u0107 i elegancj\u0119 prawdziwego zamszu z trwa\u0142o\u015bci\u0105 i praktyczno\u015bci\u0105 mikrofibry.<\/p>\n<div class=\"clear\"><\/div>\n<\/div>\n<div class=\"feature-item\">\n<h3>Charakteryzuje si\u0119 g\u0142adk\u0105, karbowan\u0105 powierzchni\u0105, kt\u00f3ra zwi\u0119ksza jego estetyk\u0119, co czyni go idealnym wyborem dla producent\u00f3w, kt\u00f3rzy chc\u0105 poprawi\u0107 wygl\u0105d i dotyk swoich produkt\u00f3w<\/h3>\n<p>Charakteryzuje si\u0119 g\u0142adk\u0105, karbowan\u0105 powierzchni\u0105, kt\u00f3ra zwi\u0119ksza jej estetyczny wygl\u0105d, dzi\u0119ki czemu jest idealnym wyborem dla producent\u00f3w, kt\u00f3rzy chc\u0105 poprawi\u0107 wygl\u0105d i styl swoich produkt\u00f3w. Jako wiod\u0105cy producent hurtowej sk\u00f3ry PU WINIW Company, oferujemy t\u0119 sztuczn\u0105 zamszow\u0105 tkanin\u0119 w szerokiej gamie kolor\u00f3w i tekstur, aby dopasowa\u0107 j\u0105 do r\u00f3\u017cnych preferencji projektowych i styl\u00f3w. Ceny hurtowe s\u0105 dost\u0119pne dla zam\u00f3wie\u0144 hurtowych, co u\u0142atwia w\u0142\u0105czenie tej wysokiej jako\u015bci wega\u0144skiej sk\u00f3ry do procesu produkcyjnego.<\/p>\n<div class=\"clear\"><\/div>\n<\/div>\n<div class=\"feature-item\">\n<h3>Materia\u0142 Sk\u00f3ra zamszowa z mikrofibry Nazwa marki WINIW Fabryka Hurtownia Producent\u00f3w Sk\u00f3ry PU Szeroko\u015b\u0107 54\u2033; 1<\/h3>\n<p>Materia\u0142 Sk\u00f3ra zamszowa z mikrofibry Nazwa marki WINIW Fabryka Hurtownia Producent\u00f3w Sk\u00f3ry PU Szeroko\u015b\u0107 54 \u2033; 1,37 m Kolor Czerwony, czarny, br\u0105zowy, zielony, zaakceptuj dostosowanie Cecha Odporny na zu\u017cycie, wodoodporny, przeciw ple\u015bni, elastyczny Grubo\u015b\u0107 0,6 mm-2,4 mm, zaakceptuj dostosowanie Miejsce pochodzenia Chiny Dostosowane Tak Czas dostawy Zwykle w ci\u0105gu 15 - 25 dni. MOQ 300 metr\u00f3w Szczeg\u00f3\u0142y opakowania 30\/50 metr\u00f3w na rolk\u0119. Lub dostosowane Zdolno\u015b\u0107 produkcyjna 1 000 000 metr\u00f3w miesi\u0119cznie<\/p>\n<div class=\"clear\"><\/div>\n<\/div>\n<div class=\"feature-item\">\n<h3>G\u0142\u00f3wne cechy<\/h3>\n<p>Cecha materia\u0142u<\/p>\n<div class=\"clear\"><\/div>\n<\/div>\n<div class=\"feature-item\">\n<img decoding=\"async\" alt=\"Wysoka wytrzyma\u0142o\u015b\u0107 na rozdarcie - sztuczna sk\u00f3ra Ultrasuede z mikrofibry do r\u0119kawiczek rowerowych\" class=\"feature-image left\" src=\"\/wp-content\/uploads\/2025\/08\/07mm-ultrasuede-microfiber-faux-leather-for-cycling-gloves--37882.jpg\"\/><\/p>\n<h3>Wysoka wytrzyma\u0142o\u015b\u0107 na rozerwanie<\/h3>\n<p>Nasza sk\u00f3ra z mikrofibry Ultrasuede charakteryzuje si\u0119 wyj\u0105tkow\u0105 odporno\u015bci\u0105 na rozdarcia, dzi\u0119ki czemu nie p\u0119ka ani nie odkszta\u0142ca si\u0119 \u0142atwo pod wp\u0142ywem napr\u0119\u017ce\u0144. Dzi\u0119ki temu idealnie nadaje si\u0119 do produkt\u00f3w wymagaj\u0105cych trwa\u0142o\u015bci i d\u0142ugotrwa\u0142ej wydajno\u015bci.<\/p>\n<div class=\"clear\"><\/div>\n<\/div>\n<div class=\"feature-item\">\n<img decoding=\"async\" alt=\"Zachowanie kszta\u0142tu - Ultrasuede, mikrofibra, sztuczna sk\u00f3ra dla r\u0119kawiczek kolarskich\" class=\"feature-image right\" src=\"\/wp-content\/uploads\/2025\/08\/07mm-ultrasuede-microfiber-faux-leather-for-cycling-gloves--37883.jpg\"\/><\/p>\n<h3>Nie\u0142atwe do odkszta\u0142cenia<\/h3>\n<p>Poddany specjalnej obr\u00f3bce w celu zachowania oryginalnego kszta\u0142tu, materia\u0142 ten oferuje doskona\u0142\u0105 elastyczno\u015b\u0107 i stabilno\u015b\u0107. Jest odporny na odkszta\u0142cenia spowodowane naciskiem zewn\u0119trznym lub rozci\u0105ganiem, dzi\u0119ki czemu produkty pozostaj\u0105 nienaruszone i atrakcyjne przez d\u0142ugi czas.<\/p>\n<div class=\"clear\"><\/div>\n<\/div>\n<div class=\"feature-item\">\n<img decoding=\"async\" alt=\"Wytrzyma\u0142o\u015b\u0107 - r\u0119kawiczki kolarskie z mikrofibry i sztucznej sk\u00f3ry Ultrasuede\" class=\"feature-image left\" src=\"\/wp-content\/uploads\/2025\/08\/07mm-ultrasuede-microfiber-faux-leather-for-cycling-gloves--37884.jpg\"\/><\/p>\n<h3>Trwa\u0142o\u015b\u0107<\/h3>\n<p>Niezwykle odporny na \u015bcieranie, rozdarcia i przebicia materia\u0142 sprawia, \u017ce r\u0119kawice pozostaj\u0105 w doskona\u0142ym stanie nawet przy d\u0142ugotrwa\u0142ym u\u017cytkowaniu. Zachowuje r\u00f3wnie\u017c doskona\u0142\u0105 zr\u0119czno\u015b\u0107 i wytrzyma\u0142o\u015b\u0107 wysokiej jako\u015bci wyrob\u00f3w sk\u00f3rzanych.<\/p>\n<div class=\"clear\"><\/div>\n<\/div>\n<\/section>\n<p><\/main><\/p>\n<section id=\"inquiry\">\n<h2 style=\"text-align: center;\">Z powa\u017caniem czekam na Twoje zapytanie!<\/h2>\n<p style=\"text-align: center;\">Skontaktuj si\u0119 z nami ju\u017c dzi\u015b, aby dowiedzie\u0107 si\u0119 wi\u0119cej o naszych produktach i z\u0142o\u017cy\u0107 zam\u00f3wienie.<\/p>\n<\/section>\n\n    <div class=\"xs_social_share_widget xs_share_url after_content \t\tmain_content  wslu-style-1 wslu-share-box-shaped wslu-fill-colored wslu-none wslu-share-horizontal wslu-theme-font-no wslu-main_content\">\n\n\t\t\n        <ul>\n\t\t\t        <\/ul>\n    <\/div>","protected":false},"excerpt":{"rendered":"<div class=\"product-short-description\">Sk\u00f3ra zamszowa z mikrofibry Elegancka estetyka 1,8 mm Bia\u0142a tkanina zamszowa z mikrofibry WINIW Elegancka estetyka 1,8 mm Bia\u0142a tkanina zamszowa z mikrofibry Najwa\u017cniejsze cechy to Sk\u00f3ra zamszowa z mikrofibry, WINIW, szeroko\u015b\u0107 Idealny dla os\u00f3b poszukuj\u0105cych jako\u015bci i niezawodno\u015bci.<\/p>\n<p>Jako bezpo\u015brednia fabryka, producent i hurtownik mo\u017cemy \u015bci\u015ble kontrolowa\u0107 proces produkcji, aby zapewni\u0107 jako\u015b\u0107 produktu, zapewniaj\u0105c jednocze\u015bnie najkorzystniejsze ceny. Dysponujemy zaawansowanym sprz\u0119tem produkcyjnym i profesjonalnym zespo\u0142em technicznym, aby sprosta\u0107 potrzebom zam\u00f3wie\u0144 na du\u017c\u0105 skal\u0119 i zapewni\u0107 terminow\u0105 dostaw\u0119.<\/p>\n<\/div>","protected":false},"featured_media":2450,"template":"","meta":[],"product_brand":[],"product_cat":[126],"product_tag":[18432],"class_list":{"0":"post-27926","1":"product","2":"type-product","3":"status-publish","4":"has-post-thumbnail","6":"product_cat-microfiber-suede-leather","7":"product_tag-microfiber-suede-liningmicrofiber-suede-for-glovemicrofiber-suede-glovesmicrofiber-suede-clothesmicrofiber-suede-cleaning-clothmicrofiber-suede-upholstery-fabric","9":"first","10":"instock","11":"product-type-simple"},"_links":{"self":[{"href":"https:\/\/www.eco-leather.com\/pl\/wp-json\/wp\/v2\/product\/27926","targetHints":{"allow":["GET"]}}],"collection":[{"href":"https:\/\/www.eco-leather.com\/pl\/wp-json\/wp\/v2\/product"}],"about":[{"href":"https:\/\/www.eco-leather.com\/pl\/wp-json\/wp\/v2\/types\/product"}],"wp:featuredmedia":[{"embeddable":true,"href":"https:\/\/www.eco-leather.com\/pl\/wp-json\/wp\/v2\/media\/2450"}],"wp:attachment":[{"href":"https:\/\/www.eco-leather.com\/pl\/wp-json\/wp\/v2\/media?parent=27926"}],"wp:term":[{"taxonomy":"product_brand","embeddable":true,"href":"https:\/\/www.eco-leather.com\/pl\/wp-json\/wp\/v2\/product_brand?post=27926"},{"taxonomy":"product_cat","embeddable":true,"href":"https:\/\/www.eco-leather.com\/pl\/wp-json\/wp\/v2\/product_cat?post=27926"},{"taxonomy":"product_tag","embeddable":true,"href":"https:\/\/www.eco-leather.com\/pl\/wp-json\/wp\/v2\/product_tag?post=27926"}],"curies":[{"name":"wp","href":"https:\/\/api.w.org\/{rel}","templated":true}]}}