{"id":27916,"date":"2025-09-07T10:49:40","date_gmt":"2025-09-07T02:49:40","guid":{"rendered":"https:\/\/www.eco-leather.com\/product\/plush-texture-pu-material-artificial-microfiber-leather\/"},"modified":"2025-09-07T10:49:47","modified_gmt":"2025-09-07T02:49:47","slug":"pluszowa-tekstura-pu-sztuczna-skora-z-mikrofibry","status":"publish","type":"product","link":"https:\/\/www.eco-leather.com\/pl\/pluszowa-tekstura-pu-sztuczna-skora-z-mikrofibry\/","title":{"rendered":"Pluszowy materia\u0142 PU Sztuczna sk\u00f3ra z mikrofibry"},"content":{"rendered":"<h2>Tkanina PU z imitacji mikrofibry<\/h2>\n<p><main><\/p>\n<section id=\"product-overview\">\n<h2>Opis produktu<\/h2>\n<p>Materia\u0142 <strong>Podeszwa ze sztucznej sk\u00f3ry<\/strong> Wprowadzenie<\/p>\n<p>Nasz <strong>Bia\u0142a sukienka z materia\u0142u Meesho<\/strong> Materia\u0142y oferuj\u0105 konfigurowalne opcje pod wzgl\u0119dem grubo\u015bci, koloru i nie tylko. Zapraszamy do klikni\u0119cia poni\u017cej i natychmiastowego kontaktu z nami w celu poznania niesko\u0144czonych mo\u017cliwo\u015bci.<\/p>\n<p>  skontaktuj si\u0119 z nami  <\/p>\n<p>Wykonane z wysokiej jako\u015bci materia\u0142\u00f3w z mikrofibry, nasze r\u0119kawiczki Ultrasuede Microfiber Faux Leather 0,7 mm to idealny wyb\u00f3r na r\u0119kawiczki rowerowe. R\u00f3wnowa\u017cy elastyczno\u015b\u0107 i wytrzyma\u0142o\u015b\u0107, oferuj\u0105c wyj\u0105tkow\u0105 oddychalno\u015b\u0107 i w\u0142a\u015bciwo\u015bci odprowadzania wilgoci, aby d\u0142onie by\u0142y ch\u0142odne i suche podczas intensywnych przeja\u017cd\u017cek.<\/p>\n<p>Niezale\u017cnie od tego, czy jeste\u015b profesjonalnym rowerzyst\u0105, czy je\u017adzisz rekreacyjnie, materia\u0142 Microfiber Leather zapewnia niezr\u00f3wnany komfort i ochron\u0119. Jego wysoka odporno\u015b\u0107 na \u015bcieranie i rozdarcia zapewnia d\u0142ugotrwa\u0142\u0105 wydajno\u015b\u0107, a elegancki wygl\u0105d dodaje wyrafinowanego akcentu ka\u017cdemu zestawowi rowerowemu.<\/p>\n<\/section>\n<section id=\"specifications\">\n<h2>Parametry techniczne<\/h2>\n<p>Materia\u0142 <strong>Sk\u00f3ra odzie\u017cowa Importowane<\/strong> Specyfikacja<\/p>\n<p><img decoding=\"async\" alt=\"R\u0119kawiczki kolarskie z mikrofibry 0,7 mm Ultrasuede - specyfikacja materia\u0142owa\" class=\"product-image\" src=\"\/wp-content\/uploads\/2025\/08\/07mm-ultrasuede-microfiber-faux-leather-for-cycling-gloves--37881.jpg\"\/><\/p>\n<h3>Parametry produktu<\/h3>\n<ul class=\"parameters-list\">\n<li><span class=\"param-name\">Materia\u0142:<\/span> Mikrofibra + PU<\/li>\n<li><span class=\"param-name\">Kolor:<\/span> Czarny, szary, be\u017cowy (dost\u0119pne kolory niestandardowe)<\/li>\n<li><span class=\"param-name\">Grubo\u015b\u0107:<\/span> 0,6 mm, 0,7 mm, 0,8 mm, 1 mm<\/li>\n<li><span class=\"param-name\">Minimalna ilo\u015b\u0107 zam\u00f3wienia:<\/span> 300 metr\u00f3w bie\u017c\u0105cych<\/li>\n<li><span class=\"param-name\">D\u0142ugo\u015b\u0107 rolki:<\/span> 20-30 m\/rolka<\/li>\n<li><span class=\"param-name\">Czas dostawy:<\/span> 15-20 dni<\/li>\n<li><span class=\"param-name\">Szeroko\u015b\u0107:<\/span> 54\u2033, 137 cm<\/li>\n<li><span class=\"param-name\">Zdolno\u015b\u0107 produkcyjna:<\/span> 1 000 000 metr\u00f3w miesi\u0119cznie<\/li>\n<\/ul>\n<\/section>\n<section id=\"features\">\n<h2>Cechy produktu<\/h2>\n<div class=\"feature-item\">\n<img decoding=\"async\" alt=\"Nasza wodoodporna sztuczna sk\u00f3ra CustomizePlush Texture PU Materia\u0142 Sztuczna sk\u00f3ra z mikrofibry to najwy\u017cszej jako\u015bci sk\u00f3ra syntetyczna zaprojektowana tak, aby spe\u0142nia\u0107 najwy\u017csze standardy jako\u015bci i trwa\u0142o\u015bci\" class=\"feature-image left\" src=\"\/wp-content\/uploads\/2025\/08\/plush-texture-pu-material-artificial-microfiber-leather-20582.jpg\"\/><\/p>\n<h3>Nasz <strong>Wodoodporna sztuczna sk\u00f3ra na zam\u00f3wienie<\/strong> Pluszowa tekstura PU Sztuczna sk\u00f3ra z mikrofibry to najwy\u017cszej jako\u015bci sk\u00f3ra syntetyczna zaprojektowana tak, aby spe\u0142nia\u0107 najwy\u017csze standardy jako\u015bci i trwa\u0142o\u015bci.<\/h3>\n<p>Nasz <strong>Wodoodporna sztuczna sk\u00f3ra na zam\u00f3wienie<\/strong> Pluszowa tekstura PU Sztuczna sk\u00f3ra z mikrofibry to najwy\u017cszej jako\u015bci sk\u00f3ra syntetyczna zaprojektowana tak, aby spe\u0142nia\u0107 najwy\u017csze standardy jako\u015bci i trwa\u0142o\u015bci.<\/p>\n<div class=\"clear\"><\/div>\n<\/div>\n<div class=\"feature-item\">\n<img decoding=\"async\" alt=\"Jako lider w bran\u017cy sk\u00f3r wega\u0144skich, WINIW Company Factory Wholesale Leather Fabric Manufacturers specjalizuje si\u0119 w dostarczaniu materia\u0142\u00f3w ze sztucznej sk\u00f3ry, kt\u00f3re oferuj\u0105 wygl\u0105d i dotyk prawdziwej sk\u00f3ry bez uszczerbku dla warto\u015bci etycznych\" class=\"feature-image left\" src=\"\/wp-content\/uploads\/2025\/08\/plush-texture-pu-material-artificial-microfiber-leather-20583.jpg\"\/><\/p>\n<h3>Jako lider w bran\u017cy sk\u00f3r wega\u0144skich, WINIW Company Factory Wholesale Leather Fabric Manufacturers specjalizuje si\u0119 w dostarczaniu materia\u0142\u00f3w ze sztucznej sk\u00f3ry, kt\u00f3re oferuj\u0105 wygl\u0105d i dotyk prawdziwej sk\u00f3ry bez uszczerbku dla warto\u015bci etycznych<\/h3>\n<p>Jako lider w bran\u017cy wega\u0144skiej sk\u00f3ry, WINIW Company Factory Wholesale Leather Fabric Manufacturers specjalizuje si\u0119 w dostarczaniu materia\u0142\u00f3w ze sztucznej sk\u00f3ry, kt\u00f3re oferuj\u0105 wygl\u0105d i dotyk prawdziwej sk\u00f3ry bez uszczerbku dla warto\u015bci etycznych.<\/p>\n<div class=\"clear\"><\/div>\n<\/div>\n<div class=\"feature-item\">\n<img decoding=\"async\" alt=\"Ta innowacyjna sk\u00f3ra PU z mikrofibry jest wykonana przy u\u017cyciu zaawansowanej technologii, aby zapewni\u0107 pluszow\u0105 tekstur\u0119 i luksusowy wygl\u0105d, co czyni j\u0105 idealnym wyborem dla producent\u00f3w i dostawc\u00f3w w bran\u017cy modowej i meblarskiej\" class=\"feature-image left\" src=\"\/wp-content\/uploads\/2025\/08\/plush-texture-pu-material-artificial-microfiber-leather-20584.jpg\"\/><\/p>\n<h3>Ta innowacyjna sk\u00f3ra PU z mikrofibry jest wykonana przy u\u017cyciu zaawansowanej technologii, aby zapewni\u0107 pluszow\u0105 tekstur\u0119 i luksusowy wygl\u0105d, co czyni j\u0105 idealnym wyborem dla producent\u00f3w i dostawc\u00f3w w bran\u017cy modowej i meblarskiej<\/h3>\n<p>Ta innowacyjna sk\u00f3ra PU z mikrofibry jest wykonana przy u\u017cyciu zaawansowanej technologii, aby zapewni\u0107 pluszow\u0105 tekstur\u0119 i luksusowy wygl\u0105d, co czyni j\u0105 idealnym wyborem dla producent\u00f3w i dostawc\u00f3w w bran\u017cy modowej i meblarskiej.<\/p>\n<div class=\"clear\"><\/div>\n<\/div>\n<div class=\"feature-item\">\n<img decoding=\"async\" alt=\"Dzi\u0119ki wyj\u0105tkowej trwa\u0142o\u015bci i wszechstronno\u015bci, nasza sk\u00f3ra syntetyczna jest idealna do tworzenia szerokiej gamy produkt\u00f3w, od eleganckich pude\u0142ek na bi\u017cuteri\u0119 po stylowe buty i wyrafinowane sofy.\" class=\"feature-image left\" src=\"\/wp-content\/uploads\/2025\/08\/plush-texture-pu-material-artificial-microfiber-leather-20585.jpg\"\/><\/p>\n<h3>Z <strong>Wodoodporna tkanina sk\u00f3rzana Odmhsas<\/strong> Dzi\u0119ki wyj\u0105tkowej trwa\u0142o\u015bci i wszechstronno\u015bci nasza sk\u00f3ra syntetyczna doskonale nadaje si\u0119 do tworzenia szerokiej gamy produkt\u00f3w, od eleganckich pude\u0142ek na bi\u017cuteri\u0119 po stylowe buty i wyrafinowane sofy.<\/h3>\n<p>Z <strong>Wodoodporna tkanina sk\u00f3rzana Odmhsas<\/strong> Dzi\u0119ki wyj\u0105tkowej trwa\u0142o\u015bci i wszechstronno\u015bci nasza sk\u00f3ra syntetyczna doskonale nadaje si\u0119 do tworzenia szerokiej gamy produkt\u00f3w, od eleganckich pude\u0142ek na bi\u017cuteri\u0119 po stylowe buty i wyrafinowane sofy.<\/p>\n<div class=\"clear\"><\/div>\n<\/div>\n<div class=\"feature-item\">\n<img decoding=\"async\" alt=\"Wybieraj\u0105c nasz\u0105 sztuczn\u0105 sk\u00f3r\u0119, nie tylko dokonujesz zr\u00f3wnowa\u017conego wyboru, ale tak\u017ce zapewniasz najwy\u017csz\u0105 jako\u015b\u0107 swoich produkt\u00f3w ko\u0144cowych \" class=\"feature-image left\" src=\"\/wp-content\/uploads\/2025\/08\/plush-texture-pu-material-artificial-microfiber-leather-20586.jpg\"\/><\/p>\n<h3>Wybieraj\u0105c nasz\u0105 sztuczn\u0105 sk\u00f3r\u0119, nie tylko dokonujesz zr\u00f3wnowa\u017conego wyboru, ale tak\u017ce zapewniasz najwy\u017csz\u0105 jako\u015b\u0107 swoich produkt\u00f3w ko\u0144cowych <\/h3>\n<p>Wybieraj\u0105c nasz\u0105 sztuczn\u0105 sk\u00f3r\u0119, nie tylko dokonujesz zr\u00f3wnowa\u017conego wyboru, ale tak\u017ce zapewniasz najwy\u017csz\u0105 jako\u015b\u0107 swoich produkt\u00f3w ko\u0144cowych. Materia\u0142 Sk\u00f3ra PU z mikrofibry Nazwa marki WINIW Fabryka Hurtownia Producent\u00f3w Tkanin Sk\u00f3rzanych Szeroko\u015b\u0107 54 \u2033;<\/p>\n<div class=\"clear\"><\/div>\n<\/div>\n<div class=\"feature-item\">\n<h3>1<\/h3>\n<p>1.37m <strong>Wodoodporny Faux Leatherman<\/strong> Kolor czerwony, czarny, br\u0105zowy, zielony, mo\u017cna dostosowa\u0107 Cecha Odporny na zu\u017cycie, wodoodporny, przeciw ple\u015bni, elastyczny Grubo\u015b\u0107 0,6 mm-2,4 mm, mo\u017cna dostosowa\u0107 Miejsce pochodzenia Chiny Dostosowane Tak Czas dostawy Zwykle w ci\u0105gu 15-25 dni.<\/p>\n<div class=\"clear\"><\/div>\n<\/div>\n<div class=\"feature-item\">\n<h3>MOQ 300 metr\u00f3w Szczeg\u00f3\u0142y opakowania 30\/50 metr\u00f3w na rolk\u0119<\/h3>\n<p>MOQ 300 metr\u00f3w Szczeg\u00f3\u0142y opakowania 30\/50 metr\u00f3w na rolk\u0119. Lub dostosowane Zdolno\u015b\u0107 produkcyjna 1 000 000 metr\u00f3w miesi\u0119cznie Cecha materia\u0142u<\/p>\n<div class=\"clear\"><\/div>\n<\/div>\n<div class=\"feature-item\">\n<img decoding=\"async\" alt=\"Wysoka wytrzyma\u0142o\u015b\u0107 na rozdarcie - sztuczna sk\u00f3ra Ultrasuede z mikrofibry do r\u0119kawiczek rowerowych\" class=\"feature-image left\" src=\"\/wp-content\/uploads\/2025\/08\/07mm-ultrasuede-microfiber-faux-leather-for-cycling-gloves--37882.jpg\"\/><\/p>\n<h3>Wysoka wytrzyma\u0142o\u015b\u0107 na rozerwanie<\/h3>\n<p>Nasza sk\u00f3ra z mikrofibry Ultrasuede charakteryzuje si\u0119 wyj\u0105tkow\u0105 odporno\u015bci\u0105 na rozdarcia, dzi\u0119ki czemu nie p\u0119ka ani nie odkszta\u0142ca si\u0119 \u0142atwo pod wp\u0142ywem napr\u0119\u017ce\u0144. Dzi\u0119ki temu idealnie nadaje si\u0119 do produkt\u00f3w wymagaj\u0105cych trwa\u0142o\u015bci i d\u0142ugotrwa\u0142ej wydajno\u015bci.<\/p>\n<div class=\"clear\"><\/div>\n<\/div>\n<div class=\"feature-item\">\n<img decoding=\"async\" alt=\"Zachowanie kszta\u0142tu - Ultrasuede, mikrofibra, sztuczna sk\u00f3ra dla r\u0119kawiczek kolarskich\" class=\"feature-image right\" src=\"\/wp-content\/uploads\/2025\/08\/07mm-ultrasuede-microfiber-faux-leather-for-cycling-gloves--37883.jpg\"\/><\/p>\n<h3>Nie\u0142atwe do odkszta\u0142cenia<\/h3>\n<p>Poddany specjalnej obr\u00f3bce w celu zachowania oryginalnego kszta\u0142tu, materia\u0142 ten oferuje doskona\u0142\u0105 elastyczno\u015b\u0107 i stabilno\u015b\u0107. Jest odporny na odkszta\u0142cenia spowodowane naciskiem zewn\u0119trznym lub rozci\u0105ganiem, dzi\u0119ki czemu produkty pozostaj\u0105 nienaruszone i atrakcyjne przez d\u0142ugi czas.<\/p>\n<div class=\"clear\"><\/div>\n<\/div>\n<div class=\"feature-item\">\n<img decoding=\"async\" alt=\"Wytrzyma\u0142o\u015b\u0107 - r\u0119kawiczki kolarskie z mikrofibry i sztucznej sk\u00f3ry Ultrasuede\" class=\"feature-image left\" src=\"\/wp-content\/uploads\/2025\/08\/07mm-ultrasuede-microfiber-faux-leather-for-cycling-gloves--37884.jpg\"\/><\/p>\n<h3>Trwa\u0142o\u015b\u0107<\/h3>\n<p>Niezwykle odporny na \u015bcieranie, rozdarcia i przebicia materia\u0142 sprawia, \u017ce r\u0119kawice pozostaj\u0105 w doskona\u0142ym stanie nawet przy d\u0142ugotrwa\u0142ym u\u017cytkowaniu. Zachowuje r\u00f3wnie\u017c doskona\u0142\u0105 zr\u0119czno\u015b\u0107 i wytrzyma\u0142o\u015b\u0107 wysokiej jako\u015bci wyrob\u00f3w sk\u00f3rzanych.<\/p>\n<div class=\"clear\"><\/div>\n<\/div>\n<\/section>\n<p><\/main><\/p>\n<section id=\"inquiry\">\n<h2 style=\"text-align: center;\">Z powa\u017caniem czekam na Twoje zapytanie!<\/h2>\n<p style=\"text-align: center;\">Skontaktuj si\u0119 z nami ju\u017c dzi\u015b, aby dowiedzie\u0107 si\u0119 wi\u0119cej o naszych produktach i z\u0142o\u017cy\u0107 zam\u00f3wienie.<\/p>\n<\/section>\n\n    <div class=\"xs_social_share_widget xs_share_url after_content \t\tmain_content  wslu-style-1 wslu-share-box-shaped wslu-fill-colored wslu-none wslu-share-horizontal wslu-theme-font-no wslu-main_content\">\n\n\t\t\n        <ul>\n\t\t\t        <\/ul>\n    <\/div>","protected":false},"excerpt":{"rendered":"<div class=\"product-short-description\">Sk\u00f3ra PU z mikrofibry Pluszowa tekstura Materia\u0142 PU Sztuczna sk\u00f3ra z mikrofibry WINIW Pluszowa tekstura Materia\u0142 PU Sztuczna sk\u00f3ra z mikrofibry Kluczowe cechy to sk\u00f3ra PU z mikrofibry, WINIW, szeroko\u015b\u0107. Idealny dla os\u00f3b poszukuj\u0105cych jako\u015bci i niezawodno\u015bci.<\/p>\n<p>Jako bezpo\u015brednia fabryka, producent i hurtownik mo\u017cemy \u015bci\u015ble kontrolowa\u0107 proces produkcji, aby zapewni\u0107 jako\u015b\u0107 produktu, zapewniaj\u0105c jednocze\u015bnie najkorzystniejsze ceny. Dysponujemy zaawansowanym sprz\u0119tem produkcyjnym i profesjonalnym zespo\u0142em technicznym, aby sprosta\u0107 potrzebom zam\u00f3wie\u0144 na du\u017c\u0105 skal\u0119 i zapewni\u0107 terminow\u0105 dostaw\u0119.<\/p>\n<\/div>","protected":false},"featured_media":2407,"template":"","meta":[],"product_brand":[],"product_cat":[114],"product_tag":[18426],"class_list":{"0":"post-27916","1":"product","2":"type-product","3":"status-publish","4":"has-post-thumbnail","6":"product_cat-microfiber-pu-leather","7":"product_tag-material-artificial-leathermicrofiber-leather-loveseatmicrofiber-leather-marketmicrofiber-leather-meaningmicrofiber-leather-reclinermicrofiber-leather-reviews","9":"first","10":"instock","11":"product-type-simple"},"_links":{"self":[{"href":"https:\/\/www.eco-leather.com\/pl\/wp-json\/wp\/v2\/product\/27916","targetHints":{"allow":["GET"]}}],"collection":[{"href":"https:\/\/www.eco-leather.com\/pl\/wp-json\/wp\/v2\/product"}],"about":[{"href":"https:\/\/www.eco-leather.com\/pl\/wp-json\/wp\/v2\/types\/product"}],"wp:featuredmedia":[{"embeddable":true,"href":"https:\/\/www.eco-leather.com\/pl\/wp-json\/wp\/v2\/media\/2407"}],"wp:attachment":[{"href":"https:\/\/www.eco-leather.com\/pl\/wp-json\/wp\/v2\/media?parent=27916"}],"wp:term":[{"taxonomy":"product_brand","embeddable":true,"href":"https:\/\/www.eco-leather.com\/pl\/wp-json\/wp\/v2\/product_brand?post=27916"},{"taxonomy":"product_cat","embeddable":true,"href":"https:\/\/www.eco-leather.com\/pl\/wp-json\/wp\/v2\/product_cat?post=27916"},{"taxonomy":"product_tag","embeddable":true,"href":"https:\/\/www.eco-leather.com\/pl\/wp-json\/wp\/v2\/product_tag?post=27916"}],"curies":[{"name":"wp","href":"https:\/\/api.w.org\/{rel}","templated":true}]}}