{"id":27885,"date":"2025-09-07T10:49:29","date_gmt":"2025-09-07T02:49:29","guid":{"rendered":"https:\/\/www.eco-leather.com\/product\/recycled-synthetic-pu-leather-supplier-recycled-microfiber-pu-leather\/"},"modified":"2025-09-07T10:49:33","modified_gmt":"2025-09-07T02:49:33","slug":"dostawca-syntetycznej-skory-pu-z-recyklingu-skora-pu-z-mikrofibry-z-recyklingu","status":"publish","type":"product","link":"https:\/\/www.eco-leather.com\/pl\/dostawca-syntetycznej-skory-pu-z-recyklingu-skora-pu-z-mikrofibry-z-recyklingu\/","title":{"rendered":"Dostawca syntetycznej sk\u00f3ry PU z recyklingu Sk\u00f3ra PU z mikrofibry z recyklingu"},"content":{"rendered":"<h2>Samoprzylepna sk\u00f3ra ekologiczna PU<\/h2>\n<p><main><\/p>\n<section id=\"product-overview\">\n<h2>Opis produktu<\/h2>\n<p>Materia\u0142 <strong>Br\u0105zowa sk\u00f3ra pu<\/strong> Wprowadzenie<\/p>\n<p>Nasz <strong>Sk\u00f3ra odzie\u017cowa Importowane<\/strong> Materia\u0142y oferuj\u0105 konfigurowalne opcje pod wzgl\u0119dem grubo\u015bci, koloru i nie tylko. Zapraszamy do klikni\u0119cia poni\u017cej i natychmiastowego kontaktu z nami w celu poznania niesko\u0144czonych mo\u017cliwo\u015bci.<\/p>\n<p>  skontaktuj si\u0119 z nami  <\/p>\n<p>Wykonane z wysokiej jako\u015bci materia\u0142\u00f3w z mikrofibry, nasze r\u0119kawiczki Ultrasuede Microfiber Faux Leather 0,7 mm to idealny wyb\u00f3r na r\u0119kawiczki rowerowe. R\u00f3wnowa\u017cy elastyczno\u015b\u0107 i wytrzyma\u0142o\u015b\u0107, oferuj\u0105c wyj\u0105tkow\u0105 oddychalno\u015b\u0107 i w\u0142a\u015bciwo\u015bci odprowadzania wilgoci, aby d\u0142onie by\u0142y ch\u0142odne i suche podczas intensywnych przeja\u017cd\u017cek.<\/p>\n<p>Niezale\u017cnie od tego, czy jeste\u015b profesjonalnym rowerzyst\u0105, czy je\u017adzisz rekreacyjnie, materia\u0142 Microfiber Leather zapewnia niezr\u00f3wnany komfort i ochron\u0119. Jego wysoka odporno\u015b\u0107 na \u015bcieranie i rozdarcia zapewnia d\u0142ugotrwa\u0142\u0105 wydajno\u015b\u0107, a elegancki wygl\u0105d dodaje wyrafinowanego akcentu ka\u017cdemu zestawowi rowerowemu.<\/p>\n<\/section>\n<section id=\"specifications\">\n<h2>Parametry techniczne<\/h2>\n<p>Materia\u0142 <strong>Pude\u0142ka ze sztucznej sk\u00f3ry Chiny<\/strong> Specyfikacja<\/p>\n<p><img decoding=\"async\" alt=\"R\u0119kawiczki kolarskie z mikrofibry 0,7 mm Ultrasuede - specyfikacja materia\u0142owa\" class=\"product-image\" src=\"\/wp-content\/uploads\/2025\/08\/07mm-ultrasuede-microfiber-faux-leather-for-cycling-gloves--37881.jpg\"\/><\/p>\n<h3>Parametry produktu<\/h3>\n<ul class=\"parameters-list\">\n<li><span class=\"param-name\">Materia\u0142:<\/span> Mikrofibra + PU<\/li>\n<li><span class=\"param-name\">Kolor:<\/span> Czarny, szary, be\u017cowy (dost\u0119pne kolory niestandardowe)<\/li>\n<li><span class=\"param-name\">Grubo\u015b\u0107:<\/span> 0,6 mm, 0,7 mm, 0,8 mm, 1 mm<\/li>\n<li><span class=\"param-name\">Minimalna ilo\u015b\u0107 zam\u00f3wienia:<\/span> 300 metr\u00f3w bie\u017c\u0105cych<\/li>\n<li><span class=\"param-name\">D\u0142ugo\u015b\u0107 rolki:<\/span> 20-30 m\/rolka<\/li>\n<li><span class=\"param-name\">Czas dostawy:<\/span> 15-20 dni<\/li>\n<li><span class=\"param-name\">Szeroko\u015b\u0107:<\/span> 54\u2033, 137 cm<\/li>\n<li><span class=\"param-name\">Zdolno\u015b\u0107 produkcyjna:<\/span> 1 000 000 metr\u00f3w miesi\u0119cznie<\/li>\n<\/ul>\n<\/section>\n<section id=\"features\">\n<h2>Cechy produktu<\/h2>\n<div class=\"feature-item\">\n<img decoding=\"async\" alt=\"Przedstawiamy wodoodporny, sztuczny, sk\u00f3rzany, innowacyjny, wykonany z materia\u0142\u00f3w pochodz\u0105cych z recyklingu, sztuczny materia\u0142 PU, wykonany z najwy\u017cszej jako\u015bci mikrofibry, zapewniaj\u0105cy luksusowy dotyk i ekologiczny wygl\u0105d.\" class=\"feature-image left\" src=\"\/wp-content\/uploads\/2025\/08\/recycled-synthetic-pu-leather-supplier-recycled-microfiber-pu-leather-20303.jpg\"\/><\/p>\n<h3>Wprowadzenie <strong>Wodoodporna sztuczna sk\u00f3ra na zam\u00f3wienie<\/strong> Nasz innowacyjny sztuczny materia\u0142 PU z recyklingu, wykonany z najwy\u017cszej jako\u015bci mikrofibry, zapewnia luksusowy dotyk i ekologiczny wygl\u0105d.<\/h3>\n<p>Wprowadzenie <strong>Wodoodporna sztuczna sk\u00f3ra na zam\u00f3wienie<\/strong> Nasz innowacyjny sztuczny materia\u0142 PU z recyklingu, wykonany z najwy\u017cszej jako\u015bci mikrofibry, zapewnia luksusowy dotyk i ekologiczny wygl\u0105d.<\/p>\n<div class=\"clear\"><\/div>\n<\/div>\n<div class=\"feature-item\">\n<img decoding=\"async\" alt=\"Zaprojektowana specjalnie dla producent\u00f3w poszukuj\u0105cych wysokiej jako\u015bci, zr\u00f3wnowa\u017conej alternatywy dla tradycyjnej sk\u00f3ry, nasza sk\u00f3ra PU z recyklingu \u0142\u0105czy trwa\u0142o\u015b\u0107 z przyjaznym dla \u015brodowiska \u015bladem\" class=\"feature-image left\" src=\"\/wp-content\/uploads\/2025\/08\/recycled-synthetic-pu-leather-supplier-recycled-microfiber-pu-leather-20304.jpg\"\/><\/p>\n<h3>Zaprojektowana specjalnie dla producent\u00f3w poszukuj\u0105cych wysokiej jako\u015bci, zr\u00f3wnowa\u017conej alternatywy dla tradycyjnej sk\u00f3ry, nasza sk\u00f3ra PU z recyklingu \u0142\u0105czy trwa\u0142o\u015b\u0107 z przyjaznym dla \u015brodowiska \u015bladem<\/h3>\n<p>Zaprojektowana specjalnie dla producent\u00f3w poszukuj\u0105cych wysokiej jako\u015bci, zr\u00f3wnowa\u017conej alternatywy dla tradycyjnej sk\u00f3ry, nasza sk\u00f3ra PU z recyklingu \u0142\u0105czy trwa\u0142o\u015b\u0107 z przyjaznym dla \u015brodowiska \u015bladem. Idealny do modnych akcesori\u00f3w, materia\u0142 ten oferuje eleganck\u0105 estetyk\u0119 przy jednoczesnym zmniejszeniu wp\u0142ywu na \u015brodowisko, dostosowuj\u0105c si\u0119 do rosn\u0105cego zapotrzebowania konsument\u00f3w na zr\u00f3wnowa\u017con\u0105 mod\u0119.<\/p>\n<div class=\"clear\"><\/div>\n<\/div>\n<div class=\"feature-item\">\n<img decoding=\"async\" alt=\"Materia\u0142Wodoodporna sztuczna sk\u00f3raMikrofibra PU Nazwa marki WINIW Fabryka Hurtownia Producent\u00f3w MikrofibrySzeroko\u015b\u0107 54\" class=\"feature-image left\" src=\"\/wp-content\/uploads\/2025\/08\/recycled-synthetic-pu-leather-supplier-recycled-microfiber-pu-leather-20305.jpg\"\/><\/p>\n<h3>Materia\u0142 <strong>Wodoodporny Faux Leatherman<\/strong> Sk\u00f3ra PU z mikrofibry Nazwa marki WINIW Fabryka Hurtownia Producent\u00f3w Mikrow\u0142\u00f3kien Szeroko\u015b\u0107 54\u2033; 1<\/h3>\n<p>Materia\u0142 <strong>Wodoodporny Faux Leatherman<\/strong> Sk\u00f3ra PU z mikrofibry Nazwa marki WINIW Fabryka hurtowych producent\u00f3w mikrow\u0142\u00f3kien Szeroko\u015b\u0107 54 \u2033; 1,37 m Kolor czerwony, czarny, br\u0105zowy, zielony, zaakceptuj dostosowanie Cecha Odporny na zu\u017cycie, wodoodporny, przeciw ple\u015bni, elastyczny Grubo\u015b\u0107 0,6 mm-2,4 mm, zaakceptuj dostosowanie Miejsce pochodzenia Chiny Dostosowane Tak Czas dostawy Zwykle w ci\u0105gu 15 - 25 dni.<\/p>\n<div class=\"clear\"><\/div>\n<\/div>\n<div class=\"feature-item\">\n<img decoding=\"async\" alt=\"MOQ 300 metr\u00f3w Szczeg\u00f3\u0142y opakowania 30\/50 metr\u00f3w na rolk\u0119\" class=\"feature-image left\" src=\"\/wp-content\/uploads\/2025\/08\/recycled-synthetic-pu-leather-supplier-recycled-microfiber-pu-leather-20306.jpg\"\/><\/p>\n<h3>MOQ 300 metr\u00f3w Szczeg\u00f3\u0142y opakowania 30\/50 metr\u00f3w na rolk\u0119<\/h3>\n<p>MOQ 300 metr\u00f3w Szczeg\u00f3\u0142y opakowania 30\/50 metr\u00f3w na rolk\u0119. Lub <strong>Sk\u00f3ra zamszowa Wodoodporny import<\/strong> niestandardowe Mo\u017cliwo\u015bci produkcyjne 1 000 000 metr\u00f3w miesi\u0119cznie Cecha materia\u0142u Nasza sk\u00f3ra PU z mikrofibry z recyklingu ma szereg wyj\u0105tkowych w\u0142a\u015bciwo\u015bci, w tym wyj\u0105tkow\u0105 mi\u0119kko\u015b\u0107 i elastyczno\u015b\u0107, dzi\u0119ki czemu idealnie nadaje si\u0119 do r\u00f3\u017cnych zastosowa\u0144.<\/p>\n<div class=\"clear\"><\/div>\n<\/div>\n<div class=\"feature-item\">\n<img decoding=\"async\" alt=\"Solidna konstrukcja zapewnia d\u0142ugotrwa\u0142\u0105 wydajno\u015b\u0107, odporno\u015b\u0107 na rozdarcia i zu\u017cycie\" class=\"feature-image left\" src=\"\/wp-content\/uploads\/2025\/08\/recycled-synthetic-pu-leather-supplier-recycled-microfiber-pu-leather-20307.jpg\"\/><\/p>\n<h3>Solidna konstrukcja zapewnia d\u0142ugotrwa\u0142\u0105 wydajno\u015b\u0107, odporno\u015b\u0107 na rozdarcia i zu\u017cycie<\/h3>\n<p>Solidna konstrukcja zapewnia d\u0142ugotrwa\u0142\u0105 wydajno\u015b\u0107, odporno\u015b\u0107 na rozdarcia i zu\u017cycie. Materia\u0142 ten jest r\u00f3wnie\u017c \u0142atwy w czyszczeniu i konserwacji, zachowuj\u0105c sw\u00f3j nieskazitelny wygl\u0105d przez d\u0142ugi czas. Co wi\u0119cej, jego w\u0142a\u015bciwo\u015bci ekologiczne s\u0105 niezr\u00f3wnane, poniewa\u017c pozwala on na unikni\u0119cie sk\u0142adowania odpad\u00f3w, przyczyniaj\u0105c si\u0119 do rozwoju gospodarki o obiegu zamkni\u0119tym.<\/p>\n<div class=\"clear\"><\/div>\n<\/div>\n<div class=\"feature-item\">\n<h3>Wszechstronne wyko\u0144czenie i paleta kolor\u00f3w zaspokajaj\u0105 r\u00f3\u017cnorodne potrzeby projektowe, umo\u017cliwiaj\u0105c producentom tworzenie unikalnych, stylowych produkt\u00f3w <\/h3>\n<p>Wszechstronne wyko\u0144czenie i paleta kolor\u00f3w zaspokajaj\u0105 r\u00f3\u017cnorodne potrzeby projektowe, umo\u017cliwiaj\u0105c producentom tworzenie unikalnych, stylowych produkt\u00f3w.<\/p>\n<div class=\"clear\"><\/div>\n<\/div>\n<div class=\"feature-item\">\n<img decoding=\"async\" alt=\"Wysoka wytrzyma\u0142o\u015b\u0107 na rozdarcie - sztuczna sk\u00f3ra Ultrasuede z mikrofibry do r\u0119kawiczek rowerowych\" class=\"feature-image left\" src=\"\/wp-content\/uploads\/2025\/08\/07mm-ultrasuede-microfiber-faux-leather-for-cycling-gloves--37882.jpg\"\/><\/p>\n<h3>Wysoka wytrzyma\u0142o\u015b\u0107 na rozerwanie<\/h3>\n<p>Nasza sk\u00f3ra z mikrofibry Ultrasuede charakteryzuje si\u0119 wyj\u0105tkow\u0105 odporno\u015bci\u0105 na rozdarcia, dzi\u0119ki czemu nie p\u0119ka ani nie odkszta\u0142ca si\u0119 \u0142atwo pod wp\u0142ywem napr\u0119\u017ce\u0144. Dzi\u0119ki temu idealnie nadaje si\u0119 do produkt\u00f3w wymagaj\u0105cych trwa\u0142o\u015bci i d\u0142ugotrwa\u0142ej wydajno\u015bci.<\/p>\n<div class=\"clear\"><\/div>\n<\/div>\n<div class=\"feature-item\">\n<img decoding=\"async\" alt=\"Zachowanie kszta\u0142tu - Ultrasuede, mikrofibra, sztuczna sk\u00f3ra dla r\u0119kawiczek kolarskich\" class=\"feature-image right\" src=\"\/wp-content\/uploads\/2025\/08\/07mm-ultrasuede-microfiber-faux-leather-for-cycling-gloves--37883.jpg\"\/><\/p>\n<h3>Nie\u0142atwe do odkszta\u0142cenia<\/h3>\n<p>Poddany specjalnej obr\u00f3bce w celu zachowania oryginalnego kszta\u0142tu, materia\u0142 ten oferuje doskona\u0142\u0105 elastyczno\u015b\u0107 i stabilno\u015b\u0107. Jest odporny na odkszta\u0142cenia spowodowane naciskiem zewn\u0119trznym lub rozci\u0105ganiem, dzi\u0119ki czemu produkty pozostaj\u0105 nienaruszone i atrakcyjne przez d\u0142ugi czas.<\/p>\n<div class=\"clear\"><\/div>\n<\/div>\n<div class=\"feature-item\">\n<img decoding=\"async\" alt=\"Wytrzyma\u0142o\u015b\u0107 - r\u0119kawiczki kolarskie z mikrofibry i sztucznej sk\u00f3ry Ultrasuede\" class=\"feature-image left\" src=\"\/wp-content\/uploads\/2025\/08\/07mm-ultrasuede-microfiber-faux-leather-for-cycling-gloves--37884.jpg\"\/><\/p>\n<h3>Trwa\u0142o\u015b\u0107<\/h3>\n<p>Niezwykle odporny na \u015bcieranie, rozdarcia i przebicia materia\u0142 sprawia, \u017ce r\u0119kawice pozostaj\u0105 w doskona\u0142ym stanie nawet przy d\u0142ugotrwa\u0142ym u\u017cytkowaniu. Zachowuje r\u00f3wnie\u017c doskona\u0142\u0105 zr\u0119czno\u015b\u0107 i wytrzyma\u0142o\u015b\u0107 wysokiej jako\u015bci wyrob\u00f3w sk\u00f3rzanych.<\/p>\n<div class=\"clear\"><\/div>\n<\/div>\n<\/section>\n<p><\/main><\/p>\n<section id=\"inquiry\">\n<h2 style=\"text-align: center;\">Z powa\u017caniem czekam na Twoje zapytanie!<\/h2>\n<p style=\"text-align: center;\">Skontaktuj si\u0119 z nami ju\u017c dzi\u015b, aby dowiedzie\u0107 si\u0119 wi\u0119cej o naszych produktach i z\u0142o\u017cy\u0107 zam\u00f3wienie.<\/p>\n<\/section>\n\n    <div class=\"xs_social_share_widget xs_share_url after_content \t\tmain_content  wslu-style-1 wslu-share-box-shaped wslu-fill-colored wslu-none wslu-share-horizontal wslu-theme-font-no wslu-main_content\">\n\n\t\t\n        <ul>\n\t\t\t        <\/ul>\n    <\/div>","protected":false},"excerpt":{"rendered":"<div class=\"product-short-description\">Sk\u00f3ra PU z mikrofibry z recyklingu Sk\u00f3ra PU z recyklingu Dostawca Sk\u00f3ra PU z mikrofibry z recyklingu WINIW Sk\u00f3ra PU z recyklingu Dostawca Sk\u00f3ra PU z mikrofibry z recyklingu Kluczowe cechy to Sk\u00f3ra PU z mikrofibry, WINIW, szeroko\u015b\u0107 Idealny dla os\u00f3b poszukuj\u0105cych jako\u015bci i niezawodno\u015bci.<\/p>\n<p>Jako bezpo\u015brednia fabryka, producent i hurtownik mo\u017cemy \u015bci\u015ble kontrolowa\u0107 proces produkcji, aby zapewni\u0107 jako\u015b\u0107 produktu, zapewniaj\u0105c jednocze\u015bnie najkorzystniejsze ceny. Dysponujemy zaawansowanym sprz\u0119tem produkcyjnym i profesjonalnym zespo\u0142em technicznym, aby sprosta\u0107 potrzebom zam\u00f3wie\u0144 na du\u017c\u0105 skal\u0119 i zapewni\u0107 terminow\u0105 dostaw\u0119.<\/p>\n<\/div>","protected":false},"featured_media":2305,"template":"","meta":[],"product_brand":[],"product_cat":[114],"product_tag":[18401],"class_list":{"0":"post-27885","1":"product","2":"type-product","3":"status-publish","4":"has-post-thumbnail","6":"product_cat-microfiber-pu-leather","7":"product_tag-faux-leather-suppliersynthetic-leather-supplierartificial-leather-supplierpu-leather-suppliermicrofiber-leather-suppliernappa-leather-supplier","9":"first","10":"instock","11":"product-type-simple"},"_links":{"self":[{"href":"https:\/\/www.eco-leather.com\/pl\/wp-json\/wp\/v2\/product\/27885","targetHints":{"allow":["GET"]}}],"collection":[{"href":"https:\/\/www.eco-leather.com\/pl\/wp-json\/wp\/v2\/product"}],"about":[{"href":"https:\/\/www.eco-leather.com\/pl\/wp-json\/wp\/v2\/types\/product"}],"wp:featuredmedia":[{"embeddable":true,"href":"https:\/\/www.eco-leather.com\/pl\/wp-json\/wp\/v2\/media\/2305"}],"wp:attachment":[{"href":"https:\/\/www.eco-leather.com\/pl\/wp-json\/wp\/v2\/media?parent=27885"}],"wp:term":[{"taxonomy":"product_brand","embeddable":true,"href":"https:\/\/www.eco-leather.com\/pl\/wp-json\/wp\/v2\/product_brand?post=27885"},{"taxonomy":"product_cat","embeddable":true,"href":"https:\/\/www.eco-leather.com\/pl\/wp-json\/wp\/v2\/product_cat?post=27885"},{"taxonomy":"product_tag","embeddable":true,"href":"https:\/\/www.eco-leather.com\/pl\/wp-json\/wp\/v2\/product_tag?post=27885"}],"curies":[{"name":"wp","href":"https:\/\/api.w.org\/{rel}","templated":true}]}}