{"id":27877,"date":"2025-09-07T10:49:29","date_gmt":"2025-09-07T02:49:29","guid":{"rendered":"https:\/\/www.eco-leather.com\/product\/fireproof-synthetic-microfiber-leather-for-sofa-fabric\/"},"modified":"2025-09-07T10:49:30","modified_gmt":"2025-09-07T02:49:30","slug":"ognioodporna-syntetyczna-skora-z-mikrofibry-na-sofe","status":"publish","type":"product","link":"https:\/\/www.eco-leather.com\/pl\/ognioodporna-syntetyczna-skora-z-mikrofibry-na-sofe\/","title":{"rendered":"Ognioodporna syntetyczna sk\u00f3ra z mikrofibry na sof\u0119"},"content":{"rendered":"<h2>Samoprzylepna sk\u00f3ra ekologiczna PU<\/h2>\n<p><main><\/p>\n<section id=\"product-overview\">\n<h2>Opis produktu<\/h2>\n<p>Materia\u0142 <strong>Podeszwa ze sztucznej sk\u00f3ry<\/strong> Wprowadzenie<\/p>\n<p>Ognioodporno\u015b\u0107 <strong>Kurtka ze sk\u00f3ry ekologicznej<\/strong> Syntetyczna sk\u00f3ra z mikrofibry M\u0105drzejszy wyb\u00f3r dla Twojej sofy Szukasz tkaniny na sof\u0119, kt\u00f3ra \u0142\u0105czy luksus ze spokojem ducha Nasza ognioodporna syntetyczna sk\u00f3ra z mikrofibry jest idealnym rozwi\u0105zaniem.<\/p>\n<p>Wygl\u0105da i w dotyku przypomina najwy\u017cszej jako\u015bci sk\u00f3r\u0119, ale ma zalety, z kt\u00f3rymi prawdziwa sk\u00f3ra po prostu nie mo\u017ce si\u0119 r\u00f3wna\u0107. Co czyni ten materia\u0142 wyj\u0105tkowym? Po pierwsze, jest on niezwykle bezpieczny. W przeciwie\u0144stwie do <strong>Torby sk\u00f3rzane z drugiej r\u0119ki<\/strong> Regularne tkaniny, kt\u00f3re mog\u0105 \u0142atwo si\u0119 zapali\u0107, nasza sk\u00f3ra z mikrofibry jest specjalnie zabezpieczona przed p\u0142omieniami.<\/p>\n<p>Je\u015bli dojdzie do wypadku, ogie\u0144 nie rozprzestrzeni si\u0119 szybko, daj\u0105c cenny czas na reakcj\u0119. Nie zapomniano r\u00f3wnie\u017c o komforcie. W <strong>Motoryzacja Fotele sk\u00f3rzane Pies s\u0142u\u017cbowy<\/strong> Powierzchnia z mikrofibry jest mi\u0119kka w dotyku, a jednocze\u015bnie wystarczaj\u0105co wytrzyma\u0142a, aby poradzi\u0107 sobie z codziennym \u017cyciem rodzinnym.<\/p>\n<p>Rozlane p\u0142yny wycieraj\u0105 si\u0119 od razu, sier\u015b\u0107 zwierz\u0105t domowych nie przywiera, a tkanina nie p\u0119ka ani nie \u0142uszczy si\u0119 z up\u0142ywem czasu, jak ta\u0144sze alternatywy. Twoja sofa zas\u0142uguje na tkanin\u0119, kt\u00f3ra pracuje tak ci\u0119\u017cko, jak Ty. Trwa\u0142e, bezpieczne i wykonane w spos\u00f3b zr\u00f3wnowa\u017cony - czego chcie\u0107 wi\u0119cej?<\/p>\n<p>Wykonane z wysokiej jako\u015bci materia\u0142\u00f3w z mikrofibry, nasze r\u0119kawiczki Ultrasuede Microfiber Faux Leather 0,7 mm to idealny wyb\u00f3r na r\u0119kawiczki rowerowe. R\u00f3wnowa\u017cy elastyczno\u015b\u0107 i wytrzyma\u0142o\u015b\u0107, oferuj\u0105c wyj\u0105tkow\u0105 oddychalno\u015b\u0107 i w\u0142a\u015bciwo\u015bci odprowadzania wilgoci, aby d\u0142onie by\u0142y ch\u0142odne i suche podczas intensywnych przeja\u017cd\u017cek.<\/p>\n<p>Niezale\u017cnie od tego, czy jeste\u015b profesjonalnym rowerzyst\u0105, czy je\u017adzisz rekreacyjnie, materia\u0142 Microfiber Leather zapewnia niezr\u00f3wnany komfort i ochron\u0119. Jego wysoka odporno\u015b\u0107 na \u015bcieranie i rozdarcia zapewnia d\u0142ugotrwa\u0142\u0105 wydajno\u015b\u0107, a elegancki wygl\u0105d dodaje wyrafinowanego akcentu ka\u017cdemu zestawowi rowerowemu.<\/p>\n<\/section>\n<section id=\"usage\">\n<h2>U\u017cycie i zastosowania<\/h2>\n<p><img fetchpriority=\"high\" decoding=\"async\" alt=\"Samoprzylepna sk\u00f3ra ekologiczna PU\" height=\"373\" src=\"\/wp-content\/uploads\/2025\/08\/fireproof-synthetic-microfiber-leather-for-sofa-fabric-20237.jpg\" width=\"1248\"\/><\/p>\n<div class=\"usage-point\">\n<h3>Jeste\u015bmy <strong>Sk\u00f3ra odzie\u017cowa Importowane<\/strong> Jeste\u015bmy szczeg\u00f3lnie dumni z tego, jak przyjazny dla \u015brodowiska jest ten materia\u0142<\/h3>\n<p>Jeste\u015bmy <strong>Sk\u00f3ra odzie\u017cowa Importowane<\/strong> Jeste\u015bmy szczeg\u00f3lnie dumni z tego, jak przyjazny dla \u015brodowiska jest ten materia\u0142. Nie wykorzystuje produkt\u00f3w pochodzenia zwierz\u0119cego i jest wytwarzany w procesach minimalizuj\u0105cych wp\u0142yw na \u015brodowisko. Najlepsze jest to, \u017ce nigdy nie zgadniesz, \u017ce jest syntetyczny - bogata tekstura i wygl\u0105d rywalizuj\u0105 z prawdziw\u0105 sk\u00f3r\u0105 za u\u0142amek ceny.<\/p>\n<\/div>\n<div class=\"usage-point\">\n<h3>Idealny <strong>Importerzy wega\u0144skich but\u00f3w sk\u00f3rzanych<\/strong> Dla zapracowanych gospodarstw domowych, tkanina ta utrzymuje pi\u0119kny wygl\u0105d sofy rok po roku przy minimalnym wysi\u0142ku.<\/h3>\n<p>Idealny <strong>Importerzy wega\u0144skich but\u00f3w sk\u00f3rzanych<\/strong> Dla zapracowanych gospodarstw domowych, tkanina ta utrzymuje pi\u0119kny wygl\u0105d sofy rok po roku przy minimalnym wysi\u0142ku. Nie wymaga specjalnych \u015brodk\u00f3w czyszcz\u0105cych - wystarczy okazjonalne przetarcie.<\/p>\n<\/div>\n<div class=\"usage-point\">\n<h3>Niezale\u017cnie od tego, czy masz dzieci, zwierz\u0119ta domowe, czy po prostu chcesz beztroskiej konserwacji, ta ognioodporna sk\u00f3ra z mikrofibry zapewnia styl i bezpiecze\u0144stwo w jednym inteligentnym pakiecie<\/h3>\n<p>Niezale\u017cnie od tego, czy masz dzieci, zwierz\u0119ta domowe, czy po prostu chcesz bezproblemowej konserwacji, ta ognioodporna sk\u00f3ra z mikrofibry zapewnia styl i bezpiecze\u0144stwo w jednym inteligentnym pakiecie.<\/p>\n<\/div>\n<div class=\"usage-point\">\n<h3>Wygodne i oddychaj\u0105ce<\/h3>\n<p>Mi\u0119kki, wygodny i wysoce oddychaj\u0105cy materia\u0142 jest idealny do r\u0119kawiczek rowerowych i innych produkt\u00f3w noszonych przez d\u0142u\u017cszy czas. Utrzymuje d\u0142onie w ch\u0142odzie i sucho\u015bci podczas intensywnych aktywno\u015bci.<\/p>\n<\/div>\n<div class=\"usage-point\">\n<h3>Przyjazny dla \u015brodowiska i zr\u00f3wnowa\u017cony<\/h3>\n<p>Nasza sztuczna sk\u00f3ra z mikrofibry Ultrasuede obejmuje opcje przyjazne dla \u015brodowiska, takie jak warianty wykonane z przetworzonego PET i materia\u0142\u00f3w ro\u015blinnych, zmniejszaj\u0105c wp\u0142yw na \u015brodowisko, oferuj\u0105c jednocze\u015bnie r\u00f3\u017cnorodne tekstury.<\/p>\n<\/div>\n<div class=\"usage-point\">\n<h3>Ochrona antybakteryjna i przeciwpy\u0142owa<\/h3>\n<p>Wybrane warianty charakteryzuj\u0105 si\u0119 w\u0142a\u015bciwo\u015bciami antybakteryjnymi i py\u0142oszczelnymi, spe\u0142niaj\u0105c wysokie standardy higieny idealne dla r\u0119kawic wymagaj\u0105cych \u015bcis\u0142ej kontroli jako\u015bci i bezpiecze\u0144stwa.<\/p>\n<\/div>\n<div class=\"usage-point\">\n<h3>R\u00f3\u017cnorodne scenariusze zastosowa\u0144<\/h3>\n<p>Opr\u00f3cz r\u0119kawiczek rowerowych, nadaje si\u0119 do r\u0119kawiczek z palcami, r\u0119kawic ochronnych i r\u00f3\u017cnych innych rodzaj\u00f3w r\u0119kawic, a tak\u017ce obuwia, odzie\u017cy i akcesori\u00f3w.<\/p>\n<\/div>\n<p><img decoding=\"async\" alt=\"Zastosowania sztucznej sk\u00f3ry z mikrofibry Ultrasuede 0,7 mm w r\u00f3\u017cnych produktach\" class=\"product-image\" src=\"\/wp-content\/uploads\/2025\/08\/07mm-ultrasuede-microfiber-faux-leather-for-cycling-gloves--37885.jpg\"\/><br \/>\n<img decoding=\"async\" alt=\"R\u0119kawiczki kolarskie wykonane z mikrofibry Ultrasuede - przyk\u0142ad produktu\" class=\"product-image\" src=\"\/wp-content\/uploads\/2025\/08\/07mm-ultrasuede-microfiber-faux-leather-for-cycling-gloves--37886.jpg\"\/><br \/>\n<\/section>\n<p><\/main><\/p>\n<section id=\"inquiry\">\n<h2 style=\"text-align: center;\">Z powa\u017caniem czekam na Twoje zapytanie!<\/h2>\n<p style=\"text-align: center;\">Skontaktuj si\u0119 z nami ju\u017c dzi\u015b, aby dowiedzie\u0107 si\u0119 wi\u0119cej o naszych produktach i z\u0142o\u017cy\u0107 zam\u00f3wienie.<\/p>\n<\/section>\n\n    <div class=\"xs_social_share_widget xs_share_url after_content \t\tmain_content  wslu-style-1 wslu-share-box-shaped wslu-fill-colored wslu-none wslu-share-horizontal wslu-theme-font-no wslu-main_content\">\n\n\t\t\n        <ul>\n\t\t\t        <\/ul>\n    <\/div>","protected":false},"excerpt":{"rendered":"<div class=\"product-short-description\">Sk\u00f3ra pu z mikrofibry Ognioodporna syntetyczna sk\u00f3ra z mikrofibry na sof\u0119 WINIW Ognioodporna syntetyczna sk\u00f3ra z mikrofibry na sof\u0119: Odkryj ognioodporn\u0105 syntetyczn\u0105 sk\u00f3r\u0119 z mikrofibry WINIW, bezpieczny, luksusowy i przyjazny dla \u015brodowiska wyb\u00f3r tkaniny na sof\u0119. Odporny na p\u0142omienie, \u0142atwy do czyszczenia i trwa\u0142y. Kluczowe cechy to sk\u00f3ra PU z mikrofibry, WINIW, szeroko\u015b\u0107. Idealny dla os\u00f3b poszukuj\u0105cych jako\u015bci i niezawodno\u015bci.<\/p>\n<p>Jako bezpo\u015brednia fabryka, producent i hurtownik mo\u017cemy \u015bci\u015ble kontrolowa\u0107 proces produkcji, aby zapewni\u0107 jako\u015b\u0107 produktu, zapewniaj\u0105c jednocze\u015bnie najkorzystniejsze ceny. Dysponujemy zaawansowanym sprz\u0119tem produkcyjnym i profesjonalnym zespo\u0142em technicznym, aby sprosta\u0107 potrzebom zam\u00f3wie\u0144 na du\u017c\u0105 skal\u0119 i zapewni\u0107 terminow\u0105 dostaw\u0119.<\/p>\n<\/div>","protected":false},"featured_media":6316,"template":"","meta":[],"product_brand":[],"product_cat":[114],"product_tag":[18394],"class_list":{"0":"post-27877","1":"product","2":"type-product","3":"status-publish","4":"has-post-thumbnail","6":"product_cat-microfiber-pu-leather","7":"product_tag-faux-leather-sofaleather-sofa-fauxfaux-grey-leather-sofasynthetic-leather-sofaartificial-leather-sofapu-leather-sofa","9":"first","10":"instock","11":"product-type-simple"},"_links":{"self":[{"href":"https:\/\/www.eco-leather.com\/pl\/wp-json\/wp\/v2\/product\/27877","targetHints":{"allow":["GET"]}}],"collection":[{"href":"https:\/\/www.eco-leather.com\/pl\/wp-json\/wp\/v2\/product"}],"about":[{"href":"https:\/\/www.eco-leather.com\/pl\/wp-json\/wp\/v2\/types\/product"}],"wp:featuredmedia":[{"embeddable":true,"href":"https:\/\/www.eco-leather.com\/pl\/wp-json\/wp\/v2\/media\/6316"}],"wp:attachment":[{"href":"https:\/\/www.eco-leather.com\/pl\/wp-json\/wp\/v2\/media?parent=27877"}],"wp:term":[{"taxonomy":"product_brand","embeddable":true,"href":"https:\/\/www.eco-leather.com\/pl\/wp-json\/wp\/v2\/product_brand?post=27877"},{"taxonomy":"product_cat","embeddable":true,"href":"https:\/\/www.eco-leather.com\/pl\/wp-json\/wp\/v2\/product_cat?post=27877"},{"taxonomy":"product_tag","embeddable":true,"href":"https:\/\/www.eco-leather.com\/pl\/wp-json\/wp\/v2\/product_tag?post=27877"}],"curies":[{"name":"wp","href":"https:\/\/api.w.org\/{rel}","templated":true}]}}