{"id":29530,"date":"2025-09-07T11:04:17","date_gmt":"2025-09-07T03:04:17","guid":{"rendered":"https:\/\/www.eco-leather.com\/product\/double-sided-suede-easy-to-customize-vegan-pu-suede-for-brand-cards\/"},"modified":"2025-09-07T11:04:21","modified_gmt":"2025-09-07T03:04:21","slug":"dubbelzijdig-suede-gemakkelijk-aan-te-passen-vegan-pu-suede-voor-merkkaarten","status":"publish","type":"product","link":"https:\/\/www.eco-leather.com\/nl\/dubbelzijdig-suede-gemakkelijk-aan-te-passen-vegan-pu-suede-voor-merkkaarten\/","title":{"rendered":"Dubbelzijdig Su\u00e8de gemakkelijk aan te passen Vegan PU Su\u00e8de voor merkkaarten"},"content":{"rendered":"<h2>09-06 (48).jpg<\/h2>\n<p><main><\/p>\n<section id=\"product-overview\">\n<h2>Product Beschrijving<\/h2>\n<p>productomschrijving<\/p>\n<p>1. Dubbelzijdig ontwerp = dubbele flexibiliteit Met twee bruikbare zijden hoef je geen extra stof te kopen voor verschillende delen van je kaart. Aan de ene kant kan bijvoorbeeld je hoofdlogo staan en aan de andere kant social media handles of een tagline, allemaal van dezelfde rol. Dit bespaart tijd en geld, vooral voor kleine bedrijven of beperkte budgetten.<\/p>\n<p>Onze 0,7 mm Ultrasuede Microfiber Faux Leather is gemaakt van hoogwaardige microvezelmaterialen en is de perfecte keuze voor fietshandschoenen. Het brengt flexibiliteit en sterkte in balans en biedt een uitzonderlijk ademend vermogen en vochtafvoerende eigenschappen om de handen koel en droog te houden tijdens intense ritten.<\/p>\n<p>Of je nu een professionele fietser of een recreatieve fietser bent, Microfiber Leather dit materiaal biedt onovertroffen comfort en bescherming. De hoge weerstand tegen schuren en scheuren zorgt voor langdurige prestaties, terwijl het gestroomlijnde ontwerp een geraffineerde touch toevoegt aan elk fietsensemble.<\/p>\n<\/section>\n<section id=\"specifications\">\n<h2>Technische parameters<\/h2>\n<ul class_=\"parameters-list\">\n<li><span class=\"param-name\">WINIW Company Factory Groothandel Nubuck leder fabrikanten zorgt ervoor dat elke rol consistent is:<\/span> rijke kleuren, geen losse draden en een fluweelachtige afwerking die high-end aanvoelt. We bieden bulkbestellingen tegen betaalbare prijzen, waardoor het een slimme keuze is voor zowel kleine bedrijven als grote merken. En omdat het veganistisch is, kun je je producten als duurzaam op de markt brengen zonder aan stijl in te boeten. Als je een aangepaste kleur of maat nodig hebt, laat het ons weten, dan werken we met je samen om je merkkaartjes er precies zo uit te laten zien als jij wilt.<\/li>\n<p>parameter<\/p>\n<li><span class=\"param-name\">Materiaal:<\/span> zeem microvezel. kleur: wit, blauw, roze, aangepaste kleuren. Dikte 0,2-0,6 mm Minimale bestelhoeveelheid: 300 strekkende meter. Rollengte: 20-30m\/rol levertijd: 15-20 dagen. breedte: 54 , 137cm Productiecapaciteit: 1.000.000 meter per maand.<\/li>\n<\/ul>\n<p><img decoding=\"async\" alt=\"0,7 mm Ultrasu\u00e8de Microvezel Kunstleer voor Fietshandschoenen - Materiaalspecificatie\" class=\"product-image\" src=\"\/wp-content\/uploads\/2025\/08\/07mm-ultrasuede-microfiber-faux-leather-for-cycling-gloves--37881.jpg\"\/><\/p>\n<h3>Productparameters<\/h3>\n<ul class=\"parameters-list\">\n<li><span class=\"param-name\">Materiaal:<\/span> Microvezel + PU<\/li>\n<li><span class=\"param-name\">Kleur:<\/span> Zwart, grijs, beige (aangepaste kleuren beschikbaar)<\/li>\n<li><span class=\"param-name\">Dikte:<\/span> 0,6 mm, 0,7 mm, 0,8 mm, 1 mm<\/li>\n<li><span class=\"param-name\">Minimum bestelhoeveelheid:<\/span> 300 lineaire meter<\/li>\n<li><span class=\"param-name\">Rollengte:<\/span> 20-30m\/rol<\/li>\n<li><span class=\"param-name\">Levertijd:<\/span> 15-20 dagen<\/li>\n<li><span class=\"param-name\">Breedte:<\/span> 54\u2033, 137cm<\/li>\n<li><span class=\"param-name\">Productiecapaciteit:<\/span> 1.000.000 meter per maand<\/li>\n<\/ul>\n<\/section>\n<section id=\"features\">\n<h2>Producteigenschappen<\/h2>\n<div class=\"feature-item\">\n<h3>Belangrijkste kenmerken<\/h3>\n<p>Productgegevens en -kenmerken<\/p>\n<div class=\"clear\"><\/div>\n<\/div>\n<div class=\"feature-item\">\n<img decoding=\"async\" alt=\"Zeer scheurvast - Ultrasu\u00e8de Microvezel Kunstleer voor fietshandschoenen\" class=\"feature-image left\" src=\"\/wp-content\/uploads\/2025\/08\/07mm-ultrasuede-microfiber-faux-leather-for-cycling-gloves--37882.jpg\"\/><\/p>\n<h3>Hoge scheursterkte<\/h3>\n<p>Ons Ultrasuede microvezelleder heeft een uitzonderlijke scheurweerstand, waardoor het niet snel breekt of vervormt onder stress. Hierdoor is het ideaal voor producten die duurzaamheid en langdurige prestaties vereisen.<\/p>\n<div class=\"clear\"><\/div>\n<\/div>\n<div class=\"feature-item\">\n<img decoding=\"async\" alt=\"Vormvast - Ultrasuede Microvezel Kunstleer voor fietshandschoenen\" class=\"feature-image right\" src=\"\/wp-content\/uploads\/2025\/08\/07mm-ultrasuede-microfiber-faux-leather-for-cycling-gloves--37883.jpg\"\/><\/p>\n<h3>Niet gemakkelijk te vervormen<\/h3>\n<p>Dit materiaal is speciaal behandeld om zijn oorspronkelijke vorm te behouden en biedt een uitstekende elasticiteit en stabiliteit. Het is bestand tegen vervorming door externe druk of uitrekking, waardoor producten intact en aantrekkelijk blijven na verloop van tijd.<\/p>\n<div class=\"clear\"><\/div>\n<\/div>\n<div class=\"feature-item\">\n<img decoding=\"async\" alt=\"Duurzaamheid - Ultrasuede Microvezel Kunstleer voor fietshandschoenen\" class=\"feature-image left\" src=\"\/wp-content\/uploads\/2025\/08\/07mm-ultrasuede-microfiber-faux-leather-for-cycling-gloves--37884.jpg\"\/><\/p>\n<h3>Duurzaamheid<\/h3>\n<p>Dit materiaal is extreem bestand tegen schuren, scheuren en perforaties en zorgt ervoor dat handschoenen in topconditie blijven, zelfs bij langdurig gebruik. Het behoudt ook uitstekende beweeglijkheid en sterkte voor lederen goederen van hoge kwaliteit.<\/p>\n<div class=\"clear\"><\/div>\n<\/div>\n<\/section>\n<section id=\"usage\">\n<h2>Gebruik en toepassingen<\/h2>\n<div class=\"usage-point\">\n<h3>WINIW Company Factory Groothandel Nubuck lederen fabrikanten-dubbelzijdige veganistische PU su\u00e8de is een flexibele, diervriendelijke stof ontworpen voor merken die willen unieke, duurzame merk kaarten<\/h3>\n<p>WINIW Company Factory Wholesale Nubuck Leather Manufacturersdouble-sided vegan PU suede is een flexibele, diervriendelijke stof ontworpen voor merken die unieke, duurzame merkkaarten willen. In tegenstelling tot gewone su\u00e8de, het hastwo zachte, fluweelachtige kanten zowel klaar voor maatwerk, zodat u kunt gebruik maken van een kant voor uw logo en de andere voor details zoals contactgegevens, allemaal van hetzelfde materiaal. Gemaakt van synthetisch PU is het 100% veganistisch, wat betekent dat er geen dierlijke producten worden gebruikt, wat geweldig is voor eco-bewuste merken.<\/p>\n<\/div>\n<div class=\"usage-point\">\n<h3>Het beste deel Het is supergemakkelijk aan te passen<\/h3>\n<p>Het beste is dat het supermakkelijk aan te passen is. Of je nu je logo wilt afdrukken, een stempel wilt zetten of het in leuke vormen wilt snijden, dit su\u00e8de past zich gemakkelijk aan. De zachte textuur maakt het eenvoudig om met de hand te naaien of door een naaimachine te halen en het gladde oppervlak drukt heldere, levendige kleuren af die lang mooi blijven. Het is ook duurzaam en bestand tegen krassen en lichte slijtage, zodat je merkkaartjes er fris uit blijven zien, zelfs na maanden van gebruik.<\/p>\n<\/div>\n<div class=\"usage-point\">\n<h3>Comfortabel en ademend<\/h3>\n<p>Dit zachte, comfortabele en zeer goed ademende materiaal is perfect voor fietshandschoenen en andere producten die langere tijd gedragen worden. Het houdt de handen koel en droog tijdens inspannende activiteiten.<\/p>\n<\/div>\n<div class=\"usage-point\">\n<h3>Milieuvriendelijk en duurzaam<\/h3>\n<p>Onze Ultrasuede Microvezel Kunstleer bevat milieuvriendelijke opties, zoals varianten gemaakt van gerecycled PET en plantaardige materialen, die de impact op het milieu verminderen en tegelijkertijd verschillende texturen bieden.<\/p>\n<\/div>\n<div class=\"usage-point\">\n<h3>Bescherming tegen bacteri\u00ebn en stof<\/h3>\n<p>Geselecteerde varianten hebben antibacteri\u00eble en stofwerende eigenschappen en voldoen aan hoge hygi\u00ebnenormen, ideaal voor handschoenen die strenge kwaliteits- en veiligheidscontroles vereisen.<\/p>\n<\/div>\n<div class=\"usage-point\">\n<h3>Diverse toepassingsscenario's<\/h3>\n<p>Naast fietshandschoenen is het geschikt voor vingerhandschoenen, veiligheidshandschoenen en diverse andere handschoentypes, evenals schoeisel, kleding en accessoires.<\/p>\n<\/div>\n<p><img decoding=\"async\" alt=\"Toepassingen van 0,7 mm Ultrasu\u00e8de Microvezel Kunstleer in diverse producten\" class=\"product-image\" src=\"\/wp-content\/uploads\/2025\/08\/07mm-ultrasuede-microfiber-faux-leather-for-cycling-gloves--37885.jpg\"\/><br \/>\n<img decoding=\"async\" alt=\"Fietshandschoenen gemaakt van Ultrasuede Microvezel Leer - productvoorbeeld\" class=\"product-image\" src=\"\/wp-content\/uploads\/2025\/08\/07mm-ultrasuede-microfiber-faux-leather-for-cycling-gloves--37886.jpg\"\/><br \/>\n<\/section>\n<p><\/main><\/p>\n<section id=\"inquiry\">\n<h2 style=\"text-align: center;\">Oprecht Wachten op uw aanvraag!<\/h2>\n<p style=\"text-align: center;\">Neem vandaag nog contact met ons op voor meer informatie over onze producten en om je bestelling te plaatsen.<\/p>\n<\/section>\n\n    <div class=\"xs_social_share_widget xs_share_url after_content \t\tmain_content  wslu-style-1 wslu-share-box-shaped wslu-fill-colored wslu-none wslu-share-horizontal wslu-theme-font-no wslu-main_content\">\n\n\t\t\n        <ul>\n\t\t\t        <\/ul>\n    <\/div>","protected":false},"excerpt":{"rendered":"<div class=\"product-short-description\">Labels Leer Dubbelzijdig Su\u00e8de Gemakkelijk aan te passen Vegan PU Su\u00e8de voor Merkkaarten WINIW Dubbelzijdig Su\u00e8de Gemakkelijk aan te passen Vegan PU Su\u00e8de voor Merkkaarten Belangrijkste kenmerken omvatten.Ideaal voor wie kwaliteit en betrouwbaarheid zoekt.<\/p>\n<p>Als directe fabriek, fabrikant en groothandel kunnen we het productieproces strikt controleren om de kwaliteit van het product te garanderen terwijl we u de meest gunstige prijzen bieden. We hebben geavanceerde productieapparatuur en een professioneel technisch team om aan uw grootschalige orderbehoeften te voldoen en tijdige levering te garanderen.<\/p>\n<\/div>","protected":false},"featured_media":5062,"template":"","meta":[],"product_brand":[],"product_cat":[314],"product_tag":[19229],"class_list":{"0":"post-29530","1":"product","2":"type-product","3":"status-publish","4":"has-post-thumbnail","6":"product_cat-labels-leather","7":"product_tag-pu-leather-diaper-bagpu-leather-clutch-bagcustom-pu-leather-bagpu-leather-suitcase-pinksoft-pu-leather-bagpu-leather-crossbody-bag","9":"first","10":"instock","11":"product-type-simple"},"_links":{"self":[{"href":"https:\/\/www.eco-leather.com\/nl\/wp-json\/wp\/v2\/product\/29530","targetHints":{"allow":["GET"]}}],"collection":[{"href":"https:\/\/www.eco-leather.com\/nl\/wp-json\/wp\/v2\/product"}],"about":[{"href":"https:\/\/www.eco-leather.com\/nl\/wp-json\/wp\/v2\/types\/product"}],"wp:featuredmedia":[{"embeddable":true,"href":"https:\/\/www.eco-leather.com\/nl\/wp-json\/wp\/v2\/media\/5062"}],"wp:attachment":[{"href":"https:\/\/www.eco-leather.com\/nl\/wp-json\/wp\/v2\/media?parent=29530"}],"wp:term":[{"taxonomy":"product_brand","embeddable":true,"href":"https:\/\/www.eco-leather.com\/nl\/wp-json\/wp\/v2\/product_brand?post=29530"},{"taxonomy":"product_cat","embeddable":true,"href":"https:\/\/www.eco-leather.com\/nl\/wp-json\/wp\/v2\/product_cat?post=29530"},{"taxonomy":"product_tag","embeddable":true,"href":"https:\/\/www.eco-leather.com\/nl\/wp-json\/wp\/v2\/product_tag?post=29530"}],"curies":[{"name":"wp","href":"https:\/\/api.w.org\/{rel}","templated":true}]}}