{"id":29260,"date":"2025-09-07T11:01:57","date_gmt":"2025-09-07T03:01:57","guid":{"rendered":"https:\/\/www.eco-leather.com\/product\/wrinkle-resistant-micro-suede-microfiber-leather-for-jewelry-box\/"},"modified":"2025-09-07T11:01:58","modified_gmt":"2025-09-07T03:01:58","slug":"kreukherstellend-micro-suede-microfiber-leer-voor-juwelendoosje","status":"publish","type":"product","link":"https:\/\/www.eco-leather.com\/nl\/kreukherstellend-micro-suede-microfiber-leer-voor-juwelendoosje\/","title":{"rendered":"Krimpvrij Micro Su\u00e8de Microfiber Leer voor Sieradendoos"},"content":{"rendered":"<h2>Kreukherstellend Micro Su\u00e8de Microfiber Leer voor Sieradendoos leverancier<\/h2>\n<p><main><\/p>\n<section id=\"product-overview\">\n<h2>Product Beschrijving<\/h2>\n<p>Product <strong>Micro Suede Sectionele Sofa<\/strong> Inleiding<\/p>\n<p>Gebruik <strong>Kunstlederen Dozen China<\/strong> Micro su\u00e8de microfiber leer in je juwelendoos is bestand tegen kreuken. Dit betekent dat je je sieraden kunt opbergen zonder dat je je zorgen hoeft te maken dat lelijke kreuken je sieraden verpesten.<\/p>\n<p>Dit materiaal houdt ook goed zijn vorm, zodat je juwelendoos er altijd netjes en opgeruimd uitziet. Materiaal: Microfiber Su\u00e8de Leder<\/p>\n<p>Onze 0,7 mm Ultrasuede Microfiber Faux Leather is gemaakt van hoogwaardige microvezelmaterialen en is de perfecte keuze voor fietshandschoenen. Het brengt flexibiliteit en sterkte in balans en biedt een uitzonderlijk ademend vermogen en vochtafvoerende eigenschappen om de handen koel en droog te houden tijdens intense ritten.<\/p>\n<p>Of je nu een professionele fietser of een recreatieve fietser bent, Microfiber Leather dit materiaal biedt onovertroffen comfort en bescherming. De hoge weerstand tegen schuren en scheuren zorgt voor langdurige prestaties, terwijl het gestroomlijnde ontwerp een geraffineerde touch toevoegt aan elk fietsensemble.<\/p>\n<\/section>\n<section id=\"specifications\">\n<h2>Technische parameters<\/h2>\n<ul class_=\"parameters-list\">\n<li><span class=\"param-name\">Product <strong>Kledingleer Ge\u00efmporteerd<\/strong> Specificatie Materiaal:<\/span> Microfiber Su\u00e8de Leder Samenstelling: 55 Nylon + 45% Polyurethaan Merknaam WINIW Bedrijf Fabriek Groothandel PU Microfiber FabrikantenDikte: 0,4 mm, 0,5 mm, 0,6 mm, aangepast Breedte: 54\u2033, 137cm Kleur: Wit, Rood, Blauw, Groen, Beige, aangepaste kleuren MOQ: 300 lineaire meter Doorlooptijd: 1 0 -20 dagen Productiecapaciteit: 1.000.000 meter per maand Eigenschap: Schimmelwerend, Krasbestendig, Zeer duurzaam Plaats van herkomst China Aangepast Ja Toepassing Sieradendoos, D isplay stands, Telefooncase, W atch box Materiaal: Microfiber Su\u00e8de Leder Samenstelling: 55 Nylon + 45% Polyurethaan Merknaam WINIW Bedrijf Fabriek Groothandel PU Microfiber FabrikantenDikte: 0,4 mm, 0,5 mm, 0,6 mm, aangepast Breedte: 54\u2033, 137cm Kleur: Wit, Rood, Blauw, Groen, Beige, aangepaste kleuren MOQ: 300 lineaire meter Doorlooptijd: 1 0 -20 dagen Productiecapaciteit: 1.000.000 meter per maand Eigenschap Anti-Mildew, Krasbestendig, Zeer duurzaam Plaats van herkomst China Aangepast Ja Toepassing Sieradendoos, D isplay stands, Telefoon case, W atch box<\/li>\n<\/ul>\n<p><img decoding=\"async\" alt=\"0,7 mm Ultrasu\u00e8de Microvezel Kunstleer voor Fietshandschoenen - Materiaalspecificatie\" class=\"product-image\" src=\"\/wp-content\/uploads\/2025\/08\/07mm-ultrasuede-microfiber-faux-leather-for-cycling-gloves--37881.jpg\"\/><\/p>\n<h3>Productparameters<\/h3>\n<ul class=\"parameters-list\">\n<li><span class=\"param-name\">Materiaal:<\/span> Microvezel + PU<\/li>\n<li><span class=\"param-name\">Kleur:<\/span> Zwart, grijs, beige (aangepaste kleuren beschikbaar)<\/li>\n<li><span class=\"param-name\">Dikte:<\/span> 0,6 mm, 0,7 mm, 0,8 mm, 1 mm<\/li>\n<li><span class=\"param-name\">Minimum bestelhoeveelheid:<\/span> 300 lineaire meter<\/li>\n<li><span class=\"param-name\">Rollengte:<\/span> 20-30m\/rol<\/li>\n<li><span class=\"param-name\">Levertijd:<\/span> 15-20 dagen<\/li>\n<li><span class=\"param-name\">Breedte:<\/span> 54\u2033, 137cm<\/li>\n<li><span class=\"param-name\">Productiecapaciteit:<\/span> 1.000.000 meter per maand<\/li>\n<\/ul>\n<\/section>\n<section id=\"usage\">\n<h2>Gebruik en toepassingen<\/h2>\n<p><img decoding=\"async\" alt=\"Kreukherstellend Micro Su\u00e8de Microfiber Leer voor Sieradendoos leverancier\" height=\"15\" src=\"\/wp-content\/uploads\/2025\/08\/wrinkle-resistant-micro-suede-microfiber-leather-for-jewelry-box-32412.png\" width=\"15\"\/><\/p>\n<div class=\"usage-point\">\n<h3>Micro <strong>Tweedehands leren tassen<\/strong> su\u00e8de microfiber leer is een geweldige optie voor degenen die op zoek zijn naar een duurzaam en stijlvol materiaal voor hun sieradenkistje<\/h3>\n<p>Micro <strong>Tweedehands leren tassen<\/strong> Su\u00e8de microfiber leer is een geweldige optie voor wie op zoek is naar een duurzaam en stijlvol materiaal voor in zijn juwelendoos. Dit materiaal staat bekend om zijn zachte en pluche textuur, waardoor het een ideale voering is voor je kostbare sieraden.<\/p>\n<\/div>\n<div class=\"usage-point\">\n<h3>Comfortabel en ademend<\/h3>\n<p>Dit zachte, comfortabele en zeer goed ademende materiaal is perfect voor fietshandschoenen en andere producten die langere tijd gedragen worden. Het houdt de handen koel en droog tijdens inspannende activiteiten.<\/p>\n<\/div>\n<div class=\"usage-point\">\n<h3>Milieuvriendelijk en duurzaam<\/h3>\n<p>Onze Ultrasuede Microvezel Kunstleer bevat milieuvriendelijke opties, zoals varianten gemaakt van gerecycled PET en plantaardige materialen, die de impact op het milieu verminderen en tegelijkertijd verschillende texturen bieden.<\/p>\n<\/div>\n<div class=\"usage-point\">\n<h3>Bescherming tegen bacteri\u00ebn en stof<\/h3>\n<p>Geselecteerde varianten hebben antibacteri\u00eble en stofwerende eigenschappen en voldoen aan hoge hygi\u00ebnenormen, ideaal voor handschoenen die strenge kwaliteits- en veiligheidscontroles vereisen.<\/p>\n<\/div>\n<div class=\"usage-point\">\n<h3>Diverse toepassingsscenario's<\/h3>\n<p>Naast fietshandschoenen is het geschikt voor vingerhandschoenen, veiligheidshandschoenen en diverse andere handschoentypes, evenals schoeisel, kleding en accessoires.<\/p>\n<\/div>\n<p><img decoding=\"async\" alt=\"Toepassingen van 0,7 mm Ultrasu\u00e8de Microvezel Kunstleer in diverse producten\" class=\"product-image\" src=\"\/wp-content\/uploads\/2025\/08\/07mm-ultrasuede-microfiber-faux-leather-for-cycling-gloves--37885.jpg\"\/><br \/>\n<img decoding=\"async\" alt=\"Fietshandschoenen gemaakt van Ultrasuede Microvezel Leer - productvoorbeeld\" class=\"product-image\" src=\"\/wp-content\/uploads\/2025\/08\/07mm-ultrasuede-microfiber-faux-leather-for-cycling-gloves--37886.jpg\"\/><br \/>\n<\/section>\n<p><\/main><\/p>\n<section id=\"inquiry\">\n<h2 style=\"text-align: center;\">Oprecht Wachten op uw aanvraag!<\/h2>\n<p style=\"text-align: center;\">Neem vandaag nog contact met ons op voor meer informatie over onze producten en om je bestelling te plaatsen.<\/p>\n<\/section>\n\n    <div class=\"xs_social_share_widget xs_share_url after_content \t\tmain_content  wslu-style-1 wslu-share-box-shaped wslu-fill-colored wslu-none wslu-share-horizontal wslu-theme-font-no wslu-main_content\">\n\n\t\t\n        <ul>\n\t\t\t        <\/ul>\n    <\/div>","protected":false},"excerpt":{"rendered":"<div class=\"product-short-description\">Microsu\u00e8de voor Sieraden Display Rimpel Resistent Micro Su\u00e8de Microfiber Leer Voor Sieraden Doos WINIW Rimpel Resistent Micro Su\u00e8de Microfiber Leer Voor Sieraden Doos Belangrijkste kenmerken omvatten.Ideaal voor wie op zoek is naar kwaliteit en betrouwbaarheid.<\/p>\n<p>Als directe fabriek, fabrikant en groothandel kunnen we het productieproces strikt controleren om de kwaliteit van het product te garanderen terwijl we u de meest gunstige prijzen bieden. We hebben geavanceerde productieapparatuur en een professioneel technisch team om aan uw grootschalige orderbehoeften te voldoen en tijdige levering te garanderen.<\/p>\n<\/div>","protected":false},"featured_media":5528,"template":"","meta":[],"product_brand":[],"product_cat":[294],"product_tag":[],"class_list":{"0":"post-29260","1":"product","2":"type-product","3":"status-publish","4":"has-post-thumbnail","6":"product_cat-microsuede-for-jewelry-display","8":"first","9":"instock","10":"product-type-simple"},"_links":{"self":[{"href":"https:\/\/www.eco-leather.com\/nl\/wp-json\/wp\/v2\/product\/29260","targetHints":{"allow":["GET"]}}],"collection":[{"href":"https:\/\/www.eco-leather.com\/nl\/wp-json\/wp\/v2\/product"}],"about":[{"href":"https:\/\/www.eco-leather.com\/nl\/wp-json\/wp\/v2\/types\/product"}],"wp:featuredmedia":[{"embeddable":true,"href":"https:\/\/www.eco-leather.com\/nl\/wp-json\/wp\/v2\/media\/5528"}],"wp:attachment":[{"href":"https:\/\/www.eco-leather.com\/nl\/wp-json\/wp\/v2\/media?parent=29260"}],"wp:term":[{"taxonomy":"product_brand","embeddable":true,"href":"https:\/\/www.eco-leather.com\/nl\/wp-json\/wp\/v2\/product_brand?post=29260"},{"taxonomy":"product_cat","embeddable":true,"href":"https:\/\/www.eco-leather.com\/nl\/wp-json\/wp\/v2\/product_cat?post=29260"},{"taxonomy":"product_tag","embeddable":true,"href":"https:\/\/www.eco-leather.com\/nl\/wp-json\/wp\/v2\/product_tag?post=29260"}],"curies":[{"name":"wp","href":"https:\/\/api.w.org\/{rel}","templated":true}]}}