{"id":29185,"date":"2025-09-07T11:01:18","date_gmt":"2025-09-07T03:01:18","guid":{"rendered":"https:\/\/www.eco-leather.com\/product\/1-8mm-microfiber-suede-ultrasuede-leather-for-orthopedic-shoes\/"},"modified":"2025-09-07T11:01:21","modified_gmt":"2025-09-07T03:01:21","slug":"1-8mm-microfiber-suede-ultrasuedeleer-voor-orthopedische-schoenen","status":"publish","type":"product","link":"https:\/\/www.eco-leather.com\/nl\/1-8mm-microfiber-suede-ultrasuedeleer-voor-orthopedische-schoenen\/","title":{"rendered":"1.8mm Microfiber Su\u00e8de Ultrasu\u00e8deleer voor orthopedische schoenen"},"content":{"rendered":"<h2>Microvezel kunstleer<\/h2>\n<p><main><\/p>\n<section id=\"product-overview\">\n<h2>Product Beschrijving<\/h2>\n<p><strong>Kunstleer Spandex<\/strong>  Inleidingen <\/p>\n<p> Is <strong>Automotive LederVesten Service Hond<\/strong> microvezelsu\u00e8de veganistisch Microvezelsu\u00e8de wordt meestal beschouwd als een veganistisch alternatief voor traditioneel su\u00e8de. Microvezel su\u00e8de is gemaakt van synthetische materialen, meestal polyester of een mengsel van polyester en polyurethaan.<\/p>\n<p>Het is ontworpen om de textuur en het uiterlijk van echt su\u00e8de na te bootsen, maar zonder gebruik te maken van dierlijke producten.<\/p>\n<p>Onze 0,7 mm Ultrasuede Microfiber Faux Leather is gemaakt van hoogwaardige microvezelmaterialen en is de perfecte keuze voor fietshandschoenen. Het brengt flexibiliteit en sterkte in balans en biedt een uitzonderlijk ademend vermogen en vochtafvoerende eigenschappen om de handen koel en droog te houden tijdens intense ritten.<\/p>\n<p>Of je nu een professionele fietser of een recreatieve fietser bent, Microfiber Leather dit materiaal biedt onovertroffen comfort en bescherming. De hoge weerstand tegen schuren en scheuren zorgt voor langdurige prestaties, terwijl het gestroomlijnde ontwerp een geraffineerde touch toevoegt aan elk fietsensemble.<\/p>\n<\/section>\n<section id=\"specifications\">\n<h2>Technische parameters<\/h2>\n<p><strong>Kunstlederen Dozen China<\/strong>  Specificaties <\/p>\n<p><img decoding=\"async\" alt=\"0,7 mm Ultrasu\u00e8de Microvezel Kunstleer voor Fietshandschoenen - Materiaalspecificatie\" class=\"product-image\" src=\"\/wp-content\/uploads\/2025\/08\/07mm-ultrasuede-microfiber-faux-leather-for-cycling-gloves--37881.jpg\"\/><\/p>\n<h3>Productparameters<\/h3>\n<ul class=\"parameters-list\">\n<li><span class=\"param-name\">Materiaal:<\/span> Microvezel + PU<\/li>\n<li><span class=\"param-name\">Kleur:<\/span> Zwart, grijs, beige (aangepaste kleuren beschikbaar)<\/li>\n<li><span class=\"param-name\">Dikte:<\/span> 0,6 mm, 0,7 mm, 0,8 mm, 1 mm<\/li>\n<li><span class=\"param-name\">Minimum bestelhoeveelheid:<\/span> 300 lineaire meter<\/li>\n<li><span class=\"param-name\">Rollengte:<\/span> 20-30m\/rol<\/li>\n<li><span class=\"param-name\">Levertijd:<\/span> 15-20 dagen<\/li>\n<li><span class=\"param-name\">Breedte:<\/span> 54\u2033, 137cm<\/li>\n<li><span class=\"param-name\">Productiecapaciteit:<\/span> 1.000.000 meter per maand<\/li>\n<\/ul>\n<\/section>\n<section id=\"features\">\n<h2>Producteigenschappen<\/h2>\n<div class=\"feature-item\">\n<img decoding=\"async\" alt=\"Belangrijkste kenmerken\" class=\"feature-image left\" src=\"\/wp-content\/uploads\/2025\/08\/18mm-microfiber-suede-ultrasuede-leather-for-orthopedic-shoes-31765.jpg\"\/><\/p>\n<h3>Belangrijkste kenmerken<\/h3>\n<p><strong>Su\u00e8de Leder Waterdicht Spray<\/strong>  Kenmerken <\/p>\n<div class=\"clear\"><\/div>\n<\/div>\n<div class=\"feature-item\">\n<img decoding=\"async\" alt=\"Zeer scheurvast - Ultrasu\u00e8de Microvezel Kunstleer voor fietshandschoenen\" class=\"feature-image left\" src=\"\/wp-content\/uploads\/2025\/08\/07mm-ultrasuede-microfiber-faux-leather-for-cycling-gloves--37882.jpg\"\/><\/p>\n<h3>Hoge scheursterkte<\/h3>\n<p>Ons Ultrasuede microvezelleder heeft een uitzonderlijke scheurweerstand, waardoor het niet snel breekt of vervormt onder stress. Hierdoor is het ideaal voor producten die duurzaamheid en langdurige prestaties vereisen.<\/p>\n<div class=\"clear\"><\/div>\n<\/div>\n<div class=\"feature-item\">\n<img decoding=\"async\" alt=\"Vormvast - Ultrasuede Microvezel Kunstleer voor fietshandschoenen\" class=\"feature-image right\" src=\"\/wp-content\/uploads\/2025\/08\/07mm-ultrasuede-microfiber-faux-leather-for-cycling-gloves--37883.jpg\"\/><\/p>\n<h3>Niet gemakkelijk te vervormen<\/h3>\n<p>Dit materiaal is speciaal behandeld om zijn oorspronkelijke vorm te behouden en biedt een uitstekende elasticiteit en stabiliteit. Het is bestand tegen vervorming door externe druk of uitrekking, waardoor producten intact en aantrekkelijk blijven na verloop van tijd.<\/p>\n<div class=\"clear\"><\/div>\n<\/div>\n<div class=\"feature-item\">\n<img decoding=\"async\" alt=\"Duurzaamheid - Ultrasuede Microvezel Kunstleer voor fietshandschoenen\" class=\"feature-image left\" src=\"\/wp-content\/uploads\/2025\/08\/07mm-ultrasuede-microfiber-faux-leather-for-cycling-gloves--37884.jpg\"\/><\/p>\n<h3>Duurzaamheid<\/h3>\n<p>Dit materiaal is extreem bestand tegen schuren, scheuren en perforaties en zorgt ervoor dat handschoenen in topconditie blijven, zelfs bij langdurig gebruik. Het behoudt ook uitstekende beweeglijkheid en sterkte voor lederen goederen van hoge kwaliteit.<\/p>\n<div class=\"clear\"><\/div>\n<\/div>\n<\/section>\n<section id=\"usage\">\n<h2>Gebruik en toepassingen<\/h2>\n<p><img fetchpriority=\"high\" decoding=\"async\" alt=\"Microvezel kunstleer\" height=\"543\" src=\"\/wp-content\/uploads\/2025\/08\/18mm-microfiber-suede-ultrasuede-leather-for-orthopedic-shoes-31764.jpg\" width=\"750\"\/><\/p>\n<div class=\"usage-point\">\n<h3>Merk <strong>Vegan lederen schoenen importeurs<\/strong> Naam WINIW Bedrijf Fabriek Groothandel PU Materiaal FabrikantenMateriaal WINIW Bedrijf Fabriek Groothandel PU Materiaal FabrikantenMicrofiber Suede Leer Samenstelling 50% Nylon + 50% Polyurethaan Dikte 2<\/h3>\n<p>Merk <strong>Vegan lederen schoenen importeurs<\/strong> Naam WINIW Bedrijf Fabriek Groothandel PU Materiaal FabrikantenMateriaal WINIW Bedrijf Fabriek Groothandel PU Materiaal FabrikantenMicrofiber Suede Leer Samenstelling 50% Nylon + 50% Polyurethaan Dikte 2,4 mm, 2 mm, 1,8 mm, 1,6 mm, 1,4 mm, 1.2mm, 1.0mm, 0.8mm Breedte 54, 1.37 m Kleur Grijs, Groen, aangepaste kleuren Minimumordehoeveelheid 300 lineaire meters Productietijd 15-20 dagen Productiecapaciteit 1miljoen meterper maand Gebruik Orthopedische schoenen Plaats van Oorsprong Quanzhou, Fujian, China Toepassingen <\/p>\n<\/div>\n<div class=\"usage-point\">\n<h3>Comfortabel en ademend<\/h3>\n<p>Dit zachte, comfortabele en zeer goed ademende materiaal is perfect voor fietshandschoenen en andere producten die langere tijd gedragen worden. Het houdt de handen koel en droog tijdens inspannende activiteiten.<\/p>\n<\/div>\n<div class=\"usage-point\">\n<h3>Milieuvriendelijk en duurzaam<\/h3>\n<p>Onze Ultrasuede Microvezel Kunstleer bevat milieuvriendelijke opties, zoals varianten gemaakt van gerecycled PET en plantaardige materialen, die de impact op het milieu verminderen en tegelijkertijd verschillende texturen bieden.<\/p>\n<\/div>\n<div class=\"usage-point\">\n<h3>Bescherming tegen bacteri\u00ebn en stof<\/h3>\n<p>Geselecteerde varianten hebben antibacteri\u00eble en stofwerende eigenschappen en voldoen aan hoge hygi\u00ebnenormen, ideaal voor handschoenen die strenge kwaliteits- en veiligheidscontroles vereisen.<\/p>\n<\/div>\n<div class=\"usage-point\">\n<h3>Diverse toepassingsscenario's<\/h3>\n<p>Naast fietshandschoenen is het geschikt voor vingerhandschoenen, veiligheidshandschoenen en diverse andere handschoentypes, evenals schoeisel, kleding en accessoires.<\/p>\n<\/div>\n<p><img decoding=\"async\" alt=\"Toepassingen van 0,7 mm Ultrasu\u00e8de Microvezel Kunstleer in diverse producten\" class=\"product-image\" src=\"\/wp-content\/uploads\/2025\/08\/07mm-ultrasuede-microfiber-faux-leather-for-cycling-gloves--37885.jpg\"\/><br \/>\n<img decoding=\"async\" alt=\"Fietshandschoenen gemaakt van Ultrasuede Microvezel Leer - productvoorbeeld\" class=\"product-image\" src=\"\/wp-content\/uploads\/2025\/08\/07mm-ultrasuede-microfiber-faux-leather-for-cycling-gloves--37886.jpg\"\/><br \/>\n<\/section>\n<section id=\"why-choose-us\">\n<h2>Waarom kiezen voor WINIW<\/h2>\n<div class=\"advantage-item\">\n<h3>WINIW Company Factory Groothandel PU-materiaal Manufacturersmicrofiber su\u00e8deleer is een zorgvuldig geselecteerde hoogwaardige materiaal voor de comfortabele orthopedische schoenen<\/h3>\n<p>WINIW Company Factory Groothandel PU Materiaal Manufacturersmicrofiber su\u00e8deleer is een zorgvuldig geselecteerde hoge kwaliteit materiaal voor de comfortabele orthopedische schoenen. Het is zacht, duurzaam en ademend, absorbeert effectief vocht en houdt je voeten droog en comfortabel.<\/p>\n<\/div>\n<div class=\"advantage-item\">\n<h3>Kwaliteit<\/h3>\n<p>We implementeren strenge kwaliteitscontroles in de hele productie- en toeleveringsketen en houden ons daarbij aan de ISO9001-normen. Van de selectie van grondstoffen tot de eindinspectie geven we prioriteit aan de belangen van de klant.<\/p>\n<\/div>\n<div class=\"advantage-item\">\n<h3>Professioneel Technisch Team<\/h3>\n<p>Ons gespecialiseerde technische team bestaat uit ervaren professionals op verschillende gebieden, die toegewijd zijn aan het leveren van producten van hoge kwaliteit en oplossingen op maat.<\/p>\n<\/div>\n<div class=\"advantage-item\">\n<h3>Breed scala aan toepassingen<\/h3>\n<p>Onze materialen worden veel gebruikt in schoeisel, kleding, bagage, auto-interieurs, bankmeubelen en nog veel meer.<\/p>\n<\/div>\n<div class=\"advantage-item\">\n<h3>Rijke ervaring<\/h3>\n<p>Quanzhou WINIW Import &amp; Export Co, Ltd heeft meer dan 20 jaar productie-ervaring en biedt perfecte oplossingen voor klanten wereldwijd.<\/p>\n<\/div>\n<div class=\"advantage-item\">\n<h3>Betaalbare prijs<\/h3>\n<p>We bieden concurrerende prijzen en een uitstekende klantenservice. Vraag een catalogus aan of bezoek onze fabriek om onze producten te bekijken.<\/p>\n<\/div>\n<div class=\"advantage-item\">\n<h3>24-uurs online klantenservice<\/h3>\n<p>Ons team is 24\/7 beschikbaar om vragen te beantwoorden en feedback snel te beantwoorden.<\/p>\n<\/div>\n<p><img decoding=\"async\" alt=\"WINIW productiefaciliteit - Ultrasuede Microvezelleder productieproces\" class=\"product-image\" src=\"\/wp-content\/uploads\/2025\/08\/07mm-ultrasuede-microfiber-faux-leather-for-cycling-gloves--37888.jpg\"\/><br \/>\n<\/section>\n<p><\/main><\/p>\n<section id=\"inquiry\">\n<h2 style=\"text-align: center;\">Oprecht Wachten op uw aanvraag!<\/h2>\n<p style=\"text-align: center;\">Neem vandaag nog contact met ons op voor meer informatie over onze producten en om je bestelling te plaatsen.<\/p>\n<\/section>\n\n    <div class=\"xs_social_share_widget xs_share_url after_content \t\tmain_content  wslu-style-1 wslu-share-box-shaped wslu-fill-colored wslu-none wslu-share-horizontal wslu-theme-font-no wslu-main_content\">\n\n\t\t\n        <ul>\n\t\t\t        <\/ul>\n    <\/div>","protected":false},"excerpt":{"rendered":"<div class=\"product-short-description\">Faux Ultrasuede Leer voor Orthopedisch Schoeisel 1.8mm Microfiber Suede Ultrasuede Leer voor Orthopedische Schoenen WINIW 1.8mm Microfiber Suede Ultrasuede Leer voor Orthopedische Schoenen Belangrijkste kenmerken include.Ideal voor diegenen die kwaliteit en betrouwbaarheid.<\/p>\n<p>Als directe fabriek, fabrikant en groothandel kunnen we het productieproces strikt controleren om de kwaliteit van het product te garanderen terwijl we u de meest gunstige prijzen bieden. We hebben geavanceerde productieapparatuur en een professioneel technisch team om aan uw grootschalige orderbehoeften te voldoen en tijdige levering te garanderen.<\/p>\n<\/div>","protected":false},"featured_media":5899,"template":"","meta":[],"product_brand":[],"product_cat":[348],"product_tag":[],"class_list":{"0":"post-29185","1":"product","2":"type-product","3":"status-publish","4":"has-post-thumbnail","6":"product_cat-faux-ultrasuede-leather-for-orthopedic-footwear","8":"first","9":"instock","10":"product-type-simple"},"_links":{"self":[{"href":"https:\/\/www.eco-leather.com\/nl\/wp-json\/wp\/v2\/product\/29185","targetHints":{"allow":["GET"]}}],"collection":[{"href":"https:\/\/www.eco-leather.com\/nl\/wp-json\/wp\/v2\/product"}],"about":[{"href":"https:\/\/www.eco-leather.com\/nl\/wp-json\/wp\/v2\/types\/product"}],"wp:featuredmedia":[{"embeddable":true,"href":"https:\/\/www.eco-leather.com\/nl\/wp-json\/wp\/v2\/media\/5899"}],"wp:attachment":[{"href":"https:\/\/www.eco-leather.com\/nl\/wp-json\/wp\/v2\/media?parent=29185"}],"wp:term":[{"taxonomy":"product_brand","embeddable":true,"href":"https:\/\/www.eco-leather.com\/nl\/wp-json\/wp\/v2\/product_brand?post=29185"},{"taxonomy":"product_cat","embeddable":true,"href":"https:\/\/www.eco-leather.com\/nl\/wp-json\/wp\/v2\/product_cat?post=29185"},{"taxonomy":"product_tag","embeddable":true,"href":"https:\/\/www.eco-leather.com\/nl\/wp-json\/wp\/v2\/product_tag?post=29185"}],"curies":[{"name":"wp","href":"https:\/\/api.w.org\/{rel}","templated":true}]}}