{"id":27985,"date":"2025-09-07T10:50:22","date_gmt":"2025-09-07T02:50:22","guid":{"rendered":"https:\/\/www.eco-leather.com\/product\/0-7mm-high-precision-cutting-imitation-microfiber-suede-leather\/"},"modified":"2025-09-07T10:50:25","modified_gmt":"2025-09-07T02:50:25","slug":"0-7-mm-zeer-nauwkeurig-gesneden-imitatie-microfiber-suedeleer","status":"publish","type":"product","link":"https:\/\/www.eco-leather.com\/nl\/0-7-mm-zeer-nauwkeurig-gesneden-imitatie-microfiber-suedeleer\/","title":{"rendered":"0,7 mm zeer nauwkeurig gesneden imitatie microfiber su\u00e8de leer"},"content":{"rendered":"<h2>Microfiber Leer Su\u00e8de Product<\/h2>\n<p><main><\/p>\n<section id=\"product-overview\">\n<h2>Product Beschrijving<\/h2>\n<p>Product <strong>Kunstleer Spandex<\/strong> Inleiding<\/p>\n<p>Onze 0,7 mm Ultrasuede Microfiber Faux Leather is gemaakt van hoogwaardige microvezelmaterialen en is de perfecte keuze voor fietshandschoenen. Het brengt flexibiliteit en sterkte in balans en biedt een uitzonderlijk ademend vermogen en vochtafvoerende eigenschappen om de handen koel en droog te houden tijdens intense ritten.<\/p>\n<p>Of je nu een professionele fietser of een recreatieve fietser bent, Microfiber Leather dit materiaal biedt onovertroffen comfort en bescherming. De hoge weerstand tegen schuren en scheuren zorgt voor langdurige prestaties, terwijl het gestroomlijnde ontwerp een geraffineerde touch toevoegt aan elk fietsensemble.<\/p>\n<\/section>\n<section id=\"specifications\">\n<h2>Technische parameters<\/h2>\n<ul class_=\"parameters-list\">\n<li><span class=\"param-name\">Product <strong>Kledingleer Ge\u00efmporteerd<\/strong> Specificatie WINIW Company Factory Groothandel PU Microfiber ManufacturersCustomizable synthetisch leder:<\/span> Elegantie, duurzaamheid en kleurrijke keuzes.<\/li>\n<\/ul>\n<p><img decoding=\"async\" alt=\"0,7 mm Ultrasu\u00e8de Microvezel Kunstleer voor Fietshandschoenen - Materiaalspecificatie\" class=\"product-image\" src=\"\/wp-content\/uploads\/2025\/08\/07mm-ultrasuede-microfiber-faux-leather-for-cycling-gloves--37881.jpg\"\/><\/p>\n<h3>Productparameters<\/h3>\n<ul class=\"parameters-list\">\n<li><span class=\"param-name\">Materiaal:<\/span> Microvezel + PU<\/li>\n<li><span class=\"param-name\">Kleur:<\/span> Zwart, grijs, beige (aangepaste kleuren beschikbaar)<\/li>\n<li><span class=\"param-name\">Dikte:<\/span> 0,6 mm, 0,7 mm, 0,8 mm, 1 mm<\/li>\n<li><span class=\"param-name\">Minimum bestelhoeveelheid:<\/span> 300 lineaire meter<\/li>\n<li><span class=\"param-name\">Rollengte:<\/span> 20-30m\/rol<\/li>\n<li><span class=\"param-name\">Levertijd:<\/span> 15-20 dagen<\/li>\n<li><span class=\"param-name\">Breedte:<\/span> 54\u2033, 137cm<\/li>\n<li><span class=\"param-name\">Productiecapaciteit:<\/span> 1.000.000 meter per maand<\/li>\n<\/ul>\n<\/section>\n<section id=\"features\">\n<h2>Producteigenschappen<\/h2>\n<div class=\"feature-item\">\n<img decoding=\"async\" alt=\"WINIWWaterdichte lederen materiaal ServiceCompany Factory Groothandel PU Microfiber Manufacturers, een baanbrekende WINIW Company Factory Groothandel PU Microfiber Manufacturersmanufacturer gespecialiseerd in de productie van premium kunstleer, presenteert de High-Precision Cutting Imitatie Microfiber Suede Leather\" class=\"feature-image left\" src=\"\/wp-content\/uploads\/2025\/08\/07mm-high-precision-cutting-imitation-microfiber-suede-leather-21194.jpg\"\/><\/p>\n<h3>WINIW <strong>Waterdichte lederen materiaalservice<\/strong> Bedrijf Fabriek Groothandel PU Microfiber Manufacturers, een baanbrekende WINIW Bedrijf Fabriek Groothandel PU Microfiber Manufacturersmanufacturer gespecialiseerd in de productie van premium kunstleer, presenteert de High-Precision Cutting Imitatie Microfiber Suede Leer<\/h3>\n<p>WINIW <strong>Waterdichte lederen materiaalservice<\/strong> Bedrijf Factory Groothandel PU Microfiber Manufacturers, een baanbrekende WINIW Bedrijf Factory Groothandel PU Microfiber Manufacturersmanufacturer gespecialiseerd in de productie van premium kunstleer, presenteert de High-Precision Cutting Imitatie Microfiber Suede Leer.<\/p>\n<div class=\"clear\"><\/div>\n<\/div>\n<div class=\"feature-item\">\n<img decoding=\"async\" alt=\"Dit materiaal, dat is gemaakt met minutieuze aandacht voor details en geavanceerde productietechnieken, combineert de luxe zachtheid van su\u00e8de met de duurzaamheid en veelzijdigheid van microvezel.\" class=\"feature-image left\" src=\"\/wp-content\/uploads\/2025\/08\/07mm-high-precision-cutting-imitation-microfiber-suede-leather-21195.jpg\"\/><\/p>\n<h3>Dit materiaal, dat is gemaakt met minutieuze aandacht voor details en geavanceerde productietechnieken, combineert de luxe zachtheid van su\u00e8de met de duurzaamheid en veelzijdigheid van microvezel.<\/h3>\n<p>Dit materiaal is vervaardigd met nauwgezette aandacht voor detail en geavanceerde productietechnieken en combineert de luxe zachtheid van su\u00e8de met de duurzaamheid en veelzijdigheid van microfiber. Als veganistisch alternatief voor echt leer biedt ons zeer nauwkeurig gesneden imitatie microfiber su\u00e8deleer een duurzame optie voor ontwerpers en fabrikanten die faux su\u00e8de van hoge kwaliteit in hun creaties willen verwerken zonder afbreuk te doen aan ethiek of esthetiek.<\/p>\n<div class=\"clear\"><\/div>\n<\/div>\n<div class=\"feature-item\">\n<img decoding=\"async\" alt=\"Het is niet alleen een sprong voorwaarts in de materiaalkunde, het is Waterdicht Faux Leather Customizea testament aan WINIW Company Factory Groothandel PU Microfiber Manufacturersfactory de inzet voor innovatie en uitmuntendheid in de kunstlederindustrie \" class=\"feature-image left\" src=\"\/wp-content\/uploads\/2025\/08\/07mm-high-precision-cutting-imitation-microfiber-suede-leather-21196.jpg\"\/><\/p>\n<h3>Het is niet alleen een sprong voorwaarts in de materiaalwetenschap; het is <strong>Waterdicht kunstleer aanpassen<\/strong> een bewijs van WINIW Company Factory Groothandel PU Microfiber Manufacturersfactory de inzet voor innovatie en uitmuntendheid in de kunstlederindustrie <\/h3>\n<p>Het is niet alleen een sprong voorwaarts in de materiaalwetenschap; het is <strong>Waterdicht kunstleer aanpassen<\/strong> een bewijs van WINIW Company Factory Groothandel PU Microfiber Manufacturersfactory's inzet voor innovatie en uitmuntendheid in de kunstlederindustrie.<\/p>\n<div class=\"clear\"><\/div>\n<\/div>\n<div class=\"feature-item\">\n<img decoding=\"async\" alt=\"Materiaal Microfiber Suede Leer Merknaam WINIW Bedrijf Fabriek Groothandel PU Microfiber FabrikantenBreedte 54\" class=\"feature-image left\" src=\"\/wp-content\/uploads\/2025\/08\/07mm-high-precision-cutting-imitation-microfiber-suede-leather-21197.jpg\"\/><\/p>\n<h3>Materiaal Microfiber Suede Leer Merknaam WINIW Bedrijf Groothandel PU Microfiber FabrikantenBreedte 54\u2033; 1<\/h3>\n<p>Materiaal Microfiber Suede Leer Merknaam WINIW Bedrijf Groothandel PU Microfiber FabrikantenBreedte 54\u2033; 1,37m Kleur Rood, Zwart, Bruin, Groen, accepteren aanpassen Functie Slijtvast, Waterdicht, Anti-Mildew, Flexibel Dikte 0,6 mm-2,4 mm Plaats van herkomst China Aangepast Ja Levertijd Meestal binnen 15 - 25 dagen.<\/p>\n<div class=\"clear\"><\/div>\n<\/div>\n<div class=\"feature-item\">\n<img decoding=\"async\" alt=\"MOQ 300 meter Verpakking Details 30\/50 meter per rol\" class=\"feature-image left\" src=\"\/wp-content\/uploads\/2025\/08\/07mm-high-precision-cutting-imitation-microfiber-suede-leather-21198.jpg\"\/><\/p>\n<h3>MOQ 300 meter Verpakking Details 30\/50 meter per rol<\/h3>\n<p>MOQ 300 meter Verpakking Details 30\/50 meter per rol. Of <strong>Waterdichte nep Leatherman<\/strong> op maat Productiecapaciteit 1.000.000 meter per maand Producteigenschap De bepalende kenmerken van onze zeer nauwkeurig snijden imitatie microfiber su\u00e8de leder onderscheiden het in de markt.<\/p>\n<div class=\"clear\"><\/div>\n<\/div>\n<div class=\"feature-item\">\n<h3>Dit synthetische su\u00e8de heeft een zorgvuldig ontworpen microvezelbasis en biedt uitzonderlijke sterkte en veerkracht met behoud van een subtiel zachte touch.<\/h3>\n<p>Met een zorgvuldig ontworpen microfiber basis, deze synthetische su\u00e8de biedt uitzonderlijke sterkte en veerkracht met behoud van een delicaat zacht gevoel. De hoge precisie snijtechnologie in dienst van de WINIW Company Factory Wholesale PU Microfiber Manufacturersfactory zorgt voor precieze patronen en randen, waardoor het ideaal is voor ingewikkelde ontwerpen en toepassingen die een onberispelijke afwerking.<\/p>\n<div class=\"clear\"><\/div>\n<\/div>\n<div class=\"feature-item\">\n<h3>Bovendien zorgt de weerstand van het materiaal tegen verbleken, vlekken en slijtage voor langdurige prestaties en esthetische aantrekkingskracht.<\/h3>\n<p>Bovendien is het materiaal bestand tegen verbleken, vlekken en slijtage zorgt voor langdurige prestaties en esthetische aantrekkingskracht. Het ademend vermogen en de flexibiliteit maken het een uitstekende keuze voor een breed scala van toepassingen, het benadrukken van WINIW Company Factory Groothandel PU Microfiber Manufacturersexpertise in het leveren van top-notch synthetisch leder oplossingen op maat van diverse behoeften te voldoen.<\/p>\n<div class=\"clear\"><\/div>\n<\/div>\n<div class=\"feature-item\">\n<img decoding=\"async\" alt=\"Zeer scheurvast - Ultrasu\u00e8de Microvezel Kunstleer voor fietshandschoenen\" class=\"feature-image left\" src=\"\/wp-content\/uploads\/2025\/08\/07mm-ultrasuede-microfiber-faux-leather-for-cycling-gloves--37882.jpg\"\/><\/p>\n<h3>Hoge scheursterkte<\/h3>\n<p>Ons Ultrasuede microvezelleder heeft een uitzonderlijke scheurweerstand, waardoor het niet snel breekt of vervormt onder stress. Hierdoor is het ideaal voor producten die duurzaamheid en langdurige prestaties vereisen.<\/p>\n<div class=\"clear\"><\/div>\n<\/div>\n<div class=\"feature-item\">\n<img decoding=\"async\" alt=\"Vormvast - Ultrasuede Microvezel Kunstleer voor fietshandschoenen\" class=\"feature-image right\" src=\"\/wp-content\/uploads\/2025\/08\/07mm-ultrasuede-microfiber-faux-leather-for-cycling-gloves--37883.jpg\"\/><\/p>\n<h3>Niet gemakkelijk te vervormen<\/h3>\n<p>Dit materiaal is speciaal behandeld om zijn oorspronkelijke vorm te behouden en biedt een uitstekende elasticiteit en stabiliteit. Het is bestand tegen vervorming door externe druk of uitrekking, waardoor producten intact en aantrekkelijk blijven na verloop van tijd.<\/p>\n<div class=\"clear\"><\/div>\n<\/div>\n<div class=\"feature-item\">\n<img decoding=\"async\" alt=\"Duurzaamheid - Ultrasuede Microvezel Kunstleer voor fietshandschoenen\" class=\"feature-image left\" src=\"\/wp-content\/uploads\/2025\/08\/07mm-ultrasuede-microfiber-faux-leather-for-cycling-gloves--37884.jpg\"\/><\/p>\n<h3>Duurzaamheid<\/h3>\n<p>Dit materiaal is extreem bestand tegen schuren, scheuren en perforaties en zorgt ervoor dat handschoenen in topconditie blijven, zelfs bij langdurig gebruik. Het behoudt ook uitstekende beweeglijkheid en sterkte voor lederen goederen van hoge kwaliteit.<\/p>\n<div class=\"clear\"><\/div>\n<\/div>\n<\/section>\n<section id=\"why-choose-us\">\n<h2>Waarom kiezen voor WINIW<\/h2>\n<div class=\"advantage-item\">\n<h3>Ons voordeel<\/h3>\n<p>WINIW Bedrijf Fabriek Groothandel PU Microfiber ManufacturersFactory Product Showcase<\/p>\n<\/div>\n<div class=\"advantage-item\">\n<h3>Kwaliteit<\/h3>\n<p>We implementeren strenge kwaliteitscontroles in de hele productie- en toeleveringsketen en houden ons daarbij aan de ISO9001-normen. Van de selectie van grondstoffen tot de eindinspectie geven we prioriteit aan de belangen van de klant.<\/p>\n<\/div>\n<div class=\"advantage-item\">\n<h3>Professioneel Technisch Team<\/h3>\n<p>Ons gespecialiseerde technische team bestaat uit ervaren professionals op verschillende gebieden, die toegewijd zijn aan het leveren van producten van hoge kwaliteit en oplossingen op maat.<\/p>\n<\/div>\n<div class=\"advantage-item\">\n<h3>Breed scala aan toepassingen<\/h3>\n<p>Onze materialen worden veel gebruikt in schoeisel, kleding, bagage, auto-interieurs, bankmeubelen en nog veel meer.<\/p>\n<\/div>\n<div class=\"advantage-item\">\n<h3>Rijke ervaring<\/h3>\n<p>Quanzhou WINIW Import &amp; Export Co, Ltd heeft meer dan 20 jaar productie-ervaring en biedt perfecte oplossingen voor klanten wereldwijd.<\/p>\n<\/div>\n<div class=\"advantage-item\">\n<h3>Betaalbare prijs<\/h3>\n<p>We bieden concurrerende prijzen en een uitstekende klantenservice. Vraag een catalogus aan of bezoek onze fabriek om onze producten te bekijken.<\/p>\n<\/div>\n<div class=\"advantage-item\">\n<h3>24-uurs online klantenservice<\/h3>\n<p>Ons team is 24\/7 beschikbaar om vragen te beantwoorden en feedback snel te beantwoorden.<\/p>\n<\/div>\n<p><img decoding=\"async\" alt=\"WINIW productiefaciliteit - Ultrasuede Microvezelleder productieproces\" class=\"product-image\" src=\"\/wp-content\/uploads\/2025\/08\/07mm-ultrasuede-microfiber-faux-leather-for-cycling-gloves--37888.jpg\"\/><br \/>\n<\/section>\n<p><\/main><\/p>\n<section id=\"inquiry\">\n<h2 style=\"text-align: center;\">Oprecht Wachten op uw aanvraag!<\/h2>\n<p style=\"text-align: center;\">Neem vandaag nog contact met ons op voor meer informatie over onze producten en om je bestelling te plaatsen.<\/p>\n<\/section>\n\n    <div class=\"xs_social_share_widget xs_share_url after_content \t\tmain_content  wslu-style-1 wslu-share-box-shaped wslu-fill-colored wslu-none wslu-share-horizontal wslu-theme-font-no wslu-main_content\">\n\n\t\t\n        <ul>\n\t\t\t        <\/ul>\n    <\/div>","protected":false},"excerpt":{"rendered":"<div class=\"product-short-description\">Microfiber Su\u00e8de Leer 0,7 mm High-Precision Cutting Imitatie Microfiber Su\u00e8de Leer WINIW 0,7 mm High-Precision Cutting Imitatie Microfiber Su\u00e8de Leer Belangrijkste kenmerken zijn Microfiber Su\u00e8de Leer, WINIW, Breedte.Ideaal voor diegenen die kwaliteit en betrouwbaarheid.<\/p>\n<p>Als directe fabriek, fabrikant en groothandel kunnen we het productieproces strikt controleren om de kwaliteit van het product te garanderen terwijl we u de meest gunstige prijzen bieden. We hebben geavanceerde productieapparatuur en een professioneel technisch team om aan uw grootschalige orderbehoeften te voldoen en tijdige levering te garanderen.<\/p>\n<\/div>","protected":false},"featured_media":2695,"template":"","meta":[],"product_brand":[],"product_cat":[126],"product_tag":[],"class_list":{"0":"post-27985","1":"product","2":"type-product","3":"status-publish","4":"has-post-thumbnail","6":"product_cat-microfiber-suede-leather","8":"first","9":"instock","10":"product-type-simple"},"_links":{"self":[{"href":"https:\/\/www.eco-leather.com\/nl\/wp-json\/wp\/v2\/product\/27985","targetHints":{"allow":["GET"]}}],"collection":[{"href":"https:\/\/www.eco-leather.com\/nl\/wp-json\/wp\/v2\/product"}],"about":[{"href":"https:\/\/www.eco-leather.com\/nl\/wp-json\/wp\/v2\/types\/product"}],"wp:featuredmedia":[{"embeddable":true,"href":"https:\/\/www.eco-leather.com\/nl\/wp-json\/wp\/v2\/media\/2695"}],"wp:attachment":[{"href":"https:\/\/www.eco-leather.com\/nl\/wp-json\/wp\/v2\/media?parent=27985"}],"wp:term":[{"taxonomy":"product_brand","embeddable":true,"href":"https:\/\/www.eco-leather.com\/nl\/wp-json\/wp\/v2\/product_brand?post=27985"},{"taxonomy":"product_cat","embeddable":true,"href":"https:\/\/www.eco-leather.com\/nl\/wp-json\/wp\/v2\/product_cat?post=27985"},{"taxonomy":"product_tag","embeddable":true,"href":"https:\/\/www.eco-leather.com\/nl\/wp-json\/wp\/v2\/product_tag?post=27985"}],"curies":[{"name":"wp","href":"https:\/\/api.w.org\/{rel}","templated":true}]}}