{"id":27928,"date":"2025-09-07T10:49:51","date_gmt":"2025-09-07T02:49:51","guid":{"rendered":"https:\/\/www.eco-leather.com\/product\/0-8mm-thickness-superior-comfort-synthetic-microfiber-suede-fabric\/"},"modified":"2025-09-07T10:49:55","modified_gmt":"2025-09-07T02:49:55","slug":"0-8mm-dikte-superieur-comfort-synthetische-microvezel-suede-stof","status":"publish","type":"product","link":"https:\/\/www.eco-leather.com\/nl\/0-8mm-dikte-superieur-comfort-synthetische-microvezel-suede-stof\/","title":{"rendered":"0,8 mm dik superieur comfort synthetische microvezel su\u00e8de stof"},"content":{"rendered":"<h2>Textielachtig aanvoelend microvezel su\u00e8de<\/h2>\n<p><main><\/p>\n<section id=\"product-overview\">\n<h2>Product Beschrijving<\/h2>\n<p>Materiaal <strong>Waterdichte Sofa Stof<\/strong> Inleiding<\/p>\n<p>Onze 0,7 mm Ultrasuede Microfiber Faux Leather is gemaakt van hoogwaardige microvezelmaterialen en is de perfecte keuze voor fietshandschoenen. Het brengt flexibiliteit en sterkte in balans en biedt een uitzonderlijk ademend vermogen en vochtafvoerende eigenschappen om de handen koel en droog te houden tijdens intense ritten.<\/p>\n<p>Of je nu een professionele fietser of een recreatieve fietser bent, Microfiber Leather dit materiaal biedt onovertroffen comfort en bescherming. De hoge weerstand tegen schuren en scheuren zorgt voor langdurige prestaties, terwijl het gestroomlijnde ontwerp een geraffineerde touch toevoegt aan elk fietsensemble.<\/p>\n<\/section>\n<section id=\"specifications\">\n<h2>Technische parameters<\/h2>\n<p>Materiaal <strong>Auto Suede Stof<\/strong> Specificatie<\/p>\n<p><img decoding=\"async\" alt=\"0,7 mm Ultrasu\u00e8de Microvezel Kunstleer voor Fietshandschoenen - Materiaalspecificatie\" class=\"product-image\" src=\"\/wp-content\/uploads\/2025\/08\/07mm-ultrasuede-microfiber-faux-leather-for-cycling-gloves--37881.jpg\"\/><\/p>\n<h3>Productparameters<\/h3>\n<ul class=\"parameters-list\">\n<li><span class=\"param-name\">Materiaal:<\/span> Microvezel + PU<\/li>\n<li><span class=\"param-name\">Kleur:<\/span> Zwart, grijs, beige (aangepaste kleuren beschikbaar)<\/li>\n<li><span class=\"param-name\">Dikte:<\/span> 0,6 mm, 0,7 mm, 0,8 mm, 1 mm<\/li>\n<li><span class=\"param-name\">Minimum bestelhoeveelheid:<\/span> 300 lineaire meter<\/li>\n<li><span class=\"param-name\">Rollengte:<\/span> 20-30m\/rol<\/li>\n<li><span class=\"param-name\">Levertijd:<\/span> 15-20 dagen<\/li>\n<li><span class=\"param-name\">Breedte:<\/span> 54\u2033, 137cm<\/li>\n<li><span class=\"param-name\">Productiecapaciteit:<\/span> 1.000.000 meter per maand<\/li>\n<\/ul>\n<\/section>\n<section id=\"features\">\n<h2>Producteigenschappen<\/h2>\n<div class=\"feature-item\">\n<img decoding=\"async\" alt=\"CraftedDurable Upholstery Fabric SolutionMet behulp van geavanceerde microvezeltechnologie biedt ons synthetisch su\u00e8de een zacht, soepel gevoel met behoud van duurzaamheid en veerkracht.\" class=\"feature-image left\" src=\"\/wp-content\/uploads\/2025\/08\/08mm-thickness-superior-comfort-synthetic-microfiber-suede-fabric-20688.jpg\"\/><\/p>\n<h3>Ambachtelijk <strong>Duurzame oplossing voor meubelstoffen<\/strong> met behulp van geavanceerde microvezeltechnologie biedt ons synthetisch su\u00e8de een zacht, soepel gevoel met behoud van duurzaamheid en veerkracht<\/h3>\n<p>Ambachtelijk <strong>Duurzame oplossing voor meubelstoffen<\/strong> Met behulp van geavanceerde microfiber technologie, onze synthetische su\u00e8de biedt een zacht, soepel gevoel met behoud van duurzaamheid en veerkracht. WINIW Company Factory Wholesale Imitation Leather Manufacturerscommitment aan uitmuntendheid zorgt ervoor dat elke rol van deze veganistische leer is zorgvuldig getest op kwaliteit, zodat het voldoet aan de hoogste normen in de markt.<\/p>\n<div class=\"clear\"><\/div>\n<\/div>\n<div class=\"feature-item\">\n<img decoding=\"async\" alt=\"Dit microfiber su\u00e8deleer is perfect voor een breed scala aan toepassingen en is een veelzijdige aanvulling op elke productlijn. \" class=\"feature-image left\" src=\"\/wp-content\/uploads\/2025\/08\/08mm-thickness-superior-comfort-synthetic-microfiber-suede-fabric-20689.jpg\"\/><\/p>\n<h3>Dit microfiber su\u00e8deleer is perfect voor een breed scala aan toepassingen en is een veelzijdige aanvulling op elke productlijn. <\/h3>\n<p>Dit microfiber su\u00e8deleer is perfect voor een breed scala aan toepassingen en is een veelzijdige aanvulling op elke productlijn. Materiaal <strong>Duurzame Sofa Aanbieders<\/strong> Microfiber Suede Leer Merknaam WINIW Bedrijf Groothandel Imitatieleer FabrikantenBreedte 54\u2033;<\/p>\n<div class=\"clear\"><\/div>\n<\/div>\n<div class=\"feature-item\">\n<img decoding=\"async\" alt=\"1\" class=\"feature-image left\" src=\"\/wp-content\/uploads\/2025\/08\/08mm-thickness-superior-comfort-synthetic-microfiber-suede-fabric-20690.jpg\"\/><\/p>\n<h3>1<\/h3>\n<p>1.37m Kleur Rood, Zwart, Bruin, Groen, accepteer aanpassen Eigenschap Slijtvast, Waterdicht, Anti-schimmel, Flexibel Dikte 0.6mm-2.4mm Plaats van herkomst China Aangepast Ja Levertijd Meestal binnen 15 - 25 dagen.<\/p>\n<div class=\"clear\"><\/div>\n<\/div>\n<div class=\"feature-item\">\n<img decoding=\"async\" alt=\"MOQ 300 meter Verpakking Details 30\/50 meter per rol\" class=\"feature-image left\" src=\"\/wp-content\/uploads\/2025\/08\/08mm-thickness-superior-comfort-synthetic-microfiber-suede-fabric-20691.jpg\"\/><\/p>\n<h3>MOQ 300 meter Verpakking Details 30\/50 meter per rol<\/h3>\n<p>MOQ 300 meter Verpakking Details 30\/50 meter per rol. Of aangepast Productiecapaciteit 1.000.000 meter per maand Materiaaleigenschap<\/p>\n<div class=\"clear\"><\/div>\n<\/div>\n<div class=\"feature-item\">\n<img decoding=\"async\" alt=\"Zeer scheurvast - Ultrasu\u00e8de Microvezel Kunstleer voor fietshandschoenen\" class=\"feature-image left\" src=\"\/wp-content\/uploads\/2025\/08\/07mm-ultrasuede-microfiber-faux-leather-for-cycling-gloves--37882.jpg\"\/><\/p>\n<h3>Hoge scheursterkte<\/h3>\n<p>Ons Ultrasuede microvezelleder heeft een uitzonderlijke scheurweerstand, waardoor het niet snel breekt of vervormt onder stress. Hierdoor is het ideaal voor producten die duurzaamheid en langdurige prestaties vereisen.<\/p>\n<div class=\"clear\"><\/div>\n<\/div>\n<div class=\"feature-item\">\n<img decoding=\"async\" alt=\"Vormvast - Ultrasuede Microvezel Kunstleer voor fietshandschoenen\" class=\"feature-image right\" src=\"\/wp-content\/uploads\/2025\/08\/07mm-ultrasuede-microfiber-faux-leather-for-cycling-gloves--37883.jpg\"\/><\/p>\n<h3>Niet gemakkelijk te vervormen<\/h3>\n<p>Dit materiaal is speciaal behandeld om zijn oorspronkelijke vorm te behouden en biedt een uitstekende elasticiteit en stabiliteit. Het is bestand tegen vervorming door externe druk of uitrekking, waardoor producten intact en aantrekkelijk blijven na verloop van tijd.<\/p>\n<div class=\"clear\"><\/div>\n<\/div>\n<div class=\"feature-item\">\n<img decoding=\"async\" alt=\"Duurzaamheid - Ultrasuede Microvezel Kunstleer voor fietshandschoenen\" class=\"feature-image left\" src=\"\/wp-content\/uploads\/2025\/08\/07mm-ultrasuede-microfiber-faux-leather-for-cycling-gloves--37884.jpg\"\/><\/p>\n<h3>Duurzaamheid<\/h3>\n<p>Dit materiaal is extreem bestand tegen schuren, scheuren en perforaties en zorgt ervoor dat handschoenen in topconditie blijven, zelfs bij langdurig gebruik. Het behoudt ook uitstekende beweeglijkheid en sterkte voor lederen goederen van hoge kwaliteit.<\/p>\n<div class=\"clear\"><\/div>\n<\/div>\n<\/section>\n<section id=\"why-choose-us\">\n<h2>Waarom kiezen voor WINIW<\/h2>\n<div class=\"advantage-item\">\n<h3>Ontdek het toppunt van elegantie en comfort met Superior Comfort Vegan Microfiber Leder Suede Stof van WINIW Company Factory Groothandel Imitatieleer Manufacturersfactory, een toonaangevende fabrikant van premium kunstleder<\/h3>\n<p>Ontdek het toppunt van elegantie en comfort met Superior Comfort Vegan Microfiber Leder Suede Stof van WINIW Company Factory Groothandel Kunstleder Manufacturersfactory, een toonaangevende fabrikant van premium kunstleder. Deze faux su\u00e8de stof combineert de luxe touch van de traditionele su\u00e8de met de moderne uitstraling van veganistische materialen, waardoor het een ideale keuze voor veeleisende ontwerpers en fabrikanten.<\/p>\n<\/div>\n<div class=\"advantage-item\">\n<h3>WINIW Company Factory Groothandel Imitatieleer Manufacturersmanufacturer is trots op het leveren van Superior Comfort Vegan Microfiber Lederen Suede stof die zich onderscheidt door zijn unieke mix van esthetiek en functionaliteit<\/h3>\n<p>WINIW Company Factory Groothandel Imitatieleer Manufacturersmanufacturer is trots op het leveren van Superior Comfort Vegan Microfiber Leder Suede stof die zich onderscheidt door zijn unieke mix van esthetiek en functionaliteit. Onze faux su\u00e8de wordt gekenmerkt door zijn ongelooflijk zachte hand voelt, dankzij de fijne microvezels die de natuurlijke textuur van echt su\u00e8de na te bootsen. De veganistische samenstelling maakt het een ethische keuze voor eco-bewuste consumenten en bedrijven, die de groeiende markt van duurzame mode en interieurontwerp aanspreekt.<\/p>\n<\/div>\n<div class=\"advantage-item\">\n<h3>Het synthetische su\u00e8de staat ook bekend om zijn uitstekende drapering en flexibiliteit, waardoor het naadloos kan worden gevormd in verschillende ontwerpen.<\/h3>\n<p>Het synthetische su\u00e8de staat ook bekend om zijn uitstekende drapering en flexibiliteit, waardoor het naadloos kan worden gevormd in verschillende ontwerpen. Bovendien is het gemakkelijk te reinigen en te onderhouden, het behoud van zijn rijke kleur en textuur na verloop van tijd. WINIW Company Factory Groothandel Imitatieleer Manufacturersmicrofiber su\u00e8deleer is echt een bewijs van de innovatie en het vakmanschap van onze fabriek.<\/p>\n<\/div>\n<div class=\"advantage-item\">\n<h3>Kwaliteit<\/h3>\n<p>We implementeren strenge kwaliteitscontroles in de hele productie- en toeleveringsketen en houden ons daarbij aan de ISO9001-normen. Van de selectie van grondstoffen tot de eindinspectie geven we prioriteit aan de belangen van de klant.<\/p>\n<\/div>\n<div class=\"advantage-item\">\n<h3>Professioneel Technisch Team<\/h3>\n<p>Ons gespecialiseerde technische team bestaat uit ervaren professionals op verschillende gebieden, die toegewijd zijn aan het leveren van producten van hoge kwaliteit en oplossingen op maat.<\/p>\n<\/div>\n<div class=\"advantage-item\">\n<h3>Breed scala aan toepassingen<\/h3>\n<p>Onze materialen worden veel gebruikt in schoeisel, kleding, bagage, auto-interieurs, bankmeubelen en nog veel meer.<\/p>\n<\/div>\n<div class=\"advantage-item\">\n<h3>Rijke ervaring<\/h3>\n<p>Quanzhou WINIW Import &amp; Export Co, Ltd heeft meer dan 20 jaar productie-ervaring en biedt perfecte oplossingen voor klanten wereldwijd.<\/p>\n<\/div>\n<div class=\"advantage-item\">\n<h3>Betaalbare prijs<\/h3>\n<p>We bieden concurrerende prijzen en een uitstekende klantenservice. Vraag een catalogus aan of bezoek onze fabriek om onze producten te bekijken.<\/p>\n<\/div>\n<div class=\"advantage-item\">\n<h3>24-uurs online klantenservice<\/h3>\n<p>Ons team is 24\/7 beschikbaar om vragen te beantwoorden en feedback snel te beantwoorden.<\/p>\n<\/div>\n<p><img decoding=\"async\" alt=\"WINIW productiefaciliteit - Ultrasuede Microvezelleder productieproces\" class=\"product-image\" src=\"\/wp-content\/uploads\/2025\/08\/07mm-ultrasuede-microfiber-faux-leather-for-cycling-gloves--37888.jpg\"\/><br \/>\n<\/section>\n<p><\/main><\/p>\n<section id=\"inquiry\">\n<h2 style=\"text-align: center;\">Oprecht Wachten op uw aanvraag!<\/h2>\n<p style=\"text-align: center;\">Neem vandaag nog contact met ons op voor meer informatie over onze producten en om je bestelling te plaatsen.<\/p>\n<\/section>\n\n    <div class=\"xs_social_share_widget xs_share_url after_content \t\tmain_content  wslu-style-1 wslu-share-box-shaped wslu-fill-colored wslu-none wslu-share-horizontal wslu-theme-font-no wslu-main_content\">\n\n\t\t\n        <ul>\n\t\t\t        <\/ul>\n    <\/div>","protected":false},"excerpt":{"rendered":"<div class=\"product-short-description\">Microfiber Su\u00e8de Leer 0,8 mm Dikte Superior Comfort Synthetische Microfiber Su\u00e8de Stof WINIW 0,8 mm Dikte Superior Comfort Synthetische Microfiber Su\u00e8de Stof Belangrijkste kenmerken zijn Microfiber Su\u00e8de Leer, WINIW, Breedte.Ideaal voor wie kwaliteit en betrouwbaarheid zoekt.<\/p>\n<p>Als directe fabriek, fabrikant en groothandel kunnen we het productieproces strikt controleren om de kwaliteit van het product te garanderen terwijl we u de meest gunstige prijzen bieden. We hebben geavanceerde productieapparatuur en een professioneel technisch team om aan uw grootschalige orderbehoeften te voldoen en tijdige levering te garanderen.<\/p>\n<\/div>","protected":false},"featured_media":2458,"template":"","meta":[],"product_brand":[],"product_cat":[126],"product_tag":[18434],"class_list":{"0":"post-27928","1":"product","2":"type-product","3":"status-publish","4":"has-post-thumbnail","6":"product_cat-microfiber-suede-leather","7":"product_tag-perforated-microfiber-suede-fabricmicrofiber-suede-fabric-hatmicrofiber-suede-fabric-by-the-yardmicrofiber-suede-fabric-makermicrofiber-suede-fabric-agenciesmicrofiber-suede-fabric-distributor","9":"first","10":"instock","11":"product-type-simple"},"_links":{"self":[{"href":"https:\/\/www.eco-leather.com\/nl\/wp-json\/wp\/v2\/product\/27928","targetHints":{"allow":["GET"]}}],"collection":[{"href":"https:\/\/www.eco-leather.com\/nl\/wp-json\/wp\/v2\/product"}],"about":[{"href":"https:\/\/www.eco-leather.com\/nl\/wp-json\/wp\/v2\/types\/product"}],"wp:featuredmedia":[{"embeddable":true,"href":"https:\/\/www.eco-leather.com\/nl\/wp-json\/wp\/v2\/media\/2458"}],"wp:attachment":[{"href":"https:\/\/www.eco-leather.com\/nl\/wp-json\/wp\/v2\/media?parent=27928"}],"wp:term":[{"taxonomy":"product_brand","embeddable":true,"href":"https:\/\/www.eco-leather.com\/nl\/wp-json\/wp\/v2\/product_brand?post=27928"},{"taxonomy":"product_cat","embeddable":true,"href":"https:\/\/www.eco-leather.com\/nl\/wp-json\/wp\/v2\/product_cat?post=27928"},{"taxonomy":"product_tag","embeddable":true,"href":"https:\/\/www.eco-leather.com\/nl\/wp-json\/wp\/v2\/product_tag?post=27928"}],"curies":[{"name":"wp","href":"https:\/\/api.w.org\/{rel}","templated":true}]}}