{"id":27910,"date":"2025-09-07T10:49:40","date_gmt":"2025-09-07T02:49:40","guid":{"rendered":"https:\/\/www.eco-leather.com\/product\/seam-strength-synthetic-microfiber-suede-leather-fabric\/"},"modified":"2025-09-07T10:49:45","modified_gmt":"2025-09-07T02:49:45","slug":"naadsterkte-synthetische-microvezel-suede-lederen-stof","status":"publish","type":"product","link":"https:\/\/www.eco-leather.com\/nl\/naadsterkte-synthetische-microvezel-suede-lederen-stof\/","title":{"rendered":"Naadsterkte synthetische microvezel su\u00e8de lederen stof"},"content":{"rendered":"<h2>Imitatie microvezel su\u00e8de stof<\/h2>\n<p><main><\/p>\n<section id=\"product-overview\">\n<h2>Product Beschrijving<\/h2>\n<p>Materiaal <strong>Kunstleren zool<\/strong> Inleiding<\/p>\n<p>Onze <strong>Zak Stof Dealers<\/strong> materialen bieden aanpasbare opties wat betreft dikte, kleur en meer. Klik hieronder en neem onmiddellijk contact met ons op om de eindeloze mogelijkheden te verkennen.<\/p>\n<p>  contact met ons opnemen  <\/p>\n<p>Onze 0,7 mm Ultrasuede Microfiber Faux Leather is gemaakt van hoogwaardige microvezelmaterialen en is de perfecte keuze voor fietshandschoenen. Het brengt flexibiliteit en sterkte in balans en biedt een uitzonderlijk ademend vermogen en vochtafvoerende eigenschappen om de handen koel en droog te houden tijdens intense ritten.<\/p>\n<p>Of je nu een professionele fietser of een recreatieve fietser bent, Microfiber Leather dit materiaal biedt onovertroffen comfort en bescherming. De hoge weerstand tegen schuren en scheuren zorgt voor langdurige prestaties, terwijl het gestroomlijnde ontwerp een geraffineerde touch toevoegt aan elk fietsensemble.<\/p>\n<\/section>\n<section id=\"specifications\">\n<h2>Technische parameters<\/h2>\n<p>Materiaal <strong>Kunstlederen Dozen China<\/strong> Specificatie<\/p>\n<p><img decoding=\"async\" alt=\"0,7 mm Ultrasu\u00e8de Microvezel Kunstleer voor Fietshandschoenen - Materiaalspecificatie\" class=\"product-image\" src=\"\/wp-content\/uploads\/2025\/08\/07mm-ultrasuede-microfiber-faux-leather-for-cycling-gloves--37881.jpg\"\/><\/p>\n<h3>Productparameters<\/h3>\n<ul class=\"parameters-list\">\n<li><span class=\"param-name\">Materiaal:<\/span> Microvezel + PU<\/li>\n<li><span class=\"param-name\">Kleur:<\/span> Zwart, grijs, beige (aangepaste kleuren beschikbaar)<\/li>\n<li><span class=\"param-name\">Dikte:<\/span> 0,6 mm, 0,7 mm, 0,8 mm, 1 mm<\/li>\n<li><span class=\"param-name\">Minimum bestelhoeveelheid:<\/span> 300 lineaire meter<\/li>\n<li><span class=\"param-name\">Rollengte:<\/span> 20-30m\/rol<\/li>\n<li><span class=\"param-name\">Levertijd:<\/span> 15-20 dagen<\/li>\n<li><span class=\"param-name\">Breedte:<\/span> 54\u2033, 137cm<\/li>\n<li><span class=\"param-name\">Productiecapaciteit:<\/span> 1.000.000 meter per maand<\/li>\n<\/ul>\n<\/section>\n<section id=\"features\">\n<h2>Producteigenschappen<\/h2>\n<div class=\"feature-item\">\n<img decoding=\"async\" alt=\"SeamWaterproof Faux LeathermanStrength synthetische Microfiber Suede Leather, zorgvuldig vervaardigd door WINIW Company Factory Groothandel Leatherette Manufacturersfactory, staat als een bewijs van onze inzet voor het leveren van premium veganistische lederen oplossingen\" class=\"feature-image left\" src=\"\/wp-content\/uploads\/2025\/08\/seam-strength-synthetic-microfiber-suede-leather-fabric-20528.jpg\"\/><\/p>\n<h3>Naad <strong>Waterdichte nep Leatherman<\/strong> Sterkte synthetische Microfiber Suede lederen, zorgvuldig vervaardigd door WINIW Company Factory Groothandel lederen Manufacturersfactory, staat als een bewijs van onze inzet voor het leveren van premium veganistische lederen oplossingen<\/h3>\n<p>Naad <strong>Waterdichte nep Leatherman<\/strong> Sterkte synthetische Microfiber Suede Leather, zorgvuldig vervaardigd door WINIW Company Factory Groothandel Leatherette Manufacturersfactory, staat als een bewijs van onze inzet voor het leveren van premium veganistische lederen oplossingen.<\/p>\n<div class=\"clear\"><\/div>\n<\/div>\n<div class=\"feature-item\">\n<img decoding=\"async\" alt=\"Als toonaangevende WINIW Company Factory Wholesale Leatherette Manufacturersmanufacturer, zijn wij gespecialiseerd in het produceren van hoogwaardige kunstmatige materialen die de elegantie en textuur van echt su\u00e8de nabootsen zonder afbreuk te doen aan duurzaamheid of duurzaamheid.\" class=\"feature-image left\" src=\"\/wp-content\/uploads\/2025\/08\/seam-strength-synthetic-microfiber-suede-leather-fabric-20529.jpg\"\/><\/p>\n<h3>Als toonaangevende WINIW Company Factory Wholesale Leatherette Manufacturersmanufacturer, zijn wij gespecialiseerd in het produceren van hoogwaardige kunstmatige materialen die de elegantie en textuur van echt su\u00e8de nabootsen zonder afbreuk te doen aan duurzaamheid of duurzaamheid.<\/h3>\n<p>Als toonaangevende WINIW Company Factory Wholesale Leatherette Manufacturersmanufacturer, zijn we gespecialiseerd in het produceren van hoogwaardige kunstmatige materialen die de elegantie en textuur van echt su\u00e8de nabootsen zonder afbreuk te doen aan duurzaamheid of duurzaamheid.<\/p>\n<div class=\"clear\"><\/div>\n<\/div>\n<div class=\"feature-item\">\n<img decoding=\"async\" alt=\"DitWaterproof Leather Fabric Odmhsasfaux su\u00e8deleer heeft een indrukwekkende naadsterkte, waardoor het naadloos aansluit op het fabricageproces van diverse hoogwaardige producten.\" class=\"feature-image left\" src=\"\/wp-content\/uploads\/2025\/08\/seam-strength-synthetic-microfiber-suede-leather-fabric-20530.jpg\"\/><\/p>\n<h3>Deze <strong>Waterdicht Leer Stof Odmhsas<\/strong> Kunstsu\u00e8deleer heeft een indrukwekkende naadsterkte, waardoor het naadloos blijft zitten in het fabricageproces van diverse hoogwaardige producten.<\/h3>\n<p>Deze <strong>Waterdicht Leer Stof Odmhsas<\/strong> Kunstsu\u00e8deleer heeft een indrukwekkende naadsterkte, waardoor het naadloos blijft zitten in het fabricageproces van verschillende hoogwaardige producten.<\/p>\n<div class=\"clear\"><\/div>\n<\/div>\n<div class=\"feature-item\">\n<img decoding=\"async\" alt=\"Verkrijgbaar via WINIW Company Factory Wholesale Leatherette Manufacturerswholesale en leverancier netwerken, het biedt een betaalbare maar luxe alternatief voor B2B-klanten op zoek naar hun aanbod te verheffen zonder breken de bank \" class=\"feature-image left\" src=\"\/wp-content\/uploads\/2025\/08\/seam-strength-synthetic-microfiber-suede-leather-fabric-20531.jpg\"\/><\/p>\n<h3>Verkrijgbaar via WINIW Company Factory Wholesale Leatherette Manufacturerswholesale en leverancier netwerken, het biedt een betaalbare maar luxe alternatief voor B2B-klanten op zoek naar hun aanbod te verheffen zonder breken de bank <\/h3>\n<p>Verkrijgbaar via WINIW Company Factory Wholesale Leatherette Manufacturerswholesale en leverancier netwerken, het biedt een betaalbare maar luxe alternatief voor B2B-klanten op zoek naar hun aanbod te verhogen zonder de bank breken.<\/p>\n<div class=\"clear\"><\/div>\n<\/div>\n<div class=\"feature-item\">\n<img decoding=\"async\" alt=\"MateriaalWaterdicht Sofa stof ExporteurMicrofiber Suede Leather Merknaam WINIW Company Factory Groothandel lederen fabrikantenBreedte 54\" class=\"feature-image left\" src=\"\/wp-content\/uploads\/2025\/08\/seam-strength-synthetic-microfiber-suede-leather-fabric-20532.jpg\"\/><\/p>\n<h3>Materiaal <strong>Waterdichte Sofa Fabric Exporteur<\/strong> Microfiber Suede Leer Merknaam WINIW Bedrijf Groothandel lederen fabrikantenBreedte 54\u2033; 1<\/h3>\n<p>Materiaal <strong>Waterdichte Sofa Fabric Exporteur<\/strong> Microfiber Su\u00e8de Leder Merknaam WINIW Bedrijf Groothandel Lederen FabrikantenBreedte 54\u2033; 1,37m Kleur Rood, Zwart, Bruin, Groen, accepteren aanpassen Functie Slijtvast, Waterdicht, Anti-Mildew, Flexibel Dikte 0,6 mm-2,4 mm, accepteren aanpassen Plaats van herkomst China Aangepast Ja Levertijd Meestal binnen 15 - 25 dagen.<\/p>\n<div class=\"clear\"><\/div>\n<\/div>\n<div class=\"feature-item\">\n<h3>MOQ 300 meter Verpakking Details 30\/50 meter per rol<\/h3>\n<p>MOQ 300 meter Verpakking Details 30\/50 meter per rol. Of aangepast Productiecapaciteit 1.000.000 meter per maand Materiaaleigenschap<\/p>\n<div class=\"clear\"><\/div>\n<\/div>\n<div class=\"feature-item\">\n<img decoding=\"async\" alt=\"Zeer scheurvast - Ultrasu\u00e8de Microvezel Kunstleer voor fietshandschoenen\" class=\"feature-image left\" src=\"\/wp-content\/uploads\/2025\/08\/07mm-ultrasuede-microfiber-faux-leather-for-cycling-gloves--37882.jpg\"\/><\/p>\n<h3>Hoge scheursterkte<\/h3>\n<p>Ons Ultrasuede microvezelleder heeft een uitzonderlijke scheurweerstand, waardoor het niet snel breekt of vervormt onder stress. Hierdoor is het ideaal voor producten die duurzaamheid en langdurige prestaties vereisen.<\/p>\n<div class=\"clear\"><\/div>\n<\/div>\n<div class=\"feature-item\">\n<img decoding=\"async\" alt=\"Vormvast - Ultrasuede Microvezel Kunstleer voor fietshandschoenen\" class=\"feature-image right\" src=\"\/wp-content\/uploads\/2025\/08\/07mm-ultrasuede-microfiber-faux-leather-for-cycling-gloves--37883.jpg\"\/><\/p>\n<h3>Niet gemakkelijk te vervormen<\/h3>\n<p>Dit materiaal is speciaal behandeld om zijn oorspronkelijke vorm te behouden en biedt een uitstekende elasticiteit en stabiliteit. Het is bestand tegen vervorming door externe druk of uitrekking, waardoor producten intact en aantrekkelijk blijven na verloop van tijd.<\/p>\n<div class=\"clear\"><\/div>\n<\/div>\n<div class=\"feature-item\">\n<img decoding=\"async\" alt=\"Duurzaamheid - Ultrasuede Microvezel Kunstleer voor fietshandschoenen\" class=\"feature-image left\" src=\"\/wp-content\/uploads\/2025\/08\/07mm-ultrasuede-microfiber-faux-leather-for-cycling-gloves--37884.jpg\"\/><\/p>\n<h3>Duurzaamheid<\/h3>\n<p>Dit materiaal is extreem bestand tegen schuren, scheuren en perforaties en zorgt ervoor dat handschoenen in topconditie blijven, zelfs bij langdurig gebruik. Het behoudt ook uitstekende beweeglijkheid en sterkte voor lederen goederen van hoge kwaliteit.<\/p>\n<div class=\"clear\"><\/div>\n<\/div>\n<\/section>\n<p><\/main><\/p>\n<section id=\"inquiry\">\n<h2 style=\"text-align: center;\">Oprecht Wachten op uw aanvraag!<\/h2>\n<p style=\"text-align: center;\">Neem vandaag nog contact met ons op voor meer informatie over onze producten en om je bestelling te plaatsen.<\/p>\n<\/section>\n\n    <div class=\"xs_social_share_widget xs_share_url after_content \t\tmain_content  wslu-style-1 wslu-share-box-shaped wslu-fill-colored wslu-none wslu-share-horizontal wslu-theme-font-no wslu-main_content\">\n\n\t\t\n        <ul>\n\t\t\t        <\/ul>\n    <\/div>","protected":false},"excerpt":{"rendered":"<div class=\"product-short-description\">Microfiber Su\u00e8de Leer Naadsterkte Synthetische Microfiber Su\u00e8de Leer Stof WINIW Naadsterkte Synthetische Microfiber Su\u00e8de Leer Stof Belangrijkste kenmerken zijn Microfiber Su\u00e8de Leer, WINIW, Breedte.Ideaal voor wie kwaliteit en betrouwbaarheid zoekt.<\/p>\n<p>Als directe fabriek, fabrikant en groothandel kunnen we het productieproces strikt controleren om de kwaliteit van het product te garanderen terwijl we u de meest gunstige prijzen bieden. We hebben geavanceerde productieapparatuur en een professioneel technisch team om aan uw grootschalige orderbehoeften te voldoen en tijdige levering te garanderen.<\/p>\n<\/div>","protected":false},"featured_media":2389,"template":"","meta":[],"product_brand":[],"product_cat":[126],"product_tag":[18420],"class_list":{"0":"post-27910","1":"product","2":"type-product","3":"status-publish","4":"has-post-thumbnail","6":"product_cat-microfiber-suede-leather","7":"product_tag-pink-leather-fabricgrey-leather-fabricgray-leather-fabricreal-leather-fabricsoft-leather-fabricstretch-leather-fabric","9":"first","10":"instock","11":"product-type-simple"},"_links":{"self":[{"href":"https:\/\/www.eco-leather.com\/nl\/wp-json\/wp\/v2\/product\/27910","targetHints":{"allow":["GET"]}}],"collection":[{"href":"https:\/\/www.eco-leather.com\/nl\/wp-json\/wp\/v2\/product"}],"about":[{"href":"https:\/\/www.eco-leather.com\/nl\/wp-json\/wp\/v2\/types\/product"}],"wp:featuredmedia":[{"embeddable":true,"href":"https:\/\/www.eco-leather.com\/nl\/wp-json\/wp\/v2\/media\/2389"}],"wp:attachment":[{"href":"https:\/\/www.eco-leather.com\/nl\/wp-json\/wp\/v2\/media?parent=27910"}],"wp:term":[{"taxonomy":"product_brand","embeddable":true,"href":"https:\/\/www.eco-leather.com\/nl\/wp-json\/wp\/v2\/product_brand?post=27910"},{"taxonomy":"product_cat","embeddable":true,"href":"https:\/\/www.eco-leather.com\/nl\/wp-json\/wp\/v2\/product_cat?post=27910"},{"taxonomy":"product_tag","embeddable":true,"href":"https:\/\/www.eco-leather.com\/nl\/wp-json\/wp\/v2\/product_tag?post=27910"}],"curies":[{"name":"wp","href":"https:\/\/api.w.org\/{rel}","templated":true}]}}