{"id":27899,"date":"2025-09-07T10:49:40","date_gmt":"2025-09-07T02:49:40","guid":{"rendered":"https:\/\/www.eco-leather.com\/product\/0-6mm-exquisite-texture-details-imitation-microfiber-suede-leather\/"},"modified":"2025-09-07T10:49:41","modified_gmt":"2025-09-07T02:49:41","slug":"0-6mm-prachtige-textuur-details-imitatie-microfiber-suede-leer","status":"publish","type":"product","link":"https:\/\/www.eco-leather.com\/nl\/0-6mm-prachtige-textuur-details-imitatie-microfiber-suede-leer\/","title":{"rendered":"0,6 mm prachtige textuur details imitatie microvezel su\u00e8de leer"},"content":{"rendered":"<h2>Imitatie microvezel su\u00e8de stof<\/h2>\n<p><main><\/p>\n<section id=\"product-overview\">\n<h2>Product Beschrijving<\/h2>\n<p>Materiaal <strong>Kunstleer Spandex<\/strong> Inleiding<\/p>\n<p>Onze <strong>Kledingleer Ge\u00efmporteerd<\/strong> materialen bieden aanpasbare opties wat betreft dikte, kleur en meer. Klik hieronder en neem onmiddellijk contact met ons op om de eindeloze mogelijkheden te verkennen.<\/p>\n<p>  contact met ons opnemen  <\/p>\n<p>Onze 0,7 mm Ultrasuede Microfiber Faux Leather is gemaakt van hoogwaardige microvezelmaterialen en is de perfecte keuze voor fietshandschoenen. Het brengt flexibiliteit en sterkte in balans en biedt een uitzonderlijk ademend vermogen en vochtafvoerende eigenschappen om de handen koel en droog te houden tijdens intense ritten.<\/p>\n<p>Of je nu een professionele fietser of een recreatieve fietser bent, Microfiber Leather dit materiaal biedt onovertroffen comfort en bescherming. De hoge weerstand tegen schuren en scheuren zorgt voor langdurige prestaties, terwijl het gestroomlijnde ontwerp een geraffineerde touch toevoegt aan elk fietsensemble.<\/p>\n<\/section>\n<section id=\"specifications\">\n<h2>Technische parameters<\/h2>\n<p>Materiaal <strong>Kunstlederen Dozen China<\/strong> Specificatie<\/p>\n<p><img decoding=\"async\" alt=\"0,7 mm Ultrasu\u00e8de Microvezel Kunstleer voor Fietshandschoenen - Materiaalspecificatie\" class=\"product-image\" src=\"\/wp-content\/uploads\/2025\/08\/07mm-ultrasuede-microfiber-faux-leather-for-cycling-gloves--37881.jpg\"\/><\/p>\n<h3>Productparameters<\/h3>\n<ul class=\"parameters-list\">\n<li><span class=\"param-name\">Materiaal:<\/span> Microvezel + PU<\/li>\n<li><span class=\"param-name\">Kleur:<\/span> Zwart, grijs, beige (aangepaste kleuren beschikbaar)<\/li>\n<li><span class=\"param-name\">Dikte:<\/span> 0,6 mm, 0,7 mm, 0,8 mm, 1 mm<\/li>\n<li><span class=\"param-name\">Minimum bestelhoeveelheid:<\/span> 300 lineaire meter<\/li>\n<li><span class=\"param-name\">Rollengte:<\/span> 20-30m\/rol<\/li>\n<li><span class=\"param-name\">Levertijd:<\/span> 15-20 dagen<\/li>\n<li><span class=\"param-name\">Breedte:<\/span> 54\u2033, 137cm<\/li>\n<li><span class=\"param-name\">Productiecapaciteit:<\/span> 1.000.000 meter per maand<\/li>\n<\/ul>\n<\/section>\n<section id=\"features\">\n<h2>Producteigenschappen<\/h2>\n<div class=\"feature-item\">\n<img decoding=\"async\" alt=\"AsWaterproof Faux Leather Customizea toonaangevende WINIW Bedrijf Fabriek Groothandel Materiaal Manufacturersmanufacturer, wij zijn gespecialiseerd in het produceren van kunstmatige ledersoorten die de zachte touch en rijke esthetiek van natuurlijke materialen weerspiegelen, maar zonder afbreuk te doen aan duurzaamheid of ethische normen.\" class=\"feature-image left\" src=\"\/wp-content\/uploads\/2025\/08\/06mm-exquisite-texture-details-imitation-microfiber-suede-leather-20429.jpg\"\/><\/p>\n<h3>Als <strong>Waterdicht kunstleer aanpassen<\/strong> een toonaangevende WINIW Company Factory Groothandel Materiaal Manufacturersmanufacturer, wij zijn gespecialiseerd in het produceren van kunstmatige ledersoorten die de zachte touch en rijke esthetiek van natuurlijke materialen weerspiegelen, maar zonder afbreuk te doen aan duurzaamheid of ethische normen.<\/h3>\n<p>Als <strong>Waterdicht kunstleer aanpassen<\/strong> een toonaangevende WINIW Company Factory Wholesale Material Manufacturersmanufacturer, zijn we gespecialiseerd in het produceren van kunstleer dat de zachte touch en rijke esthetiek van natuurlijke materialen weerspiegelt, maar zonder afbreuk te doen aan duurzaamheid of ethische normen.<\/p>\n<div class=\"clear\"><\/div>\n<\/div>\n<div class=\"feature-item\">\n<img decoding=\"async\" alt=\"Ideaal voor bulkaankopen en wholesale behoeften, WINIW Company Factory Groothandel Materiaal Manufacturersupplier biedt deze microfiber su\u00e8de leder in verschillende tinten en texturen, catering aan de uiteenlopende eisen van onze gewaardeerde B2B klanten in de lederwarenindustrie \" class=\"feature-image left\" src=\"\/wp-content\/uploads\/2025\/08\/06mm-exquisite-texture-details-imitation-microfiber-suede-leather-20430.jpg\"\/><\/p>\n<h3>Ideaal voor bulkaankopen en wholesale behoeften, WINIW Company Factory Groothandel Materiaal Manufacturersupplier biedt deze microfiber su\u00e8de leder in verschillende tinten en texturen, catering aan de uiteenlopende eisen van onze gewaardeerde B2B klanten in de lederwarenindustrie <\/h3>\n<p>Ideaal voor bulkaankopen en wholesale behoeften, WINIW Company Factory Groothandel Materiaal Manufacturersupplier biedt deze microfiber su\u00e8de leer in verschillende tinten en texturen, catering aan de uiteenlopende eisen van onze gewaardeerde B2B klanten in de lederwarenindustrie.<\/p>\n<div class=\"clear\"><\/div>\n<\/div>\n<div class=\"feature-item\">\n<img decoding=\"async\" alt=\"MateriaalWaterdicht Leer Stof OdmhsasMicrofiber Suede Leer Merknaam WINIW Bedrijf Fabriek Groothandel Materiaal FabrikantenBreedte 54\" class=\"feature-image left\" src=\"\/wp-content\/uploads\/2025\/08\/06mm-exquisite-texture-details-imitation-microfiber-suede-leather-20431.jpg\"\/><\/p>\n<h3>Materiaal <strong>Waterdicht Leer Stof Odmhsas<\/strong> Microfiber Suede Leer Merknaam WINIW Bedrijf Fabriek Groothandel Materiaal FabrikantenBreedte 54\u2033; 1<\/h3>\n<p>Materiaal <strong>Waterdicht Leer Stof Odmhsas<\/strong> Microfiber Su\u00e8de Leer Merknaam WINIW Bedrijf Fabriek Groothandel Materiaal FabrikantenBreedte 54\u2033; 1,37m Kleur Rood, Zwart, Bruin, Groen, accepteren aanpassen Eigenschap Slijtvast, Waterdicht, Anti-Mildew, Flexibel Dikte 0,6 mm-2,4 mm, accepteren aanpassen Plaats van herkomst China Aangepast Ja Levertijd Meestal binnen 15 - 25 dagen.<\/p>\n<div class=\"clear\"><\/div>\n<\/div>\n<div class=\"feature-item\">\n<img decoding=\"async\" alt=\"MOQWaterdicht Leer Materiaal Service300 meter Verpakking Details 30\/50 Meter per Rol\" class=\"feature-image left\" src=\"\/wp-content\/uploads\/2025\/08\/06mm-exquisite-texture-details-imitation-microfiber-suede-leather-20432.jpg\"\/><\/p>\n<h3>MOQ <strong>Waterdichte lederen materiaalservice<\/strong> 300 meter Details verpakking 30\/50 meter per rol<\/h3>\n<p>MOQ <strong>Waterdichte lederen materiaalservice<\/strong> 300 meter Verpakking Details 30\/50 meter per rol. Of aangepast Productiecapaciteit 1.000.000 meter per maand Materiaaleigenschap<\/p>\n<div class=\"clear\"><\/div>\n<\/div>\n<div class=\"feature-item\">\n<img decoding=\"async\" alt=\"Zeer scheurvast - Ultrasu\u00e8de Microvezel Kunstleer voor fietshandschoenen\" class=\"feature-image left\" src=\"\/wp-content\/uploads\/2025\/08\/07mm-ultrasuede-microfiber-faux-leather-for-cycling-gloves--37882.jpg\"\/><\/p>\n<h3>Hoge scheursterkte<\/h3>\n<p>Ons Ultrasuede microvezelleder heeft een uitzonderlijke scheurweerstand, waardoor het niet snel breekt of vervormt onder stress. Hierdoor is het ideaal voor producten die duurzaamheid en langdurige prestaties vereisen.<\/p>\n<div class=\"clear\"><\/div>\n<\/div>\n<div class=\"feature-item\">\n<img decoding=\"async\" alt=\"Vormvast - Ultrasuede Microvezel Kunstleer voor fietshandschoenen\" class=\"feature-image right\" src=\"\/wp-content\/uploads\/2025\/08\/07mm-ultrasuede-microfiber-faux-leather-for-cycling-gloves--37883.jpg\"\/><\/p>\n<h3>Niet gemakkelijk te vervormen<\/h3>\n<p>Dit materiaal is speciaal behandeld om zijn oorspronkelijke vorm te behouden en biedt een uitstekende elasticiteit en stabiliteit. Het is bestand tegen vervorming door externe druk of uitrekking, waardoor producten intact en aantrekkelijk blijven na verloop van tijd.<\/p>\n<div class=\"clear\"><\/div>\n<\/div>\n<div class=\"feature-item\">\n<img decoding=\"async\" alt=\"Duurzaamheid - Ultrasuede Microvezel Kunstleer voor fietshandschoenen\" class=\"feature-image left\" src=\"\/wp-content\/uploads\/2025\/08\/07mm-ultrasuede-microfiber-faux-leather-for-cycling-gloves--37884.jpg\"\/><\/p>\n<h3>Duurzaamheid<\/h3>\n<p>Dit materiaal is extreem bestand tegen schuren, scheuren en perforaties en zorgt ervoor dat handschoenen in topconditie blijven, zelfs bij langdurig gebruik. Het behoudt ook uitstekende beweeglijkheid en sterkte voor lederen goederen van hoge kwaliteit.<\/p>\n<div class=\"clear\"><\/div>\n<\/div>\n<\/section>\n<section id=\"why-choose-us\">\n<h2>Waarom kiezen voor WINIW<\/h2>\n<div class=\"advantage-item\">\n<h3>Exquisite Textuur Details Imitatie Microfiber Suede Leer van WINIW Bedrijf Fabriek Groothandel Materiaal Manufacturersfactory staat als een bewijs van onze inzet voor het leveren van premium-kwaliteit veganistische lederen oplossingen<\/h3>\n<p>Exquisite Textuur Details Imitatie Microfiber Suede Leer van WINIW Bedrijf Fabriek Groothandel Materiaal Manufacturersfactory staat als een bewijs van onze inzet voor het leveren van premium-kwaliteit veganistische lederen oplossingen. Gemaakt met nauwgezette aandacht voor detail, deze synthetische su\u00e8de combineert de elegantie van echt leer met de duurzaamheid van de moderne productie.<\/p>\n<\/div>\n<div class=\"advantage-item\">\n<h3>Kwaliteit<\/h3>\n<p>We implementeren strenge kwaliteitscontroles in de hele productie- en toeleveringsketen en houden ons daarbij aan de ISO9001-normen. Van de selectie van grondstoffen tot de eindinspectie geven we prioriteit aan de belangen van de klant.<\/p>\n<\/div>\n<div class=\"advantage-item\">\n<h3>Professioneel Technisch Team<\/h3>\n<p>Ons gespecialiseerde technische team bestaat uit ervaren professionals op verschillende gebieden, die toegewijd zijn aan het leveren van producten van hoge kwaliteit en oplossingen op maat.<\/p>\n<\/div>\n<div class=\"advantage-item\">\n<h3>Breed scala aan toepassingen<\/h3>\n<p>Onze materialen worden veel gebruikt in schoeisel, kleding, bagage, auto-interieurs, bankmeubelen en nog veel meer.<\/p>\n<\/div>\n<div class=\"advantage-item\">\n<h3>Rijke ervaring<\/h3>\n<p>Quanzhou WINIW Import &amp; Export Co, Ltd heeft meer dan 20 jaar productie-ervaring en biedt perfecte oplossingen voor klanten wereldwijd.<\/p>\n<\/div>\n<div class=\"advantage-item\">\n<h3>Betaalbare prijs<\/h3>\n<p>We bieden concurrerende prijzen en een uitstekende klantenservice. Vraag een catalogus aan of bezoek onze fabriek om onze producten te bekijken.<\/p>\n<\/div>\n<div class=\"advantage-item\">\n<h3>24-uurs online klantenservice<\/h3>\n<p>Ons team is 24\/7 beschikbaar om vragen te beantwoorden en feedback snel te beantwoorden.<\/p>\n<\/div>\n<p><img decoding=\"async\" alt=\"WINIW productiefaciliteit - Ultrasuede Microvezelleder productieproces\" class=\"product-image\" src=\"\/wp-content\/uploads\/2025\/08\/07mm-ultrasuede-microfiber-faux-leather-for-cycling-gloves--37888.jpg\"\/><br \/>\n<\/section>\n<p><\/main><\/p>\n<section id=\"inquiry\">\n<h2 style=\"text-align: center;\">Oprecht Wachten op uw aanvraag!<\/h2>\n<p style=\"text-align: center;\">Neem vandaag nog contact met ons op voor meer informatie over onze producten en om je bestelling te plaatsen.<\/p>\n<\/section>\n\n    <div class=\"xs_social_share_widget xs_share_url after_content \t\tmain_content  wslu-style-1 wslu-share-box-shaped wslu-fill-colored wslu-none wslu-share-horizontal wslu-theme-font-no wslu-main_content\">\n\n\t\t\n        <ul>\n\t\t\t        <\/ul>\n    <\/div>","protected":false},"excerpt":{"rendered":"<div class=\"product-short-description\">Microfiber Su\u00e8de Leer 0,6 mm Exquisite Textuur Details Imitatie Microfiber Su\u00e8de Leer WINIW 0,6 mm Exquisite Textuur Details Imitatie Microfiber Su\u00e8de Leer Belangrijkste kenmerken zijn Microfiber Su\u00e8de Leer, WINIW, Breedte.Ideaal voor wie op zoek is naar kwaliteit en betrouwbaarheid.<\/p>\n<p>Als directe fabriek, fabrikant en groothandel kunnen we het productieproces strikt controleren om de kwaliteit van het product te garanderen terwijl we u de meest gunstige prijzen bieden. We hebben geavanceerde productieapparatuur en een professioneel technisch team om aan uw grootschalige orderbehoeften te voldoen en tijdige levering te garanderen.<\/p>\n<\/div>","protected":false},"featured_media":2365,"template":"","meta":[],"product_brand":[],"product_cat":[126],"product_tag":[18410],"class_list":{"0":"post-27899","1":"product","2":"type-product","3":"status-publish","4":"has-post-thumbnail","6":"product_cat-microfiber-suede-leather","7":"product_tag-microfiber-vs-suedemicrofiber-suede-couchesmicrofiber-suede-clothmicrofiber-suede-clothsmicrofiber-suede-blazermicrofiber-suede-cleaner","9":"first","10":"instock","11":"product-type-simple"},"_links":{"self":[{"href":"https:\/\/www.eco-leather.com\/nl\/wp-json\/wp\/v2\/product\/27899","targetHints":{"allow":["GET"]}}],"collection":[{"href":"https:\/\/www.eco-leather.com\/nl\/wp-json\/wp\/v2\/product"}],"about":[{"href":"https:\/\/www.eco-leather.com\/nl\/wp-json\/wp\/v2\/types\/product"}],"wp:featuredmedia":[{"embeddable":true,"href":"https:\/\/www.eco-leather.com\/nl\/wp-json\/wp\/v2\/media\/2365"}],"wp:attachment":[{"href":"https:\/\/www.eco-leather.com\/nl\/wp-json\/wp\/v2\/media?parent=27899"}],"wp:term":[{"taxonomy":"product_brand","embeddable":true,"href":"https:\/\/www.eco-leather.com\/nl\/wp-json\/wp\/v2\/product_brand?post=27899"},{"taxonomy":"product_cat","embeddable":true,"href":"https:\/\/www.eco-leather.com\/nl\/wp-json\/wp\/v2\/product_cat?post=27899"},{"taxonomy":"product_tag","embeddable":true,"href":"https:\/\/www.eco-leather.com\/nl\/wp-json\/wp\/v2\/product_tag?post=27899"}],"curies":[{"name":"wp","href":"https:\/\/api.w.org\/{rel}","templated":true}]}}