{"id":30107,"date":"2025-10-21T11:46:59","date_gmt":"2025-10-21T03:46:59","guid":{"rendered":"https:\/\/www.eco-leather.com\/?post_type=product&#038;p=30107"},"modified":"2025-10-21T11:50:05","modified_gmt":"2025-10-21T03:50:05","slug":"ultra-wear-resistant-microfiber-leather-material-for-working-shoes","status":"publish","type":"product","link":"https:\/\/www.eco-leather.com\/fr\/ultra-wear-resistant-microfiber-leather-material-for-working-shoes\/","title":{"rendered":"Ultra-wear Resistant Microfiber Leather Material For Working Shoes"},"content":{"rendered":"<p style=\"text-align: center;\"><span style=\"font-size: 40px; font-family: georgia, palatino, serif; color: #c49060;\"><em><strong><b><span style=\"vertical-align: inherit;\"><span style=\"font-size: 40px;\">produit de<\/span>description<\/span><\/b><\/strong><\/em><\/span><\/p>\n<hr \/>\n<div>\n<div class=\"ace-line\" dir=\"auto\" data-node=\"true\">\n<div class=\"ace-line\" dir=\"auto\" data-node=\"true\">\n<div class=\"ace-line\" dir=\"auto\" data-node=\"true\">\n<div class=\"ace-line\" dir=\"auto\" data-node=\"true\">\n<p>&nbsp;<\/p>\n<p class=\"ds-markdown-paragraph\">WINIW\u2019s Ultra-wear Resistant Microfiber Leather Material is specifically designed to meet the rigorous demands of working shoes. Engineered with advanced fiber bonding technology, this material boasts exceptional abrasion resistance, outperforming traditional leather in high-wear scenarios. It can withstand frequent friction from rough surfaces, such as concrete floors or construction sites, maintaining its appearance and structural integrity for an extended lifespan.<\/p>\n<p class=\"ds-markdown-paragraph\">The material also retains flexibility, ensuring working shoes remain comfortable without cracking over time. As a trusted manufacturer, WINIW ensures this leather material undergoes rigorous testing, guaranteeing consistent wear resistance for various work environments, from factories to outdoor job sites.<\/p>\n<\/div>\n<\/div>\n<\/div>\n<\/div>\n<p class=\"wmn-title-pink\" style=\"text-align: center;\"><span style=\"color: #c49060;\"><span style=\"background-color: #ffffff; font-size: 40px;\"><strong><em><span style=\"vertical-align: inherit;\">par<\/span><\/em><\/strong><\/span><span style=\"background-color: #ffffff; font-size: 40px;\"><strong><em><span style=\"vertical-align: inherit;\">am\u00e8tre<\/span><\/em><\/strong><\/span><\/span><\/p>\n<hr \/>\n<\/div>\n<div class=\"nei-table\">\n<p>&nbsp;<\/p>\n<table class=\"aligncenter\" style=\"height: 283px;\" width=\"1008\">\n<tbody>\n<tr>\n<td><span style=\"font-family: arial, helvetica, sans-serif; font-size: 20px;\"><span style=\"vertical-align: inherit;\">Mat\u00e9riau :<\/span><\/span><\/td>\n<td><span style=\"font-family: arial, helvetica, sans-serif; font-size: 20px;\">100% mati\u00e8re synth\u00e9tique, respectueuse des animaux, non cuir.<\/span><\/td>\n<td><span style=\"font-family: arial, helvetica, sans-serif; font-size: 20px;\"><span style=\"vertical-align: inherit;\">couleur :<\/span><\/span><\/td>\n<td><span style=\"font-family: arial, helvetica, sans-serif; font-size: 20px;\">personnaliser les couleurs.<\/span><\/td>\n<\/tr>\n<tr>\n<td><span style=\"font-family: arial, helvetica, sans-serif; font-size: 20px;\"><span style=\"vertical-align: inherit;\">\u00c9paisseur\uff1a<\/span><\/span><\/td>\n<td><span style=\"font-family: arial, helvetica, sans-serif; font-size: 20px;\">0.4mm-0.6mm ou sur mesure Epaisseur.<\/span><\/td>\n<td><span style=\"font-family: arial, helvetica, sans-serif; font-size: 20px;\"><span style=\"vertical-align: inherit;\">Quantit\u00e9 minimale de commande :<\/span><\/span><\/td>\n<td><span style=\"font-family: arial, helvetica, sans-serif; font-size: 20px;\"><span style=\"vertical-align: inherit;\">300 m\u00e8tres lin\u00e9aires.<\/span><\/span><\/td>\n<\/tr>\n<tr>\n<td><span style=\"font-family: arial, helvetica, sans-serif; font-size: 20px;\"><span style=\"vertical-align: inherit;\">Roll Len<span style=\"font-family: arial, helvetica, sans-serif;\">gth :<\/span><\/span><\/span><\/td>\n<td><span style=\"font-family: arial, helvetica, sans-serif; font-size: 20px;\">20-30m\/rouleau<\/span><\/td>\n<td><span style=\"font-family: arial, helvetica, sans-serif; font-size: 20px;\"><span style=\"vertical-align: inherit;\">d\u00e9lai de livraison :<\/span><\/span><\/td>\n<td><span style=\"font-family: arial, helvetica, sans-serif; font-size: 20px;\"><span style=\"vertical-align: inherit;\">15-20 jours.<\/span><\/span><\/td>\n<\/tr>\n<tr>\n<td><span style=\"font-family: arial, helvetica, sans-serif; font-size: 20px;\"><span style=\"vertical-align: inherit;\">largeur :<\/span><\/span><\/td>\n<td><span style=\"font-family: arial, helvetica, sans-serif; font-size: 20px;\">54\", 137cm<\/span><\/td>\n<td><span style=\"font-family: arial, helvetica, sans-serif; font-size: 20px;\"><span style=\"vertical-align: inherit;\">Capacit\u00e9 de production :<\/span><\/span><\/td>\n<td><span style=\"font-family: arial, helvetica, sans-serif; font-size: 20px;\"><span style=\"vertical-align: inherit;\">1 000 000 m\u00e8tres par mois.<\/span><\/span><\/td>\n<\/tr>\n<\/tbody>\n<\/table>\n<\/div>\n<div>\n<p style=\"text-align: center;\"><span style=\"font-size: 40px; color: #c49060;\"><em><strong><b><span style=\"vertical-align: inherit;\">D\u00e9tails et caract\u00e9ristiques du produit<\/span><\/b><\/strong><\/em><\/span><\/p>\n<hr \/>\n<\/div>\n<div class=\"wmn-template-17\">\n<div class=\"ace-line list-div\" dir=\"auto\" data-node=\"true\"><\/div>\n<div class=\"ace-line list-div\" dir=\"auto\" data-node=\"true\">\n<div class=\"ace-line list-div\" dir=\"auto\" data-node=\"true\">\n<div class=\"ace-line list-div\" dir=\"auto\" data-node=\"true\">\n<div class=\"ace-line list-div\" dir=\"auto\" data-node=\"true\">\n<div class=\"ace-line list-div\" dir=\"auto\" data-node=\"true\">\n<div class=\"ace-line list-div\" dir=\"auto\" data-node=\"true\"><\/div>\n<div class=\"ace-line list-div\" dir=\"auto\" data-node=\"true\">\n<div class=\"ace-line list-div\" dir=\"auto\" data-node=\"true\">\n<ul class=\"list-bullet1 r-list r-list-bullet\">\n<li><span data-leaf=\"true\"><span class=\"lb\">Exceptional Abrasion Resistance<\/span><\/span><span data-leaf=\"true\"><span class=\"lb\">: Built with reinforced microfibers, it resists scuffs and tears even in high-friction work settings, extending the life of working shoes.<\/span><\/span><span data-string=\"true\" data-enter=\"true\" data-leaf=\"true\">\u200b<\/span><\/li>\n<\/ul>\n<\/div>\n<div class=\"ace-line list-div\" dir=\"auto\" data-node=\"true\">\n<ul class=\"list-bullet1 r-list r-list-bullet\">\n<li><span data-leaf=\"true\"><span class=\"lb\">Long-Lasting Flexibility<\/span><\/span><span data-leaf=\"true\"><span class=\"lb\">: Maintains its suppleness after repeated use, preventing the material from becoming stiff or cracking, which ensures long-term comfort for workers.<\/span><\/span><span data-string=\"true\" data-enter=\"true\" data-leaf=\"true\">\u200b<\/span><\/li>\n<\/ul>\n<\/div>\n<div class=\"ace-line list-div\" dir=\"auto\" data-node=\"true\">\n<ul class=\"list-bullet1 r-list r-list-bullet\">\n<li><span data-leaf=\"true\"><span class=\"lb\">Stable Performance Across Environments<\/span><\/span><span data-leaf=\"true\"><span class=\"lb\">: Performs well in both dry and slightly damp conditions, making it suitable for diverse workplaces, including warehouses and construction zones.<\/span><\/span><\/li>\n<\/ul>\n<\/div>\n<\/div>\n<\/div>\n<\/div>\n<\/div>\n<\/div>\n<\/div>\n<p class=\"wmn-title-pink\" style=\"text-align: center;\"><span style=\"font-size: 40px; color: #c49060;\"><em><strong><span style=\"vertical-align: inherit;\"> utilisation<\/span><\/strong><\/em><\/span><\/p>\n<hr \/>\n<\/div>\n<p>&nbsp;<\/p>\n<p><img fetchpriority=\"high\" decoding=\"async\" class=\"wp-image-29983 aligncenter\" src=\"https:\/\/www.eco-leather.com\/wp-content\/uploads\/2025\/10\/Microfiber-Leather-for-Safety-Shoes-2-238x300.jpg\" alt=\"\" width=\"608\" height=\"766\" srcset=\"https:\/\/www.eco-leather.com\/wp-content\/uploads\/2025\/10\/Microfiber-Leather-for-Safety-Shoes-2-238x300.jpg 238w, https:\/\/www.eco-leather.com\/wp-content\/uploads\/2025\/10\/Microfiber-Leather-for-Safety-Shoes-2-10x12.jpg 10w, https:\/\/www.eco-leather.com\/wp-content\/uploads\/2025\/10\/Microfiber-Leather-for-Safety-Shoes-2-600x757.jpg 600w, https:\/\/www.eco-leather.com\/wp-content\/uploads\/2025\/10\/Microfiber-Leather-for-Safety-Shoes-2.jpg 750w\" sizes=\"(max-width: 608px) 100vw, 608px\" \/> <img decoding=\"async\" class=\"wp-image-29984 aligncenter\" src=\"https:\/\/www.eco-leather.com\/wp-content\/uploads\/2025\/10\/Microfiber-Leather-for-Safety-Shoes-3-218x300.jpg\" alt=\"\" width=\"610\" height=\"839\" srcset=\"https:\/\/www.eco-leather.com\/wp-content\/uploads\/2025\/10\/Microfiber-Leather-for-Safety-Shoes-3-218x300.jpg 218w, https:\/\/www.eco-leather.com\/wp-content\/uploads\/2025\/10\/Microfiber-Leather-for-Safety-Shoes-3-745x1024.jpg 745w, https:\/\/www.eco-leather.com\/wp-content\/uploads\/2025\/10\/Microfiber-Leather-for-Safety-Shoes-3-9x12.jpg 9w, https:\/\/www.eco-leather.com\/wp-content\/uploads\/2025\/10\/Microfiber-Leather-for-Safety-Shoes-3-600x825.jpg 600w, https:\/\/www.eco-leather.com\/wp-content\/uploads\/2025\/10\/Microfiber-Leather-for-Safety-Shoes-3.jpg 750w\" sizes=\"(max-width: 610px) 100vw, 610px\" \/> <img decoding=\"async\" class=\"wp-image-29987 aligncenter\" src=\"https:\/\/www.eco-leather.com\/wp-content\/uploads\/2025\/10\/Microfiber-Leather-for-Safety-Shoes-12-270x300.jpg\" alt=\"\" width=\"611\" height=\"679\" srcset=\"https:\/\/www.eco-leather.com\/wp-content\/uploads\/2025\/10\/Microfiber-Leather-for-Safety-Shoes-12-270x300.jpg 270w, https:\/\/www.eco-leather.com\/wp-content\/uploads\/2025\/10\/Microfiber-Leather-for-Safety-Shoes-12-11x12.jpg 11w, https:\/\/www.eco-leather.com\/wp-content\/uploads\/2025\/10\/Microfiber-Leather-for-Safety-Shoes-12-600x666.jpg 600w, https:\/\/www.eco-leather.com\/wp-content\/uploads\/2025\/10\/Microfiber-Leather-for-Safety-Shoes-12.jpg 750w\" sizes=\"(max-width: 611px) 100vw, 611px\" \/> <img loading=\"lazy\" decoding=\"async\" class=\"wp-image-29986 aligncenter\" src=\"https:\/\/www.eco-leather.com\/wp-content\/uploads\/2025\/10\/Microfiber-Leather-for-Safety-Shoes-7-187x300.jpg\" alt=\"\" width=\"614\" height=\"985\" srcset=\"https:\/\/www.eco-leather.com\/wp-content\/uploads\/2025\/10\/Microfiber-Leather-for-Safety-Shoes-7-187x300.jpg 187w, https:\/\/www.eco-leather.com\/wp-content\/uploads\/2025\/10\/Microfiber-Leather-for-Safety-Shoes-7-639x1024.jpg 639w, https:\/\/www.eco-leather.com\/wp-content\/uploads\/2025\/10\/Microfiber-Leather-for-Safety-Shoes-7-7x12.jpg 7w, https:\/\/www.eco-leather.com\/wp-content\/uploads\/2025\/10\/Microfiber-Leather-for-Safety-Shoes-7-600x962.jpg 600w, https:\/\/www.eco-leather.com\/wp-content\/uploads\/2025\/10\/Microfiber-Leather-for-Safety-Shoes-7.jpg 750w\" sizes=\"(max-width: 614px) 100vw, 614px\" \/><\/p>\n<p>&nbsp;<\/p>\n<p>&nbsp;<\/p>\n<p style=\"text-align: center;\"><a href=\"https:\/\/www.synthetic-leather.com\/product-category\/product\/\" target=\"_blank\" rel=\"noopener\"><span style=\"font-family: arial, helvetica, sans-serif; font-size: 20px; color: #0000ff;\"><strong>De nombreuses autres couleurs personnalis\u00e9es attendent votre demande !<\/strong><\/span><\/a><\/p>\n<p>&nbsp;<\/p>\n<p style=\"text-align: center;\"><span style=\"color: #c49060;\"><em><span style=\"font-size: 40px;\"><strong><b><span style=\"vertical-align: inherit;\">Pourquoi choisir WINIW<\/span><\/b><\/strong><\/span><\/em><\/span><\/p>\n<hr \/>\n<p style=\"text-align: center;\"><span style=\"font-family: arial, helvetica, sans-serif; font-size: 20px; color: #ff6600;\"><strong>WINIW S\u00e9rie SK cuir v\u00e9g\u00e9talien pour si\u00e8ge int\u00e9rieur de voiture Fabricant\u00a0<\/strong><\/span><\/p>\n<p>&nbsp;<\/p>\n<p id=\"\"><span style=\"font-family: arial, helvetica, sans-serif;\">WINIW est sp\u00e9cialis\u00e9 dans le d\u00e9veloppement et la production de cuir v\u00e9g\u00e9tal respectueux de l'environnement et s'engage \u00e0 fournir des solutions durables de haute qualit\u00e9 et \u00e0 faible \u00e9mission de COV pour l'industrie de l'int\u00e9rieur automobile. Notre cuir de la s\u00e9rie SK a gagn\u00e9 la confiance de nombreux constructeurs automobiles haut de gamme dans le monde entier gr\u00e2ce \u00e0 ses performances environnementales et \u00e0 sa durabilit\u00e9 exceptionnelles.<\/span><\/p>\n<p><span style=\"font-family: arial, helvetica, sans-serif; color: #0000ff;\"><strong><b>Assurance qualit\u00e9<\/b><\/strong><\/span><\/p>\n<p><span style=\"font-family: arial, helvetica, sans-serif;\">Afin de garantir la qualit\u00e9 de nos produits, nous avons adopt\u00e9 des mesures strictes de contr\u00f4le de la qualit\u00e9 et une gestion compl\u00e8te de notre production et de notre cha\u00eene d'approvisionnement. De l'acquisition des mati\u00e8res premi\u00e8res \u00e0 la surveillance du processus de production, en passant par les essais et l'inspection des produits, nous nous concentrons toujours sur les int\u00e9r\u00eats de nos clients et travaillons en stricte conformit\u00e9 avec les exigences du syst\u00e8me de gestion de la qualit\u00e9 ISO9001.<\/span><\/p>\n<p><span style=\"font-family: arial, helvetica, sans-serif; color: #0000ff;\"><strong><b>\u00c9quipe technique professionnelle<\/b><\/strong><\/span><\/p>\n<p><span style=\"font-family: arial, helvetica, sans-serif;\">WINIW dispose d'une \u00e9quipe technique sp\u00e9cialis\u00e9e dont l'objectif est de fournir des produits et des services de haute qualit\u00e9. Cette \u00e9quipe technique est compos\u00e9e de professionnels exp\u00e9riment\u00e9s, sp\u00e9cialis\u00e9s dans divers domaines techniques et capables de r\u00e9pondre aux besoins de nos clients.<\/span><\/p>\n<p><span style=\"font-family: arial, helvetica, sans-serif; color: #0000ff;\"><strong><b>Large \u00e9ventail d'applications<\/b><\/strong><\/span><\/p>\n<p><span style=\"font-family: arial, helvetica, sans-serif;\">Les produits sont largement utilis\u00e9s dans les chaussures, les v\u00eatements, les bagages, les int\u00e9rieurs automobiles, les canap\u00e9s et d'autres domaines.<\/span><\/p>\n<p><span style=\"font-family: arial, helvetica, sans-serif; color: #0000ff;\"><strong><b>Services personnalis\u00e9s<\/b><\/strong><\/span><\/p>\n<p><span style=\"font-family: arial, helvetica, sans-serif;\">Les services personnalis\u00e9s de WINIW sont adapt\u00e9s aux besoins sp\u00e9cifiques de ses clients. Cette approche garantit que chaque client re\u00e7oit des solutions adapt\u00e9es \u00e0 ses besoins et \u00e0 sa situation sp\u00e9cifiques. En concevant des solutions de cette mani\u00e8re, WINIW est en mesure de fournir des solutions rentables qui apportent une valeur maximale \u00e0 ses clients.<\/span><\/p>\n<p>&nbsp;<\/p>\n<p>&nbsp;<\/p>\n<p><img loading=\"lazy\" decoding=\"async\" class=\"aligncenter\" style=\"height: 803px; width: 803px;\" title=\"WINIW Microfieber Leather Manufacture\" src=\"https:\/\/img.waimaoniu.net\/3820\/3820-202312251058461571.jpg\" alt=\"Tissu en cuir PVC\" width=\"803\" height=\"1200\" border=\"0\" vspace=\"0\" \/><\/p>\n<p style=\"text-align: center;\"><span style=\"font-size: 25px; color: #666464;\"><strong><span style=\"font-family: arial, helvetica, sans-serif;\"><span style=\"vertical-align: inherit;\">Livraison rapide et capacit\u00e9 de production \u00e9lev\u00e9e<\/span><\/span><\/strong><\/span><\/p>\n<p style=\"text-align: center;\"><span style=\"font-size: 25px; color: #666464;\"><strong><span style=\"font-family: arial, helvetica, sans-serif;\"><span style=\"vertical-align: inherit;\">Qualit\u00e9 stable<\/span><\/span><\/strong><\/span><\/p>\n<p style=\"text-align: center;\"><span style=\"font-size: 25px; color: #666464;\"><strong><span style=\"font-family: arial, helvetica, sans-serif;\"><span style=\"vertical-align: inherit;\">service professionnel<\/span><\/span><\/strong><\/span><\/p>\n<p>&nbsp;<\/p>\n<p>&nbsp;<\/p>\n<div>\n<p class=\"wmn-title-pink\" style=\"text-align: center;\"><span style=\"color: #c49060;\"><em><span style=\"font-size: 40px;\"><strong><span style=\"vertical-align: inherit;\">FAQ<\/span><\/strong><\/span><\/em><\/span><\/p>\n<hr \/>\n<\/div>\n<p style=\"text-align: center;\">Q:Qu'en est-il de votre service ?<\/p>\n<p style=\"text-align: center;\">R : Nous disposons d'un groupe de vendeurs de haut niveau qui vous offrent un service professionnel, exp\u00e9riment\u00e9 et sinc\u00e8re.<\/p>\n<p style=\"text-align: center;\">Q:Quel est le prix du cuir microfibre que vous vendez ? Pouvons-nous b\u00e9n\u00e9ficier d'une remise ?<\/p>\n<p style=\"text-align: center;\">R : Cela d\u00e9pend de l'\u00e9paisseur, des couleurs, de la quantit\u00e9, du d\u00e9lai de commande, etc. Veuillez nous indiquer vos besoins en d\u00e9tail, nous pourrons alors vous donner un prix g\u00e9n\u00e9ral \u00e0 titre de r\u00e9f\u00e9rence. Les prix peuvent \u00eatre plus int\u00e9ressants si la quantit\u00e9 achet\u00e9e est plus importante.<\/p>\n<p style=\"text-align: center;\">Q:Comment contr\u00f4lez-vous la qualit\u00e9 des produits ?<\/p>\n<p style=\"text-align: center;\">R : Nous disposons d'une \u00e9quipe de contr\u00f4le qualit\u00e9 professionnelle \u00e0 chaque \u00e9tape, qui contr\u00f4le parfaitement la qualit\u00e9 de vos produits tout au long de la production de masse et jusqu'\u00e0 l'exp\u00e9dition. En outre, nous disposons d'un personnel tr\u00e8s responsable<\/p>\n<p style=\"text-align: center;\">Nous pouvons effectuer des inspections pour vous<\/p>\n<p>&nbsp;<\/p>\n<div style=\"color: #333333; font-family: Georgia, 'Times New Roman', 'Bitstream Charter', Times, serif;\">\n<p style=\"text-align: center;\"><span style=\"font-size: 30px; color: #c49060;\"><strong><span style=\"vertical-align: inherit;\">Nous attendons avec impatience votre demande de renseignements !<\/span><\/strong><\/span><\/p>\n<\/div>\n<p>&nbsp;<\/p>\n\n    <div class=\"xs_social_share_widget xs_share_url after_content \t\tmain_content  wslu-style-1 wslu-share-box-shaped wslu-fill-colored wslu-none wslu-share-horizontal wslu-theme-font-no wslu-main_content\">\n\n\t\t\n        <ul>\n\t\t\t        <\/ul>\n    <\/div>","protected":false},"excerpt":{"rendered":"<p>WINIW\u2019s Ultra-wear Resistant Microfiber Leather Material is specifically designed to meet the rigorous demands of working shoes. Engineered with advanced fiber bonding technology, this material boasts exceptional abrasion resistance, outperforming traditional leather in high-wear scenarios.<\/p>","protected":false},"featured_media":30109,"template":"","meta":[],"product_brand":[],"product_cat":[111,293,204],"product_tag":[19375],"class_list":{"0":"post-30107","1":"product","2":"type-product","3":"status-publish","4":"has-post-thumbnail","6":"product_cat-microfiber-leather","7":"product_cat-products","8":"product_cat-shoe-leather","9":"product_tag-shoes-leather","11":"first","12":"instock","13":"shipping-taxable","14":"product-type-simple"},"_links":{"self":[{"href":"https:\/\/www.eco-leather.com\/fr\/wp-json\/wp\/v2\/product\/30107","targetHints":{"allow":["GET"]}}],"collection":[{"href":"https:\/\/www.eco-leather.com\/fr\/wp-json\/wp\/v2\/product"}],"about":[{"href":"https:\/\/www.eco-leather.com\/fr\/wp-json\/wp\/v2\/types\/product"}],"wp:featuredmedia":[{"embeddable":true,"href":"https:\/\/www.eco-leather.com\/fr\/wp-json\/wp\/v2\/media\/30109"}],"wp:attachment":[{"href":"https:\/\/www.eco-leather.com\/fr\/wp-json\/wp\/v2\/media?parent=30107"}],"wp:term":[{"taxonomy":"product_brand","embeddable":true,"href":"https:\/\/www.eco-leather.com\/fr\/wp-json\/wp\/v2\/product_brand?post=30107"},{"taxonomy":"product_cat","embeddable":true,"href":"https:\/\/www.eco-leather.com\/fr\/wp-json\/wp\/v2\/product_cat?post=30107"},{"taxonomy":"product_tag","embeddable":true,"href":"https:\/\/www.eco-leather.com\/fr\/wp-json\/wp\/v2\/product_tag?post=30107"}],"curies":[{"name":"wp","href":"https:\/\/api.w.org\/{rel}","templated":true}]}}