{"id":29793,"date":"2025-09-07T11:06:33","date_gmt":"2025-09-07T03:06:33","guid":{"rendered":"https:\/\/www.eco-leather.com\/product\/0-7mm-synthetic-ultra-suede-leather-material-for-making-safety-gloves\/"},"modified":"2025-09-07T11:06:39","modified_gmt":"2025-09-07T03:06:39","slug":"0-7mm-cuir-synthetique-ultra-daim-pour-la-fabrication-de-gants-de-securite","status":"publish","type":"product","link":"https:\/\/www.eco-leather.com\/fr\/0-7mm-cuir-synthetique-ultra-daim-pour-la-fabrication-de-gants-de-securite\/","title":{"rendered":"Gants de s\u00e9curit\u00e9 en cuir ultra-su\u00e9dois synth\u00e9tique de 0,7 mm"},"content":{"rendered":"<h2>Gants de s\u00e9curit\u00e9 en cuir ultra-su\u00e9dois synth\u00e9tique de 0,7 mm d\u00e9tails<\/h2>\n<p><main><\/p>\n<section id=\"product-overview\">\n<h2>Description du produit<\/h2>\n<p>produit <strong>Semelle en faux cuir<\/strong> description<\/p>\n<p>Synth\u00e9tique <strong>Robe blanche en tissu Meesho<\/strong> Gants de s\u00e9curit\u00e9 en cuir ultra-su\u00e9d\u00e9 La solution ultime pour la protection des mains La s\u00e9curit\u00e9 est une priorit\u00e9 absolue dans tous les domaines qui n\u00e9cessitent une protection des mains.<\/p>\n<p>C'est pourquoi nous vous pr\u00e9sentons notre cuir synth\u00e9tique ultra-su\u00e8de haut de gamme pour les gants de s\u00e9curit\u00e9. Notre <strong>Automobile Si\u00e8ges en cuir Chien d'assistance<\/strong> Le mat\u00e9riau de 0,7 mm d'\u00e9paisseur est la solution parfaite pour assurer une protection optimale de vos mains.<\/p>\n<p>Outre sa protection imbattable, notre mat\u00e9riau en cuir synth\u00e9tique ultra-su\u00e8de est \u00e9galement tr\u00e8s agr\u00e9able \u00e0 porter. Son toucher doux et souple offre une excellente dext\u00e9rit\u00e9 et permet \u00e0 vos mains de se sentir \u00e0 l'aise.<\/p>\n<p>Fabriqu\u00e9 \u00e0 partir de mat\u00e9riaux en microfibre de haute qualit\u00e9, notre similicuir en microfibre Ultrasuede de 0,7 mm est le choix id\u00e9al pour les gants de cyclisme. Il allie souplesse et r\u00e9sistance, et offre des propri\u00e9t\u00e9s exceptionnelles de respirabilit\u00e9 et d'\u00e9vacuation de l'humidit\u00e9 pour garder les mains au frais et au sec pendant les sorties intenses.<\/p>\n<p>Que vous soyez un cycliste professionnel ou amateur, le cuir microfibre est un mat\u00e9riau qui offre un confort et une protection imbattables. Sa grande r\u00e9sistance \u00e0 l'abrasion et aux d\u00e9chirures garantit des performances durables, tandis que son design \u00e9l\u00e9gant ajoute une touche sophistiqu\u00e9e \u00e0 tout ensemble de cyclisme.<\/p>\n<\/section>\n<section id=\"specifications\">\n<h2>Param\u00e8tres techniques<\/h2>\n<ul class_=\"parameters-list\">\n<li><span class=\"param-name\">param\u00e8tre <strong>Bo\u00eetes en simili cuir Chine<\/strong> Mat\u00e9riau :<\/span> microfibre + PU. couleur : Noir, Gris, Beige. Epaisseur : 0,6mm, 0,7mm, 0,8mm, 1mm.<\/li>\n<li><span class=\"param-name\">Quantit\u00e9 minimale de commande :<\/span> 300 m\u00e8tres lin\u00e9aires. Longueur du rouleau : 20-30m\/rouleau D\u00e9lai de livraison : 15-20 jours Largeur : 54 , 137cm Capacit\u00e9 de production : 1.000.000 m\u00e8tres par mois.<\/li>\n<\/ul>\n<p><img decoding=\"async\" alt=\"0.7mm Ultrasuede Microfiber Faux cuir pour gants de cyclisme - Sp\u00e9cification des mat\u00e9riaux\" class=\"product-image\" src=\"\/wp-content\/uploads\/2025\/08\/07mm-ultrasuede-microfiber-faux-leather-for-cycling-gloves--37881.jpg\"\/><\/p>\n<h3>Param\u00e8tres du produit<\/h3>\n<ul class=\"parameters-list\">\n<li><span class=\"param-name\">Mat\u00e9riau :<\/span> Microfibre + PU<\/li>\n<li><span class=\"param-name\">Couleur :<\/span> Noir, Gris, Beige (couleurs personnalis\u00e9es disponibles)<\/li>\n<li><span class=\"param-name\">\u00c9paisseur :<\/span> 0,6 mm, 0,7 mm, 0,8 mm, 1 mm<\/li>\n<li><span class=\"param-name\">Quantit\u00e9 minimale de commande :<\/span> 300 m\u00e8tres lin\u00e9aires<\/li>\n<li><span class=\"param-name\">Longueur du rouleau :<\/span> 20-30m\/rouleau<\/li>\n<li><span class=\"param-name\">D\u00e9lai de livraison :<\/span> 15-20 jours<\/li>\n<li><span class=\"param-name\">Largeur :<\/span> 54\u2033, 137cm<\/li>\n<li><span class=\"param-name\">Capacit\u00e9 de production :<\/span> 1 000 000 m\u00e8tres par mois<\/li>\n<\/ul>\n<\/section>\n<section id=\"features\">\n<h2>Caract\u00e9ristiques du produit<\/h2>\n<div class=\"feature-item\">\n<img decoding=\"async\" alt=\"Notre spray imperm\u00e9able en cuir su\u00e9d\u00e9 Le cuir synth\u00e9tique ultra-su\u00e9d\u00e9 offre une durabilit\u00e9 in\u00e9gal\u00e9e, une r\u00e9sistance \u00e0 la perforation et une excellente adh\u00e9rence pour garder vos mains \u00e0 l&#039;abri des produits chimiques nocifs et des ar\u00eates tranchantes.\" class=\"feature-image left\" src=\"\/wp-content\/uploads\/2025\/08\/07mm-synthetic-ultra-suede-leather-material-for-making-safety-gloves--37826.jpg\"\/><\/p>\n<h3>Notre <strong>Spray imperm\u00e9able pour daim et cuir<\/strong> le cuir synth\u00e9tique ultra-su\u00e8de offre une durabilit\u00e9 in\u00e9gal\u00e9e, une r\u00e9sistance \u00e0 la perforation et une excellente adh\u00e9rence pour prot\u00e9ger vos mains des produits chimiques nocifs et des ar\u00eates tranchantes<\/h3>\n<p>Notre <strong>Spray imperm\u00e9able pour daim et cuir<\/strong> Le cuir synth\u00e9tique ultra-su\u00e8de offre une durabilit\u00e9 in\u00e9gal\u00e9e, une r\u00e9sistance \u00e0 la perforation et une excellente adh\u00e9rence pour prot\u00e9ger vos mains des produits chimiques nocifs et des ar\u00eates tranchantes.<\/p>\n<div class=\"clear\"><\/div>\n<\/div>\n<div class=\"feature-item\">\n<img decoding=\"async\" alt=\"Le mat\u00e9riau cr\u00e9e une barri\u00e8re entre votre peau et l&#039;environnement dangereux, ce qui vous permet de travailler de mani\u00e8re efficace et productive.\" class=\"feature-image left\" src=\"\/wp-content\/uploads\/2025\/08\/07mm-synthetic-ultra-suede-leather-material-for-making-safety-gloves--37827.jpg\"\/><\/p>\n<h3>Le mat\u00e9riau cr\u00e9e une barri\u00e8re entre votre peau et l'environnement dangereux, ce qui vous permet de travailler de mani\u00e8re efficace et productive.<\/h3>\n<p>Le mat\u00e9riau cr\u00e9e une barri\u00e8re entre votre peau et l'environnement dangereux, ce qui vous permet de travailler de mani\u00e8re efficace et productive. Nos produits <strong>Mat\u00e9riau en cuir imperm\u00e9able Service<\/strong> Le cuir synth\u00e9tique ultra-su\u00e8de est tr\u00e8s polyvalent et convient parfaitement \u00e0 un large \u00e9ventail de contextes, notamment les chantiers de construction, les laboratoires, la fabrication automobile, la soudure et bien d'autres encore.<\/p>\n<div class=\"clear\"><\/div>\n<\/div>\n<div class=\"feature-item\">\n<img decoding=\"async\" alt=\"Son excellente r\u00e9sistance \u00e0 la chaleur et sa durabilit\u00e9 en font un produit id\u00e9al pour les applications exigeantes o\u00f9 la s\u00e9curit\u00e9 des mains est primordiale.\" class=\"feature-image left\" src=\"\/wp-content\/uploads\/2025\/08\/07mm-synthetic-ultra-suede-leather-material-for-making-safety-gloves--37828.jpg\"\/><\/p>\n<h3>Son excellente r\u00e9sistance \u00e0 la chaleur et sa durabilit\u00e9 en font un produit id\u00e9al pour les applications exigeantes o\u00f9 la s\u00e9curit\u00e9 des mains est primordiale.<\/h3>\n<p>Son excellente r\u00e9sistance \u00e0 la chaleur et sa durabilit\u00e9 en font un produit id\u00e9al pour les applications exigeantes o\u00f9 la s\u00e9curit\u00e9 des mains est primordiale.<\/p>\n<div class=\"clear\"><\/div>\n<\/div>\n<div class=\"feature-item\">\n<img decoding=\"async\" alt=\"Haute r\u00e9sistance \u00e0 la d\u00e9chirure - Ultrasuede Microfibre Faux cuir pour gants de cyclisme\" class=\"feature-image left\" src=\"\/wp-content\/uploads\/2025\/08\/07mm-ultrasuede-microfiber-faux-leather-for-cycling-gloves--37882.jpg\"\/><\/p>\n<h3>R\u00e9sistance \u00e9lev\u00e9e \u00e0 la d\u00e9chirure<\/h3>\n<p>Notre cuir microfibre Ultrasuede pr\u00e9sente une r\u00e9sistance exceptionnelle \u00e0 la d\u00e9chirure, ce qui garantit qu'il ne se cassera pas et ne se d\u00e9formera pas facilement sous l'effet du stress. Il est donc id\u00e9al pour les produits n\u00e9cessitant une durabilit\u00e9 et des performances \u00e0 long terme.<\/p>\n<div class=\"clear\"><\/div>\n<\/div>\n<div class=\"feature-item\">\n<img decoding=\"async\" alt=\"R\u00e9tention de la forme - Ultrasuede Microfibre Faux cuir pour gants de cyclisme\" class=\"feature-image right\" src=\"\/wp-content\/uploads\/2025\/08\/07mm-ultrasuede-microfiber-faux-leather-for-cycling-gloves--37883.jpg\"\/><\/p>\n<h3>Pas facile \u00e0 d\u00e9former<\/h3>\n<p>Sp\u00e9cialement trait\u00e9 pour conserver sa forme originale, ce mat\u00e9riau offre une excellente \u00e9lasticit\u00e9 et une grande stabilit\u00e9. Il r\u00e9siste aux d\u00e9formations dues \u00e0 la pression ext\u00e9rieure ou \u00e0 l'\u00e9tirement, ce qui permet aux produits de rester intacts et attrayants au fil du temps.<\/p>\n<div class=\"clear\"><\/div>\n<\/div>\n<div class=\"feature-item\">\n<img decoding=\"async\" alt=\"Durabilit\u00e9 - Ultrasuede Microfibre Faux cuir pour gants de cyclisme\" class=\"feature-image left\" src=\"\/wp-content\/uploads\/2025\/08\/07mm-ultrasuede-microfiber-faux-leather-for-cycling-gloves--37884.jpg\"\/><\/p>\n<h3>Durabilit\u00e9<\/h3>\n<p>Extr\u00eamement r\u00e9sistant \u00e0 l'abrasion, aux d\u00e9chirures et aux perforations, ce mat\u00e9riau permet aux gants de rester en parfait \u00e9tat, m\u00eame en cas d'utilisation prolong\u00e9e. Il conserve \u00e9galement une excellente dext\u00e9rit\u00e9 et une grande solidit\u00e9 pour les articles en cuir de haute qualit\u00e9.<\/p>\n<div class=\"clear\"><\/div>\n<\/div>\n<\/section>\n<p><\/main><\/p>\n<section id=\"inquiry\">\n<h2 style=\"text-align: center;\">Dans l'attente de votre demande, nous vous prions d'agr\u00e9er, Madame, Monsieur, l'expression de nos salutations distingu\u00e9es.<\/h2>\n<p style=\"text-align: center;\">Contactez-nous d\u00e8s aujourd'hui pour en savoir plus sur nos produits et passer votre commande.<\/p>\n<\/section>\n\n    <div class=\"xs_social_share_widget xs_share_url after_content \t\tmain_content  wslu-style-1 wslu-share-box-shaped wslu-fill-colored wslu-none wslu-share-horizontal wslu-theme-font-no wslu-main_content\">\n\n\t\t\n        <ul>\n\t\t\t        <\/ul>\n    <\/div>","protected":false},"excerpt":{"rendered":"<div class=\"product-short-description\">Gants en cuir 0.7mm synth\u00e9tique ultra-su\u00e9dois pour la fabrication de gants de s\u00e9curit\u00e9 WINIW 0.7mm synth\u00e9tique ultra-su\u00e9dois pour la fabrication de gants de s\u00e9curit\u00e9 Les principales caract\u00e9ristiques sont les suivantes : Id\u00e9al pour ceux qui recherchent la qualit\u00e9 et la fiabilit\u00e9.<\/p>\n<p>En tant qu'usine directe, fabricant et grossiste, nous pouvons contr\u00f4ler strictement le processus de production afin de garantir la qualit\u00e9 des produits tout en vous offrant les prix les plus favorables. Nous disposons d'\u00e9quipements de production avanc\u00e9s et d'une \u00e9quipe technique professionnelle pour r\u00e9pondre \u00e0 vos besoins en mati\u00e8re de commandes \u00e0 grande \u00e9chelle et garantir une livraison dans les d\u00e9lais.<\/p>\n<\/div>","protected":false},"featured_media":6065,"template":"","meta":[],"product_brand":[],"product_cat":[308],"product_tag":[19363],"class_list":{"0":"post-29793","1":"product","2":"type-product","3":"status-publish","4":"has-post-thumbnail","6":"product_cat-gloves-leather","7":"product_tag-nappa-leather-material-customnappa-leather-material-makernappa-leather-material-vendornappa-leather-material-chinanappa-leather-material-sourcingnappa-leather-material-companies","9":"first","10":"instock","11":"product-type-simple"},"_links":{"self":[{"href":"https:\/\/www.eco-leather.com\/fr\/wp-json\/wp\/v2\/product\/29793","targetHints":{"allow":["GET"]}}],"collection":[{"href":"https:\/\/www.eco-leather.com\/fr\/wp-json\/wp\/v2\/product"}],"about":[{"href":"https:\/\/www.eco-leather.com\/fr\/wp-json\/wp\/v2\/types\/product"}],"wp:featuredmedia":[{"embeddable":true,"href":"https:\/\/www.eco-leather.com\/fr\/wp-json\/wp\/v2\/media\/6065"}],"wp:attachment":[{"href":"https:\/\/www.eco-leather.com\/fr\/wp-json\/wp\/v2\/media?parent=29793"}],"wp:term":[{"taxonomy":"product_brand","embeddable":true,"href":"https:\/\/www.eco-leather.com\/fr\/wp-json\/wp\/v2\/product_brand?post=29793"},{"taxonomy":"product_cat","embeddable":true,"href":"https:\/\/www.eco-leather.com\/fr\/wp-json\/wp\/v2\/product_cat?post=29793"},{"taxonomy":"product_tag","embeddable":true,"href":"https:\/\/www.eco-leather.com\/fr\/wp-json\/wp\/v2\/product_tag?post=29793"}],"curies":[{"name":"wp","href":"https:\/\/api.w.org\/{rel}","templated":true}]}}