{"id":29768,"date":"2025-09-07T11:06:23","date_gmt":"2025-09-07T03:06:23","guid":{"rendered":"https:\/\/www.eco-leather.com\/product\/0-6mm-making-cycling-gloves-ultra-suede-fabric-material\/"},"modified":"2025-09-07T11:06:26","modified_gmt":"2025-09-07T03:06:26","slug":"0-6mm-gants-de-cyclisme-en-tissu-ultra-daim","status":"publish","type":"product","link":"https:\/\/www.eco-leather.com\/fr\/0-6mm-gants-de-cyclisme-en-tissu-ultra-daim\/","title":{"rendered":"Gants de cyclisme en tissu ultra-su\u00e9dois de 0,6 mm d'\u00e9paisseur"},"content":{"rendered":"<h2>0.6mm Fabrication de gants de cyclisme Tissu Ultra-Suede Fabrication du mat\u00e9riau<\/h2>\n<p><main><\/p>\n<section id=\"product-overview\">\n<h2>Description du produit<\/h2>\n<p>produit <strong>Tissu floral pour canap\u00e9<\/strong> description<\/p>\n<p>Mais <strong>Revendeurs de tissus pour sacs<\/strong> Mais ce n'est pas tout : ce tissu ultra-su\u00e9d\u00e9 offre \u00e9galement un style et une sophistication in\u00e9gal\u00e9s. Les couleurs riches et vibrantes et le design \u00e9pur\u00e9 ne manqueront pas de faire tourner les t\u00eates et de marquer les esprits o\u00f9 que vous alliez.<\/p>\n<p>Que vous rouliez en ville ou sur les pistes, vous aurez l'air et vous vous sentirez comme un vrai pro avec ces gants.<\/p>\n<p>Fabriqu\u00e9 \u00e0 partir de mat\u00e9riaux en microfibre de haute qualit\u00e9, notre similicuir en microfibre Ultrasuede de 0,7 mm est le choix id\u00e9al pour les gants de cyclisme. Il allie souplesse et r\u00e9sistance, et offre des propri\u00e9t\u00e9s exceptionnelles de respirabilit\u00e9 et d'\u00e9vacuation de l'humidit\u00e9 pour garder les mains au frais et au sec pendant les sorties intenses.<\/p>\n<p>Que vous soyez un cycliste professionnel ou amateur, le cuir microfibre est un mat\u00e9riau qui offre un confort et une protection imbattables. Sa grande r\u00e9sistance \u00e0 l'abrasion et aux d\u00e9chirures garantit des performances durables, tandis que son design \u00e9l\u00e9gant ajoute une touche sophistiqu\u00e9e \u00e0 tout ensemble de cyclisme.<\/p>\n<\/section>\n<section id=\"specifications\">\n<h2>Param\u00e8tres techniques<\/h2>\n<ul class_=\"parameters-list\">\n<li><span class=\"param-name\">param\u00e8tre <strong>Robe blanche en tissu Meesho<\/strong> Mat\u00e9riau :<\/span> microfibre + PU. couleur : Noir, Gris, Beige. Epaisseur : 0,6mm, 0,7mm, 0,8mm, 1mm.<\/li>\n<li><span class=\"param-name\">Quantit\u00e9 minimale de commande :<\/span> 300 m\u00e8tres lin\u00e9aires. Longueur du rouleau : 20-30m\/rouleau D\u00e9lai de livraison : 15-20 jours Largeur : 54 , 137cm Capacit\u00e9 de production : 1.000.000 m\u00e8tres par mois.<\/li>\n<\/ul>\n<p><img decoding=\"async\" alt=\"0.7mm Ultrasuede Microfiber Faux cuir pour gants de cyclisme - Sp\u00e9cification des mat\u00e9riaux\" class=\"product-image\" src=\"\/wp-content\/uploads\/2025\/08\/07mm-ultrasuede-microfiber-faux-leather-for-cycling-gloves--37881.jpg\"\/><\/p>\n<h3>Param\u00e8tres du produit<\/h3>\n<ul class=\"parameters-list\">\n<li><span class=\"param-name\">Mat\u00e9riau :<\/span> Microfibre + PU<\/li>\n<li><span class=\"param-name\">Couleur :<\/span> Noir, Gris, Beige (couleurs personnalis\u00e9es disponibles)<\/li>\n<li><span class=\"param-name\">\u00c9paisseur :<\/span> 0,6 mm, 0,7 mm, 0,8 mm, 1 mm<\/li>\n<li><span class=\"param-name\">Quantit\u00e9 minimale de commande :<\/span> 300 m\u00e8tres lin\u00e9aires<\/li>\n<li><span class=\"param-name\">Longueur du rouleau :<\/span> 20-30m\/rouleau<\/li>\n<li><span class=\"param-name\">D\u00e9lai de livraison :<\/span> 15-20 jours<\/li>\n<li><span class=\"param-name\">Largeur :<\/span> 54\u2033, 137cm<\/li>\n<li><span class=\"param-name\">Capacit\u00e9 de production :<\/span> 1 000 000 m\u00e8tres par mois<\/li>\n<\/ul>\n<\/section>\n<section id=\"features\">\n<h2>Caract\u00e9ristiques du produit<\/h2>\n<div class=\"feature-item\">\n<img decoding=\"async\" alt=\"Pr\u00e9sentationImportation de tissus de canap\u00e9s imperm\u00e9ablesl&#039;incroyable 0\" class=\"feature-image left\" src=\"\/wp-content\/uploads\/2025\/08\/06mm-making-cycling-gloves-ultra-suede-fabric-material-37563.jpg\"\/><\/p>\n<h3>Introduction <strong>Canap\u00e9 Tissu Imperm\u00e9able Importateurs<\/strong> l'incroyable 0<\/h3>\n<p>Introduction <strong>Canap\u00e9 Tissu Imperm\u00e9able Importateurs<\/strong> l'incroyable tissu Ultra-Suede de 0,6 mm pour la fabrication de gants de cyclisme ! Ce mat\u00e9riau r\u00e9volutionnaire offre des performances et une durabilit\u00e9 in\u00e9gal\u00e9es pour tous vos besoins en cyclisme.<\/p>\n<div class=\"clear\"><\/div>\n<\/div>\n<div class=\"feature-item\">\n<img decoding=\"async\" alt=\"Que vous soyez un cycliste professionnel ou que vous aimiez simplement prendre la route le week-end, ces gants sont le compl\u00e9ment id\u00e9al de votre \u00e9quipement de cyclisme.\" class=\"feature-image left\" src=\"\/wp-content\/uploads\/2025\/08\/06mm-making-cycling-gloves-ultra-suede-fabric-material-37564.jpg\"\/><\/p>\n<h3>Que vous soyez un cycliste professionnel ou que vous aimiez simplement prendre la route le week-end, ces gants sont le compl\u00e9ment id\u00e9al de votre \u00e9quipement de cyclisme.<\/h3>\n<p>Que vous soyez un cycliste professionnel ou que vous aimiez simplement prendre la route le week-end, ces gants sont le compl\u00e9ment parfait de votre \u00e9quipement cycliste. En effet, ces gants s'ajoutent parfaitement \u00e0 votre \u00e9quipement cycliste. <strong>Tissu de canap\u00e9 imperm\u00e9able Exporter<\/strong> Si vous \u00eates \u00e0 la recherche de gants de cyclisme parfaits qui offrent \u00e0 la fois la performance et le style dont vous avez besoin pour passer au niveau sup\u00e9rieur, ne cherchez pas plus loin que le tissu Ultra-Suede de 0,6 mm d'\u00e9paisseur.<\/p>\n<div class=\"clear\"><\/div>\n<\/div>\n<div class=\"feature-item\">\n<img decoding=\"async\" alt=\"Gr\u00e2ce \u00e0 une combinaison imbattable de qualit\u00e9, de durabilit\u00e9 et de style, ces gants sont indispensables \u00e0 tout cycliste s\u00e9rieux.\" class=\"feature-image left\" src=\"\/wp-content\/uploads\/2025\/08\/06mm-making-cycling-gloves-ultra-suede-fabric-material-37565.jpg\"\/><\/p>\n<h3>Gr\u00e2ce \u00e0 une combinaison imbattable de qualit\u00e9, de durabilit\u00e9 et de style, ces gants sont indispensables \u00e0 tout cycliste s\u00e9rieux.<\/h3>\n<p>Gr\u00e2ce \u00e0 une combinaison imbattable de qualit\u00e9, de durabilit\u00e9 et de style, ces gants sont indispensables \u00e0 tout cycliste s\u00e9rieux. Commandez-les d\u00e8s aujourd'hui et pr\u00e9parez-vous \u00e0 r\u00e9volutionner votre exp\u00e9rience du cyclisme ! D\u00e9tails et caract\u00e9ristiques du produit<\/p>\n<div class=\"clear\"><\/div>\n<\/div>\n<div class=\"feature-item\">\n<img decoding=\"async\" alt=\"Haute r\u00e9sistance \u00e0 la d\u00e9chirure - Ultrasuede Microfibre Faux cuir pour gants de cyclisme\" class=\"feature-image left\" src=\"\/wp-content\/uploads\/2025\/08\/07mm-ultrasuede-microfiber-faux-leather-for-cycling-gloves--37882.jpg\"\/><\/p>\n<h3>R\u00e9sistance \u00e9lev\u00e9e \u00e0 la d\u00e9chirure<\/h3>\n<p>Notre cuir microfibre Ultrasuede pr\u00e9sente une r\u00e9sistance exceptionnelle \u00e0 la d\u00e9chirure, ce qui garantit qu'il ne se cassera pas et ne se d\u00e9formera pas facilement sous l'effet du stress. Il est donc id\u00e9al pour les produits n\u00e9cessitant une durabilit\u00e9 et des performances \u00e0 long terme.<\/p>\n<div class=\"clear\"><\/div>\n<\/div>\n<div class=\"feature-item\">\n<img decoding=\"async\" alt=\"R\u00e9tention de la forme - Ultrasuede Microfibre Faux cuir pour gants de cyclisme\" class=\"feature-image right\" src=\"\/wp-content\/uploads\/2025\/08\/07mm-ultrasuede-microfiber-faux-leather-for-cycling-gloves--37883.jpg\"\/><\/p>\n<h3>Pas facile \u00e0 d\u00e9former<\/h3>\n<p>Sp\u00e9cialement trait\u00e9 pour conserver sa forme originale, ce mat\u00e9riau offre une excellente \u00e9lasticit\u00e9 et une grande stabilit\u00e9. Il r\u00e9siste aux d\u00e9formations dues \u00e0 la pression ext\u00e9rieure ou \u00e0 l'\u00e9tirement, ce qui permet aux produits de rester intacts et attrayants au fil du temps.<\/p>\n<div class=\"clear\"><\/div>\n<\/div>\n<div class=\"feature-item\">\n<img decoding=\"async\" alt=\"Durabilit\u00e9 - Ultrasuede Microfibre Faux cuir pour gants de cyclisme\" class=\"feature-image left\" src=\"\/wp-content\/uploads\/2025\/08\/07mm-ultrasuede-microfiber-faux-leather-for-cycling-gloves--37884.jpg\"\/><\/p>\n<h3>Durabilit\u00e9<\/h3>\n<p>Extr\u00eamement r\u00e9sistant \u00e0 l'abrasion, aux d\u00e9chirures et aux perforations, ce mat\u00e9riau permet aux gants de rester en parfait \u00e9tat, m\u00eame en cas d'utilisation prolong\u00e9e. Il conserve \u00e9galement une excellente dext\u00e9rit\u00e9 et une grande solidit\u00e9 pour les articles en cuir de haute qualit\u00e9.<\/p>\n<div class=\"clear\"><\/div>\n<\/div>\n<\/section>\n<section id=\"why-choose-us\">\n<h2>Pourquoi choisir WINIW<\/h2>\n<div class=\"advantage-item\">\n<h3>Fabriqu\u00e9 \u00e0 partir de mat\u00e9riaux de la plus haute qualit\u00e9, ce tissu ultra-su\u00e9d\u00e9 offre un ajustement confortable et s\u00fbr, tout en assurant une protection sup\u00e9rieure contre les \u00e9l\u00e9ments.<\/h3>\n<p>Fabriqu\u00e9 \u00e0 partir de mat\u00e9riaux de la plus haute qualit\u00e9, ce tissu ultra-su\u00e9d\u00e9 offre un ajustement confortable et s\u00fbr, tout en assurant une protection sup\u00e9rieure contre les \u00e9l\u00e9ments. L'\u00e9paisseur de 0,6 mm garantit que vos mains restent au chaud et au sec, m\u00eame dans les conditions les plus difficiles. Par ailleurs, la surface lisse du tissu garantit une bonne prise en main du guidon de votre v\u00e9lo, pour une exp\u00e9rience cycliste plus s\u00fbre et plus agr\u00e9able.<\/p>\n<\/div>\n<div class=\"advantage-item\">\n<h3>Assurance qualit\u00e9<\/h3>\n<p>Nous mettons en \u0153uvre un contr\u00f4le de qualit\u00e9 strict tout au long de la cha\u00eene de production et d'approvisionnement, en adh\u00e9rant aux normes ISO9001. De la s\u00e9lection des mati\u00e8res premi\u00e8res \u00e0 l'inspection finale, nous donnons la priorit\u00e9 aux int\u00e9r\u00eats des clients.<\/p>\n<\/div>\n<div class=\"advantage-item\">\n<h3>\u00c9quipe technique professionnelle<\/h3>\n<p>Notre \u00e9quipe technique sp\u00e9cialis\u00e9e se compose de professionnels exp\u00e9riment\u00e9s dans divers domaines, qui se consacrent \u00e0 la fourniture de produits de haute qualit\u00e9 et de solutions sur mesure.<\/p>\n<\/div>\n<div class=\"advantage-item\">\n<h3>Large \u00e9ventail d'applications<\/h3>\n<p>Nos mat\u00e9riaux sont largement utilis\u00e9s dans les chaussures, les v\u00eatements, les bagages, les int\u00e9rieurs d'automobiles, les canap\u00e9s, etc.<\/p>\n<\/div>\n<div class=\"advantage-item\">\n<h3>Une exp\u00e9rience riche<\/h3>\n<p>Quanzhou WINIW Import &amp; Export Co. poss\u00e8de plus de 20 ans d'exp\u00e9rience en mati\u00e8re de production et offre des solutions parfaites aux clients du monde entier.<\/p>\n<\/div>\n<div class=\"advantage-item\">\n<h3>Prix abordable<\/h3>\n<p>Nous proposons des prix comp\u00e9titifs et un excellent service \u00e0 la client\u00e8le. Demandez un catalogue ou visitez notre usine pour d\u00e9couvrir nos produits.<\/p>\n<\/div>\n<div class=\"advantage-item\">\n<h3>Service client\u00e8le en ligne 24 heures sur 24<\/h3>\n<p>Notre \u00e9quipe est disponible 24 heures sur 24, 7 jours sur 7, pour r\u00e9pondre aux demandes de renseignements et traiter rapidement les commentaires.<\/p>\n<\/div>\n<p><img decoding=\"async\" alt=\"Installation de production WINIW - Processus de fabrication du cuir microfibre Ultrasuede\" class=\"product-image\" src=\"\/wp-content\/uploads\/2025\/08\/07mm-ultrasuede-microfiber-faux-leather-for-cycling-gloves--37888.jpg\"\/><br \/>\n<\/section>\n<p><\/main><\/p>\n<section id=\"inquiry\">\n<h2 style=\"text-align: center;\">Dans l'attente de votre demande, nous vous prions d'agr\u00e9er, Madame, Monsieur, l'expression de nos salutations distingu\u00e9es.<\/h2>\n<p style=\"text-align: center;\">Contactez-nous d\u00e8s aujourd'hui pour en savoir plus sur nos produits et passer votre commande.<\/p>\n<\/section>\n\n    <div class=\"xs_social_share_widget xs_share_url after_content \t\tmain_content  wslu-style-1 wslu-share-box-shaped wslu-fill-colored wslu-none wslu-share-horizontal wslu-theme-font-no wslu-main_content\">\n\n\t\t\n        <ul>\n\t\t\t        <\/ul>\n    <\/div>","protected":false},"excerpt":{"rendered":"<div class=\"product-short-description\">Gants en cuir 0.6mm Gants de cyclisme en tissu ultra-su\u00e9dois WINIW 0.6mm Gants de cyclisme en tissu ultra-su\u00e9dois Les caract\u00e9ristiques principales comprennent : Id\u00e9al pour ceux qui recherchent la qualit\u00e9 et la fiabilit\u00e9.<\/p>\n<p>En tant qu'usine directe, fabricant et grossiste, nous pouvons contr\u00f4ler strictement le processus de production afin de garantir la qualit\u00e9 des produits tout en vous offrant les prix les plus favorables. Nous disposons d'\u00e9quipements de production avanc\u00e9s et d'une \u00e9quipe technique professionnelle pour r\u00e9pondre \u00e0 vos besoins en mati\u00e8re de commandes \u00e0 grande \u00e9chelle et garantir une livraison dans les d\u00e9lais.<\/p>\n<\/div>","protected":false},"featured_media":6011,"template":"","meta":[],"product_brand":[],"product_cat":[308],"product_tag":[19345],"class_list":{"0":"post-29768","1":"product","2":"type-product","3":"status-publish","4":"has-post-thumbnail","6":"product_cat-gloves-leather","7":"product_tag-headliner-fabric-material-wholesaleheadliner-fabric-materialcar-seat-cover-fabric-materialfabric-for-car-seat-materialcar-seat-fabric-materialshoes-fabric-material","9":"first","10":"instock","11":"product-type-simple"},"_links":{"self":[{"href":"https:\/\/www.eco-leather.com\/fr\/wp-json\/wp\/v2\/product\/29768","targetHints":{"allow":["GET"]}}],"collection":[{"href":"https:\/\/www.eco-leather.com\/fr\/wp-json\/wp\/v2\/product"}],"about":[{"href":"https:\/\/www.eco-leather.com\/fr\/wp-json\/wp\/v2\/types\/product"}],"wp:featuredmedia":[{"embeddable":true,"href":"https:\/\/www.eco-leather.com\/fr\/wp-json\/wp\/v2\/media\/6011"}],"wp:attachment":[{"href":"https:\/\/www.eco-leather.com\/fr\/wp-json\/wp\/v2\/media?parent=29768"}],"wp:term":[{"taxonomy":"product_brand","embeddable":true,"href":"https:\/\/www.eco-leather.com\/fr\/wp-json\/wp\/v2\/product_brand?post=29768"},{"taxonomy":"product_cat","embeddable":true,"href":"https:\/\/www.eco-leather.com\/fr\/wp-json\/wp\/v2\/product_cat?post=29768"},{"taxonomy":"product_tag","embeddable":true,"href":"https:\/\/www.eco-leather.com\/fr\/wp-json\/wp\/v2\/product_tag?post=29768"}],"curies":[{"name":"wp","href":"https:\/\/api.w.org\/{rel}","templated":true}]}}