{"id":29752,"date":"2025-09-07T11:06:12","date_gmt":"2025-09-07T03:06:12","guid":{"rendered":"https:\/\/www.eco-leather.com\/product\/1mm-artificial-ultrasuede-leather-sheet-for-golf-gloves\/"},"modified":"2025-09-07T11:06:17","modified_gmt":"2025-09-07T03:06:17","slug":"feuille-de-cuir-artificiel-ultrasuede-de-1-mm-pour-gants-de-golf","status":"publish","type":"product","link":"https:\/\/www.eco-leather.com\/fr\/feuille-de-cuir-artificiel-ultrasuede-de-1-mm-pour-gants-de-golf\/","title":{"rendered":"Feuille de cuir artificiel Ultrasuede 1mm pour gants de golf"},"content":{"rendered":"<h2>1mm Feuille de cuir artificiel Ultrasuede pour gants de golf d\u00e9tails<\/h2>\n<p><main><\/p>\n<section id=\"product-overview\">\n<h2>Description du produit<\/h2>\n<p>produit <strong>Faux cuir Spandex<\/strong> description<\/p>\n<p>Fabriqu\u00e9 \u00e0 partir de mat\u00e9riaux en microfibre de haute qualit\u00e9, notre similicuir en microfibre Ultrasuede de 0,7 mm est le choix id\u00e9al pour les gants de cyclisme. Il allie souplesse et r\u00e9sistance, et offre des propri\u00e9t\u00e9s exceptionnelles de respirabilit\u00e9 et d'\u00e9vacuation de l'humidit\u00e9 pour garder les mains au frais et au sec pendant les sorties intenses.<\/p>\n<p>Que vous soyez un cycliste professionnel ou amateur, le cuir microfibre est un mat\u00e9riau qui offre un confort et une protection imbattables. Sa grande r\u00e9sistance \u00e0 l'abrasion et aux d\u00e9chirures garantit des performances durables, tandis que son design \u00e9l\u00e9gant ajoute une touche sophistiqu\u00e9e \u00e0 tout ensemble de cyclisme.<\/p>\n<\/section>\n<section id=\"specifications\">\n<h2>Param\u00e8tres techniques<\/h2>\n<ul class_=\"parameters-list\">\n<li><span class=\"param-name\">param\u00e8tre <strong>Cuir de confection Import\u00e9<\/strong> Mat\u00e9riau :<\/span> microfibre + PU. couleur : Noir, Gris, Beige. Epaisseur : 0,6mm, 0,7mm, 0,8mm, 1mm.<\/li>\n<li><span class=\"param-name\">Quantit\u00e9 minimale de commande :<\/span> 300 m\u00e8tres lin\u00e9aires. Longueur du rouleau : 20-30m\/rouleau D\u00e9lai de livraison : 15-20 jours Largeur : 54 , 137cm Capacit\u00e9 de production : 1.000.000 m\u00e8tres par mois.<\/li>\n<\/ul>\n<p><img decoding=\"async\" alt=\"0.7mm Ultrasuede Microfiber Faux cuir pour gants de cyclisme - Sp\u00e9cification des mat\u00e9riaux\" class=\"product-image\" src=\"\/wp-content\/uploads\/2025\/08\/07mm-ultrasuede-microfiber-faux-leather-for-cycling-gloves--37881.jpg\"\/><\/p>\n<h3>Param\u00e8tres du produit<\/h3>\n<ul class=\"parameters-list\">\n<li><span class=\"param-name\">Mat\u00e9riau :<\/span> Microfibre + PU<\/li>\n<li><span class=\"param-name\">Couleur :<\/span> Noir, Gris, Beige (couleurs personnalis\u00e9es disponibles)<\/li>\n<li><span class=\"param-name\">\u00c9paisseur :<\/span> 0,6 mm, 0,7 mm, 0,8 mm, 1 mm<\/li>\n<li><span class=\"param-name\">Quantit\u00e9 minimale de commande :<\/span> 300 m\u00e8tres lin\u00e9aires<\/li>\n<li><span class=\"param-name\">Longueur du rouleau :<\/span> 20-30m\/rouleau<\/li>\n<li><span class=\"param-name\">D\u00e9lai de livraison :<\/span> 15-20 jours<\/li>\n<li><span class=\"param-name\">Largeur :<\/span> 54\u2033, 137cm<\/li>\n<li><span class=\"param-name\">Capacit\u00e9 de production :<\/span> 1 000 000 m\u00e8tres par mois<\/li>\n<\/ul>\n<\/section>\n<section id=\"features\">\n<h2>Caract\u00e9ristiques du produit<\/h2>\n<div class=\"feature-item\">\n<img decoding=\"async\" alt=\"Notre spray imperm\u00e9able au cuir su\u00e9d\u00e9Ultrasuede Leather Sheet pr\u00e9sente une texture douce et luxueuse, semblable \u00e0 celle du daim v\u00e9ritable, tout en \u00e9tant extr\u00eamement l\u00e9ger et facile \u00e0 travailler.\" class=\"feature-image left\" src=\"\/wp-content\/uploads\/2025\/08\/1mm-artificial-ultrasuede-leather-sheet-for-golf-gloves-37420.jpg\"\/><\/p>\n<h3>Notre <strong>Spray imperm\u00e9able pour daim et cuir<\/strong> Le drap en cuir Ultrasuede pr\u00e9sente une texture douce et luxueuse, semblable au daim v\u00e9ritable, tout en \u00e9tant extr\u00eamement l\u00e9ger et facile \u00e0 travailler.<\/h3>\n<p>Notre <strong>Spray imperm\u00e9able pour daim et cuir<\/strong> Le drap de cuir Ultrasuede pr\u00e9sente une texture douce et luxueuse, semblable au daim v\u00e9ritable, tout en \u00e9tant extr\u00eamement l\u00e9ger et facile \u00e0 travailler. Il est \u00e9galement r\u00e9sistant \u00e0 l'usure et aux d\u00e9chirures, ce qui garantit que vos gants de golf dureront des saisons enti\u00e8res.<\/p>\n<div class=\"clear\"><\/div>\n<\/div>\n<div class=\"feature-item\">\n<img decoding=\"async\" alt=\"Alors pourquoi se contenter de moins lorsqu&#039;il s&#039;agit de vos gants de golf ? Choisissez notre drap en cuir Ultrasuede et d\u00e9couvrez le m\u00e9lange parfait de confort, de durabilit\u00e9 et de style sur le parcours de golf.\" class=\"feature-image left\" src=\"\/wp-content\/uploads\/2025\/08\/1mm-artificial-ultrasuede-leather-sheet-for-golf-gloves-37421.jpg\"\/><\/p>\n<h3>Alors pourquoi se contenter de moins lorsqu'il s'agit de vos gants de golf ? Choisissez notre drap en cuir Ultrasuede et d\u00e9couvrez le m\u00e9lange parfait de confort, de durabilit\u00e9 et de style sur le parcours de golf.<\/h3>\n<p>Alors pourquoi se contenter de moins lorsqu'il s'agit de vos gants de golf ? Optez pour notre drap en cuir Ultrasuede et d\u00e9couvrez le m\u00e9lange parfait de confort, de durabilit\u00e9 et de style sur le parcours de golf. D\u00e9tails et caract\u00e9ristiques du produit<\/p>\n<div class=\"clear\"><\/div>\n<\/div>\n<div class=\"feature-item\">\n<img decoding=\"async\" alt=\"Haute r\u00e9sistance \u00e0 la d\u00e9chirure - Ultrasuede Microfibre Faux cuir pour gants de cyclisme\" class=\"feature-image left\" src=\"\/wp-content\/uploads\/2025\/08\/07mm-ultrasuede-microfiber-faux-leather-for-cycling-gloves--37882.jpg\"\/><\/p>\n<h3>R\u00e9sistance \u00e9lev\u00e9e \u00e0 la d\u00e9chirure<\/h3>\n<p>Notre cuir microfibre Ultrasuede pr\u00e9sente une r\u00e9sistance exceptionnelle \u00e0 la d\u00e9chirure, ce qui garantit qu'il ne se cassera pas et ne se d\u00e9formera pas facilement sous l'effet du stress. Il est donc id\u00e9al pour les produits n\u00e9cessitant une durabilit\u00e9 et des performances \u00e0 long terme.<\/p>\n<div class=\"clear\"><\/div>\n<\/div>\n<div class=\"feature-item\">\n<img decoding=\"async\" alt=\"R\u00e9tention de la forme - Ultrasuede Microfibre Faux cuir pour gants de cyclisme\" class=\"feature-image right\" src=\"\/wp-content\/uploads\/2025\/08\/07mm-ultrasuede-microfiber-faux-leather-for-cycling-gloves--37883.jpg\"\/><\/p>\n<h3>Pas facile \u00e0 d\u00e9former<\/h3>\n<p>Sp\u00e9cialement trait\u00e9 pour conserver sa forme originale, ce mat\u00e9riau offre une excellente \u00e9lasticit\u00e9 et une grande stabilit\u00e9. Il r\u00e9siste aux d\u00e9formations dues \u00e0 la pression ext\u00e9rieure ou \u00e0 l'\u00e9tirement, ce qui permet aux produits de rester intacts et attrayants au fil du temps.<\/p>\n<div class=\"clear\"><\/div>\n<\/div>\n<div class=\"feature-item\">\n<img decoding=\"async\" alt=\"Durabilit\u00e9 - Ultrasuede Microfibre Faux cuir pour gants de cyclisme\" class=\"feature-image left\" src=\"\/wp-content\/uploads\/2025\/08\/07mm-ultrasuede-microfiber-faux-leather-for-cycling-gloves--37884.jpg\"\/><\/p>\n<h3>Durabilit\u00e9<\/h3>\n<p>Extr\u00eamement r\u00e9sistant \u00e0 l'abrasion, aux d\u00e9chirures et aux perforations, ce mat\u00e9riau permet aux gants de rester en parfait \u00e9tat, m\u00eame en cas d'utilisation prolong\u00e9e. Il conserve \u00e9galement une excellente dext\u00e9rit\u00e9 et une grande solidit\u00e9 pour les articles en cuir de haute qualit\u00e9.<\/p>\n<div class=\"clear\"><\/div>\n<\/div>\n<\/section>\n<section id=\"why-choose-us\">\n<h2>Pourquoi choisir WINIW<\/h2>\n<div class=\"advantage-item\">\n<h3>Nous vous pr\u00e9sentons notre feuille de cuir artificiel Ultrasuede de 1 mm, de haute qualit\u00e9 et durable, parfaite pour la fabrication de gants de golf haut de gamme.<\/h3>\n<p>Nous vous pr\u00e9sentons notre feuille de cuir synth\u00e9tique Ultrasuede de 1 mm, de haute qualit\u00e9 et durable, parfaite pour la fabrication de gants de golf haut de gamme. Fabriqu\u00e9e \u00e0 partir de mat\u00e9riaux de premi\u00e8re qualit\u00e9, cette feuille de cuir synth\u00e9tique offre un confort, une flexibilit\u00e9 et une respirabilit\u00e9 sup\u00e9rieurs, offrant une exp\u00e9rience in\u00e9gal\u00e9e aux amateurs de golf.<\/p>\n<\/div>\n<div class=\"advantage-item\">\n<h3>Fabriqu\u00e9e avec une attention m\u00e9ticuleuse aux d\u00e9tails, cette feuille de cuir est disponible dans une gamme de couleurs \u00e9tonnantes, ce qui vous donne la libert\u00e9 de cr\u00e9er des gants qui s'harmonisent parfaitement avec votre style.<\/h3>\n<p>Fabriqu\u00e9e avec une attention m\u00e9ticuleuse aux d\u00e9tails, cette feuille de cuir est disponible dans une gamme de couleurs \u00e9tonnantes, ce qui vous donne la libert\u00e9 de cr\u00e9er des gants qui s'harmonisent parfaitement avec votre style. Que vous soyez un golfeur professionnel ou que vous d\u00e9butiez dans ce sport, notre feuille de cuir Ultrasuede est le choix id\u00e9al pour cr\u00e9er des gants de golf de haute qualit\u00e9, confortables et \u00e9l\u00e9gants.<\/p>\n<\/div>\n<div class=\"advantage-item\">\n<h3>Assurance qualit\u00e9<\/h3>\n<p>Nous mettons en \u0153uvre un contr\u00f4le de qualit\u00e9 strict tout au long de la cha\u00eene de production et d'approvisionnement, en adh\u00e9rant aux normes ISO9001. De la s\u00e9lection des mati\u00e8res premi\u00e8res \u00e0 l'inspection finale, nous donnons la priorit\u00e9 aux int\u00e9r\u00eats des clients.<\/p>\n<\/div>\n<div class=\"advantage-item\">\n<h3>\u00c9quipe technique professionnelle<\/h3>\n<p>Notre \u00e9quipe technique sp\u00e9cialis\u00e9e se compose de professionnels exp\u00e9riment\u00e9s dans divers domaines, qui se consacrent \u00e0 la fourniture de produits de haute qualit\u00e9 et de solutions sur mesure.<\/p>\n<\/div>\n<div class=\"advantage-item\">\n<h3>Large \u00e9ventail d'applications<\/h3>\n<p>Nos mat\u00e9riaux sont largement utilis\u00e9s dans les chaussures, les v\u00eatements, les bagages, les int\u00e9rieurs d'automobiles, les canap\u00e9s, etc.<\/p>\n<\/div>\n<div class=\"advantage-item\">\n<h3>Une exp\u00e9rience riche<\/h3>\n<p>Quanzhou WINIW Import &amp; Export Co. poss\u00e8de plus de 20 ans d'exp\u00e9rience en mati\u00e8re de production et offre des solutions parfaites aux clients du monde entier.<\/p>\n<\/div>\n<div class=\"advantage-item\">\n<h3>Prix abordable<\/h3>\n<p>Nous proposons des prix comp\u00e9titifs et un excellent service \u00e0 la client\u00e8le. Demandez un catalogue ou visitez notre usine pour d\u00e9couvrir nos produits.<\/p>\n<\/div>\n<div class=\"advantage-item\">\n<h3>Service client\u00e8le en ligne 24 heures sur 24<\/h3>\n<p>Notre \u00e9quipe est disponible 24 heures sur 24, 7 jours sur 7, pour r\u00e9pondre aux demandes de renseignements et traiter rapidement les commentaires.<\/p>\n<\/div>\n<p><img decoding=\"async\" alt=\"Installation de production WINIW - Processus de fabrication du cuir microfibre Ultrasuede\" class=\"product-image\" src=\"\/wp-content\/uploads\/2025\/08\/07mm-ultrasuede-microfiber-faux-leather-for-cycling-gloves--37888.jpg\"\/><br \/>\n<\/section>\n<p><\/main><\/p>\n<section id=\"inquiry\">\n<h2 style=\"text-align: center;\">Dans l'attente de votre demande, nous vous prions d'agr\u00e9er, Madame, Monsieur, l'expression de nos salutations distingu\u00e9es.<\/h2>\n<p style=\"text-align: center;\">Contactez-nous d\u00e8s aujourd'hui pour en savoir plus sur nos produits et passer votre commande.<\/p>\n<\/section>\n\n    <div class=\"xs_social_share_widget xs_share_url after_content \t\tmain_content  wslu-style-1 wslu-share-box-shaped wslu-fill-colored wslu-none wslu-share-horizontal wslu-theme-font-no wslu-main_content\">\n\n\t\t\n        <ul>\n\t\t\t        <\/ul>\n    <\/div>","protected":false},"excerpt":{"rendered":"<div class=\"product-short-description\">Gants en cuir 1mm Ultrasu\u00e8de artificiel pour gants de golf WINIW 1mm Ultrasu\u00e8de artificiel pour gants de golf Les principales caract\u00e9ristiques sont les suivantes : Id\u00e9al pour ceux qui recherchent la qualit\u00e9 et la fiabilit\u00e9.<\/p>\n<p>En tant qu'usine directe, fabricant et grossiste, nous pouvons contr\u00f4ler strictement le processus de production afin de garantir la qualit\u00e9 des produits tout en vous offrant les prix les plus favorables. Nous disposons d'\u00e9quipements de production avanc\u00e9s et d'une \u00e9quipe technique professionnelle pour r\u00e9pondre \u00e0 vos besoins en mati\u00e8re de commandes \u00e0 grande \u00e9chelle et garantir une livraison dans les d\u00e9lais.<\/p>\n<\/div>","protected":false},"featured_media":5979,"template":"","meta":[],"product_brand":[],"product_cat":[308],"product_tag":[19339],"class_list":{"0":"post-29752","1":"product","2":"type-product","3":"status-publish","4":"has-post-thumbnail","6":"product_cat-gloves-leather","7":"product_tag-leather-sheet-for-car-solutionleather-sheet-for-car-factoryleather-sheet-for-car-oemleather-sheet-for-car-exportersleather-sheet-for-car-serviceleather-sheet-for-car-agencies","9":"first","10":"instock","11":"product-type-simple"},"_links":{"self":[{"href":"https:\/\/www.eco-leather.com\/fr\/wp-json\/wp\/v2\/product\/29752","targetHints":{"allow":["GET"]}}],"collection":[{"href":"https:\/\/www.eco-leather.com\/fr\/wp-json\/wp\/v2\/product"}],"about":[{"href":"https:\/\/www.eco-leather.com\/fr\/wp-json\/wp\/v2\/types\/product"}],"wp:featuredmedia":[{"embeddable":true,"href":"https:\/\/www.eco-leather.com\/fr\/wp-json\/wp\/v2\/media\/5979"}],"wp:attachment":[{"href":"https:\/\/www.eco-leather.com\/fr\/wp-json\/wp\/v2\/media?parent=29752"}],"wp:term":[{"taxonomy":"product_brand","embeddable":true,"href":"https:\/\/www.eco-leather.com\/fr\/wp-json\/wp\/v2\/product_brand?post=29752"},{"taxonomy":"product_cat","embeddable":true,"href":"https:\/\/www.eco-leather.com\/fr\/wp-json\/wp\/v2\/product_cat?post=29752"},{"taxonomy":"product_tag","embeddable":true,"href":"https:\/\/www.eco-leather.com\/fr\/wp-json\/wp\/v2\/product_tag?post=29752"}],"curies":[{"name":"wp","href":"https:\/\/api.w.org\/{rel}","templated":true}]}}