{"id":29746,"date":"2025-09-07T11:06:12","date_gmt":"2025-09-07T03:06:12","guid":{"rendered":"https:\/\/www.eco-leather.com\/product\/0-8mm-ultra-suede-leather-material-for-making-golf-gloves\/"},"modified":"2025-09-07T11:06:15","modified_gmt":"2025-09-07T03:06:15","slug":"0-8mm-ultra-suede-leather-material-for-making-golf-gloves","status":"publish","type":"product","link":"https:\/\/www.eco-leather.com\/fr\/0-8mm-ultra-suede-leather-material-for-making-golf-gloves\/","title":{"rendered":"0.8mm Ultra-Suede Leather Material For Making Golf Gloves (Mat\u00e9riau de cuir ultra-su\u00e9dois pour la fabrication de gants de golf)"},"content":{"rendered":"<h2>0.8mm Ultra-Suede Leather Material For Making Golf Gloves factory<\/h2>\n<p><main><\/p>\n<section id=\"product-overview\">\n<h2>Description du produit<\/h2>\n<p>produit <strong>Fabricant de mat\u00e9riaux en cuir<\/strong> description<\/p>\n<p>Un <strong>Bo\u00eetes en simili cuir Chine<\/strong> L'un des meilleurs atouts de ce mat\u00e9riau est le niveau de flexibilit\u00e9 et de respirabilit\u00e9 qu'il offre. Avec une \u00e9paisseur de seulement 0,8 mm, ce cuir ultra-su\u00e8de est incroyablement souple et facile \u00e0 bouger, ce qui offre aux golfeurs le confort et la flexibilit\u00e9 dont ils ont besoin pour prendre un swing parfait.<\/p>\n<p>Le cuir ultra-su\u00e8de est \u00e9galement tr\u00e8s r\u00e9sistant \u00e0 l'usure, ce qui est essentiel pour un sport comme le golf. Malgr\u00e9 sa finesse, ce mat\u00e9riau tient remarquablement bien dans le temps, r\u00e9sistant aux abrasions, aux taches et aux coupures.<\/p>\n<p>Cela signifie que vos gants durent plus longtemps, ce qui vous permet d'\u00e9conomiser de l'argent sur les gants de remplacement.<\/p>\n<p>Fabriqu\u00e9 \u00e0 partir de mat\u00e9riaux en microfibre de haute qualit\u00e9, notre similicuir en microfibre Ultrasuede de 0,7 mm est le choix id\u00e9al pour les gants de cyclisme. Il allie souplesse et r\u00e9sistance, et offre des propri\u00e9t\u00e9s exceptionnelles de respirabilit\u00e9 et d'\u00e9vacuation de l'humidit\u00e9 pour garder les mains au frais et au sec pendant les sorties intenses.<\/p>\n<p>Que vous soyez un cycliste professionnel ou amateur, le cuir microfibre est un mat\u00e9riau qui offre un confort et une protection imbattables. Sa grande r\u00e9sistance \u00e0 l'abrasion et aux d\u00e9chirures garantit des performances durables, tandis que son design \u00e9l\u00e9gant ajoute une touche sophistiqu\u00e9e \u00e0 tout ensemble de cyclisme.<\/p>\n<\/section>\n<section id=\"specifications\">\n<h2>Param\u00e8tres techniques<\/h2>\n<ul class_=\"parameters-list\">\n<li><span class=\"param-name\">param\u00e8tre <strong>Robe blanche en tissu Meesho<\/strong> Mat\u00e9riau :<\/span> microfibre + PU. couleur : Noir, Gris, Beige. Epaisseur : 0,6mm, 0,7mm, 0,8mm, 1mm.<\/li>\n<li><span class=\"param-name\">Quantit\u00e9 minimale de commande :<\/span> 300 m\u00e8tres lin\u00e9aires. Longueur du rouleau : 20-30m\/rouleau D\u00e9lai de livraison : 15-20 jours Largeur : 54 , 137cm Capacit\u00e9 de production : 1.000.000 m\u00e8tres par mois.<\/li>\n<\/ul>\n<p><img decoding=\"async\" alt=\"0.7mm Ultrasuede Microfiber Faux cuir pour gants de cyclisme - Sp\u00e9cification des mat\u00e9riaux\" class=\"product-image\" src=\"\/wp-content\/uploads\/2025\/08\/07mm-ultrasuede-microfiber-faux-leather-for-cycling-gloves--37881.jpg\"\/><\/p>\n<h3>Param\u00e8tres du produit<\/h3>\n<ul class=\"parameters-list\">\n<li><span class=\"param-name\">Mat\u00e9riau :<\/span> Microfibre + PU<\/li>\n<li><span class=\"param-name\">Couleur :<\/span> Noir, Gris, Beige (couleurs personnalis\u00e9es disponibles)<\/li>\n<li><span class=\"param-name\">\u00c9paisseur :<\/span> 0,6 mm, 0,7 mm, 0,8 mm, 1 mm<\/li>\n<li><span class=\"param-name\">Quantit\u00e9 minimale de commande :<\/span> 300 m\u00e8tres lin\u00e9aires<\/li>\n<li><span class=\"param-name\">Longueur du rouleau :<\/span> 20-30m\/rouleau<\/li>\n<li><span class=\"param-name\">D\u00e9lai de livraison :<\/span> 15-20 jours<\/li>\n<li><span class=\"param-name\">Largeur :<\/span> 54\u2033, 137cm<\/li>\n<li><span class=\"param-name\">Capacit\u00e9 de production :<\/span> 1 000 000 m\u00e8tres par mois<\/li>\n<\/ul>\n<\/section>\n<section id=\"features\">\n<h2>Caract\u00e9ristiques du produit<\/h2>\n<div class=\"feature-item\">\n<img decoding=\"async\" alt=\"TheWaterproof Leather Material Service0\" class=\"feature-image left\" src=\"\/wp-content\/uploads\/2025\/08\/08mm-ultra-suede-leather-material-for-making-golf-gloves-37361.jpg\"\/><\/p>\n<h3>Le <strong>Mat\u00e9riau en cuir imperm\u00e9able Service<\/strong> 0<\/h3>\n<p>Le <strong>Mat\u00e9riau en cuir imperm\u00e9able Service<\/strong> Le mat\u00e9riau en cuir ultra-su\u00e9d\u00e9 de 0,8 mm pour la fabrication de gants de golf est un excellent choix pour tout golfeur \u00e0 la recherche d'un gant confortable et durable. Fabriqu\u00e9 \u00e0 partir d'un cuir su\u00e9d\u00e9 de haute qualit\u00e9, ce mat\u00e9riau offre la combinaison parfaite de douceur et de durabilit\u00e9 n\u00e9cessaire \u00e0 la fabrication d'un bon gant de golf.<\/p>\n<div class=\"clear\"><\/div>\n<\/div>\n<div class=\"feature-item\">\n<img decoding=\"async\" alt=\"InSuede Leather Waterproof Sprayconclusion, golfers who want a comfortable, flexible, and durable glove that will last them many games should consider the 0\" class=\"feature-image left\" src=\"\/wp-content\/uploads\/2025\/08\/08mm-ultra-suede-leather-material-for-making-golf-gloves-37362.jpg\"\/><\/p>\n<h3>En <strong>Spray imperm\u00e9able pour daim et cuir<\/strong> En conclusion, les golfeurs qui veulent un gant confortable, flexible et durable qui leur permettra de jouer de nombreuses parties devraient consid\u00e9rer le gant 0<\/h3>\n<p>En <strong>Spray imperm\u00e9able pour daim et cuir<\/strong> En conclusion, les golfeurs qui veulent un gant confortable, flexible et durable qui leur permettra de jouer de nombreuses parties devraient consid\u00e9rer le mat\u00e9riau en cuir ultra-su\u00e9d\u00e9 de 0,8 mm pour la fabrication de gants de golf.<\/p>\n<div class=\"clear\"><\/div>\n<\/div>\n<div class=\"feature-item\">\n<img decoding=\"async\" alt=\"Gr\u00e2ce \u00e0 sa qualit\u00e9 sup\u00e9rieure, \u00e0 sa gamme de couleurs et \u00e0 son excellente durabilit\u00e9, ce mat\u00e9riau est le choix id\u00e9al pour tous ceux qui souhaitent am\u00e9liorer leur jeu de golf.\" class=\"feature-image left\" src=\"\/wp-content\/uploads\/2025\/08\/08mm-ultra-suede-leather-material-for-making-golf-gloves-37363.jpg\"\/><\/p>\n<h3>Gr\u00e2ce \u00e0 sa qualit\u00e9 sup\u00e9rieure, \u00e0 sa gamme de couleurs et \u00e0 son excellente durabilit\u00e9, ce mat\u00e9riau est le choix id\u00e9al pour tous ceux qui souhaitent am\u00e9liorer leur jeu de golf.<\/h3>\n<p>Avec sa qualit\u00e9 sup\u00e9rieure, sa gamme de couleurs et son excellente durabilit\u00e9, ce mat\u00e9riau est le choix id\u00e9al pour tous ceux qui cherchent \u00e0 faire passer leur jeu de golf au niveau sup\u00e9rieur.<\/p>\n<div class=\"clear\"><\/div>\n<\/div>\n<div class=\"feature-item\">\n<img decoding=\"async\" alt=\"Haute r\u00e9sistance \u00e0 la d\u00e9chirure - Ultrasuede Microfibre Faux cuir pour gants de cyclisme\" class=\"feature-image left\" src=\"\/wp-content\/uploads\/2025\/08\/07mm-ultrasuede-microfiber-faux-leather-for-cycling-gloves--37882.jpg\"\/><\/p>\n<h3>R\u00e9sistance \u00e9lev\u00e9e \u00e0 la d\u00e9chirure<\/h3>\n<p>Notre cuir microfibre Ultrasuede pr\u00e9sente une r\u00e9sistance exceptionnelle \u00e0 la d\u00e9chirure, ce qui garantit qu'il ne se cassera pas et ne se d\u00e9formera pas facilement sous l'effet du stress. Il est donc id\u00e9al pour les produits n\u00e9cessitant une durabilit\u00e9 et des performances \u00e0 long terme.<\/p>\n<div class=\"clear\"><\/div>\n<\/div>\n<div class=\"feature-item\">\n<img decoding=\"async\" alt=\"R\u00e9tention de la forme - Ultrasuede Microfibre Faux cuir pour gants de cyclisme\" class=\"feature-image right\" src=\"\/wp-content\/uploads\/2025\/08\/07mm-ultrasuede-microfiber-faux-leather-for-cycling-gloves--37883.jpg\"\/><\/p>\n<h3>Pas facile \u00e0 d\u00e9former<\/h3>\n<p>Sp\u00e9cialement trait\u00e9 pour conserver sa forme originale, ce mat\u00e9riau offre une excellente \u00e9lasticit\u00e9 et une grande stabilit\u00e9. Il r\u00e9siste aux d\u00e9formations dues \u00e0 la pression ext\u00e9rieure ou \u00e0 l'\u00e9tirement, ce qui permet aux produits de rester intacts et attrayants au fil du temps.<\/p>\n<div class=\"clear\"><\/div>\n<\/div>\n<div class=\"feature-item\">\n<img decoding=\"async\" alt=\"Durabilit\u00e9 - Ultrasuede Microfibre Faux cuir pour gants de cyclisme\" class=\"feature-image left\" src=\"\/wp-content\/uploads\/2025\/08\/07mm-ultrasuede-microfiber-faux-leather-for-cycling-gloves--37884.jpg\"\/><\/p>\n<h3>Durabilit\u00e9<\/h3>\n<p>Extr\u00eamement r\u00e9sistant \u00e0 l'abrasion, aux d\u00e9chirures et aux perforations, ce mat\u00e9riau permet aux gants de rester en parfait \u00e9tat, m\u00eame en cas d'utilisation prolong\u00e9e. Il conserve \u00e9galement une excellente dext\u00e9rit\u00e9 et une grande solidit\u00e9 pour les articles en cuir de haute qualit\u00e9.<\/p>\n<div class=\"clear\"><\/div>\n<\/div>\n<\/section>\n<section id=\"why-choose-us\">\n<h2>Pourquoi choisir WINIW<\/h2>\n<div class=\"advantage-item\">\n<h3>En outre, le 0<\/h3>\n<p>De plus, le mat\u00e9riau en cuir ultra-suede de 0,8 mm pour la fabrication de gants de golf est disponible dans une large gamme de couleurs, ce qui permet aux golfeurs de trouver l'accord parfait avec leur style et leur go\u00fbt. Sa belle finition et sa qualit\u00e9 sup\u00e9rieure le distinguent des autres gants de golf du march\u00e9.<\/p>\n<\/div>\n<div class=\"advantage-item\">\n<h3>Assurance qualit\u00e9<\/h3>\n<p>Nous mettons en \u0153uvre un contr\u00f4le de qualit\u00e9 strict tout au long de la cha\u00eene de production et d'approvisionnement, en adh\u00e9rant aux normes ISO9001. De la s\u00e9lection des mati\u00e8res premi\u00e8res \u00e0 l'inspection finale, nous donnons la priorit\u00e9 aux int\u00e9r\u00eats des clients.<\/p>\n<\/div>\n<div class=\"advantage-item\">\n<h3>\u00c9quipe technique professionnelle<\/h3>\n<p>Notre \u00e9quipe technique sp\u00e9cialis\u00e9e se compose de professionnels exp\u00e9riment\u00e9s dans divers domaines, qui se consacrent \u00e0 la fourniture de produits de haute qualit\u00e9 et de solutions sur mesure.<\/p>\n<\/div>\n<div class=\"advantage-item\">\n<h3>Large \u00e9ventail d'applications<\/h3>\n<p>Nos mat\u00e9riaux sont largement utilis\u00e9s dans les chaussures, les v\u00eatements, les bagages, les int\u00e9rieurs d'automobiles, les canap\u00e9s, etc.<\/p>\n<\/div>\n<div class=\"advantage-item\">\n<h3>Une exp\u00e9rience riche<\/h3>\n<p>Quanzhou WINIW Import &amp; Export Co. poss\u00e8de plus de 20 ans d'exp\u00e9rience en mati\u00e8re de production et offre des solutions parfaites aux clients du monde entier.<\/p>\n<\/div>\n<div class=\"advantage-item\">\n<h3>Prix abordable<\/h3>\n<p>Nous proposons des prix comp\u00e9titifs et un excellent service \u00e0 la client\u00e8le. Demandez un catalogue ou visitez notre usine pour d\u00e9couvrir nos produits.<\/p>\n<\/div>\n<div class=\"advantage-item\">\n<h3>Service client\u00e8le en ligne 24 heures sur 24<\/h3>\n<p>Notre \u00e9quipe est disponible 24 heures sur 24, 7 jours sur 7, pour r\u00e9pondre aux demandes de renseignements et traiter rapidement les commentaires.<\/p>\n<\/div>\n<p><img decoding=\"async\" alt=\"Installation de production WINIW - Processus de fabrication du cuir microfibre Ultrasuede\" class=\"product-image\" src=\"\/wp-content\/uploads\/2025\/08\/07mm-ultrasuede-microfiber-faux-leather-for-cycling-gloves--37888.jpg\"\/><br \/>\n<\/section>\n<p><\/main><\/p>\n<section id=\"inquiry\">\n<h2 style=\"text-align: center;\">Dans l'attente de votre demande, nous vous prions d'agr\u00e9er, Madame, Monsieur, l'expression de nos salutations distingu\u00e9es.<\/h2>\n<p style=\"text-align: center;\">Contactez-nous d\u00e8s aujourd'hui pour en savoir plus sur nos produits et passer votre commande.<\/p>\n<\/section>\n\n    <div class=\"xs_social_share_widget xs_share_url after_content \t\tmain_content  wslu-style-1 wslu-share-box-shaped wslu-fill-colored wslu-none wslu-share-horizontal wslu-theme-font-no wslu-main_content\">\n\n\t\t\n        <ul>\n\t\t\t        <\/ul>\n    <\/div>","protected":false},"excerpt":{"rendered":"<div class=\"product-short-description\">Gloves Leather 0.8mm Ultra-Suede Leather Material For Making Golf Gloves WINIW 0.8mm Ultra-Suede Leather Material For Making Golf Gloves Key features include.Ideal for those seeking quality and reliability.<\/p>\n<p>En tant qu'usine directe, fabricant et grossiste, nous pouvons contr\u00f4ler strictement le processus de production afin de garantir la qualit\u00e9 des produits tout en vous offrant les prix les plus favorables. Nous disposons d'\u00e9quipements de production avanc\u00e9s et d'une \u00e9quipe technique professionnelle pour r\u00e9pondre \u00e0 vos besoins en mati\u00e8re de commandes \u00e0 grande \u00e9chelle et garantir une livraison dans les d\u00e9lais.<\/p>\n<\/div>","protected":false},"featured_media":5967,"template":"","meta":[],"product_brand":[],"product_cat":[308],"product_tag":[19335],"class_list":{"0":"post-29746","1":"product","2":"type-product","3":"status-publish","4":"has-post-thumbnail","6":"product_cat-gloves-leather","7":"product_tag-football-leather-material-customfootball-leather-material-importerfootball-leather-material-importfootball-leather-material-agencyfootball-leather-material-agenciesfootball-leather-material-bulk","9":"first","10":"instock","11":"product-type-simple"},"_links":{"self":[{"href":"https:\/\/www.eco-leather.com\/fr\/wp-json\/wp\/v2\/product\/29746","targetHints":{"allow":["GET"]}}],"collection":[{"href":"https:\/\/www.eco-leather.com\/fr\/wp-json\/wp\/v2\/product"}],"about":[{"href":"https:\/\/www.eco-leather.com\/fr\/wp-json\/wp\/v2\/types\/product"}],"wp:featuredmedia":[{"embeddable":true,"href":"https:\/\/www.eco-leather.com\/fr\/wp-json\/wp\/v2\/media\/5967"}],"wp:attachment":[{"href":"https:\/\/www.eco-leather.com\/fr\/wp-json\/wp\/v2\/media?parent=29746"}],"wp:term":[{"taxonomy":"product_brand","embeddable":true,"href":"https:\/\/www.eco-leather.com\/fr\/wp-json\/wp\/v2\/product_brand?post=29746"},{"taxonomy":"product_cat","embeddable":true,"href":"https:\/\/www.eco-leather.com\/fr\/wp-json\/wp\/v2\/product_cat?post=29746"},{"taxonomy":"product_tag","embeddable":true,"href":"https:\/\/www.eco-leather.com\/fr\/wp-json\/wp\/v2\/product_tag?post=29746"}],"curies":[{"name":"wp","href":"https:\/\/api.w.org\/{rel}","templated":true}]}}