{"id":29734,"date":"2025-09-07T11:06:01","date_gmt":"2025-09-07T03:06:01","guid":{"rendered":"https:\/\/www.eco-leather.com\/product\/0-6mm-synthetic-microsuede-leather-roll-for-riding-gloves\/"},"modified":"2025-09-07T11:06:08","modified_gmt":"2025-09-07T03:06:08","slug":"0-rouleau-de-cuir-microsuede-synthetique-de-6-mm-pour-gants-dequitation","status":"publish","type":"product","link":"https:\/\/www.eco-leather.com\/fr\/0-rouleau-de-cuir-microsuede-synthetique-de-6-mm-pour-gants-dequitation\/","title":{"rendered":"Rouleau de cuir synth\u00e9tique Microsuede 0.6mm pour gants d'\u00e9quitation"},"content":{"rendered":"<h2>Rouleau de cuir synth\u00e9tique Microsuede 0.6mm pour gants d'\u00e9quitation fournisseur<\/h2>\n<p><main><\/p>\n<section id=\"product-overview\">\n<h2>Description du produit<\/h2>\n<p>produit <strong>Semelle en faux cuir<\/strong> description<\/p>\n<p>Le pr\u00e9sent <strong>Pantalon en cuir Pu Hommes<\/strong> Le rouleau de cuir microsu\u00e8de synth\u00e9tique est parfait pour fabriquer des gants d'\u00e9quitation qui offrent une adh\u00e9rence et un contr\u00f4le in\u00e9gal\u00e9s pendant la conduite. L'\u00e9paisseur de 0,6 mm offre une excellente protection contre les \u00e9l\u00e9ments, tandis que la texture douce et souple offre une sensation de luxe sur vos mains.<\/p>\n<p>Notre <strong>Automobile Si\u00e8ges en cuir Chien d'assistance<\/strong> Le cuir microsu\u00e8de synth\u00e9tique est \u00e9galement incroyablement facile \u00e0 travailler, ce qui le rend parfait pour les d\u00e9butants comme pour les artisans professionnels. Il peut \u00eatre facilement coup\u00e9 \u00e0 la bonne taille et cousu pour cr\u00e9er des gants d'\u00e9quitation parfaitement ajust\u00e9s.<\/p>\n<p>Si <strong>Bo\u00eetes en simili cuir Chine<\/strong> que vous soyez un cavalier exp\u00e9riment\u00e9 ou que vous d\u00e9butiez, notre rouleau en cuir synth\u00e9tique microsu\u00e8de est le choix id\u00e9al pour cr\u00e9er des gants d'\u00e9quitation qui dureront des ann\u00e9es.<\/p>\n<p>Alors, pourquoi se contenter de moins que le meilleur ? Commandez d\u00e8s aujourd'hui votre rouleau de cuir synth\u00e9tique Microsuede de 0,6 mm et commencez \u00e0 cr\u00e9er vos meilleurs gants d'\u00e9quitation !<\/p>\n<p>Fabriqu\u00e9 \u00e0 partir de mat\u00e9riaux en microfibre de haute qualit\u00e9, notre similicuir en microfibre Ultrasuede de 0,7 mm est le choix id\u00e9al pour les gants de cyclisme. Il allie souplesse et r\u00e9sistance, et offre des propri\u00e9t\u00e9s exceptionnelles de respirabilit\u00e9 et d'\u00e9vacuation de l'humidit\u00e9 pour garder les mains au frais et au sec pendant les sorties intenses.<\/p>\n<p>Que vous soyez un cycliste professionnel ou amateur, le cuir microfibre est un mat\u00e9riau qui offre un confort et une protection imbattables. Sa grande r\u00e9sistance \u00e0 l'abrasion et aux d\u00e9chirures garantit des performances durables, tandis que son design \u00e9l\u00e9gant ajoute une touche sophistiqu\u00e9e \u00e0 tout ensemble de cyclisme.<\/p>\n<\/section>\n<section id=\"specifications\">\n<h2>Param\u00e8tres techniques<\/h2>\n<ul class_=\"parameters-list\">\n<li><span class=\"param-name\">param\u00e8tre <strong>Cuir de confection Import\u00e9<\/strong> Mat\u00e9riau :<\/span> microfibre + PU. couleur : Noir, Gris, Beige. Epaisseur : 0,6mm, 0,7mm, 0,8mm, 1mm.<\/li>\n<li><span class=\"param-name\">Quantit\u00e9 minimale de commande :<\/span> 300 m\u00e8tres lin\u00e9aires. Longueur du rouleau : 20-30m\/rouleau D\u00e9lai de livraison : 15-20 jours Largeur : 54 , 137cm Capacit\u00e9 de production : 1.000.000 m\u00e8tres par mois.<\/li>\n<\/ul>\n<p><img decoding=\"async\" alt=\"0.7mm Ultrasuede Microfiber Faux cuir pour gants de cyclisme - Sp\u00e9cification des mat\u00e9riaux\" class=\"product-image\" src=\"\/wp-content\/uploads\/2025\/08\/07mm-ultrasuede-microfiber-faux-leather-for-cycling-gloves--37881.jpg\"\/><\/p>\n<h3>Param\u00e8tres du produit<\/h3>\n<ul class=\"parameters-list\">\n<li><span class=\"param-name\">Mat\u00e9riau :<\/span> Microfibre + PU<\/li>\n<li><span class=\"param-name\">Couleur :<\/span> Noir, Gris, Beige (couleurs personnalis\u00e9es disponibles)<\/li>\n<li><span class=\"param-name\">\u00c9paisseur :<\/span> 0,6 mm, 0,7 mm, 0,8 mm, 1 mm<\/li>\n<li><span class=\"param-name\">Quantit\u00e9 minimale de commande :<\/span> 300 m\u00e8tres lin\u00e9aires<\/li>\n<li><span class=\"param-name\">Longueur du rouleau :<\/span> 20-30m\/rouleau<\/li>\n<li><span class=\"param-name\">D\u00e9lai de livraison :<\/span> 15-20 jours<\/li>\n<li><span class=\"param-name\">Largeur :<\/span> 54\u2033, 137cm<\/li>\n<li><span class=\"param-name\">Capacit\u00e9 de production :<\/span> 1 000 000 m\u00e8tres par mois<\/li>\n<\/ul>\n<\/section>\n<section id=\"features\">\n<h2>Caract\u00e9ristiques du produit<\/h2>\n<div class=\"feature-item\">\n<img decoding=\"async\" alt=\"IntroductionFaux Leathermanour imperm\u00e9able 0\" class=\"feature-image left\" src=\"\/wp-content\/uploads\/2025\/08\/06mm-synthetic-microsuede-leather-roll-for-riding-gloves-37274.jpg\"\/><\/p>\n<h3>Introduction <strong>Faux Leatherman \u00e9tanche<\/strong> notre 0<\/h3>\n<p>Introduction <strong>Faux Leatherman \u00e9tanche<\/strong> notre rouleau de cuir synth\u00e9tique microsu\u00e8de de 0,6 mm, sp\u00e9cialement con\u00e7u pour cr\u00e9er des gants d'\u00e9quitation de qualit\u00e9 sup\u00e9rieure ! Notre cuir microsu\u00e8de est fabriqu\u00e9 \u00e0 partir de mat\u00e9riaux synth\u00e9tiques de premi\u00e8re qualit\u00e9, garantissant durabilit\u00e9, confort et style.<\/p>\n<div class=\"clear\"><\/div>\n<\/div>\n<div class=\"feature-item\">\n<img decoding=\"async\" alt=\"Caract\u00e9ristiques principales\" class=\"feature-image left\" src=\"\/wp-content\/uploads\/2025\/08\/06mm-synthetic-microsuede-leather-roll-for-riding-gloves-37275.jpg\"\/><\/p>\n<h3>Caract\u00e9ristiques principales<\/h3>\n<p>D\u00e9tails et caract\u00e9ristiques du produit<\/p>\n<div class=\"clear\"><\/div>\n<\/div>\n<div class=\"feature-item\">\n<img decoding=\"async\" alt=\"Haute r\u00e9sistance \u00e0 la d\u00e9chirure - Ultrasuede Microfibre Faux cuir pour gants de cyclisme\" class=\"feature-image left\" src=\"\/wp-content\/uploads\/2025\/08\/07mm-ultrasuede-microfiber-faux-leather-for-cycling-gloves--37882.jpg\"\/><\/p>\n<h3>R\u00e9sistance \u00e9lev\u00e9e \u00e0 la d\u00e9chirure<\/h3>\n<p>Notre cuir microfibre Ultrasuede pr\u00e9sente une r\u00e9sistance exceptionnelle \u00e0 la d\u00e9chirure, ce qui garantit qu'il ne se cassera pas et ne se d\u00e9formera pas facilement sous l'effet du stress. Il est donc id\u00e9al pour les produits n\u00e9cessitant une durabilit\u00e9 et des performances \u00e0 long terme.<\/p>\n<div class=\"clear\"><\/div>\n<\/div>\n<div class=\"feature-item\">\n<img decoding=\"async\" alt=\"R\u00e9tention de la forme - Ultrasuede Microfibre Faux cuir pour gants de cyclisme\" class=\"feature-image right\" src=\"\/wp-content\/uploads\/2025\/08\/07mm-ultrasuede-microfiber-faux-leather-for-cycling-gloves--37883.jpg\"\/><\/p>\n<h3>Pas facile \u00e0 d\u00e9former<\/h3>\n<p>Sp\u00e9cialement trait\u00e9 pour conserver sa forme originale, ce mat\u00e9riau offre une excellente \u00e9lasticit\u00e9 et une grande stabilit\u00e9. Il r\u00e9siste aux d\u00e9formations dues \u00e0 la pression ext\u00e9rieure ou \u00e0 l'\u00e9tirement, ce qui permet aux produits de rester intacts et attrayants au fil du temps.<\/p>\n<div class=\"clear\"><\/div>\n<\/div>\n<div class=\"feature-item\">\n<img decoding=\"async\" alt=\"Durabilit\u00e9 - Ultrasuede Microfibre Faux cuir pour gants de cyclisme\" class=\"feature-image left\" src=\"\/wp-content\/uploads\/2025\/08\/07mm-ultrasuede-microfiber-faux-leather-for-cycling-gloves--37884.jpg\"\/><\/p>\n<h3>Durabilit\u00e9<\/h3>\n<p>Extr\u00eamement r\u00e9sistant \u00e0 l'abrasion, aux d\u00e9chirures et aux perforations, ce mat\u00e9riau permet aux gants de rester en parfait \u00e9tat, m\u00eame en cas d'utilisation prolong\u00e9e. Il conserve \u00e9galement une excellente dext\u00e9rit\u00e9 et une grande solidit\u00e9 pour les articles en cuir de haute qualit\u00e9.<\/p>\n<div class=\"clear\"><\/div>\n<\/div>\n<\/section>\n<p><\/main><\/p>\n<section id=\"inquiry\">\n<h2 style=\"text-align: center;\">Dans l'attente de votre demande, nous vous prions d'agr\u00e9er, Madame, Monsieur, l'expression de nos salutations distingu\u00e9es.<\/h2>\n<p style=\"text-align: center;\">Contactez-nous d\u00e8s aujourd'hui pour en savoir plus sur nos produits et passer votre commande.<\/p>\n<\/section>\n\n    <div class=\"xs_social_share_widget xs_share_url after_content \t\tmain_content  wslu-style-1 wslu-share-box-shaped wslu-fill-colored wslu-none wslu-share-horizontal wslu-theme-font-no wslu-main_content\">\n\n\t\t\n        <ul>\n\t\t\t        <\/ul>\n    <\/div>","protected":false},"excerpt":{"rendered":"<div class=\"product-short-description\">Gants Cuir 0.6mm Microsuede synth\u00e9tique Rouleau de cuir pour gants d'\u00e9quitation WINIW 0.6mm Microsuede synth\u00e9tique Rouleau de cuir pour gants d'\u00e9quitation Les principales caract\u00e9ristiques sont les suivantes : Id\u00e9al pour ceux qui recherchent la qualit\u00e9 et la fiabilit\u00e9.<\/p>\n<p>En tant qu'usine directe, fabricant et grossiste, nous pouvons contr\u00f4ler strictement le processus de production afin de garantir la qualit\u00e9 des produits tout en vous offrant les prix les plus favorables. Nous disposons d'\u00e9quipements de production avanc\u00e9s et d'une \u00e9quipe technique professionnelle pour r\u00e9pondre \u00e0 vos besoins en mati\u00e8re de commandes \u00e0 grande \u00e9chelle et garantir une livraison dans les d\u00e9lais.<\/p>\n<\/div>","protected":false},"featured_media":5943,"template":"","meta":[],"product_brand":[],"product_cat":[308],"product_tag":[19330],"class_list":{"0":"post-29734","1":"product","2":"type-product","3":"status-publish","4":"has-post-thumbnail","6":"product_cat-gloves-leather","7":"product_tag-synthetic-leather-roll-manufacturersynthetic-leather-roll-companiessynthetic-leather-roll-traderssynthetic-leather-roll-distributorsynthetic-leather-roll-wholesalersynthetic-leather-roll-importer","9":"first","10":"instock","11":"product-type-simple"},"_links":{"self":[{"href":"https:\/\/www.eco-leather.com\/fr\/wp-json\/wp\/v2\/product\/29734","targetHints":{"allow":["GET"]}}],"collection":[{"href":"https:\/\/www.eco-leather.com\/fr\/wp-json\/wp\/v2\/product"}],"about":[{"href":"https:\/\/www.eco-leather.com\/fr\/wp-json\/wp\/v2\/types\/product"}],"wp:featuredmedia":[{"embeddable":true,"href":"https:\/\/www.eco-leather.com\/fr\/wp-json\/wp\/v2\/media\/5943"}],"wp:attachment":[{"href":"https:\/\/www.eco-leather.com\/fr\/wp-json\/wp\/v2\/media?parent=29734"}],"wp:term":[{"taxonomy":"product_brand","embeddable":true,"href":"https:\/\/www.eco-leather.com\/fr\/wp-json\/wp\/v2\/product_brand?post=29734"},{"taxonomy":"product_cat","embeddable":true,"href":"https:\/\/www.eco-leather.com\/fr\/wp-json\/wp\/v2\/product_cat?post=29734"},{"taxonomy":"product_tag","embeddable":true,"href":"https:\/\/www.eco-leather.com\/fr\/wp-json\/wp\/v2\/product_tag?post=29734"}],"curies":[{"name":"wp","href":"https:\/\/api.w.org\/{rel}","templated":true}]}}