{"id":29634,"date":"2025-09-07T11:05:09","date_gmt":"2025-09-07T03:05:09","guid":{"rendered":"https:\/\/www.eco-leather.com\/product\/1mm-numerous-colors-synthetic-pu-leather-for-garment-label\/"},"modified":"2025-09-08T11:56:39","modified_gmt":"2025-09-08T03:56:39","slug":"1mm-nombreuses-couleurs-cuir-synthetique-pour-etiquette-de-vetement","status":"publish","type":"product","link":"https:\/\/www.eco-leather.com\/fr\/1mm-nombreuses-couleurs-cuir-synthetique-pour-etiquette-de-vetement\/","title":{"rendered":"Cuir PU synth\u00e9tique de 1 mm aux couleurs vari\u00e9es pour l'\u00e9tiquetage des v\u00eatements"},"content":{"rendered":"<h2>1mm Nombreuses couleurs Cuir PU Synth\u00e9tique Pour Etiquette de V\u00eatement d\u00e9tails<\/h2>\n<p>&nbsp;<\/p>\n<section id=\"product-overview\">\n<h2>Description du produit<\/h2>\n<p>produit <strong>Cuir imprim\u00e9<\/strong> description<\/p>\n<p>Le <strong>Cuir de confection Import\u00e9<\/strong> Le plus beau dans ce cuir, ce sont ses nombreuses options de couleur : vous n'aurez que l'embarras du choix ! Des nuances classiques aux teintes audacieuses et vibrantes, il y a une couleur qui convient \u00e0 chaque design et \u00e0 chaque style.<\/p>\n<p>Fabriqu\u00e9 \u00e0 partir de mat\u00e9riaux synth\u00e9tiques, il est \u00e9galement respectueux de l'environnement et sans cruaut\u00e9, ce qui en fait un choix \u00e9thique pour ceux qui placent la durabilit\u00e9 au premier plan de leurs choix de produits.<\/p>\n<p>Fabriqu\u00e9 \u00e0 partir de mat\u00e9riaux en microfibre de haute qualit\u00e9, notre similicuir en microfibre Ultrasuede de 0,7 mm est le choix id\u00e9al pour les gants de cyclisme. Il allie souplesse et r\u00e9sistance, et offre des propri\u00e9t\u00e9s exceptionnelles de respirabilit\u00e9 et d'\u00e9vacuation de l'humidit\u00e9 pour garder les mains au frais et au sec pendant les sorties intenses.<\/p>\n<p>Que vous soyez un cycliste professionnel ou amateur, le cuir microfibre est un mat\u00e9riau qui offre un confort et une protection imbattables. Sa grande r\u00e9sistance \u00e0 l'abrasion et aux d\u00e9chirures garantit des performances durables, tandis que son design \u00e9l\u00e9gant ajoute une touche sophistiqu\u00e9e \u00e0 tout ensemble de cyclisme.<\/p>\n<\/section>\n<section id=\"specifications\">\n<h2>Param\u00e8tres techniques<\/h2>\n<ul>\n<li><span class=\"param-name\">param\u00e8tre <strong>Bo\u00eetes en simili cuir Chine<\/strong> Mat\u00e9riau :<\/span> microfibre + PU. couleur : noir, marron, couleurs personnalis\u00e9es. Epaisseur : 0.8-2.00mm Quantit\u00e9 minimale de commande : 300 m\u00e8tres lin\u00e9aires.<\/li>\n<li><span class=\"param-name\">Longueur du rouleau :<\/span> 20-30m\/rouleau d\u00e9lai de livraison : 15-20 jours. largeur : 54 , 137cm Capacit\u00e9 de production : 1.000.000 m\u00e8tres par mois.<\/li>\n<\/ul>\n<p><img decoding=\"async\" class=\"product-image\" src=\"\/wp-content\/uploads\/2025\/08\/07mm-ultrasuede-microfiber-faux-leather-for-cycling-gloves--37881.jpg\" alt=\"0.7mm Ultrasuede Microfiber Faux cuir pour gants de cyclisme - Sp\u00e9cification des mat\u00e9riaux\" \/><\/p>\n<h3>Param\u00e8tres du produit<\/h3>\n<ul class=\"parameters-list\">\n<li><span class=\"param-name\">Mat\u00e9riau :<\/span> Microfibre + PU<\/li>\n<li><span class=\"param-name\">Couleur :<\/span> Noir, Gris, Beige (couleurs personnalis\u00e9es disponibles)<\/li>\n<li><span class=\"param-name\">\u00c9paisseur :<\/span> 0,6 mm, 0,7 mm, 0,8 mm, 1 mm<\/li>\n<li><span class=\"param-name\">Quantit\u00e9 minimale de commande :<\/span> 300 m\u00e8tres lin\u00e9aires<\/li>\n<li><span class=\"param-name\">Longueur du rouleau :<\/span> 20-30m\/rouleau<\/li>\n<li><span class=\"param-name\">D\u00e9lai de livraison :<\/span> 15-20 jours<\/li>\n<li><span class=\"param-name\">Largeur :<\/span> 54\u2033, 137cm<\/li>\n<li><span class=\"param-name\">Capacit\u00e9 de production :<\/span> 1 000 000 m\u00e8tres par mois<\/li>\n<\/ul>\n<\/section>\n<section id=\"features\">\n<h2>Caract\u00e9ristiques du produit<\/h2>\n<div class=\"feature-item\"><img decoding=\"async\" class=\"feature-image left\" src=\"\/wp-content\/uploads\/2025\/08\/-trade-mark-584-36325.jpg\" alt=\"InSuede Leather Waterproof Spraysummary, notre cuir PU synth\u00e9tique de 1 mm aux multiples couleurs pour les \u00e9tiquettes de v\u00eatements est une option polyvalente, de haute qualit\u00e9 et durable qui offre une large gamme de choix de couleurs pour s&#039;adapter \u00e0 tout design ou style.\" \/><\/p>\n<h3>En <strong>Spray imperm\u00e9able pour daim et cuir<\/strong> En r\u00e9sum\u00e9, notre cuir PU synth\u00e9tique de 1 mm \u00e0 couleurs multiples pour \u00e9tiquettes de v\u00eatements est une option polyvalente, de haute qualit\u00e9 et durable qui offre une large gamme de choix de couleurs pour s'adapter \u00e0 n'importe quel design ou style.<\/h3>\n<p>En <strong>Spray imperm\u00e9able pour daim et cuir<\/strong> En r\u00e9sum\u00e9, notre cuir PU synth\u00e9tique de 1 mm \u00e0 couleurs multiples pour \u00e9tiquettes de v\u00eatements est une option polyvalente, de haute qualit\u00e9 et durable qui offre une large gamme de choix de couleurs pour s'adapter \u00e0 n'importe quel design ou style.<\/p>\n<div class=\"clear\"><\/div>\n<\/div>\n<div class=\"feature-item\"><img decoding=\"async\" class=\"feature-image left\" src=\"\/wp-content\/uploads\/2025\/08\/-trade-mark-584-36326.jpg\" alt=\"Nous sommes convaincus que vous appr\u00e9cierez autant que nous sa durabilit\u00e9 et son toucher doux et confortable.\" \/><\/p>\n<h3>Nous sommes convaincus que vous appr\u00e9cierez autant que nous sa durabilit\u00e9 et son toucher doux et confortable.<\/h3>\n<p>Nous sommes convaincus que vous appr\u00e9cierez autant que nous sa durabilit\u00e9 et son toucher doux et confortable. Passez votre commande d\u00e8s aujourd'hui et constatez par vous-m\u00eame la diff\u00e9rence qu'il peut apporter \u00e0 votre prochain projet ! D\u00e9tails et caract\u00e9ristiques du produit<\/p>\n<div class=\"clear\"><\/div>\n<\/div>\n<div class=\"feature-item\"><img decoding=\"async\" class=\"feature-image left\" src=\"\/wp-content\/uploads\/2025\/08\/07mm-ultrasuede-microfiber-faux-leather-for-cycling-gloves--37882.jpg\" alt=\"Haute r\u00e9sistance \u00e0 la d\u00e9chirure - Ultrasuede Microfibre Faux cuir pour gants de cyclisme\" \/><\/p>\n<h3>R\u00e9sistance \u00e9lev\u00e9e \u00e0 la d\u00e9chirure<\/h3>\n<p>Notre cuir microfibre Ultrasuede pr\u00e9sente une r\u00e9sistance exceptionnelle \u00e0 la d\u00e9chirure, ce qui garantit qu'il ne se cassera pas et ne se d\u00e9formera pas facilement sous l'effet du stress. Il est donc id\u00e9al pour les produits n\u00e9cessitant une durabilit\u00e9 et des performances \u00e0 long terme.<\/p>\n<div class=\"clear\"><\/div>\n<\/div>\n<div class=\"feature-item\"><img decoding=\"async\" class=\"feature-image right\" src=\"\/wp-content\/uploads\/2025\/08\/07mm-ultrasuede-microfiber-faux-leather-for-cycling-gloves--37883.jpg\" alt=\"R\u00e9tention de la forme - Ultrasuede Microfibre Faux cuir pour gants de cyclisme\" \/><\/p>\n<h3>Pas facile \u00e0 d\u00e9former<\/h3>\n<p>Sp\u00e9cialement trait\u00e9 pour conserver sa forme originale, ce mat\u00e9riau offre une excellente \u00e9lasticit\u00e9 et une grande stabilit\u00e9. Il r\u00e9siste aux d\u00e9formations dues \u00e0 la pression ext\u00e9rieure ou \u00e0 l'\u00e9tirement, ce qui permet aux produits de rester intacts et attrayants au fil du temps.<\/p>\n<div class=\"clear\"><\/div>\n<\/div>\n<div class=\"feature-item\"><img decoding=\"async\" class=\"feature-image left\" src=\"\/wp-content\/uploads\/2025\/08\/07mm-ultrasuede-microfiber-faux-leather-for-cycling-gloves--37884.jpg\" alt=\"Durabilit\u00e9 - Ultrasuede Microfibre Faux cuir pour gants de cyclisme\" \/><\/p>\n<h3>Durabilit\u00e9<\/h3>\n<p>Extr\u00eamement r\u00e9sistant \u00e0 l'abrasion, aux d\u00e9chirures et aux perforations, ce mat\u00e9riau permet aux gants de rester en parfait \u00e9tat, m\u00eame en cas d'utilisation prolong\u00e9e. Il conserve \u00e9galement une excellente dext\u00e9rit\u00e9 et une grande solidit\u00e9 pour les articles en cuir de haute qualit\u00e9.<\/p>\n<div class=\"clear\"><\/div>\n<\/div>\n<\/section>\n<section id=\"usage\">\n<h2>Utilisation et applications<\/h2>\n<p><img fetchpriority=\"high\" decoding=\"async\" src=\"\/wp-content\/uploads\/2025\/08\/-trade-mark-584-36324.jpg\" alt=\"1mm Nombreuses couleurs Cuir PU Synth\u00e9tique Pour Etiquette de V\u00eatement d\u00e9tails\" width=\"350\" height=\"350\" \/><\/p>\n<div class=\"usage-point\">\n<h3>Introduction <strong>Importateurs de chaussures en cuir v\u00e9g\u00e9talien<\/strong> notre nouveau produit, le cuir synth\u00e9tique PU de 1 mm \u00e0 couleurs multiples pour \u00e9tiquettes de v\u00eatements ! Ce cuir synth\u00e9tique polyvalent et de haute qualit\u00e9 est le choix parfait pour ajouter une touche de classe et de sophistication \u00e0 toute \u00e9tiquette de v\u00eatement.<\/h3>\n<p>Introduction <strong>Importateurs de chaussures en cuir v\u00e9g\u00e9talien<\/strong> notre nouveau produit, le cuir synth\u00e9tique PU de 1 mm \u00e0 couleurs multiples pour \u00e9tiquettes de v\u00eatements ! Ce cuir synth\u00e9tique polyvalent et de haute qualit\u00e9 est le choix parfait pour ajouter une touche de classe et de sophistication \u00e0 toute \u00e9tiquette de v\u00eatement.<\/p>\n<\/div>\n<div class=\"usage-point\">\n<h3>D'une \u00e9paisseur de 1 mm, il est suffisamment durable pour r\u00e9sister \u00e0 une utilisation r\u00e9guli\u00e8re tout en restant doux et confortable au toucher.<\/h3>\n<p>D'une \u00e9paisseur de 1 mm, il est suffisamment durable pour r\u00e9sister \u00e0 une utilisation r\u00e9guli\u00e8re tout en restant doux et confortable au toucher. Notre <strong>Sacs en cuir d'occasion<\/strong> 1mm Nombreuses couleurs Le cuir PU synth\u00e9tique est \u00e9galement facile \u00e0 travailler, ce qui permet de le d\u00e9couper, de le fa\u00e7onner et de le coudre en fonction de vos besoins.<\/p>\n<\/div>\n<div class=\"usage-point\">\n<h3>Il est parfait pour une large gamme d'applications dans le domaine de la mode, y compris les \u00e9tiquettes pour les v\u00eatements, les sacs et les accessoires.<\/h3>\n<p>Il est parfait pour une large gamme d'applications dans le domaine de la mode, y compris les \u00e9tiquettes pour les v\u00eatements, les sacs et les accessoires. Que vous soyez styliste, fabricant de v\u00eatements ou amateur, notre cuir est le compl\u00e9ment id\u00e9al de votre collection.<\/p>\n<\/div>\n<div class=\"usage-point\">\n<h3>Confortable et respirant<\/h3>\n<p>Doux, confortable et tr\u00e8s respirant, ce mat\u00e9riau est parfait pour les gants de cyclisme et autres produits port\u00e9s pendant de longues p\u00e9riodes. Il permet de garder les mains au frais et au sec pendant les activit\u00e9s intenses.<\/p>\n<\/div>\n<div class=\"usage-point\">\n<h3>Respectueux de l'environnement et durable<\/h3>\n<p>Notre similicuir en microfibre Ultrasuede comprend des options respectueuses de l'environnement, telles que des variantes fabriqu\u00e9es \u00e0 partir de PET recycl\u00e9 et de mat\u00e9riaux d'origine v\u00e9g\u00e9tale, r\u00e9duisant ainsi l'impact sur l'environnement tout en offrant des textures vari\u00e9es.<\/p>\n<\/div>\n<div class=\"usage-point\">\n<h3>Protection antibact\u00e9rienne et anti-poussi\u00e8re<\/h3>\n<p>Les variantes s\u00e9lectionn\u00e9es pr\u00e9sentent des propri\u00e9t\u00e9s antibact\u00e9riennes et r\u00e9sistantes \u00e0 la poussi\u00e8re, r\u00e9pondant \u00e0 des normes d'hygi\u00e8ne \u00e9lev\u00e9es, id\u00e9ales pour les gants n\u00e9cessitant des contr\u00f4les de qualit\u00e9 et de s\u00e9curit\u00e9 stricts.<\/p>\n<\/div>\n<div class=\"usage-point\">\n<h3>Divers sc\u00e9narios d'application<\/h3>\n<p>Outre les gants de cyclisme, il convient aux gants de contact, aux gants de s\u00e9curit\u00e9 et \u00e0 divers autres types de gants, ainsi qu'aux chaussures, aux v\u00eatements et aux accessoires.<\/p>\n<\/div>\n<p><img decoding=\"async\" class=\"product-image\" src=\"\/wp-content\/uploads\/2025\/08\/07mm-ultrasuede-microfiber-faux-leather-for-cycling-gloves--37885.jpg\" alt=\"Applications du similicuir en microfibre Ultrasuede de 0,7 mm dans divers produits\" \/><br \/>\n<img decoding=\"async\" class=\"product-image\" src=\"\/wp-content\/uploads\/2025\/08\/07mm-ultrasuede-microfiber-faux-leather-for-cycling-gloves--37886.jpg\" alt=\"Gants de cyclisme en cuir microfibre Ultrasuede - exemple de produit\" \/><\/p>\n<\/section>\n<p>&nbsp;<\/p>\n<section id=\"inquiry\">\n<h2 style=\"text-align: center;\">Dans l'attente de votre demande, nous vous prions d'agr\u00e9er, Madame, Monsieur, l'expression de nos salutations distingu\u00e9es.<\/h2>\n<p style=\"text-align: center;\">Contactez-nous d\u00e8s aujourd'hui pour en savoir plus sur nos produits et passer votre commande.<\/p>\n<\/section>\n\n    <div class=\"xs_social_share_widget xs_share_url after_content \t\tmain_content  wslu-style-1 wslu-share-box-shaped wslu-fill-colored wslu-none wslu-share-horizontal wslu-theme-font-no wslu-main_content\">\n\n\t\t\n        <ul>\n\t\t\t        <\/ul>\n    <\/div>","protected":false},"excerpt":{"rendered":"<div class=\"product-short-description\">Etiquettes Cuir 1mm Nombreuses Couleurs Cuir PU Synth\u00e9tique Pour Etiquette de V\u00eatement WINIW 1mm Nombreuses Couleurs Cuir PU Synth\u00e9tique Pour Etiquette de V\u00eatement Les caract\u00e9ristiques principales incluent : Id\u00e9al pour ceux qui recherchent la qualit\u00e9 et la fiabilit\u00e9.<\/p>\n<p>En tant qu'usine directe, fabricant et grossiste, nous pouvons contr\u00f4ler strictement le processus de production afin de garantir la qualit\u00e9 des produits tout en vous offrant les prix les plus favorables. Nous disposons d'\u00e9quipements de production avanc\u00e9s et d'une \u00e9quipe technique professionnelle pour r\u00e9pondre \u00e0 vos besoins en mati\u00e8re de commandes \u00e0 grande \u00e9chelle et garantir une livraison dans les d\u00e9lais.<\/p>\n<\/div>","protected":false},"featured_media":18704,"template":"","meta":[],"product_brand":[],"product_cat":[314],"product_tag":[],"class_list":{"0":"post-29634","1":"product","2":"type-product","3":"status-publish","4":"has-post-thumbnail","6":"product_cat-labels-leather","8":"first","9":"instock","10":"product-type-simple"},"_links":{"self":[{"href":"https:\/\/www.eco-leather.com\/fr\/wp-json\/wp\/v2\/product\/29634","targetHints":{"allow":["GET"]}}],"collection":[{"href":"https:\/\/www.eco-leather.com\/fr\/wp-json\/wp\/v2\/product"}],"about":[{"href":"https:\/\/www.eco-leather.com\/fr\/wp-json\/wp\/v2\/types\/product"}],"wp:featuredmedia":[{"embeddable":true,"href":"https:\/\/www.eco-leather.com\/fr\/wp-json\/wp\/v2\/media\/18704"}],"wp:attachment":[{"href":"https:\/\/www.eco-leather.com\/fr\/wp-json\/wp\/v2\/media?parent=29634"}],"wp:term":[{"taxonomy":"product_brand","embeddable":true,"href":"https:\/\/www.eco-leather.com\/fr\/wp-json\/wp\/v2\/product_brand?post=29634"},{"taxonomy":"product_cat","embeddable":true,"href":"https:\/\/www.eco-leather.com\/fr\/wp-json\/wp\/v2\/product_cat?post=29634"},{"taxonomy":"product_tag","embeddable":true,"href":"https:\/\/www.eco-leather.com\/fr\/wp-json\/wp\/v2\/product_tag?post=29634"}],"curies":[{"name":"wp","href":"https:\/\/api.w.org\/{rel}","templated":true}]}}