{"id":29620,"date":"2025-09-07T11:05:09","date_gmt":"2025-09-07T03:05:09","guid":{"rendered":"https:\/\/www.eco-leather.com\/product\/0-2mm-wide-range-of-application-car-cleaning-cloth-chamois-material\/"},"modified":"2025-09-07T11:05:10","modified_gmt":"2025-09-07T03:05:10","slug":"0-2mm-large-gamme-dapplication-chiffon-de-nettoyage-de-voiture-chamois-materiel","status":"publish","type":"product","link":"https:\/\/www.eco-leather.com\/fr\/0-2mm-large-gamme-dapplication-chiffon-de-nettoyage-de-voiture-chamois-materiel\/","title":{"rendered":"0.2mm Large gamme d'applications Tissu de nettoyage automobile Mat\u00e9riau chamois\u00e9"},"content":{"rendered":"<h2>0.2mm Large \u00e9ventail d'applications Chiffons de nettoyage pour voitures D\u00e9tails du mat\u00e9riau de la peau de chamois<\/h2>\n<p><main><\/p>\n<section id=\"product-overview\">\n<h2>Description du produit<\/h2>\n<p>produit <strong>Soci\u00e9t\u00e9 de mat\u00e9riaux pour si\u00e8ges de voiture<\/strong> description<\/p>\n<p>Fabriqu\u00e9 \u00e0 partir de mat\u00e9riaux en microfibre de haute qualit\u00e9, notre similicuir en microfibre Ultrasuede de 0,7 mm est le choix id\u00e9al pour les gants de cyclisme. Il allie souplesse et r\u00e9sistance, et offre des propri\u00e9t\u00e9s exceptionnelles de respirabilit\u00e9 et d'\u00e9vacuation de l'humidit\u00e9 pour garder les mains au frais et au sec pendant les sorties intenses.<\/p>\n<p>Que vous soyez un cycliste professionnel ou amateur, le cuir microfibre est un mat\u00e9riau qui offre un confort et une protection imbattables. Sa grande r\u00e9sistance \u00e0 l'abrasion et aux d\u00e9chirures garantit des performances durables, tandis que son design \u00e9l\u00e9gant ajoute une touche sophistiqu\u00e9e \u00e0 tout ensemble de cyclisme.<\/p>\n<\/section>\n<section id=\"specifications\">\n<h2>Param\u00e8tres techniques<\/h2>\n<ul class_=\"parameters-list\">\n<li><span class=\"param-name\">param\u00e8tre <strong>Mat\u00e9riau de la doublure des chaussures<\/strong> Mat\u00e9riau :<\/span> microfibre chamois\u00e9e. couleur : blanc, bleu, rose, couleurs personnalis\u00e9es. Epaisseur : 0,2-0,6mm Quantit\u00e9 minimale de commande : 300 m\u00e8tres lin\u00e9aires.<\/li>\n<li><span class=\"param-name\">Longueur du rouleau :<\/span> 20-30m\/rouleau d\u00e9lai de livraison : 15-20 jours. largeur : 54 , 137cm Capacit\u00e9 de production : 1.000.000 m\u00e8tres par mois.<\/li>\n<\/ul>\n<p><img decoding=\"async\" alt=\"0.7mm Ultrasuede Microfiber Faux cuir pour gants de cyclisme - Sp\u00e9cification des mat\u00e9riaux\" class=\"product-image\" src=\"\/wp-content\/uploads\/2025\/08\/07mm-ultrasuede-microfiber-faux-leather-for-cycling-gloves--37881.jpg\"\/><\/p>\n<h3>Param\u00e8tres du produit<\/h3>\n<ul class=\"parameters-list\">\n<li><span class=\"param-name\">Mat\u00e9riau :<\/span> Microfibre + PU<\/li>\n<li><span class=\"param-name\">Couleur :<\/span> Noir, Gris, Beige (couleurs personnalis\u00e9es disponibles)<\/li>\n<li><span class=\"param-name\">\u00c9paisseur :<\/span> 0,6 mm, 0,7 mm, 0,8 mm, 1 mm<\/li>\n<li><span class=\"param-name\">Quantit\u00e9 minimale de commande :<\/span> 300 m\u00e8tres lin\u00e9aires<\/li>\n<li><span class=\"param-name\">Longueur du rouleau :<\/span> 20-30m\/rouleau<\/li>\n<li><span class=\"param-name\">D\u00e9lai de livraison :<\/span> 15-20 jours<\/li>\n<li><span class=\"param-name\">Largeur :<\/span> 54\u2033, 137cm<\/li>\n<li><span class=\"param-name\">Capacit\u00e9 de production :<\/span> 1 000 000 m\u00e8tres par mois<\/li>\n<\/ul>\n<\/section>\n<section id=\"usage\">\n<h2>Utilisation et applications<\/h2>\n<p><img fetchpriority=\"high\" decoding=\"async\" alt=\"0.2mm Large \u00e9ventail d&#039;applications Chiffons de nettoyage pour voitures D\u00e9tails du mat\u00e9riau de la peau de chamois\" height=\"350\" src=\"\/wp-content\/uploads\/2025\/08\/02mm-wide-range-of-application-car-cleaning-cloth-chamois-material-36167.jpg\" width=\"350\"\/><\/p>\n<div class=\"usage-point\">\n<h3>Le <strong>Mati\u00e8re des chaussures Pure<\/strong> 0<\/h3>\n<p>Le <strong>Mati\u00e8re des chaussures Pure<\/strong> 0,2 mm Large \u00e9ventail d'applications Le chiffon de nettoyage pour voiture en tissu chamois\u00e9 est la solution id\u00e9ale pour que votre voiture conserve son \u00e9clat. Ce chiffon de nettoyage de haute qualit\u00e9 est fabriqu\u00e9 \u00e0 partir d'un mat\u00e9riau chamois\u00e9 de premi\u00e8re qualit\u00e9, ce qui garantit qu'il durera longtemps tout en offrant des performances de nettoyage sup\u00e9rieures.<\/p>\n<\/div>\n<div class=\"usage-point\">\n<h3>Que vous ayez besoin d'essuyer l'ext\u00e9rieur de votre voiture apr\u00e8s un long trajet ou de nettoyer un d\u00e9versement dans l'habitacle, ce chiffon de nettoyage est polyvalent et peut \u00eatre utilis\u00e9 pour un grand nombre d'applications.<\/h3>\n<p>Que vous ayez besoin d'essuyer l'ext\u00e9rieur de votre voiture apr\u00e8s un long trajet ou de nettoyer un d\u00e9versement dans l'habitacle, ce chiffon de nettoyage est polyvalent et peut \u00eatre utilis\u00e9 pour un grand nombre d'applications.<\/p>\n<\/div>\n<div class=\"usage-point\">\n<h3>De plus, son 0<\/h3>\n<p>De plus, son \u00e9paisseur de 0,2 mm garantit un toucher doux et d\u00e9licat pendant le nettoyage, r\u00e9duisant ainsi le risque de rayures ou d'endommagement de la peinture d\u00e9licate de votre v\u00e9hicule. Cette <strong>Approvisionnement en mat\u00e9riaux synth\u00e9tiques pour chaussures<\/strong> Le chiffon de nettoyage est \u00e9galement incroyablement facile \u00e0 utiliser et \u00e0 entretenir.<\/p>\n<\/div>\n<div class=\"usage-point\">\n<h3>Il suffit de le tremper dans l'eau et de l'essorer avant de l'utiliser pour obtenir un chiffon de nettoyage tr\u00e8s absorbant, pr\u00eat \u00e0 s'attaquer \u00e0 n'importe quelle t\u00e2che de nettoyage.<\/h3>\n<p>Il suffit de le tremper dans l'eau et de l'essorer avant de l'utiliser pour obtenir un chiffon de nettoyage tr\u00e8s absorbant, pr\u00eat \u00e0 s'attaquer \u00e0 n'importe quelle t\u00e2che de nettoyage. Une fois l'utilisation termin\u00e9e, il suffit de le rincer \u00e0 l'eau et de le suspendre pour le faire s\u00e9cher.<\/p>\n<\/div>\n<div class=\"usage-point\">\n<h3>C'est aussi simple que cela ! En <strong>Canap\u00e9 Mat\u00e9riau Chaussures en daim<\/strong> En plus d'\u00eatre un excellent outil pour nettoyer votre voiture, cette peau de chamois est \u00e9galement parfaite pour la maison.<\/h3>\n<p>C'est aussi simple que cela ! En <strong>Canap\u00e9 Mat\u00e9riau Chaussures en daim<\/strong> En plus d'\u00eatre un excellent outil pour nettoyer votre voiture, cette peau de chamois est \u00e9galement parfaite pour la maison. Utilisez-la pour essuyer les plans de travail, nettoyer les liquides renvers\u00e9s ou m\u00eame faire briller vos meubles.<\/p>\n<\/div>\n<div class=\"usage-point\">\n<h3>Gr\u00e2ce \u00e0 son large \u00e9ventail d'utilisations, ce chiffon de nettoyage est indispensable \u00e0 toute trousse d'entretien de la maison ou de la voiture.<\/h3>\n<p>Gr\u00e2ce \u00e0 son large \u00e9ventail d'utilisations, ce chiffon de nettoyage est indispensable \u00e0 toute trousse d'entretien m\u00e9nager ou automobile. En conclusion, le chiffon de nettoyage automobile chamois\u00e9 de 0,2 mm \u00e0 large gamme d'applications est un outil de nettoyage polyvalent et de haute qualit\u00e9, parfait pour tout amateur de voitures ou de produits d'entretien m\u00e9nager.<\/p>\n<\/div>\n<div class=\"usage-point\">\n<h3>Application<\/h3>\n<p>Alors pourquoi attendre ? Commandez le v\u00f4tre d\u00e8s aujourd'hui et d\u00e9couvrez la diff\u00e9rence de performance de nettoyage qu'apporte l'utilisation d'une peau de chamois de qualit\u00e9 sup\u00e9rieure !<\/p>\n<\/div>\n<div class=\"usage-point\">\n<h3>Confortable et respirant<\/h3>\n<p>Doux, confortable et tr\u00e8s respirant, ce mat\u00e9riau est parfait pour les gants de cyclisme et autres produits port\u00e9s pendant de longues p\u00e9riodes. Il permet de garder les mains au frais et au sec pendant les activit\u00e9s intenses.<\/p>\n<\/div>\n<div class=\"usage-point\">\n<h3>Respectueux de l'environnement et durable<\/h3>\n<p>Notre similicuir en microfibre Ultrasuede comprend des options respectueuses de l'environnement, telles que des variantes fabriqu\u00e9es \u00e0 partir de PET recycl\u00e9 et de mat\u00e9riaux d'origine v\u00e9g\u00e9tale, r\u00e9duisant ainsi l'impact sur l'environnement tout en offrant des textures vari\u00e9es.<\/p>\n<\/div>\n<div class=\"usage-point\">\n<h3>Protection antibact\u00e9rienne et anti-poussi\u00e8re<\/h3>\n<p>Les variantes s\u00e9lectionn\u00e9es pr\u00e9sentent des propri\u00e9t\u00e9s antibact\u00e9riennes et r\u00e9sistantes \u00e0 la poussi\u00e8re, r\u00e9pondant \u00e0 des normes d'hygi\u00e8ne \u00e9lev\u00e9es, id\u00e9ales pour les gants n\u00e9cessitant des contr\u00f4les de qualit\u00e9 et de s\u00e9curit\u00e9 stricts.<\/p>\n<\/div>\n<div class=\"usage-point\">\n<h3>Divers sc\u00e9narios d'application<\/h3>\n<p>Outre les gants de cyclisme, il convient aux gants de contact, aux gants de s\u00e9curit\u00e9 et \u00e0 divers autres types de gants, ainsi qu'aux chaussures, aux v\u00eatements et aux accessoires.<\/p>\n<\/div>\n<p><img decoding=\"async\" alt=\"Applications du similicuir en microfibre Ultrasuede de 0,7 mm dans divers produits\" class=\"product-image\" src=\"\/wp-content\/uploads\/2025\/08\/07mm-ultrasuede-microfiber-faux-leather-for-cycling-gloves--37885.jpg\"\/><br \/>\n<img decoding=\"async\" alt=\"Gants de cyclisme en cuir microfibre Ultrasuede - exemple de produit\" class=\"product-image\" src=\"\/wp-content\/uploads\/2025\/08\/07mm-ultrasuede-microfiber-faux-leather-for-cycling-gloves--37886.jpg\"\/><br \/>\n<\/section>\n<p><\/main><\/p>\n<section id=\"inquiry\">\n<h2 style=\"text-align: center;\">Dans l'attente de votre demande, nous vous prions d'agr\u00e9er, Madame, Monsieur, l'expression de nos salutations distingu\u00e9es.<\/h2>\n<p style=\"text-align: center;\">Contactez-nous d\u00e8s aujourd'hui pour en savoir plus sur nos produits et passer votre commande.<\/p>\n<\/section>\n\n    <div class=\"xs_social_share_widget xs_share_url after_content \t\tmain_content  wslu-style-1 wslu-share-box-shaped wslu-fill-colored wslu-none wslu-share-horizontal wslu-theme-font-no wslu-main_content\">\n\n\t\t\n        <ul>\n\t\t\t        <\/ul>\n    <\/div>","protected":false},"excerpt":{"rendered":"<div class=\"product-short-description\">Chiffon de nettoyage en microfibre (chamois synth\u00e9tique) 0.2mm Large gamme d'application Chiffon de nettoyage de voiture Mat\u00e9riau chamois WINIW 0.2mm Large gamme d'application Chiffon de nettoyage de voiture Mat\u00e9riau chamois Les principales caract\u00e9ristiques sont les suivantes : Id\u00e9al pour ceux qui recherchent la qualit\u00e9 et la fiabilit\u00e9.<\/p>\n<p>En tant qu'usine directe, fabricant et grossiste, nous pouvons contr\u00f4ler strictement le processus de production afin de garantir la qualit\u00e9 des produits tout en vous offrant les prix les plus favorables. Nous disposons d'\u00e9quipements de production avanc\u00e9s et d'une \u00e9quipe technique professionnelle pour r\u00e9pondre \u00e0 vos besoins en mati\u00e8re de commandes \u00e0 grande \u00e9chelle et garantir une livraison dans les d\u00e9lais.<\/p>\n<\/div>","protected":false},"featured_media":5586,"template":"","meta":[],"product_brand":[],"product_cat":[291],"product_tag":[],"class_list":{"0":"post-29620","1":"product","2":"type-product","3":"status-publish","4":"has-post-thumbnail","6":"product_cat-cleaning-wipe-microfiber-synthetic-chamois","8":"first","9":"instock","10":"product-type-simple"},"_links":{"self":[{"href":"https:\/\/www.eco-leather.com\/fr\/wp-json\/wp\/v2\/product\/29620","targetHints":{"allow":["GET"]}}],"collection":[{"href":"https:\/\/www.eco-leather.com\/fr\/wp-json\/wp\/v2\/product"}],"about":[{"href":"https:\/\/www.eco-leather.com\/fr\/wp-json\/wp\/v2\/types\/product"}],"wp:featuredmedia":[{"embeddable":true,"href":"https:\/\/www.eco-leather.com\/fr\/wp-json\/wp\/v2\/media\/5586"}],"wp:attachment":[{"href":"https:\/\/www.eco-leather.com\/fr\/wp-json\/wp\/v2\/media?parent=29620"}],"wp:term":[{"taxonomy":"product_brand","embeddable":true,"href":"https:\/\/www.eco-leather.com\/fr\/wp-json\/wp\/v2\/product_brand?post=29620"},{"taxonomy":"product_cat","embeddable":true,"href":"https:\/\/www.eco-leather.com\/fr\/wp-json\/wp\/v2\/product_cat?post=29620"},{"taxonomy":"product_tag","embeddable":true,"href":"https:\/\/www.eco-leather.com\/fr\/wp-json\/wp\/v2\/product_tag?post=29620"}],"curies":[{"name":"wp","href":"https:\/\/api.w.org\/{rel}","templated":true}]}}