{"id":29513,"date":"2025-09-07T11:04:07","date_gmt":"2025-09-07T03:04:07","guid":{"rendered":"https:\/\/www.eco-leather.com\/product\/anti-mildew-and-yellow-synthetic-leather-cloth-for-sofa\/"},"modified":"2025-09-07T11:04:12","modified_gmt":"2025-09-07T03:04:12","slug":"tissu-en-cuir-synthetique-jaune-et-anti-moisissure-pour-canape","status":"publish","type":"product","link":"https:\/\/www.eco-leather.com\/fr\/tissu-en-cuir-synthetique-jaune-et-anti-moisissure-pour-canape\/","title":{"rendered":"Tissu en cuir synth\u00e9tique anti-moisissure et jaune pour canap\u00e9"},"content":{"rendered":"<h2>Mat\u00e9riau de haute qualit\u00e9 - Cuir de confection Import\u00e9<\/h2>\n<p><main><\/p>\n<section id=\"product-overview\">\n<h2>Description du produit<\/h2>\n<p>Rapide <strong>Cuir synth\u00e9tique pour ballons<\/strong> D\u00e9tail : Description :<\/p>\n<p>En <strong>Automobile Si\u00e8ges en cuir Chien d'assistance<\/strong> En plus de ses avantages fonctionnels, le tissu en cuir synth\u00e9tique jaune et anti-moisissure pour canap\u00e9 est \u00e9galement une option \u00e9l\u00e9gante et polyvalente pour votre maison.<\/p>\n<p>Il se d\u00e9cline dans toute une gamme de couleurs et de textures, ce qui permet de l'assortir facilement \u00e0 diff\u00e9rents styles d'int\u00e9rieur et \u00e0 diff\u00e9rentes pr\u00e9f\u00e9rences. Que vous pr\u00e9f\u00e9riez un look classique ou moderne, ce mat\u00e9riau est un choix parfait pour votre canap\u00e9.<\/p>\n<p>Fabriqu\u00e9 \u00e0 partir de mat\u00e9riaux en microfibre de haute qualit\u00e9, notre similicuir en microfibre Ultrasuede de 0,7 mm est le choix id\u00e9al pour les gants de cyclisme. Il allie souplesse et r\u00e9sistance, et offre des propri\u00e9t\u00e9s exceptionnelles de respirabilit\u00e9 et d'\u00e9vacuation de l'humidit\u00e9 pour garder les mains au frais et au sec pendant les sorties intenses.<\/p>\n<p>Que vous soyez un cycliste professionnel ou amateur, le cuir microfibre est un mat\u00e9riau qui offre un confort et une protection imbattables. Sa grande r\u00e9sistance \u00e0 l'abrasion et aux d\u00e9chirures garantit des performances durables, tandis que son design \u00e9l\u00e9gant ajoute une touche sophistiqu\u00e9e \u00e0 tout ensemble de cyclisme.<\/p>\n<\/section>\n<section id=\"features\">\n<h2>Caract\u00e9ristiques du produit<\/h2>\n<div class=\"feature-item\">\n<img decoding=\"async\" alt=\"L&#039;une des meilleures caract\u00e9ristiques de la toile en cuir synth\u00e9tique jaune et anti-moisissure pour canap\u00e9 est sa capacit\u00e9 \u00e0 r\u00e9sister \u00e0 la moisissure.\" class=\"feature-image left\" src=\"\/wp-content\/uploads\/2025\/08\/anti-mildew-and-yellow-synthetic-leather-cloth-for-sofa-35112.png\"\/><\/p>\n<h3>Un <strong>Faux Leatherman \u00e9tanche<\/strong> L'une des meilleures caract\u00e9ristiques du tissu en cuir synth\u00e9tique jaune et anti-moisissure pour canap\u00e9 est sa capacit\u00e9 \u00e0 r\u00e9sister \u00e0 la moisissure.<\/h3>\n<p>Un <strong>Faux Leatherman \u00e9tanche<\/strong> L'une des meilleures caract\u00e9ristiques du tissu en cuir synth\u00e9tique jaune et anti-moisissure pour canap\u00e9 est sa capacit\u00e9 \u00e0 r\u00e9sister \u00e0 la moisissure. La moisissure est un probl\u00e8me courant dans les r\u00e9gions humides, qui peut provoquer une odeur d\u00e9sagr\u00e9able et une d\u00e9coloration de vos meubles.<\/p>\n<div class=\"clear\"><\/div>\n<\/div>\n<div class=\"feature-item\">\n<img decoding=\"async\" alt=\"Ce mat\u00e9riau est sp\u00e9cialement trait\u00e9 pour emp\u00eacher la formation de moisissures, ce qui garantit que votre canap\u00e9 a toujours un aspect et une odeur de fra\u00eecheur.\" class=\"feature-image left\" src=\"\/wp-content\/uploads\/2025\/08\/anti-mildew-and-yellow-synthetic-leather-cloth-for-sofa-35113.png\"\/><\/p>\n<h3>Ce mat\u00e9riau est sp\u00e9cialement trait\u00e9 pour emp\u00eacher la formation de moisissures, ce qui garantit que votre canap\u00e9 a toujours un aspect et une odeur de fra\u00eecheur.<\/h3>\n<p>Ce mat\u00e9riau est sp\u00e9cialement trait\u00e9 pour emp\u00eacher la formation de moisissures, ce qui garantit que votre canap\u00e9 aura toujours un aspect et une odeur de fra\u00eecheur. Une autre caract\u00e9ristique de ce cuir synth\u00e9tique est sa capacit\u00e9 \u00e0 r\u00e9sister au jaunissement.<\/p>\n<div class=\"clear\"><\/div>\n<\/div>\n<div class=\"feature-item\">\n<img decoding=\"async\" alt=\"Avec le temps, le cuir naturel peut jaunir et se d\u00e9colorer, surtout lorsqu&#039;il est expos\u00e9 \u00e0 la lumi\u00e8re du soleil et \u00e0 l&#039;air.\" class=\"feature-image left\" src=\"\/wp-content\/uploads\/2025\/08\/anti-mildew-and-yellow-synthetic-leather-cloth-for-sofa-35114.png\"\/><\/p>\n<h3>Avec le temps, le cuir naturel peut jaunir et se d\u00e9colorer, surtout lorsqu'il est expos\u00e9 \u00e0 la lumi\u00e8re du soleil et \u00e0 l'air.<\/h3>\n<p>Avec le temps, le cuir naturel peut jaunir et se d\u00e9colorer, surtout lorsqu'il est expos\u00e9 au soleil et \u00e0 l'air. Le tissu en cuir synth\u00e9tique jaune et anti-moisissure pour canap\u00e9 est con\u00e7u pour r\u00e9sister \u00e0 ces facteurs, ce qui permet \u00e0 votre canap\u00e9 de conserver sa couleur et son aspect d'origine pendant des ann\u00e9es.<\/p>\n<div class=\"clear\"><\/div>\n<\/div>\n<div class=\"feature-item\">\n<img decoding=\"async\" alt=\"Haute r\u00e9sistance \u00e0 la d\u00e9chirure - Ultrasuede Microfibre Faux cuir pour gants de cyclisme\" class=\"feature-image left\" src=\"\/wp-content\/uploads\/2025\/08\/07mm-ultrasuede-microfiber-faux-leather-for-cycling-gloves--37882.jpg\"\/><\/p>\n<h3>R\u00e9sistance \u00e9lev\u00e9e \u00e0 la d\u00e9chirure<\/h3>\n<p>Notre cuir microfibre Ultrasuede pr\u00e9sente une r\u00e9sistance exceptionnelle \u00e0 la d\u00e9chirure, ce qui garantit qu'il ne se cassera pas et ne se d\u00e9formera pas facilement sous l'effet du stress. Il est donc id\u00e9al pour les produits n\u00e9cessitant une durabilit\u00e9 et des performances \u00e0 long terme.<\/p>\n<div class=\"clear\"><\/div>\n<\/div>\n<div class=\"feature-item\">\n<img decoding=\"async\" alt=\"R\u00e9tention de la forme - Ultrasuede Microfibre Faux cuir pour gants de cyclisme\" class=\"feature-image right\" src=\"\/wp-content\/uploads\/2025\/08\/07mm-ultrasuede-microfiber-faux-leather-for-cycling-gloves--37883.jpg\"\/><\/p>\n<h3>Pas facile \u00e0 d\u00e9former<\/h3>\n<p>Sp\u00e9cialement trait\u00e9 pour conserver sa forme originale, ce mat\u00e9riau offre une excellente \u00e9lasticit\u00e9 et une grande stabilit\u00e9. Il r\u00e9siste aux d\u00e9formations dues \u00e0 la pression ext\u00e9rieure ou \u00e0 l'\u00e9tirement, ce qui permet aux produits de rester intacts et attrayants au fil du temps.<\/p>\n<div class=\"clear\"><\/div>\n<\/div>\n<div class=\"feature-item\">\n<img decoding=\"async\" alt=\"Durabilit\u00e9 - Ultrasuede Microfibre Faux cuir pour gants de cyclisme\" class=\"feature-image left\" src=\"\/wp-content\/uploads\/2025\/08\/07mm-ultrasuede-microfiber-faux-leather-for-cycling-gloves--37884.jpg\"\/><\/p>\n<h3>Durabilit\u00e9<\/h3>\n<p>Extr\u00eamement r\u00e9sistant \u00e0 l'abrasion, aux d\u00e9chirures et aux perforations, ce mat\u00e9riau permet aux gants de rester en parfait \u00e9tat, m\u00eame en cas d'utilisation prolong\u00e9e. Il conserve \u00e9galement une excellente dext\u00e9rit\u00e9 et une grande solidit\u00e9 pour les articles en cuir de haute qualit\u00e9.<\/p>\n<div class=\"clear\"><\/div>\n<\/div>\n<\/section>\n<section id=\"usage\">\n<h2>Utilisation et applications<\/h2>\n<p><img decoding=\"async\" _src=\"\/wp-content\/uploads\/2025\/08\/anti-mildew-and-yellow-synthetic-leather-cloth-for-sofa-35111.png\" alt=\"Mat\u00e9riau de haute qualit\u00e9 - Cuir de confection Import\u00e9\" src=\"\/wp-content\/uploads\/2025\/08\/anti-mildew-and-yellow-synthetic-leather-cloth-for-sofa-35111.png\"\/><\/p>\n<div class=\"usage-point\">\n<h3>Le <strong>Cuir de confection Import\u00e9<\/strong> Le tissu en cuir synth\u00e9tique jaune et anti-mildiou pour canap\u00e9 est con\u00e7u pour offrir une option confortable et \u00e9l\u00e9gante \u00e0 votre espace de vie.<\/h3>\n<p>Le <strong>Cuir de confection Import\u00e9<\/strong> Le tissu en cuir synth\u00e9tique jaune et anti-moisissure pour canap\u00e9 est con\u00e7u pour offrir une option confortable et \u00e9l\u00e9gante \u00e0 votre espace de vie. Sa texture lisse et douce est id\u00e9ale pour se d\u00e9tendre et se pr\u00e9lasser sur son canap\u00e9.<\/p>\n<\/div>\n<div class=\"usage-point\">\n<h3>Le mat\u00e9riau est r\u00e9sistant \u00e0 l'humidit\u00e9, ce qui en fait un choix id\u00e9al pour les m\u00e9nages avec des animaux domestiques et des enfants.<\/h3>\n<p>Le mat\u00e9riau est r\u00e9sistant \u00e0 l'humidit\u00e9, ce qui en fait un choix id\u00e9al pour les m\u00e9nages avec des animaux domestiques et des enfants.<\/p>\n<\/div>\n<div class=\"usage-point\">\n<h3>Confortable et respirant<\/h3>\n<p>Doux, confortable et tr\u00e8s respirant, ce mat\u00e9riau est parfait pour les gants de cyclisme et autres produits port\u00e9s pendant de longues p\u00e9riodes. Il permet de garder les mains au frais et au sec pendant les activit\u00e9s intenses.<\/p>\n<\/div>\n<div class=\"usage-point\">\n<h3>Respectueux de l'environnement et durable<\/h3>\n<p>Notre similicuir en microfibre Ultrasuede comprend des options respectueuses de l'environnement, telles que des variantes fabriqu\u00e9es \u00e0 partir de PET recycl\u00e9 et de mat\u00e9riaux d'origine v\u00e9g\u00e9tale, r\u00e9duisant ainsi l'impact sur l'environnement tout en offrant des textures vari\u00e9es.<\/p>\n<\/div>\n<div class=\"usage-point\">\n<h3>Protection antibact\u00e9rienne et anti-poussi\u00e8re<\/h3>\n<p>Les variantes s\u00e9lectionn\u00e9es pr\u00e9sentent des propri\u00e9t\u00e9s antibact\u00e9riennes et r\u00e9sistantes \u00e0 la poussi\u00e8re, r\u00e9pondant \u00e0 des normes d'hygi\u00e8ne \u00e9lev\u00e9es, id\u00e9ales pour les gants n\u00e9cessitant des contr\u00f4les de qualit\u00e9 et de s\u00e9curit\u00e9 stricts.<\/p>\n<\/div>\n<div class=\"usage-point\">\n<h3>Divers sc\u00e9narios d'application<\/h3>\n<p>Outre les gants de cyclisme, il convient aux gants de contact, aux gants de s\u00e9curit\u00e9 et \u00e0 divers autres types de gants, ainsi qu'aux chaussures, aux v\u00eatements et aux accessoires.<\/p>\n<\/div>\n<p><img decoding=\"async\" alt=\"Applications du similicuir en microfibre Ultrasuede de 0,7 mm dans divers produits\" class=\"product-image\" src=\"\/wp-content\/uploads\/2025\/08\/07mm-ultrasuede-microfiber-faux-leather-for-cycling-gloves--37885.jpg\"\/><br \/>\n<img decoding=\"async\" alt=\"Gants de cyclisme en cuir microfibre Ultrasuede - exemple de produit\" class=\"product-image\" src=\"\/wp-content\/uploads\/2025\/08\/07mm-ultrasuede-microfiber-faux-leather-for-cycling-gloves--37886.jpg\"\/><br \/>\n<\/section>\n<section id=\"why-choose-us\">\n<h2>Pourquoi choisir WINIW<\/h2>\n<div class=\"advantage-item\">\n<h3>La toile en cuir synth\u00e9tique jaune et anti-mildiou pour canap\u00e9 est un choix id\u00e9al pour ceux qui souhaitent une housse de canap\u00e9 durable et attrayante.<\/h3>\n<p>Le tissu en cuir synth\u00e9tique jaune et anti-moisissure pour canap\u00e9 est un choix id\u00e9al pour ceux qui souhaitent une housse de canap\u00e9 durable et attrayante. Ce mat\u00e9riau innovant est con\u00e7u pour r\u00e9sister \u00e0 la croissance des moisissures et emp\u00eacher le tissu de jaunir avec le temps. Les propri\u00e9t\u00e9s anti-moisissure et anti-jaune de ce tissu en font un produit id\u00e9al pour les canap\u00e9s plac\u00e9s dans des environnements humides. Ce tissu en cuir synth\u00e9tique est facile \u00e0 nettoyer et \u00e0 entretenir, ce qui permet \u00e0 votre canap\u00e9 de conserver sa belle apparence pendant des ann\u00e9es. Gr\u00e2ce \u00e0 ses propri\u00e9t\u00e9s durables et fiables, le tissu en cuir synth\u00e9tique anti-mildiou et jaune est un excellent investissement qui offre \u00e0 la fois confort et style. Choisissez ce mat\u00e9riau pour votre canap\u00e9 et rehaussez l'esth\u00e9tique de votre maison en toute simplicit\u00e9 !<\/p>\n<\/div>\n<div class=\"advantage-item\">\n<h3>Le tissu en cuir synth\u00e9tique jaune et anti-moisissure pour canap\u00e9 est un mat\u00e9riau de haute qualit\u00e9 qui convient parfaitement \u00e0 ceux qui recherchent une option durable pour leurs canap\u00e9s.<\/h3>\n<p>Le tissu en cuir synth\u00e9tique anti-moisissure et jaunissant pour canap\u00e9 est un mat\u00e9riau de haute qualit\u00e9 qui convient parfaitement \u00e0 ceux qui recherchent une option durable pour leurs canap\u00e9s. Ce cuir synth\u00e9tique est sp\u00e9cialement con\u00e7u pour emp\u00eacher la moisissure et le jaunissement, ce qui en fait un choix fiable et sans stress pour votre maison.<\/p>\n<\/div>\n<div class=\"advantage-item\">\n<h3>Assurance qualit\u00e9<\/h3>\n<p>Nous mettons en \u0153uvre un contr\u00f4le de qualit\u00e9 strict tout au long de la cha\u00eene de production et d'approvisionnement, en adh\u00e9rant aux normes ISO9001. De la s\u00e9lection des mati\u00e8res premi\u00e8res \u00e0 l'inspection finale, nous donnons la priorit\u00e9 aux int\u00e9r\u00eats des clients.<\/p>\n<\/div>\n<div class=\"advantage-item\">\n<h3>\u00c9quipe technique professionnelle<\/h3>\n<p>Notre \u00e9quipe technique sp\u00e9cialis\u00e9e se compose de professionnels exp\u00e9riment\u00e9s dans divers domaines, qui se consacrent \u00e0 la fourniture de produits de haute qualit\u00e9 et de solutions sur mesure.<\/p>\n<\/div>\n<div class=\"advantage-item\">\n<h3>Large \u00e9ventail d'applications<\/h3>\n<p>Nos mat\u00e9riaux sont largement utilis\u00e9s dans les chaussures, les v\u00eatements, les bagages, les int\u00e9rieurs d'automobiles, les canap\u00e9s, etc.<\/p>\n<\/div>\n<div class=\"advantage-item\">\n<h3>Une exp\u00e9rience riche<\/h3>\n<p>Quanzhou WINIW Import &amp; Export Co. poss\u00e8de plus de 20 ans d'exp\u00e9rience en mati\u00e8re de production et offre des solutions parfaites aux clients du monde entier.<\/p>\n<\/div>\n<div class=\"advantage-item\">\n<h3>Prix abordable<\/h3>\n<p>Nous proposons des prix comp\u00e9titifs et un excellent service \u00e0 la client\u00e8le. Demandez un catalogue ou visitez notre usine pour d\u00e9couvrir nos produits.<\/p>\n<\/div>\n<div class=\"advantage-item\">\n<h3>Service client\u00e8le en ligne 24 heures sur 24<\/h3>\n<p>Notre \u00e9quipe est disponible 24 heures sur 24, 7 jours sur 7, pour r\u00e9pondre aux demandes de renseignements et traiter rapidement les commentaires.<\/p>\n<\/div>\n<p><img decoding=\"async\" alt=\"Installation de production WINIW - Processus de fabrication du cuir microfibre Ultrasuede\" class=\"product-image\" src=\"\/wp-content\/uploads\/2025\/08\/07mm-ultrasuede-microfiber-faux-leather-for-cycling-gloves--37888.jpg\"\/><br \/>\n<\/section>\n<p><\/main><\/p>\n<section id=\"inquiry\">\n<h2 style=\"text-align: center;\">Dans l'attente de votre demande, nous vous prions d'agr\u00e9er, Madame, Monsieur, l'expression de nos salutations distingu\u00e9es.<\/h2>\n<p style=\"text-align: center;\">Contactez-nous d\u00e8s aujourd'hui pour en savoir plus sur nos produits et passer votre commande.<\/p>\n<\/section>\n\n    <div class=\"xs_social_share_widget xs_share_url after_content \t\tmain_content  wslu-style-1 wslu-share-box-shaped wslu-fill-colored wslu-none wslu-share-horizontal wslu-theme-font-no wslu-main_content\">\n\n\t\t\n        <ul>\n\t\t\t        <\/ul>\n    <\/div>","protected":false},"excerpt":{"rendered":"<div class=\"product-short-description\">Produits Tissu en cuir synth\u00e9tique anti-mildiou et jaune pour canap\u00e9 WINIW Tissu en cuir synth\u00e9tique anti-mildiou et jaune pour canap\u00e9 Les principales caract\u00e9ristiques sont les suivantes : Id\u00e9al pour ceux qui recherchent la qualit\u00e9 et la fiabilit\u00e9.<\/p>\n<p>En tant qu'usine directe, fabricant et grossiste, nous pouvons contr\u00f4ler strictement le processus de production afin de garantir la qualit\u00e9 des produits tout en vous offrant les prix les plus favorables. Nous disposons d'\u00e9quipements de production avanc\u00e9s et d'une \u00e9quipe technique professionnelle pour r\u00e9pondre \u00e0 vos besoins en mati\u00e8re de commandes \u00e0 grande \u00e9chelle et garantir une livraison dans les d\u00e9lais.<\/p>\n<\/div>","protected":false},"featured_media":4904,"template":"","meta":[],"product_brand":[],"product_cat":[293],"product_tag":[],"class_list":{"0":"post-29513","1":"product","2":"type-product","3":"status-publish","4":"has-post-thumbnail","6":"product_cat-products","8":"first","9":"instock","10":"product-type-simple"},"_links":{"self":[{"href":"https:\/\/www.eco-leather.com\/fr\/wp-json\/wp\/v2\/product\/29513","targetHints":{"allow":["GET"]}}],"collection":[{"href":"https:\/\/www.eco-leather.com\/fr\/wp-json\/wp\/v2\/product"}],"about":[{"href":"https:\/\/www.eco-leather.com\/fr\/wp-json\/wp\/v2\/types\/product"}],"wp:featuredmedia":[{"embeddable":true,"href":"https:\/\/www.eco-leather.com\/fr\/wp-json\/wp\/v2\/media\/4904"}],"wp:attachment":[{"href":"https:\/\/www.eco-leather.com\/fr\/wp-json\/wp\/v2\/media?parent=29513"}],"wp:term":[{"taxonomy":"product_brand","embeddable":true,"href":"https:\/\/www.eco-leather.com\/fr\/wp-json\/wp\/v2\/product_brand?post=29513"},{"taxonomy":"product_cat","embeddable":true,"href":"https:\/\/www.eco-leather.com\/fr\/wp-json\/wp\/v2\/product_cat?post=29513"},{"taxonomy":"product_tag","embeddable":true,"href":"https:\/\/www.eco-leather.com\/fr\/wp-json\/wp\/v2\/product_tag?post=29513"}],"curies":[{"name":"wp","href":"https:\/\/api.w.org\/{rel}","templated":true}]}}