{"id":29496,"date":"2025-09-07T11:03:56","date_gmt":"2025-09-07T03:03:56","guid":{"rendered":"https:\/\/www.eco-leather.com\/product\/ultra-suede-fabric-vegan-leather-packing-material-for-display-stands\/"},"modified":"2025-09-07T11:04:03","modified_gmt":"2025-09-07T03:04:03","slug":"tissu-ultra-daim-cuir-vegetalien-materiel-demballage-pour-presentoirs","status":"publish","type":"product","link":"https:\/\/www.eco-leather.com\/fr\/tissu-ultra-daim-cuir-vegetalien-materiel-demballage-pour-presentoirs\/","title":{"rendered":"Tissu ultra-daim Cuir v\u00e9g\u00e9tal Mat\u00e9riel d'emballage pour pr\u00e9sentoirs"},"content":{"rendered":"<h2>Mat\u00e9riau durable pour la vente - Importation de cuir pour v\u00eatements, Revendeurs de tissus pour sacs<\/h2>\n<p><main><\/p>\n<section id=\"product-overview\">\n<h2>Description du produit<\/h2>\n<p>Ultra <strong>Tissu imperm\u00e9able pour canap\u00e9<\/strong> Tissu en daim Cuir v\u00e9g\u00e9tal Mat\u00e9riel d'emballage pour pr\u00e9sentoirs 01-Sp\u00e9cifications et descriptions<\/p>\n<p>Produit <strong>Cuir de confection Import\u00e9<\/strong> Informations<\/p>\n<p>Fabriqu\u00e9 \u00e0 partir de mat\u00e9riaux en microfibre de haute qualit\u00e9, notre similicuir en microfibre Ultrasuede de 0,7 mm est le choix id\u00e9al pour les gants de cyclisme. Il allie souplesse et r\u00e9sistance, et offre des propri\u00e9t\u00e9s exceptionnelles de respirabilit\u00e9 et d'\u00e9vacuation de l'humidit\u00e9 pour garder les mains au frais et au sec pendant les sorties intenses.<\/p>\n<p>Que vous soyez un cycliste professionnel ou amateur, le cuir microfibre est un mat\u00e9riau qui offre un confort et une protection imbattables. Sa grande r\u00e9sistance \u00e0 l'abrasion et aux d\u00e9chirures garantit des performances durables, tandis que son design \u00e9l\u00e9gant ajoute une touche sophistiqu\u00e9e \u00e0 tout ensemble de cyclisme.<\/p>\n<\/section>\n<section id=\"specifications\">\n<h2>Param\u00e8tres techniques<\/h2>\n<p>Param\u00e8tres <strong>Bo\u00eetes en simili cuir Chine<\/strong> D\u00e9tail Texture Lisse Largeur 54 , 137cm Couleur Noir, Blanc, Rouge, Bleu, Vert, Jaune, Rose, Beige, Couleurs personnalis\u00e9es Caract\u00e9ristique Ecologique, Anti-Mildiou, Anti-Statique, etc.<\/p>\n<p>Utilisation D\u00e9coration de pr\u00e9sentoirs, bo\u00eetes \u00e0 bijoux, pr\u00e9sentoirs, vitrines, bo\u00eetes, bo\u00eetes \u00e0 montres \u00c9paisseur 0,4mm-0,8mm<\/p>\n<p><img decoding=\"async\" alt=\"0.7mm Ultrasuede Microfiber Faux cuir pour gants de cyclisme - Sp\u00e9cification des mat\u00e9riaux\" class=\"product-image\" src=\"\/wp-content\/uploads\/2025\/08\/07mm-ultrasuede-microfiber-faux-leather-for-cycling-gloves--37881.jpg\"\/><\/p>\n<h3>Param\u00e8tres du produit<\/h3>\n<ul class=\"parameters-list\">\n<li><span class=\"param-name\">Mat\u00e9riau :<\/span> Microfibre + PU<\/li>\n<li><span class=\"param-name\">Couleur :<\/span> Noir, Gris, Beige (couleurs personnalis\u00e9es disponibles)<\/li>\n<li><span class=\"param-name\">\u00c9paisseur :<\/span> 0,6 mm, 0,7 mm, 0,8 mm, 1 mm<\/li>\n<li><span class=\"param-name\">Quantit\u00e9 minimale de commande :<\/span> 300 m\u00e8tres lin\u00e9aires<\/li>\n<li><span class=\"param-name\">Longueur du rouleau :<\/span> 20-30m\/rouleau<\/li>\n<li><span class=\"param-name\">D\u00e9lai de livraison :<\/span> 15-20 jours<\/li>\n<li><span class=\"param-name\">Largeur :<\/span> 54\u2033, 137cm<\/li>\n<li><span class=\"param-name\">Capacit\u00e9 de production :<\/span> 1 000 000 m\u00e8tres par mois<\/li>\n<\/ul>\n<\/section>\n<section id=\"features\">\n<h2>Caract\u00e9ristiques du produit<\/h2>\n<div class=\"feature-item\">\n<img decoding=\"async\" alt=\"OneWaterproof Faux LeathermanL&#039;un des principaux avantages du tissu ultra-daim est sa r\u00e9sistance et sa durabilit\u00e9.\" class=\"feature-image left\" src=\"\/wp-content\/uploads\/2025\/08\/ultra-suede-fabric-vegan-leather-packing-material-for-display-stands-35049.png\"\/><\/p>\n<h3>Un <strong>Faux Leatherman \u00e9tanche<\/strong> L'un des principaux avantages du tissu ultra-daim est sa r\u00e9sistance et sa durabilit\u00e9.<\/h3>\n<p>Un <strong>Faux Leatherman \u00e9tanche<\/strong> L'un des principaux avantages du tissu ultra-daim est sa solidit\u00e9 et sa durabilit\u00e9. Ce mat\u00e9riau r\u00e9siste aux d\u00e9chirures, aux rayures et aux taches, ce qui en fait un choix id\u00e9al pour les pr\u00e9sentoirs qui seront utilis\u00e9s fr\u00e9quemment ou transport\u00e9s \u00e0 diff\u00e9rents endroits.<\/p>\n<div class=\"clear\"><\/div>\n<\/div>\n<div class=\"feature-item\">\n<img decoding=\"async\" alt=\"De plus, il r\u00e9siste bien \u00e0 l&#039;usure r\u00e9guli\u00e8re, de sorte que vous n&#039;aurez pas \u00e0 vous soucier de le remplacer de sit\u00f4t.\" class=\"feature-image left\" src=\"\/wp-content\/uploads\/2025\/08\/ultra-suede-fabric-vegan-leather-packing-material-for-display-stands-35050.png\"\/><\/p>\n<h3>De plus, il r\u00e9siste bien \u00e0 l'usure r\u00e9guli\u00e8re, de sorte que vous n'aurez pas \u00e0 vous soucier de le remplacer de sit\u00f4t.<\/h3>\n<p>De plus, il r\u00e9siste bien \u00e0 l'usure r\u00e9guli\u00e8re, de sorte que vous n'aurez pas \u00e0 vous soucier de le remplacer de sit\u00f4t.<\/p>\n<div class=\"clear\"><\/div>\n<\/div>\n<div class=\"feature-item\">\n<img decoding=\"async\" alt=\"Haute r\u00e9sistance \u00e0 la d\u00e9chirure - Ultrasuede Microfibre Faux cuir pour gants de cyclisme\" class=\"feature-image left\" src=\"\/wp-content\/uploads\/2025\/08\/07mm-ultrasuede-microfiber-faux-leather-for-cycling-gloves--37882.jpg\"\/><\/p>\n<h3>R\u00e9sistance \u00e9lev\u00e9e \u00e0 la d\u00e9chirure<\/h3>\n<p>Notre cuir microfibre Ultrasuede pr\u00e9sente une r\u00e9sistance exceptionnelle \u00e0 la d\u00e9chirure, ce qui garantit qu'il ne se cassera pas et ne se d\u00e9formera pas facilement sous l'effet du stress. Il est donc id\u00e9al pour les produits n\u00e9cessitant une durabilit\u00e9 et des performances \u00e0 long terme.<\/p>\n<div class=\"clear\"><\/div>\n<\/div>\n<div class=\"feature-item\">\n<img decoding=\"async\" alt=\"R\u00e9tention de la forme - Ultrasuede Microfibre Faux cuir pour gants de cyclisme\" class=\"feature-image right\" src=\"\/wp-content\/uploads\/2025\/08\/07mm-ultrasuede-microfiber-faux-leather-for-cycling-gloves--37883.jpg\"\/><\/p>\n<h3>Pas facile \u00e0 d\u00e9former<\/h3>\n<p>Sp\u00e9cialement trait\u00e9 pour conserver sa forme originale, ce mat\u00e9riau offre une excellente \u00e9lasticit\u00e9 et une grande stabilit\u00e9. Il r\u00e9siste aux d\u00e9formations dues \u00e0 la pression ext\u00e9rieure ou \u00e0 l'\u00e9tirement, ce qui permet aux produits de rester intacts et attrayants au fil du temps.<\/p>\n<div class=\"clear\"><\/div>\n<\/div>\n<div class=\"feature-item\">\n<img decoding=\"async\" alt=\"Durabilit\u00e9 - Ultrasuede Microfibre Faux cuir pour gants de cyclisme\" class=\"feature-image left\" src=\"\/wp-content\/uploads\/2025\/08\/07mm-ultrasuede-microfiber-faux-leather-for-cycling-gloves--37884.jpg\"\/><\/p>\n<h3>Durabilit\u00e9<\/h3>\n<p>Extr\u00eamement r\u00e9sistant \u00e0 l'abrasion, aux d\u00e9chirures et aux perforations, ce mat\u00e9riau permet aux gants de rester en parfait \u00e9tat, m\u00eame en cas d'utilisation prolong\u00e9e. Il conserve \u00e9galement une excellente dext\u00e9rit\u00e9 et une grande solidit\u00e9 pour les articles en cuir de haute qualit\u00e9.<\/p>\n<div class=\"clear\"><\/div>\n<\/div>\n<\/section>\n<section id=\"usage\">\n<h2>Utilisation et applications<\/h2>\n<p><img decoding=\"async\" _src=\"\/wp-content\/uploads\/2025\/08\/ultra-suede-fabric-vegan-leather-packing-material-for-display-stands-35051.png\" alt=\"Produit en tissu de qualit\u00e9 sup\u00e9rieure - Cuir de confection Import\u00e9\" src=\"\/wp-content\/uploads\/2025\/08\/ultra-suede-fabric-vegan-leather-packing-material-for-display-stands-35051.png\"\/><\/p>\n<div class=\"usage-point\">\n<h3>Enfin, <strong>Revendeurs de tissus pour sacs<\/strong> le tissu ultra-daim est un choix respectueux de l'environnement et des animaux<\/h3>\n<p>Enfin, <strong>Revendeurs de tissus pour sacs<\/strong> Le tissu ultra su\u00e9d\u00e9 est un choix respectueux de l'environnement et des animaux. Comme il est fabriqu\u00e9 \u00e0 partir de fibres synth\u00e9tiques, il ne n\u00e9cessite pas de produits d'origine animale et ne nuit pas \u00e0 l'environnement lors de sa production.<\/p>\n<\/div>\n<div class=\"usage-point\">\n<h3>Il est \u00e9galement facile \u00e0 nettoyer et \u00e0 entretenir, de sorte que vous n'aurez pas besoin d'utiliser des produits chimiques agressifs ou de l'eau us\u00e9e pour le maintenir en bon \u00e9tat.<\/h3>\n<p>Il est \u00e9galement facile \u00e0 nettoyer et \u00e0 entretenir, de sorte que vous n'aurez pas besoin d'utiliser des produits chimiques agressifs ou de l'eau us\u00e9e pour le maintenir en bon \u00e9tat.<\/p>\n<\/div>\n<div class=\"usage-point\">\n<h3>Confortable et respirant<\/h3>\n<p>Doux, confortable et tr\u00e8s respirant, ce mat\u00e9riau est parfait pour les gants de cyclisme et autres produits port\u00e9s pendant de longues p\u00e9riodes. Il permet de garder les mains au frais et au sec pendant les activit\u00e9s intenses.<\/p>\n<\/div>\n<div class=\"usage-point\">\n<h3>Respectueux de l'environnement et durable<\/h3>\n<p>Notre similicuir en microfibre Ultrasuede comprend des options respectueuses de l'environnement, telles que des variantes fabriqu\u00e9es \u00e0 partir de PET recycl\u00e9 et de mat\u00e9riaux d'origine v\u00e9g\u00e9tale, r\u00e9duisant ainsi l'impact sur l'environnement tout en offrant des textures vari\u00e9es.<\/p>\n<\/div>\n<div class=\"usage-point\">\n<h3>Protection antibact\u00e9rienne et anti-poussi\u00e8re<\/h3>\n<p>Les variantes s\u00e9lectionn\u00e9es pr\u00e9sentent des propri\u00e9t\u00e9s antibact\u00e9riennes et r\u00e9sistantes \u00e0 la poussi\u00e8re, r\u00e9pondant \u00e0 des normes d'hygi\u00e8ne \u00e9lev\u00e9es, id\u00e9ales pour les gants n\u00e9cessitant des contr\u00f4les de qualit\u00e9 et de s\u00e9curit\u00e9 stricts.<\/p>\n<\/div>\n<div class=\"usage-point\">\n<h3>Divers sc\u00e9narios d'application<\/h3>\n<p>Outre les gants de cyclisme, il convient aux gants de contact, aux gants de s\u00e9curit\u00e9 et \u00e0 divers autres types de gants, ainsi qu'aux chaussures, aux v\u00eatements et aux accessoires.<\/p>\n<\/div>\n<p><img decoding=\"async\" alt=\"Applications du similicuir en microfibre Ultrasuede de 0,7 mm dans divers produits\" class=\"product-image\" src=\"\/wp-content\/uploads\/2025\/08\/07mm-ultrasuede-microfiber-faux-leather-for-cycling-gloves--37885.jpg\"\/><br \/>\n<img decoding=\"async\" alt=\"Gants de cyclisme en cuir microfibre Ultrasuede - exemple de produit\" class=\"product-image\" src=\"\/wp-content\/uploads\/2025\/08\/07mm-ultrasuede-microfiber-faux-leather-for-cycling-gloves--37886.jpg\"\/><br \/>\n<\/section>\n<section id=\"why-choose-us\">\n<h2>Pourquoi choisir WINIW<\/h2>\n<div class=\"advantage-item\">\n<h3>Si vous \u00eates \u00e0 la recherche d'un mat\u00e9riau durable et de haute qualit\u00e9 pour vos pr\u00e9sentoirs, ne cherchez pas plus loin que le mat\u00e9riel d'emballage en cuir v\u00e9g\u00e9tal ultra su\u00e9d\u00e9.<\/h3>\n<p>Si vous \u00eates \u00e0 la recherche d'un mat\u00e9riau durable et de haute qualit\u00e9 pour vos pr\u00e9sentoirs, ne cherchez pas plus loin que le mat\u00e9riau d'emballage en cuir v\u00e9g\u00e9tal ultra su\u00e9d\u00e9. Ce mat\u00e9riau polyvalent est fabriqu\u00e9 \u00e0 partir de fibres synth\u00e9tiques qui imitent l'aspect et le toucher du cuir velours v\u00e9ritable, mais sans aucun des inconv\u00e9nients environnementaux ou \u00e9thiques.<\/p>\n<\/div>\n<div class=\"advantage-item\">\n<h3>Un autre avantage du tissu ultra-daim est sa texture douce et confortable<\/h3>\n<p>Un autre avantage du tissu ultra-daim est sa texture douce et confortable. Ce mat\u00e9riau ressemble au cuir su\u00e9d\u00e9 v\u00e9ritable, mais il est beaucoup plus respirant et l\u00e9ger. Il ne colle pas \u00e0 la peau et ne fait pas transpirer comme d'autres mat\u00e9riaux. Il est donc parfait pour les pr\u00e9sentoirs avec lesquels les clients sont amen\u00e9s \u00e0 interagir.<\/p>\n<\/div>\n<div class=\"advantage-item\">\n<h3>Assurance qualit\u00e9<\/h3>\n<p>Nous mettons en \u0153uvre un contr\u00f4le de qualit\u00e9 strict tout au long de la cha\u00eene de production et d'approvisionnement, en adh\u00e9rant aux normes ISO9001. De la s\u00e9lection des mati\u00e8res premi\u00e8res \u00e0 l'inspection finale, nous donnons la priorit\u00e9 aux int\u00e9r\u00eats des clients.<\/p>\n<\/div>\n<div class=\"advantage-item\">\n<h3>\u00c9quipe technique professionnelle<\/h3>\n<p>Notre \u00e9quipe technique sp\u00e9cialis\u00e9e se compose de professionnels exp\u00e9riment\u00e9s dans divers domaines, qui se consacrent \u00e0 la fourniture de produits de haute qualit\u00e9 et de solutions sur mesure.<\/p>\n<\/div>\n<div class=\"advantage-item\">\n<h3>Large \u00e9ventail d'applications<\/h3>\n<p>Nos mat\u00e9riaux sont largement utilis\u00e9s dans les chaussures, les v\u00eatements, les bagages, les int\u00e9rieurs d'automobiles, les canap\u00e9s, etc.<\/p>\n<\/div>\n<div class=\"advantage-item\">\n<h3>Une exp\u00e9rience riche<\/h3>\n<p>Quanzhou WINIW Import &amp; Export Co. poss\u00e8de plus de 20 ans d'exp\u00e9rience en mati\u00e8re de production et offre des solutions parfaites aux clients du monde entier.<\/p>\n<\/div>\n<div class=\"advantage-item\">\n<h3>Prix abordable<\/h3>\n<p>Nous proposons des prix comp\u00e9titifs et un excellent service \u00e0 la client\u00e8le. Demandez un catalogue ou visitez notre usine pour d\u00e9couvrir nos produits.<\/p>\n<\/div>\n<div class=\"advantage-item\">\n<h3>Service client\u00e8le en ligne 24 heures sur 24<\/h3>\n<p>Notre \u00e9quipe est disponible 24 heures sur 24, 7 jours sur 7, pour r\u00e9pondre aux demandes de renseignements et traiter rapidement les commentaires.<\/p>\n<\/div>\n<p><img decoding=\"async\" alt=\"Installation de production WINIW - Processus de fabrication du cuir microfibre Ultrasuede\" class=\"product-image\" src=\"\/wp-content\/uploads\/2025\/08\/07mm-ultrasuede-microfiber-faux-leather-for-cycling-gloves--37888.jpg\"\/><br \/>\n<\/section>\n<p><\/main><\/p>\n<section id=\"inquiry\">\n<h2 style=\"text-align: center;\">Dans l'attente de votre demande, nous vous prions d'agr\u00e9er, Madame, Monsieur, l'expression de nos salutations distingu\u00e9es.<\/h2>\n<p style=\"text-align: center;\">Contactez-nous d\u00e8s aujourd'hui pour en savoir plus sur nos produits et passer votre commande.<\/p>\n<\/section>\n\n    <div class=\"xs_social_share_widget xs_share_url after_content \t\tmain_content  wslu-style-1 wslu-share-box-shaped wslu-fill-colored wslu-none wslu-share-horizontal wslu-theme-font-no wslu-main_content\">\n\n\t\t\n        <ul>\n\t\t\t        <\/ul>\n    <\/div>","protected":false},"excerpt":{"rendered":"<div class=\"product-short-description\">Produits Mat\u00e9riel d'emballage en cuir v\u00e9g\u00e9tal pour pr\u00e9sentoirs WINIW Mat\u00e9riel d'emballage en cuir v\u00e9g\u00e9tal pour pr\u00e9sentoirs Les principales caract\u00e9ristiques sont les suivantes : Id\u00e9al pour ceux qui recherchent la qualit\u00e9 et la fiabilit\u00e9.<\/p>\n<p>En tant qu'usine directe, fabricant et grossiste, nous pouvons contr\u00f4ler strictement le processus de production afin de garantir la qualit\u00e9 des produits tout en vous offrant les prix les plus favorables. Nous disposons d'\u00e9quipements de production avanc\u00e9s et d'une \u00e9quipe technique professionnelle pour r\u00e9pondre \u00e0 vos besoins en mati\u00e8re de commandes \u00e0 grande \u00e9chelle et garantir une livraison dans les d\u00e9lais.<\/p>\n<\/div>","protected":false},"featured_media":4858,"template":"","meta":[],"product_brand":[],"product_cat":[293],"product_tag":[19212],"class_list":{"0":"post-29496","1":"product","2":"type-product","3":"status-publish","4":"has-post-thumbnail","6":"product_cat-products","7":"product_tag-microfiber-leather-for-packing-itemsmicrofiber-leather-for-packing-materialvegan-leather-qualityvegan-leather-sneakervegan-leather-trainersvegan-leather-weekender","9":"first","10":"instock","11":"product-type-simple"},"_links":{"self":[{"href":"https:\/\/www.eco-leather.com\/fr\/wp-json\/wp\/v2\/product\/29496","targetHints":{"allow":["GET"]}}],"collection":[{"href":"https:\/\/www.eco-leather.com\/fr\/wp-json\/wp\/v2\/product"}],"about":[{"href":"https:\/\/www.eco-leather.com\/fr\/wp-json\/wp\/v2\/types\/product"}],"wp:featuredmedia":[{"embeddable":true,"href":"https:\/\/www.eco-leather.com\/fr\/wp-json\/wp\/v2\/media\/4858"}],"wp:attachment":[{"href":"https:\/\/www.eco-leather.com\/fr\/wp-json\/wp\/v2\/media?parent=29496"}],"wp:term":[{"taxonomy":"product_brand","embeddable":true,"href":"https:\/\/www.eco-leather.com\/fr\/wp-json\/wp\/v2\/product_brand?post=29496"},{"taxonomy":"product_cat","embeddable":true,"href":"https:\/\/www.eco-leather.com\/fr\/wp-json\/wp\/v2\/product_cat?post=29496"},{"taxonomy":"product_tag","embeddable":true,"href":"https:\/\/www.eco-leather.com\/fr\/wp-json\/wp\/v2\/product_tag?post=29496"}],"curies":[{"name":"wp","href":"https:\/\/api.w.org\/{rel}","templated":true}]}}