{"id":29495,"date":"2025-09-07T11:03:56","date_gmt":"2025-09-07T03:03:56","guid":{"rendered":"https:\/\/www.eco-leather.com\/product\/not-easy-to-deform-pu-material-microfiber-leather-for-football\/"},"modified":"2025-09-07T11:04:03","modified_gmt":"2025-09-07T03:04:03","slug":"cuir-microfibre-pour-le-football-resistant-a-la-deformation","status":"publish","type":"product","link":"https:\/\/www.eco-leather.com\/fr\/cuir-microfibre-pour-le-football-resistant-a-la-deformation\/","title":{"rendered":"Pas facile \u00e0 d\u00e9former Pu Material Microfiber Leather For Football"},"content":{"rendered":"<h2>Mat\u00e9riau de haute qualit\u00e9 - Cuir de confection Import\u00e9<\/h2>\n<p><main><\/p>\n<section id=\"product-overview\">\n<h2>Description du produit<\/h2>\n<p>Rapide <strong>Faux cuir Spandex<\/strong> D\u00e9tail : Description :<\/p>\n<p>Fabriqu\u00e9 \u00e0 partir de mat\u00e9riaux en microfibre de haute qualit\u00e9, notre similicuir en microfibre Ultrasuede de 0,7 mm est le choix id\u00e9al pour les gants de cyclisme. Il allie souplesse et r\u00e9sistance, et offre des propri\u00e9t\u00e9s exceptionnelles de respirabilit\u00e9 et d'\u00e9vacuation de l'humidit\u00e9 pour garder les mains au frais et au sec pendant les sorties intenses.<\/p>\n<p>Que vous soyez un cycliste professionnel ou amateur, le cuir microfibre est un mat\u00e9riau qui offre un confort et une protection imbattables. Sa grande r\u00e9sistance \u00e0 l'abrasion et aux d\u00e9chirures garantit des performances durables, tandis que son design \u00e9l\u00e9gant ajoute une touche sophistiqu\u00e9e \u00e0 tout ensemble de cyclisme.<\/p>\n<\/section>\n<section id=\"features\">\n<h2>Caract\u00e9ristiques du produit<\/h2>\n<div class=\"feature-item\">\n<img decoding=\"async\" alt=\"Tissu en cuir hautement imperm\u00e9able OdmhsasTear Strength Basketball Faux cuir Le cuir artificiel est un produit haut de gamme qui offre une durabilit\u00e9 et une long\u00e9vit\u00e9 exceptionnelles.\" class=\"feature-image left\" src=\"\/wp-content\/uploads\/2025\/08\/not-easy-to-deform-pu-material-microfiber-leather-for-football-35046.png\"\/><\/p>\n<h3>Haut <strong>Tissu en cuir imperm\u00e9able Odmhsas<\/strong> R\u00e9sistance \u00e0 la d\u00e9chirure Faux cuir de basket-ball Le cuir artificiel est un produit haut de gamme qui offre une durabilit\u00e9 et une long\u00e9vit\u00e9 exceptionnelles.<\/h3>\n<p>Haut <strong>Tissu en cuir imperm\u00e9able Odmhsas<\/strong> Faux cuir de basket-ball r\u00e9sistant \u00e0 la d\u00e9chirure Le cuir artificiel est un produit haut de gamme qui offre une durabilit\u00e9 et une long\u00e9vit\u00e9 exceptionnelles. Fabriqu\u00e9 \u00e0 partir de mat\u00e9riaux de haute qualit\u00e9, ce cuir artificiel a \u00e9t\u00e9 sp\u00e9cialement con\u00e7u pour r\u00e9sister aux exigences intenses des terrains de basket-ball, garantissant ainsi sa long\u00e9vit\u00e9 pendant de nombreuses saisons.<\/p>\n<div class=\"clear\"><\/div>\n<\/div>\n<div class=\"feature-item\">\n<img decoding=\"async\" alt=\"Que vous soyez un athl\u00e8te professionnel ou un joueur occasionnel, le similicuir de basket-ball \u00e0 haute r\u00e9sistance \u00e0 la d\u00e9chirure est le choix id\u00e9al pour am\u00e9liorer vos performances sur le terrain.\" class=\"feature-image left\" src=\"\/wp-content\/uploads\/2025\/08\/not-easy-to-deform-pu-material-microfiber-leather-for-football-35047.png\"\/><\/p>\n<h3>Que vous soyez un athl\u00e8te professionnel ou un joueur occasionnel, le similicuir de basket-ball \u00e0 haute r\u00e9sistance \u00e0 la d\u00e9chirure est le choix id\u00e9al pour am\u00e9liorer vos performances sur le terrain.<\/h3>\n<p>Que vous soyez un athl\u00e8te professionnel ou un joueur occasionnel, le similicuir de basket-ball \u00e0 haute r\u00e9sistance \u00e0 la d\u00e9chirure est le choix id\u00e9al pour am\u00e9liorer vos performances sur le terrain. Ainsi, le cuir artificiel de basketball est le choix id\u00e9al pour am\u00e9liorer vos performances sur le terrain. <strong>Faux Leatherman \u00e9tanche<\/strong> pourquoi attendre Investissez d\u00e8s aujourd'hui dans ce produit incroyable et faites passer votre jeu au niveau sup\u00e9rieur !<\/p>\n<div class=\"clear\"><\/div>\n<\/div>\n<div class=\"feature-item\">\n<img decoding=\"async\" alt=\"L&#039;un des principaux avantages du cuir microfibre en mat\u00e9riau PU difficilement d\u00e9formable est sa durabilit\u00e9 exceptionnelle.\" class=\"feature-image left\" src=\"\/wp-content\/uploads\/2025\/08\/not-easy-to-deform-pu-material-microfiber-leather-for-football-35048.png\"\/><\/p>\n<h3>L'un des principaux avantages du cuir microfibre en mat\u00e9riau PU difficilement d\u00e9formable est sa durabilit\u00e9 exceptionnelle.<\/h3>\n<p>L'un des principaux avantages du cuir microfibre en mat\u00e9riau PU difficilement d\u00e9formable est sa durabilit\u00e9 exceptionnelle. Ce mat\u00e9riau est con\u00e7u pour r\u00e9sister \u00e0 l'usure d'une utilisation r\u00e9guli\u00e8re, y compris aux coups de pied, aux jets et aux autres manipulations pendant le jeu.<\/p>\n<div class=\"clear\"><\/div>\n<\/div>\n<div class=\"feature-item\">\n<h3>Son <strong>Spray imperm\u00e9able pour daim et cuir<\/strong> l'ext\u00e9rieur robuste permet de r\u00e9sister aux rigueurs du jeu, tout en conservant sa forme et son int\u00e9grit\u00e9<\/h3>\n<p>Son <strong>Spray imperm\u00e9able pour daim et cuir<\/strong> La robustesse de l'ext\u00e9rieur signifie qu'il peut r\u00e9sister aux rigueurs du jeu, tout en conservant sa forme et son int\u00e9grit\u00e9. Une autre caract\u00e9ristique importante du cuir microfibre en mati\u00e8re PU est sa r\u00e9sistance \u00e0 la d\u00e9formation.<\/p>\n<div class=\"clear\"><\/div>\n<\/div>\n<div class=\"feature-item\">\n<h3>Cela signifie que le mat\u00e9riau est capable de r\u00e9sister \u00e0 la pression et \u00e0 la force sans perdre sa forme ou sa structure<\/h3>\n<p>Cela signifie que le mat\u00e9riau est capable de r\u00e9sister \u00e0 la pression et \u00e0 la force sans perdre sa forme ou sa structure. Ceci est particuli\u00e8rement important dans le football, o\u00f9 le ballon doit conserver sa forme et sa taille afin d'\u00eatre bott\u00e9 avec pr\u00e9cision et efficacit\u00e9.<\/p>\n<div class=\"clear\"><\/div>\n<\/div>\n<div class=\"feature-item\">\n<h3>Pas facile \u00e0 d\u00e9former Le cuir microfibre du mat\u00e9riau PU garantit que la balle reste stable pendant les nombreux tours et d\u00e9tours du jeu.<\/h3>\n<p>Pas facile \u00e0 d\u00e9former La mati\u00e8re PU Le cuir microfibre garantit que la balle reste stable pendant les nombreux tours et d\u00e9tours du jeu.<\/p>\n<div class=\"clear\"><\/div>\n<\/div>\n<div class=\"feature-item\">\n<img decoding=\"async\" alt=\"Haute r\u00e9sistance \u00e0 la d\u00e9chirure - Ultrasuede Microfibre Faux cuir pour gants de cyclisme\" class=\"feature-image left\" src=\"\/wp-content\/uploads\/2025\/08\/07mm-ultrasuede-microfiber-faux-leather-for-cycling-gloves--37882.jpg\"\/><\/p>\n<h3>R\u00e9sistance \u00e9lev\u00e9e \u00e0 la d\u00e9chirure<\/h3>\n<p>Notre cuir microfibre Ultrasuede pr\u00e9sente une r\u00e9sistance exceptionnelle \u00e0 la d\u00e9chirure, ce qui garantit qu'il ne se cassera pas et ne se d\u00e9formera pas facilement sous l'effet du stress. Il est donc id\u00e9al pour les produits n\u00e9cessitant une durabilit\u00e9 et des performances \u00e0 long terme.<\/p>\n<div class=\"clear\"><\/div>\n<\/div>\n<div class=\"feature-item\">\n<img decoding=\"async\" alt=\"R\u00e9tention de la forme - Ultrasuede Microfibre Faux cuir pour gants de cyclisme\" class=\"feature-image right\" src=\"\/wp-content\/uploads\/2025\/08\/07mm-ultrasuede-microfiber-faux-leather-for-cycling-gloves--37883.jpg\"\/><\/p>\n<h3>Pas facile \u00e0 d\u00e9former<\/h3>\n<p>Sp\u00e9cialement trait\u00e9 pour conserver sa forme originale, ce mat\u00e9riau offre une excellente \u00e9lasticit\u00e9 et une grande stabilit\u00e9. Il r\u00e9siste aux d\u00e9formations dues \u00e0 la pression ext\u00e9rieure ou \u00e0 l'\u00e9tirement, ce qui permet aux produits de rester intacts et attrayants au fil du temps.<\/p>\n<div class=\"clear\"><\/div>\n<\/div>\n<div class=\"feature-item\">\n<img decoding=\"async\" alt=\"Durabilit\u00e9 - Ultrasuede Microfibre Faux cuir pour gants de cyclisme\" class=\"feature-image left\" src=\"\/wp-content\/uploads\/2025\/08\/07mm-ultrasuede-microfiber-faux-leather-for-cycling-gloves--37884.jpg\"\/><\/p>\n<h3>Durabilit\u00e9<\/h3>\n<p>Extr\u00eamement r\u00e9sistant \u00e0 l'abrasion, aux d\u00e9chirures et aux perforations, ce mat\u00e9riau permet aux gants de rester en parfait \u00e9tat, m\u00eame en cas d'utilisation prolong\u00e9e. Il conserve \u00e9galement une excellente dext\u00e9rit\u00e9 et une grande solidit\u00e9 pour les articles en cuir de haute qualit\u00e9.<\/p>\n<div class=\"clear\"><\/div>\n<\/div>\n<\/section>\n<section id=\"usage\">\n<h2>Utilisation et applications<\/h2>\n<div class=\"usage-point\">\n<h3>Avec <strong>Cuir de confection Import\u00e9<\/strong> une surface r\u00e9sistante \u00e0 la d\u00e9chirure, ce cuir artificiel est capable de r\u00e9sister \u00e0 l'usure d'un usage r\u00e9gulier<\/h3>\n<p>Avec <strong>Cuir de confection Import\u00e9<\/strong> Gr\u00e2ce \u00e0 sa surface r\u00e9sistante \u00e0 la d\u00e9chirure, ce cuir artificiel est capable de supporter l'usure d'un usage r\u00e9gulier. Il offre \u00e9galement une adh\u00e9rence et un contr\u00f4le sup\u00e9rieurs, ce qui le rend id\u00e9al pour les ballons de basket et autres \u00e9quipements sportifs.<\/p>\n<\/div>\n<div class=\"usage-point\">\n<h3>Pas facile \u00e0 d\u00e9former Mat\u00e9riau PU Le cuir microfibre pour le football est un mat\u00e9riau de haute qualit\u00e9 sp\u00e9cialement con\u00e7u pour r\u00e9pondre aux exigences des joueurs de football.<\/h3>\n<p>Mat\u00e9riau PU difficilement d\u00e9formable Le cuir microfibre pour le football est un mat\u00e9riau de haute qualit\u00e9 sp\u00e9cialement con\u00e7u pour r\u00e9pondre aux exigences des joueurs de football. Fabriqu\u00e9 en cuir microfibre, ce mat\u00e9riau est extr\u00eamement durable et r\u00e9sistant \u00e0 la d\u00e9formation, ce qui le rend parfait pour une utilisation dans les ballons de football.<\/p>\n<\/div>\n<div class=\"usage-point\">\n<h3>Sa structure et ses propri\u00e9t\u00e9s uniques en font un choix populaire pour les fabricants de football et les joueurs.<\/h3>\n<p>Sa structure et ses propri\u00e9t\u00e9s uniques en font un choix populaire pour les fabricants de football et les joueurs.<\/p>\n<\/div>\n<div class=\"usage-point\">\n<h3>Confortable et respirant<\/h3>\n<p>Doux, confortable et tr\u00e8s respirant, ce mat\u00e9riau est parfait pour les gants de cyclisme et autres produits port\u00e9s pendant de longues p\u00e9riodes. Il permet de garder les mains au frais et au sec pendant les activit\u00e9s intenses.<\/p>\n<\/div>\n<div class=\"usage-point\">\n<h3>Respectueux de l'environnement et durable<\/h3>\n<p>Notre similicuir en microfibre Ultrasuede comprend des options respectueuses de l'environnement, telles que des variantes fabriqu\u00e9es \u00e0 partir de PET recycl\u00e9 et de mat\u00e9riaux d'origine v\u00e9g\u00e9tale, r\u00e9duisant ainsi l'impact sur l'environnement tout en offrant des textures vari\u00e9es.<\/p>\n<\/div>\n<div class=\"usage-point\">\n<h3>Protection antibact\u00e9rienne et anti-poussi\u00e8re<\/h3>\n<p>Les variantes s\u00e9lectionn\u00e9es pr\u00e9sentent des propri\u00e9t\u00e9s antibact\u00e9riennes et r\u00e9sistantes \u00e0 la poussi\u00e8re, r\u00e9pondant \u00e0 des normes d'hygi\u00e8ne \u00e9lev\u00e9es, id\u00e9ales pour les gants n\u00e9cessitant des contr\u00f4les de qualit\u00e9 et de s\u00e9curit\u00e9 stricts.<\/p>\n<\/div>\n<div class=\"usage-point\">\n<h3>Divers sc\u00e9narios d'application<\/h3>\n<p>Outre les gants de cyclisme, il convient aux gants de contact, aux gants de s\u00e9curit\u00e9 et \u00e0 divers autres types de gants, ainsi qu'aux chaussures, aux v\u00eatements et aux accessoires.<\/p>\n<\/div>\n<p><img decoding=\"async\" alt=\"Applications du similicuir en microfibre Ultrasuede de 0,7 mm dans divers produits\" class=\"product-image\" src=\"\/wp-content\/uploads\/2025\/08\/07mm-ultrasuede-microfiber-faux-leather-for-cycling-gloves--37885.jpg\"\/><br \/>\n<img decoding=\"async\" alt=\"Gants de cyclisme en cuir microfibre Ultrasuede - exemple de produit\" class=\"product-image\" src=\"\/wp-content\/uploads\/2025\/08\/07mm-ultrasuede-microfiber-faux-leather-for-cycling-gloves--37886.jpg\"\/><br \/>\n<\/section>\n<p><\/main><\/p>\n<section id=\"inquiry\">\n<h2 style=\"text-align: center;\">Dans l'attente de votre demande, nous vous prions d'agr\u00e9er, Madame, Monsieur, l'expression de nos salutations distingu\u00e9es.<\/h2>\n<p style=\"text-align: center;\">Contactez-nous d\u00e8s aujourd'hui pour en savoir plus sur nos produits et passer votre commande.<\/p>\n<\/section>\n\n    <div class=\"xs_social_share_widget xs_share_url after_content \t\tmain_content  wslu-style-1 wslu-share-box-shaped wslu-fill-colored wslu-none wslu-share-horizontal wslu-theme-font-no wslu-main_content\">\n\n\t\t\n        <ul>\n\t\t\t        <\/ul>\n    <\/div>","protected":false},"excerpt":{"rendered":"<div class=\"product-short-description\">Ballons Cuir Pas Facile \u00e0 D\u00e9former Mat\u00e9riau Pu Microfibre Cuir Pour Football WINIW Pas Facile \u00e0 D\u00e9former Mat\u00e9riau Pu Microfibre Cuir Pour Football Les caract\u00e9ristiques principales incluent.id\u00e9al pour ceux qui recherchent la qualit\u00e9 et la fiabilit\u00e9.<\/p>\n<p>En tant qu'usine directe, fabricant et grossiste, nous pouvons contr\u00f4ler strictement le processus de production afin de garantir la qualit\u00e9 des produits tout en vous offrant les prix les plus favorables. Nous disposons d'\u00e9quipements de production avanc\u00e9s et d'une \u00e9quipe technique professionnelle pour r\u00e9pondre \u00e0 vos besoins en mati\u00e8re de commandes \u00e0 grande \u00e9chelle et garantir une livraison dans les d\u00e9lais.<\/p>\n<\/div>","protected":false},"featured_media":4854,"template":"","meta":[],"product_brand":[],"product_cat":[271],"product_tag":[],"class_list":{"0":"post-29495","1":"product","2":"type-product","3":"status-publish","4":"has-post-thumbnail","6":"product_cat-balls-leather","8":"first","9":"instock","10":"product-type-simple"},"_links":{"self":[{"href":"https:\/\/www.eco-leather.com\/fr\/wp-json\/wp\/v2\/product\/29495","targetHints":{"allow":["GET"]}}],"collection":[{"href":"https:\/\/www.eco-leather.com\/fr\/wp-json\/wp\/v2\/product"}],"about":[{"href":"https:\/\/www.eco-leather.com\/fr\/wp-json\/wp\/v2\/types\/product"}],"wp:featuredmedia":[{"embeddable":true,"href":"https:\/\/www.eco-leather.com\/fr\/wp-json\/wp\/v2\/media\/4854"}],"wp:attachment":[{"href":"https:\/\/www.eco-leather.com\/fr\/wp-json\/wp\/v2\/media?parent=29495"}],"wp:term":[{"taxonomy":"product_brand","embeddable":true,"href":"https:\/\/www.eco-leather.com\/fr\/wp-json\/wp\/v2\/product_brand?post=29495"},{"taxonomy":"product_cat","embeddable":true,"href":"https:\/\/www.eco-leather.com\/fr\/wp-json\/wp\/v2\/product_cat?post=29495"},{"taxonomy":"product_tag","embeddable":true,"href":"https:\/\/www.eco-leather.com\/fr\/wp-json\/wp\/v2\/product_tag?post=29495"}],"curies":[{"name":"wp","href":"https:\/\/api.w.org\/{rel}","templated":true}]}}