{"id":29477,"date":"2025-09-07T11:03:56","date_gmt":"2025-09-07T03:03:56","guid":{"rendered":"https:\/\/www.eco-leather.com\/product\/strong-durability-ball-synthetic-faux-leather-for-volleyball-basketball-2\/"},"modified":"2025-09-07T11:03:56","modified_gmt":"2025-09-07T03:03:56","slug":"ballon-synthetique-en-faux-cuir-pour-le-volley-ball-et-le-basket-ball-2","status":"publish","type":"product","link":"https:\/\/www.eco-leather.com\/fr\/ballon-synthetique-en-faux-cuir-pour-le-volley-ball-et-le-basket-ball-2\/","title":{"rendered":"Ballon synth\u00e9tique en faux cuir pour volley-ball et basket-ball"},"content":{"rendered":"<h2>Utilisation de mat\u00e9riaux de qualit\u00e9 - Si\u00e8ges en cuir pour automobiles, vestes en cuir pour voitures \u00e9cologiques<\/h2>\n<p><main><\/p>\n<section id=\"product-overview\">\n<h2>Description du produit<\/h2>\n<p>Rapide <strong>Faux cuir Spandex<\/strong> D\u00e9tail : Description :<\/p>\n<p>Le <strong>Bo\u00eetes en simili cuir Chine<\/strong> La construction de la balle garantit \u00e9galement une excellente prise en main, afin qu'elle ne glisse pas des mains, que ce soit pour tirer, faire une passe ou dribbler.<\/p>\n<p>Le mat\u00e9riau en similicuir est \u00e9galement tr\u00e8s agr\u00e9able au toucher, ce qui am\u00e9liore l'exp\u00e9rience de jeu globale.<\/p>\n<p>Fabriqu\u00e9 \u00e0 partir de mat\u00e9riaux en microfibre de haute qualit\u00e9, notre similicuir en microfibre Ultrasuede de 0,7 mm est le choix id\u00e9al pour les gants de cyclisme. Il allie souplesse et r\u00e9sistance, et offre des propri\u00e9t\u00e9s exceptionnelles de respirabilit\u00e9 et d'\u00e9vacuation de l'humidit\u00e9 pour garder les mains au frais et au sec pendant les sorties intenses.<\/p>\n<p>Que vous soyez un cycliste professionnel ou amateur, le cuir microfibre est un mat\u00e9riau qui offre un confort et une protection imbattables. Sa grande r\u00e9sistance \u00e0 l'abrasion et aux d\u00e9chirures garantit des performances durables, tandis que son design \u00e9l\u00e9gant ajoute une touche sophistiqu\u00e9e \u00e0 tout ensemble de cyclisme.<\/p>\n<\/section>\n<section id=\"features\">\n<h2>Caract\u00e9ristiques du produit<\/h2>\n<div class=\"feature-item\">\n<img decoding=\"async\" alt=\"StrongSuede Leather Waterproof SprayDurability Ball Faux cuir synth\u00e9tique est le choix parfait pour les joueurs de volley-ball et de basket-ball qui ont besoin d&#039;un ballon fiable qui peut r\u00e9sister \u00e0 des s\u00e9ances d&#039;entra\u00eenement intenses et \u00e0 une utilisation vigoureuse.\" class=\"feature-image left\" src=\"\/wp-content\/uploads\/2025\/08\/strong-durability-ball-synthetic-faux-leather-for-volleyball-basketball-34974.png\"\/><\/p>\n<h3>Fort <strong>Spray imperm\u00e9able pour daim et cuir<\/strong> Durability Ball Synthetic Faux Leather est le choix parfait pour les joueurs de volley-ball et de basket-ball qui ont besoin d'un ballon fiable pouvant r\u00e9sister \u00e0 des s\u00e9ances d'entra\u00eenement intenses et \u00e0 une utilisation vigoureuse.<\/h3>\n<p>Fort <strong>Spray imperm\u00e9able pour daim et cuir<\/strong> Durability Ball Synthetic Faux Leather est le choix parfait pour les joueurs de volley-ball et de basket-ball qui ont besoin d'un ballon fiable pouvant r\u00e9sister \u00e0 des s\u00e9ances d'entra\u00eenement intenses et \u00e0 une utilisation vigoureuse.<\/p>\n<div class=\"clear\"><\/div>\n<\/div>\n<div class=\"feature-item\">\n<img decoding=\"async\" alt=\"Fabriqu\u00e9e \u00e0 partir de mat\u00e9riaux de haute qualit\u00e9, cette balle pr\u00e9sente un ext\u00e9rieur en similicuir synth\u00e9tique qui est incroyablement durable et r\u00e9sistant \u00e0 l&#039;usure.\" class=\"feature-image left\" src=\"\/wp-content\/uploads\/2025\/08\/strong-durability-ball-synthetic-faux-leather-for-volleyball-basketball-34975.png\"\/><\/p>\n<h3>Fabriqu\u00e9e \u00e0 partir de mat\u00e9riaux de haute qualit\u00e9, cette balle pr\u00e9sente un ext\u00e9rieur en similicuir synth\u00e9tique qui est incroyablement durable et r\u00e9sistant \u00e0 l'usure.<\/h3>\n<p>Fabriqu\u00e9 \u00e0 partir de mat\u00e9riaux de haute qualit\u00e9, ce ballon est dot\u00e9 d'un ext\u00e9rieur en similicuir synth\u00e9tique qui est incroyablement durable et r\u00e9sistant \u00e0 l'usure. Il offre \u00e9galement une adh\u00e9rence sup\u00e9rieure, ce qui permet aux joueurs de garder le contr\u00f4le et la pr\u00e9cision pendant les matchs et les entra\u00eenements.<\/p>\n<div class=\"clear\"><\/div>\n<\/div>\n<div class=\"feature-item\">\n<img decoding=\"async\" alt=\"Gr\u00e2ce \u00e0 sa construction robuste et \u00e0 ses excellentes performances, la balle en faux cuir synth\u00e9tique Strong Durability Ball est le choix id\u00e9al pour les athl\u00e8tes qui veulent am\u00e9liorer leur jeu et exceller sur le terrain.\" class=\"feature-image left\" src=\"\/wp-content\/uploads\/2025\/08\/strong-durability-ball-synthetic-faux-leather-for-volleyball-basketball-34976.png\"\/><\/p>\n<h3>Gr\u00e2ce \u00e0 sa construction robuste et \u00e0 ses excellentes performances, la balle en faux cuir synth\u00e9tique Strong Durability Ball est le choix id\u00e9al pour les athl\u00e8tes qui veulent am\u00e9liorer leur jeu et exceller sur le terrain.<\/h3>\n<p>Gr\u00e2ce \u00e0 sa construction robuste et \u00e0 ses excellentes performances, la balle synth\u00e9tique en similicuir Strong Durability Ball est le choix id\u00e9al pour les athl\u00e8tes qui veulent am\u00e9liorer leur jeu et exceller sur le terrain. Qu'il s'agisse de <strong>Faux Leatherman \u00e9tanche<\/strong> que vous soyez un professionnel chevronn\u00e9 ou que vous d\u00e9butiez, ce ballon vous aidera \u00e0 atteindre votre plein potentiel et \u00e0 r\u00e9aliser vos objectifs.<\/p>\n<div class=\"clear\"><\/div>\n<\/div>\n<div class=\"feature-item\">\n<h3>Alors ne vous contentez pas de ce qu'il y a de mieux, choisissez le Strong Durability Ball Synthetic Faux Leather pour votre prochain match ou entra\u00eenement et constatez la diff\u00e9rence par vous-m\u00eame ! Le Strong Durability Ball Synthetic Faux Leather est le ballon id\u00e9al pour les amateurs de volley-ball et de basket-ball.<\/h3>\n<p>Alors ne vous contentez pas de ce qu'il y a de mieux, choisissez le Strong Durability Ball Synthetic Faux Leather pour votre prochain match ou entra\u00eenement et constatez la diff\u00e9rence par vous-m\u00eame ! Le Strong Durability Ball Synthetic Faux Leather est le ballon id\u00e9al pour les amateurs de volley-ball et de basket-ball.<\/p>\n<div class=\"clear\"><\/div>\n<\/div>\n<div class=\"feature-item\">\n<h3>Fabriqu\u00e9 \u00e0 partir de mat\u00e9riaux de haute qualit\u00e9, ce ballon est con\u00e7u pour offrir une exp\u00e9rience de haute performance, tout en \u00e9tant tr\u00e8s durable.<\/h3>\n<p>Fabriqu\u00e9 \u00e0 partir de mat\u00e9riaux de haute qualit\u00e9, ce ballon est con\u00e7u pour offrir une exp\u00e9rience de haute performance, tout en \u00e9tant tr\u00e8s durable. Le ballon <strong>Daim Cuir Imperm\u00e9able Import<\/strong> Le ballon est dot\u00e9 d'une mati\u00e8re synth\u00e9tique en similicuir, connue pour ses propri\u00e9t\u00e9s robustes et r\u00e9sistantes.<\/p>\n<div class=\"clear\"><\/div>\n<\/div>\n<div class=\"feature-item\">\n<h3>Cela signifie que le ballon peut r\u00e9sister aux activit\u00e9s sportives les plus rudes et qu'il ne s'usera pas facilement.<\/h3>\n<p>Cela signifie que le ballon peut r\u00e9sister aux activit\u00e9s sportives les plus rudes et qu'il ne s'usera ni ne se d\u00e9chirera facilement. Vous pouvez profiter d'innombrables heures de s\u00e9ances d'entra\u00eenement et de jeux intenses sans craindre que le ballon ne perde sa forme ou sa qualit\u00e9.<\/p>\n<div class=\"clear\"><\/div>\n<\/div>\n<div class=\"feature-item\">\n<h3>En outre, la balle pr\u00e9sente une durabilit\u00e9 exceptionnelle, ce qui la rend id\u00e9ale pour une utilisation \u00e0 l'int\u00e9rieur et \u00e0 l'ext\u00e9rieur.<\/h3>\n<p>En outre, le ballon pr\u00e9sente une durabilit\u00e9 exceptionnelle, ce qui le rend id\u00e9al pour une utilisation \u00e0 l'int\u00e9rieur comme \u00e0 l'ext\u00e9rieur. Le ballon peut r\u00e9sister \u00e0 des temp\u00e9ratures \u00e9lev\u00e9es et \u00e0 des surfaces rugueuses sans montrer le moindre signe de d\u00e9t\u00e9rioration. Vous pouvez donc l'utiliser sur du ciment, de l'asphalte et m\u00eame du gravier sans craindre qu'il ne soit d\u00e9truit.<\/p>\n<div class=\"clear\"><\/div>\n<\/div>\n<div class=\"feature-item\">\n<img decoding=\"async\" alt=\"Haute r\u00e9sistance \u00e0 la d\u00e9chirure - Ultrasuede Microfibre Faux cuir pour gants de cyclisme\" class=\"feature-image left\" src=\"\/wp-content\/uploads\/2025\/08\/07mm-ultrasuede-microfiber-faux-leather-for-cycling-gloves--37882.jpg\"\/><\/p>\n<h3>R\u00e9sistance \u00e9lev\u00e9e \u00e0 la d\u00e9chirure<\/h3>\n<p>Notre cuir microfibre Ultrasuede pr\u00e9sente une r\u00e9sistance exceptionnelle \u00e0 la d\u00e9chirure, ce qui garantit qu'il ne se cassera pas et ne se d\u00e9formera pas facilement sous l'effet du stress. Il est donc id\u00e9al pour les produits n\u00e9cessitant une durabilit\u00e9 et des performances \u00e0 long terme.<\/p>\n<div class=\"clear\"><\/div>\n<\/div>\n<div class=\"feature-item\">\n<img decoding=\"async\" alt=\"R\u00e9tention de la forme - Ultrasuede Microfibre Faux cuir pour gants de cyclisme\" class=\"feature-image right\" src=\"\/wp-content\/uploads\/2025\/08\/07mm-ultrasuede-microfiber-faux-leather-for-cycling-gloves--37883.jpg\"\/><\/p>\n<h3>Pas facile \u00e0 d\u00e9former<\/h3>\n<p>Sp\u00e9cialement trait\u00e9 pour conserver sa forme originale, ce mat\u00e9riau offre une excellente \u00e9lasticit\u00e9 et une grande stabilit\u00e9. Il r\u00e9siste aux d\u00e9formations dues \u00e0 la pression ext\u00e9rieure ou \u00e0 l'\u00e9tirement, ce qui permet aux produits de rester intacts et attrayants au fil du temps.<\/p>\n<div class=\"clear\"><\/div>\n<\/div>\n<div class=\"feature-item\">\n<img decoding=\"async\" alt=\"Durabilit\u00e9 - Ultrasuede Microfibre Faux cuir pour gants de cyclisme\" class=\"feature-image left\" src=\"\/wp-content\/uploads\/2025\/08\/07mm-ultrasuede-microfiber-faux-leather-for-cycling-gloves--37884.jpg\"\/><\/p>\n<h3>Durabilit\u00e9<\/h3>\n<p>Extr\u00eamement r\u00e9sistant \u00e0 l'abrasion, aux d\u00e9chirures et aux perforations, ce mat\u00e9riau permet aux gants de rester en parfait \u00e9tat, m\u00eame en cas d'utilisation prolong\u00e9e. Il conserve \u00e9galement une excellente dext\u00e9rit\u00e9 et une grande solidit\u00e9 pour les articles en cuir de haute qualit\u00e9.<\/p>\n<div class=\"clear\"><\/div>\n<\/div>\n<\/section>\n<p><\/main><\/p>\n<section id=\"inquiry\">\n<h2 style=\"text-align: center;\">Dans l'attente de votre demande, nous vous prions d'agr\u00e9er, Madame, Monsieur, l'expression de nos salutations distingu\u00e9es.<\/h2>\n<p style=\"text-align: center;\">Contactez-nous d\u00e8s aujourd'hui pour en savoir plus sur nos produits et passer votre commande.<\/p>\n<\/section>\n\n    <div class=\"xs_social_share_widget xs_share_url after_content \t\tmain_content  wslu-style-1 wslu-share-box-shaped wslu-fill-colored wslu-none wslu-share-horizontal wslu-theme-font-no wslu-main_content\">\n\n\t\t\n        <ul>\n\t\t\t        <\/ul>\n    <\/div>","protected":false},"excerpt":{"rendered":"<div class=\"product-short-description\">Ballons Cuir Forte Durabilit\u00e9 Ballon Synth\u00e9tique Faux Cuir Pour Volleyball Basketball WINIW Forte Durabilit\u00e9 Ballon Synth\u00e9tique Faux Cuir Pour Volleyball Basketball Les principales caract\u00e9ristiques sont les suivantes : Id\u00e9al pour ceux qui recherchent la qualit\u00e9 et la fiabilit\u00e9.<\/p>\n<p>En tant qu'usine directe, fabricant et grossiste, nous pouvons contr\u00f4ler strictement le processus de production afin de garantir la qualit\u00e9 des produits tout en vous offrant les prix les plus favorables. Nous disposons d'\u00e9quipements de production avanc\u00e9s et d'une \u00e9quipe technique professionnelle pour r\u00e9pondre \u00e0 vos besoins en mati\u00e8re de commandes \u00e0 grande \u00e9chelle et garantir une livraison dans les d\u00e9lais.<\/p>\n<\/div>","protected":false},"featured_media":4793,"template":"","meta":[],"product_brand":[],"product_cat":[271],"product_tag":[19205],"class_list":{"0":"post-29477","1":"product","2":"type-product","3":"status-publish","4":"has-post-thumbnail","6":"product_cat-balls-leather","7":"product_tag-synthetic-faux-leather-vendorsynthetic-faux-leather-bulksynthetic-faux-leather-supplierssynthetic-faux-leather-manufacturersynthetic-faux-leather-factorysynthetic-faux-leather-odm","9":"first","10":"instock","11":"product-type-simple"},"_links":{"self":[{"href":"https:\/\/www.eco-leather.com\/fr\/wp-json\/wp\/v2\/product\/29477","targetHints":{"allow":["GET"]}}],"collection":[{"href":"https:\/\/www.eco-leather.com\/fr\/wp-json\/wp\/v2\/product"}],"about":[{"href":"https:\/\/www.eco-leather.com\/fr\/wp-json\/wp\/v2\/types\/product"}],"wp:featuredmedia":[{"embeddable":true,"href":"https:\/\/www.eco-leather.com\/fr\/wp-json\/wp\/v2\/media\/4793"}],"wp:attachment":[{"href":"https:\/\/www.eco-leather.com\/fr\/wp-json\/wp\/v2\/media?parent=29477"}],"wp:term":[{"taxonomy":"product_brand","embeddable":true,"href":"https:\/\/www.eco-leather.com\/fr\/wp-json\/wp\/v2\/product_brand?post=29477"},{"taxonomy":"product_cat","embeddable":true,"href":"https:\/\/www.eco-leather.com\/fr\/wp-json\/wp\/v2\/product_cat?post=29477"},{"taxonomy":"product_tag","embeddable":true,"href":"https:\/\/www.eco-leather.com\/fr\/wp-json\/wp\/v2\/product_tag?post=29477"}],"curies":[{"name":"wp","href":"https:\/\/api.w.org\/{rel}","templated":true}]}}