{"id":29473,"date":"2025-09-07T11:03:44","date_gmt":"2025-09-07T03:03:44","guid":{"rendered":"https:\/\/www.eco-leather.com\/product\/numerous-colors-pu-artificial-leather-for-sports-balls\/"},"modified":"2025-09-07T11:03:50","modified_gmt":"2025-09-07T03:03:50","slug":"cuir-artificiel-pu-de-nombreuses-couleurs-pour-ballons-de-sport","status":"publish","type":"product","link":"https:\/\/www.eco-leather.com\/fr\/cuir-artificiel-pu-de-nombreuses-couleurs-pour-ballons-de-sport\/","title":{"rendered":"Nombreuses couleurs de cuir artificiel PU pour ballons de sport"},"content":{"rendered":"<h2>Application de mat\u00e9riaux de qualit\u00e9 - Eco Car Leather Jacket<\/h2>\n<p><main><\/p>\n<section id=\"product-overview\">\n<h2>Description du produit<\/h2>\n<p>Rapide <strong>Fabricant de cuir artificiel<\/strong> D\u00e9tail : Description :<\/p>\n<p>Avec <strong>Bo\u00eetes en simili cuir Chine<\/strong> Compte tenu de ses nombreux avantages, il n'est pas \u00e9tonnant que le cuir microfibre en mat\u00e9riau PU difficilement d\u00e9formable soit un choix populaire pour les fabricants d'\u00e9quipements de football. Que vous soyez un athl\u00e8te professionnel ou un simple amateur de football, ce mat\u00e9riau m\u00e9rite d'\u00eatre pris en compte pour votre prochain achat li\u00e9 au football.<\/p>\n<p>Alors pourquoi attendre Essayez d\u00e8s aujourd'hui le cuir microfibre en mat\u00e9riau PU difficilement d\u00e9formable et d\u00e9couvrez tous ses avantages par vous-m\u00eame !<\/p>\n<p>Fabriqu\u00e9 \u00e0 partir de mat\u00e9riaux en microfibre de haute qualit\u00e9, notre similicuir en microfibre Ultrasuede de 0,7 mm est le choix id\u00e9al pour les gants de cyclisme. Il allie souplesse et r\u00e9sistance, et offre des propri\u00e9t\u00e9s exceptionnelles de respirabilit\u00e9 et d'\u00e9vacuation de l'humidit\u00e9 pour garder les mains au frais et au sec pendant les sorties intenses.<\/p>\n<p>Que vous soyez un cycliste professionnel ou amateur, le cuir microfibre est un mat\u00e9riau qui offre un confort et une protection imbattables. Sa grande r\u00e9sistance \u00e0 l'abrasion et aux d\u00e9chirures garantit des performances durables, tandis que son design \u00e9l\u00e9gant ajoute une touche sophistiqu\u00e9e \u00e0 tout ensemble de cyclisme.<\/p>\n<\/section>\n<section id=\"specifications\">\n<h2>Param\u00e8tres techniques<\/h2>\n<ul class_=\"parameters-list\">\n<li><span class=\"param-name\">Sp\u00e9cifications :<\/span> <\/li>\n<\/ul>\n<p><img decoding=\"async\" alt=\"0.7mm Ultrasuede Microfiber Faux cuir pour gants de cyclisme - Sp\u00e9cification des mat\u00e9riaux\" class=\"product-image\" src=\"\/wp-content\/uploads\/2025\/08\/07mm-ultrasuede-microfiber-faux-leather-for-cycling-gloves--37881.jpg\"\/><\/p>\n<h3>Param\u00e8tres du produit<\/h3>\n<ul class=\"parameters-list\">\n<li><span class=\"param-name\">Mat\u00e9riau :<\/span> Microfibre + PU<\/li>\n<li><span class=\"param-name\">Couleur :<\/span> Noir, Gris, Beige (couleurs personnalis\u00e9es disponibles)<\/li>\n<li><span class=\"param-name\">\u00c9paisseur :<\/span> 0,6 mm, 0,7 mm, 0,8 mm, 1 mm<\/li>\n<li><span class=\"param-name\">Quantit\u00e9 minimale de commande :<\/span> 300 m\u00e8tres lin\u00e9aires<\/li>\n<li><span class=\"param-name\">Longueur du rouleau :<\/span> 20-30m\/rouleau<\/li>\n<li><span class=\"param-name\">D\u00e9lai de livraison :<\/span> 15-20 jours<\/li>\n<li><span class=\"param-name\">Largeur :<\/span> 54\u2033, 137cm<\/li>\n<li><span class=\"param-name\">Capacit\u00e9 de production :<\/span> 1 000 000 m\u00e8tres par mois<\/li>\n<\/ul>\n<\/section>\n<section id=\"features\">\n<h2>Caract\u00e9ristiques du produit<\/h2>\n<div class=\"feature-item\">\n<img decoding=\"async\" alt=\"WINIWSuede Leather Waterproof SprayCompany Factory Wholesale Leather FabricurersNumerous Colors PU Artificial Leather est un t\u00e9moignage de l&#039;innovation dans la conception d&#039;\u00e9quipements sportifs.\" class=\"feature-image left\" src=\"\/wp-content\/uploads\/2025\/08\/numerous-colors-pu-artificial-leather-for-sports-balls-34963.png\"\/><\/p>\n<h3>WINIW <strong>Spray imperm\u00e9able pour daim et cuir<\/strong> Company Factory Wholesale Leather FabricurersNumerous Colors PU Artificial Leather est un t\u00e9moignage de l'innovation dans la conception d'\u00e9quipements sportifs.<\/h3>\n<p>WINIW <strong>Spray imperm\u00e9able pour daim et cuir<\/strong> Company Factory Wholesale Leather FabricurersNumerous Colors PU Artificial Leather est un t\u00e9moignage de l'innovation dans la conception d'\u00e9quipements sportifs.<\/p>\n<div class=\"clear\"><\/div>\n<\/div>\n<div class=\"feature-item\">\n<img decoding=\"async\" alt=\"Con\u00e7u pour les fabricants cherchant \u00e0 allier esth\u00e9tique et performance, ce mat\u00e9riau pr\u00e9sente une surface PU de qualit\u00e9 sup\u00e9rieure superpos\u00e9e \u00e0 une base en microfibre, offrant une vaste palette de couleurs vives et r\u00e9sistantes \u00e0 la d\u00e9coloration.\" class=\"feature-image left\" src=\"\/wp-content\/uploads\/2025\/08\/numerous-colors-pu-artificial-leather-for-sports-balls-34964.png\"\/><\/p>\n<h3>Con\u00e7u pour les fabricants cherchant \u00e0 allier esth\u00e9tique et performance, ce mat\u00e9riau pr\u00e9sente une surface PU de qualit\u00e9 sup\u00e9rieure superpos\u00e9e \u00e0 une base en microfibre, offrant une vaste palette de couleurs vives et r\u00e9sistantes \u00e0 la d\u00e9coloration.<\/h3>\n<p>Con\u00e7u pour les fabricants cherchant \u00e0 allier esth\u00e9tique et performance, ce mat\u00e9riau pr\u00e9sente une surface PU de qualit\u00e9 sup\u00e9rieure superpos\u00e9e \u00e0 une base en microfibre, offrant une vaste palette de couleurs vives et r\u00e9sistantes \u00e0 la d\u00e9coloration.<\/p>\n<div class=\"clear\"><\/div>\n<\/div>\n<div class=\"feature-item\">\n<img decoding=\"async\" alt=\"Le rev\u00eatement en PU garantit la durabilit\u00e9 contre l&#039;abrasion et les intemp\u00e9ries, tandis que le noyau en microfibre am\u00e9liore la flexibilit\u00e9 et la r\u00e9tention d&#039;air.\" class=\"feature-image left\" src=\"\/wp-content\/uploads\/2025\/08\/numerous-colors-pu-artificial-leather-for-sports-balls-34965.png\"\/><\/p>\n<h3>Le rev\u00eatement en PU garantit la durabilit\u00e9 contre l'abrasion et les intemp\u00e9ries, tandis que le noyau en microfibre am\u00e9liore la flexibilit\u00e9 et la r\u00e9tention d'air.<\/h3>\n<p>Le rev\u00eatement PU garantit la durabilit\u00e9 contre l'abrasion et les intemp\u00e9ries, tandis que l'\u00e2me en microfibre am\u00e9liore la flexibilit\u00e9 et la r\u00e9tention d'air. Id\u00e9al <strong>Faux cuir imperm\u00e9able Personnaliser<\/strong> pour les ballons de football, les ballons de basket et le mat\u00e9riel promotionnel, il permet aux marques de cr\u00e9er des designs accrocheurs qui r\u00e9sistent aux rigueurs du jeu professionnel et de l'utilisation occasionnelle.<\/p>\n<div class=\"clear\"><\/div>\n<\/div>\n<div class=\"feature-item\">\n<h3>WINIW Company Factory Wholesale Leather Fabricurerson engagement en faveur de la qualit\u00e9 garantit que chaque variante de couleur conserve une texture et une r\u00e9silience constantes, ce qui en fait un choix de premier ordre pour les marques de sport mondiales qui souhaitent se d\u00e9marquer sur le terrain et en dehors.<\/h3>\n<p>WINIW Company Factory Wholesale Leather Fabricurerson engagement en faveur de la qualit\u00e9 garantit que chaque variante de couleur conserve une texture et une r\u00e9silience constantes, ce qui en fait un choix de premier ordre pour les marques de sport mondiales qui souhaitent se d\u00e9marquer sur le terrain et en dehors.<\/p>\n<div class=\"clear\"><\/div>\n<\/div>\n<div class=\"feature-item\">\n<h3>Pas facile \u00e0 d\u00e9former La mati\u00e8re PU Le cuir microfibre est un excellent choix pour les applications footballistiques.<\/h3>\n<p>Mat\u00e9riau PU ind\u00e9formable Le cuir microfibre est un excellent choix pour les applications footballistiques. Cette <strong>Mat\u00e9riau en cuir imperm\u00e9able Service<\/strong> offre une combinaison de durabilit\u00e9, de confort et de style difficile \u00e0 trouver dans d'autres mat\u00e9riaux.<\/p>\n<div class=\"clear\"><\/div>\n<\/div>\n<div class=\"feature-item\">\n<h3>Il est tr\u00e8s r\u00e9sistant \u00e0 l'usure et \u00e0 la d\u00e9chirure, ce qui le rend id\u00e9al pour une utilisation dans des situations tr\u00e8s stressantes telles que celles rencontr\u00e9es lors des matchs de football.<\/h3>\n<p>Il est tr\u00e8s r\u00e9sistant \u00e0 l'usure et \u00e0 la d\u00e9chirure, ce qui le rend id\u00e9al pour une utilisation dans des situations tr\u00e8s stressantes comme celles rencontr\u00e9es lors des matchs de football. En outre, il est con\u00e7u pour \u00eatre respirant et \u00e9vacuer l'humidit\u00e9, ce qui permet aux joueurs de rester au frais et au sec pendant les activit\u00e9s physiques intenses.<\/p>\n<div class=\"clear\"><\/div>\n<\/div>\n<div class=\"feature-item\">\n<img decoding=\"async\" alt=\"Haute r\u00e9sistance \u00e0 la d\u00e9chirure - Ultrasuede Microfibre Faux cuir pour gants de cyclisme\" class=\"feature-image left\" src=\"\/wp-content\/uploads\/2025\/08\/07mm-ultrasuede-microfiber-faux-leather-for-cycling-gloves--37882.jpg\"\/><\/p>\n<h3>R\u00e9sistance \u00e9lev\u00e9e \u00e0 la d\u00e9chirure<\/h3>\n<p>Notre cuir microfibre Ultrasuede pr\u00e9sente une r\u00e9sistance exceptionnelle \u00e0 la d\u00e9chirure, ce qui garantit qu'il ne se cassera pas et ne se d\u00e9formera pas facilement sous l'effet du stress. Il est donc id\u00e9al pour les produits n\u00e9cessitant une durabilit\u00e9 et des performances \u00e0 long terme.<\/p>\n<div class=\"clear\"><\/div>\n<\/div>\n<div class=\"feature-item\">\n<img decoding=\"async\" alt=\"R\u00e9tention de la forme - Ultrasuede Microfibre Faux cuir pour gants de cyclisme\" class=\"feature-image right\" src=\"\/wp-content\/uploads\/2025\/08\/07mm-ultrasuede-microfiber-faux-leather-for-cycling-gloves--37883.jpg\"\/><\/p>\n<h3>Pas facile \u00e0 d\u00e9former<\/h3>\n<p>Sp\u00e9cialement trait\u00e9 pour conserver sa forme originale, ce mat\u00e9riau offre une excellente \u00e9lasticit\u00e9 et une grande stabilit\u00e9. Il r\u00e9siste aux d\u00e9formations dues \u00e0 la pression ext\u00e9rieure ou \u00e0 l'\u00e9tirement, ce qui permet aux produits de rester intacts et attrayants au fil du temps.<\/p>\n<div class=\"clear\"><\/div>\n<\/div>\n<div class=\"feature-item\">\n<img decoding=\"async\" alt=\"Durabilit\u00e9 - Ultrasuede Microfibre Faux cuir pour gants de cyclisme\" class=\"feature-image left\" src=\"\/wp-content\/uploads\/2025\/08\/07mm-ultrasuede-microfiber-faux-leather-for-cycling-gloves--37884.jpg\"\/><\/p>\n<h3>Durabilit\u00e9<\/h3>\n<p>Extr\u00eamement r\u00e9sistant \u00e0 l'abrasion, aux d\u00e9chirures et aux perforations, ce mat\u00e9riau permet aux gants de rester en parfait \u00e9tat, m\u00eame en cas d'utilisation prolong\u00e9e. Il conserve \u00e9galement une excellente dext\u00e9rit\u00e9 et une grande solidit\u00e9 pour les articles en cuir de haute qualit\u00e9.<\/p>\n<div class=\"clear\"><\/div>\n<\/div>\n<\/section>\n<section id=\"usage\">\n<h2>Utilisation et applications<\/h2>\n<div class=\"usage-point\">\n<h3>Applications : <strong>Sacs en cuir d'occasion<\/strong> Un autre avantage du cuir microfibre en mat\u00e9riau PU difficilement d\u00e9formable est sa capacit\u00e9 \u00e0 r\u00e9sister \u00e0 la d\u00e9formation.<\/h3>\n<p>Applications : <strong>Sacs en cuir d'occasion<\/strong> Un autre avantage du cuir microfibre en mat\u00e9riau PU difficilement d\u00e9formable est sa capacit\u00e9 \u00e0 r\u00e9sister \u00e0 la d\u00e9formation. Cela signifie qu'il peut conserver sa forme m\u00eame sous une forte pression, ce qui en fait un rev\u00eatement id\u00e9al pour les ballons de football.<\/p>\n<\/div>\n<div class=\"usage-point\">\n<h3>Les joueurs peuvent compter sur ce mat\u00e9riau pour obtenir une sensation et un rebond constants pendant l'entra\u00eenement et les matchs, ce qui peut contribuer \u00e0 am\u00e9liorer leurs performances sur le terrain.<\/h3>\n<p>Les joueurs peuvent compter sur ce mat\u00e9riau pour obtenir une sensation et un rebond constants pendant l'entra\u00eenement et les matchs, ce qui peut contribuer \u00e0 am\u00e9liorer leurs performances sur le terrain.<\/p>\n<\/div>\n<div class=\"usage-point\">\n<h3>Confortable et respirant<\/h3>\n<p>Doux, confortable et tr\u00e8s respirant, ce mat\u00e9riau est parfait pour les gants de cyclisme et autres produits port\u00e9s pendant de longues p\u00e9riodes. Il permet de garder les mains au frais et au sec pendant les activit\u00e9s intenses.<\/p>\n<\/div>\n<div class=\"usage-point\">\n<h3>Respectueux de l'environnement et durable<\/h3>\n<p>Notre similicuir en microfibre Ultrasuede comprend des options respectueuses de l'environnement, telles que des variantes fabriqu\u00e9es \u00e0 partir de PET recycl\u00e9 et de mat\u00e9riaux d'origine v\u00e9g\u00e9tale, r\u00e9duisant ainsi l'impact sur l'environnement tout en offrant des textures vari\u00e9es.<\/p>\n<\/div>\n<div class=\"usage-point\">\n<h3>Protection antibact\u00e9rienne et anti-poussi\u00e8re<\/h3>\n<p>Les variantes s\u00e9lectionn\u00e9es pr\u00e9sentent des propri\u00e9t\u00e9s antibact\u00e9riennes et r\u00e9sistantes \u00e0 la poussi\u00e8re, r\u00e9pondant \u00e0 des normes d'hygi\u00e8ne \u00e9lev\u00e9es, id\u00e9ales pour les gants n\u00e9cessitant des contr\u00f4les de qualit\u00e9 et de s\u00e9curit\u00e9 stricts.<\/p>\n<\/div>\n<div class=\"usage-point\">\n<h3>Divers sc\u00e9narios d'application<\/h3>\n<p>Outre les gants de cyclisme, il convient aux gants de contact, aux gants de s\u00e9curit\u00e9 et \u00e0 divers autres types de gants, ainsi qu'aux chaussures, aux v\u00eatements et aux accessoires.<\/p>\n<\/div>\n<p><img decoding=\"async\" alt=\"Applications du similicuir en microfibre Ultrasuede de 0,7 mm dans divers produits\" class=\"product-image\" src=\"\/wp-content\/uploads\/2025\/08\/07mm-ultrasuede-microfiber-faux-leather-for-cycling-gloves--37885.jpg\"\/><br \/>\n<img decoding=\"async\" alt=\"Gants de cyclisme en cuir microfibre Ultrasuede - exemple de produit\" class=\"product-image\" src=\"\/wp-content\/uploads\/2025\/08\/07mm-ultrasuede-microfiber-faux-leather-for-cycling-gloves--37886.jpg\"\/><br \/>\n<\/section>\n<p><\/main><\/p>\n<section id=\"inquiry\">\n<h2 style=\"text-align: center;\">Dans l'attente de votre demande, nous vous prions d'agr\u00e9er, Madame, Monsieur, l'expression de nos salutations distingu\u00e9es.<\/h2>\n<p style=\"text-align: center;\">Contactez-nous d\u00e8s aujourd'hui pour en savoir plus sur nos produits et passer votre commande.<\/p>\n<\/section>\n\n    <div class=\"xs_social_share_widget xs_share_url after_content \t\tmain_content  wslu-style-1 wslu-share-box-shaped wslu-fill-colored wslu-none wslu-share-horizontal wslu-theme-font-no wslu-main_content\">\n\n\t\t\n        <ul>\n\t\t\t        <\/ul>\n    <\/div>","protected":false},"excerpt":{"rendered":"<div class=\"product-short-description\">Ballons Cuir Nombreuses couleurs PU Cuir artificiel pour ballons de sport WINIW Nombreuses couleurs PU Cuir artificiel pour ballons de sport Les principales caract\u00e9ristiques sont les suivantes : Id\u00e9al pour ceux qui recherchent la qualit\u00e9 et la fiabilit\u00e9.<\/p>\n<p>En tant qu'usine directe, fabricant et grossiste, nous pouvons contr\u00f4ler strictement le processus de production afin de garantir la qualit\u00e9 des produits tout en vous offrant les prix les plus favorables. Nous disposons d'\u00e9quipements de production avanc\u00e9s et d'une \u00e9quipe technique professionnelle pour r\u00e9pondre \u00e0 vos besoins en mati\u00e8re de commandes \u00e0 grande \u00e9chelle et garantir une livraison dans les d\u00e9lais.<\/p>\n<\/div>","protected":false},"featured_media":4723,"template":"","meta":[],"product_brand":[],"product_cat":[271],"product_tag":[19204],"class_list":{"0":"post-29473","1":"product","2":"type-product","3":"status-publish","4":"has-post-thumbnail","6":"product_cat-balls-leather","7":"product_tag-pu-artificial-leather-wholesalerpu-artificial-leather-traderpu-artificial-leather-agenciespu-artificial-leather-wholesalepu-artificial-leather-importpu-artificial-leather-solution","9":"first","10":"instock","11":"product-type-simple"},"_links":{"self":[{"href":"https:\/\/www.eco-leather.com\/fr\/wp-json\/wp\/v2\/product\/29473","targetHints":{"allow":["GET"]}}],"collection":[{"href":"https:\/\/www.eco-leather.com\/fr\/wp-json\/wp\/v2\/product"}],"about":[{"href":"https:\/\/www.eco-leather.com\/fr\/wp-json\/wp\/v2\/types\/product"}],"wp:featuredmedia":[{"embeddable":true,"href":"https:\/\/www.eco-leather.com\/fr\/wp-json\/wp\/v2\/media\/4723"}],"wp:attachment":[{"href":"https:\/\/www.eco-leather.com\/fr\/wp-json\/wp\/v2\/media?parent=29473"}],"wp:term":[{"taxonomy":"product_brand","embeddable":true,"href":"https:\/\/www.eco-leather.com\/fr\/wp-json\/wp\/v2\/product_brand?post=29473"},{"taxonomy":"product_cat","embeddable":true,"href":"https:\/\/www.eco-leather.com\/fr\/wp-json\/wp\/v2\/product_cat?post=29473"},{"taxonomy":"product_tag","embeddable":true,"href":"https:\/\/www.eco-leather.com\/fr\/wp-json\/wp\/v2\/product_tag?post=29473"}],"curies":[{"name":"wp","href":"https:\/\/api.w.org\/{rel}","templated":true}]}}