{"id":29471,"date":"2025-09-07T11:03:44","date_gmt":"2025-09-07T03:03:44","guid":{"rendered":"https:\/\/www.eco-leather.com\/product\/texture-vegan-artificial-fabric-for-ball-leather\/"},"modified":"2025-09-07T11:03:50","modified_gmt":"2025-09-07T03:03:50","slug":"texture-vegan-artificial-fabric-for-ball-leather","status":"publish","type":"product","link":"https:\/\/www.eco-leather.com\/fr\/texture-vegan-artificial-fabric-for-ball-leather\/","title":{"rendered":"Texture Vegan Artificial Fabric for Ball Leather"},"content":{"rendered":"<h2>Mat\u00e9riau de haute qualit\u00e9 - Cuir de confection Import\u00e9<\/h2>\n<p><main><\/p>\n<section id=\"product-overview\">\n<h2>Description du produit<\/h2>\n<p>Rapide <strong>Tissu floral pour canap\u00e9<\/strong> D\u00e9tail : Description :<\/p>\n<p>That <strong>Cuir de confection Import\u00e9<\/strong> &#8220;Wow&#8221; Texture Ever touched something and just gone, &#8220;Whoa, that feels amazing &#8221; Yeah, that&#8217;s our fabric  It has this perfect textured feel that makes people want to reach out and touch it.<\/p>\n<p>Whether it&#8217;s a basketball or a handbag, customers will be drawn to your products just from the feel. Built to Last This fabric doesn&#8217;t just look good   it&#8217;s tough as nails  It resists wear and tear, so your products will stay looking fresh and new for ages.<\/p>\n<p>No flaking, no fading, no worries. It&#8217;s <strong>Revendeurs de tissus pour sacs<\/strong> like giving your customers a product that can go the distance . Eco-Friendly &amp; Animal-Loving Love animals  Care about the planet  Then you&#8217;ll LOVE our fabric  It&#8217;s 100% vegan and made with sustainable practices.<\/p>\n<p>No harm to animals, no damage to the earth. Just happy customers and a happy planet.<\/p>\n<p>Fabriqu\u00e9 \u00e0 partir de mat\u00e9riaux en microfibre de haute qualit\u00e9, notre similicuir en microfibre Ultrasuede de 0,7 mm est le choix id\u00e9al pour les gants de cyclisme. Il allie souplesse et r\u00e9sistance, et offre des propri\u00e9t\u00e9s exceptionnelles de respirabilit\u00e9 et d'\u00e9vacuation de l'humidit\u00e9 pour garder les mains au frais et au sec pendant les sorties intenses.<\/p>\n<p>Que vous soyez un cycliste professionnel ou amateur, le cuir microfibre est un mat\u00e9riau qui offre un confort et une protection imbattables. Sa grande r\u00e9sistance \u00e0 l'abrasion et aux d\u00e9chirures garantit des performances durables, tandis que son design \u00e9l\u00e9gant ajoute une touche sophistiqu\u00e9e \u00e0 tout ensemble de cyclisme.<\/p>\n<\/section>\n<section id=\"features\">\n<h2>Caract\u00e9ristiques du produit<\/h2>\n<div class=\"feature-item\">\n<img decoding=\"async\" alt=\"NotSuede Leather Waterproof SprayEasy To Deform PU Material Microfiber Leather is an excellent choice for football applications\" class=\"feature-image left\" src=\"\/wp-content\/uploads\/2025\/08\/texture-vegan-artificial-fabric-for-ball-leather-34958.png\"\/><\/p>\n<h3>Non <strong>Spray imperm\u00e9able pour daim et cuir<\/strong> Mati\u00e8re PU facile \u00e0 d\u00e9former Le cuir microfibre est un excellent choix pour les applications footballistiques.<\/h3>\n<p>Non <strong>Spray imperm\u00e9able pour daim et cuir<\/strong> Mati\u00e8re PU facile \u00e0 d\u00e9former Le cuir microfibre est un excellent choix pour les applications footballistiques. Ce mat\u00e9riau offre une combinaison de durabilit\u00e9, de confort et de style qu'il est difficile de trouver dans d'autres mat\u00e9riaux.<\/p>\n<div class=\"clear\"><\/div>\n<\/div>\n<div class=\"feature-item\">\n<img decoding=\"async\" alt=\"Il est tr\u00e8s r\u00e9sistant \u00e0 l&#039;usure et \u00e0 la d\u00e9chirure, ce qui le rend id\u00e9al pour une utilisation dans des situations tr\u00e8s stressantes telles que celles rencontr\u00e9es lors des matchs de football.\" class=\"feature-image left\" src=\"\/wp-content\/uploads\/2025\/08\/texture-vegan-artificial-fabric-for-ball-leather-34959.png\"\/><\/p>\n<h3>Il est tr\u00e8s r\u00e9sistant \u00e0 l'usure et \u00e0 la d\u00e9chirure, ce qui le rend id\u00e9al pour une utilisation dans des situations tr\u00e8s stressantes telles que celles rencontr\u00e9es lors des matchs de football.<\/h3>\n<p>Il est tr\u00e8s r\u00e9sistant \u00e0 l'usure et \u00e0 la d\u00e9chirure, ce qui le rend id\u00e9al pour une utilisation dans des situations tr\u00e8s stressantes comme celles rencontr\u00e9es lors des matchs de football. En outre, il est con\u00e7u pour \u00eatre respirant et \u00e9vacuer l'humidit\u00e9, ce qui permet aux joueurs de rester au frais et au sec pendant les activit\u00e9s physiques intenses.<\/p>\n<div class=\"clear\"><\/div>\n<\/div>\n<div class=\"feature-item\">\n<img decoding=\"async\" alt=\"Haute r\u00e9sistance \u00e0 la d\u00e9chirure - Ultrasuede Microfibre Faux cuir pour gants de cyclisme\" class=\"feature-image left\" src=\"\/wp-content\/uploads\/2025\/08\/07mm-ultrasuede-microfiber-faux-leather-for-cycling-gloves--37882.jpg\"\/><\/p>\n<h3>R\u00e9sistance \u00e9lev\u00e9e \u00e0 la d\u00e9chirure<\/h3>\n<p>Notre cuir microfibre Ultrasuede pr\u00e9sente une r\u00e9sistance exceptionnelle \u00e0 la d\u00e9chirure, ce qui garantit qu'il ne se cassera pas et ne se d\u00e9formera pas facilement sous l'effet du stress. Il est donc id\u00e9al pour les produits n\u00e9cessitant une durabilit\u00e9 et des performances \u00e0 long terme.<\/p>\n<div class=\"clear\"><\/div>\n<\/div>\n<div class=\"feature-item\">\n<img decoding=\"async\" alt=\"R\u00e9tention de la forme - Ultrasuede Microfibre Faux cuir pour gants de cyclisme\" class=\"feature-image right\" src=\"\/wp-content\/uploads\/2025\/08\/07mm-ultrasuede-microfiber-faux-leather-for-cycling-gloves--37883.jpg\"\/><\/p>\n<h3>Pas facile \u00e0 d\u00e9former<\/h3>\n<p>Sp\u00e9cialement trait\u00e9 pour conserver sa forme originale, ce mat\u00e9riau offre une excellente \u00e9lasticit\u00e9 et une grande stabilit\u00e9. Il r\u00e9siste aux d\u00e9formations dues \u00e0 la pression ext\u00e9rieure ou \u00e0 l'\u00e9tirement, ce qui permet aux produits de rester intacts et attrayants au fil du temps.<\/p>\n<div class=\"clear\"><\/div>\n<\/div>\n<div class=\"feature-item\">\n<img decoding=\"async\" alt=\"Durabilit\u00e9 - Ultrasuede Microfibre Faux cuir pour gants de cyclisme\" class=\"feature-image left\" src=\"\/wp-content\/uploads\/2025\/08\/07mm-ultrasuede-microfiber-faux-leather-for-cycling-gloves--37884.jpg\"\/><\/p>\n<h3>Durabilit\u00e9<\/h3>\n<p>Extr\u00eamement r\u00e9sistant \u00e0 l'abrasion, aux d\u00e9chirures et aux perforations, ce mat\u00e9riau permet aux gants de rester en parfait \u00e9tat, m\u00eame en cas d'utilisation prolong\u00e9e. Il conserve \u00e9galement une excellente dext\u00e9rit\u00e9 et une grande solidit\u00e9 pour les articles en cuir de haute qualit\u00e9.<\/p>\n<div class=\"clear\"><\/div>\n<\/div>\n<\/section>\n<section id=\"usage\">\n<h2>Utilisation et applications<\/h2>\n<p><img decoding=\"async\" _src=\"\/wp-content\/uploads\/2025\/08\/texture-vegan-artificial-fabric-for-ball-leather-34957.png\" alt=\"Mat\u00e9riau de haute qualit\u00e9 - Cuir de confection Import\u00e9\" src=\"\/wp-content\/uploads\/2025\/08\/texture-vegan-artificial-fabric-for-ball-leather-34957.png\"\/><\/p>\n<div class=\"usage-point\">\n<h3>Applications : <strong>Sacs en cuir d'occasion<\/strong> Un autre avantage du cuir microfibre en mat\u00e9riau PU difficilement d\u00e9formable est sa capacit\u00e9 \u00e0 r\u00e9sister \u00e0 la d\u00e9formation.<\/h3>\n<p>Applications : <strong>Sacs en cuir d'occasion<\/strong> Un autre avantage du cuir microfibre en mat\u00e9riau PU difficilement d\u00e9formable est sa capacit\u00e9 \u00e0 r\u00e9sister \u00e0 la d\u00e9formation. Cela signifie qu'il peut conserver sa forme m\u00eame sous une forte pression, ce qui en fait un rev\u00eatement id\u00e9al pour les ballons de football.<\/p>\n<\/div>\n<div class=\"usage-point\">\n<h3>Les joueurs peuvent compter sur ce mat\u00e9riau pour obtenir une sensation et un rebond constants pendant l'entra\u00eenement et les matchs, ce qui peut contribuer \u00e0 am\u00e9liorer leurs performances sur le terrain.<\/h3>\n<p>Les joueurs peuvent compter sur ce mat\u00e9riau pour obtenir une sensation et un rebond constants pendant l'entra\u00eenement et les matchs, ce qui peut contribuer \u00e0 am\u00e9liorer leurs performances sur le terrain.<\/p>\n<\/div>\n<div class=\"usage-point\">\n<h3>Confortable et respirant<\/h3>\n<p>Doux, confortable et tr\u00e8s respirant, ce mat\u00e9riau est parfait pour les gants de cyclisme et autres produits port\u00e9s pendant de longues p\u00e9riodes. Il permet de garder les mains au frais et au sec pendant les activit\u00e9s intenses.<\/p>\n<\/div>\n<div class=\"usage-point\">\n<h3>Respectueux de l'environnement et durable<\/h3>\n<p>Notre similicuir en microfibre Ultrasuede comprend des options respectueuses de l'environnement, telles que des variantes fabriqu\u00e9es \u00e0 partir de PET recycl\u00e9 et de mat\u00e9riaux d'origine v\u00e9g\u00e9tale, r\u00e9duisant ainsi l'impact sur l'environnement tout en offrant des textures vari\u00e9es.<\/p>\n<\/div>\n<div class=\"usage-point\">\n<h3>Protection antibact\u00e9rienne et anti-poussi\u00e8re<\/h3>\n<p>Les variantes s\u00e9lectionn\u00e9es pr\u00e9sentent des propri\u00e9t\u00e9s antibact\u00e9riennes et r\u00e9sistantes \u00e0 la poussi\u00e8re, r\u00e9pondant \u00e0 des normes d'hygi\u00e8ne \u00e9lev\u00e9es, id\u00e9ales pour les gants n\u00e9cessitant des contr\u00f4les de qualit\u00e9 et de s\u00e9curit\u00e9 stricts.<\/p>\n<\/div>\n<div class=\"usage-point\">\n<h3>Divers sc\u00e9narios d'application<\/h3>\n<p>Outre les gants de cyclisme, il convient aux gants de contact, aux gants de s\u00e9curit\u00e9 et \u00e0 divers autres types de gants, ainsi qu'aux chaussures, aux v\u00eatements et aux accessoires.<\/p>\n<\/div>\n<p><img decoding=\"async\" alt=\"Applications du similicuir en microfibre Ultrasuede de 0,7 mm dans divers produits\" class=\"product-image\" src=\"\/wp-content\/uploads\/2025\/08\/07mm-ultrasuede-microfiber-faux-leather-for-cycling-gloves--37885.jpg\"\/><br \/>\n<img decoding=\"async\" alt=\"Gants de cyclisme en cuir microfibre Ultrasuede - exemple de produit\" class=\"product-image\" src=\"\/wp-content\/uploads\/2025\/08\/07mm-ultrasuede-microfiber-faux-leather-for-cycling-gloves--37886.jpg\"\/><br \/>\n<\/section>\n<p><\/main><\/p>\n<section id=\"inquiry\">\n<h2 style=\"text-align: center;\">Dans l'attente de votre demande, nous vous prions d'agr\u00e9er, Madame, Monsieur, l'expression de nos salutations distingu\u00e9es.<\/h2>\n<p style=\"text-align: center;\">Contactez-nous d\u00e8s aujourd'hui pour en savoir plus sur nos produits et passer votre commande.<\/p>\n<\/section>\n\n    <div class=\"xs_social_share_widget xs_share_url after_content \t\tmain_content  wslu-style-1 wslu-share-box-shaped wslu-fill-colored wslu-none wslu-share-horizontal wslu-theme-font-no wslu-main_content\">\n\n\t\t\n        <ul>\n\t\t\t        <\/ul>\n    <\/div>","protected":false},"excerpt":{"rendered":"<div class=\"product-short-description\">Balls Leather Texture Vegan Artificial Fabric for Ball Leather WINIW Texture Vegan Artificial Fabric for Ball Leather Key features include.Ideal for those seeking quality and reliability.<\/p>\n<p>En tant qu'usine directe, fabricant et grossiste, nous pouvons contr\u00f4ler strictement le processus de production afin de garantir la qualit\u00e9 des produits tout en vous offrant les prix les plus favorables. Nous disposons d'\u00e9quipements de production avanc\u00e9s et d'une \u00e9quipe technique professionnelle pour r\u00e9pondre \u00e0 vos besoins en mati\u00e8re de commandes \u00e0 grande \u00e9chelle et garantir une livraison dans les d\u00e9lais.<\/p>\n<\/div>","protected":false},"featured_media":4719,"template":"","meta":[],"product_brand":[],"product_cat":[271],"product_tag":[],"class_list":{"0":"post-29471","1":"product","2":"type-product","3":"status-publish","4":"has-post-thumbnail","6":"product_cat-balls-leather","8":"first","9":"instock","10":"product-type-simple"},"_links":{"self":[{"href":"https:\/\/www.eco-leather.com\/fr\/wp-json\/wp\/v2\/product\/29471","targetHints":{"allow":["GET"]}}],"collection":[{"href":"https:\/\/www.eco-leather.com\/fr\/wp-json\/wp\/v2\/product"}],"about":[{"href":"https:\/\/www.eco-leather.com\/fr\/wp-json\/wp\/v2\/types\/product"}],"wp:featuredmedia":[{"embeddable":true,"href":"https:\/\/www.eco-leather.com\/fr\/wp-json\/wp\/v2\/media\/4719"}],"wp:attachment":[{"href":"https:\/\/www.eco-leather.com\/fr\/wp-json\/wp\/v2\/media?parent=29471"}],"wp:term":[{"taxonomy":"product_brand","embeddable":true,"href":"https:\/\/www.eco-leather.com\/fr\/wp-json\/wp\/v2\/product_brand?post=29471"},{"taxonomy":"product_cat","embeddable":true,"href":"https:\/\/www.eco-leather.com\/fr\/wp-json\/wp\/v2\/product_cat?post=29471"},{"taxonomy":"product_tag","embeddable":true,"href":"https:\/\/www.eco-leather.com\/fr\/wp-json\/wp\/v2\/product_tag?post=29471"}],"curies":[{"name":"wp","href":"https:\/\/api.w.org\/{rel}","templated":true}]}}