{"id":29469,"date":"2025-09-07T11:03:44","date_gmt":"2025-09-07T03:03:44","guid":{"rendered":"https:\/\/www.eco-leather.com\/product\/white-resistant-to-wear-and-tear-pvc-leather-for-mikasa-balls\/"},"modified":"2025-09-07T11:03:49","modified_gmt":"2025-09-07T03:03:49","slug":"cuir-pvc-blanc-resistant-a-lusure-et-a-la-dechirure-pour-les-balles-de-mikasa","status":"publish","type":"product","link":"https:\/\/www.eco-leather.com\/fr\/cuir-pvc-blanc-resistant-a-lusure-et-a-la-dechirure-pour-les-balles-de-mikasa\/","title":{"rendered":"Blanc Cuir PVC r\u00e9sistant \u00e0 l'usure et \u00e0 la d\u00e9chirure pour les ballons MIKASA"},"content":{"rendered":"<h2>Mat\u00e9riau durable pour la vente - Garment Leather Imported<\/h2>\n<p><main><\/p>\n<section id=\"product-overview\">\n<h2>Description du produit<\/h2>\n<p>Rapide <strong>Mat\u00e9riau en cuir Pvc sur mesure<\/strong> D\u00e9tail : Description :<\/p>\n<p><strong>Automobile Si\u00e8ges en cuir Chien d'assistance<\/strong> 2. Facile \u00e0 nettoyer et \u00e0 entretenir Pas besoin de nettoyants sp\u00e9ciaux, il suffit d'essuyer avec un chiffon humide pour que la surface soit \u00e0 nouveau comme neuve. La finition r\u00e9sistante aux taches emp\u00eache la salet\u00e9 de s'accumuler, ce qui permet \u00e0 la couleur blanche de rester brillante et professionnelle.<\/p>\n<p>Fabriqu\u00e9 \u00e0 partir de mat\u00e9riaux en microfibre de haute qualit\u00e9, notre similicuir en microfibre Ultrasuede de 0,7 mm est le choix id\u00e9al pour les gants de cyclisme. Il allie souplesse et r\u00e9sistance, et offre des propri\u00e9t\u00e9s exceptionnelles de respirabilit\u00e9 et d'\u00e9vacuation de l'humidit\u00e9 pour garder les mains au frais et au sec pendant les sorties intenses.<\/p>\n<p>Que vous soyez un cycliste professionnel ou amateur, le cuir microfibre est un mat\u00e9riau qui offre un confort et une protection imbattables. Sa grande r\u00e9sistance \u00e0 l'abrasion et aux d\u00e9chirures garantit des performances durables, tandis que son design \u00e9l\u00e9gant ajoute une touche sophistiqu\u00e9e \u00e0 tout ensemble de cyclisme.<\/p>\n<\/section>\n<section id=\"features\">\n<h2>Caract\u00e9ristiques du produit<\/h2>\n<div class=\"feature-item\">\n<img decoding=\"async\" alt=\"WINIWSuede Leather Waterproof SprayCompany Factory Wholesale Suede Microfiber Manufacturerspr\u00e9sente avec fiert\u00e9 notre cuir PVC blanc r\u00e9sistant \u00e0 l&#039;usure et \u00e0 la d\u00e9chirure, sp\u00e9cialement con\u00e7u pour les ballons de volley-ball MIKASA et les \u00e9quipements sportifs.\" class=\"feature-image left\" src=\"\/wp-content\/uploads\/2025\/08\/white-resistant-to-wear-and-tear-pvc-leather-for-mikasa-balls-34951.png\"\/><\/p>\n<h3>WINIW <strong>Spray imperm\u00e9able pour daim et cuir<\/strong> Company Factory Wholesale Suede Microfiber Manufacturerspr\u00e9sente avec fiert\u00e9 notre cuir PVC blanc r\u00e9sistant \u00e0 l'usure et \u00e0 la d\u00e9chirure, sp\u00e9cialement con\u00e7u pour les ballons de volley-ball MIKASA et les \u00e9quipements sportifs.<\/h3>\n<p>WINIW <strong>Spray imperm\u00e9able pour daim et cuir<\/strong> Company Factory Wholesale Suede Microfiber Manufacturerspr\u00e9sente avec fiert\u00e9 notre cuir PVC blanc r\u00e9sistant \u00e0 l'usure et \u00e0 la d\u00e9chirure, sp\u00e9cialement con\u00e7u pour les ballons de volley-ball MIKASA et les \u00e9quipements sportifs.<\/p>\n<div class=\"clear\"><\/div>\n<\/div>\n<div class=\"feature-item\">\n<img decoding=\"async\" alt=\"Ce cuir PVC de qualit\u00e9 sup\u00e9rieure allie durabilit\u00e9 et finition blanche \u00e9l\u00e9gante. Il est donc parfait pour les \u00e9quipements sportifs de haute performance qui doivent r\u00e9sister \u00e0 un jeu intense tout en conservant un aspect professionnel.\" class=\"feature-image left\" src=\"\/wp-content\/uploads\/2025\/08\/white-resistant-to-wear-and-tear-pvc-leather-for-mikasa-balls-34952.png\"\/><\/p>\n<h3>Ce cuir PVC de qualit\u00e9 sup\u00e9rieure allie durabilit\u00e9 et finition blanche \u00e9l\u00e9gante. Il est donc parfait pour les \u00e9quipements sportifs de haute performance qui doivent r\u00e9sister \u00e0 un jeu intense tout en conservant un aspect professionnel.<\/h3>\n<p>Ce cuir PVC de premi\u00e8re qualit\u00e9 allie durabilit\u00e9 et finition blanche \u00e9l\u00e9gante, ce qui le rend parfait pour les \u00e9quipements sportifs de haute performance qui doivent r\u00e9sister \u00e0 un jeu intense tout en conservant un aspect professionnel.<\/p>\n<div class=\"clear\"><\/div>\n<\/div>\n<div class=\"feature-item\">\n<img decoding=\"async\" alt=\"Haute r\u00e9sistance \u00e0 la d\u00e9chirure - Ultrasuede Microfibre Faux cuir pour gants de cyclisme\" class=\"feature-image left\" src=\"\/wp-content\/uploads\/2025\/08\/07mm-ultrasuede-microfiber-faux-leather-for-cycling-gloves--37882.jpg\"\/><\/p>\n<h3>R\u00e9sistance \u00e9lev\u00e9e \u00e0 la d\u00e9chirure<\/h3>\n<p>Notre cuir microfibre Ultrasuede pr\u00e9sente une r\u00e9sistance exceptionnelle \u00e0 la d\u00e9chirure, ce qui garantit qu'il ne se cassera pas et ne se d\u00e9formera pas facilement sous l'effet du stress. Il est donc id\u00e9al pour les produits n\u00e9cessitant une durabilit\u00e9 et des performances \u00e0 long terme.<\/p>\n<div class=\"clear\"><\/div>\n<\/div>\n<div class=\"feature-item\">\n<img decoding=\"async\" alt=\"R\u00e9tention de la forme - Ultrasuede Microfibre Faux cuir pour gants de cyclisme\" class=\"feature-image right\" src=\"\/wp-content\/uploads\/2025\/08\/07mm-ultrasuede-microfiber-faux-leather-for-cycling-gloves--37883.jpg\"\/><\/p>\n<h3>Pas facile \u00e0 d\u00e9former<\/h3>\n<p>Sp\u00e9cialement trait\u00e9 pour conserver sa forme originale, ce mat\u00e9riau offre une excellente \u00e9lasticit\u00e9 et une grande stabilit\u00e9. Il r\u00e9siste aux d\u00e9formations dues \u00e0 la pression ext\u00e9rieure ou \u00e0 l'\u00e9tirement, ce qui permet aux produits de rester intacts et attrayants au fil du temps.<\/p>\n<div class=\"clear\"><\/div>\n<\/div>\n<div class=\"feature-item\">\n<img decoding=\"async\" alt=\"Durabilit\u00e9 - Ultrasuede Microfibre Faux cuir pour gants de cyclisme\" class=\"feature-image left\" src=\"\/wp-content\/uploads\/2025\/08\/07mm-ultrasuede-microfiber-faux-leather-for-cycling-gloves--37884.jpg\"\/><\/p>\n<h3>Durabilit\u00e9<\/h3>\n<p>Extr\u00eamement r\u00e9sistant \u00e0 l'abrasion, aux d\u00e9chirures et aux perforations, ce mat\u00e9riau permet aux gants de rester en parfait \u00e9tat, m\u00eame en cas d'utilisation prolong\u00e9e. Il conserve \u00e9galement une excellente dext\u00e9rit\u00e9 et une grande solidit\u00e9 pour les articles en cuir de haute qualit\u00e9.<\/p>\n<div class=\"clear\"><\/div>\n<\/div>\n<\/section>\n<section id=\"usage\">\n<h2>Utilisation et applications<\/h2>\n<p><img decoding=\"async\" _src=\"\/wp-content\/uploads\/2025\/08\/white-resistant-to-wear-and-tear-pvc-leather-for-mikasa-balls-34953.png\" alt=\"Mat\u00e9riau de haute qualit\u00e9 - Cuir de confection import\u00e9, sacs en cuir d&#039;occasion\" src=\"\/wp-content\/uploads\/2025\/08\/white-resistant-to-wear-and-tear-pvc-leather-for-mikasa-balls-34953.png\"\/><\/p>\n<div class=\"usage-point\">\n<h3>Artisanat <strong>Cuir de confection Import\u00e9<\/strong> Gr\u00e2ce \u00e0 la technologie avanc\u00e9e du PVC, ce cuir est con\u00e7u pour r\u00e9sister aux rayures, aux \u00e9raflures et \u00e0 l'usure quotidienne.<\/h3>\n<p>Artisanat <strong>Cuir de confection Import\u00e9<\/strong> Gr\u00e2ce \u00e0 la technologie avanc\u00e9e du PVC, ce cuir est con\u00e7u pour r\u00e9sister aux rayures, aux \u00e9raflures et \u00e0 l'usure quotidienne. Qu'il soit utilis\u00e9 lors de tournois professionnels ou de parties d\u00e9contract\u00e9es, il permet aux ballons de volley-ball de rester frais et neufs plus longtemps.<\/p>\n<\/div>\n<div class=\"usage-point\">\n<h3>La surface lisse mais robuste assure une excellente adh\u00e9rence et un bon contr\u00f4le, aidant les athl\u00e8tes \u00e0 donner le meilleur d'eux-m\u00eames.<\/h3>\n<p>La surface lisse mais robuste assure une excellente adh\u00e9rence et un bon contr\u00f4le, aidant les athl\u00e8tes \u00e0 donner le meilleur d'eux-m\u00eames. WINIW <strong>Sacs en cuir v\u00e9g\u00e9tal de premi\u00e8re qualit\u00e9<\/strong> L'entreprise Factory Wholesale Suede Microfiber Manufacturers se concentre sur la fourniture de mat\u00e9riaux de haute qualit\u00e9 qui r\u00e9pondent aux normes sportives internationales.<\/p>\n<\/div>\n<div class=\"usage-point\">\n<h3>Notre cuir PVC est l\u00e9ger, facile \u00e0 nettoyer et r\u00e9sistant \u00e0 l'humidit\u00e9, ce qui le rend id\u00e9al pour une utilisation \u00e0 l'int\u00e9rieur et \u00e0 l'ext\u00e9rieur.<\/h3>\n<p>Notre cuir PVC est l\u00e9ger, facile \u00e0 nettoyer et r\u00e9sistant \u00e0 l'humidit\u00e9, ce qui le rend id\u00e9al pour une utilisation \u00e0 l'int\u00e9rieur et \u00e0 l'ext\u00e9rieur. Gr\u00e2ce \u00e0 l'engagement de WINIW Company Factory Wholesale Suede Microfiber Manufacturers en faveur de l'excellence, vous pouvez \u00eatre s\u00fbr que chaque ballon recouvert de ce cuir offrira des performances et un style durables.<\/p>\n<\/div>\n<div class=\"usage-point\">\n<h3><strong>Sacs en cuir d'occasion<\/strong> 1<\/h3>\n<p><strong>Sacs en cuir d'occasion<\/strong> 1. Super durable et r\u00e9sistant aux rayures Contrairement au cuir ordinaire qui s'use rapidement, notre cuir PVC est con\u00e7u pour r\u00e9sister aux dommages caus\u00e9s par les jeux brutaux, les manipulations fr\u00e9quentes et les surfaces dures des courts.<\/p>\n<\/div>\n<div class=\"usage-point\">\n<h3>Il reste solide m\u00eame apr\u00e8s une utilisation r\u00e9p\u00e9t\u00e9e, ce qui garantit que les ballons de volley-ball conservent leur qualit\u00e9 au fil du temps.<\/h3>\n<p>Il reste solide m\u00eame apr\u00e8s une utilisation r\u00e9p\u00e9t\u00e9e, ce qui permet aux ballons de volley-ball de conserver leur qualit\u00e9 au fil du temps.<\/p>\n<\/div>\n<div class=\"usage-point\">\n<h3>Confortable et respirant<\/h3>\n<p>Doux, confortable et tr\u00e8s respirant, ce mat\u00e9riau est parfait pour les gants de cyclisme et autres produits port\u00e9s pendant de longues p\u00e9riodes. Il permet de garder les mains au frais et au sec pendant les activit\u00e9s intenses.<\/p>\n<\/div>\n<div class=\"usage-point\">\n<h3>Respectueux de l'environnement et durable<\/h3>\n<p>Notre similicuir en microfibre Ultrasuede comprend des options respectueuses de l'environnement, telles que des variantes fabriqu\u00e9es \u00e0 partir de PET recycl\u00e9 et de mat\u00e9riaux d'origine v\u00e9g\u00e9tale, r\u00e9duisant ainsi l'impact sur l'environnement tout en offrant des textures vari\u00e9es.<\/p>\n<\/div>\n<div class=\"usage-point\">\n<h3>Protection antibact\u00e9rienne et anti-poussi\u00e8re<\/h3>\n<p>Les variantes s\u00e9lectionn\u00e9es pr\u00e9sentent des propri\u00e9t\u00e9s antibact\u00e9riennes et r\u00e9sistantes \u00e0 la poussi\u00e8re, r\u00e9pondant \u00e0 des normes d'hygi\u00e8ne \u00e9lev\u00e9es, id\u00e9ales pour les gants n\u00e9cessitant des contr\u00f4les de qualit\u00e9 et de s\u00e9curit\u00e9 stricts.<\/p>\n<\/div>\n<div class=\"usage-point\">\n<h3>Divers sc\u00e9narios d'application<\/h3>\n<p>Outre les gants de cyclisme, il convient aux gants de contact, aux gants de s\u00e9curit\u00e9 et \u00e0 divers autres types de gants, ainsi qu'aux chaussures, aux v\u00eatements et aux accessoires.<\/p>\n<\/div>\n<p><img decoding=\"async\" alt=\"Applications du similicuir en microfibre Ultrasuede de 0,7 mm dans divers produits\" class=\"product-image\" src=\"\/wp-content\/uploads\/2025\/08\/07mm-ultrasuede-microfiber-faux-leather-for-cycling-gloves--37885.jpg\"\/><br \/>\n<img decoding=\"async\" alt=\"Gants de cyclisme en cuir microfibre Ultrasuede - exemple de produit\" class=\"product-image\" src=\"\/wp-content\/uploads\/2025\/08\/07mm-ultrasuede-microfiber-faux-leather-for-cycling-gloves--37886.jpg\"\/><br \/>\n<\/section>\n<section id=\"why-choose-us\">\n<h2>Pourquoi choisir WINIW<\/h2>\n<div class=\"advantage-item\">\n<h3>3<\/h3>\n<p>3. Grip et performance parfaits La texture lisse permet un excellent contr\u00f4le du ballon, tandis que la flexibilit\u00e9 du mat\u00e9riau assure un rebond et une r\u00e9activit\u00e9 constants. Les athl\u00e8tes peuvent faire confiance au cuir WINIW Company Factory Wholesale Suede Microfiber ManufacturersPVC pour une performance fiable \u00e0 chaque match.<\/p>\n<\/div>\n<div class=\"advantage-item\">\n<h3>Assurance qualit\u00e9<\/h3>\n<p>Nous mettons en \u0153uvre un contr\u00f4le de qualit\u00e9 strict tout au long de la cha\u00eene de production et d'approvisionnement, en adh\u00e9rant aux normes ISO9001. De la s\u00e9lection des mati\u00e8res premi\u00e8res \u00e0 l'inspection finale, nous donnons la priorit\u00e9 aux int\u00e9r\u00eats des clients.<\/p>\n<\/div>\n<div class=\"advantage-item\">\n<h3>\u00c9quipe technique professionnelle<\/h3>\n<p>Notre \u00e9quipe technique sp\u00e9cialis\u00e9e se compose de professionnels exp\u00e9riment\u00e9s dans divers domaines, qui se consacrent \u00e0 la fourniture de produits de haute qualit\u00e9 et de solutions sur mesure.<\/p>\n<\/div>\n<div class=\"advantage-item\">\n<h3>Large \u00e9ventail d'applications<\/h3>\n<p>Nos mat\u00e9riaux sont largement utilis\u00e9s dans les chaussures, les v\u00eatements, les bagages, les int\u00e9rieurs d'automobiles, les canap\u00e9s, etc.<\/p>\n<\/div>\n<div class=\"advantage-item\">\n<h3>Une exp\u00e9rience riche<\/h3>\n<p>Quanzhou WINIW Import &amp; Export Co. poss\u00e8de plus de 20 ans d'exp\u00e9rience en mati\u00e8re de production et offre des solutions parfaites aux clients du monde entier.<\/p>\n<\/div>\n<div class=\"advantage-item\">\n<h3>Prix abordable<\/h3>\n<p>Nous proposons des prix comp\u00e9titifs et un excellent service \u00e0 la client\u00e8le. Demandez un catalogue ou visitez notre usine pour d\u00e9couvrir nos produits.<\/p>\n<\/div>\n<div class=\"advantage-item\">\n<h3>Service client\u00e8le en ligne 24 heures sur 24<\/h3>\n<p>Notre \u00e9quipe est disponible 24 heures sur 24, 7 jours sur 7, pour r\u00e9pondre aux demandes de renseignements et traiter rapidement les commentaires.<\/p>\n<\/div>\n<p><img decoding=\"async\" alt=\"Installation de production WINIW - Processus de fabrication du cuir microfibre Ultrasuede\" class=\"product-image\" src=\"\/wp-content\/uploads\/2025\/08\/07mm-ultrasuede-microfiber-faux-leather-for-cycling-gloves--37888.jpg\"\/><br \/>\n<\/section>\n<p><\/main><\/p>\n<section id=\"inquiry\">\n<h2 style=\"text-align: center;\">Dans l'attente de votre demande, nous vous prions d'agr\u00e9er, Madame, Monsieur, l'expression de nos salutations distingu\u00e9es.<\/h2>\n<p style=\"text-align: center;\">Contactez-nous d\u00e8s aujourd'hui pour en savoir plus sur nos produits et passer votre commande.<\/p>\n<\/section>\n\n    <div class=\"xs_social_share_widget xs_share_url after_content \t\tmain_content  wslu-style-1 wslu-share-box-shaped wslu-fill-colored wslu-none wslu-share-horizontal wslu-theme-font-no wslu-main_content\">\n\n\t\t\n        <ul>\n\t\t\t        <\/ul>\n    <\/div>","protected":false},"excerpt":{"rendered":"<div class=\"product-short-description\">Balls Leather White Resistant to wear and tear PVC leather for MIKASA Balls WINIW White Resistant to wear and tear PVC leather for MIKASA Balls Les principales caract\u00e9ristiques sont les suivantes : Id\u00e9al pour ceux qui recherchent la qualit\u00e9 et la fiabilit\u00e9.<\/p>\n<p>En tant qu'usine directe, fabricant et grossiste, nous pouvons contr\u00f4ler strictement le processus de production afin de garantir la qualit\u00e9 des produits tout en vous offrant les prix les plus favorables. Nous disposons d'\u00e9quipements de production avanc\u00e9s et d'une \u00e9quipe technique professionnelle pour r\u00e9pondre \u00e0 vos besoins en mati\u00e8re de commandes \u00e0 grande \u00e9chelle et garantir une livraison dans les d\u00e9lais.<\/p>\n<\/div>","protected":false},"featured_media":4715,"template":"","meta":[],"product_brand":[],"product_cat":[271],"product_tag":[19202],"class_list":{"0":"post-29469","1":"product","2":"type-product","3":"status-publish","4":"has-post-thumbnail","6":"product_cat-balls-leather","7":"product_tag-pvc-leather-fabric-chinapvc-leather-fabric-servicepvc-leather-fabric-importsoft-pvc-leather-wholesalesoft-pvc-leather-factorysoft-pvc-leather-export","9":"first","10":"instock","11":"product-type-simple"},"_links":{"self":[{"href":"https:\/\/www.eco-leather.com\/fr\/wp-json\/wp\/v2\/product\/29469","targetHints":{"allow":["GET"]}}],"collection":[{"href":"https:\/\/www.eco-leather.com\/fr\/wp-json\/wp\/v2\/product"}],"about":[{"href":"https:\/\/www.eco-leather.com\/fr\/wp-json\/wp\/v2\/types\/product"}],"wp:featuredmedia":[{"embeddable":true,"href":"https:\/\/www.eco-leather.com\/fr\/wp-json\/wp\/v2\/media\/4715"}],"wp:attachment":[{"href":"https:\/\/www.eco-leather.com\/fr\/wp-json\/wp\/v2\/media?parent=29469"}],"wp:term":[{"taxonomy":"product_brand","embeddable":true,"href":"https:\/\/www.eco-leather.com\/fr\/wp-json\/wp\/v2\/product_brand?post=29469"},{"taxonomy":"product_cat","embeddable":true,"href":"https:\/\/www.eco-leather.com\/fr\/wp-json\/wp\/v2\/product_cat?post=29469"},{"taxonomy":"product_tag","embeddable":true,"href":"https:\/\/www.eco-leather.com\/fr\/wp-json\/wp\/v2\/product_tag?post=29469"}],"curies":[{"name":"wp","href":"https:\/\/api.w.org\/{rel}","templated":true}]}}