{"id":29468,"date":"2025-09-07T11:03:44","date_gmt":"2025-09-07T03:03:44","guid":{"rendered":"https:\/\/www.eco-leather.com\/product\/white-environmentally-friendly-natural-pvc-leather-for-mikasa-balls\/"},"modified":"2025-09-07T11:03:49","modified_gmt":"2025-09-07T03:03:49","slug":"cuir-pvc-naturel-blanc-respectueux-de-lenvironnement-pour-les-balles-de-mikasa","status":"publish","type":"product","link":"https:\/\/www.eco-leather.com\/fr\/cuir-pvc-naturel-blanc-respectueux-de-lenvironnement-pour-les-balles-de-mikasa\/","title":{"rendered":"Cuir PVC naturel blanc respectueux de l'environnement pour les ballons MIKASA"},"content":{"rendered":"<h2>Mat\u00e9riau durable pour la vente - Garment Leather Imported, Faux Leather Boxes China<\/h2>\n<p><main><\/p>\n<section id=\"product-overview\">\n<h2>Description du produit<\/h2>\n<p>Rapide <strong>Faux cuir Spandex<\/strong> D\u00e9tail : Description :<\/p>\n<p>Longue dur\u00e9e <strong>Automobile Si\u00e8ges en cuir Chien d'assistance<\/strong> Performance La composition sp\u00e9ciale de ce cuir le rend tr\u00e8s r\u00e9sistant aux rayures et aux \u00e9raflures. Les ballons de volley-ball restent en \u00e9tat de comp\u00e9tition beaucoup plus longtemps, ce qui permet d'\u00e9conomiser de l'argent sur les remplacements.<\/p>\n<p>Le mat\u00e9riau supporte \u00e9galement bien les diff\u00e9rentes conditions m\u00e9t\u00e9orologiques, qu'il s'agisse de courts int\u00e9rieurs chauds ou de jeux en ext\u00e9rieur. Exp\u00e9rience de jeu sup\u00e9rieure Les athl\u00e8tes appr\u00e9cieront l'adh\u00e9rence et le rebond constants de ce cuir.<\/p>\n<p>La texture de la surface est con\u00e7ue pour un contact optimal avec les mains, ce qui permet aux joueurs d'avoir un meilleur contr\u00f4le pendant les matchs rapides. Contrairement \u00e0 certains mat\u00e9riaux synth\u00e9tiques, il ne devient pas glissant lorsque les joueurs transpirent.<\/p>\n<p>Fabriqu\u00e9 \u00e0 partir de mat\u00e9riaux en microfibre de haute qualit\u00e9, notre similicuir en microfibre Ultrasuede de 0,7 mm est le choix id\u00e9al pour les gants de cyclisme. Il allie souplesse et r\u00e9sistance, et offre des propri\u00e9t\u00e9s exceptionnelles de respirabilit\u00e9 et d'\u00e9vacuation de l'humidit\u00e9 pour garder les mains au frais et au sec pendant les sorties intenses.<\/p>\n<p>Que vous soyez un cycliste professionnel ou amateur, le cuir microfibre est un mat\u00e9riau qui offre un confort et une protection imbattables. Sa grande r\u00e9sistance \u00e0 l'abrasion et aux d\u00e9chirures garantit des performances durables, tandis que son design \u00e9l\u00e9gant ajoute une touche sophistiqu\u00e9e \u00e0 tout ensemble de cyclisme.<\/p>\n<\/section>\n<section id=\"features\">\n<h2>Caract\u00e9ristiques du produit<\/h2>\n<div class=\"feature-item\">\n<img decoding=\"async\" alt=\"Notre spray imperm\u00e9able pour cuir su\u00e9doisPVC se distingue par le fait qu&#039;il est fabriqu\u00e9 \u00e0 partir d&#039;ingr\u00e9dients naturels et de proc\u00e9d\u00e9s respectueux de l&#039;environnement.\" class=\"feature-image left\" src=\"\/wp-content\/uploads\/2025\/08\/white-environmentally-friendly-natural-pvc-leather-for-mikasa-balls-34948.png\"\/><\/p>\n<h3>Notre <strong>Spray imperm\u00e9able pour daim et cuir<\/strong> Le cuir PVC se distingue par le fait qu'il est fabriqu\u00e9 \u00e0 partir d'ingr\u00e9dients naturels et de proc\u00e9d\u00e9s respectueux de l'environnement.<\/h3>\n<p>Notre <strong>Spray imperm\u00e9able pour daim et cuir<\/strong> Le cuir PVC se distingue par le fait qu'il est fabriqu\u00e9 \u00e0 partir d'ingr\u00e9dients naturels et de proc\u00e9d\u00e9s respectueux de l'environnement. Contrairement aux cuirs synth\u00e9tiques traditionnels, nous \u00e9vitons les produits chimiques nocifs tout en garantissant une excellente durabilit\u00e9.<\/p>\n<div class=\"clear\"><\/div>\n<\/div>\n<div class=\"feature-item\">\n<img decoding=\"async\" alt=\"La couleur blanche brillante reste fra\u00eeche pendant d&#039;innombrables parties, et la surface lisse permet aux joueurs de contr\u00f4ler parfaitement le ballon.\" class=\"feature-image left\" src=\"\/wp-content\/uploads\/2025\/08\/white-environmentally-friendly-natural-pvc-leather-for-mikasa-balls-34949.png\"\/><\/p>\n<h3>La couleur blanche brillante reste fra\u00eeche pendant d'innombrables parties, et la surface lisse permet aux joueurs de contr\u00f4ler parfaitement le ballon.<\/h3>\n<p>La couleur blanche brillante reste fra\u00eeche pendant d'innombrables matchs, et la surface lisse permet aux joueurs de contr\u00f4ler parfaitement le ballon. Qu'il soit utilis\u00e9 lors de matchs professionnels ou dans le cadre de programmes sportifs scolaires, ce cuir offre d'excellentes performances tout en r\u00e9duisant l'impact sur l'environnement.<\/p>\n<div class=\"clear\"><\/div>\n<\/div>\n<div class=\"feature-item\">\n<img decoding=\"async\" alt=\"Haute r\u00e9sistance \u00e0 la d\u00e9chirure - Ultrasuede Microfibre Faux cuir pour gants de cyclisme\" class=\"feature-image left\" src=\"\/wp-content\/uploads\/2025\/08\/07mm-ultrasuede-microfiber-faux-leather-for-cycling-gloves--37882.jpg\"\/><\/p>\n<h3>R\u00e9sistance \u00e9lev\u00e9e \u00e0 la d\u00e9chirure<\/h3>\n<p>Notre cuir microfibre Ultrasuede pr\u00e9sente une r\u00e9sistance exceptionnelle \u00e0 la d\u00e9chirure, ce qui garantit qu'il ne se cassera pas et ne se d\u00e9formera pas facilement sous l'effet du stress. Il est donc id\u00e9al pour les produits n\u00e9cessitant une durabilit\u00e9 et des performances \u00e0 long terme.<\/p>\n<div class=\"clear\"><\/div>\n<\/div>\n<div class=\"feature-item\">\n<img decoding=\"async\" alt=\"R\u00e9tention de la forme - Ultrasuede Microfibre Faux cuir pour gants de cyclisme\" class=\"feature-image right\" src=\"\/wp-content\/uploads\/2025\/08\/07mm-ultrasuede-microfiber-faux-leather-for-cycling-gloves--37883.jpg\"\/><\/p>\n<h3>Pas facile \u00e0 d\u00e9former<\/h3>\n<p>Sp\u00e9cialement trait\u00e9 pour conserver sa forme originale, ce mat\u00e9riau offre une excellente \u00e9lasticit\u00e9 et une grande stabilit\u00e9. Il r\u00e9siste aux d\u00e9formations dues \u00e0 la pression ext\u00e9rieure ou \u00e0 l'\u00e9tirement, ce qui permet aux produits de rester intacts et attrayants au fil du temps.<\/p>\n<div class=\"clear\"><\/div>\n<\/div>\n<div class=\"feature-item\">\n<img decoding=\"async\" alt=\"Durabilit\u00e9 - Ultrasuede Microfibre Faux cuir pour gants de cyclisme\" class=\"feature-image left\" src=\"\/wp-content\/uploads\/2025\/08\/07mm-ultrasuede-microfiber-faux-leather-for-cycling-gloves--37884.jpg\"\/><\/p>\n<h3>Durabilit\u00e9<\/h3>\n<p>Extr\u00eamement r\u00e9sistant \u00e0 l'abrasion, aux d\u00e9chirures et aux perforations, ce mat\u00e9riau permet aux gants de rester en parfait \u00e9tat, m\u00eame en cas d'utilisation prolong\u00e9e. Il conserve \u00e9galement une excellente dext\u00e9rit\u00e9 et une grande solidit\u00e9 pour les articles en cuir de haute qualit\u00e9.<\/p>\n<div class=\"clear\"><\/div>\n<\/div>\n<\/section>\n<section id=\"usage\">\n<h2>Utilisation et applications<\/h2>\n<p><img decoding=\"async\" _src=\"\/wp-content\/uploads\/2025\/08\/white-environmentally-friendly-natural-pvc-leather-for-mikasa-balls-34950.png\" alt=\"Mat\u00e9riau durable pour la vente - Eco Car Leather Jacket, Garment Leather Imported\" src=\"\/wp-content\/uploads\/2025\/08\/white-environmentally-friendly-natural-pvc-leather-for-mikasa-balls-34950.png\"\/><\/p>\n<div class=\"usage-point\">\n<h3>Le <strong>Cuir de confection Import\u00e9<\/strong> Le mat\u00e9riau est sp\u00e9cialement trait\u00e9 pour r\u00e9sister \u00e0 l'usure et aux d\u00e9chirures dues \u00e0 un jeu brutal et \u00e0 une utilisation fr\u00e9quente.<\/h3>\n<p>Le <strong>Cuir de confection Import\u00e9<\/strong> est sp\u00e9cialement trait\u00e9 pour r\u00e9sister \u00e0 l'usure due \u00e0 un jeu brutal et \u00e0 une utilisation fr\u00e9quente. Vous remarquerez qu'il conserve sa forme et sa texture m\u00eame apr\u00e8s de nombreux matchs.<\/p>\n<\/div>\n<div class=\"usage-point\">\n<h3>Le nettoyage est \u00e9galement tr\u00e8s simple : il suffit de passer un chiffon humide pour qu'il conserve son aspect neuf.<\/h3>\n<p>Le nettoyage est \u00e9galement simple : il suffit de passer un chiffon humide pour qu'il conserve son aspect neuf. WINIW Company Factory Wholesale Leatherette Material Manufacturest fier de cr\u00e9er des produits qui aident les athl\u00e8tes \u00e0 donner le meilleur d'eux-m\u00eames tout en \u00e9tant plus respectueux de notre plan\u00e8te.<\/p>\n<\/div>\n<div class=\"usage-point\">\n<h3>Meilleur pour l'environnement Notre formule de PVC naturel utilise des mat\u00e9riaux d'origine v\u00e9g\u00e9tale plut\u00f4t que des produits chimiques agressifs.<\/h3>\n<p>Meilleur pour l'environnement Notre formule de PVC naturel utilise des mat\u00e9riaux d'origine v\u00e9g\u00e9tale plut\u00f4t que des produits chimiques agressifs. Cela signifie moins de pollution pendant la production et une \u00e9limination plus s\u00fbre lorsque le produit arrive en fin de vie. Les \u00e9quipes sportives peuvent \u00eatre satisfaites de choisir un \u00e9quipement qui correspond \u00e0 leurs valeurs environnementales.<\/p>\n<\/div>\n<div class=\"usage-point\">\n<h3>Confortable et respirant<\/h3>\n<p>Doux, confortable et tr\u00e8s respirant, ce mat\u00e9riau est parfait pour les gants de cyclisme et autres produits port\u00e9s pendant de longues p\u00e9riodes. Il permet de garder les mains au frais et au sec pendant les activit\u00e9s intenses.<\/p>\n<\/div>\n<div class=\"usage-point\">\n<h3>Respectueux de l'environnement et durable<\/h3>\n<p>Notre similicuir en microfibre Ultrasuede comprend des options respectueuses de l'environnement, telles que des variantes fabriqu\u00e9es \u00e0 partir de PET recycl\u00e9 et de mat\u00e9riaux d'origine v\u00e9g\u00e9tale, r\u00e9duisant ainsi l'impact sur l'environnement tout en offrant des textures vari\u00e9es.<\/p>\n<\/div>\n<div class=\"usage-point\">\n<h3>Protection antibact\u00e9rienne et anti-poussi\u00e8re<\/h3>\n<p>Les variantes s\u00e9lectionn\u00e9es pr\u00e9sentent des propri\u00e9t\u00e9s antibact\u00e9riennes et r\u00e9sistantes \u00e0 la poussi\u00e8re, r\u00e9pondant \u00e0 des normes d'hygi\u00e8ne \u00e9lev\u00e9es, id\u00e9ales pour les gants n\u00e9cessitant des contr\u00f4les de qualit\u00e9 et de s\u00e9curit\u00e9 stricts.<\/p>\n<\/div>\n<div class=\"usage-point\">\n<h3>Divers sc\u00e9narios d'application<\/h3>\n<p>Outre les gants de cyclisme, il convient aux gants de contact, aux gants de s\u00e9curit\u00e9 et \u00e0 divers autres types de gants, ainsi qu'aux chaussures, aux v\u00eatements et aux accessoires.<\/p>\n<\/div>\n<p><img decoding=\"async\" alt=\"Applications du similicuir en microfibre Ultrasuede de 0,7 mm dans divers produits\" class=\"product-image\" src=\"\/wp-content\/uploads\/2025\/08\/07mm-ultrasuede-microfiber-faux-leather-for-cycling-gloves--37885.jpg\"\/><br \/>\n<img decoding=\"async\" alt=\"Gants de cyclisme en cuir microfibre Ultrasuede - exemple de produit\" class=\"product-image\" src=\"\/wp-content\/uploads\/2025\/08\/07mm-ultrasuede-microfiber-faux-leather-for-cycling-gloves--37886.jpg\"\/><br \/>\n<\/section>\n<section id=\"why-choose-us\">\n<h2>Pourquoi choisir WINIW<\/h2>\n<div class=\"advantage-item\">\n<h3>WINIW Company Factory Wholesale Leatherette Material Manufacturersest heureux de vous pr\u00e9senter son nouveau cuir PVC naturel respectueux de l'environnement, sp\u00e9cialement con\u00e7u pour les ballons de volley-ball et les \u00e9quipements sportifs MIKASA.<\/h3>\n<p>WINIW Company Factory Wholesale Leatherette Material Manufacturersest heureux de vous pr\u00e9senter son nouveau cuir PVC naturel respectueux de l'environnement, sp\u00e9cialement con\u00e7u pour les ballons de volley-ball et les \u00e9quipements sportifs MIKASA. Ce mat\u00e9riau innovant allie performances de pointe et fabrication respectueuse de l'environnement, ce qui le rend id\u00e9al pour les athl\u00e8tes et les marques de sport soucieux de la qualit\u00e9 et de l'environnement.<\/p>\n<\/div>\n<div class=\"advantage-item\">\n<h3>Assurance qualit\u00e9<\/h3>\n<p>Nous mettons en \u0153uvre un contr\u00f4le de qualit\u00e9 strict tout au long de la cha\u00eene de production et d'approvisionnement, en adh\u00e9rant aux normes ISO9001. De la s\u00e9lection des mati\u00e8res premi\u00e8res \u00e0 l'inspection finale, nous donnons la priorit\u00e9 aux int\u00e9r\u00eats des clients.<\/p>\n<\/div>\n<div class=\"advantage-item\">\n<h3>\u00c9quipe technique professionnelle<\/h3>\n<p>Notre \u00e9quipe technique sp\u00e9cialis\u00e9e se compose de professionnels exp\u00e9riment\u00e9s dans divers domaines, qui se consacrent \u00e0 la fourniture de produits de haute qualit\u00e9 et de solutions sur mesure.<\/p>\n<\/div>\n<div class=\"advantage-item\">\n<h3>Large \u00e9ventail d'applications<\/h3>\n<p>Nos mat\u00e9riaux sont largement utilis\u00e9s dans les chaussures, les v\u00eatements, les bagages, les int\u00e9rieurs d'automobiles, les canap\u00e9s, etc.<\/p>\n<\/div>\n<div class=\"advantage-item\">\n<h3>Une exp\u00e9rience riche<\/h3>\n<p>Quanzhou WINIW Import &amp; Export Co. poss\u00e8de plus de 20 ans d'exp\u00e9rience en mati\u00e8re de production et offre des solutions parfaites aux clients du monde entier.<\/p>\n<\/div>\n<div class=\"advantage-item\">\n<h3>Prix abordable<\/h3>\n<p>Nous proposons des prix comp\u00e9titifs et un excellent service \u00e0 la client\u00e8le. Demandez un catalogue ou visitez notre usine pour d\u00e9couvrir nos produits.<\/p>\n<\/div>\n<div class=\"advantage-item\">\n<h3>Service client\u00e8le en ligne 24 heures sur 24<\/h3>\n<p>Notre \u00e9quipe est disponible 24 heures sur 24, 7 jours sur 7, pour r\u00e9pondre aux demandes de renseignements et traiter rapidement les commentaires.<\/p>\n<\/div>\n<p><img decoding=\"async\" alt=\"Installation de production WINIW - Processus de fabrication du cuir microfibre Ultrasuede\" class=\"product-image\" src=\"\/wp-content\/uploads\/2025\/08\/07mm-ultrasuede-microfiber-faux-leather-for-cycling-gloves--37888.jpg\"\/><br \/>\n<\/section>\n<p><\/main><\/p>\n<section id=\"inquiry\">\n<h2 style=\"text-align: center;\">Dans l'attente de votre demande, nous vous prions d'agr\u00e9er, Madame, Monsieur, l'expression de nos salutations distingu\u00e9es.<\/h2>\n<p style=\"text-align: center;\">Contactez-nous d\u00e8s aujourd'hui pour en savoir plus sur nos produits et passer votre commande.<\/p>\n<\/section>\n\n    <div class=\"xs_social_share_widget xs_share_url after_content \t\tmain_content  wslu-style-1 wslu-share-box-shaped wslu-fill-colored wslu-none wslu-share-horizontal wslu-theme-font-no wslu-main_content\">\n\n\t\t\n        <ul>\n\t\t\t        <\/ul>\n    <\/div>","protected":false},"excerpt":{"rendered":"<div class=\"product-short-description\">Balls Leather White Environmentally Friendly Natural PVC leather for MIKASA Balls WINIW White Environmentally Friendly Natural PVC leather for MIKASA Balls Les principales caract\u00e9ristiques sont les suivantes : Id\u00e9al pour ceux qui recherchent la qualit\u00e9 et la fiabilit\u00e9.<\/p>\n<p>En tant qu'usine directe, fabricant et grossiste, nous pouvons contr\u00f4ler strictement le processus de production afin de garantir la qualit\u00e9 des produits tout en vous offrant les prix les plus favorables. Nous disposons d'\u00e9quipements de production avanc\u00e9s et d'une \u00e9quipe technique professionnelle pour r\u00e9pondre \u00e0 vos besoins en mati\u00e8re de commandes \u00e0 grande \u00e9chelle et garantir une livraison dans les d\u00e9lais.<\/p>\n<\/div>","protected":false},"featured_media":4713,"template":"","meta":[],"product_brand":[],"product_cat":[271],"product_tag":[19201],"class_list":{"0":"post-29468","1":"product","2":"type-product","3":"status-publish","4":"has-post-thumbnail","6":"product_cat-balls-leather","7":"product_tag-pvc-leather-fabric-customizepvc-leather-fabric-wholesalerpvc-leather-fabric-odmpvc-leather-fabric-exportpvc-leather-fabric-providerpvc-leather-fabric-private-label","9":"first","10":"instock","11":"product-type-simple"},"_links":{"self":[{"href":"https:\/\/www.eco-leather.com\/fr\/wp-json\/wp\/v2\/product\/29468","targetHints":{"allow":["GET"]}}],"collection":[{"href":"https:\/\/www.eco-leather.com\/fr\/wp-json\/wp\/v2\/product"}],"about":[{"href":"https:\/\/www.eco-leather.com\/fr\/wp-json\/wp\/v2\/types\/product"}],"wp:featuredmedia":[{"embeddable":true,"href":"https:\/\/www.eco-leather.com\/fr\/wp-json\/wp\/v2\/media\/4713"}],"wp:attachment":[{"href":"https:\/\/www.eco-leather.com\/fr\/wp-json\/wp\/v2\/media?parent=29468"}],"wp:term":[{"taxonomy":"product_brand","embeddable":true,"href":"https:\/\/www.eco-leather.com\/fr\/wp-json\/wp\/v2\/product_brand?post=29468"},{"taxonomy":"product_cat","embeddable":true,"href":"https:\/\/www.eco-leather.com\/fr\/wp-json\/wp\/v2\/product_cat?post=29468"},{"taxonomy":"product_tag","embeddable":true,"href":"https:\/\/www.eco-leather.com\/fr\/wp-json\/wp\/v2\/product_tag?post=29468"}],"curies":[{"name":"wp","href":"https:\/\/api.w.org\/{rel}","templated":true}]}}