{"id":29466,"date":"2025-09-07T11:03:44","date_gmt":"2025-09-07T03:03:44","guid":{"rendered":"https:\/\/www.eco-leather.com\/product\/white-easy-to-customize-faux-synthetic-material-for-balls\/"},"modified":"2025-09-07T11:03:48","modified_gmt":"2025-09-07T03:03:48","slug":"matiere-synthetique-blanche-facile-a-personnaliser-pour-les-boules","status":"publish","type":"product","link":"https:\/\/www.eco-leather.com\/fr\/matiere-synthetique-blanche-facile-a-personnaliser-pour-les-boules\/","title":{"rendered":"Blanc Facile \u00e0 personnaliser Faux mat\u00e9riau synth\u00e9tique pour les balles"},"content":{"rendered":"<h2>Mat\u00e9riau de haute qualit\u00e9 - Fabricants de mat\u00e9riaux pour si\u00e8ges automobiles<\/h2>\n<p><main><\/p>\n<section id=\"product-overview\">\n<h2>Description du produit<\/h2>\n<p>Rapide <strong>Solution pour les mat\u00e9riaux des si\u00e8ges de voiture<\/strong> D\u00e9tail : Description :<\/p>\n<p>Parfait <strong>Mat\u00e9riau de la doublure des chaussures<\/strong> Base de personnalisation Le fond blanc pur offre des conditions optimales pour l'impression et le gaufrage. Les couleurs sont \u00e9clatantes et fid\u00e8les \u00e0 la conception, tandis que les logos conservent des bords nets et une grande clart\u00e9.<\/p>\n<p>Il n'est donc plus n\u00e9cessaire d'utiliser plusieurs mat\u00e9riaux de base pour cr\u00e9er des variantes d'\u00e9quipes ou de marques.<\/p>\n<p>Fabriqu\u00e9 \u00e0 partir de mat\u00e9riaux en microfibre de haute qualit\u00e9, notre similicuir en microfibre Ultrasuede de 0,7 mm est le choix id\u00e9al pour les gants de cyclisme. Il allie souplesse et r\u00e9sistance, et offre des propri\u00e9t\u00e9s exceptionnelles de respirabilit\u00e9 et d'\u00e9vacuation de l'humidit\u00e9 pour garder les mains au frais et au sec pendant les sorties intenses.<\/p>\n<p>Que vous soyez un cycliste professionnel ou amateur, le cuir microfibre est un mat\u00e9riau qui offre un confort et une protection imbattables. Sa grande r\u00e9sistance \u00e0 l'abrasion et aux d\u00e9chirures garantit des performances durables, tandis que son design \u00e9l\u00e9gant ajoute une touche sophistiqu\u00e9e \u00e0 tout ensemble de cyclisme.<\/p>\n<\/section>\n<section id=\"features\">\n<h2>Caract\u00e9ristiques du produit<\/h2>\n<div class=\"feature-item\">\n<img decoding=\"async\" alt=\"Le mat\u00e9riau synth\u00e9tique de notre canap\u00e9 Waterproof Sofa Materiality pr\u00e9sente une base blanche \u00e9pur\u00e9e qui sert de toile parfaite pour la personnalisation.\" class=\"feature-image left\" src=\"\/wp-content\/uploads\/2025\/08\/white-easy-to-customize-faux-synthetic-material-for-balls-34942.png\"\/><\/p>\n<h3>Notre <strong>Mat\u00e9rialit\u00e9 du canap\u00e9 imperm\u00e9able<\/strong> le mat\u00e9riau synth\u00e9tique pr\u00e9sente une base blanche nette qui sert de toile parfaite pour la personnalisation<\/h3>\n<p>Notre <strong>Mat\u00e9rialit\u00e9 du canap\u00e9 imperm\u00e9able<\/strong> Le mat\u00e9riau synth\u00e9tique pr\u00e9sente une base blanche nette qui sert de toile parfaite pour la personnalisation. La surface lisse accepte magnifiquement les logos, les motifs et les dessins tout en conservant une qualit\u00e9 constante pour les grandes s\u00e9ries de production.<\/p>\n<div class=\"clear\"><\/div>\n<\/div>\n<div class=\"feature-item\">\n<img decoding=\"async\" alt=\"Contrairement aux mat\u00e9riaux traditionnels qui peuvent pr\u00e9senter des variations de couleur, notre fond blanc uniforme garantit que votre marque appara\u00eet exactement comme pr\u00e9vu \u00e0 chaque fois.\" class=\"feature-image left\" src=\"\/wp-content\/uploads\/2025\/08\/white-easy-to-customize-faux-synthetic-material-for-balls-34943.png\"\/><\/p>\n<h3>Contrairement \u00e0 <strong>Mat\u00e9riau en cuir imperm\u00e9able Service<\/strong> les mat\u00e9riaux traditionnels qui peuvent pr\u00e9senter des variations de couleur, notre fond blanc uniforme garantit que votre marque appara\u00eet exactement comme pr\u00e9vu \u00e0 chaque fois.<\/h3>\n<p>Contrairement \u00e0 <strong>Mat\u00e9riau en cuir imperm\u00e9able Service<\/strong> Les mat\u00e9riaux traditionnels qui peuvent pr\u00e9senter des variations de couleur, notre fond blanc uniforme garantit que votre marque appara\u00eet exactement comme pr\u00e9vu \u00e0 chaque fois.<\/p>\n<div class=\"clear\"><\/div>\n<\/div>\n<div class=\"feature-item\">\n<img decoding=\"async\" alt=\"Le mat\u00e9riau est con\u00e7u pour durer et r\u00e9sister aux \u00e9raflures et aux taches qui affectent g\u00e9n\u00e9ralement les \u00e9quipements de sport.\" class=\"feature-image left\" src=\"\/wp-content\/uploads\/2025\/08\/white-easy-to-customize-faux-synthetic-material-for-balls-34944.png\"\/><\/p>\n<h3>Le mat\u00e9riau est con\u00e7u pour durer et r\u00e9sister aux \u00e9raflures et aux taches qui affectent g\u00e9n\u00e9ralement les \u00e9quipements de sport.<\/h3>\n<p>Le mat\u00e9riau est con\u00e7u pour durer et r\u00e9sister aux \u00e9raflures et aux taches qui affectent g\u00e9n\u00e9ralement les \u00e9quipements sportifs. Joueurs <strong>Mat\u00e9riau du canap\u00e9 imperm\u00e9able Personnalis\u00e9<\/strong> appr\u00e9cieront la fiabilit\u00e9 de l'adh\u00e9rence et la constance des performances, qu'ils soient utilis\u00e9s lors de matchs professionnels ou pour le jeu de loisir.<\/p>\n<div class=\"clear\"><\/div>\n<\/div>\n<div class=\"feature-item\">\n<h3>WINIW Company Factory Wholesale Leather Manufacturerson engagement en faveur de la qualit\u00e9 signifie que ce mat\u00e9riau r\u00e9siste \u00e0 des tests rigoureux en mati\u00e8re de r\u00e9sistance \u00e0 l'abrasion, de solidit\u00e9 des couleurs et de r\u00e9sistance \u00e0 la traction.<\/h3>\n<p>L'engagement de WINIW Company Factory Wholesale Leather Manufacturersen faveur de la qualit\u00e9 signifie que ce mat\u00e9riau r\u00e9siste \u00e0 des tests rigoureux de r\u00e9sistance \u00e0 l'abrasion, de solidit\u00e9 des couleurs et de r\u00e9sistance \u00e0 la traction. Performance durable et pr\u00eate pour le jeu Le mat\u00e9riau conserve son int\u00e9grit\u00e9 structurelle lors d'une utilisation prolong\u00e9e et r\u00e9siste \u00e0 l'usure et \u00e0 la d\u00e9chirure du jeu de comp\u00e9tition.<\/p>\n<div class=\"clear\"><\/div>\n<\/div>\n<div class=\"feature-item\">\n<h3>La surface offre une excellente adh\u00e9rence dans diverses conditions m\u00e9t\u00e9orologiques sans compromettre l'a\u00e9rodynamisme ou les caract\u00e9ristiques de rebond de la balle.<\/h3>\n<p>La surface offre une excellente adh\u00e9rence dans diverses conditions m\u00e9t\u00e9orologiques sans compromettre l'a\u00e9rodynamisme ou les caract\u00e9ristiques de rebond de la balle.<\/p>\n<div class=\"clear\"><\/div>\n<\/div>\n<div class=\"feature-item\">\n<img decoding=\"async\" alt=\"Haute r\u00e9sistance \u00e0 la d\u00e9chirure - Ultrasuede Microfibre Faux cuir pour gants de cyclisme\" class=\"feature-image left\" src=\"\/wp-content\/uploads\/2025\/08\/07mm-ultrasuede-microfiber-faux-leather-for-cycling-gloves--37882.jpg\"\/><\/p>\n<h3>R\u00e9sistance \u00e9lev\u00e9e \u00e0 la d\u00e9chirure<\/h3>\n<p>Notre cuir microfibre Ultrasuede pr\u00e9sente une r\u00e9sistance exceptionnelle \u00e0 la d\u00e9chirure, ce qui garantit qu'il ne se cassera pas et ne se d\u00e9formera pas facilement sous l'effet du stress. Il est donc id\u00e9al pour les produits n\u00e9cessitant une durabilit\u00e9 et des performances \u00e0 long terme.<\/p>\n<div class=\"clear\"><\/div>\n<\/div>\n<div class=\"feature-item\">\n<img decoding=\"async\" alt=\"R\u00e9tention de la forme - Ultrasuede Microfibre Faux cuir pour gants de cyclisme\" class=\"feature-image right\" src=\"\/wp-content\/uploads\/2025\/08\/07mm-ultrasuede-microfiber-faux-leather-for-cycling-gloves--37883.jpg\"\/><\/p>\n<h3>Pas facile \u00e0 d\u00e9former<\/h3>\n<p>Sp\u00e9cialement trait\u00e9 pour conserver sa forme originale, ce mat\u00e9riau offre une excellente \u00e9lasticit\u00e9 et une grande stabilit\u00e9. Il r\u00e9siste aux d\u00e9formations dues \u00e0 la pression ext\u00e9rieure ou \u00e0 l'\u00e9tirement, ce qui permet aux produits de rester intacts et attrayants au fil du temps.<\/p>\n<div class=\"clear\"><\/div>\n<\/div>\n<div class=\"feature-item\">\n<img decoding=\"async\" alt=\"Durabilit\u00e9 - Ultrasuede Microfibre Faux cuir pour gants de cyclisme\" class=\"feature-image left\" src=\"\/wp-content\/uploads\/2025\/08\/07mm-ultrasuede-microfiber-faux-leather-for-cycling-gloves--37884.jpg\"\/><\/p>\n<h3>Durabilit\u00e9<\/h3>\n<p>Extr\u00eamement r\u00e9sistant \u00e0 l'abrasion, aux d\u00e9chirures et aux perforations, ce mat\u00e9riau permet aux gants de rester en parfait \u00e9tat, m\u00eame en cas d'utilisation prolong\u00e9e. Il conserve \u00e9galement une excellente dext\u00e9rit\u00e9 et une grande solidit\u00e9 pour les articles en cuir de haute qualit\u00e9.<\/p>\n<div class=\"clear\"><\/div>\n<\/div>\n<\/section>\n<section id=\"why-choose-us\">\n<h2>Pourquoi choisir WINIW<\/h2>\n<div class=\"advantage-item\">\n<h3>WINIW Company Factory Wholesale Leather Manufacturerspresent our premium White Easy to Customize Faux Synthetic Material, specially developed for sports balls and equipment<\/h3>\n<p>WINIW Company Factory Wholesale Leather Manufacturerspr\u00e9sente notre mat\u00e9riau synth\u00e9tique blanc facile \u00e0 personnaliser, sp\u00e9cialement con\u00e7u pour les ballons et \u00e9quipements de sport. Ce mat\u00e9riau innovant combine d'excellentes performances avec des possibilit\u00e9s de personnalisation exceptionnelles, ce qui le rend id\u00e9al pour les marques et les fabricants qui cherchent \u00e0 cr\u00e9er des articles de sport distinctifs.<\/p>\n<\/div>\n<div class=\"advantage-item\">\n<h3>Qualit\u00e9 de fabrication constante Notre mat\u00e9riau est produit avec des contr\u00f4les de qualit\u00e9 stricts afin de garantir une \u00e9paisseur, une texture et des performances uniformes dans tous les lots.<\/h3>\n<p>Qualit\u00e9 de fabrication constante Notre mat\u00e9riau est produit avec des contr\u00f4les de qualit\u00e9 stricts pour garantir une \u00e9paisseur, une texture et des performances uniformes dans tous les lots. Cette fiabilit\u00e9 simplifie votre processus de production et r\u00e9duit le gaspillage de mat\u00e9riaux au cours de la fabrication.<\/p>\n<\/div>\n<div class=\"advantage-item\">\n<h3>Assurance qualit\u00e9<\/h3>\n<p>Nous mettons en \u0153uvre un contr\u00f4le de qualit\u00e9 strict tout au long de la cha\u00eene de production et d'approvisionnement, en adh\u00e9rant aux normes ISO9001. De la s\u00e9lection des mati\u00e8res premi\u00e8res \u00e0 l'inspection finale, nous donnons la priorit\u00e9 aux int\u00e9r\u00eats des clients.<\/p>\n<\/div>\n<div class=\"advantage-item\">\n<h3>\u00c9quipe technique professionnelle<\/h3>\n<p>Notre \u00e9quipe technique sp\u00e9cialis\u00e9e se compose de professionnels exp\u00e9riment\u00e9s dans divers domaines, qui se consacrent \u00e0 la fourniture de produits de haute qualit\u00e9 et de solutions sur mesure.<\/p>\n<\/div>\n<div class=\"advantage-item\">\n<h3>Large \u00e9ventail d'applications<\/h3>\n<p>Nos mat\u00e9riaux sont largement utilis\u00e9s dans les chaussures, les v\u00eatements, les bagages, les int\u00e9rieurs d'automobiles, les canap\u00e9s, etc.<\/p>\n<\/div>\n<div class=\"advantage-item\">\n<h3>Une exp\u00e9rience riche<\/h3>\n<p>Quanzhou WINIW Import &amp; Export Co. poss\u00e8de plus de 20 ans d'exp\u00e9rience en mati\u00e8re de production et offre des solutions parfaites aux clients du monde entier.<\/p>\n<\/div>\n<div class=\"advantage-item\">\n<h3>Prix abordable<\/h3>\n<p>Nous proposons des prix comp\u00e9titifs et un excellent service \u00e0 la client\u00e8le. Demandez un catalogue ou visitez notre usine pour d\u00e9couvrir nos produits.<\/p>\n<\/div>\n<div class=\"advantage-item\">\n<h3>Service client\u00e8le en ligne 24 heures sur 24<\/h3>\n<p>Notre \u00e9quipe est disponible 24 heures sur 24, 7 jours sur 7, pour r\u00e9pondre aux demandes de renseignements et traiter rapidement les commentaires.<\/p>\n<\/div>\n<p><img decoding=\"async\" alt=\"Installation de production WINIW - Processus de fabrication du cuir microfibre Ultrasuede\" class=\"product-image\" src=\"\/wp-content\/uploads\/2025\/08\/07mm-ultrasuede-microfiber-faux-leather-for-cycling-gloves--37888.jpg\"\/><br \/>\n<\/section>\n<p><\/main><\/p>\n<section id=\"inquiry\">\n<h2 style=\"text-align: center;\">Dans l'attente de votre demande, nous vous prions d'agr\u00e9er, Madame, Monsieur, l'expression de nos salutations distingu\u00e9es.<\/h2>\n<p style=\"text-align: center;\">Contactez-nous d\u00e8s aujourd'hui pour en savoir plus sur nos produits et passer votre commande.<\/p>\n<\/section>\n\n    <div class=\"xs_social_share_widget xs_share_url after_content \t\tmain_content  wslu-style-1 wslu-share-box-shaped wslu-fill-colored wslu-none wslu-share-horizontal wslu-theme-font-no wslu-main_content\">\n\n\t\t\n        <ul>\n\t\t\t        <\/ul>\n    <\/div>","protected":false},"excerpt":{"rendered":"<div class=\"product-short-description\">Balls Leather White Easy to customize Faux Synthetic Material for Balls WINIW White Easy to customize Faux Synthetic Material for Balls Les principales caract\u00e9ristiques sont les suivantes : Id\u00e9al pour ceux qui recherchent la qualit\u00e9 et la fiabilit\u00e9.<\/p>\n<p>En tant qu'usine directe, fabricant et grossiste, nous pouvons contr\u00f4ler strictement le processus de production afin de garantir la qualit\u00e9 des produits tout en vous offrant les prix les plus favorables. Nous disposons d'\u00e9quipements de production avanc\u00e9s et d'une \u00e9quipe technique professionnelle pour r\u00e9pondre \u00e0 vos besoins en mati\u00e8re de commandes \u00e0 grande \u00e9chelle et garantir une livraison dans les d\u00e9lais.<\/p>\n<\/div>","protected":false},"featured_media":4709,"template":"","meta":[],"product_brand":[],"product_cat":[271],"product_tag":[19200],"class_list":{"0":"post-29466","1":"product","2":"type-product","3":"status-publish","4":"has-post-thumbnail","6":"product_cat-balls-leather","7":"product_tag-faux-synthetic-leather-white-labelfaux-synthetic-leather-private-labelfaux-synthetic-leather-solutionfaux-synthetic-leather-companyfaux-synthetic-leather-agencyfaux-synthetic-leather-wholesaler","9":"first","10":"instock","11":"product-type-simple"},"_links":{"self":[{"href":"https:\/\/www.eco-leather.com\/fr\/wp-json\/wp\/v2\/product\/29466","targetHints":{"allow":["GET"]}}],"collection":[{"href":"https:\/\/www.eco-leather.com\/fr\/wp-json\/wp\/v2\/product"}],"about":[{"href":"https:\/\/www.eco-leather.com\/fr\/wp-json\/wp\/v2\/types\/product"}],"wp:featuredmedia":[{"embeddable":true,"href":"https:\/\/www.eco-leather.com\/fr\/wp-json\/wp\/v2\/media\/4709"}],"wp:attachment":[{"href":"https:\/\/www.eco-leather.com\/fr\/wp-json\/wp\/v2\/media?parent=29466"}],"wp:term":[{"taxonomy":"product_brand","embeddable":true,"href":"https:\/\/www.eco-leather.com\/fr\/wp-json\/wp\/v2\/product_brand?post=29466"},{"taxonomy":"product_cat","embeddable":true,"href":"https:\/\/www.eco-leather.com\/fr\/wp-json\/wp\/v2\/product_cat?post=29466"},{"taxonomy":"product_tag","embeddable":true,"href":"https:\/\/www.eco-leather.com\/fr\/wp-json\/wp\/v2\/product_tag?post=29466"}],"curies":[{"name":"wp","href":"https:\/\/api.w.org\/{rel}","templated":true}]}}