{"id":29465,"date":"2025-09-07T11:03:44","date_gmt":"2025-09-07T03:03:44","guid":{"rendered":"https:\/\/www.eco-leather.com\/product\/numerous-colors-faux-microfiber-material-for-balls\/"},"modified":"2025-09-07T11:03:48","modified_gmt":"2025-09-07T03:03:48","slug":"numerous-colors-faux-microfiber-material-for-balls","status":"publish","type":"product","link":"https:\/\/www.eco-leather.com\/fr\/numerous-colors-faux-microfiber-material-for-balls\/","title":{"rendered":"Mat\u00e9riau en fausse microfibre de nombreuses couleurs pour les balles"},"content":{"rendered":"<h2>Durable material for sale &#8211; Footwear Lining Material, Shoes Material Pure<\/h2>\n<p><main><\/p>\n<section id=\"product-overview\">\n<h2>Description du produit<\/h2>\n<p>Rapide <strong>Soci\u00e9t\u00e9 de mat\u00e9riaux pour si\u00e8ges de voiture<\/strong> D\u00e9tail : Description :<\/p>\n<p>Couleur <strong>Mat\u00e9riau de la doublure des chaussures<\/strong> That Doesn&#8217;t Quit Our colors are locked in tighter than your phone&#8217;s screen time passcode. Rain Sun Sweat Bring it on! These hues won&#8217;t bail on you when the going gets tough.<\/p>\n<p>Plus, with so many options, you can match your team colors or create something totally unique &#8211; go ahead, be that fancy team with custom-colored balls! Easy-Peasy Cleaning Spilled your post-game smoothie on it No problem!<\/p>\n<p>Our material wipes clean faster than you can say &#8220;oops.&#8221; No special cleaners needed &#8211; just a quick wipe and you&#8217;re back in the game. Less time cleaning means more time playing<\/p>\n<p>Fabriqu\u00e9 \u00e0 partir de mat\u00e9riaux en microfibre de haute qualit\u00e9, notre similicuir en microfibre Ultrasuede de 0,7 mm est le choix id\u00e9al pour les gants de cyclisme. Il allie souplesse et r\u00e9sistance, et offre des propri\u00e9t\u00e9s exceptionnelles de respirabilit\u00e9 et d'\u00e9vacuation de l'humidit\u00e9 pour garder les mains au frais et au sec pendant les sorties intenses.<\/p>\n<p>Que vous soyez un cycliste professionnel ou amateur, le cuir microfibre est un mat\u00e9riau qui offre un confort et une protection imbattables. Sa grande r\u00e9sistance \u00e0 l'abrasion et aux d\u00e9chirures garantit des performances durables, tandis que son design \u00e9l\u00e9gant ajoute une touche sophistiqu\u00e9e \u00e0 tout ensemble de cyclisme.<\/p>\n<\/section>\n<section id=\"usage\">\n<h2>Utilisation et applications<\/h2>\n<p><img decoding=\"async\" _src=\"\/wp-content\/uploads\/2025\/08\/numerous-colors-faux-microfiber-material-for-balls-34939.png\" alt=\"Durable material for sale - Footwear Lining Material, Shoes Material Pure\" src=\"\/wp-content\/uploads\/2025\/08\/numerous-colors-faux-microfiber-material-for-balls-34939.png\"\/><\/p>\n<div class=\"usage-point\">\n<h3>Notre <strong>Mat\u00e9riau du sac Pu Soci\u00e9t\u00e9s<\/strong> microfiber material isn&#8217;t just a pretty face &#8211; it&#8217;s the superhero of ball coverings<\/h3>\n<p>Notre <strong>Mat\u00e9riau du sac Pu Soci\u00e9t\u00e9s<\/strong> microfiber material isn&#8217;t just a pretty face &#8211; it&#8217;s the superhero of ball coverings. Tough enough to handle your wildest games, soft enough to make players swoon, and colorful enough to make other balls jealous.<\/p>\n<\/div>\n<div class=\"usage-point\">\n<h3>The secret We use a special weaving technique that makes the colors pop while keeping the material strong<\/h3>\n<p>The secret We use a special weaving technique that makes the colors pop while keeping the material strong. No <strong>Mati\u00e8re des chaussures Pure<\/strong> more sad, faded balls after a few games &#8211; these colors stay vibrant longer than your uncle&#8217;s Hawaiian shirts!<\/p>\n<\/div>\n<div class=\"usage-point\">\n<h3>Tough Love This material laughs in the face of scratches and scuffs<\/h3>\n<p>Tough Love This material laughs in the face of scratches and scuffs. While other balls are getting patched up, yours will still be looking fresh. The microfiber surface gives players perfect grip without feeling like they&#8217;re holding a plastic bag &#8211; because nobody wants that awkward moment when the ball slips at the worst possible time, right Applications:<\/p>\n<\/div>\n<div class=\"usage-point\">\n<h3>Confortable et respirant<\/h3>\n<p>Doux, confortable et tr\u00e8s respirant, ce mat\u00e9riau est parfait pour les gants de cyclisme et autres produits port\u00e9s pendant de longues p\u00e9riodes. Il permet de garder les mains au frais et au sec pendant les activit\u00e9s intenses.<\/p>\n<\/div>\n<div class=\"usage-point\">\n<h3>Respectueux de l'environnement et durable<\/h3>\n<p>Notre similicuir en microfibre Ultrasuede comprend des options respectueuses de l'environnement, telles que des variantes fabriqu\u00e9es \u00e0 partir de PET recycl\u00e9 et de mat\u00e9riaux d'origine v\u00e9g\u00e9tale, r\u00e9duisant ainsi l'impact sur l'environnement tout en offrant des textures vari\u00e9es.<\/p>\n<\/div>\n<div class=\"usage-point\">\n<h3>Protection antibact\u00e9rienne et anti-poussi\u00e8re<\/h3>\n<p>Les variantes s\u00e9lectionn\u00e9es pr\u00e9sentent des propri\u00e9t\u00e9s antibact\u00e9riennes et r\u00e9sistantes \u00e0 la poussi\u00e8re, r\u00e9pondant \u00e0 des normes d'hygi\u00e8ne \u00e9lev\u00e9es, id\u00e9ales pour les gants n\u00e9cessitant des contr\u00f4les de qualit\u00e9 et de s\u00e9curit\u00e9 stricts.<\/p>\n<\/div>\n<div class=\"usage-point\">\n<h3>Divers sc\u00e9narios d'application<\/h3>\n<p>Outre les gants de cyclisme, il convient aux gants de contact, aux gants de s\u00e9curit\u00e9 et \u00e0 divers autres types de gants, ainsi qu'aux chaussures, aux v\u00eatements et aux accessoires.<\/p>\n<\/div>\n<p><img decoding=\"async\" alt=\"Applications du similicuir en microfibre Ultrasuede de 0,7 mm dans divers produits\" class=\"product-image\" src=\"\/wp-content\/uploads\/2025\/08\/07mm-ultrasuede-microfiber-faux-leather-for-cycling-gloves--37885.jpg\"\/><br \/>\n<img decoding=\"async\" alt=\"Gants de cyclisme en cuir microfibre Ultrasuede - exemple de produit\" class=\"product-image\" src=\"\/wp-content\/uploads\/2025\/08\/07mm-ultrasuede-microfiber-faux-leather-for-cycling-gloves--37886.jpg\"\/><br \/>\n<\/section>\n<section id=\"why-choose-us\">\n<h2>Pourquoi choisir WINIW<\/h2>\n<div class=\"advantage-item\">\n<h3>Hey there, color lovers! WINIW Company Factory Wholesale Fabric Manufacturersis painting the town red (and blue, green, purple<\/h3>\n<p>Hey there, color lovers! WINIW Company Factory Wholesale Fabric Manufacturersis painting the town red (and blue, green, purple&#8230;) with our Numerous Colors Faux Microfiber Material that&#8217;s turning boring old balls into works of art. Imagine a rainbow exploded in our factory &#8211; that&#8217;s basically how we make this stuff! Whether you&#8217;re looking for neon brights to blind the competition or classy pastels for that sophisticated touch, we&#8217;ve got more colors than a bag of Skittles.<\/p>\n<\/div>\n<div class=\"advantage-item\">\n<h3>Assurance qualit\u00e9<\/h3>\n<p>Nous mettons en \u0153uvre un contr\u00f4le de qualit\u00e9 strict tout au long de la cha\u00eene de production et d'approvisionnement, en adh\u00e9rant aux normes ISO9001. De la s\u00e9lection des mati\u00e8res premi\u00e8res \u00e0 l'inspection finale, nous donnons la priorit\u00e9 aux int\u00e9r\u00eats des clients.<\/p>\n<\/div>\n<div class=\"advantage-item\">\n<h3>\u00c9quipe technique professionnelle<\/h3>\n<p>Notre \u00e9quipe technique sp\u00e9cialis\u00e9e se compose de professionnels exp\u00e9riment\u00e9s dans divers domaines, qui se consacrent \u00e0 la fourniture de produits de haute qualit\u00e9 et de solutions sur mesure.<\/p>\n<\/div>\n<div class=\"advantage-item\">\n<h3>Large \u00e9ventail d'applications<\/h3>\n<p>Nos mat\u00e9riaux sont largement utilis\u00e9s dans les chaussures, les v\u00eatements, les bagages, les int\u00e9rieurs d'automobiles, les canap\u00e9s, etc.<\/p>\n<\/div>\n<div class=\"advantage-item\">\n<h3>Une exp\u00e9rience riche<\/h3>\n<p>Quanzhou WINIW Import &amp; Export Co. poss\u00e8de plus de 20 ans d'exp\u00e9rience en mati\u00e8re de production et offre des solutions parfaites aux clients du monde entier.<\/p>\n<\/div>\n<div class=\"advantage-item\">\n<h3>Prix abordable<\/h3>\n<p>Nous proposons des prix comp\u00e9titifs et un excellent service \u00e0 la client\u00e8le. Demandez un catalogue ou visitez notre usine pour d\u00e9couvrir nos produits.<\/p>\n<\/div>\n<div class=\"advantage-item\">\n<h3>Service client\u00e8le en ligne 24 heures sur 24<\/h3>\n<p>Notre \u00e9quipe est disponible 24 heures sur 24, 7 jours sur 7, pour r\u00e9pondre aux demandes de renseignements et traiter rapidement les commentaires.<\/p>\n<\/div>\n<p><img decoding=\"async\" alt=\"Installation de production WINIW - Processus de fabrication du cuir microfibre Ultrasuede\" class=\"product-image\" src=\"\/wp-content\/uploads\/2025\/08\/07mm-ultrasuede-microfiber-faux-leather-for-cycling-gloves--37888.jpg\"\/><br \/>\n<\/section>\n<p><\/main><\/p>\n<section id=\"inquiry\">\n<h2 style=\"text-align: center;\">Dans l'attente de votre demande, nous vous prions d'agr\u00e9er, Madame, Monsieur, l'expression de nos salutations distingu\u00e9es.<\/h2>\n<p style=\"text-align: center;\">Contactez-nous d\u00e8s aujourd'hui pour en savoir plus sur nos produits et passer votre commande.<\/p>\n<\/section>\n\n    <div class=\"xs_social_share_widget xs_share_url after_content \t\tmain_content  wslu-style-1 wslu-share-box-shaped wslu-fill-colored wslu-none wslu-share-horizontal wslu-theme-font-no wslu-main_content\">\n\n\t\t\n        <ul>\n\t\t\t        <\/ul>\n    <\/div>","protected":false},"excerpt":{"rendered":"<div class=\"product-short-description\">Balls Leather Numerous Colors Faux Microfiber Material for Balls WINIW Numerous Colors Faux Microfiber Material for Balls Key features include.Ideal for those seeking quality and reliability.<\/p>\n<p>En tant qu'usine directe, fabricant et grossiste, nous pouvons contr\u00f4ler strictement le processus de production afin de garantir la qualit\u00e9 des produits tout en vous offrant les prix les plus favorables. Nous disposons d'\u00e9quipements de production avanc\u00e9s et d'une \u00e9quipe technique professionnelle pour r\u00e9pondre \u00e0 vos besoins en mati\u00e8re de commandes \u00e0 grande \u00e9chelle et garantir une livraison dans les d\u00e9lais.<\/p>\n<\/div>","protected":false},"featured_media":4707,"template":"","meta":[],"product_brand":[],"product_cat":[271],"product_tag":[19199],"class_list":{"0":"post-29465","1":"product","2":"type-product","3":"status-publish","4":"has-post-thumbnail","6":"product_cat-balls-leather","7":"product_tag-softspun-microfiber-cleaning-cloth-materialmicrofiber-material-by-the-yardmicrofiber-material-fabricmicrofiber-material-vs-cottonmicrofiber-material-for-beddingmicrofiber-material-means","9":"first","10":"instock","11":"product-type-simple"},"_links":{"self":[{"href":"https:\/\/www.eco-leather.com\/fr\/wp-json\/wp\/v2\/product\/29465","targetHints":{"allow":["GET"]}}],"collection":[{"href":"https:\/\/www.eco-leather.com\/fr\/wp-json\/wp\/v2\/product"}],"about":[{"href":"https:\/\/www.eco-leather.com\/fr\/wp-json\/wp\/v2\/types\/product"}],"wp:featuredmedia":[{"embeddable":true,"href":"https:\/\/www.eco-leather.com\/fr\/wp-json\/wp\/v2\/media\/4707"}],"wp:attachment":[{"href":"https:\/\/www.eco-leather.com\/fr\/wp-json\/wp\/v2\/media?parent=29465"}],"wp:term":[{"taxonomy":"product_brand","embeddable":true,"href":"https:\/\/www.eco-leather.com\/fr\/wp-json\/wp\/v2\/product_brand?post=29465"},{"taxonomy":"product_cat","embeddable":true,"href":"https:\/\/www.eco-leather.com\/fr\/wp-json\/wp\/v2\/product_cat?post=29465"},{"taxonomy":"product_tag","embeddable":true,"href":"https:\/\/www.eco-leather.com\/fr\/wp-json\/wp\/v2\/product_tag?post=29465"}],"curies":[{"name":"wp","href":"https:\/\/api.w.org\/{rel}","templated":true}]}}