{"id":29387,"date":"2025-09-07T11:03:02","date_gmt":"2025-09-07T03:03:02","guid":{"rendered":"https:\/\/www.eco-leather.com\/product\/faux-leather-abrasion-resistant-microfiber-pu-leather-for-garment\/"},"modified":"2025-09-07T11:03:06","modified_gmt":"2025-09-07T03:03:06","slug":"faux-cuir-microfibre-resistant-a-labrasion-pour-vetements","status":"publish","type":"product","link":"https:\/\/www.eco-leather.com\/fr\/faux-cuir-microfibre-resistant-a-labrasion-pour-vetements\/","title":{"rendered":"Faux cuir r\u00e9sistant \u00e0 l'abrasion Microfibre PU pour v\u00eatements"},"content":{"rendered":"<h2>Fournisseur de cuir synth\u00e9tique de premi\u00e8re qualit\u00e9<\/h2>\n<p><main><\/p>\n<section id=\"product-overview\">\n<h2>Description du produit<\/h2>\n<p>Mat\u00e9riau <strong>Semelle en faux cuir<\/strong> Introduction<\/p>\n<p>Notre <strong>Cuir de confection Import\u00e9<\/strong> offrent des options personnalisables en termes d'\u00e9paisseur, de couleur, etc. Nous vous invitons \u00e0 cliquer ci-dessous et \u00e0 nous contacter imm\u00e9diatement pour explorer les possibilit\u00e9s infinies qui s'offrent \u00e0 vous.<\/p>\n<p>  nous contacter  <\/p>\n<p>Fabriqu\u00e9 \u00e0 partir de mat\u00e9riaux en microfibre de haute qualit\u00e9, notre similicuir en microfibre Ultrasuede de 0,7 mm est le choix id\u00e9al pour les gants de cyclisme. Il allie souplesse et r\u00e9sistance, et offre des propri\u00e9t\u00e9s exceptionnelles de respirabilit\u00e9 et d'\u00e9vacuation de l'humidit\u00e9 pour garder les mains au frais et au sec pendant les sorties intenses.<\/p>\n<p>Que vous soyez un cycliste professionnel ou amateur, le cuir microfibre est un mat\u00e9riau qui offre un confort et une protection imbattables. Sa grande r\u00e9sistance \u00e0 l'abrasion et aux d\u00e9chirures garantit des performances durables, tandis que son design \u00e9l\u00e9gant ajoute une touche sophistiqu\u00e9e \u00e0 tout ensemble de cyclisme.<\/p>\n<\/section>\n<section id=\"specifications\">\n<h2>Param\u00e8tres techniques<\/h2>\n<p>Mat\u00e9riau <strong>Bo\u00eetes en simili cuir Chine<\/strong> Sp\u00e9cifications<\/p>\n<p><img decoding=\"async\" alt=\"0.7mm Ultrasuede Microfiber Faux cuir pour gants de cyclisme - Sp\u00e9cification des mat\u00e9riaux\" class=\"product-image\" src=\"\/wp-content\/uploads\/2025\/08\/07mm-ultrasuede-microfiber-faux-leather-for-cycling-gloves--37881.jpg\"\/><\/p>\n<h3>Param\u00e8tres du produit<\/h3>\n<ul class=\"parameters-list\">\n<li><span class=\"param-name\">Mat\u00e9riau :<\/span> Microfibre + PU<\/li>\n<li><span class=\"param-name\">Couleur :<\/span> Noir, Gris, Beige (couleurs personnalis\u00e9es disponibles)<\/li>\n<li><span class=\"param-name\">\u00c9paisseur :<\/span> 0,6 mm, 0,7 mm, 0,8 mm, 1 mm<\/li>\n<li><span class=\"param-name\">Quantit\u00e9 minimale de commande :<\/span> 300 m\u00e8tres lin\u00e9aires<\/li>\n<li><span class=\"param-name\">Longueur du rouleau :<\/span> 20-30m\/rouleau<\/li>\n<li><span class=\"param-name\">D\u00e9lai de livraison :<\/span> 15-20 jours<\/li>\n<li><span class=\"param-name\">Largeur :<\/span> 54\u2033, 137cm<\/li>\n<li><span class=\"param-name\">Capacit\u00e9 de production :<\/span> 1 000 000 m\u00e8tres par mois<\/li>\n<\/ul>\n<\/section>\n<section id=\"features\">\n<h2>Caract\u00e9ristiques du produit<\/h2>\n<div class=\"feature-item\">\n<img decoding=\"async\" alt=\"WINIWWaterproof Faux Leather CustomizeCompany Factory Wholesale Leather FabricurersAbrasion Resistant Microfiber PU Leather red\u00e9finit la robustesse dans la mode durable, offrant une alternative synth\u00e9tique con\u00e7ue pour r\u00e9sister \u00e0 la friction, \u00e0 l&#039;usure et au stress quotidien tout en maintenant l&#039;int\u00e9grit\u00e9 \u00e9thique.\" class=\"feature-image left\" src=\"\/wp-content\/uploads\/2025\/08\/faux-leather-abrasion-resistant-microfiber-pu-leather-for-garment-34117.jpg\"\/><\/p>\n<h3>WINIW <strong>Faux cuir imperm\u00e9able Personnaliser<\/strong> Company Factory Wholesale Leather FabricurersAbrasion Resistant Microfiber PU Leather red\u00e9finit la robustesse dans la mode durable, offrant une alternative synth\u00e9tique con\u00e7ue pour r\u00e9sister \u00e0 la friction, \u00e0 l'usure et au stress quotidien tout en maintenant l'int\u00e9grit\u00e9 \u00e9thique.<\/h3>\n<p>WINIW <strong>Faux cuir imperm\u00e9able Personnaliser<\/strong> Company Factory Wholesale Leather FabricurersAbrasion Resistant Microfiber PU Leather red\u00e9finit la robustesse dans la mode durable, offrant une alternative synth\u00e9tique con\u00e7ue pour r\u00e9sister \u00e0 la friction, \u00e0 l'usure et au stress quotidien tout en maintenant l'int\u00e9grit\u00e9 \u00e9thique.<\/p>\n<div class=\"clear\"><\/div>\n<\/div>\n<div class=\"feature-item\">\n<img decoding=\"async\" alt=\"Id\u00e9al pour les v\u00eatements qui exigent une grande durabilit\u00e9, tels que les v\u00eatements de moto, les v\u00eatements de travail et les v\u00eatements de plein air, ce mat\u00e9riau allie l&#039;innovation sans cruaut\u00e9 \u00e0 une r\u00e9silience de qualit\u00e9 industrielle.\" class=\"feature-image left\" src=\"\/wp-content\/uploads\/2025\/08\/faux-leather-abrasion-resistant-microfiber-pu-leather-for-garment-34118.jpg\"\/><\/p>\n<h3>Id\u00e9al pour les v\u00eatements qui exigent une grande durabilit\u00e9, tels que les v\u00eatements de moto, les v\u00eatements de travail et les v\u00eatements de plein air, ce mat\u00e9riau allie l'innovation sans cruaut\u00e9 \u00e0 une r\u00e9silience de qualit\u00e9 industrielle.<\/h3>\n<p>Id\u00e9al pour les v\u00eatements qui exigent une grande durabilit\u00e9, tels que les v\u00eatements de moto, les v\u00eatements de travail et les v\u00eatements de plein air, ce mat\u00e9riau associe une innovation sans cruaut\u00e9 \u00e0 une r\u00e9sistance de qualit\u00e9 industrielle. Con\u00e7u avec un c\u0153ur en microfibre haute densit\u00e9 et une couche de surface renforc\u00e9e, il r\u00e9siste aux \u00e9raflures, aux rayures et au d\u00e9collement, m\u00eame dans les zones \u00e0 fort impact comme les coudes, les genoux et les coutures.<\/p>\n<div class=\"clear\"><\/div>\n<\/div>\n<div class=\"feature-item\">\n<img decoding=\"async\" alt=\"Certifi\u00e9Suede Leather Waterproof Spraypour une production respectueuse de l&#039;environnement, il s&#039;aligne sur les normes mondiales de durabilit\u00e9, ce qui en fait un choix responsable pour les marques qui s&#039;engagent \u00e0 r\u00e9duire les d\u00e9chets textiles.\" class=\"feature-image left\" src=\"\/wp-content\/uploads\/2025\/08\/faux-leather-abrasion-resistant-microfiber-pu-leather-for-garment-34119.jpg\"\/><\/p>\n<h3>Certifi\u00e9 <strong>Spray imperm\u00e9able pour daim et cuir<\/strong> pour une production respectueuse de l'environnement, il s'aligne sur les normes mondiales de durabilit\u00e9, ce qui en fait un choix responsable pour les marques qui s'engagent \u00e0 r\u00e9duire les d\u00e9chets textiles<\/h3>\n<p>Certifi\u00e9 <strong>Spray imperm\u00e9able pour daim et cuir<\/strong> pour une production respectueuse de l'environnement, il s'aligne sur les normes mondiales de durabilit\u00e9, ce qui en fait un choix responsable pour les marques qui s'engagent \u00e0 r\u00e9duire les d\u00e9chets textiles.<\/p>\n<div class=\"clear\"><\/div>\n<\/div>\n<div class=\"feature-item\">\n<img decoding=\"async\" alt=\"D\u00e9perlant et stabilis\u00e9 aux UV, le tissu conserve ses couleurs vives et son int\u00e9grit\u00e9 structurelle en d\u00e9pit des conditions climatiques difficiles et d&#039;une utilisation r\u00e9p\u00e9t\u00e9e.\" class=\"feature-image left\" src=\"\/wp-content\/uploads\/2025\/08\/faux-leather-abrasion-resistant-microfiber-pu-leather-for-garment-34120.jpg\"\/><\/p>\n<h3>D\u00e9perlant et stabilis\u00e9 aux UV, le tissu conserve ses couleurs vives et son int\u00e9grit\u00e9 structurelle en d\u00e9pit des conditions climatiques difficiles et d'une utilisation r\u00e9p\u00e9t\u00e9e.<\/h3>\n<p>D\u00e9perlant et stabilis\u00e9 aux UV, le tissu conserve des couleurs \u00e9clatantes et son int\u00e9grit\u00e9 structurelle en d\u00e9pit des conditions climatiques difficiles et d'une utilisation r\u00e9p\u00e9t\u00e9e. L\u00e9ger mais robuste, il permet aux concepteurs de cr\u00e9er des v\u00eatements qui allient une durabilit\u00e9 sans compromis \u00e0 une esth\u00e9tique moderne, s\u00e9duisant \u00e0 la fois les consommateurs pratiques et les acheteurs soucieux de l'environnement.<\/p>\n<div class=\"clear\"><\/div>\n<\/div>\n<div class=\"feature-item\">\n<img decoding=\"async\" alt=\"Mat\u00e9riauTissu de cuir imperm\u00e9able OdmhsasMicrofibre de cuir PU Nom de marque WINIW Company Factory Wholesale Leather FabricurersLargeur 54\" class=\"feature-image left\" src=\"\/wp-content\/uploads\/2025\/08\/faux-leather-abrasion-resistant-microfiber-pu-leather-for-garment-34121.jpg\"\/><\/p>\n<h3>Mat\u00e9riau <strong>Tissu en cuir imperm\u00e9able Odmhsas<\/strong> Microfibre PU Leather Brand Name WINIW Company Factory Wholesale Leather FabricurersWidth 54\u2033 ; 1<\/h3>\n<p>Mat\u00e9riau <strong>Tissu en cuir imperm\u00e9able Odmhsas<\/strong> Microfibre PU Leather Brand Name WINIW Company Factory Wholesale Leather FabricurersWidth 54\u2033 ; 1.37m Color Red, Black,Brown, Green,accept customize Feature Wear resistant, Waterproof, Anti-Mildew, Flexible Thickness 0.6mm-2.4mm, accept customize Place of Origin China Customized Yes Delivery time Usually within 15 - 25 days.<\/p>\n<div class=\"clear\"><\/div>\n<\/div>\n<div class=\"feature-item\">\n<h3>MOQ 300 m\u00e8tres D\u00e9tails de l'emballage 30\/50 m\u00e8tres par rouleau<\/h3>\n<p>MOQ 300 m\u00e8tres D\u00e9tails de l'emballage 30\/50 m\u00e8tres par rouleau. Ou sur mesure Capacit\u00e9 de production 1 000 000 de m\u00e8tres par mois Caract\u00e9ristiques du mat\u00e9riau<\/p>\n<div class=\"clear\"><\/div>\n<\/div>\n<div class=\"feature-item\">\n<img decoding=\"async\" alt=\"Haute r\u00e9sistance \u00e0 la d\u00e9chirure - Ultrasuede Microfibre Faux cuir pour gants de cyclisme\" class=\"feature-image left\" src=\"\/wp-content\/uploads\/2025\/08\/07mm-ultrasuede-microfiber-faux-leather-for-cycling-gloves--37882.jpg\"\/><\/p>\n<h3>R\u00e9sistance \u00e9lev\u00e9e \u00e0 la d\u00e9chirure<\/h3>\n<p>Notre cuir microfibre Ultrasuede pr\u00e9sente une r\u00e9sistance exceptionnelle \u00e0 la d\u00e9chirure, ce qui garantit qu'il ne se cassera pas et ne se d\u00e9formera pas facilement sous l'effet du stress. Il est donc id\u00e9al pour les produits n\u00e9cessitant une durabilit\u00e9 et des performances \u00e0 long terme.<\/p>\n<div class=\"clear\"><\/div>\n<\/div>\n<div class=\"feature-item\">\n<img decoding=\"async\" alt=\"R\u00e9tention de la forme - Ultrasuede Microfibre Faux cuir pour gants de cyclisme\" class=\"feature-image right\" src=\"\/wp-content\/uploads\/2025\/08\/07mm-ultrasuede-microfiber-faux-leather-for-cycling-gloves--37883.jpg\"\/><\/p>\n<h3>Pas facile \u00e0 d\u00e9former<\/h3>\n<p>Sp\u00e9cialement trait\u00e9 pour conserver sa forme originale, ce mat\u00e9riau offre une excellente \u00e9lasticit\u00e9 et une grande stabilit\u00e9. Il r\u00e9siste aux d\u00e9formations dues \u00e0 la pression ext\u00e9rieure ou \u00e0 l'\u00e9tirement, ce qui permet aux produits de rester intacts et attrayants au fil du temps.<\/p>\n<div class=\"clear\"><\/div>\n<\/div>\n<div class=\"feature-item\">\n<img decoding=\"async\" alt=\"Durabilit\u00e9 - Ultrasuede Microfibre Faux cuir pour gants de cyclisme\" class=\"feature-image left\" src=\"\/wp-content\/uploads\/2025\/08\/07mm-ultrasuede-microfiber-faux-leather-for-cycling-gloves--37884.jpg\"\/><\/p>\n<h3>Durabilit\u00e9<\/h3>\n<p>Extr\u00eamement r\u00e9sistant \u00e0 l'abrasion, aux d\u00e9chirures et aux perforations, ce mat\u00e9riau permet aux gants de rester en parfait \u00e9tat, m\u00eame en cas d'utilisation prolong\u00e9e. Il conserve \u00e9galement une excellente dext\u00e9rit\u00e9 et une grande solidit\u00e9 pour les articles en cuir de haute qualit\u00e9.<\/p>\n<div class=\"clear\"><\/div>\n<\/div>\n<\/section>\n<p><\/main><\/p>\n<section id=\"inquiry\">\n<h2 style=\"text-align: center;\">Dans l'attente de votre demande, nous vous prions d'agr\u00e9er, Madame, Monsieur, l'expression de nos salutations distingu\u00e9es.<\/h2>\n<p style=\"text-align: center;\">Contactez-nous d\u00e8s aujourd'hui pour en savoir plus sur nos produits et passer votre commande.<\/p>\n<\/section>\n\n    <div class=\"xs_social_share_widget xs_share_url after_content \t\tmain_content  wslu-style-1 wslu-share-box-shaped wslu-fill-colored wslu-none wslu-share-horizontal wslu-theme-font-no wslu-main_content\">\n\n\t\t\n        <ul>\n\t\t\t        <\/ul>\n    <\/div>","protected":false},"excerpt":{"rendered":"<div class=\"product-short-description\">V\u00eatements Cuir Faux Cuir Microfibre PU r\u00e9sistant \u00e0 l'abrasion pour v\u00eatement WINIW Faux Cuir Microfibre PU r\u00e9sistant \u00e0 l'abrasion pour v\u00eatement Les caract\u00e9ristiques principales incluent Cuir Microfibre PU, WINIW, Largeur.id\u00e9al pour ceux qui recherchent la qualit\u00e9 et la fiabilit\u00e9.<\/p>\n<p>En tant qu'usine directe, fabricant et grossiste, nous pouvons contr\u00f4ler strictement le processus de production afin de garantir la qualit\u00e9 des produits tout en vous offrant les prix les plus favorables. Nous disposons d'\u00e9quipements de production avanc\u00e9s et d'une \u00e9quipe technique professionnelle pour r\u00e9pondre \u00e0 vos besoins en mati\u00e8re de commandes \u00e0 grande \u00e9chelle et garantir une livraison dans les d\u00e9lais.<\/p>\n<\/div>","protected":false},"featured_media":3161,"template":"","meta":[],"product_brand":[],"product_cat":[180],"product_tag":[],"class_list":{"0":"post-29387","1":"product","2":"type-product","3":"status-publish","4":"has-post-thumbnail","6":"product_cat-garments-leather","8":"first","9":"instock","10":"product-type-simple"},"_links":{"self":[{"href":"https:\/\/www.eco-leather.com\/fr\/wp-json\/wp\/v2\/product\/29387","targetHints":{"allow":["GET"]}}],"collection":[{"href":"https:\/\/www.eco-leather.com\/fr\/wp-json\/wp\/v2\/product"}],"about":[{"href":"https:\/\/www.eco-leather.com\/fr\/wp-json\/wp\/v2\/types\/product"}],"wp:featuredmedia":[{"embeddable":true,"href":"https:\/\/www.eco-leather.com\/fr\/wp-json\/wp\/v2\/media\/3161"}],"wp:attachment":[{"href":"https:\/\/www.eco-leather.com\/fr\/wp-json\/wp\/v2\/media?parent=29387"}],"wp:term":[{"taxonomy":"product_brand","embeddable":true,"href":"https:\/\/www.eco-leather.com\/fr\/wp-json\/wp\/v2\/product_brand?post=29387"},{"taxonomy":"product_cat","embeddable":true,"href":"https:\/\/www.eco-leather.com\/fr\/wp-json\/wp\/v2\/product_cat?post=29387"},{"taxonomy":"product_tag","embeddable":true,"href":"https:\/\/www.eco-leather.com\/fr\/wp-json\/wp\/v2\/product_tag?post=29387"}],"curies":[{"name":"wp","href":"https:\/\/api.w.org\/{rel}","templated":true}]}}