{"id":29314,"date":"2025-09-07T11:02:18","date_gmt":"2025-09-07T03:02:18","guid":{"rendered":"https:\/\/www.eco-leather.com\/product\/self-healing-recycled-vegan-leather-for-unisex-travel-jackets\/"},"modified":"2025-09-07T11:02:25","modified_gmt":"2025-09-07T03:02:25","slug":"cuir-vegetal-recycle-auto-cicatrisant-pour-vestes-de-voyage-unisexes","status":"publish","type":"product","link":"https:\/\/www.eco-leather.com\/fr\/cuir-vegetal-recycle-auto-cicatrisant-pour-vestes-de-voyage-unisexes\/","title":{"rendered":"Cuir v\u00e9g\u00e9tal recycl\u00e9 auto-cicatrisant pour vestes de voyage unisexes"},"content":{"rendered":"<h2>Fournisseur de cuir synth\u00e9tique de premi\u00e8re qualit\u00e9<\/h2>\n<p><main><\/p>\n<section id=\"product-overview\">\n<h2>Description du produit<\/h2>\n<p>Mat\u00e9riau <strong>Cuir v\u00e9g\u00e9tal souple<\/strong> Introduction<\/p>\n<p>Notre <strong>Bo\u00eetes en simili cuir Chine<\/strong> offrent des options personnalisables en termes d'\u00e9paisseur, de couleur, etc. Nous vous invitons \u00e0 cliquer ci-dessous et \u00e0 nous contacter imm\u00e9diatement pour explorer les possibilit\u00e9s infinies qui s'offrent \u00e0 vous.<\/p>\n<p>  nous contacter  <\/p>\n<p>Fabriqu\u00e9 \u00e0 partir de mat\u00e9riaux en microfibre de haute qualit\u00e9, notre similicuir en microfibre Ultrasuede de 0,7 mm est le choix id\u00e9al pour les gants de cyclisme. Il allie souplesse et r\u00e9sistance, et offre des propri\u00e9t\u00e9s exceptionnelles de respirabilit\u00e9 et d'\u00e9vacuation de l'humidit\u00e9 pour garder les mains au frais et au sec pendant les sorties intenses.<\/p>\n<p>Que vous soyez un cycliste professionnel ou amateur, le cuir microfibre est un mat\u00e9riau qui offre un confort et une protection imbattables. Sa grande r\u00e9sistance \u00e0 l'abrasion et aux d\u00e9chirures garantit des performances durables, tandis que son design \u00e9l\u00e9gant ajoute une touche sophistiqu\u00e9e \u00e0 tout ensemble de cyclisme.<\/p>\n<\/section>\n<section id=\"specifications\">\n<h2>Param\u00e8tres techniques<\/h2>\n<p>Mat\u00e9riau <strong>Cuir de confection Import\u00e9<\/strong> Sp\u00e9cifications<\/p>\n<p><img decoding=\"async\" alt=\"0.7mm Ultrasuede Microfiber Faux cuir pour gants de cyclisme - Sp\u00e9cification des mat\u00e9riaux\" class=\"product-image\" src=\"\/wp-content\/uploads\/2025\/08\/07mm-ultrasuede-microfiber-faux-leather-for-cycling-gloves--37881.jpg\"\/><\/p>\n<h3>Param\u00e8tres du produit<\/h3>\n<ul class=\"parameters-list\">\n<li><span class=\"param-name\">Mat\u00e9riau :<\/span> Microfibre + PU<\/li>\n<li><span class=\"param-name\">Couleur :<\/span> Noir, Gris, Beige (couleurs personnalis\u00e9es disponibles)<\/li>\n<li><span class=\"param-name\">\u00c9paisseur :<\/span> 0,6 mm, 0,7 mm, 0,8 mm, 1 mm<\/li>\n<li><span class=\"param-name\">Quantit\u00e9 minimale de commande :<\/span> 300 m\u00e8tres lin\u00e9aires<\/li>\n<li><span class=\"param-name\">Longueur du rouleau :<\/span> 20-30m\/rouleau<\/li>\n<li><span class=\"param-name\">D\u00e9lai de livraison :<\/span> 15-20 jours<\/li>\n<li><span class=\"param-name\">Largeur :<\/span> 54\u2033, 137cm<\/li>\n<li><span class=\"param-name\">Capacit\u00e9 de production :<\/span> 1 000 000 m\u00e8tres par mois<\/li>\n<\/ul>\n<\/section>\n<section id=\"features\">\n<h2>Caract\u00e9ristiques du produit<\/h2>\n<div class=\"feature-item\">\n<img decoding=\"async\" alt=\"WINIWaterproof Leather Fabric OdmhsasCompany Factory Wholesale Vinyl Leather Manufacturers Le cuir v\u00e9g\u00e9tal recycl\u00e9 auto-cicatrisant ouvre une nouvelle \u00e8re dans le domaine des v\u00eatements d&#039;ext\u00e9rieur adaptatifs, con\u00e7us pour les vestes de voyage unisexes qui s&#039;\u00e9panouissent dans des environnements impr\u00e9visibles.\" class=\"feature-image left\" src=\"\/wp-content\/uploads\/2025\/08\/self-healing-recycled-vegan-leather-for-unisex-travel-jackets-33022.jpg\"\/><\/p>\n<h3>WINIW <strong>Tissu en cuir imperm\u00e9able Odmhsas<\/strong> Company Factory Wholesale Vinyl Leather Manufacturers Le cuir v\u00e9g\u00e9tal recycl\u00e9 auto-cicatrisant ouvre une nouvelle \u00e8re dans le domaine des v\u00eatements d'ext\u00e9rieur adaptatifs, con\u00e7us pour les vestes de voyage unisexes qui s'\u00e9panouissent dans des environnements impr\u00e9visibles.<\/h3>\n<p>WINIW <strong>Tissu en cuir imperm\u00e9able Odmhsas<\/strong> Company Factory Wholesale Vinyl Leather Manufacturers Le cuir v\u00e9g\u00e9tal recycl\u00e9 auto-cicatrisant ouvre une nouvelle \u00e8re dans le domaine des v\u00eatements d'ext\u00e9rieur adaptatifs, con\u00e7us pour les vestes de voyage unisexes qui s'\u00e9panouissent dans des environnements impr\u00e9visibles.<\/p>\n<div class=\"clear\"><\/div>\n<\/div>\n<div class=\"feature-item\">\n<img decoding=\"async\" alt=\"Fabriqu\u00e9 \u00e0 partir de d\u00e9chets de polyur\u00e9thane post-industriels, ce mat\u00e9riau innovant allie durabilit\u00e9 et fonctionnalit\u00e9 de pointe.\" class=\"feature-image left\" src=\"\/wp-content\/uploads\/2025\/08\/self-healing-recycled-vegan-leather-for-unisex-travel-jackets-33023.jpg\"\/><\/p>\n<h3>Fabriqu\u00e9 \u00e0 partir de d\u00e9chets de polyur\u00e9thane post-industriels, ce mat\u00e9riau innovant allie durabilit\u00e9 et fonctionnalit\u00e9 de pointe.<\/h3>\n<p>Fabriqu\u00e9 \u00e0 partir de d\u00e9chets de polyur\u00e9thane post-industriels, ce mat\u00e9riau innovant allie durabilit\u00e9 et fonctionnalit\u00e9 de pointe. Sa surface auto-r\u00e9paratrice minimise les \u00e9raflures et les abrasions mineures, et lisse automatiquement les imperfections lorsqu'elle est expos\u00e9e \u00e0 une chaleur douce. Id\u00e9al pour les globe-trotters qui naviguent dans des a\u00e9roports bond\u00e9s, sur des sentiers accident\u00e9s ou dans des trajets urbains.<\/p>\n<div class=\"clear\"><\/div>\n<\/div>\n<div class=\"feature-item\">\n<img decoding=\"async\" alt=\"La conception adaptative en faux cuir imperm\u00e9able et personnalisable garantit la respirabilit\u00e9 dans les climats humides et l&#039;isolation pendant les soir\u00e9es fra\u00eeches, tout en conservant un profil l\u00e9ger pour un rangement sans probl\u00e8me.\" class=\"feature-image left\" src=\"\/wp-content\/uploads\/2025\/08\/self-healing-recycled-vegan-leather-for-unisex-travel-jackets-33024.jpg\"\/><\/p>\n<h3>Le <strong>Faux cuir imperm\u00e9able Personnaliser<\/strong> La conception \u00e9co-adaptative assure la respirabilit\u00e9 dans les climats humides et l'isolation pendant les soir\u00e9es fra\u00eeches, tout en conservant un profil l\u00e9ger comme une plume pour un emballage sans probl\u00e8me.<\/h3>\n<p>Le <strong>Faux cuir imperm\u00e9able Personnaliser<\/strong> La conception \u00e9co-adaptative garantit la respirabilit\u00e9 dans les climats humides et l'isolation pendant les soir\u00e9es fra\u00eeches, tout en conservant un profil l\u00e9ger comme une plume pour un rangement sans souci.<\/p>\n<div class=\"clear\"><\/div>\n<\/div>\n<div class=\"feature-item\">\n<img decoding=\"async\" alt=\"Exempt de d\u00e9riv\u00e9s animaux et de produits chimiques agressifs, il red\u00e9finit la durabilit\u00e9 pour les voyageurs conscients \u00e0 la recherche d&#039;un \u00e9quipement polyvalent et respectueux de la plan\u00e8te.\" class=\"feature-image left\" src=\"\/wp-content\/uploads\/2025\/08\/self-healing-recycled-vegan-leather-for-unisex-travel-jackets-33025.jpg\"\/><\/p>\n<h3>Exempt de d\u00e9riv\u00e9s animaux et de produits chimiques agressifs, il red\u00e9finit la durabilit\u00e9 pour les voyageurs conscients \u00e0 la recherche d'un \u00e9quipement polyvalent et respectueux de la plan\u00e8te.<\/h3>\n<p>Exempt de d\u00e9riv\u00e9s animaux et de produits chimiques agressifs, il red\u00e9finit la durabilit\u00e9 pour les voyageurs conscients \u00e0 la recherche d'un \u00e9quipement polyvalent et respectueux de la plan\u00e8te. Mati\u00e8re Microfibre Cuir PU Marque WINIW Company Factory Wholesale Vinyl Leather ManufacturersLargeur 54\u2033 ;<\/p>\n<div class=\"clear\"><\/div>\n<\/div>\n<div class=\"feature-item\">\n<img decoding=\"async\" alt=\"1\" class=\"feature-image left\" src=\"\/wp-content\/uploads\/2025\/08\/self-healing-recycled-vegan-leather-for-unisex-travel-jackets-33026.jpg\"\/><\/p>\n<h3>1<\/h3>\n<p>1.37m <strong>Mat\u00e9riau en cuir imperm\u00e9able Service<\/strong> Couleur Rouge, Noir, Marron, Vert, sur demande Caract\u00e9ristique R\u00e9sistant \u00e0 l'usure, Imperm\u00e9able, Anti-mildiou, Flexible Epaisseur 0.6mm-2.4mm, sur demande Lieu d'origine Chine Personnalis\u00e9 Oui D\u00e9lai de livraison Habituellement dans les 15 - 25 jours.<\/p>\n<div class=\"clear\"><\/div>\n<\/div>\n<div class=\"feature-item\">\n<h3>MOQ 300 m\u00e8tres D\u00e9tails de l'emballage 30\/50 m\u00e8tres par rouleau<\/h3>\n<p>MOQ 300 m\u00e8tres D\u00e9tails de l'emballage 30\/50 m\u00e8tres par rouleau. Capacit\u00e9 de production 1 000 000 m\u00e8tres par mois Caract\u00e9ristiques du mat\u00e9riau La capacit\u00e9 d'auto-gu\u00e9rison de ce cuir v\u00e9g\u00e9talien provient d'une structure mol\u00e9culaire exclusive qui recolle les \u00e9raflures superficielles avec une l\u00e9g\u00e8re friction ou la chaleur du corps.<\/p>\n<div class=\"clear\"><\/div>\n<\/div>\n<div class=\"feature-item\">\n<h3>Le mat\u00e9riau de base recycl\u00e9 r\u00e9duit l'empreinte carbone sans compromettre la r\u00e9sistance \u00e0 la traction. Il r\u00e9siste aux d\u00e9chirures, m\u00eame sous de lourdes sangles de sac \u00e0 dos.<\/h3>\n<p>Le mat\u00e9riau de base recycl\u00e9 r\u00e9duit l'empreinte carbone sans compromettre la r\u00e9sistance \u00e0 la traction, r\u00e9sistant aux d\u00e9chirures m\u00eame sous de lourdes sangles de sac \u00e0 dos. Un rev\u00eatement nanom\u00e9trique repousse l'eau, l'huile et la salet\u00e9, tandis que la membrane respirante ajuste la taille des pores en fonction de la temp\u00e9rature, \u00e9quilibrant ainsi la circulation de l'air et la r\u00e9sistance aux intemp\u00e9ries.<\/p>\n<div class=\"clear\"><\/div>\n<\/div>\n<div class=\"feature-item\">\n<img decoding=\"async\" alt=\"Haute r\u00e9sistance \u00e0 la d\u00e9chirure - Ultrasuede Microfibre Faux cuir pour gants de cyclisme\" class=\"feature-image left\" src=\"\/wp-content\/uploads\/2025\/08\/07mm-ultrasuede-microfiber-faux-leather-for-cycling-gloves--37882.jpg\"\/><\/p>\n<h3>R\u00e9sistance \u00e9lev\u00e9e \u00e0 la d\u00e9chirure<\/h3>\n<p>Notre cuir microfibre Ultrasuede pr\u00e9sente une r\u00e9sistance exceptionnelle \u00e0 la d\u00e9chirure, ce qui garantit qu'il ne se cassera pas et ne se d\u00e9formera pas facilement sous l'effet du stress. Il est donc id\u00e9al pour les produits n\u00e9cessitant une durabilit\u00e9 et des performances \u00e0 long terme.<\/p>\n<div class=\"clear\"><\/div>\n<\/div>\n<div class=\"feature-item\">\n<img decoding=\"async\" alt=\"R\u00e9tention de la forme - Ultrasuede Microfibre Faux cuir pour gants de cyclisme\" class=\"feature-image right\" src=\"\/wp-content\/uploads\/2025\/08\/07mm-ultrasuede-microfiber-faux-leather-for-cycling-gloves--37883.jpg\"\/><\/p>\n<h3>Pas facile \u00e0 d\u00e9former<\/h3>\n<p>Sp\u00e9cialement trait\u00e9 pour conserver sa forme originale, ce mat\u00e9riau offre une excellente \u00e9lasticit\u00e9 et une grande stabilit\u00e9. Il r\u00e9siste aux d\u00e9formations dues \u00e0 la pression ext\u00e9rieure ou \u00e0 l'\u00e9tirement, ce qui permet aux produits de rester intacts et attrayants au fil du temps.<\/p>\n<div class=\"clear\"><\/div>\n<\/div>\n<div class=\"feature-item\">\n<img decoding=\"async\" alt=\"Durabilit\u00e9 - Ultrasuede Microfibre Faux cuir pour gants de cyclisme\" class=\"feature-image left\" src=\"\/wp-content\/uploads\/2025\/08\/07mm-ultrasuede-microfiber-faux-leather-for-cycling-gloves--37884.jpg\"\/><\/p>\n<h3>Durabilit\u00e9<\/h3>\n<p>Extr\u00eamement r\u00e9sistant \u00e0 l'abrasion, aux d\u00e9chirures et aux perforations, ce mat\u00e9riau permet aux gants de rester en parfait \u00e9tat, m\u00eame en cas d'utilisation prolong\u00e9e. Il conserve \u00e9galement une excellente dext\u00e9rit\u00e9 et une grande solidit\u00e9 pour les articles en cuir de haute qualit\u00e9.<\/p>\n<div class=\"clear\"><\/div>\n<\/div>\n<\/section>\n<p><\/main><\/p>\n<section id=\"inquiry\">\n<h2 style=\"text-align: center;\">Dans l'attente de votre demande, nous vous prions d'agr\u00e9er, Madame, Monsieur, l'expression de nos salutations distingu\u00e9es.<\/h2>\n<p style=\"text-align: center;\">Contactez-nous d\u00e8s aujourd'hui pour en savoir plus sur nos produits et passer votre commande.<\/p>\n<\/section>\n\n    <div class=\"xs_social_share_widget xs_share_url after_content \t\tmain_content  wslu-style-1 wslu-share-box-shaped wslu-fill-colored wslu-none wslu-share-horizontal wslu-theme-font-no wslu-main_content\">\n\n\t\t\n        <ul>\n\t\t\t        <\/ul>\n    <\/div>","protected":false},"excerpt":{"rendered":"<div class=\"product-short-description\">Garments Leather Self-Healing Recycled Vegan Leather for Unisex Travel Jackets WINIW Self-Healing Recycled Vegan Leather for Unisex Travel Jackets Key features include Microfiber PU Leather, WINIW, Width.ideal for those seeking quality and reliability.<\/p>\n<p>En tant qu'usine directe, fabricant et grossiste, nous pouvons contr\u00f4ler strictement le processus de production afin de garantir la qualit\u00e9 des produits tout en vous offrant les prix les plus favorables. Nous disposons d'\u00e9quipements de production avanc\u00e9s et d'une \u00e9quipe technique professionnelle pour r\u00e9pondre \u00e0 vos besoins en mati\u00e8re de commandes \u00e0 grande \u00e9chelle et garantir une livraison dans les d\u00e9lais.<\/p>\n<\/div>","protected":false},"featured_media":3015,"template":"","meta":[],"product_brand":[],"product_cat":[180],"product_tag":[19111],"class_list":{"0":"post-29314","1":"product","2":"type-product","3":"status-publish","4":"has-post-thumbnail","6":"product_cat-garments-leather","7":"product_tag-vegan-leather-trouservegan-leather-watchhermes-vegan-leathervegan-leather-shop100-vegan-leathermirum-vegan-leather","9":"first","10":"instock","11":"product-type-simple"},"_links":{"self":[{"href":"https:\/\/www.eco-leather.com\/fr\/wp-json\/wp\/v2\/product\/29314","targetHints":{"allow":["GET"]}}],"collection":[{"href":"https:\/\/www.eco-leather.com\/fr\/wp-json\/wp\/v2\/product"}],"about":[{"href":"https:\/\/www.eco-leather.com\/fr\/wp-json\/wp\/v2\/types\/product"}],"wp:featuredmedia":[{"embeddable":true,"href":"https:\/\/www.eco-leather.com\/fr\/wp-json\/wp\/v2\/media\/3015"}],"wp:attachment":[{"href":"https:\/\/www.eco-leather.com\/fr\/wp-json\/wp\/v2\/media?parent=29314"}],"wp:term":[{"taxonomy":"product_brand","embeddable":true,"href":"https:\/\/www.eco-leather.com\/fr\/wp-json\/wp\/v2\/product_brand?post=29314"},{"taxonomy":"product_cat","embeddable":true,"href":"https:\/\/www.eco-leather.com\/fr\/wp-json\/wp\/v2\/product_cat?post=29314"},{"taxonomy":"product_tag","embeddable":true,"href":"https:\/\/www.eco-leather.com\/fr\/wp-json\/wp\/v2\/product_tag?post=29314"}],"curies":[{"name":"wp","href":"https:\/\/api.w.org\/{rel}","templated":true}]}}