{"id":29303,"date":"2025-09-07T11:02:18","date_gmt":"2025-09-07T03:02:18","guid":{"rendered":"https:\/\/www.eco-leather.com\/product\/thermoregulating-vegan-pu-leather-for-adaptive-outerwear\/"},"modified":"2025-09-07T11:02:21","modified_gmt":"2025-09-07T03:02:21","slug":"cuir-vegetalien-thermoregulateur-pour-vetements-dexterieur-adaptatifs","status":"publish","type":"product","link":"https:\/\/www.eco-leather.com\/fr\/cuir-vegetalien-thermoregulateur-pour-vetements-dexterieur-adaptatifs\/","title":{"rendered":"Cuir PU v\u00e9g\u00e9talien thermor\u00e9gulateur pour v\u00eatements d'ext\u00e9rieur adapt\u00e9s"},"content":{"rendered":"<h2>Fournisseur de cuir synth\u00e9tique de premi\u00e8re qualit\u00e9<\/h2>\n<p><main><\/p>\n<section id=\"product-overview\">\n<h2>Description du produit<\/h2>\n<p>Mat\u00e9riau <strong>Faux cuir Spandex<\/strong> Introduction<\/p>\n<p>Artisanat <strong>Sacs en cuir d'occasion<\/strong> Gr\u00e2ce \u00e0 la technologie \u00e9cologique du polyur\u00e9thane et des microfibres, il est l\u00e9ger, sans cruaut\u00e9 et sans produits chimiques nocifs, ce qui le rend conforme aux normes mondiales de d\u00e9veloppement durable.<\/p>\n<p>Que ce soit pour les navetteurs urbains ou les amateurs d'activit\u00e9s de plein air, cette alternative en cuir red\u00e9finit la fonctionnalit\u00e9, offrant un m\u00e9lange homog\u00e8ne de style, d'\u00e9thique et de performances adapt\u00e9es au climat pour les v\u00eatements modernes. Notre <strong>Bo\u00eetes en simili cuir Chine<\/strong> offrent des options personnalisables en termes d'\u00e9paisseur, de couleur, etc.<\/p>\n<p>Nous vous invitons \u00e0 cliquer sur le lien ci-dessous et \u00e0 nous contacter imm\u00e9diatement pour explorer les possibilit\u00e9s infinies. contactez-nous  <\/p>\n<p>Fabriqu\u00e9 \u00e0 partir de mat\u00e9riaux en microfibre de haute qualit\u00e9, notre similicuir en microfibre Ultrasuede de 0,7 mm est le choix id\u00e9al pour les gants de cyclisme. Il allie souplesse et r\u00e9sistance, et offre des propri\u00e9t\u00e9s exceptionnelles de respirabilit\u00e9 et d'\u00e9vacuation de l'humidit\u00e9 pour garder les mains au frais et au sec pendant les sorties intenses.<\/p>\n<p>Que vous soyez un cycliste professionnel ou amateur, le cuir microfibre est un mat\u00e9riau qui offre un confort et une protection imbattables. Sa grande r\u00e9sistance \u00e0 l'abrasion et aux d\u00e9chirures garantit des performances durables, tandis que son design \u00e9l\u00e9gant ajoute une touche sophistiqu\u00e9e \u00e0 tout ensemble de cyclisme.<\/p>\n<\/section>\n<section id=\"specifications\">\n<h2>Param\u00e8tres techniques<\/h2>\n<p>Sp\u00e9cification des mat\u00e9riaux<\/p>\n<p><img decoding=\"async\" alt=\"0.7mm Ultrasuede Microfiber Faux cuir pour gants de cyclisme - Sp\u00e9cification des mat\u00e9riaux\" class=\"product-image\" src=\"\/wp-content\/uploads\/2025\/08\/07mm-ultrasuede-microfiber-faux-leather-for-cycling-gloves--37881.jpg\"\/><\/p>\n<h3>Param\u00e8tres du produit<\/h3>\n<ul class=\"parameters-list\">\n<li><span class=\"param-name\">Mat\u00e9riau :<\/span> Microfibre + PU<\/li>\n<li><span class=\"param-name\">Couleur :<\/span> Noir, Gris, Beige (couleurs personnalis\u00e9es disponibles)<\/li>\n<li><span class=\"param-name\">\u00c9paisseur :<\/span> 0,6 mm, 0,7 mm, 0,8 mm, 1 mm<\/li>\n<li><span class=\"param-name\">Quantit\u00e9 minimale de commande :<\/span> 300 m\u00e8tres lin\u00e9aires<\/li>\n<li><span class=\"param-name\">Longueur du rouleau :<\/span> 20-30m\/rouleau<\/li>\n<li><span class=\"param-name\">D\u00e9lai de livraison :<\/span> 15-20 jours<\/li>\n<li><span class=\"param-name\">Largeur :<\/span> 54\u2033, 137cm<\/li>\n<li><span class=\"param-name\">Capacit\u00e9 de production :<\/span> 1 000 000 m\u00e8tres par mois<\/li>\n<\/ul>\n<\/section>\n<section id=\"features\">\n<h2>Caract\u00e9ristiques du produit<\/h2>\n<div class=\"feature-item\">\n<img decoding=\"async\" alt=\"WINIWSuede Leather Waterproof ImportCompany Factory Wholesale Leather FabricurersThermoregulating Vegan PU Leather introduit une innovation r\u00e9volutionnaire pour les v\u00eatements d&#039;ext\u00e9rieur con\u00e7us pour s&#039;adapter aux changements climatiques.\" class=\"feature-image left\" src=\"\/wp-content\/uploads\/2025\/08\/thermoregulating-vegan-pu-leather-for-adaptive-outerwear-32857.jpg\"\/><\/p>\n<h3>WINIW <strong>Daim Cuir Imperm\u00e9able Import<\/strong> Company Factory Wholesale Leather FabricurersThermoregulating Vegan PU Leather pr\u00e9sente une innovation r\u00e9volutionnaire pour les v\u00eatements d'ext\u00e9rieur con\u00e7us pour s'adapter aux changements climatiques.<\/h3>\n<p>WINIW <strong>Daim Cuir Imperm\u00e9able Import<\/strong> Company Factory Wholesale Leather FabricurersThermoregulating Vegan PU Leather pr\u00e9sente une innovation r\u00e9volutionnaire pour les v\u00eatements d'ext\u00e9rieur con\u00e7us pour s'adapter aux changements climatiques.<\/p>\n<div class=\"clear\"><\/div>\n<\/div>\n<div class=\"feature-item\">\n<img decoding=\"async\" alt=\"Contrairement au similicuir traditionnel, ce mat\u00e9riau avanc\u00e9 pr\u00e9sente des propri\u00e9t\u00e9s int\u00e9gr\u00e9es de r\u00e9gulation de la temp\u00e9rature, garantissant un confort optimal dans les environnements chauds et froids.\" class=\"feature-image left\" src=\"\/wp-content\/uploads\/2025\/08\/thermoregulating-vegan-pu-leather-for-adaptive-outerwear-32858.jpg\"\/><\/p>\n<h3>Contrairement au similicuir traditionnel, ce mat\u00e9riau avanc\u00e9 pr\u00e9sente des propri\u00e9t\u00e9s int\u00e9gr\u00e9es de r\u00e9gulation de la temp\u00e9rature, garantissant un confort optimal dans les environnements chauds et froids.<\/h3>\n<p>Contrairement au similicuir traditionnel, ce mat\u00e9riau avanc\u00e9 pr\u00e9sente des propri\u00e9t\u00e9s int\u00e9gr\u00e9es de r\u00e9gulation de la temp\u00e9rature, garantissant un confort optimal dans les environnements chauds et froids. Id\u00e9al <strong>Spray imperm\u00e9able pour daim et cuir<\/strong> pour les vestes, les manteaux et les gilets, il \u00e9quilibre activement la chaleur du corps tout en conservant l'aspect luxueux d'une surface enti\u00e8rement en cuir.<\/p>\n<div class=\"clear\"><\/div>\n<\/div>\n<div class=\"feature-item\">\n<img decoding=\"async\" alt=\"Mati\u00e8re Microfibre Cuir PU Marque WINIW Company Usine Fabricants de tissus en cuir en grosLargeur 54\" class=\"feature-image left\" src=\"\/wp-content\/uploads\/2025\/08\/thermoregulating-vegan-pu-leather-for-adaptive-outerwear-32859.jpg\"\/><\/p>\n<h3>Mati\u00e8re Microfibre Cuir PU Marque WINIW Company Usine Fabricant de Tissus en Cuir en GrosLargeur 54\u2033 ; 1<\/h3>\n<p>Mati\u00e8re Microfibre Cuir PU Marque WINIW Company Factory Fabricant de tissus en cuir en grosLargeur 54\u2033 ; 1.37m <strong>Mat\u00e9riau en cuir imperm\u00e9able Service<\/strong> Couleur Rouge, Noir, Marron, Vert, sur demande Caract\u00e9ristique R\u00e9sistant \u00e0 l'usure, Imperm\u00e9able, Anti-mildiou, Flexible Epaisseur 0.6mm-2.4mm, sur demande Lieu d'origine Chine Personnalis\u00e9 Oui D\u00e9lai de livraison Habituellement dans les 15 - 25 jours.<\/p>\n<div class=\"clear\"><\/div>\n<\/div>\n<div class=\"feature-item\">\n<img decoding=\"async\" alt=\"MOQ 300 m\u00e8tres D\u00e9tails de l&#039;emballage 30\/50 m\u00e8tres par rouleau\" class=\"feature-image left\" src=\"\/wp-content\/uploads\/2025\/08\/thermoregulating-vegan-pu-leather-for-adaptive-outerwear-32860.jpg\"\/><\/p>\n<h3>MOQ 300 m\u00e8tres D\u00e9tails de l'emballage 30\/50 m\u00e8tres par rouleau<\/h3>\n<p>MOQ 300 m\u00e8tres D\u00e9tails de l'emballage 30\/50 m\u00e8tres par rouleau. Ou sur mesure Capacit\u00e9 de production 1 000 000 de m\u00e8tres par mois Caract\u00e9ristiques du mat\u00e9riau<\/p>\n<div class=\"clear\"><\/div>\n<\/div>\n<div class=\"feature-item\">\n<img decoding=\"async\" alt=\"Haute r\u00e9sistance \u00e0 la d\u00e9chirure - Ultrasuede Microfibre Faux cuir pour gants de cyclisme\" class=\"feature-image left\" src=\"\/wp-content\/uploads\/2025\/08\/07mm-ultrasuede-microfiber-faux-leather-for-cycling-gloves--37882.jpg\"\/><\/p>\n<h3>R\u00e9sistance \u00e9lev\u00e9e \u00e0 la d\u00e9chirure<\/h3>\n<p>Notre cuir microfibre Ultrasuede pr\u00e9sente une r\u00e9sistance exceptionnelle \u00e0 la d\u00e9chirure, ce qui garantit qu'il ne se cassera pas et ne se d\u00e9formera pas facilement sous l'effet du stress. Il est donc id\u00e9al pour les produits n\u00e9cessitant une durabilit\u00e9 et des performances \u00e0 long terme.<\/p>\n<div class=\"clear\"><\/div>\n<\/div>\n<div class=\"feature-item\">\n<img decoding=\"async\" alt=\"R\u00e9tention de la forme - Ultrasuede Microfibre Faux cuir pour gants de cyclisme\" class=\"feature-image right\" src=\"\/wp-content\/uploads\/2025\/08\/07mm-ultrasuede-microfiber-faux-leather-for-cycling-gloves--37883.jpg\"\/><\/p>\n<h3>Pas facile \u00e0 d\u00e9former<\/h3>\n<p>Sp\u00e9cialement trait\u00e9 pour conserver sa forme originale, ce mat\u00e9riau offre une excellente \u00e9lasticit\u00e9 et une grande stabilit\u00e9. Il r\u00e9siste aux d\u00e9formations dues \u00e0 la pression ext\u00e9rieure ou \u00e0 l'\u00e9tirement, ce qui permet aux produits de rester intacts et attrayants au fil du temps.<\/p>\n<div class=\"clear\"><\/div>\n<\/div>\n<div class=\"feature-item\">\n<img decoding=\"async\" alt=\"Durabilit\u00e9 - Ultrasuede Microfibre Faux cuir pour gants de cyclisme\" class=\"feature-image left\" src=\"\/wp-content\/uploads\/2025\/08\/07mm-ultrasuede-microfiber-faux-leather-for-cycling-gloves--37884.jpg\"\/><\/p>\n<h3>Durabilit\u00e9<\/h3>\n<p>Extr\u00eamement r\u00e9sistant \u00e0 l'abrasion, aux d\u00e9chirures et aux perforations, ce mat\u00e9riau permet aux gants de rester en parfait \u00e9tat, m\u00eame en cas d'utilisation prolong\u00e9e. Il conserve \u00e9galement une excellente dext\u00e9rit\u00e9 et une grande solidit\u00e9 pour les articles en cuir de haute qualit\u00e9.<\/p>\n<div class=\"clear\"><\/div>\n<\/div>\n<\/section>\n<p><\/main><\/p>\n<section id=\"inquiry\">\n<h2 style=\"text-align: center;\">Dans l'attente de votre demande, nous vous prions d'agr\u00e9er, Madame, Monsieur, l'expression de nos salutations distingu\u00e9es.<\/h2>\n<p style=\"text-align: center;\">Contactez-nous d\u00e8s aujourd'hui pour en savoir plus sur nos produits et passer votre commande.<\/p>\n<\/section>\n\n    <div class=\"xs_social_share_widget xs_share_url after_content \t\tmain_content  wslu-style-1 wslu-share-box-shaped wslu-fill-colored wslu-none wslu-share-horizontal wslu-theme-font-no wslu-main_content\">\n\n\t\t\n        <ul>\n\t\t\t        <\/ul>\n    <\/div>","protected":false},"excerpt":{"rendered":"<div class=\"product-short-description\">V\u00eatements Cuir PU thermor\u00e9gulateur pour v\u00eatements d'ext\u00e9rieur adapt\u00e9s WINIW Cuir PU v\u00e9g\u00e9tal thermor\u00e9gulateur pour v\u00eatements d'ext\u00e9rieur adapt\u00e9s Les caract\u00e9ristiques principales incluent le cuir PU microfibre, WINIW, largeur.id\u00e9al pour ceux qui recherchent la qualit\u00e9 et la fiabilit\u00e9.<\/p>\n<p>En tant qu'usine directe, fabricant et grossiste, nous pouvons contr\u00f4ler strictement le processus de production afin de garantir la qualit\u00e9 des produits tout en vous offrant les prix les plus favorables. Nous disposons d'\u00e9quipements de production avanc\u00e9s et d'une \u00e9quipe technique professionnelle pour r\u00e9pondre \u00e0 vos besoins en mati\u00e8re de commandes \u00e0 grande \u00e9chelle et garantir une livraison dans les d\u00e9lais.<\/p>\n<\/div>","protected":false},"featured_media":2993,"template":"","meta":[],"product_brand":[],"product_cat":[180],"product_tag":[19105],"class_list":{"0":"post-29303","1":"product","2":"type-product","3":"status-publish","4":"has-post-thumbnail","6":"product_cat-garments-leather","7":"product_tag-upper-pu-leatherwaterborne-pu-leatheranello-pu-leatherbahan-pu-leathercheap-pu-leatherclean-pu-leather","9":"first","10":"instock","11":"product-type-simple"},"_links":{"self":[{"href":"https:\/\/www.eco-leather.com\/fr\/wp-json\/wp\/v2\/product\/29303","targetHints":{"allow":["GET"]}}],"collection":[{"href":"https:\/\/www.eco-leather.com\/fr\/wp-json\/wp\/v2\/product"}],"about":[{"href":"https:\/\/www.eco-leather.com\/fr\/wp-json\/wp\/v2\/types\/product"}],"wp:featuredmedia":[{"embeddable":true,"href":"https:\/\/www.eco-leather.com\/fr\/wp-json\/wp\/v2\/media\/2993"}],"wp:attachment":[{"href":"https:\/\/www.eco-leather.com\/fr\/wp-json\/wp\/v2\/media?parent=29303"}],"wp:term":[{"taxonomy":"product_brand","embeddable":true,"href":"https:\/\/www.eco-leather.com\/fr\/wp-json\/wp\/v2\/product_brand?post=29303"},{"taxonomy":"product_cat","embeddable":true,"href":"https:\/\/www.eco-leather.com\/fr\/wp-json\/wp\/v2\/product_cat?post=29303"},{"taxonomy":"product_tag","embeddable":true,"href":"https:\/\/www.eco-leather.com\/fr\/wp-json\/wp\/v2\/product_tag?post=29303"}],"curies":[{"name":"wp","href":"https:\/\/api.w.org\/{rel}","templated":true}]}}